{"id":58606,"date":"2025-06-02T13:28:05","date_gmt":"2025-06-02T11:28:05","guid":{"rendered":"https:\/\/www.cruillabarcelona.cat\/performance-cultura-popular\/"},"modified":"2025-07-23T12:45:51","modified_gmt":"2025-07-23T10:45:51","slug":"performance-cultura-popular","status":"publish","type":"page","link":"https:\/\/www.cruillabarcelona.cat\/es\/performance-cultura-popular\/","title":{"rendered":"Performance y cultura popular"},"content":{"rendered":"<h3>Teatro de m\u00e1quinas de Antigua i Barbuda<\/h3>\n<p class=\"monday-block-1\" contenteditable=\"false\" data-monday-block-type=\"1\" data-monday-block-content=\"[{&quot;insert&quot;:&quot;Una bailarina, un caballo o un gorila\u2026 Estas son algunas de las creaciones de Antigua y Barbuda que han pasado por el Festival Cru\u00eflla en los \u00faltimos a\u00f1os. Estructuras nacidas del ingenio y la fantas\u00eda de Jord\u00e0 Ferr\u00e9, que aprovechan objetos considerados basura y los reinventan de manera sorprendente, buscando dar vida tanto al objeto como a la m\u00e1quina que representa. Para celebrar los 15 a\u00f1os, recuperamos dos de sus piezas m\u00e1s ic\u00f3nicas y recordadas por nuestro p\u00fablico:&quot;}]\" data-inline-monday=\"true\">Una bailarina, un caballo o un gorila\u2026 Estas son algunas de las creaciones de <a href=\"https:\/\/antiguaibarbuda.wixsite.com\/antiguaibarbuda?lang=es\" target=\"_blank\" rel=\"noopener\">Antigua i Barbuda<\/a> que han pasado por el Festival Cru\u00eflla en los \u00faltimos a\u00f1os. Estructuras nacidas del ingenio y la fantas\u00eda de Jord\u00e0 Ferr\u00e9, que aprovechan objetos considerados basura y los reinventan de manera sorprendente, buscando dar vida tanto al objeto como a la m\u00e1quina que representa. Para celebrar los 15 a\u00f1os, recuper\u00e1mos dos de sus piezas m\u00e1s ic\u00f3nicas y recordadas por nuestro p\u00fablico:<\/p>\n<p><strong>EL CAVALL DE FERRO (<\/strong><strong>EL CABALLO DE HIERRO)<\/strong><\/p>\n<p><em>\u201cLas calles llenas de gente, los gritos de los ni\u00f1os se mezclan con las voces de los adultos y el tr\u00e1fico denso que avanza. El viento sopla en los parques. Estamos rodeados de materia. El hierro de las construcciones y el cemento de los adoquines parecen respirar.\u201d<\/em><\/p>\n<p>Es en este escenario donde Antigua i Barbuda lo reinventa todo y lo hace real, presentando su desfile so\u00f1ado con la imagen m\u00e1gica de un caballo gigante de hierro encadenado, que golpea la retina del espectador.<\/p>\n<p><img loading=\"lazy\" decoding=\"async\" class=\"aligncenter wp-image-58535 size-large\" src=\"https:\/\/www.cruillabarcelona.cat\/wp-content\/uploads\/2025\/06\/BIKUS-CRUILLA19-IMG_1312-1-1-1024x1535.jpg\" alt=\"\" width=\"683\" height=\"1024\" srcset=\"https:\/\/www.cruillabarcelona.cat\/wp-content\/uploads\/2025\/06\/BIKUS-CRUILLA19-IMG_1312-1-1-1024x1536.jpg 1024w, https:\/\/www.cruillabarcelona.cat\/wp-content\/uploads\/2025\/06\/BIKUS-CRUILLA19-IMG_1312-1-1-768x1152.jpg 768w, https:\/\/www.cruillabarcelona.cat\/wp-content\/uploads\/2025\/06\/BIKUS-CRUILLA19-IMG_1312-1-1-1366x2048.jpg 1366w, https:\/\/www.cruillabarcelona.cat\/wp-content\/uploads\/2025\/06\/BIKUS-CRUILLA19-IMG_1312-1-1-300x450.jpg 300w, https:\/\/www.cruillabarcelona.cat\/wp-content\/uploads\/2025\/06\/BIKUS-CRUILLA19-IMG_1312-1-1-1500x2249.jpg 1500w, https:\/\/www.cruillabarcelona.cat\/wp-content\/uploads\/2025\/06\/BIKUS-CRUILLA19-IMG_1312-1-1.jpg 1642w\" sizes=\"auto, (max-width: 683px) 100vw, 683px\" \/><\/p>\n<p><strong>EL GRAN GORIL\u00b7LA (<\/strong><strong>EL GRAN GORILA)<\/strong><\/p>\n<p class=\"monday-block-1\" contenteditable=\"false\" data-monday-block-type=\"1\" data-monday-block-content=\"[{&quot;insert&quot;:&quot;Su gran t\u00edtere: King Kong (el gorila universal) o, en casa, Copito de Nieve (el \u00fanico gorila albino). Estos son los referentes que disparan la imaginaci\u00f3n. La contradicci\u00f3n entre la peque\u00f1ez inherente al t\u00edtere, por el propio material del que est\u00e1 hecho, y la monumentalidad del monstruo se resuelve en esta figura: un t\u00edtere colosal que genera tanto temor como admiraci\u00f3n y cari\u00f1o.&quot;}]\" data-inline-monday=\"true\">Su gran t\u00edtere: King Kong (el gorila universal) o, en casa, Copito de Nieve (el \u00fanico gorila albino). Estos son los referentes que disparan la imaginaci\u00f3n. La contradicci\u00f3n entre la peque\u00f1ez inherente al t\u00edtere, por el propio material del que est\u00e1 hecho, y la monumentalidad del monstruo se resuelve en esta figura: un t\u00edtere colosal que genera tanto temor como admiraci\u00f3n y cari\u00f1o.<\/p>\n<p><img loading=\"lazy\" decoding=\"async\" class=\"aligncenter wp-image-58540 size-large\" src=\"https:\/\/www.cruillabarcelona.cat\/wp-content\/uploads\/2025\/06\/AMBIENT_230707_Foto\u00a9VictorParreno__DSC3145-1-1024x1293.jpg\" alt=\"\" width=\"811\" height=\"1024\" srcset=\"https:\/\/www.cruillabarcelona.cat\/wp-content\/uploads\/2025\/06\/AMBIENT_230707_Foto\u00a9VictorParreno__DSC3145-1-1024x1293.jpg 1024w, https:\/\/www.cruillabarcelona.cat\/wp-content\/uploads\/2025\/06\/AMBIENT_230707_Foto\u00a9VictorParreno__DSC3145-1-768x970.jpg 768w, https:\/\/www.cruillabarcelona.cat\/wp-content\/uploads\/2025\/06\/AMBIENT_230707_Foto\u00a9VictorParreno__DSC3145-1-300x379.jpg 300w, https:\/\/www.cruillabarcelona.cat\/wp-content\/uploads\/2025\/06\/AMBIENT_230707_Foto\u00a9VictorParreno__DSC3145-1.jpg 1071w\" sizes=\"auto, (max-width: 811px) 100vw, 811px\" \/><\/p>\n<h3>Castellers<\/h3>\n<p data-start=\"48\" data-end=\"445\">Despu\u00e9s de un tiempo sin levantar castells en el Parc del F\u00f2rum, recuperamos una de las tradiciones m\u00e1s queridas del Cru\u00eflla: \u00a1las colles castelleres volvieron al festival! Durante los cuatro d\u00edas, se pudo disfrutar de la emoci\u00f3n y la fuerza colectiva de los castells, s\u00edmbolo vivo de nuestra cultura y reflejo perfecto del esp\u00edritu del Cru\u00eflla: comunidad, equilibrio y emoci\u00f3n compartida.<\/p>\n<p data-start=\"447\" data-end=\"798\" data-is-last-node=\"\" data-is-only-node=\"\">Ese 2025 tambi\u00e9n se cumplieron 15 a\u00f1os desde que los castellers fueron reconocidos como Patrimonio Inmaterial de la Humanidad por la UNESCO, y nos emocion\u00f3 compartir ese hito con ellos, puesto que nosotros tambi\u00e9n celebramos 15 a\u00f1os de festival. Por eso, ese a\u00f1o tuvimos castellers cada d\u00eda, como homenaje a una tradici\u00f3n que nos represent\u00f3 e inspir\u00f3.<\/p>\n<p>Contamos con los Esquerdats, la Colla Castellera de l\u2019Esquerra de l\u2019Eixample, los Descargolats y la Colla Jove de Barcelona, que tambi\u00e9n celebraban su 15\u00ba aniversario.<\/p>\n<p><img loading=\"lazy\" decoding=\"async\" width=\"1697\" height=\"1136\" class=\"size-full wp-image-59631 aligncenter\" src=\"https:\/\/www.cruillabarcelona.cat\/wp-content\/uploads\/2025\/06\/unnamed.jpg\" alt=\"\" srcset=\"https:\/\/www.cruillabarcelona.cat\/wp-content\/uploads\/2025\/06\/unnamed.jpg 1697w, https:\/\/www.cruillabarcelona.cat\/wp-content\/uploads\/2025\/06\/unnamed-1024x685.jpg 1024w, https:\/\/www.cruillabarcelona.cat\/wp-content\/uploads\/2025\/06\/unnamed-768x514.jpg 768w, https:\/\/www.cruillabarcelona.cat\/wp-content\/uploads\/2025\/06\/unnamed-1536x1028.jpg 1536w, https:\/\/www.cruillabarcelona.cat\/wp-content\/uploads\/2025\/06\/unnamed-300x201.jpg 300w, https:\/\/www.cruillabarcelona.cat\/wp-content\/uploads\/2025\/06\/unnamed-1500x1004.jpg 1500w\" sizes=\"auto, (max-width: 1697px) 100vw, 1697px\" \/><\/p>\n","protected":false},"excerpt":{"rendered":"<p>Teatro de m\u00e1quinas de Antigua i Barbuda Una bailarina, un caballo o un gorila\u2026 Estas son algunas de las creaciones de Antigua i Barbuda que han [&hellip;]<\/p>\n","protected":false},"author":2,"featured_media":58532,"parent":0,"menu_order":0,"comment_status":"closed","ping_status":"closed","template":"page-templates\/page-landing.php","meta":{"_acf_changed":false,"footnotes":""},"class_list":["post-58606","page","type-page","status-publish","has-post-thumbnail","hentry"],"acf":[],"yoast_head":"<!-- This site is optimized with the Yoast SEO plugin v27.3 - https:\/\/yoast.com\/product\/yoast-seo-wordpress\/ -->\n<title>Performance y cultura popular - Festival Cru\u00eflla<\/title>\n<meta name=\"robots\" content=\"index, follow, max-snippet:-1, max-image-preview:large, max-video-preview:-1\" \/>\n<link rel=\"canonical\" href=\"https:\/\/www.cruillabarcelona.cat\/es\/performance-cultura-popular\/\" \/>\n<meta property=\"og:locale\" content=\"es_ES\" \/>\n<meta property=\"og:type\" content=\"article\" \/>\n<meta property=\"og:title\" content=\"Performance y cultura popular - Festival Cru\u00eflla\" \/>\n<meta property=\"og:description\" content=\"Teatro de m\u00e1quinas de Antigua i Barbuda Una bailarina, un caballo o un gorila\u2026 Estas son algunas de las creaciones de Antigua i Barbuda que han [&hellip;]\" \/>\n<meta property=\"og:url\" content=\"https:\/\/www.cruillabarcelona.cat\/es\/performance-cultura-popular\/\" \/>\n<meta property=\"og:site_name\" content=\"Festival Cru\u00eflla\" \/>\n<meta property=\"article:modified_time\" content=\"2025-07-23T10:45:51+00:00\" \/>\n<meta property=\"og:image\" content=\"https:\/\/www.cruillabarcelona.cat\/wp-content\/uploads\/2025\/06\/IMG_3133-2-1.jpg\" \/>\n\t<meta property=\"og:image:width\" content=\"1701\" \/>\n\t<meta property=\"og:image:height\" content=\"1134\" \/>\n\t<meta property=\"og:image:type\" content=\"image\/jpeg\" \/>\n<meta name=\"twitter:card\" content=\"summary_large_image\" \/>\n<meta name=\"twitter:label1\" content=\"Tiempo de lectura\" \/>\n\t<meta name=\"twitter:data1\" content=\"3 minutos\" \/>\n<script type=\"application\/ld+json\" class=\"yoast-schema-graph\">{\"@context\":\"https:\\\/\\\/schema.org\",\"@graph\":[{\"@type\":\"WebPage\",\"@id\":\"https:\\\/\\\/www.cruillabarcelona.cat\\\/es\\\/performance-cultura-popular\\\/\",\"url\":\"https:\\\/\\\/www.cruillabarcelona.cat\\\/es\\\/performance-cultura-popular\\\/\",\"name\":\"Performance y cultura popular - Festival Cru\u00eflla\",\"isPartOf\":{\"@id\":\"https:\\\/\\\/www.cruillabarcelona.cat\\\/es\\\/#website\"},\"primaryImageOfPage\":{\"@id\":\"https:\\\/\\\/www.cruillabarcelona.cat\\\/es\\\/performance-cultura-popular\\\/#primaryimage\"},\"image\":{\"@id\":\"https:\\\/\\\/www.cruillabarcelona.cat\\\/es\\\/performance-cultura-popular\\\/#primaryimage\"},\"thumbnailUrl\":\"https:\\\/\\\/www.cruillabarcelona.cat\\\/wp-content\\\/uploads\\\/2025\\\/06\\\/IMG_3133-2-1.jpg\",\"datePublished\":\"2025-06-02T11:28:05+00:00\",\"dateModified\":\"2025-07-23T10:45:51+00:00\",\"breadcrumb\":{\"@id\":\"https:\\\/\\\/www.cruillabarcelona.cat\\\/es\\\/performance-cultura-popular\\\/#breadcrumb\"},\"inLanguage\":\"es\",\"potentialAction\":[{\"@type\":\"ReadAction\",\"target\":[\"https:\\\/\\\/www.cruillabarcelona.cat\\\/es\\\/performance-cultura-popular\\\/\"]}]},{\"@type\":\"ImageObject\",\"inLanguage\":\"es\",\"@id\":\"https:\\\/\\\/www.cruillabarcelona.cat\\\/es\\\/performance-cultura-popular\\\/#primaryimage\",\"url\":\"https:\\\/\\\/www.cruillabarcelona.cat\\\/wp-content\\\/uploads\\\/2025\\\/06\\\/IMG_3133-2-1.jpg\",\"contentUrl\":\"https:\\\/\\\/www.cruillabarcelona.cat\\\/wp-content\\\/uploads\\\/2025\\\/06\\\/IMG_3133-2-1.jpg\",\"width\":1701,\"height\":1134},{\"@type\":\"BreadcrumbList\",\"@id\":\"https:\\\/\\\/www.cruillabarcelona.cat\\\/es\\\/performance-cultura-popular\\\/#breadcrumb\",\"itemListElement\":[{\"@type\":\"ListItem\",\"position\":1,\"name\":\"Home\",\"item\":\"https:\\\/\\\/www.cruillabarcelona.cat\\\/es\\\/\"},{\"@type\":\"ListItem\",\"position\":2,\"name\":\"Performance y cultura popular\"}]},{\"@type\":\"WebSite\",\"@id\":\"https:\\\/\\\/www.cruillabarcelona.cat\\\/es\\\/#website\",\"url\":\"https:\\\/\\\/www.cruillabarcelona.cat\\\/es\\\/\",\"name\":\"Festival Cru\u00eflla\",\"description\":\"\",\"publisher\":{\"@id\":\"https:\\\/\\\/www.cruillabarcelona.cat\\\/es\\\/#organization\"},\"potentialAction\":[{\"@type\":\"SearchAction\",\"target\":{\"@type\":\"EntryPoint\",\"urlTemplate\":\"https:\\\/\\\/www.cruillabarcelona.cat\\\/es\\\/?s={search_term_string}\"},\"query-input\":{\"@type\":\"PropertyValueSpecification\",\"valueRequired\":true,\"valueName\":\"search_term_string\"}}],\"inLanguage\":\"es\"},{\"@type\":\"Organization\",\"@id\":\"https:\\\/\\\/www.cruillabarcelona.cat\\\/es\\\/#organization\",\"name\":\"Festival Cru\u00eflla\",\"url\":\"https:\\\/\\\/www.cruillabarcelona.cat\\\/es\\\/\",\"logo\":{\"@type\":\"ImageObject\",\"inLanguage\":\"es\",\"@id\":\"https:\\\/\\\/www.cruillabarcelona.cat\\\/es\\\/#\\\/schema\\\/logo\\\/image\\\/\",\"url\":\"https:\\\/\\\/www.cruillabarcelona.cat\\\/wp-content\\\/uploads\\\/2025\\\/12\\\/cruill-logo-negativo.png\",\"contentUrl\":\"https:\\\/\\\/www.cruillabarcelona.cat\\\/wp-content\\\/uploads\\\/2025\\\/12\\\/cruill-logo-negativo.png\",\"width\":400,\"height\":101,\"caption\":\"Festival Cru\u00eflla\"},\"image\":{\"@id\":\"https:\\\/\\\/www.cruillabarcelona.cat\\\/es\\\/#\\\/schema\\\/logo\\\/image\\\/\"}}]}<\/script>\n<!-- \/ Yoast SEO plugin. -->","yoast_head_json":{"title":"Performance y cultura popular - Festival Cru\u00eflla","robots":{"index":"index","follow":"follow","max-snippet":"max-snippet:-1","max-image-preview":"max-image-preview:large","max-video-preview":"max-video-preview:-1"},"canonical":"https:\/\/www.cruillabarcelona.cat\/es\/performance-cultura-popular\/","og_locale":"es_ES","og_type":"article","og_title":"Performance y cultura popular - Festival Cru\u00eflla","og_description":"Teatro de m\u00e1quinas de Antigua i Barbuda Una bailarina, un caballo o un gorila\u2026 Estas son algunas de las creaciones de Antigua i Barbuda que han [&hellip;]","og_url":"https:\/\/www.cruillabarcelona.cat\/es\/performance-cultura-popular\/","og_site_name":"Festival Cru\u00eflla","article_modified_time":"2025-07-23T10:45:51+00:00","og_image":[{"width":1701,"height":1134,"url":"https:\/\/www.cruillabarcelona.cat\/wp-content\/uploads\/2025\/06\/IMG_3133-2-1.jpg","type":"image\/jpeg"}],"twitter_card":"summary_large_image","twitter_misc":{"Tiempo de lectura":"3 minutos"},"schema":{"@context":"https:\/\/schema.org","@graph":[{"@type":"WebPage","@id":"https:\/\/www.cruillabarcelona.cat\/es\/performance-cultura-popular\/","url":"https:\/\/www.cruillabarcelona.cat\/es\/performance-cultura-popular\/","name":"Performance y cultura popular - Festival Cru\u00eflla","isPartOf":{"@id":"https:\/\/www.cruillabarcelona.cat\/es\/#website"},"primaryImageOfPage":{"@id":"https:\/\/www.cruillabarcelona.cat\/es\/performance-cultura-popular\/#primaryimage"},"image":{"@id":"https:\/\/www.cruillabarcelona.cat\/es\/performance-cultura-popular\/#primaryimage"},"thumbnailUrl":"https:\/\/www.cruillabarcelona.cat\/wp-content\/uploads\/2025\/06\/IMG_3133-2-1.jpg","datePublished":"2025-06-02T11:28:05+00:00","dateModified":"2025-07-23T10:45:51+00:00","breadcrumb":{"@id":"https:\/\/www.cruillabarcelona.cat\/es\/performance-cultura-popular\/#breadcrumb"},"inLanguage":"es","potentialAction":[{"@type":"ReadAction","target":["https:\/\/www.cruillabarcelona.cat\/es\/performance-cultura-popular\/"]}]},{"@type":"ImageObject","inLanguage":"es","@id":"https:\/\/www.cruillabarcelona.cat\/es\/performance-cultura-popular\/#primaryimage","url":"https:\/\/www.cruillabarcelona.cat\/wp-content\/uploads\/2025\/06\/IMG_3133-2-1.jpg","contentUrl":"https:\/\/www.cruillabarcelona.cat\/wp-content\/uploads\/2025\/06\/IMG_3133-2-1.jpg","width":1701,"height":1134},{"@type":"BreadcrumbList","@id":"https:\/\/www.cruillabarcelona.cat\/es\/performance-cultura-popular\/#breadcrumb","itemListElement":[{"@type":"ListItem","position":1,"name":"Home","item":"https:\/\/www.cruillabarcelona.cat\/es\/"},{"@type":"ListItem","position":2,"name":"Performance y cultura popular"}]},{"@type":"WebSite","@id":"https:\/\/www.cruillabarcelona.cat\/es\/#website","url":"https:\/\/www.cruillabarcelona.cat\/es\/","name":"Festival Cru\u00eflla","description":"","publisher":{"@id":"https:\/\/www.cruillabarcelona.cat\/es\/#organization"},"potentialAction":[{"@type":"SearchAction","target":{"@type":"EntryPoint","urlTemplate":"https:\/\/www.cruillabarcelona.cat\/es\/?s={search_term_string}"},"query-input":{"@type":"PropertyValueSpecification","valueRequired":true,"valueName":"search_term_string"}}],"inLanguage":"es"},{"@type":"Organization","@id":"https:\/\/www.cruillabarcelona.cat\/es\/#organization","name":"Festival Cru\u00eflla","url":"https:\/\/www.cruillabarcelona.cat\/es\/","logo":{"@type":"ImageObject","inLanguage":"es","@id":"https:\/\/www.cruillabarcelona.cat\/es\/#\/schema\/logo\/image\/","url":"https:\/\/www.cruillabarcelona.cat\/wp-content\/uploads\/2025\/12\/cruill-logo-negativo.png","contentUrl":"https:\/\/www.cruillabarcelona.cat\/wp-content\/uploads\/2025\/12\/cruill-logo-negativo.png","width":400,"height":101,"caption":"Festival Cru\u00eflla"},"image":{"@id":"https:\/\/www.cruillabarcelona.cat\/es\/#\/schema\/logo\/image\/"}}]}},"_links":{"self":[{"href":"https:\/\/www.cruillabarcelona.cat\/es\/wp-json\/wp\/v2\/pages\/58606","targetHints":{"allow":["GET"]}}],"collection":[{"href":"https:\/\/www.cruillabarcelona.cat\/es\/wp-json\/wp\/v2\/pages"}],"about":[{"href":"https:\/\/www.cruillabarcelona.cat\/es\/wp-json\/wp\/v2\/types\/page"}],"author":[{"embeddable":true,"href":"https:\/\/www.cruillabarcelona.cat\/es\/wp-json\/wp\/v2\/users\/2"}],"replies":[{"embeddable":true,"href":"https:\/\/www.cruillabarcelona.cat\/es\/wp-json\/wp\/v2\/comments?post=58606"}],"version-history":[{"count":5,"href":"https:\/\/www.cruillabarcelona.cat\/es\/wp-json\/wp\/v2\/pages\/58606\/revisions"}],"predecessor-version":[{"id":60485,"href":"https:\/\/www.cruillabarcelona.cat\/es\/wp-json\/wp\/v2\/pages\/58606\/revisions\/60485"}],"wp:featuredmedia":[{"embeddable":true,"href":"https:\/\/www.cruillabarcelona.cat\/es\/wp-json\/wp\/v2\/media\/58532"}],"wp:attachment":[{"href":"https:\/\/www.cruillabarcelona.cat\/es\/wp-json\/wp\/v2\/media?parent=58606"}],"curies":[{"name":"wp","href":"https:\/\/api.w.org\/{rel}","templated":true}]}}