{"id":58610,"date":"2025-06-02T10:40:55","date_gmt":"2025-06-02T08:40:55","guid":{"rendered":"https:\/\/www.cruillabarcelona.cat\/art-urba\/"},"modified":"2025-07-23T12:34:23","modified_gmt":"2025-07-23T10:34:23","slug":"art-urba","status":"publish","type":"page","link":"https:\/\/www.cruillabarcelona.cat\/es\/art-urba\/","title":{"rendered":"Art Urb\u00e0"},"content":{"rendered":"<h3>Concurso de retratos<\/h3>\n<p>Un verano m\u00e1s, los retratos de los artistas que actuaron en el festival fueron protagonistas de la programaci\u00f3n de artes en vivo. Para seleccionar a los 12 artistas pl\u00e1sticos que los realizaron, se lanz\u00f3 el Concurso de Arte Urbano a trav\u00e9s de las redes del festival y, tras recibir m\u00e1s de 50 propuestas, los seleccionados fueron:\u00a0<a href=\"https:\/\/www.instagram.com\/alkimist__?igsh=cXc5aGs0MWc1aW55\" target=\"_blank\" rel=\"noopener\">Alkimist<\/a>, <a href=\"https:\/\/www.instagram.com\/atena_arts\/\" target=\"_blank\" rel=\"noopener\">Atena<\/a>, <a href=\"https:\/\/www.bkmafia.cat\/\" target=\"_blank\" rel=\"noopener\">B:K<\/a>, <a href=\"https:\/\/www.instagram.com\/el_rughi\/\" target=\"_blank\" rel=\"noopener\">El Rughi<\/a>, <a href=\"https:\/\/www.instagram.com\/ochagaviajorge\/\" target=\"_blank\" rel=\"noopener\">Jorge Ochagavia<\/a>, <a href=\"http:\/\/www.kensausage.com\/\" target=\"_blank\" rel=\"noopener\">Kensausage<\/a>, <a href=\"https:\/\/www.instagram.com\/lara.hoch_painter\/\" target=\"_blank\" rel=\"noopener\">Lara Hochreiter<\/a>, <a href=\"http:\/\/www.onasalvador.com\/\" target=\"_blank\" rel=\"noopener\">Ona Salvador<\/a>, <a href=\"https:\/\/www.instagram.com\/toni.obra\/\" target=\"_blank\" rel=\"noopener\">Toni Obra<\/a>, <a href=\"http:\/\/www.dantearcade.com\/\" target=\"_blank\" rel=\"noopener\">Dante Arcade<\/a>, <a href=\"https:\/\/www.instagram.com\/jotalo\/\" target=\"_blank\" rel=\"noopener\">Jota L\u00f3pez<\/a> i <a href=\"https:\/\/www.instagram.com\/uri.kthr\/\" target=\"_blank\" rel=\"noopener\">Uri Kthr<\/a>.<\/p>\n<p data-start=\"519\" data-end=\"845\">Estos creadores y creadoras, con estilos y t\u00e9cnicas muy diferentes, desarrollaron el retrato de uno de los cabezas de cartel durante dos d\u00edas del festival: 6 de ellos lo hicieron el mi\u00e9rcoles 9 y jueves 10 de julio, y los otros 6 lo hicieron el viernes 11 y s\u00e1bado 12, utilizando diversas t\u00e9cnicas y materiales de arte urbano.<\/p>\n<p data-start=\"847\" data-end=\"1530\" data-is-last-node=\"\" data-is-only-node=\"\">Una vez finalizado el festival, el jurado compuesto por Xavier Ballaz y Ana Manaia (Director art\u00edstico y Coordinadora de Proyectos de B-Murals), Marc Mascort (Gestor cultural en Can Safari), Marc Garc\u00eda (Director de Rebobinart), Laura Su\u00f1\u00e9 (Directora Creativa de Cru\u00eflla), Antoine Careil (Director y Fundador de Street Art Barcelona), Alex (Graffic Impact), Jordi Solsona y Mar L\u00f3pez-Pinto (Director de Arte y Productora de Binomic), Claudia Costa (Directora Creativa de Poblenou Urban District y curadora de Cru\u00eflla Arts) y Esteban Mar\u00edn (Director de Contorno Urbano), escogi\u00f3 a Jota L\u00f3pez con su retrato de Ben Harper como el ganador.<\/p>\n<p><img loading=\"lazy\" decoding=\"async\" class=\"aligncenter wp-image-58467 size-large\" src=\"https:\/\/www.cruillabarcelona.cat\/wp-content\/uploads\/2025\/06\/ARTS_DSC_3131_\u00a9Victor-Parreno-1024x681.jpg\" alt=\"\" width=\"900\" height=\"599\" srcset=\"https:\/\/www.cruillabarcelona.cat\/wp-content\/uploads\/2025\/06\/ARTS_DSC_3131_\u00a9Victor-Parreno-1024x681.jpg 1024w, https:\/\/www.cruillabarcelona.cat\/wp-content\/uploads\/2025\/06\/ARTS_DSC_3131_\u00a9Victor-Parreno-768x511.jpg 768w, https:\/\/www.cruillabarcelona.cat\/wp-content\/uploads\/2025\/06\/ARTS_DSC_3131_\u00a9Victor-Parreno-1536x1022.jpg 1536w, https:\/\/www.cruillabarcelona.cat\/wp-content\/uploads\/2025\/06\/ARTS_DSC_3131_\u00a9Victor-Parreno-2048x1362.jpg 2048w, https:\/\/www.cruillabarcelona.cat\/wp-content\/uploads\/2025\/06\/ARTS_DSC_3131_\u00a9Victor-Parreno-300x200.jpg 300w, https:\/\/www.cruillabarcelona.cat\/wp-content\/uploads\/2025\/06\/ARTS_DSC_3131_\u00a9Victor-Parreno-1500x998.jpg 1500w\" sizes=\"auto, (max-width: 900px) 100vw, 900px\" \/><\/p>\n<p>&nbsp;<\/p>\n<h3>Exposici\u00f3n murales 15 a\u00f1os<\/h3>\n<p>Para celebrar esa edici\u00f3n tan especial, se present\u00f3 una muestra de retratos realizados en el festival en ediciones anteriores: un repaso por los 15 a\u00f1os de historia musical y art\u00edstica del festival.<\/p>\n<p>Los retratos de artistas, elaborados con t\u00e9cnicas de arte urbano y grafiti, estuvieron presentes desde los inicios del festival y su \u00e9xito supuso un impulso para el crecimiento del programa art\u00edstico a lo largo de los a\u00f1os.<\/p>\n<p>Esa exposici\u00f3n no fue solo una retrospectiva de los artistas pl\u00e1sticos que nos acompa\u00f1aron, sino tambi\u00e9n un homenaje a los m\u00fasicos que pasaron por el festival y que fueron inmortalizados en esos retratos.<\/p>\n<p><img loading=\"lazy\" decoding=\"async\" class=\"aligncenter wp-image-58464 size-large\" src=\"https:\/\/www.cruillabarcelona.cat\/wp-content\/uploads\/2025\/06\/IMG_8776-1-1024x468.jpg\" alt=\"\" width=\"900\" height=\"411\" srcset=\"https:\/\/www.cruillabarcelona.cat\/wp-content\/uploads\/2025\/06\/IMG_8776-1-1024x468.jpg 1024w, https:\/\/www.cruillabarcelona.cat\/wp-content\/uploads\/2025\/06\/IMG_8776-1-768x351.jpg 768w, https:\/\/www.cruillabarcelona.cat\/wp-content\/uploads\/2025\/06\/IMG_8776-1-300x137.jpg 300w, https:\/\/www.cruillabarcelona.cat\/wp-content\/uploads\/2025\/06\/IMG_8776-1.jpg 1400w\" sizes=\"auto, (max-width: 900px) 100vw, 900px\" \/><\/p>\n<h3>Murales de gran formato con el Festival Gargar<\/h3>\n<p>Tras colaborar con \u00e9xito por primera vez con el Festival Gargar, el Festival de Murales y de Arte Rural de Penelles, en la edici\u00f3n de 2023, renovamos el v\u00ednculo por tercer a\u00f1o consecutivo. Ese a\u00f1o contamos de nuevo con dos artistas que crearon murales de gran formato (de 35 m\u00b2), los cuales volvieron a dejarnos con la boca abierta.<\/p>\n<p><a href=\"https:\/\/www.slimsafont.com\/\" target=\"_blank\" rel=\"noopener\"><strong>SLIM SAFONT<\/strong><\/a><a href=\"https:\/\/www.slimsafont.com\/\" target=\"_blank\" rel=\"noopener\">:<\/a> Este artista, nacido en Berga en 1995 y reconocido internacionalmente, trabaja con un lenguaje figurativo y realista, y un preciso estudio del color. Slim desarrolla composiciones que generan conciencia y establecen un di\u00e1logo con el contexto en el que se insertan. Adem\u00e1s de su labor en el arte urbano, ha participado en numerosos proyectos internacionales de murales y ha expuesto su obra en espacios art\u00edsticos que van desde galer\u00edas y salas de exposiciones convencionales hasta propuestas m\u00e1s alternativas.<\/p>\n<p><img loading=\"lazy\" decoding=\"async\" width=\"652\" height=\"670\" class=\"size-full wp-image-58470 aligncenter\" src=\"https:\/\/www.cruillabarcelona.cat\/wp-content\/uploads\/2025\/06\/Captura-de-Pantalla-2025-06-02-a-les-10.36.56.png\" alt=\"\" srcset=\"https:\/\/www.cruillabarcelona.cat\/wp-content\/uploads\/2025\/06\/Captura-de-Pantalla-2025-06-02-a-les-10.36.56.png 652w, https:\/\/www.cruillabarcelona.cat\/wp-content\/uploads\/2025\/06\/Captura-de-Pantalla-2025-06-02-a-les-10.36.56-300x308.png 300w\" sizes=\"auto, (max-width: 652px) 100vw, 652px\" \/><\/p>\n<p><a href=\"https:\/\/www.instagram.com\/guillemfontart\/?hl=es\" target=\"_blank\" rel=\"noopener\"><strong>GUILLEM FONT<\/strong><\/a><strong>:<\/strong> Su obra se inspira en la cultura popular, la ilustraci\u00f3n cient\u00edfica, la ciencia ficci\u00f3n y las artes esc\u00e9nicas en el espacio p\u00fablico. Su estilo, fuertemente vinculado al estudio de texturas y formas org\u00e1nicas de animales y plantas, da lugar a un imaginario propio formado por paisajes y seres h\u00edbridos en escala de grises.<\/p>\n<p><img loading=\"lazy\" decoding=\"async\" width=\"555\" height=\"770\" class=\"size-full wp-image-58473 aligncenter\" src=\"https:\/\/www.cruillabarcelona.cat\/wp-content\/uploads\/2025\/06\/Captura-de-Pantalla-2025-06-02-a-les-10.37.49.png\" alt=\"\" srcset=\"https:\/\/www.cruillabarcelona.cat\/wp-content\/uploads\/2025\/06\/Captura-de-Pantalla-2025-06-02-a-les-10.37.49.png 555w, https:\/\/www.cruillabarcelona.cat\/wp-content\/uploads\/2025\/06\/Captura-de-Pantalla-2025-06-02-a-les-10.37.49-300x416.png 300w\" sizes=\"auto, (max-width: 555px) 100vw, 555px\" \/><\/p>\n","protected":false},"excerpt":{"rendered":"<p>Concurso de retratos Un verano m\u00e1s, los retratos de los artistas que actuaron en el festival fueron protagonistas de la programaci\u00f3n de artes en vivo. Para [&hellip;]<\/p>\n","protected":false},"author":2,"featured_media":58478,"parent":0,"menu_order":0,"comment_status":"closed","ping_status":"closed","template":"page-templates\/page-landing.php","meta":{"_acf_changed":false,"footnotes":""},"class_list":["post-58610","page","type-page","status-publish","has-post-thumbnail","hentry"],"acf":[],"yoast_head":"<!-- This site is optimized with the Yoast SEO plugin v27.3 - https:\/\/yoast.com\/product\/yoast-seo-wordpress\/ -->\n<title>Art Urb\u00e0 - Festival Cru\u00eflla<\/title>\n<meta name=\"robots\" content=\"index, follow, max-snippet:-1, max-image-preview:large, max-video-preview:-1\" \/>\n<link rel=\"canonical\" href=\"https:\/\/www.cruillabarcelona.cat\/es\/art-urba\/\" \/>\n<meta property=\"og:locale\" content=\"es_ES\" \/>\n<meta property=\"og:type\" content=\"article\" \/>\n<meta property=\"og:title\" content=\"Art Urb\u00e0 - Festival Cru\u00eflla\" \/>\n<meta property=\"og:description\" content=\"Concurso de retratos Un verano m\u00e1s, los retratos de los artistas que actuaron en el festival fueron protagonistas de la programaci\u00f3n de artes en vivo. Para [&hellip;]\" \/>\n<meta property=\"og:url\" content=\"https:\/\/www.cruillabarcelona.cat\/es\/art-urba\/\" \/>\n<meta property=\"og:site_name\" content=\"Festival Cru\u00eflla\" \/>\n<meta property=\"article:modified_time\" content=\"2025-07-23T10:34:23+00:00\" \/>\n<meta property=\"og:image\" content=\"https:\/\/www.cruillabarcelona.cat\/wp-content\/uploads\/2025\/06\/ARTS_PhotoChristian-Bertrand-006-1.jpg\" \/>\n\t<meta property=\"og:image:width\" content=\"1800\" \/>\n\t<meta property=\"og:image:height\" content=\"1200\" \/>\n\t<meta property=\"og:image:type\" content=\"image\/jpeg\" \/>\n<meta name=\"twitter:card\" content=\"summary_large_image\" \/>\n<meta name=\"twitter:label1\" content=\"Tiempo de lectura\" \/>\n\t<meta name=\"twitter:data1\" content=\"4 minutos\" \/>\n<script type=\"application\/ld+json\" class=\"yoast-schema-graph\">{\"@context\":\"https:\\\/\\\/schema.org\",\"@graph\":[{\"@type\":\"WebPage\",\"@id\":\"https:\\\/\\\/www.cruillabarcelona.cat\\\/es\\\/art-urba\\\/\",\"url\":\"https:\\\/\\\/www.cruillabarcelona.cat\\\/es\\\/art-urba\\\/\",\"name\":\"Art Urb\u00e0 - Festival Cru\u00eflla\",\"isPartOf\":{\"@id\":\"https:\\\/\\\/www.cruillabarcelona.cat\\\/es\\\/#website\"},\"primaryImageOfPage\":{\"@id\":\"https:\\\/\\\/www.cruillabarcelona.cat\\\/es\\\/art-urba\\\/#primaryimage\"},\"image\":{\"@id\":\"https:\\\/\\\/www.cruillabarcelona.cat\\\/es\\\/art-urba\\\/#primaryimage\"},\"thumbnailUrl\":\"https:\\\/\\\/www.cruillabarcelona.cat\\\/wp-content\\\/uploads\\\/2025\\\/06\\\/ARTS_PhotoChristian-Bertrand-006-1.jpg\",\"datePublished\":\"2025-06-02T08:40:55+00:00\",\"dateModified\":\"2025-07-23T10:34:23+00:00\",\"breadcrumb\":{\"@id\":\"https:\\\/\\\/www.cruillabarcelona.cat\\\/es\\\/art-urba\\\/#breadcrumb\"},\"inLanguage\":\"es\",\"potentialAction\":[{\"@type\":\"ReadAction\",\"target\":[\"https:\\\/\\\/www.cruillabarcelona.cat\\\/es\\\/art-urba\\\/\"]}]},{\"@type\":\"ImageObject\",\"inLanguage\":\"es\",\"@id\":\"https:\\\/\\\/www.cruillabarcelona.cat\\\/es\\\/art-urba\\\/#primaryimage\",\"url\":\"https:\\\/\\\/www.cruillabarcelona.cat\\\/wp-content\\\/uploads\\\/2025\\\/06\\\/ARTS_PhotoChristian-Bertrand-006-1.jpg\",\"contentUrl\":\"https:\\\/\\\/www.cruillabarcelona.cat\\\/wp-content\\\/uploads\\\/2025\\\/06\\\/ARTS_PhotoChristian-Bertrand-006-1.jpg\",\"width\":1800,\"height\":1200},{\"@type\":\"BreadcrumbList\",\"@id\":\"https:\\\/\\\/www.cruillabarcelona.cat\\\/es\\\/art-urba\\\/#breadcrumb\",\"itemListElement\":[{\"@type\":\"ListItem\",\"position\":1,\"name\":\"Home\",\"item\":\"https:\\\/\\\/www.cruillabarcelona.cat\\\/es\\\/\"},{\"@type\":\"ListItem\",\"position\":2,\"name\":\"Art Urb\u00e0\"}]},{\"@type\":\"WebSite\",\"@id\":\"https:\\\/\\\/www.cruillabarcelona.cat\\\/es\\\/#website\",\"url\":\"https:\\\/\\\/www.cruillabarcelona.cat\\\/es\\\/\",\"name\":\"Festival Cru\u00eflla\",\"description\":\"\",\"publisher\":{\"@id\":\"https:\\\/\\\/www.cruillabarcelona.cat\\\/es\\\/#organization\"},\"potentialAction\":[{\"@type\":\"SearchAction\",\"target\":{\"@type\":\"EntryPoint\",\"urlTemplate\":\"https:\\\/\\\/www.cruillabarcelona.cat\\\/es\\\/?s={search_term_string}\"},\"query-input\":{\"@type\":\"PropertyValueSpecification\",\"valueRequired\":true,\"valueName\":\"search_term_string\"}}],\"inLanguage\":\"es\"},{\"@type\":\"Organization\",\"@id\":\"https:\\\/\\\/www.cruillabarcelona.cat\\\/es\\\/#organization\",\"name\":\"Festival Cru\u00eflla\",\"url\":\"https:\\\/\\\/www.cruillabarcelona.cat\\\/es\\\/\",\"logo\":{\"@type\":\"ImageObject\",\"inLanguage\":\"es\",\"@id\":\"https:\\\/\\\/www.cruillabarcelona.cat\\\/es\\\/#\\\/schema\\\/logo\\\/image\\\/\",\"url\":\"https:\\\/\\\/www.cruillabarcelona.cat\\\/wp-content\\\/uploads\\\/2025\\\/12\\\/cruill-logo-negativo.png\",\"contentUrl\":\"https:\\\/\\\/www.cruillabarcelona.cat\\\/wp-content\\\/uploads\\\/2025\\\/12\\\/cruill-logo-negativo.png\",\"width\":400,\"height\":101,\"caption\":\"Festival Cru\u00eflla\"},\"image\":{\"@id\":\"https:\\\/\\\/www.cruillabarcelona.cat\\\/es\\\/#\\\/schema\\\/logo\\\/image\\\/\"}}]}<\/script>\n<!-- \/ Yoast SEO plugin. -->","yoast_head_json":{"title":"Art Urb\u00e0 - Festival Cru\u00eflla","robots":{"index":"index","follow":"follow","max-snippet":"max-snippet:-1","max-image-preview":"max-image-preview:large","max-video-preview":"max-video-preview:-1"},"canonical":"https:\/\/www.cruillabarcelona.cat\/es\/art-urba\/","og_locale":"es_ES","og_type":"article","og_title":"Art Urb\u00e0 - Festival Cru\u00eflla","og_description":"Concurso de retratos Un verano m\u00e1s, los retratos de los artistas que actuaron en el festival fueron protagonistas de la programaci\u00f3n de artes en vivo. Para [&hellip;]","og_url":"https:\/\/www.cruillabarcelona.cat\/es\/art-urba\/","og_site_name":"Festival Cru\u00eflla","article_modified_time":"2025-07-23T10:34:23+00:00","og_image":[{"width":1800,"height":1200,"url":"https:\/\/www.cruillabarcelona.cat\/wp-content\/uploads\/2025\/06\/ARTS_PhotoChristian-Bertrand-006-1.jpg","type":"image\/jpeg"}],"twitter_card":"summary_large_image","twitter_misc":{"Tiempo de lectura":"4 minutos"},"schema":{"@context":"https:\/\/schema.org","@graph":[{"@type":"WebPage","@id":"https:\/\/www.cruillabarcelona.cat\/es\/art-urba\/","url":"https:\/\/www.cruillabarcelona.cat\/es\/art-urba\/","name":"Art Urb\u00e0 - Festival Cru\u00eflla","isPartOf":{"@id":"https:\/\/www.cruillabarcelona.cat\/es\/#website"},"primaryImageOfPage":{"@id":"https:\/\/www.cruillabarcelona.cat\/es\/art-urba\/#primaryimage"},"image":{"@id":"https:\/\/www.cruillabarcelona.cat\/es\/art-urba\/#primaryimage"},"thumbnailUrl":"https:\/\/www.cruillabarcelona.cat\/wp-content\/uploads\/2025\/06\/ARTS_PhotoChristian-Bertrand-006-1.jpg","datePublished":"2025-06-02T08:40:55+00:00","dateModified":"2025-07-23T10:34:23+00:00","breadcrumb":{"@id":"https:\/\/www.cruillabarcelona.cat\/es\/art-urba\/#breadcrumb"},"inLanguage":"es","potentialAction":[{"@type":"ReadAction","target":["https:\/\/www.cruillabarcelona.cat\/es\/art-urba\/"]}]},{"@type":"ImageObject","inLanguage":"es","@id":"https:\/\/www.cruillabarcelona.cat\/es\/art-urba\/#primaryimage","url":"https:\/\/www.cruillabarcelona.cat\/wp-content\/uploads\/2025\/06\/ARTS_PhotoChristian-Bertrand-006-1.jpg","contentUrl":"https:\/\/www.cruillabarcelona.cat\/wp-content\/uploads\/2025\/06\/ARTS_PhotoChristian-Bertrand-006-1.jpg","width":1800,"height":1200},{"@type":"BreadcrumbList","@id":"https:\/\/www.cruillabarcelona.cat\/es\/art-urba\/#breadcrumb","itemListElement":[{"@type":"ListItem","position":1,"name":"Home","item":"https:\/\/www.cruillabarcelona.cat\/es\/"},{"@type":"ListItem","position":2,"name":"Art Urb\u00e0"}]},{"@type":"WebSite","@id":"https:\/\/www.cruillabarcelona.cat\/es\/#website","url":"https:\/\/www.cruillabarcelona.cat\/es\/","name":"Festival Cru\u00eflla","description":"","publisher":{"@id":"https:\/\/www.cruillabarcelona.cat\/es\/#organization"},"potentialAction":[{"@type":"SearchAction","target":{"@type":"EntryPoint","urlTemplate":"https:\/\/www.cruillabarcelona.cat\/es\/?s={search_term_string}"},"query-input":{"@type":"PropertyValueSpecification","valueRequired":true,"valueName":"search_term_string"}}],"inLanguage":"es"},{"@type":"Organization","@id":"https:\/\/www.cruillabarcelona.cat\/es\/#organization","name":"Festival Cru\u00eflla","url":"https:\/\/www.cruillabarcelona.cat\/es\/","logo":{"@type":"ImageObject","inLanguage":"es","@id":"https:\/\/www.cruillabarcelona.cat\/es\/#\/schema\/logo\/image\/","url":"https:\/\/www.cruillabarcelona.cat\/wp-content\/uploads\/2025\/12\/cruill-logo-negativo.png","contentUrl":"https:\/\/www.cruillabarcelona.cat\/wp-content\/uploads\/2025\/12\/cruill-logo-negativo.png","width":400,"height":101,"caption":"Festival Cru\u00eflla"},"image":{"@id":"https:\/\/www.cruillabarcelona.cat\/es\/#\/schema\/logo\/image\/"}}]}},"_links":{"self":[{"href":"https:\/\/www.cruillabarcelona.cat\/es\/wp-json\/wp\/v2\/pages\/58610","targetHints":{"allow":["GET"]}}],"collection":[{"href":"https:\/\/www.cruillabarcelona.cat\/es\/wp-json\/wp\/v2\/pages"}],"about":[{"href":"https:\/\/www.cruillabarcelona.cat\/es\/wp-json\/wp\/v2\/types\/page"}],"author":[{"embeddable":true,"href":"https:\/\/www.cruillabarcelona.cat\/es\/wp-json\/wp\/v2\/users\/2"}],"replies":[{"embeddable":true,"href":"https:\/\/www.cruillabarcelona.cat\/es\/wp-json\/wp\/v2\/comments?post=58610"}],"version-history":[{"count":3,"href":"https:\/\/www.cruillabarcelona.cat\/es\/wp-json\/wp\/v2\/pages\/58610\/revisions"}],"predecessor-version":[{"id":60477,"href":"https:\/\/www.cruillabarcelona.cat\/es\/wp-json\/wp\/v2\/pages\/58610\/revisions\/60477"}],"wp:featuredmedia":[{"embeddable":true,"href":"https:\/\/www.cruillabarcelona.cat\/es\/wp-json\/wp\/v2\/media\/58478"}],"wp:attachment":[{"href":"https:\/\/www.cruillabarcelona.cat\/es\/wp-json\/wp\/v2\/media?parent=58610"}],"curies":[{"name":"wp","href":"https:\/\/api.w.org\/{rel}","templated":true}]}}