{"id":58618,"date":"2025-06-02T13:27:56","date_gmt":"2025-06-02T11:27:56","guid":{"rendered":"https:\/\/www.cruillabarcelona.cat\/escenografia\/"},"modified":"2025-07-23T12:35:38","modified_gmt":"2025-07-23T10:35:38","slug":"escenografia","status":"publish","type":"page","link":"https:\/\/www.cruillabarcelona.cat\/es\/escenografia\/","title":{"rendered":"Escenograf\u00eda"},"content":{"rendered":"<p><strong>Desde el a\u00f1o 2016<\/strong>, el escenario principal del Festival Cru\u00eflla es mucho m\u00e1s que un escenario: es un espacio que cuenta una historia m\u00e1s all\u00e1 de la m\u00fasica que se escucha. Y esto es posible gracias a la colaboraci\u00f3n con el escen\u00f3grafo y director de cine Llu\u00eds Dan\u00e9s.<\/p>\n<p>A lo largo de nuestra trayectoria, hemos disfrutado de 9 propuestas escenogr\u00e1ficas distintas para el <strong>Escenario Estrella Damm<\/strong>; desde un fondo marino con caballitos de mar, hasta un espect\u00e1culo con molinos de viento o una exposici\u00f3n de cuadros de museo gigantes. Este a\u00f1o volvimos a tener un dise\u00f1o \u00fanico que, una vez m\u00e1s, se convirti\u00f3 en el escenario de nuestros recuerdos del festival.<\/p>\n<p><img loading=\"lazy\" decoding=\"async\" class=\"aligncenter wp-image-58575 size-large\" src=\"https:\/\/www.cruillabarcelona.cat\/wp-content\/uploads\/2025\/06\/Copia-de-AMBIENT_PhotoChristian-Bertrand-084-1-1024x683.jpg\" alt=\"\" width=\"900\" height=\"600\" srcset=\"https:\/\/www.cruillabarcelona.cat\/wp-content\/uploads\/2025\/06\/Copia-de-AMBIENT_PhotoChristian-Bertrand-084-1-1024x683.jpg 1024w, https:\/\/www.cruillabarcelona.cat\/wp-content\/uploads\/2025\/06\/Copia-de-AMBIENT_PhotoChristian-Bertrand-084-1-768x512.jpg 768w, https:\/\/www.cruillabarcelona.cat\/wp-content\/uploads\/2025\/06\/Copia-de-AMBIENT_PhotoChristian-Bertrand-084-1-1536x1024.jpg 1536w, https:\/\/www.cruillabarcelona.cat\/wp-content\/uploads\/2025\/06\/Copia-de-AMBIENT_PhotoChristian-Bertrand-084-1-2048x1366.jpg 2048w, https:\/\/www.cruillabarcelona.cat\/wp-content\/uploads\/2025\/06\/Copia-de-AMBIENT_PhotoChristian-Bertrand-084-1-300x200.jpg 300w, https:\/\/www.cruillabarcelona.cat\/wp-content\/uploads\/2025\/06\/Copia-de-AMBIENT_PhotoChristian-Bertrand-084-1-1500x1000.jpg 1500w\" sizes=\"auto, (max-width: 900px) 100vw, 900px\" \/><\/p>\n<p>Y, por segundo a\u00f1o consecutivo, el Escenario Occident tambi\u00e9n cont\u00f3 con una escenograf\u00eda dise\u00f1ada a medida para la ocasi\u00f3n. Dan\u00e9s volvi\u00f3 a vestir el escenario con una propuesta creativa que consisti\u00f3 en una espectacular obra de arquitectura ef\u00edmera, hecha a base de tela roja, que ofreci\u00f3 una experiencia inmersiva para el p\u00fablico del festival.<\/p>\n<p><img loading=\"lazy\" decoding=\"async\" class=\"aligncenter wp-image-58572 size-large\" src=\"https:\/\/www.cruillabarcelona.cat\/wp-content\/uploads\/2025\/06\/Copia-de-Ambient_\u00a9eyesssence_40-1-1024x1536.jpg\" alt=\"\" width=\"683\" height=\"1024\" srcset=\"https:\/\/www.cruillabarcelona.cat\/wp-content\/uploads\/2025\/06\/Copia-de-Ambient_\u00a9eyesssence_40-1-1024x1536.jpg 1024w, https:\/\/www.cruillabarcelona.cat\/wp-content\/uploads\/2025\/06\/Copia-de-Ambient_\u00a9eyesssence_40-1-768x1152.jpg 768w, https:\/\/www.cruillabarcelona.cat\/wp-content\/uploads\/2025\/06\/Copia-de-Ambient_\u00a9eyesssence_40-1-1366x2048.jpg 1366w, https:\/\/www.cruillabarcelona.cat\/wp-content\/uploads\/2025\/06\/Copia-de-Ambient_\u00a9eyesssence_40-1-300x450.jpg 300w, https:\/\/www.cruillabarcelona.cat\/wp-content\/uploads\/2025\/06\/Copia-de-Ambient_\u00a9eyesssence_40-1-1500x2250.jpg 1500w, https:\/\/www.cruillabarcelona.cat\/wp-content\/uploads\/2025\/06\/Copia-de-Ambient_\u00a9eyesssence_40-1-scaled.jpg 1707w\" sizes=\"auto, (max-width: 683px) 100vw, 683px\" \/><\/p>\n<p style=\"text-align: center;\">\u00bfQuieres recordar todos los escenarios de los \u00faltimos 15 a\u00f1os?<a href=\"https:\/\/www.cruillabarcelona.cat\/escenaris\/\"> <strong>\u00a1Aqu\u00ed los tienes recopilados!<\/strong><\/a><\/p>\n","protected":false},"excerpt":{"rendered":"<p>Desde el a\u00f1o 2016, el escenario principal del Festival Cru\u00eflla es mucho m\u00e1s que un escenario: es un espacio que cuenta una historia m\u00e1s all\u00e1 de [&hellip;]<\/p>\n","protected":false},"author":2,"featured_media":58569,"parent":0,"menu_order":0,"comment_status":"closed","ping_status":"closed","template":"page-templates\/page-landing.php","meta":{"_acf_changed":false,"footnotes":""},"class_list":["post-58618","page","type-page","status-publish","has-post-thumbnail","hentry"],"acf":[],"yoast_head":"<!-- This site is optimized with the Yoast SEO plugin v27.3 - https:\/\/yoast.com\/product\/yoast-seo-wordpress\/ -->\n<title>Escenograf\u00eda - Festival Cru\u00eflla<\/title>\n<meta name=\"robots\" content=\"index, follow, max-snippet:-1, max-image-preview:large, max-video-preview:-1\" \/>\n<link rel=\"canonical\" href=\"https:\/\/www.cruillabarcelona.cat\/es\/escenografia\/\" \/>\n<meta property=\"og:locale\" content=\"es_ES\" \/>\n<meta property=\"og:type\" content=\"article\" \/>\n<meta property=\"og:title\" content=\"Escenograf\u00eda - Festival Cru\u00eflla\" \/>\n<meta property=\"og:description\" content=\"Desde el a\u00f1o 2016, el escenario principal del Festival Cru\u00eflla es mucho m\u00e1s que un escenario: es un espacio que cuenta una historia m\u00e1s all\u00e1 de [&hellip;]\" \/>\n<meta property=\"og:url\" content=\"https:\/\/www.cruillabarcelona.cat\/es\/escenografia\/\" \/>\n<meta property=\"og:site_name\" content=\"Festival Cru\u00eflla\" \/>\n<meta property=\"article:modified_time\" content=\"2025-07-23T10:35:38+00:00\" \/>\n<meta property=\"og:image\" content=\"https:\/\/www.cruillabarcelona.cat\/wp-content\/uploads\/2025\/06\/ESCENARIS_M6I5978_Photo_XaviTorrent-1-1-1-e1748863373831.jpg\" \/>\n\t<meta property=\"og:image:width\" content=\"1890\" \/>\n\t<meta property=\"og:image:height\" content=\"1260\" \/>\n\t<meta property=\"og:image:type\" content=\"image\/jpeg\" \/>\n<meta name=\"twitter:card\" content=\"summary_large_image\" \/>\n<meta name=\"twitter:label1\" content=\"Tiempo de lectura\" \/>\n\t<meta name=\"twitter:data1\" content=\"2 minutos\" \/>\n<script type=\"application\/ld+json\" class=\"yoast-schema-graph\">{\"@context\":\"https:\\\/\\\/schema.org\",\"@graph\":[{\"@type\":\"WebPage\",\"@id\":\"https:\\\/\\\/www.cruillabarcelona.cat\\\/es\\\/escenografia\\\/\",\"url\":\"https:\\\/\\\/www.cruillabarcelona.cat\\\/es\\\/escenografia\\\/\",\"name\":\"Escenograf\u00eda - Festival Cru\u00eflla\",\"isPartOf\":{\"@id\":\"https:\\\/\\\/www.cruillabarcelona.cat\\\/es\\\/#website\"},\"primaryImageOfPage\":{\"@id\":\"https:\\\/\\\/www.cruillabarcelona.cat\\\/es\\\/escenografia\\\/#primaryimage\"},\"image\":{\"@id\":\"https:\\\/\\\/www.cruillabarcelona.cat\\\/es\\\/escenografia\\\/#primaryimage\"},\"thumbnailUrl\":\"https:\\\/\\\/www.cruillabarcelona.cat\\\/wp-content\\\/uploads\\\/2025\\\/06\\\/ESCENARIS_M6I5978_Photo_XaviTorrent-1-1-1-e1748863373831.jpg\",\"datePublished\":\"2025-06-02T11:27:56+00:00\",\"dateModified\":\"2025-07-23T10:35:38+00:00\",\"breadcrumb\":{\"@id\":\"https:\\\/\\\/www.cruillabarcelona.cat\\\/es\\\/escenografia\\\/#breadcrumb\"},\"inLanguage\":\"es\",\"potentialAction\":[{\"@type\":\"ReadAction\",\"target\":[\"https:\\\/\\\/www.cruillabarcelona.cat\\\/es\\\/escenografia\\\/\"]}]},{\"@type\":\"ImageObject\",\"inLanguage\":\"es\",\"@id\":\"https:\\\/\\\/www.cruillabarcelona.cat\\\/es\\\/escenografia\\\/#primaryimage\",\"url\":\"https:\\\/\\\/www.cruillabarcelona.cat\\\/wp-content\\\/uploads\\\/2025\\\/06\\\/ESCENARIS_M6I5978_Photo_XaviTorrent-1-1-1-e1748863373831.jpg\",\"contentUrl\":\"https:\\\/\\\/www.cruillabarcelona.cat\\\/wp-content\\\/uploads\\\/2025\\\/06\\\/ESCENARIS_M6I5978_Photo_XaviTorrent-1-1-1-e1748863373831.jpg\",\"width\":1890,\"height\":1260},{\"@type\":\"BreadcrumbList\",\"@id\":\"https:\\\/\\\/www.cruillabarcelona.cat\\\/es\\\/escenografia\\\/#breadcrumb\",\"itemListElement\":[{\"@type\":\"ListItem\",\"position\":1,\"name\":\"Home\",\"item\":\"https:\\\/\\\/www.cruillabarcelona.cat\\\/es\\\/\"},{\"@type\":\"ListItem\",\"position\":2,\"name\":\"Escenograf\u00eda\"}]},{\"@type\":\"WebSite\",\"@id\":\"https:\\\/\\\/www.cruillabarcelona.cat\\\/es\\\/#website\",\"url\":\"https:\\\/\\\/www.cruillabarcelona.cat\\\/es\\\/\",\"name\":\"Festival Cru\u00eflla\",\"description\":\"\",\"publisher\":{\"@id\":\"https:\\\/\\\/www.cruillabarcelona.cat\\\/es\\\/#organization\"},\"potentialAction\":[{\"@type\":\"SearchAction\",\"target\":{\"@type\":\"EntryPoint\",\"urlTemplate\":\"https:\\\/\\\/www.cruillabarcelona.cat\\\/es\\\/?s={search_term_string}\"},\"query-input\":{\"@type\":\"PropertyValueSpecification\",\"valueRequired\":true,\"valueName\":\"search_term_string\"}}],\"inLanguage\":\"es\"},{\"@type\":\"Organization\",\"@id\":\"https:\\\/\\\/www.cruillabarcelona.cat\\\/es\\\/#organization\",\"name\":\"Festival Cru\u00eflla\",\"url\":\"https:\\\/\\\/www.cruillabarcelona.cat\\\/es\\\/\",\"logo\":{\"@type\":\"ImageObject\",\"inLanguage\":\"es\",\"@id\":\"https:\\\/\\\/www.cruillabarcelona.cat\\\/es\\\/#\\\/schema\\\/logo\\\/image\\\/\",\"url\":\"https:\\\/\\\/www.cruillabarcelona.cat\\\/wp-content\\\/uploads\\\/2025\\\/12\\\/cruill-logo-negativo.png\",\"contentUrl\":\"https:\\\/\\\/www.cruillabarcelona.cat\\\/wp-content\\\/uploads\\\/2025\\\/12\\\/cruill-logo-negativo.png\",\"width\":400,\"height\":101,\"caption\":\"Festival Cru\u00eflla\"},\"image\":{\"@id\":\"https:\\\/\\\/www.cruillabarcelona.cat\\\/es\\\/#\\\/schema\\\/logo\\\/image\\\/\"}}]}<\/script>\n<!-- \/ Yoast SEO plugin. -->","yoast_head_json":{"title":"Escenograf\u00eda - Festival Cru\u00eflla","robots":{"index":"index","follow":"follow","max-snippet":"max-snippet:-1","max-image-preview":"max-image-preview:large","max-video-preview":"max-video-preview:-1"},"canonical":"https:\/\/www.cruillabarcelona.cat\/es\/escenografia\/","og_locale":"es_ES","og_type":"article","og_title":"Escenograf\u00eda - Festival Cru\u00eflla","og_description":"Desde el a\u00f1o 2016, el escenario principal del Festival Cru\u00eflla es mucho m\u00e1s que un escenario: es un espacio que cuenta una historia m\u00e1s all\u00e1 de [&hellip;]","og_url":"https:\/\/www.cruillabarcelona.cat\/es\/escenografia\/","og_site_name":"Festival Cru\u00eflla","article_modified_time":"2025-07-23T10:35:38+00:00","og_image":[{"width":1890,"height":1260,"url":"https:\/\/www.cruillabarcelona.cat\/wp-content\/uploads\/2025\/06\/ESCENARIS_M6I5978_Photo_XaviTorrent-1-1-1-e1748863373831.jpg","type":"image\/jpeg"}],"twitter_card":"summary_large_image","twitter_misc":{"Tiempo de lectura":"2 minutos"},"schema":{"@context":"https:\/\/schema.org","@graph":[{"@type":"WebPage","@id":"https:\/\/www.cruillabarcelona.cat\/es\/escenografia\/","url":"https:\/\/www.cruillabarcelona.cat\/es\/escenografia\/","name":"Escenograf\u00eda - Festival Cru\u00eflla","isPartOf":{"@id":"https:\/\/www.cruillabarcelona.cat\/es\/#website"},"primaryImageOfPage":{"@id":"https:\/\/www.cruillabarcelona.cat\/es\/escenografia\/#primaryimage"},"image":{"@id":"https:\/\/www.cruillabarcelona.cat\/es\/escenografia\/#primaryimage"},"thumbnailUrl":"https:\/\/www.cruillabarcelona.cat\/wp-content\/uploads\/2025\/06\/ESCENARIS_M6I5978_Photo_XaviTorrent-1-1-1-e1748863373831.jpg","datePublished":"2025-06-02T11:27:56+00:00","dateModified":"2025-07-23T10:35:38+00:00","breadcrumb":{"@id":"https:\/\/www.cruillabarcelona.cat\/es\/escenografia\/#breadcrumb"},"inLanguage":"es","potentialAction":[{"@type":"ReadAction","target":["https:\/\/www.cruillabarcelona.cat\/es\/escenografia\/"]}]},{"@type":"ImageObject","inLanguage":"es","@id":"https:\/\/www.cruillabarcelona.cat\/es\/escenografia\/#primaryimage","url":"https:\/\/www.cruillabarcelona.cat\/wp-content\/uploads\/2025\/06\/ESCENARIS_M6I5978_Photo_XaviTorrent-1-1-1-e1748863373831.jpg","contentUrl":"https:\/\/www.cruillabarcelona.cat\/wp-content\/uploads\/2025\/06\/ESCENARIS_M6I5978_Photo_XaviTorrent-1-1-1-e1748863373831.jpg","width":1890,"height":1260},{"@type":"BreadcrumbList","@id":"https:\/\/www.cruillabarcelona.cat\/es\/escenografia\/#breadcrumb","itemListElement":[{"@type":"ListItem","position":1,"name":"Home","item":"https:\/\/www.cruillabarcelona.cat\/es\/"},{"@type":"ListItem","position":2,"name":"Escenograf\u00eda"}]},{"@type":"WebSite","@id":"https:\/\/www.cruillabarcelona.cat\/es\/#website","url":"https:\/\/www.cruillabarcelona.cat\/es\/","name":"Festival Cru\u00eflla","description":"","publisher":{"@id":"https:\/\/www.cruillabarcelona.cat\/es\/#organization"},"potentialAction":[{"@type":"SearchAction","target":{"@type":"EntryPoint","urlTemplate":"https:\/\/www.cruillabarcelona.cat\/es\/?s={search_term_string}"},"query-input":{"@type":"PropertyValueSpecification","valueRequired":true,"valueName":"search_term_string"}}],"inLanguage":"es"},{"@type":"Organization","@id":"https:\/\/www.cruillabarcelona.cat\/es\/#organization","name":"Festival Cru\u00eflla","url":"https:\/\/www.cruillabarcelona.cat\/es\/","logo":{"@type":"ImageObject","inLanguage":"es","@id":"https:\/\/www.cruillabarcelona.cat\/es\/#\/schema\/logo\/image\/","url":"https:\/\/www.cruillabarcelona.cat\/wp-content\/uploads\/2025\/12\/cruill-logo-negativo.png","contentUrl":"https:\/\/www.cruillabarcelona.cat\/wp-content\/uploads\/2025\/12\/cruill-logo-negativo.png","width":400,"height":101,"caption":"Festival Cru\u00eflla"},"image":{"@id":"https:\/\/www.cruillabarcelona.cat\/es\/#\/schema\/logo\/image\/"}}]}},"_links":{"self":[{"href":"https:\/\/www.cruillabarcelona.cat\/es\/wp-json\/wp\/v2\/pages\/58618","targetHints":{"allow":["GET"]}}],"collection":[{"href":"https:\/\/www.cruillabarcelona.cat\/es\/wp-json\/wp\/v2\/pages"}],"about":[{"href":"https:\/\/www.cruillabarcelona.cat\/es\/wp-json\/wp\/v2\/types\/page"}],"author":[{"embeddable":true,"href":"https:\/\/www.cruillabarcelona.cat\/es\/wp-json\/wp\/v2\/users\/2"}],"replies":[{"embeddable":true,"href":"https:\/\/www.cruillabarcelona.cat\/es\/wp-json\/wp\/v2\/comments?post=58618"}],"version-history":[{"count":5,"href":"https:\/\/www.cruillabarcelona.cat\/es\/wp-json\/wp\/v2\/pages\/58618\/revisions"}],"predecessor-version":[{"id":60479,"href":"https:\/\/www.cruillabarcelona.cat\/es\/wp-json\/wp\/v2\/pages\/58618\/revisions\/60479"}],"wp:featuredmedia":[{"embeddable":true,"href":"https:\/\/www.cruillabarcelona.cat\/es\/wp-json\/wp\/v2\/media\/58569"}],"wp:attachment":[{"href":"https:\/\/www.cruillabarcelona.cat\/es\/wp-json\/wp\/v2\/media?parent=58618"}],"curies":[{"name":"wp","href":"https:\/\/api.w.org\/{rel}","templated":true}]}}