{"id":58629,"date":"2025-06-02T13:27:59","date_gmt":"2025-06-02T11:27:59","guid":{"rendered":"https:\/\/www.cruillabarcelona.cat\/installacions\/"},"modified":"2025-07-23T12:42:24","modified_gmt":"2025-07-23T10:42:24","slug":"installacions","status":"publish","type":"page","link":"https:\/\/www.cruillabarcelona.cat\/es\/installacions\/","title":{"rendered":"INSTALACIONES"},"content":{"rendered":"<p>En la edici\u00f3n de 2024, el Festival Cru\u00eflla colabor\u00f3 con la Fira de T\u00e0rrega para traer al recinto la instalaci\u00f3n lum\u00ednica LOOPHOLE de Calidos. Esta gran ara\u00f1a de luces fue una de las protagonistas del festival y para esa edici\u00f3n tuvimos ganas de m\u00e1s.<\/p>\n<p><a href=\"https:\/\/www.calidos.cat\/\" target=\"_blank\" rel=\"noopener\"><strong>CALIDOS<\/strong><\/a> es una peque\u00f1a empresa catalana con una larga trayectoria en las artes visuales y la tecnolog\u00eda aplicada en el arte. Desde su fundaci\u00f3n en 1995, ha desarrollado una gran diversidad de proyectos para empresas e instituciones, acumulando una s\u00f3lida experiencia tanto en el \u00e1mbito t\u00e9cnico como en el creativo. CALIDOS se dedica al dise\u00f1o y a la construcci\u00f3n de instalaciones art\u00edsticas de luz interactivas y este a\u00f1o contaremos con dos sus piezas en el festival.<\/p>\n<p><a href=\"https:\/\/www.calidos.cat\/portfolio\/items\/hexx-one-light-installation\/\" target=\"_blank\" rel=\"noopener\"><strong>Hexx \u00d8ne<\/strong><\/a> es una instalaci\u00f3n de arte modular interactivo con un mapping de 7200 LED que forman un t\u00fanel donde el p\u00fablico puede pasar por dentro. La m\u00fasica y los LED se sincronizan creando una experiencia inmersiva.<\/p>\n<p><img loading=\"lazy\" decoding=\"async\" class=\"aligncenter wp-image-58490 size-large\" src=\"https:\/\/www.cruillabarcelona.cat\/wp-content\/uploads\/2025\/06\/9T4A5700-12-1024x682.jpeg\" alt=\"\" width=\"900\" height=\"599\" srcset=\"https:\/\/www.cruillabarcelona.cat\/wp-content\/uploads\/2025\/06\/9T4A5700-12-1024x682.jpeg 1024w, https:\/\/www.cruillabarcelona.cat\/wp-content\/uploads\/2025\/06\/9T4A5700-12-768x512.jpeg 768w, https:\/\/www.cruillabarcelona.cat\/wp-content\/uploads\/2025\/06\/9T4A5700-12-300x200.jpeg 300w, https:\/\/www.cruillabarcelona.cat\/wp-content\/uploads\/2025\/06\/9T4A5700-12.jpeg 1280w\" sizes=\"auto, (max-width: 900px) 100vw, 900px\" \/><\/p>\n<p><a href=\"https:\/\/www.calidos.cat\/portfolio\/items\/circled-interactive-installation\/\" target=\"_blank\" rel=\"noopener\"><strong>CIRCLEd\u00a0<\/strong><\/a>incluye 24 t\u00f3tems de luz y 4 modos interactivos: sensores de movimiento, sonido, tacto y ritmo card\u00edaco que prometen sumergir al p\u00fablico en una experiencia envolvente \u00fanica.<\/p>\n<p><img loading=\"lazy\" decoding=\"async\" class=\"aligncenter wp-image-58493 size-large\" src=\"https:\/\/www.cruillabarcelona.cat\/wp-content\/uploads\/2025\/06\/CALIDOS_CRICLED-1024x681.jpeg\" alt=\"\" width=\"900\" height=\"599\" srcset=\"https:\/\/www.cruillabarcelona.cat\/wp-content\/uploads\/2025\/06\/CALIDOS_CRICLED-1024x681.jpeg 1024w, https:\/\/www.cruillabarcelona.cat\/wp-content\/uploads\/2025\/06\/CALIDOS_CRICLED-768x511.jpeg 768w, https:\/\/www.cruillabarcelona.cat\/wp-content\/uploads\/2025\/06\/CALIDOS_CRICLED-300x199.jpeg 300w, https:\/\/www.cruillabarcelona.cat\/wp-content\/uploads\/2025\/06\/CALIDOS_CRICLED.jpeg 1280w\" sizes=\"auto, (max-width: 900px) 100vw, 900px\" \/><\/p>\n","protected":false},"excerpt":{"rendered":"<p>En la edici\u00f3n de 2024, el Festival Cru\u00eflla colabor\u00f3 con la Fira de T\u00e0rrega para traer al recinto la instalaci\u00f3n lum\u00ednica LOOPHOLE de Calidos. Esta gran [&hellip;]<\/p>\n","protected":false},"author":2,"featured_media":58488,"parent":0,"menu_order":0,"comment_status":"closed","ping_status":"closed","template":"page-templates\/page-landing.php","meta":{"_acf_changed":false,"footnotes":""},"class_list":["post-58629","page","type-page","status-publish","has-post-thumbnail","hentry"],"acf":[],"yoast_head":"<!-- This site is optimized with the Yoast SEO plugin v27.3 - https:\/\/yoast.com\/product\/yoast-seo-wordpress\/ -->\n<title>INSTALACIONES - Festival Cru\u00eflla<\/title>\n<meta name=\"robots\" content=\"index, follow, max-snippet:-1, max-image-preview:large, max-video-preview:-1\" \/>\n<link rel=\"canonical\" href=\"https:\/\/www.cruillabarcelona.cat\/es\/installacions\/\" \/>\n<meta property=\"og:locale\" content=\"es_ES\" \/>\n<meta property=\"og:type\" content=\"article\" \/>\n<meta property=\"og:title\" content=\"INSTALACIONES - Festival Cru\u00eflla\" \/>\n<meta property=\"og:description\" content=\"En la edici\u00f3n de 2024, el Festival Cru\u00eflla colabor\u00f3 con la Fira de T\u00e0rrega para traer al recinto la instalaci\u00f3n lum\u00ednica LOOPHOLE de Calidos. Esta gran [&hellip;]\" \/>\n<meta property=\"og:url\" content=\"https:\/\/www.cruillabarcelona.cat\/es\/installacions\/\" \/>\n<meta property=\"og:site_name\" content=\"Festival Cru\u00eflla\" \/>\n<meta property=\"article:modified_time\" content=\"2025-07-23T10:42:24+00:00\" \/>\n<meta property=\"og:image\" content=\"https:\/\/www.cruillabarcelona.cat\/wp-content\/uploads\/2025\/06\/HEXX_ZP2023_Galerie_1920x108012.jpeg\" \/>\n\t<meta property=\"og:image:width\" content=\"1280\" \/>\n\t<meta property=\"og:image:height\" content=\"720\" \/>\n\t<meta property=\"og:image:type\" content=\"image\/jpeg\" \/>\n<meta name=\"twitter:card\" content=\"summary_large_image\" \/>\n<meta name=\"twitter:label1\" content=\"Tiempo de lectura\" \/>\n\t<meta name=\"twitter:data1\" content=\"2 minutos\" \/>\n<script type=\"application\/ld+json\" class=\"yoast-schema-graph\">{\"@context\":\"https:\\\/\\\/schema.org\",\"@graph\":[{\"@type\":\"WebPage\",\"@id\":\"https:\\\/\\\/www.cruillabarcelona.cat\\\/es\\\/installacions\\\/\",\"url\":\"https:\\\/\\\/www.cruillabarcelona.cat\\\/es\\\/installacions\\\/\",\"name\":\"INSTALACIONES - Festival Cru\u00eflla\",\"isPartOf\":{\"@id\":\"https:\\\/\\\/www.cruillabarcelona.cat\\\/es\\\/#website\"},\"primaryImageOfPage\":{\"@id\":\"https:\\\/\\\/www.cruillabarcelona.cat\\\/es\\\/installacions\\\/#primaryimage\"},\"image\":{\"@id\":\"https:\\\/\\\/www.cruillabarcelona.cat\\\/es\\\/installacions\\\/#primaryimage\"},\"thumbnailUrl\":\"https:\\\/\\\/www.cruillabarcelona.cat\\\/wp-content\\\/uploads\\\/2025\\\/06\\\/HEXX_ZP2023_Galerie_1920x108012.jpeg\",\"datePublished\":\"2025-06-02T11:27:59+00:00\",\"dateModified\":\"2025-07-23T10:42:24+00:00\",\"breadcrumb\":{\"@id\":\"https:\\\/\\\/www.cruillabarcelona.cat\\\/es\\\/installacions\\\/#breadcrumb\"},\"inLanguage\":\"es\",\"potentialAction\":[{\"@type\":\"ReadAction\",\"target\":[\"https:\\\/\\\/www.cruillabarcelona.cat\\\/es\\\/installacions\\\/\"]}]},{\"@type\":\"ImageObject\",\"inLanguage\":\"es\",\"@id\":\"https:\\\/\\\/www.cruillabarcelona.cat\\\/es\\\/installacions\\\/#primaryimage\",\"url\":\"https:\\\/\\\/www.cruillabarcelona.cat\\\/wp-content\\\/uploads\\\/2025\\\/06\\\/HEXX_ZP2023_Galerie_1920x108012.jpeg\",\"contentUrl\":\"https:\\\/\\\/www.cruillabarcelona.cat\\\/wp-content\\\/uploads\\\/2025\\\/06\\\/HEXX_ZP2023_Galerie_1920x108012.jpeg\",\"width\":1280,\"height\":720},{\"@type\":\"BreadcrumbList\",\"@id\":\"https:\\\/\\\/www.cruillabarcelona.cat\\\/es\\\/installacions\\\/#breadcrumb\",\"itemListElement\":[{\"@type\":\"ListItem\",\"position\":1,\"name\":\"Home\",\"item\":\"https:\\\/\\\/www.cruillabarcelona.cat\\\/es\\\/\"},{\"@type\":\"ListItem\",\"position\":2,\"name\":\"INSTALACIONES\"}]},{\"@type\":\"WebSite\",\"@id\":\"https:\\\/\\\/www.cruillabarcelona.cat\\\/es\\\/#website\",\"url\":\"https:\\\/\\\/www.cruillabarcelona.cat\\\/es\\\/\",\"name\":\"Festival Cru\u00eflla\",\"description\":\"\",\"publisher\":{\"@id\":\"https:\\\/\\\/www.cruillabarcelona.cat\\\/es\\\/#organization\"},\"potentialAction\":[{\"@type\":\"SearchAction\",\"target\":{\"@type\":\"EntryPoint\",\"urlTemplate\":\"https:\\\/\\\/www.cruillabarcelona.cat\\\/es\\\/?s={search_term_string}\"},\"query-input\":{\"@type\":\"PropertyValueSpecification\",\"valueRequired\":true,\"valueName\":\"search_term_string\"}}],\"inLanguage\":\"es\"},{\"@type\":\"Organization\",\"@id\":\"https:\\\/\\\/www.cruillabarcelona.cat\\\/es\\\/#organization\",\"name\":\"Festival Cru\u00eflla\",\"url\":\"https:\\\/\\\/www.cruillabarcelona.cat\\\/es\\\/\",\"logo\":{\"@type\":\"ImageObject\",\"inLanguage\":\"es\",\"@id\":\"https:\\\/\\\/www.cruillabarcelona.cat\\\/es\\\/#\\\/schema\\\/logo\\\/image\\\/\",\"url\":\"https:\\\/\\\/www.cruillabarcelona.cat\\\/wp-content\\\/uploads\\\/2025\\\/12\\\/cruill-logo-negativo.png\",\"contentUrl\":\"https:\\\/\\\/www.cruillabarcelona.cat\\\/wp-content\\\/uploads\\\/2025\\\/12\\\/cruill-logo-negativo.png\",\"width\":400,\"height\":101,\"caption\":\"Festival Cru\u00eflla\"},\"image\":{\"@id\":\"https:\\\/\\\/www.cruillabarcelona.cat\\\/es\\\/#\\\/schema\\\/logo\\\/image\\\/\"}}]}<\/script>\n<!-- \/ Yoast SEO plugin. -->","yoast_head_json":{"title":"INSTALACIONES - Festival Cru\u00eflla","robots":{"index":"index","follow":"follow","max-snippet":"max-snippet:-1","max-image-preview":"max-image-preview:large","max-video-preview":"max-video-preview:-1"},"canonical":"https:\/\/www.cruillabarcelona.cat\/es\/installacions\/","og_locale":"es_ES","og_type":"article","og_title":"INSTALACIONES - Festival Cru\u00eflla","og_description":"En la edici\u00f3n de 2024, el Festival Cru\u00eflla colabor\u00f3 con la Fira de T\u00e0rrega para traer al recinto la instalaci\u00f3n lum\u00ednica LOOPHOLE de Calidos. Esta gran [&hellip;]","og_url":"https:\/\/www.cruillabarcelona.cat\/es\/installacions\/","og_site_name":"Festival Cru\u00eflla","article_modified_time":"2025-07-23T10:42:24+00:00","og_image":[{"width":1280,"height":720,"url":"https:\/\/www.cruillabarcelona.cat\/wp-content\/uploads\/2025\/06\/HEXX_ZP2023_Galerie_1920x108012.jpeg","type":"image\/jpeg"}],"twitter_card":"summary_large_image","twitter_misc":{"Tiempo de lectura":"2 minutos"},"schema":{"@context":"https:\/\/schema.org","@graph":[{"@type":"WebPage","@id":"https:\/\/www.cruillabarcelona.cat\/es\/installacions\/","url":"https:\/\/www.cruillabarcelona.cat\/es\/installacions\/","name":"INSTALACIONES - Festival Cru\u00eflla","isPartOf":{"@id":"https:\/\/www.cruillabarcelona.cat\/es\/#website"},"primaryImageOfPage":{"@id":"https:\/\/www.cruillabarcelona.cat\/es\/installacions\/#primaryimage"},"image":{"@id":"https:\/\/www.cruillabarcelona.cat\/es\/installacions\/#primaryimage"},"thumbnailUrl":"https:\/\/www.cruillabarcelona.cat\/wp-content\/uploads\/2025\/06\/HEXX_ZP2023_Galerie_1920x108012.jpeg","datePublished":"2025-06-02T11:27:59+00:00","dateModified":"2025-07-23T10:42:24+00:00","breadcrumb":{"@id":"https:\/\/www.cruillabarcelona.cat\/es\/installacions\/#breadcrumb"},"inLanguage":"es","potentialAction":[{"@type":"ReadAction","target":["https:\/\/www.cruillabarcelona.cat\/es\/installacions\/"]}]},{"@type":"ImageObject","inLanguage":"es","@id":"https:\/\/www.cruillabarcelona.cat\/es\/installacions\/#primaryimage","url":"https:\/\/www.cruillabarcelona.cat\/wp-content\/uploads\/2025\/06\/HEXX_ZP2023_Galerie_1920x108012.jpeg","contentUrl":"https:\/\/www.cruillabarcelona.cat\/wp-content\/uploads\/2025\/06\/HEXX_ZP2023_Galerie_1920x108012.jpeg","width":1280,"height":720},{"@type":"BreadcrumbList","@id":"https:\/\/www.cruillabarcelona.cat\/es\/installacions\/#breadcrumb","itemListElement":[{"@type":"ListItem","position":1,"name":"Home","item":"https:\/\/www.cruillabarcelona.cat\/es\/"},{"@type":"ListItem","position":2,"name":"INSTALACIONES"}]},{"@type":"WebSite","@id":"https:\/\/www.cruillabarcelona.cat\/es\/#website","url":"https:\/\/www.cruillabarcelona.cat\/es\/","name":"Festival Cru\u00eflla","description":"","publisher":{"@id":"https:\/\/www.cruillabarcelona.cat\/es\/#organization"},"potentialAction":[{"@type":"SearchAction","target":{"@type":"EntryPoint","urlTemplate":"https:\/\/www.cruillabarcelona.cat\/es\/?s={search_term_string}"},"query-input":{"@type":"PropertyValueSpecification","valueRequired":true,"valueName":"search_term_string"}}],"inLanguage":"es"},{"@type":"Organization","@id":"https:\/\/www.cruillabarcelona.cat\/es\/#organization","name":"Festival Cru\u00eflla","url":"https:\/\/www.cruillabarcelona.cat\/es\/","logo":{"@type":"ImageObject","inLanguage":"es","@id":"https:\/\/www.cruillabarcelona.cat\/es\/#\/schema\/logo\/image\/","url":"https:\/\/www.cruillabarcelona.cat\/wp-content\/uploads\/2025\/12\/cruill-logo-negativo.png","contentUrl":"https:\/\/www.cruillabarcelona.cat\/wp-content\/uploads\/2025\/12\/cruill-logo-negativo.png","width":400,"height":101,"caption":"Festival Cru\u00eflla"},"image":{"@id":"https:\/\/www.cruillabarcelona.cat\/es\/#\/schema\/logo\/image\/"}}]}},"_links":{"self":[{"href":"https:\/\/www.cruillabarcelona.cat\/es\/wp-json\/wp\/v2\/pages\/58629","targetHints":{"allow":["GET"]}}],"collection":[{"href":"https:\/\/www.cruillabarcelona.cat\/es\/wp-json\/wp\/v2\/pages"}],"about":[{"href":"https:\/\/www.cruillabarcelona.cat\/es\/wp-json\/wp\/v2\/types\/page"}],"author":[{"embeddable":true,"href":"https:\/\/www.cruillabarcelona.cat\/es\/wp-json\/wp\/v2\/users\/2"}],"replies":[{"embeddable":true,"href":"https:\/\/www.cruillabarcelona.cat\/es\/wp-json\/wp\/v2\/comments?post=58629"}],"version-history":[{"count":3,"href":"https:\/\/www.cruillabarcelona.cat\/es\/wp-json\/wp\/v2\/pages\/58629\/revisions"}],"predecessor-version":[{"id":60484,"href":"https:\/\/www.cruillabarcelona.cat\/es\/wp-json\/wp\/v2\/pages\/58629\/revisions\/60484"}],"wp:featuredmedia":[{"embeddable":true,"href":"https:\/\/www.cruillabarcelona.cat\/es\/wp-json\/wp\/v2\/media\/58488"}],"wp:attachment":[{"href":"https:\/\/www.cruillabarcelona.cat\/es\/wp-json\/wp\/v2\/media?parent=58629"}],"curies":[{"name":"wp","href":"https:\/\/api.w.org\/{rel}","templated":true}]}}