{"id":58642,"date":"2025-06-02T13:28:03","date_gmt":"2025-06-02T11:28:03","guid":{"rendered":"https:\/\/www.cruillabarcelona.cat\/illustracio-participativa\/"},"modified":"2025-07-23T12:37:08","modified_gmt":"2025-07-23T10:37:08","slug":"illustracio-participativa","status":"publish","type":"page","link":"https:\/\/www.cruillabarcelona.cat\/es\/illustracio-participativa\/","title":{"rendered":"Il\u00b7lustraci\u00f3 participativa"},"content":{"rendered":"<h3>El Estafador<\/h3>\n<p>Colaboramos con ellos en pasadas ediciones y en la edici\u00f3n 2025 no pod\u00edan faltar: <strong>\u00a1El Estafador volvi\u00f3 al Festival Cru\u00eflla!<\/strong><\/p>\n<p><a href=\"https:\/\/elestafador.com\/\" target=\"_blank\" rel=\"noopener\">EL ESTAFADOR<\/a> es un colectivo art\u00edstico y una publicaci\u00f3n digital que cuenta con la participaci\u00f3n de m\u00e1s de 40 autores y autoras que, semanalmente, ofrecen su visi\u00f3n sobre temas de actualidad mediante el <strong>humor o la reflexi\u00f3n gr\u00e1fica.<\/strong><\/p>\n<p>El colectivo desarrolla instalaciones participativas a trav\u00e9s del dibujo, donde invita al p\u00fablico a interactuar con los artistas y a disfrutar de su trabajo, siempre con un toque de humor. El festival cont\u00f3 con dos de sus propuestas m\u00e1s originales:<\/p>\n<p data-start=\"132\" data-end=\"348\"><strong data-start=\"132\" data-end=\"150\">EL \u00abDIBUMAT\u00d3N\u00bb<\/strong>: El dibumat\u00f3n consisti\u00f3 en unas estructuras tipo fotomat\u00f3n, donde el p\u00fablico pudo sentarse mientras el dibujante lo inmortalizaba en un retrato que sal\u00eda como si fueran fotograf\u00edas de un fotomat\u00f3n.<\/p>\n<p data-start=\"350\" data-end=\"598\"><strong data-start=\"350\" data-end=\"365\">RADIOGRAF\u00cdA<\/strong>: La radiograf\u00eda fue una estructura tipo \u00abconsultorio m\u00e9dico\u00bb. El p\u00fablico se colocaba detr\u00e1s de una pantalla y el dibujante, vestido de doctor, creaba una radiograf\u00eda ficticia, inventada e imaginativa de cada persona que participaba.<\/p>\n<p data-start=\"600\" data-end=\"954\" data-is-last-node=\"\" data-is-only-node=\"\">Para estas actividades se cont\u00f3 con unos ilustradores de lujo: \u00a1Ruango, Chantal Vizca\u00edno, Ferran Capo, Me sangran los ojos, Dianaconda, Albert Gen\u00e9, Jose Tom\u00e1s, Gerard Helena Anillo, Marylou, Sarandonga, Erola Boix, Roger Petra, El Averigua, Iv\u00e1n Bravo, Atxe, La Perra Laika, Hilda Beriain, Mar\u00eda Valenzuela y Lope estuvieron en el Festival Cru\u00eflla 2025!<\/p>\n<p><img loading=\"lazy\" decoding=\"async\" class=\"aligncenter wp-image-58497 size-large\" src=\"https:\/\/www.cruillabarcelona.cat\/wp-content\/uploads\/2025\/06\/EL-ESTAFADOR_230706_Foto\u00a9VictorParreno_DSC_1981-1-1-1024x682.jpg\" alt=\"\" width=\"900\" height=\"599\" srcset=\"https:\/\/www.cruillabarcelona.cat\/wp-content\/uploads\/2025\/06\/EL-ESTAFADOR_230706_Foto\u00a9VictorParreno_DSC_1981-1-1-1024x682.jpg 1024w, https:\/\/www.cruillabarcelona.cat\/wp-content\/uploads\/2025\/06\/EL-ESTAFADOR_230706_Foto\u00a9VictorParreno_DSC_1981-1-1-768x511.jpg 768w, https:\/\/www.cruillabarcelona.cat\/wp-content\/uploads\/2025\/06\/EL-ESTAFADOR_230706_Foto\u00a9VictorParreno_DSC_1981-1-1-1536x1023.jpg 1536w, https:\/\/www.cruillabarcelona.cat\/wp-content\/uploads\/2025\/06\/EL-ESTAFADOR_230706_Foto\u00a9VictorParreno_DSC_1981-1-1-300x200.jpg 300w, https:\/\/www.cruillabarcelona.cat\/wp-content\/uploads\/2025\/06\/EL-ESTAFADOR_230706_Foto\u00a9VictorParreno_DSC_1981-1-1-1500x999.jpg 1500w, https:\/\/www.cruillabarcelona.cat\/wp-content\/uploads\/2025\/06\/EL-ESTAFADOR_230706_Foto\u00a9VictorParreno_DSC_1981-1-1.jpg 1750w\" sizes=\"auto, (max-width: 900px) 100vw, 900px\" \/><\/p>\n","protected":false},"excerpt":{"rendered":"<p>El Estafador Colaboramos con ellos en pasadas ediciones y en la edici\u00f3n 2025 no pod\u00edan faltar: \u00a1El Estafador volvi\u00f3 al Festival Cru\u00eflla! EL ESTAFADOR es un [&hellip;]<\/p>\n","protected":false},"author":2,"featured_media":58502,"parent":0,"menu_order":0,"comment_status":"closed","ping_status":"closed","template":"page-templates\/page-landing.php","meta":{"_acf_changed":false,"footnotes":""},"class_list":["post-58642","page","type-page","status-publish","has-post-thumbnail","hentry"],"acf":[],"yoast_head":"<!-- This site is optimized with the Yoast SEO plugin v27.3 - https:\/\/yoast.com\/product\/yoast-seo-wordpress\/ -->\n<title>Il\u00b7lustraci\u00f3 participativa - Festival Cru\u00eflla<\/title>\n<meta name=\"robots\" content=\"index, follow, max-snippet:-1, max-image-preview:large, max-video-preview:-1\" \/>\n<link rel=\"canonical\" href=\"https:\/\/www.cruillabarcelona.cat\/es\/illustracio-participativa\/\" \/>\n<meta property=\"og:locale\" content=\"es_ES\" \/>\n<meta property=\"og:type\" content=\"article\" \/>\n<meta property=\"og:title\" content=\"Il\u00b7lustraci\u00f3 participativa - Festival Cru\u00eflla\" \/>\n<meta property=\"og:description\" content=\"El Estafador Colaboramos con ellos en pasadas ediciones y en la edici\u00f3n 2025 no pod\u00edan faltar: \u00a1El Estafador volvi\u00f3 al Festival Cru\u00eflla! EL ESTAFADOR es un [&hellip;]\" \/>\n<meta property=\"og:url\" content=\"https:\/\/www.cruillabarcelona.cat\/es\/illustracio-participativa\/\" \/>\n<meta property=\"og:site_name\" content=\"Festival Cru\u00eflla\" \/>\n<meta property=\"article:modified_time\" content=\"2025-07-23T10:37:08+00:00\" \/>\n<meta property=\"og:image\" content=\"https:\/\/www.cruillabarcelona.cat\/wp-content\/uploads\/2025\/06\/4K_Toni-Villen_212204Z6P_5870-scaled.jpg\" \/>\n\t<meta property=\"og:image:width\" content=\"2560\" \/>\n\t<meta property=\"og:image:height\" content=\"1703\" \/>\n\t<meta property=\"og:image:type\" content=\"image\/jpeg\" \/>\n<meta name=\"twitter:card\" content=\"summary_large_image\" \/>\n<meta name=\"twitter:label1\" content=\"Tiempo de lectura\" \/>\n\t<meta name=\"twitter:data1\" content=\"2 minutos\" \/>\n<script type=\"application\/ld+json\" class=\"yoast-schema-graph\">{\"@context\":\"https:\\\/\\\/schema.org\",\"@graph\":[{\"@type\":\"WebPage\",\"@id\":\"https:\\\/\\\/www.cruillabarcelona.cat\\\/es\\\/illustracio-participativa\\\/\",\"url\":\"https:\\\/\\\/www.cruillabarcelona.cat\\\/es\\\/illustracio-participativa\\\/\",\"name\":\"Il\u00b7lustraci\u00f3 participativa - Festival Cru\u00eflla\",\"isPartOf\":{\"@id\":\"https:\\\/\\\/www.cruillabarcelona.cat\\\/es\\\/#website\"},\"primaryImageOfPage\":{\"@id\":\"https:\\\/\\\/www.cruillabarcelona.cat\\\/es\\\/illustracio-participativa\\\/#primaryimage\"},\"image\":{\"@id\":\"https:\\\/\\\/www.cruillabarcelona.cat\\\/es\\\/illustracio-participativa\\\/#primaryimage\"},\"thumbnailUrl\":\"https:\\\/\\\/www.cruillabarcelona.cat\\\/wp-content\\\/uploads\\\/2025\\\/06\\\/4K_Toni-Villen_212204Z6P_5870-scaled.jpg\",\"datePublished\":\"2025-06-02T11:28:03+00:00\",\"dateModified\":\"2025-07-23T10:37:08+00:00\",\"breadcrumb\":{\"@id\":\"https:\\\/\\\/www.cruillabarcelona.cat\\\/es\\\/illustracio-participativa\\\/#breadcrumb\"},\"inLanguage\":\"es\",\"potentialAction\":[{\"@type\":\"ReadAction\",\"target\":[\"https:\\\/\\\/www.cruillabarcelona.cat\\\/es\\\/illustracio-participativa\\\/\"]}]},{\"@type\":\"ImageObject\",\"inLanguage\":\"es\",\"@id\":\"https:\\\/\\\/www.cruillabarcelona.cat\\\/es\\\/illustracio-participativa\\\/#primaryimage\",\"url\":\"https:\\\/\\\/www.cruillabarcelona.cat\\\/wp-content\\\/uploads\\\/2025\\\/06\\\/4K_Toni-Villen_212204Z6P_5870-scaled.jpg\",\"contentUrl\":\"https:\\\/\\\/www.cruillabarcelona.cat\\\/wp-content\\\/uploads\\\/2025\\\/06\\\/4K_Toni-Villen_212204Z6P_5870-scaled.jpg\",\"width\":2560,\"height\":1703},{\"@type\":\"BreadcrumbList\",\"@id\":\"https:\\\/\\\/www.cruillabarcelona.cat\\\/es\\\/illustracio-participativa\\\/#breadcrumb\",\"itemListElement\":[{\"@type\":\"ListItem\",\"position\":1,\"name\":\"Home\",\"item\":\"https:\\\/\\\/www.cruillabarcelona.cat\\\/es\\\/\"},{\"@type\":\"ListItem\",\"position\":2,\"name\":\"Il\u00b7lustraci\u00f3 participativa\"}]},{\"@type\":\"WebSite\",\"@id\":\"https:\\\/\\\/www.cruillabarcelona.cat\\\/es\\\/#website\",\"url\":\"https:\\\/\\\/www.cruillabarcelona.cat\\\/es\\\/\",\"name\":\"Festival Cru\u00eflla\",\"description\":\"\",\"publisher\":{\"@id\":\"https:\\\/\\\/www.cruillabarcelona.cat\\\/es\\\/#organization\"},\"potentialAction\":[{\"@type\":\"SearchAction\",\"target\":{\"@type\":\"EntryPoint\",\"urlTemplate\":\"https:\\\/\\\/www.cruillabarcelona.cat\\\/es\\\/?s={search_term_string}\"},\"query-input\":{\"@type\":\"PropertyValueSpecification\",\"valueRequired\":true,\"valueName\":\"search_term_string\"}}],\"inLanguage\":\"es\"},{\"@type\":\"Organization\",\"@id\":\"https:\\\/\\\/www.cruillabarcelona.cat\\\/es\\\/#organization\",\"name\":\"Festival Cru\u00eflla\",\"url\":\"https:\\\/\\\/www.cruillabarcelona.cat\\\/es\\\/\",\"logo\":{\"@type\":\"ImageObject\",\"inLanguage\":\"es\",\"@id\":\"https:\\\/\\\/www.cruillabarcelona.cat\\\/es\\\/#\\\/schema\\\/logo\\\/image\\\/\",\"url\":\"https:\\\/\\\/www.cruillabarcelona.cat\\\/wp-content\\\/uploads\\\/2025\\\/12\\\/cruill-logo-negativo.png\",\"contentUrl\":\"https:\\\/\\\/www.cruillabarcelona.cat\\\/wp-content\\\/uploads\\\/2025\\\/12\\\/cruill-logo-negativo.png\",\"width\":400,\"height\":101,\"caption\":\"Festival Cru\u00eflla\"},\"image\":{\"@id\":\"https:\\\/\\\/www.cruillabarcelona.cat\\\/es\\\/#\\\/schema\\\/logo\\\/image\\\/\"}}]}<\/script>\n<!-- \/ Yoast SEO plugin. -->","yoast_head_json":{"title":"Il\u00b7lustraci\u00f3 participativa - Festival Cru\u00eflla","robots":{"index":"index","follow":"follow","max-snippet":"max-snippet:-1","max-image-preview":"max-image-preview:large","max-video-preview":"max-video-preview:-1"},"canonical":"https:\/\/www.cruillabarcelona.cat\/es\/illustracio-participativa\/","og_locale":"es_ES","og_type":"article","og_title":"Il\u00b7lustraci\u00f3 participativa - Festival Cru\u00eflla","og_description":"El Estafador Colaboramos con ellos en pasadas ediciones y en la edici\u00f3n 2025 no pod\u00edan faltar: \u00a1El Estafador volvi\u00f3 al Festival Cru\u00eflla! EL ESTAFADOR es un [&hellip;]","og_url":"https:\/\/www.cruillabarcelona.cat\/es\/illustracio-participativa\/","og_site_name":"Festival Cru\u00eflla","article_modified_time":"2025-07-23T10:37:08+00:00","og_image":[{"width":2560,"height":1703,"url":"https:\/\/www.cruillabarcelona.cat\/wp-content\/uploads\/2025\/06\/4K_Toni-Villen_212204Z6P_5870-scaled.jpg","type":"image\/jpeg"}],"twitter_card":"summary_large_image","twitter_misc":{"Tiempo de lectura":"2 minutos"},"schema":{"@context":"https:\/\/schema.org","@graph":[{"@type":"WebPage","@id":"https:\/\/www.cruillabarcelona.cat\/es\/illustracio-participativa\/","url":"https:\/\/www.cruillabarcelona.cat\/es\/illustracio-participativa\/","name":"Il\u00b7lustraci\u00f3 participativa - Festival Cru\u00eflla","isPartOf":{"@id":"https:\/\/www.cruillabarcelona.cat\/es\/#website"},"primaryImageOfPage":{"@id":"https:\/\/www.cruillabarcelona.cat\/es\/illustracio-participativa\/#primaryimage"},"image":{"@id":"https:\/\/www.cruillabarcelona.cat\/es\/illustracio-participativa\/#primaryimage"},"thumbnailUrl":"https:\/\/www.cruillabarcelona.cat\/wp-content\/uploads\/2025\/06\/4K_Toni-Villen_212204Z6P_5870-scaled.jpg","datePublished":"2025-06-02T11:28:03+00:00","dateModified":"2025-07-23T10:37:08+00:00","breadcrumb":{"@id":"https:\/\/www.cruillabarcelona.cat\/es\/illustracio-participativa\/#breadcrumb"},"inLanguage":"es","potentialAction":[{"@type":"ReadAction","target":["https:\/\/www.cruillabarcelona.cat\/es\/illustracio-participativa\/"]}]},{"@type":"ImageObject","inLanguage":"es","@id":"https:\/\/www.cruillabarcelona.cat\/es\/illustracio-participativa\/#primaryimage","url":"https:\/\/www.cruillabarcelona.cat\/wp-content\/uploads\/2025\/06\/4K_Toni-Villen_212204Z6P_5870-scaled.jpg","contentUrl":"https:\/\/www.cruillabarcelona.cat\/wp-content\/uploads\/2025\/06\/4K_Toni-Villen_212204Z6P_5870-scaled.jpg","width":2560,"height":1703},{"@type":"BreadcrumbList","@id":"https:\/\/www.cruillabarcelona.cat\/es\/illustracio-participativa\/#breadcrumb","itemListElement":[{"@type":"ListItem","position":1,"name":"Home","item":"https:\/\/www.cruillabarcelona.cat\/es\/"},{"@type":"ListItem","position":2,"name":"Il\u00b7lustraci\u00f3 participativa"}]},{"@type":"WebSite","@id":"https:\/\/www.cruillabarcelona.cat\/es\/#website","url":"https:\/\/www.cruillabarcelona.cat\/es\/","name":"Festival Cru\u00eflla","description":"","publisher":{"@id":"https:\/\/www.cruillabarcelona.cat\/es\/#organization"},"potentialAction":[{"@type":"SearchAction","target":{"@type":"EntryPoint","urlTemplate":"https:\/\/www.cruillabarcelona.cat\/es\/?s={search_term_string}"},"query-input":{"@type":"PropertyValueSpecification","valueRequired":true,"valueName":"search_term_string"}}],"inLanguage":"es"},{"@type":"Organization","@id":"https:\/\/www.cruillabarcelona.cat\/es\/#organization","name":"Festival Cru\u00eflla","url":"https:\/\/www.cruillabarcelona.cat\/es\/","logo":{"@type":"ImageObject","inLanguage":"es","@id":"https:\/\/www.cruillabarcelona.cat\/es\/#\/schema\/logo\/image\/","url":"https:\/\/www.cruillabarcelona.cat\/wp-content\/uploads\/2025\/12\/cruill-logo-negativo.png","contentUrl":"https:\/\/www.cruillabarcelona.cat\/wp-content\/uploads\/2025\/12\/cruill-logo-negativo.png","width":400,"height":101,"caption":"Festival Cru\u00eflla"},"image":{"@id":"https:\/\/www.cruillabarcelona.cat\/es\/#\/schema\/logo\/image\/"}}]}},"_links":{"self":[{"href":"https:\/\/www.cruillabarcelona.cat\/es\/wp-json\/wp\/v2\/pages\/58642","targetHints":{"allow":["GET"]}}],"collection":[{"href":"https:\/\/www.cruillabarcelona.cat\/es\/wp-json\/wp\/v2\/pages"}],"about":[{"href":"https:\/\/www.cruillabarcelona.cat\/es\/wp-json\/wp\/v2\/types\/page"}],"author":[{"embeddable":true,"href":"https:\/\/www.cruillabarcelona.cat\/es\/wp-json\/wp\/v2\/users\/2"}],"replies":[{"embeddable":true,"href":"https:\/\/www.cruillabarcelona.cat\/es\/wp-json\/wp\/v2\/comments?post=58642"}],"version-history":[{"count":3,"href":"https:\/\/www.cruillabarcelona.cat\/es\/wp-json\/wp\/v2\/pages\/58642\/revisions"}],"predecessor-version":[{"id":60481,"href":"https:\/\/www.cruillabarcelona.cat\/es\/wp-json\/wp\/v2\/pages\/58642\/revisions\/60481"}],"wp:featuredmedia":[{"embeddable":true,"href":"https:\/\/www.cruillabarcelona.cat\/es\/wp-json\/wp\/v2\/media\/58502"}],"wp:attachment":[{"href":"https:\/\/www.cruillabarcelona.cat\/es\/wp-json\/wp\/v2\/media?parent=58642"}],"curies":[{"name":"wp","href":"https:\/\/api.w.org\/{rel}","templated":true}]}}