{"id":58746,"date":"2025-06-03T10:45:17","date_gmt":"2025-06-03T08:45:17","guid":{"rendered":"https:\/\/www.cruillabarcelona.cat\/?page_id=58746"},"modified":"2025-06-16T17:42:21","modified_gmt":"2025-06-16T15:42:21","slug":"comunidad-entorno-sostenibilidad","status":"publish","type":"page","link":"https:\/\/www.cruillabarcelona.cat\/es\/comunidad-entorno-sostenibilidad\/","title":{"rendered":"Comunidad local y entorno natural"},"content":{"rendered":"<h1 style=\"text-align: center;\"><span style=\"color: #62a363;\">Porque somos orgullosamente barceloneses, \u00a1cuidamos la ciudad!<\/span><\/h1>\n<p>Somos un festival orgullosamente barcelon\u00e9s y eso nos hace querer devolverle a la ciudad todo lo que nos da a\u00f1o tras a\u00f1o. No solo vivimos en ella, sino que tambi\u00e9n convivimos con este territorio, por eso nos coordinamos con agentes locales para <strong>minimizar el impacto ambiental del festival a la ciudad y a tener el m\u00e1ximo cuidado de la ciudad.<\/strong><\/p>\n<p>A parte de elaborar un\u00a0<strong>mapa sonoro\u00a0<\/strong>y\u00a0<strong>medir nuestro impacto ac\u00fastico,\u00a0<\/strong>activamos otras medidas para avanzar en esta direcci\u00f3n.<\/p>\n<p>Por un lado,\u00a0<strong>contractamos personal de Barcelona<\/strong> y m\u00e1s concretamente en el \u00e1rea del Parc del F\u00f2rum, con tal de favorecer la econom\u00eda del barrio. Por otro lado, colaboramos haciendo\u00a0<strong>donativos<\/strong> a sus entidades gracias a\u00a0<strong>REDUXO<\/strong>, una empresa de m\u00e1quinas compactadoras de fracciones de residuos que nos han cedido una de ellas para poder reciclar todas las latas y botellas que usen los trabajadores del festival, compactarlas y venderlas. El valor recaudado ser\u00e1 dado a estas entidades.<\/p>\n<p>Adem\u00e1s, gracias al\u00a0<strong>Green Team de Endesa<\/strong>, un equipo m\u00f3vil formado por 25 personas, y a su plat\u00f3 ubicado en el centro del recinto, damos a conocer las acciones que llevamos a cabo en el festival en t\u00e9rminos de sostenibilidad y contribuimos a\u00a0<strong>mejorar la consciencia medioambiental<\/strong> de los y las asistentes al festival. A partir de juegos interactivos y paneles explicativos, Endesa y el Festival Cru\u00eflla buscan educar, inspirar y empoderar al p\u00fablico, promoviendo valores como la circularidad y el esp\u00edritu cr\u00edtico.<\/p>\n","protected":false},"excerpt":{"rendered":"<p>Porque somos orgullosamente barceloneses, \u00a1cuidamos la ciudad! Somos un festival orgullosamente barcelon\u00e9s y eso nos hace querer devolverle a la ciudad todo lo que nos da [&hellip;]<\/p>\n","protected":false},"author":2,"featured_media":58063,"parent":0,"menu_order":0,"comment_status":"closed","ping_status":"closed","template":"page-templates\/page-landing.php","meta":{"_acf_changed":false,"footnotes":""},"class_list":["post-58746","page","type-page","status-publish","has-post-thumbnail","hentry"],"acf":[],"yoast_head":"<!-- This site is optimized with the Yoast SEO plugin v27.5 - https:\/\/yoast.com\/product\/yoast-seo-wordpress\/ -->\n<title>Comunidad local y entorno natural - Festival Cru\u00eflla<\/title>\n<meta name=\"robots\" content=\"index, follow, max-snippet:-1, max-image-preview:large, max-video-preview:-1\" \/>\n<link rel=\"canonical\" href=\"https:\/\/www.cruillabarcelona.cat\/es\/comunidad-entorno-sostenibilidad\/\" \/>\n<meta property=\"og:locale\" content=\"es_ES\" \/>\n<meta property=\"og:type\" content=\"article\" \/>\n<meta property=\"og:title\" content=\"Comunidad local y entorno natural - Festival Cru\u00eflla\" \/>\n<meta property=\"og:description\" content=\"Porque somos orgullosamente barceloneses, \u00a1cuidamos la ciudad! Somos un festival orgullosamente barcelon\u00e9s y eso nos hace querer devolverle a la ciudad todo lo que nos da [&hellip;]\" \/>\n<meta property=\"og:url\" content=\"https:\/\/www.cruillabarcelona.cat\/es\/comunidad-entorno-sostenibilidad\/\" \/>\n<meta property=\"og:site_name\" content=\"Festival Cru\u00eflla\" \/>\n<meta property=\"article:modified_time\" content=\"2025-06-16T15:42:21+00:00\" \/>\n<meta property=\"og:image\" content=\"https:\/\/www.cruillabarcelona.cat\/wp-content\/uploads\/2025\/05\/Copia-de-AMBIENT_ChristianBertrand142-min-scaled.jpg\" \/>\n\t<meta property=\"og:image:width\" content=\"2048\" \/>\n\t<meta property=\"og:image:height\" content=\"2560\" \/>\n\t<meta property=\"og:image:type\" content=\"image\/jpeg\" \/>\n<meta name=\"twitter:card\" content=\"summary_large_image\" \/>\n<meta name=\"twitter:label1\" content=\"Tiempo de lectura\" \/>\n\t<meta name=\"twitter:data1\" content=\"2 minutos\" \/>\n<script type=\"application\/ld+json\" class=\"yoast-schema-graph\">{\"@context\":\"https:\\\/\\\/schema.org\",\"@graph\":[{\"@type\":\"WebPage\",\"@id\":\"https:\\\/\\\/www.cruillabarcelona.cat\\\/es\\\/comunidad-entorno-sostenibilidad\\\/\",\"url\":\"https:\\\/\\\/www.cruillabarcelona.cat\\\/es\\\/comunidad-entorno-sostenibilidad\\\/\",\"name\":\"Comunidad local y entorno natural - Festival Cru\u00eflla\",\"isPartOf\":{\"@id\":\"https:\\\/\\\/www.cruillabarcelona.cat\\\/es\\\/#website\"},\"primaryImageOfPage\":{\"@id\":\"https:\\\/\\\/www.cruillabarcelona.cat\\\/es\\\/comunidad-entorno-sostenibilidad\\\/#primaryimage\"},\"image\":{\"@id\":\"https:\\\/\\\/www.cruillabarcelona.cat\\\/es\\\/comunidad-entorno-sostenibilidad\\\/#primaryimage\"},\"thumbnailUrl\":\"https:\\\/\\\/www.cruillabarcelona.cat\\\/wp-content\\\/uploads\\\/2025\\\/05\\\/Copia-de-AMBIENT_ChristianBertrand142-min-scaled.jpg\",\"datePublished\":\"2025-06-03T08:45:17+00:00\",\"dateModified\":\"2025-06-16T15:42:21+00:00\",\"breadcrumb\":{\"@id\":\"https:\\\/\\\/www.cruillabarcelona.cat\\\/es\\\/comunidad-entorno-sostenibilidad\\\/#breadcrumb\"},\"inLanguage\":\"es\",\"potentialAction\":[{\"@type\":\"ReadAction\",\"target\":[\"https:\\\/\\\/www.cruillabarcelona.cat\\\/es\\\/comunidad-entorno-sostenibilidad\\\/\"]}]},{\"@type\":\"ImageObject\",\"inLanguage\":\"es\",\"@id\":\"https:\\\/\\\/www.cruillabarcelona.cat\\\/es\\\/comunidad-entorno-sostenibilidad\\\/#primaryimage\",\"url\":\"https:\\\/\\\/www.cruillabarcelona.cat\\\/wp-content\\\/uploads\\\/2025\\\/05\\\/Copia-de-AMBIENT_ChristianBertrand142-min-scaled.jpg\",\"contentUrl\":\"https:\\\/\\\/www.cruillabarcelona.cat\\\/wp-content\\\/uploads\\\/2025\\\/05\\\/Copia-de-AMBIENT_ChristianBertrand142-min-scaled.jpg\",\"width\":2048,\"height\":2560},{\"@type\":\"BreadcrumbList\",\"@id\":\"https:\\\/\\\/www.cruillabarcelona.cat\\\/es\\\/comunidad-entorno-sostenibilidad\\\/#breadcrumb\",\"itemListElement\":[{\"@type\":\"ListItem\",\"position\":1,\"name\":\"Home\",\"item\":\"https:\\\/\\\/www.cruillabarcelona.cat\\\/es\\\/\"},{\"@type\":\"ListItem\",\"position\":2,\"name\":\"Comunidad local y entorno natural\"}]},{\"@type\":\"WebSite\",\"@id\":\"https:\\\/\\\/www.cruillabarcelona.cat\\\/es\\\/#website\",\"url\":\"https:\\\/\\\/www.cruillabarcelona.cat\\\/es\\\/\",\"name\":\"Festival Cru\u00eflla\",\"description\":\"\",\"publisher\":{\"@id\":\"https:\\\/\\\/www.cruillabarcelona.cat\\\/es\\\/#organization\"},\"potentialAction\":[{\"@type\":\"SearchAction\",\"target\":{\"@type\":\"EntryPoint\",\"urlTemplate\":\"https:\\\/\\\/www.cruillabarcelona.cat\\\/es\\\/?s={search_term_string}\"},\"query-input\":{\"@type\":\"PropertyValueSpecification\",\"valueRequired\":true,\"valueName\":\"search_term_string\"}}],\"inLanguage\":\"es\"},{\"@type\":\"Organization\",\"@id\":\"https:\\\/\\\/www.cruillabarcelona.cat\\\/es\\\/#organization\",\"name\":\"Festival Cru\u00eflla\",\"url\":\"https:\\\/\\\/www.cruillabarcelona.cat\\\/es\\\/\",\"logo\":{\"@type\":\"ImageObject\",\"inLanguage\":\"es\",\"@id\":\"https:\\\/\\\/www.cruillabarcelona.cat\\\/es\\\/#\\\/schema\\\/logo\\\/image\\\/\",\"url\":\"https:\\\/\\\/www.cruillabarcelona.cat\\\/wp-content\\\/uploads\\\/2025\\\/12\\\/cruill-logo-negativo.png\",\"contentUrl\":\"https:\\\/\\\/www.cruillabarcelona.cat\\\/wp-content\\\/uploads\\\/2025\\\/12\\\/cruill-logo-negativo.png\",\"width\":400,\"height\":101,\"caption\":\"Festival Cru\u00eflla\"},\"image\":{\"@id\":\"https:\\\/\\\/www.cruillabarcelona.cat\\\/es\\\/#\\\/schema\\\/logo\\\/image\\\/\"}}]}<\/script>\n<!-- \/ Yoast SEO plugin. -->","yoast_head_json":{"title":"Comunidad local y entorno natural - Festival Cru\u00eflla","robots":{"index":"index","follow":"follow","max-snippet":"max-snippet:-1","max-image-preview":"max-image-preview:large","max-video-preview":"max-video-preview:-1"},"canonical":"https:\/\/www.cruillabarcelona.cat\/es\/comunidad-entorno-sostenibilidad\/","og_locale":"es_ES","og_type":"article","og_title":"Comunidad local y entorno natural - Festival Cru\u00eflla","og_description":"Porque somos orgullosamente barceloneses, \u00a1cuidamos la ciudad! Somos un festival orgullosamente barcelon\u00e9s y eso nos hace querer devolverle a la ciudad todo lo que nos da [&hellip;]","og_url":"https:\/\/www.cruillabarcelona.cat\/es\/comunidad-entorno-sostenibilidad\/","og_site_name":"Festival Cru\u00eflla","article_modified_time":"2025-06-16T15:42:21+00:00","og_image":[{"width":2048,"height":2560,"url":"https:\/\/www.cruillabarcelona.cat\/wp-content\/uploads\/2025\/05\/Copia-de-AMBIENT_ChristianBertrand142-min-scaled.jpg","type":"image\/jpeg"}],"twitter_card":"summary_large_image","twitter_misc":{"Tiempo de lectura":"2 minutos"},"schema":{"@context":"https:\/\/schema.org","@graph":[{"@type":"WebPage","@id":"https:\/\/www.cruillabarcelona.cat\/es\/comunidad-entorno-sostenibilidad\/","url":"https:\/\/www.cruillabarcelona.cat\/es\/comunidad-entorno-sostenibilidad\/","name":"Comunidad local y entorno natural - Festival Cru\u00eflla","isPartOf":{"@id":"https:\/\/www.cruillabarcelona.cat\/es\/#website"},"primaryImageOfPage":{"@id":"https:\/\/www.cruillabarcelona.cat\/es\/comunidad-entorno-sostenibilidad\/#primaryimage"},"image":{"@id":"https:\/\/www.cruillabarcelona.cat\/es\/comunidad-entorno-sostenibilidad\/#primaryimage"},"thumbnailUrl":"https:\/\/www.cruillabarcelona.cat\/wp-content\/uploads\/2025\/05\/Copia-de-AMBIENT_ChristianBertrand142-min-scaled.jpg","datePublished":"2025-06-03T08:45:17+00:00","dateModified":"2025-06-16T15:42:21+00:00","breadcrumb":{"@id":"https:\/\/www.cruillabarcelona.cat\/es\/comunidad-entorno-sostenibilidad\/#breadcrumb"},"inLanguage":"es","potentialAction":[{"@type":"ReadAction","target":["https:\/\/www.cruillabarcelona.cat\/es\/comunidad-entorno-sostenibilidad\/"]}]},{"@type":"ImageObject","inLanguage":"es","@id":"https:\/\/www.cruillabarcelona.cat\/es\/comunidad-entorno-sostenibilidad\/#primaryimage","url":"https:\/\/www.cruillabarcelona.cat\/wp-content\/uploads\/2025\/05\/Copia-de-AMBIENT_ChristianBertrand142-min-scaled.jpg","contentUrl":"https:\/\/www.cruillabarcelona.cat\/wp-content\/uploads\/2025\/05\/Copia-de-AMBIENT_ChristianBertrand142-min-scaled.jpg","width":2048,"height":2560},{"@type":"BreadcrumbList","@id":"https:\/\/www.cruillabarcelona.cat\/es\/comunidad-entorno-sostenibilidad\/#breadcrumb","itemListElement":[{"@type":"ListItem","position":1,"name":"Home","item":"https:\/\/www.cruillabarcelona.cat\/es\/"},{"@type":"ListItem","position":2,"name":"Comunidad local y entorno natural"}]},{"@type":"WebSite","@id":"https:\/\/www.cruillabarcelona.cat\/es\/#website","url":"https:\/\/www.cruillabarcelona.cat\/es\/","name":"Festival Cru\u00eflla","description":"","publisher":{"@id":"https:\/\/www.cruillabarcelona.cat\/es\/#organization"},"potentialAction":[{"@type":"SearchAction","target":{"@type":"EntryPoint","urlTemplate":"https:\/\/www.cruillabarcelona.cat\/es\/?s={search_term_string}"},"query-input":{"@type":"PropertyValueSpecification","valueRequired":true,"valueName":"search_term_string"}}],"inLanguage":"es"},{"@type":"Organization","@id":"https:\/\/www.cruillabarcelona.cat\/es\/#organization","name":"Festival Cru\u00eflla","url":"https:\/\/www.cruillabarcelona.cat\/es\/","logo":{"@type":"ImageObject","inLanguage":"es","@id":"https:\/\/www.cruillabarcelona.cat\/es\/#\/schema\/logo\/image\/","url":"https:\/\/www.cruillabarcelona.cat\/wp-content\/uploads\/2025\/12\/cruill-logo-negativo.png","contentUrl":"https:\/\/www.cruillabarcelona.cat\/wp-content\/uploads\/2025\/12\/cruill-logo-negativo.png","width":400,"height":101,"caption":"Festival Cru\u00eflla"},"image":{"@id":"https:\/\/www.cruillabarcelona.cat\/es\/#\/schema\/logo\/image\/"}}]}},"_links":{"self":[{"href":"https:\/\/www.cruillabarcelona.cat\/es\/wp-json\/wp\/v2\/pages\/58746","targetHints":{"allow":["GET"]}}],"collection":[{"href":"https:\/\/www.cruillabarcelona.cat\/es\/wp-json\/wp\/v2\/pages"}],"about":[{"href":"https:\/\/www.cruillabarcelona.cat\/es\/wp-json\/wp\/v2\/types\/page"}],"author":[{"embeddable":true,"href":"https:\/\/www.cruillabarcelona.cat\/es\/wp-json\/wp\/v2\/users\/2"}],"replies":[{"embeddable":true,"href":"https:\/\/www.cruillabarcelona.cat\/es\/wp-json\/wp\/v2\/comments?post=58746"}],"version-history":[{"count":4,"href":"https:\/\/www.cruillabarcelona.cat\/es\/wp-json\/wp\/v2\/pages\/58746\/revisions"}],"predecessor-version":[{"id":59740,"href":"https:\/\/www.cruillabarcelona.cat\/es\/wp-json\/wp\/v2\/pages\/58746\/revisions\/59740"}],"wp:featuredmedia":[{"embeddable":true,"href":"https:\/\/www.cruillabarcelona.cat\/es\/wp-json\/wp\/v2\/media\/58063"}],"wp:attachment":[{"href":"https:\/\/www.cruillabarcelona.cat\/es\/wp-json\/wp\/v2\/media?parent=58746"}],"curies":[{"name":"wp","href":"https:\/\/api.w.org\/{rel}","templated":true}]}}