{"id":58752,"date":"2025-06-03T11:00:48","date_gmt":"2025-06-03T09:00:48","guid":{"rendered":"https:\/\/www.cruillabarcelona.cat\/?page_id=58752"},"modified":"2025-06-03T11:00:48","modified_gmt":"2025-06-03T09:00:48","slug":"impacto-acustico-sostenibilidad","status":"publish","type":"page","link":"https:\/\/www.cruillabarcelona.cat\/es\/impacto-acustico-sostenibilidad\/","title":{"rendered":"Impacto ac\u00fastico"},"content":{"rendered":"<h1 style=\"text-align: center;\"><span style=\"color: #339966;\">\u00a1Lo que no vemos tambi\u00e9n tiene un impacto!<\/span><\/h1>\n<p>Somos un festival de m\u00fasica y nos encanta disfrutarla al m\u00e1ximo, pero somos conscientes que nuestro <strong>impacto ac\u00fastico<\/strong> puede tener consecuencias en el bienestar de las vecinas y vecinos y en el medio ambiente.<\/p>\n<p>Por eso, un a\u00f1o m\u00e1s realizamos un <strong>estudio de nuestro impacto ac\u00fastico<\/strong> y aplicamos medidas como la <strong>direcci\u00f3n de los escenarios<\/strong> con tal de minimizar el impacto en el vecindario que vive m\u00e1s cerca del festival, la incorporaci\u00f3n de<strong> limitadores del nivel sonoro<\/strong> en los sistemas de sonido o la <strong>realizaci\u00f3n de sonometr\u00edas<\/strong> a diferentes puntos del barrio durante el festival para controlar este impacto.<\/p>\n<p>Tambi\u00e9n con el\u00a0<strong>objetivo de proteger a los asistentes de la contaminaci\u00f3n ac\u00fastica\u00a0<\/strong>y preservar su salud auditiva, sobretodo la de los m\u00e1s peque\u00f1os, gracias a\u00a0<strong>Endesa<\/strong> ofrecemos\u00a0<strong>cascos protectores<\/strong> para todo el mundo que lo necesite.<\/p>\n","protected":false},"excerpt":{"rendered":"<p>\u00a1Lo que no vemos tambi\u00e9n tiene un impacto! Somos un festival de m\u00fasica y nos encanta disfrutarla al m\u00e1ximo, pero somos conscientes que nuestro impacto ac\u00fastico [&hellip;]<\/p>\n","protected":false},"author":2,"featured_media":58058,"parent":0,"menu_order":0,"comment_status":"closed","ping_status":"closed","template":"page-templates\/page-landing.php","meta":{"_acf_changed":false,"footnotes":""},"class_list":["post-58752","page","type-page","status-publish","has-post-thumbnail","hentry"],"acf":[],"yoast_head":"<!-- This site is optimized with the Yoast SEO plugin v27.5 - https:\/\/yoast.com\/product\/yoast-seo-wordpress\/ -->\n<title>Impacto ac\u00fastico - Festival Cru\u00eflla<\/title>\n<meta name=\"robots\" content=\"index, follow, max-snippet:-1, max-image-preview:large, max-video-preview:-1\" \/>\n<link rel=\"canonical\" href=\"https:\/\/www.cruillabarcelona.cat\/es\/impacto-acustico-sostenibilidad\/\" \/>\n<meta property=\"og:locale\" content=\"es_ES\" \/>\n<meta property=\"og:type\" content=\"article\" \/>\n<meta property=\"og:title\" content=\"Impacto ac\u00fastico - Festival Cru\u00eflla\" \/>\n<meta property=\"og:description\" content=\"\u00a1Lo que no vemos tambi\u00e9n tiene un impacto! Somos un festival de m\u00fasica y nos encanta disfrutarla al m\u00e1ximo, pero somos conscientes que nuestro impacto ac\u00fastico [&hellip;]\" \/>\n<meta property=\"og:url\" content=\"https:\/\/www.cruillabarcelona.cat\/es\/impacto-acustico-sostenibilidad\/\" \/>\n<meta property=\"og:site_name\" content=\"Festival Cru\u00eflla\" \/>\n<meta property=\"og:image\" content=\"https:\/\/www.cruillabarcelona.cat\/wp-content\/uploads\/2025\/05\/OLGA_TANON__LF_4575_PhotoXaviTorrent_-min-scaled.jpg\" \/>\n\t<meta property=\"og:image:width\" content=\"2560\" \/>\n\t<meta property=\"og:image:height\" content=\"1708\" \/>\n\t<meta property=\"og:image:type\" content=\"image\/jpeg\" \/>\n<meta name=\"twitter:card\" content=\"summary_large_image\" \/>\n<meta name=\"twitter:label1\" content=\"Tiempo de lectura\" \/>\n\t<meta name=\"twitter:data1\" content=\"1 minuto\" \/>\n<script type=\"application\/ld+json\" class=\"yoast-schema-graph\">{\"@context\":\"https:\\\/\\\/schema.org\",\"@graph\":[{\"@type\":\"WebPage\",\"@id\":\"https:\\\/\\\/www.cruillabarcelona.cat\\\/es\\\/impacto-acustico-sostenibilidad\\\/\",\"url\":\"https:\\\/\\\/www.cruillabarcelona.cat\\\/es\\\/impacto-acustico-sostenibilidad\\\/\",\"name\":\"Impacto ac\u00fastico - Festival Cru\u00eflla\",\"isPartOf\":{\"@id\":\"https:\\\/\\\/www.cruillabarcelona.cat\\\/es\\\/#website\"},\"primaryImageOfPage\":{\"@id\":\"https:\\\/\\\/www.cruillabarcelona.cat\\\/es\\\/impacto-acustico-sostenibilidad\\\/#primaryimage\"},\"image\":{\"@id\":\"https:\\\/\\\/www.cruillabarcelona.cat\\\/es\\\/impacto-acustico-sostenibilidad\\\/#primaryimage\"},\"thumbnailUrl\":\"https:\\\/\\\/www.cruillabarcelona.cat\\\/wp-content\\\/uploads\\\/2025\\\/05\\\/OLGA_TANON__LF_4575_PhotoXaviTorrent_-min-scaled.jpg\",\"datePublished\":\"2025-06-03T09:00:48+00:00\",\"breadcrumb\":{\"@id\":\"https:\\\/\\\/www.cruillabarcelona.cat\\\/es\\\/impacto-acustico-sostenibilidad\\\/#breadcrumb\"},\"inLanguage\":\"es\",\"potentialAction\":[{\"@type\":\"ReadAction\",\"target\":[\"https:\\\/\\\/www.cruillabarcelona.cat\\\/es\\\/impacto-acustico-sostenibilidad\\\/\"]}]},{\"@type\":\"ImageObject\",\"inLanguage\":\"es\",\"@id\":\"https:\\\/\\\/www.cruillabarcelona.cat\\\/es\\\/impacto-acustico-sostenibilidad\\\/#primaryimage\",\"url\":\"https:\\\/\\\/www.cruillabarcelona.cat\\\/wp-content\\\/uploads\\\/2025\\\/05\\\/OLGA_TANON__LF_4575_PhotoXaviTorrent_-min-scaled.jpg\",\"contentUrl\":\"https:\\\/\\\/www.cruillabarcelona.cat\\\/wp-content\\\/uploads\\\/2025\\\/05\\\/OLGA_TANON__LF_4575_PhotoXaviTorrent_-min-scaled.jpg\",\"width\":2560,\"height\":1708},{\"@type\":\"BreadcrumbList\",\"@id\":\"https:\\\/\\\/www.cruillabarcelona.cat\\\/es\\\/impacto-acustico-sostenibilidad\\\/#breadcrumb\",\"itemListElement\":[{\"@type\":\"ListItem\",\"position\":1,\"name\":\"Home\",\"item\":\"https:\\\/\\\/www.cruillabarcelona.cat\\\/es\\\/\"},{\"@type\":\"ListItem\",\"position\":2,\"name\":\"Impacto ac\u00fastico\"}]},{\"@type\":\"WebSite\",\"@id\":\"https:\\\/\\\/www.cruillabarcelona.cat\\\/es\\\/#website\",\"url\":\"https:\\\/\\\/www.cruillabarcelona.cat\\\/es\\\/\",\"name\":\"Festival Cru\u00eflla\",\"description\":\"\",\"publisher\":{\"@id\":\"https:\\\/\\\/www.cruillabarcelona.cat\\\/es\\\/#organization\"},\"potentialAction\":[{\"@type\":\"SearchAction\",\"target\":{\"@type\":\"EntryPoint\",\"urlTemplate\":\"https:\\\/\\\/www.cruillabarcelona.cat\\\/es\\\/?s={search_term_string}\"},\"query-input\":{\"@type\":\"PropertyValueSpecification\",\"valueRequired\":true,\"valueName\":\"search_term_string\"}}],\"inLanguage\":\"es\"},{\"@type\":\"Organization\",\"@id\":\"https:\\\/\\\/www.cruillabarcelona.cat\\\/es\\\/#organization\",\"name\":\"Festival Cru\u00eflla\",\"url\":\"https:\\\/\\\/www.cruillabarcelona.cat\\\/es\\\/\",\"logo\":{\"@type\":\"ImageObject\",\"inLanguage\":\"es\",\"@id\":\"https:\\\/\\\/www.cruillabarcelona.cat\\\/es\\\/#\\\/schema\\\/logo\\\/image\\\/\",\"url\":\"https:\\\/\\\/www.cruillabarcelona.cat\\\/wp-content\\\/uploads\\\/2025\\\/12\\\/cruill-logo-negativo.png\",\"contentUrl\":\"https:\\\/\\\/www.cruillabarcelona.cat\\\/wp-content\\\/uploads\\\/2025\\\/12\\\/cruill-logo-negativo.png\",\"width\":400,\"height\":101,\"caption\":\"Festival Cru\u00eflla\"},\"image\":{\"@id\":\"https:\\\/\\\/www.cruillabarcelona.cat\\\/es\\\/#\\\/schema\\\/logo\\\/image\\\/\"}}]}<\/script>\n<!-- \/ Yoast SEO plugin. -->","yoast_head_json":{"title":"Impacto ac\u00fastico - Festival Cru\u00eflla","robots":{"index":"index","follow":"follow","max-snippet":"max-snippet:-1","max-image-preview":"max-image-preview:large","max-video-preview":"max-video-preview:-1"},"canonical":"https:\/\/www.cruillabarcelona.cat\/es\/impacto-acustico-sostenibilidad\/","og_locale":"es_ES","og_type":"article","og_title":"Impacto ac\u00fastico - Festival Cru\u00eflla","og_description":"\u00a1Lo que no vemos tambi\u00e9n tiene un impacto! Somos un festival de m\u00fasica y nos encanta disfrutarla al m\u00e1ximo, pero somos conscientes que nuestro impacto ac\u00fastico [&hellip;]","og_url":"https:\/\/www.cruillabarcelona.cat\/es\/impacto-acustico-sostenibilidad\/","og_site_name":"Festival Cru\u00eflla","og_image":[{"width":2560,"height":1708,"url":"https:\/\/www.cruillabarcelona.cat\/wp-content\/uploads\/2025\/05\/OLGA_TANON__LF_4575_PhotoXaviTorrent_-min-scaled.jpg","type":"image\/jpeg"}],"twitter_card":"summary_large_image","twitter_misc":{"Tiempo de lectura":"1 minuto"},"schema":{"@context":"https:\/\/schema.org","@graph":[{"@type":"WebPage","@id":"https:\/\/www.cruillabarcelona.cat\/es\/impacto-acustico-sostenibilidad\/","url":"https:\/\/www.cruillabarcelona.cat\/es\/impacto-acustico-sostenibilidad\/","name":"Impacto ac\u00fastico - Festival Cru\u00eflla","isPartOf":{"@id":"https:\/\/www.cruillabarcelona.cat\/es\/#website"},"primaryImageOfPage":{"@id":"https:\/\/www.cruillabarcelona.cat\/es\/impacto-acustico-sostenibilidad\/#primaryimage"},"image":{"@id":"https:\/\/www.cruillabarcelona.cat\/es\/impacto-acustico-sostenibilidad\/#primaryimage"},"thumbnailUrl":"https:\/\/www.cruillabarcelona.cat\/wp-content\/uploads\/2025\/05\/OLGA_TANON__LF_4575_PhotoXaviTorrent_-min-scaled.jpg","datePublished":"2025-06-03T09:00:48+00:00","breadcrumb":{"@id":"https:\/\/www.cruillabarcelona.cat\/es\/impacto-acustico-sostenibilidad\/#breadcrumb"},"inLanguage":"es","potentialAction":[{"@type":"ReadAction","target":["https:\/\/www.cruillabarcelona.cat\/es\/impacto-acustico-sostenibilidad\/"]}]},{"@type":"ImageObject","inLanguage":"es","@id":"https:\/\/www.cruillabarcelona.cat\/es\/impacto-acustico-sostenibilidad\/#primaryimage","url":"https:\/\/www.cruillabarcelona.cat\/wp-content\/uploads\/2025\/05\/OLGA_TANON__LF_4575_PhotoXaviTorrent_-min-scaled.jpg","contentUrl":"https:\/\/www.cruillabarcelona.cat\/wp-content\/uploads\/2025\/05\/OLGA_TANON__LF_4575_PhotoXaviTorrent_-min-scaled.jpg","width":2560,"height":1708},{"@type":"BreadcrumbList","@id":"https:\/\/www.cruillabarcelona.cat\/es\/impacto-acustico-sostenibilidad\/#breadcrumb","itemListElement":[{"@type":"ListItem","position":1,"name":"Home","item":"https:\/\/www.cruillabarcelona.cat\/es\/"},{"@type":"ListItem","position":2,"name":"Impacto ac\u00fastico"}]},{"@type":"WebSite","@id":"https:\/\/www.cruillabarcelona.cat\/es\/#website","url":"https:\/\/www.cruillabarcelona.cat\/es\/","name":"Festival Cru\u00eflla","description":"","publisher":{"@id":"https:\/\/www.cruillabarcelona.cat\/es\/#organization"},"potentialAction":[{"@type":"SearchAction","target":{"@type":"EntryPoint","urlTemplate":"https:\/\/www.cruillabarcelona.cat\/es\/?s={search_term_string}"},"query-input":{"@type":"PropertyValueSpecification","valueRequired":true,"valueName":"search_term_string"}}],"inLanguage":"es"},{"@type":"Organization","@id":"https:\/\/www.cruillabarcelona.cat\/es\/#organization","name":"Festival Cru\u00eflla","url":"https:\/\/www.cruillabarcelona.cat\/es\/","logo":{"@type":"ImageObject","inLanguage":"es","@id":"https:\/\/www.cruillabarcelona.cat\/es\/#\/schema\/logo\/image\/","url":"https:\/\/www.cruillabarcelona.cat\/wp-content\/uploads\/2025\/12\/cruill-logo-negativo.png","contentUrl":"https:\/\/www.cruillabarcelona.cat\/wp-content\/uploads\/2025\/12\/cruill-logo-negativo.png","width":400,"height":101,"caption":"Festival Cru\u00eflla"},"image":{"@id":"https:\/\/www.cruillabarcelona.cat\/es\/#\/schema\/logo\/image\/"}}]}},"_links":{"self":[{"href":"https:\/\/www.cruillabarcelona.cat\/es\/wp-json\/wp\/v2\/pages\/58752","targetHints":{"allow":["GET"]}}],"collection":[{"href":"https:\/\/www.cruillabarcelona.cat\/es\/wp-json\/wp\/v2\/pages"}],"about":[{"href":"https:\/\/www.cruillabarcelona.cat\/es\/wp-json\/wp\/v2\/types\/page"}],"author":[{"embeddable":true,"href":"https:\/\/www.cruillabarcelona.cat\/es\/wp-json\/wp\/v2\/users\/2"}],"replies":[{"embeddable":true,"href":"https:\/\/www.cruillabarcelona.cat\/es\/wp-json\/wp\/v2\/comments?post=58752"}],"version-history":[{"count":1,"href":"https:\/\/www.cruillabarcelona.cat\/es\/wp-json\/wp\/v2\/pages\/58752\/revisions"}],"predecessor-version":[{"id":58753,"href":"https:\/\/www.cruillabarcelona.cat\/es\/wp-json\/wp\/v2\/pages\/58752\/revisions\/58753"}],"wp:featuredmedia":[{"embeddable":true,"href":"https:\/\/www.cruillabarcelona.cat\/es\/wp-json\/wp\/v2\/media\/58058"}],"wp:attachment":[{"href":"https:\/\/www.cruillabarcelona.cat\/es\/wp-json\/wp\/v2\/media?parent=58752"}],"curies":[{"name":"wp","href":"https:\/\/api.w.org\/{rel}","templated":true}]}}