{"id":58765,"date":"2025-06-03T11:37:59","date_gmt":"2025-06-03T09:37:59","guid":{"rendered":"https:\/\/www.cruillabarcelona.cat\/?page_id=58765"},"modified":"2025-06-11T17:48:10","modified_gmt":"2025-06-11T15:48:10","slug":"gastronomia-sostenibilidad","status":"publish","type":"page","link":"https:\/\/www.cruillabarcelona.cat\/es\/gastronomia-sostenibilidad\/","title":{"rendered":"Gastronom\u00eda"},"content":{"rendered":"<h1 style=\"text-align: center;\"><span style=\"color: #339966;\">Comer bien, \u00a1tambi\u00e9n es hacerlo bien!<\/span><\/h1>\n<p>En el Festival Cru\u00eflla creemos que la transformaci\u00f3n ecol\u00f3gica tambi\u00e9n pasa por la alimentaci\u00f3n, por eso\u00a0<strong>cuidamos nuestra oferta gastron\u00f3mica\u00a0<\/strong>para que est\u00e9 alineada con nuestra tarea en t\u00e9rminos de sostenibilidad y circularidad.<\/p>\n<p>Apostamos por\u00a0<strong>proveedores de proximidad y con pr\u00e1cticas sostenibles y sociales,\u00a0<\/strong>a quien facilitamos una\u00a0<strong>gu\u00eda de criterios,\u00a0<\/strong>y velamos por la reducci\u00f3n del malbaratamiento de los alimentos redistribuyendo los excedentes a entidades sociales. Adem\u00e1s, sabemos que la industria c\u00e1rnica es una de las m\u00e1s contaminantes del planeta, por eso apostamos por ofrecer\u00a0<strong>opciones vegetales<\/strong> tanto al p\u00fablico como a los trabajadores y trabajadoras del festival.<\/p>\n<p style=\"text-align: center;\"><a class=\"efsbutton button \" target=\"_blank\">\u00a1DESCUBRE TODA NUESTRA OFERTA GASTRON\u00d3MICA!<\/a><\/p>\n","protected":false},"excerpt":{"rendered":"<p>Comer bien, \u00a1tambi\u00e9n es hacerlo bien! En el Festival Cru\u00eflla creemos que la transformaci\u00f3n ecol\u00f3gica tambi\u00e9n pasa por la alimentaci\u00f3n, por eso\u00a0cuidamos nuestra oferta gastron\u00f3mica\u00a0para que [&hellip;]<\/p>\n","protected":false},"author":2,"featured_media":58051,"parent":0,"menu_order":0,"comment_status":"closed","ping_status":"closed","template":"page-templates\/page-landing.php","meta":{"_acf_changed":false,"footnotes":""},"class_list":["post-58765","page","type-page","status-publish","has-post-thumbnail","hentry"],"acf":[],"yoast_head":"<!-- This site is optimized with the Yoast SEO plugin v27.5 - https:\/\/yoast.com\/product\/yoast-seo-wordpress\/ -->\n<title>Gastronom\u00eda - Festival Cru\u00eflla<\/title>\n<meta name=\"robots\" content=\"index, follow, max-snippet:-1, max-image-preview:large, max-video-preview:-1\" \/>\n<link rel=\"canonical\" href=\"https:\/\/www.cruillabarcelona.cat\/es\/gastronomia-sostenibilidad\/\" \/>\n<meta property=\"og:locale\" content=\"es_ES\" \/>\n<meta property=\"og:type\" content=\"article\" \/>\n<meta property=\"og:title\" content=\"Gastronom\u00eda - Festival Cru\u00eflla\" \/>\n<meta property=\"og:description\" content=\"Comer bien, \u00a1tambi\u00e9n es hacerlo bien! En el Festival Cru\u00eflla creemos que la transformaci\u00f3n ecol\u00f3gica tambi\u00e9n pasa por la alimentaci\u00f3n, por eso\u00a0cuidamos nuestra oferta gastron\u00f3mica\u00a0para que [&hellip;]\" \/>\n<meta property=\"og:url\" content=\"https:\/\/www.cruillabarcelona.cat\/es\/gastronomia-sostenibilidad\/\" \/>\n<meta property=\"og:site_name\" content=\"Festival Cru\u00eflla\" \/>\n<meta property=\"article:modified_time\" content=\"2025-06-11T15:48:10+00:00\" \/>\n<meta property=\"og:image\" content=\"https:\/\/www.cruillabarcelona.cat\/wp-content\/uploads\/2025\/05\/Ambient__5__1140_PhotoXaviCaparros-min-scaled.jpg\" \/>\n\t<meta property=\"og:image:width\" content=\"1708\" \/>\n\t<meta property=\"og:image:height\" content=\"2560\" \/>\n\t<meta property=\"og:image:type\" content=\"image\/jpeg\" \/>\n<meta name=\"twitter:card\" content=\"summary_large_image\" \/>\n<meta name=\"twitter:label1\" content=\"Tiempo de lectura\" \/>\n\t<meta name=\"twitter:data1\" content=\"1 minuto\" \/>\n<script type=\"application\/ld+json\" class=\"yoast-schema-graph\">{\"@context\":\"https:\\\/\\\/schema.org\",\"@graph\":[{\"@type\":\"WebPage\",\"@id\":\"https:\\\/\\\/www.cruillabarcelona.cat\\\/es\\\/gastronomia-sostenibilidad\\\/\",\"url\":\"https:\\\/\\\/www.cruillabarcelona.cat\\\/es\\\/gastronomia-sostenibilidad\\\/\",\"name\":\"Gastronom\u00eda - Festival Cru\u00eflla\",\"isPartOf\":{\"@id\":\"https:\\\/\\\/www.cruillabarcelona.cat\\\/es\\\/#website\"},\"primaryImageOfPage\":{\"@id\":\"https:\\\/\\\/www.cruillabarcelona.cat\\\/es\\\/gastronomia-sostenibilidad\\\/#primaryimage\"},\"image\":{\"@id\":\"https:\\\/\\\/www.cruillabarcelona.cat\\\/es\\\/gastronomia-sostenibilidad\\\/#primaryimage\"},\"thumbnailUrl\":\"https:\\\/\\\/www.cruillabarcelona.cat\\\/wp-content\\\/uploads\\\/2025\\\/05\\\/Ambient__5__1140_PhotoXaviCaparros-min-scaled.jpg\",\"datePublished\":\"2025-06-03T09:37:59+00:00\",\"dateModified\":\"2025-06-11T15:48:10+00:00\",\"breadcrumb\":{\"@id\":\"https:\\\/\\\/www.cruillabarcelona.cat\\\/es\\\/gastronomia-sostenibilidad\\\/#breadcrumb\"},\"inLanguage\":\"es\",\"potentialAction\":[{\"@type\":\"ReadAction\",\"target\":[\"https:\\\/\\\/www.cruillabarcelona.cat\\\/es\\\/gastronomia-sostenibilidad\\\/\"]}]},{\"@type\":\"ImageObject\",\"inLanguage\":\"es\",\"@id\":\"https:\\\/\\\/www.cruillabarcelona.cat\\\/es\\\/gastronomia-sostenibilidad\\\/#primaryimage\",\"url\":\"https:\\\/\\\/www.cruillabarcelona.cat\\\/wp-content\\\/uploads\\\/2025\\\/05\\\/Ambient__5__1140_PhotoXaviCaparros-min-scaled.jpg\",\"contentUrl\":\"https:\\\/\\\/www.cruillabarcelona.cat\\\/wp-content\\\/uploads\\\/2025\\\/05\\\/Ambient__5__1140_PhotoXaviCaparros-min-scaled.jpg\",\"width\":1708,\"height\":2560},{\"@type\":\"BreadcrumbList\",\"@id\":\"https:\\\/\\\/www.cruillabarcelona.cat\\\/es\\\/gastronomia-sostenibilidad\\\/#breadcrumb\",\"itemListElement\":[{\"@type\":\"ListItem\",\"position\":1,\"name\":\"Home\",\"item\":\"https:\\\/\\\/www.cruillabarcelona.cat\\\/es\\\/\"},{\"@type\":\"ListItem\",\"position\":2,\"name\":\"Gastronom\u00eda\"}]},{\"@type\":\"WebSite\",\"@id\":\"https:\\\/\\\/www.cruillabarcelona.cat\\\/es\\\/#website\",\"url\":\"https:\\\/\\\/www.cruillabarcelona.cat\\\/es\\\/\",\"name\":\"Festival Cru\u00eflla\",\"description\":\"\",\"publisher\":{\"@id\":\"https:\\\/\\\/www.cruillabarcelona.cat\\\/es\\\/#organization\"},\"potentialAction\":[{\"@type\":\"SearchAction\",\"target\":{\"@type\":\"EntryPoint\",\"urlTemplate\":\"https:\\\/\\\/www.cruillabarcelona.cat\\\/es\\\/?s={search_term_string}\"},\"query-input\":{\"@type\":\"PropertyValueSpecification\",\"valueRequired\":true,\"valueName\":\"search_term_string\"}}],\"inLanguage\":\"es\"},{\"@type\":\"Organization\",\"@id\":\"https:\\\/\\\/www.cruillabarcelona.cat\\\/es\\\/#organization\",\"name\":\"Festival Cru\u00eflla\",\"url\":\"https:\\\/\\\/www.cruillabarcelona.cat\\\/es\\\/\",\"logo\":{\"@type\":\"ImageObject\",\"inLanguage\":\"es\",\"@id\":\"https:\\\/\\\/www.cruillabarcelona.cat\\\/es\\\/#\\\/schema\\\/logo\\\/image\\\/\",\"url\":\"https:\\\/\\\/www.cruillabarcelona.cat\\\/wp-content\\\/uploads\\\/2025\\\/12\\\/cruill-logo-negativo.png\",\"contentUrl\":\"https:\\\/\\\/www.cruillabarcelona.cat\\\/wp-content\\\/uploads\\\/2025\\\/12\\\/cruill-logo-negativo.png\",\"width\":400,\"height\":101,\"caption\":\"Festival Cru\u00eflla\"},\"image\":{\"@id\":\"https:\\\/\\\/www.cruillabarcelona.cat\\\/es\\\/#\\\/schema\\\/logo\\\/image\\\/\"}}]}<\/script>\n<!-- \/ Yoast SEO plugin. -->","yoast_head_json":{"title":"Gastronom\u00eda - Festival Cru\u00eflla","robots":{"index":"index","follow":"follow","max-snippet":"max-snippet:-1","max-image-preview":"max-image-preview:large","max-video-preview":"max-video-preview:-1"},"canonical":"https:\/\/www.cruillabarcelona.cat\/es\/gastronomia-sostenibilidad\/","og_locale":"es_ES","og_type":"article","og_title":"Gastronom\u00eda - Festival Cru\u00eflla","og_description":"Comer bien, \u00a1tambi\u00e9n es hacerlo bien! En el Festival Cru\u00eflla creemos que la transformaci\u00f3n ecol\u00f3gica tambi\u00e9n pasa por la alimentaci\u00f3n, por eso\u00a0cuidamos nuestra oferta gastron\u00f3mica\u00a0para que [&hellip;]","og_url":"https:\/\/www.cruillabarcelona.cat\/es\/gastronomia-sostenibilidad\/","og_site_name":"Festival Cru\u00eflla","article_modified_time":"2025-06-11T15:48:10+00:00","og_image":[{"width":1708,"height":2560,"url":"https:\/\/www.cruillabarcelona.cat\/wp-content\/uploads\/2025\/05\/Ambient__5__1140_PhotoXaviCaparros-min-scaled.jpg","type":"image\/jpeg"}],"twitter_card":"summary_large_image","twitter_misc":{"Tiempo de lectura":"1 minuto"},"schema":{"@context":"https:\/\/schema.org","@graph":[{"@type":"WebPage","@id":"https:\/\/www.cruillabarcelona.cat\/es\/gastronomia-sostenibilidad\/","url":"https:\/\/www.cruillabarcelona.cat\/es\/gastronomia-sostenibilidad\/","name":"Gastronom\u00eda - Festival Cru\u00eflla","isPartOf":{"@id":"https:\/\/www.cruillabarcelona.cat\/es\/#website"},"primaryImageOfPage":{"@id":"https:\/\/www.cruillabarcelona.cat\/es\/gastronomia-sostenibilidad\/#primaryimage"},"image":{"@id":"https:\/\/www.cruillabarcelona.cat\/es\/gastronomia-sostenibilidad\/#primaryimage"},"thumbnailUrl":"https:\/\/www.cruillabarcelona.cat\/wp-content\/uploads\/2025\/05\/Ambient__5__1140_PhotoXaviCaparros-min-scaled.jpg","datePublished":"2025-06-03T09:37:59+00:00","dateModified":"2025-06-11T15:48:10+00:00","breadcrumb":{"@id":"https:\/\/www.cruillabarcelona.cat\/es\/gastronomia-sostenibilidad\/#breadcrumb"},"inLanguage":"es","potentialAction":[{"@type":"ReadAction","target":["https:\/\/www.cruillabarcelona.cat\/es\/gastronomia-sostenibilidad\/"]}]},{"@type":"ImageObject","inLanguage":"es","@id":"https:\/\/www.cruillabarcelona.cat\/es\/gastronomia-sostenibilidad\/#primaryimage","url":"https:\/\/www.cruillabarcelona.cat\/wp-content\/uploads\/2025\/05\/Ambient__5__1140_PhotoXaviCaparros-min-scaled.jpg","contentUrl":"https:\/\/www.cruillabarcelona.cat\/wp-content\/uploads\/2025\/05\/Ambient__5__1140_PhotoXaviCaparros-min-scaled.jpg","width":1708,"height":2560},{"@type":"BreadcrumbList","@id":"https:\/\/www.cruillabarcelona.cat\/es\/gastronomia-sostenibilidad\/#breadcrumb","itemListElement":[{"@type":"ListItem","position":1,"name":"Home","item":"https:\/\/www.cruillabarcelona.cat\/es\/"},{"@type":"ListItem","position":2,"name":"Gastronom\u00eda"}]},{"@type":"WebSite","@id":"https:\/\/www.cruillabarcelona.cat\/es\/#website","url":"https:\/\/www.cruillabarcelona.cat\/es\/","name":"Festival Cru\u00eflla","description":"","publisher":{"@id":"https:\/\/www.cruillabarcelona.cat\/es\/#organization"},"potentialAction":[{"@type":"SearchAction","target":{"@type":"EntryPoint","urlTemplate":"https:\/\/www.cruillabarcelona.cat\/es\/?s={search_term_string}"},"query-input":{"@type":"PropertyValueSpecification","valueRequired":true,"valueName":"search_term_string"}}],"inLanguage":"es"},{"@type":"Organization","@id":"https:\/\/www.cruillabarcelona.cat\/es\/#organization","name":"Festival Cru\u00eflla","url":"https:\/\/www.cruillabarcelona.cat\/es\/","logo":{"@type":"ImageObject","inLanguage":"es","@id":"https:\/\/www.cruillabarcelona.cat\/es\/#\/schema\/logo\/image\/","url":"https:\/\/www.cruillabarcelona.cat\/wp-content\/uploads\/2025\/12\/cruill-logo-negativo.png","contentUrl":"https:\/\/www.cruillabarcelona.cat\/wp-content\/uploads\/2025\/12\/cruill-logo-negativo.png","width":400,"height":101,"caption":"Festival Cru\u00eflla"},"image":{"@id":"https:\/\/www.cruillabarcelona.cat\/es\/#\/schema\/logo\/image\/"}}]}},"_links":{"self":[{"href":"https:\/\/www.cruillabarcelona.cat\/es\/wp-json\/wp\/v2\/pages\/58765","targetHints":{"allow":["GET"]}}],"collection":[{"href":"https:\/\/www.cruillabarcelona.cat\/es\/wp-json\/wp\/v2\/pages"}],"about":[{"href":"https:\/\/www.cruillabarcelona.cat\/es\/wp-json\/wp\/v2\/types\/page"}],"author":[{"embeddable":true,"href":"https:\/\/www.cruillabarcelona.cat\/es\/wp-json\/wp\/v2\/users\/2"}],"replies":[{"embeddable":true,"href":"https:\/\/www.cruillabarcelona.cat\/es\/wp-json\/wp\/v2\/comments?post=58765"}],"version-history":[{"count":2,"href":"https:\/\/www.cruillabarcelona.cat\/es\/wp-json\/wp\/v2\/pages\/58765\/revisions"}],"predecessor-version":[{"id":59590,"href":"https:\/\/www.cruillabarcelona.cat\/es\/wp-json\/wp\/v2\/pages\/58765\/revisions\/59590"}],"wp:featuredmedia":[{"embeddable":true,"href":"https:\/\/www.cruillabarcelona.cat\/es\/wp-json\/wp\/v2\/media\/58051"}],"wp:attachment":[{"href":"https:\/\/www.cruillabarcelona.cat\/es\/wp-json\/wp\/v2\/media?parent=58765"}],"curies":[{"name":"wp","href":"https:\/\/api.w.org\/{rel}","templated":true}]}}