{"id":58794,"date":"2025-06-03T12:15:44","date_gmt":"2025-06-03T10:15:44","guid":{"rendered":"https:\/\/www.cruillabarcelona.cat\/?page_id=58794"},"modified":"2025-06-11T17:42:50","modified_gmt":"2025-06-11T15:42:50","slug":"residuos-sostenibilidad","status":"publish","type":"page","link":"https:\/\/www.cruillabarcelona.cat\/es\/residuos-sostenibilidad\/","title":{"rendered":"Gesti\u00f3n de residuos"},"content":{"rendered":"<h1 style=\"text-align: center;\"><span style=\"color: #339966;\">\u00a1Trabajamos para convertirnos en un festival circular!<\/span><\/h1>\n<p>Con tal de seguir caminando hacia un festival circular, hemos desarrollado un\u00a0<strong>Plan de Gesti\u00f3n de Residuos<\/strong> que tiene en cuenta todas las fases del festival: montaje, actividad y desmontaje:<\/p>\n<ul>\n<li style=\"font-weight: 400;\" aria-level=\"1\"><span style=\"font-weight: 400;\">Contrataci\u00f3n con criterios ambientales.<\/span><\/li>\n<li style=\"font-weight: 400;\" aria-level=\"1\"><span style=\"font-weight: 400;\">Planificaci\u00f3n a trav\u00e9s de una encuesta previa a los proveedores sobre la estimaci\u00f3n de residuos generados en el festival.<\/span><\/li>\n<li style=\"font-weight: 400;\" aria-level=\"1\"><span style=\"font-weight: 400;\">Separaci\u00f3n en origen y optimizaci\u00f3n de la contenerizaci\u00f3n.<\/span><\/li>\n<li style=\"font-weight: 400;\" aria-level=\"1\"><span style=\"font-weight: 400;\">Disposici\u00f3n de un Punto Verde durante el montaje y el desmontaje para centralizar y controlar el buen reciclaje de todos los residuos.<\/span><\/li>\n<li style=\"font-weight: 400;\" aria-level=\"1\"><span style=\"font-weight: 400;\">Recogida selectiva con datos por fracci\u00f3n.<\/span><\/li>\n<li style=\"font-weight: 400;\" aria-level=\"1\"><span style=\"font-weight: 400;\">Creaci\u00f3n de una gu\u00eda de buenas pr\u00e1cticas y protocolos para equipos, proveedores, patrocinadores y operadores gastron\u00f3micos.<\/span><\/li>\n<li style=\"font-weight: 400;\" aria-level=\"1\"><span style=\"font-weight: 400;\">Seguimiento in situ y auditor\u00edas de las acciones sostenibles de nuestros proveedores.<\/span><\/li>\n<\/ul>\n<p><span style=\"font-weight: 400;\">Tambi\u00e9n hemos creado el\u00a0<strong>D\u00eda de Donaciones<\/strong>, que tendr\u00e1 lugar el mi\u00e9rcoles 16 de julio, el \u00faltimo del desmontaje. El punto de patrida de esta jornada ser\u00e1 durante la planificaci\u00f3n del festival y de acreditaci\u00f3n de proveedores, que llenar\u00e1n un formulario para informar de la estimaci\u00f3n de tipos y cantidades de residuos que generar\u00e1n en el festival y de cu\u00e1les querr\u00edan recuperar, como madera, rafia o hierba, entre otros. \u00a1El d\u00eda del <strong>D\u00eda de Donaciones<\/strong> estos materiales ser\u00e1n devueltos y tambi\u00e9n dados a entidades del barrio que quieran y puedan aprovecharlos!<\/span><\/p>\n<p><span style=\"font-weight: 400;\">Gracias a <\/span><b>POTS<\/b><span style=\"font-weight: 400;\">, Vallformosa recuperar\u00e1 todas sus botellas de vino usadas en el festival, que ser\u00e1n higienizadas y retornadas a la bodegas.<\/span><\/p>\n<p><span style=\"font-weight: 400;\">Adem\u00e1s, un a\u00f1o m\u00e1s <strong>reducimos los pl\u00e1sticos y productos de un solo uso<\/strong> y usamos vasos y envases retornables y reutilizables.<\/span><span style=\"font-weight: 400;\"><br \/>\n<\/span><\/p>\n<p style=\"text-align: center;\"><a class=\"efsbutton button \" target=\"_blank\">\u00a1DESCUBRE LOS ENVASES RETORNABLES!<\/a><\/p>\n","protected":false},"excerpt":{"rendered":"<p>\u00a1Trabajamos para convertirnos en un festival circular! Con tal de seguir caminando hacia un festival circular, hemos desarrollado un\u00a0Plan de Gesti\u00f3n de Residuos que tiene en [&hellip;]<\/p>\n","protected":false},"author":2,"featured_media":58042,"parent":0,"menu_order":0,"comment_status":"closed","ping_status":"closed","template":"page-templates\/page-landing.php","meta":{"_acf_changed":false,"footnotes":""},"class_list":["post-58794","page","type-page","status-publish","has-post-thumbnail","hentry"],"acf":[],"yoast_head":"<!-- This site is optimized with the Yoast SEO plugin v27.5 - https:\/\/yoast.com\/product\/yoast-seo-wordpress\/ -->\n<title>Gesti\u00f3n de residuos - Festival Cru\u00eflla<\/title>\n<meta name=\"robots\" content=\"index, follow, max-snippet:-1, max-image-preview:large, max-video-preview:-1\" \/>\n<link rel=\"canonical\" href=\"https:\/\/www.cruillabarcelona.cat\/es\/residuos-sostenibilidad\/\" \/>\n<meta property=\"og:locale\" content=\"es_ES\" \/>\n<meta property=\"og:type\" content=\"article\" \/>\n<meta property=\"og:title\" content=\"Gesti\u00f3n de residuos - Festival Cru\u00eflla\" \/>\n<meta property=\"og:description\" content=\"\u00a1Trabajamos para convertirnos en un festival circular! Con tal de seguir caminando hacia un festival circular, hemos desarrollado un\u00a0Plan de Gesti\u00f3n de Residuos que tiene en [&hellip;]\" \/>\n<meta property=\"og:url\" content=\"https:\/\/www.cruillabarcelona.cat\/es\/residuos-sostenibilidad\/\" \/>\n<meta property=\"og:site_name\" content=\"Festival Cru\u00eflla\" \/>\n<meta property=\"article:modified_time\" content=\"2025-06-11T15:42:50+00:00\" \/>\n<meta property=\"og:image\" content=\"https:\/\/www.cruillabarcelona.cat\/wp-content\/uploads\/2025\/05\/ARTS_PhotoChristian-Bertrand-022-min-scaled.jpg\" \/>\n\t<meta property=\"og:image:width\" content=\"2560\" \/>\n\t<meta property=\"og:image:height\" content=\"1707\" \/>\n\t<meta property=\"og:image:type\" content=\"image\/jpeg\" \/>\n<meta name=\"twitter:card\" content=\"summary_large_image\" \/>\n<meta name=\"twitter:label1\" content=\"Tiempo de lectura\" \/>\n\t<meta name=\"twitter:data1\" content=\"2 minutos\" \/>\n<script type=\"application\/ld+json\" class=\"yoast-schema-graph\">{\"@context\":\"https:\\\/\\\/schema.org\",\"@graph\":[{\"@type\":\"WebPage\",\"@id\":\"https:\\\/\\\/www.cruillabarcelona.cat\\\/es\\\/residuos-sostenibilidad\\\/\",\"url\":\"https:\\\/\\\/www.cruillabarcelona.cat\\\/es\\\/residuos-sostenibilidad\\\/\",\"name\":\"Gesti\u00f3n de residuos - Festival Cru\u00eflla\",\"isPartOf\":{\"@id\":\"https:\\\/\\\/www.cruillabarcelona.cat\\\/es\\\/#website\"},\"primaryImageOfPage\":{\"@id\":\"https:\\\/\\\/www.cruillabarcelona.cat\\\/es\\\/residuos-sostenibilidad\\\/#primaryimage\"},\"image\":{\"@id\":\"https:\\\/\\\/www.cruillabarcelona.cat\\\/es\\\/residuos-sostenibilidad\\\/#primaryimage\"},\"thumbnailUrl\":\"https:\\\/\\\/www.cruillabarcelona.cat\\\/wp-content\\\/uploads\\\/2025\\\/05\\\/ARTS_PhotoChristian-Bertrand-022-min-scaled.jpg\",\"datePublished\":\"2025-06-03T10:15:44+00:00\",\"dateModified\":\"2025-06-11T15:42:50+00:00\",\"breadcrumb\":{\"@id\":\"https:\\\/\\\/www.cruillabarcelona.cat\\\/es\\\/residuos-sostenibilidad\\\/#breadcrumb\"},\"inLanguage\":\"es\",\"potentialAction\":[{\"@type\":\"ReadAction\",\"target\":[\"https:\\\/\\\/www.cruillabarcelona.cat\\\/es\\\/residuos-sostenibilidad\\\/\"]}]},{\"@type\":\"ImageObject\",\"inLanguage\":\"es\",\"@id\":\"https:\\\/\\\/www.cruillabarcelona.cat\\\/es\\\/residuos-sostenibilidad\\\/#primaryimage\",\"url\":\"https:\\\/\\\/www.cruillabarcelona.cat\\\/wp-content\\\/uploads\\\/2025\\\/05\\\/ARTS_PhotoChristian-Bertrand-022-min-scaled.jpg\",\"contentUrl\":\"https:\\\/\\\/www.cruillabarcelona.cat\\\/wp-content\\\/uploads\\\/2025\\\/05\\\/ARTS_PhotoChristian-Bertrand-022-min-scaled.jpg\",\"width\":2560,\"height\":1707},{\"@type\":\"BreadcrumbList\",\"@id\":\"https:\\\/\\\/www.cruillabarcelona.cat\\\/es\\\/residuos-sostenibilidad\\\/#breadcrumb\",\"itemListElement\":[{\"@type\":\"ListItem\",\"position\":1,\"name\":\"Home\",\"item\":\"https:\\\/\\\/www.cruillabarcelona.cat\\\/es\\\/\"},{\"@type\":\"ListItem\",\"position\":2,\"name\":\"Gesti\u00f3n de residuos\"}]},{\"@type\":\"WebSite\",\"@id\":\"https:\\\/\\\/www.cruillabarcelona.cat\\\/es\\\/#website\",\"url\":\"https:\\\/\\\/www.cruillabarcelona.cat\\\/es\\\/\",\"name\":\"Festival Cru\u00eflla\",\"description\":\"\",\"publisher\":{\"@id\":\"https:\\\/\\\/www.cruillabarcelona.cat\\\/es\\\/#organization\"},\"potentialAction\":[{\"@type\":\"SearchAction\",\"target\":{\"@type\":\"EntryPoint\",\"urlTemplate\":\"https:\\\/\\\/www.cruillabarcelona.cat\\\/es\\\/?s={search_term_string}\"},\"query-input\":{\"@type\":\"PropertyValueSpecification\",\"valueRequired\":true,\"valueName\":\"search_term_string\"}}],\"inLanguage\":\"es\"},{\"@type\":\"Organization\",\"@id\":\"https:\\\/\\\/www.cruillabarcelona.cat\\\/es\\\/#organization\",\"name\":\"Festival Cru\u00eflla\",\"url\":\"https:\\\/\\\/www.cruillabarcelona.cat\\\/es\\\/\",\"logo\":{\"@type\":\"ImageObject\",\"inLanguage\":\"es\",\"@id\":\"https:\\\/\\\/www.cruillabarcelona.cat\\\/es\\\/#\\\/schema\\\/logo\\\/image\\\/\",\"url\":\"https:\\\/\\\/www.cruillabarcelona.cat\\\/wp-content\\\/uploads\\\/2025\\\/12\\\/cruill-logo-negativo.png\",\"contentUrl\":\"https:\\\/\\\/www.cruillabarcelona.cat\\\/wp-content\\\/uploads\\\/2025\\\/12\\\/cruill-logo-negativo.png\",\"width\":400,\"height\":101,\"caption\":\"Festival Cru\u00eflla\"},\"image\":{\"@id\":\"https:\\\/\\\/www.cruillabarcelona.cat\\\/es\\\/#\\\/schema\\\/logo\\\/image\\\/\"}}]}<\/script>\n<!-- \/ Yoast SEO plugin. -->","yoast_head_json":{"title":"Gesti\u00f3n de residuos - Festival Cru\u00eflla","robots":{"index":"index","follow":"follow","max-snippet":"max-snippet:-1","max-image-preview":"max-image-preview:large","max-video-preview":"max-video-preview:-1"},"canonical":"https:\/\/www.cruillabarcelona.cat\/es\/residuos-sostenibilidad\/","og_locale":"es_ES","og_type":"article","og_title":"Gesti\u00f3n de residuos - Festival Cru\u00eflla","og_description":"\u00a1Trabajamos para convertirnos en un festival circular! Con tal de seguir caminando hacia un festival circular, hemos desarrollado un\u00a0Plan de Gesti\u00f3n de Residuos que tiene en [&hellip;]","og_url":"https:\/\/www.cruillabarcelona.cat\/es\/residuos-sostenibilidad\/","og_site_name":"Festival Cru\u00eflla","article_modified_time":"2025-06-11T15:42:50+00:00","og_image":[{"width":2560,"height":1707,"url":"https:\/\/www.cruillabarcelona.cat\/wp-content\/uploads\/2025\/05\/ARTS_PhotoChristian-Bertrand-022-min-scaled.jpg","type":"image\/jpeg"}],"twitter_card":"summary_large_image","twitter_misc":{"Tiempo de lectura":"2 minutos"},"schema":{"@context":"https:\/\/schema.org","@graph":[{"@type":"WebPage","@id":"https:\/\/www.cruillabarcelona.cat\/es\/residuos-sostenibilidad\/","url":"https:\/\/www.cruillabarcelona.cat\/es\/residuos-sostenibilidad\/","name":"Gesti\u00f3n de residuos - Festival Cru\u00eflla","isPartOf":{"@id":"https:\/\/www.cruillabarcelona.cat\/es\/#website"},"primaryImageOfPage":{"@id":"https:\/\/www.cruillabarcelona.cat\/es\/residuos-sostenibilidad\/#primaryimage"},"image":{"@id":"https:\/\/www.cruillabarcelona.cat\/es\/residuos-sostenibilidad\/#primaryimage"},"thumbnailUrl":"https:\/\/www.cruillabarcelona.cat\/wp-content\/uploads\/2025\/05\/ARTS_PhotoChristian-Bertrand-022-min-scaled.jpg","datePublished":"2025-06-03T10:15:44+00:00","dateModified":"2025-06-11T15:42:50+00:00","breadcrumb":{"@id":"https:\/\/www.cruillabarcelona.cat\/es\/residuos-sostenibilidad\/#breadcrumb"},"inLanguage":"es","potentialAction":[{"@type":"ReadAction","target":["https:\/\/www.cruillabarcelona.cat\/es\/residuos-sostenibilidad\/"]}]},{"@type":"ImageObject","inLanguage":"es","@id":"https:\/\/www.cruillabarcelona.cat\/es\/residuos-sostenibilidad\/#primaryimage","url":"https:\/\/www.cruillabarcelona.cat\/wp-content\/uploads\/2025\/05\/ARTS_PhotoChristian-Bertrand-022-min-scaled.jpg","contentUrl":"https:\/\/www.cruillabarcelona.cat\/wp-content\/uploads\/2025\/05\/ARTS_PhotoChristian-Bertrand-022-min-scaled.jpg","width":2560,"height":1707},{"@type":"BreadcrumbList","@id":"https:\/\/www.cruillabarcelona.cat\/es\/residuos-sostenibilidad\/#breadcrumb","itemListElement":[{"@type":"ListItem","position":1,"name":"Home","item":"https:\/\/www.cruillabarcelona.cat\/es\/"},{"@type":"ListItem","position":2,"name":"Gesti\u00f3n de residuos"}]},{"@type":"WebSite","@id":"https:\/\/www.cruillabarcelona.cat\/es\/#website","url":"https:\/\/www.cruillabarcelona.cat\/es\/","name":"Festival Cru\u00eflla","description":"","publisher":{"@id":"https:\/\/www.cruillabarcelona.cat\/es\/#organization"},"potentialAction":[{"@type":"SearchAction","target":{"@type":"EntryPoint","urlTemplate":"https:\/\/www.cruillabarcelona.cat\/es\/?s={search_term_string}"},"query-input":{"@type":"PropertyValueSpecification","valueRequired":true,"valueName":"search_term_string"}}],"inLanguage":"es"},{"@type":"Organization","@id":"https:\/\/www.cruillabarcelona.cat\/es\/#organization","name":"Festival Cru\u00eflla","url":"https:\/\/www.cruillabarcelona.cat\/es\/","logo":{"@type":"ImageObject","inLanguage":"es","@id":"https:\/\/www.cruillabarcelona.cat\/es\/#\/schema\/logo\/image\/","url":"https:\/\/www.cruillabarcelona.cat\/wp-content\/uploads\/2025\/12\/cruill-logo-negativo.png","contentUrl":"https:\/\/www.cruillabarcelona.cat\/wp-content\/uploads\/2025\/12\/cruill-logo-negativo.png","width":400,"height":101,"caption":"Festival Cru\u00eflla"},"image":{"@id":"https:\/\/www.cruillabarcelona.cat\/es\/#\/schema\/logo\/image\/"}}]}},"_links":{"self":[{"href":"https:\/\/www.cruillabarcelona.cat\/es\/wp-json\/wp\/v2\/pages\/58794","targetHints":{"allow":["GET"]}}],"collection":[{"href":"https:\/\/www.cruillabarcelona.cat\/es\/wp-json\/wp\/v2\/pages"}],"about":[{"href":"https:\/\/www.cruillabarcelona.cat\/es\/wp-json\/wp\/v2\/types\/page"}],"author":[{"embeddable":true,"href":"https:\/\/www.cruillabarcelona.cat\/es\/wp-json\/wp\/v2\/users\/2"}],"replies":[{"embeddable":true,"href":"https:\/\/www.cruillabarcelona.cat\/es\/wp-json\/wp\/v2\/comments?post=58794"}],"version-history":[{"count":3,"href":"https:\/\/www.cruillabarcelona.cat\/es\/wp-json\/wp\/v2\/pages\/58794\/revisions"}],"predecessor-version":[{"id":59587,"href":"https:\/\/www.cruillabarcelona.cat\/es\/wp-json\/wp\/v2\/pages\/58794\/revisions\/59587"}],"wp:featuredmedia":[{"embeddable":true,"href":"https:\/\/www.cruillabarcelona.cat\/es\/wp-json\/wp\/v2\/media\/58042"}],"wp:attachment":[{"href":"https:\/\/www.cruillabarcelona.cat\/es\/wp-json\/wp\/v2\/media?parent=58794"}],"curies":[{"name":"wp","href":"https:\/\/api.w.org\/{rel}","templated":true}]}}