{"id":58798,"date":"2025-06-03T12:42:31","date_gmt":"2025-06-03T10:42:31","guid":{"rendered":"https:\/\/www.cruillabarcelona.cat\/?page_id=58798"},"modified":"2025-06-11T17:15:50","modified_gmt":"2025-06-11T15:15:50","slug":"economia-circular-sostenibilidad","status":"publish","type":"page","link":"https:\/\/www.cruillabarcelona.cat\/es\/economia-circular-sostenibilidad\/","title":{"rendered":"Econom\u00eda circular"},"content":{"rendered":"<h1 style=\"text-align: center;\"><span style=\"color: #62a363;\">\u00bfPor qu\u00e9 trabajamos por la circularidad?<\/span><\/h1>\n<p><span style=\"font-weight: 400;\">Entendemos el Festival Cru\u00eflla como un <\/span><b>ecosistema cerrado<\/b><span style=\"font-weight: 400;\">, donde los recursos se gestionan de manera responsable y todo aquello que se consume tiene una estrategia para ser reutilizado, reciclado o, directamente, evitado.\u00a0<\/span><\/p>\n<p><span style=\"font-weight: 400;\">En este sentido, aplicamos <\/span><b>los pilares de la econom\u00eda circular<\/b><span style=\"font-weight: 400;\"> con tal de cerrar el ciclo de los materiales, apostando por su reutilizaci\u00f3n, la compra responsable y una gesti\u00f3n eficiente de los recursos y los residuos. Trabajamos para reducir la extracci\u00f3n re recursos y alargar la vida \u00fatil de los materiales, eliminando el m\u00e1ximo posible los de un solo uso y los residuos en general de todo el festival.\u00a0<\/span><\/p>\n<p><span style=\"font-weight: 400;\">La econom\u00eda circular es importante en el Festival Cru\u00eflla porque:<\/span><\/p>\n<ol>\n<li style=\"font-weight: 400;\" aria-level=\"1\"><b>Reduce el impacto ambiental<\/b><span style=\"font-weight: 400;\"> (menos residuos y emisiones y una mejor gesti\u00f3n de los recursos).<\/span><\/li>\n<li style=\"font-weight: 400;\" aria-level=\"1\"><b>Mejora la gesti\u00f3n log\u00edstica y la sostenibilidad econ\u00f3mica<\/b><span style=\"font-weight: 400;\"> (menos costes en la gesti\u00f3n de residuos y compras m\u00e1s eficientes).<\/span><\/li>\n<li style=\"font-weight: 400;\" aria-level=\"1\"><b>Da ejemplo a p\u00fablico, artistas y marcas<\/b> y refuerza la identidad del festival como referente responsable.<\/li>\n<li style=\"font-weight: 400;\" aria-level=\"1\"><b>Abre puertas a subvenciones, alianzas y certificaciones<\/b> que reconocen este compromiso.<\/li>\n<\/ol>\n<p><span style=\"font-weight: 400;\">Este a\u00f1o colaboramos con <strong>The Rubbish Portal<\/strong> para hacer un seguimiento del consumo de recursos, los residuos y las emisiones de carbono para conocer mejor nuestro impacto y ponerle remedio.\u00a0<\/span><\/p>\n","protected":false},"excerpt":{"rendered":"<p>\u00bfPor qu\u00e9 trabajamos por la circularidad? Entendemos el Festival Cru\u00eflla como un ecosistema cerrado, donde los recursos se gestionan de manera responsable y todo aquello que [&hellip;]<\/p>\n","protected":false},"author":2,"featured_media":58039,"parent":0,"menu_order":0,"comment_status":"closed","ping_status":"closed","template":"page-templates\/page-landing.php","meta":{"_acf_changed":false,"footnotes":""},"class_list":["post-58798","page","type-page","status-publish","has-post-thumbnail","hentry"],"acf":[],"yoast_head":"<!-- This site is optimized with the Yoast SEO plugin v27.5 - https:\/\/yoast.com\/product\/yoast-seo-wordpress\/ -->\n<title>Econom\u00eda circular - Festival Cru\u00eflla<\/title>\n<meta name=\"robots\" content=\"index, follow, max-snippet:-1, max-image-preview:large, max-video-preview:-1\" \/>\n<link rel=\"canonical\" href=\"https:\/\/www.cruillabarcelona.cat\/es\/economia-circular-sostenibilidad\/\" \/>\n<meta property=\"og:locale\" content=\"es_ES\" \/>\n<meta property=\"og:type\" content=\"article\" \/>\n<meta property=\"og:title\" content=\"Econom\u00eda circular - Festival Cru\u00eflla\" \/>\n<meta property=\"og:description\" content=\"\u00bfPor qu\u00e9 trabajamos por la circularidad? Entendemos el Festival Cru\u00eflla como un ecosistema cerrado, donde los recursos se gestionan de manera responsable y todo aquello que [&hellip;]\" \/>\n<meta property=\"og:url\" content=\"https:\/\/www.cruillabarcelona.cat\/es\/economia-circular-sostenibilidad\/\" \/>\n<meta property=\"og:site_name\" content=\"Festival Cru\u00eflla\" \/>\n<meta property=\"article:modified_time\" content=\"2025-06-11T15:15:50+00:00\" \/>\n<meta property=\"og:image\" content=\"https:\/\/www.cruillabarcelona.cat\/wp-content\/uploads\/2025\/05\/Copia-de-Ambient_GIJA9374_PhotoGiselaJane-min-scaled.jpg\" \/>\n\t<meta property=\"og:image:width\" content=\"2560\" \/>\n\t<meta property=\"og:image:height\" content=\"1707\" \/>\n\t<meta property=\"og:image:type\" content=\"image\/jpeg\" \/>\n<meta name=\"twitter:card\" content=\"summary_large_image\" \/>\n<meta name=\"twitter:label1\" content=\"Tiempo de lectura\" \/>\n\t<meta name=\"twitter:data1\" content=\"2 minutos\" \/>\n<script type=\"application\/ld+json\" class=\"yoast-schema-graph\">{\"@context\":\"https:\\\/\\\/schema.org\",\"@graph\":[{\"@type\":\"WebPage\",\"@id\":\"https:\\\/\\\/www.cruillabarcelona.cat\\\/es\\\/economia-circular-sostenibilidad\\\/\",\"url\":\"https:\\\/\\\/www.cruillabarcelona.cat\\\/es\\\/economia-circular-sostenibilidad\\\/\",\"name\":\"Econom\u00eda circular - Festival Cru\u00eflla\",\"isPartOf\":{\"@id\":\"https:\\\/\\\/www.cruillabarcelona.cat\\\/es\\\/#website\"},\"primaryImageOfPage\":{\"@id\":\"https:\\\/\\\/www.cruillabarcelona.cat\\\/es\\\/economia-circular-sostenibilidad\\\/#primaryimage\"},\"image\":{\"@id\":\"https:\\\/\\\/www.cruillabarcelona.cat\\\/es\\\/economia-circular-sostenibilidad\\\/#primaryimage\"},\"thumbnailUrl\":\"https:\\\/\\\/www.cruillabarcelona.cat\\\/wp-content\\\/uploads\\\/2025\\\/05\\\/Copia-de-Ambient_GIJA9374_PhotoGiselaJane-min-scaled.jpg\",\"datePublished\":\"2025-06-03T10:42:31+00:00\",\"dateModified\":\"2025-06-11T15:15:50+00:00\",\"breadcrumb\":{\"@id\":\"https:\\\/\\\/www.cruillabarcelona.cat\\\/es\\\/economia-circular-sostenibilidad\\\/#breadcrumb\"},\"inLanguage\":\"es\",\"potentialAction\":[{\"@type\":\"ReadAction\",\"target\":[\"https:\\\/\\\/www.cruillabarcelona.cat\\\/es\\\/economia-circular-sostenibilidad\\\/\"]}]},{\"@type\":\"ImageObject\",\"inLanguage\":\"es\",\"@id\":\"https:\\\/\\\/www.cruillabarcelona.cat\\\/es\\\/economia-circular-sostenibilidad\\\/#primaryimage\",\"url\":\"https:\\\/\\\/www.cruillabarcelona.cat\\\/wp-content\\\/uploads\\\/2025\\\/05\\\/Copia-de-Ambient_GIJA9374_PhotoGiselaJane-min-scaled.jpg\",\"contentUrl\":\"https:\\\/\\\/www.cruillabarcelona.cat\\\/wp-content\\\/uploads\\\/2025\\\/05\\\/Copia-de-Ambient_GIJA9374_PhotoGiselaJane-min-scaled.jpg\",\"width\":2560,\"height\":1707},{\"@type\":\"BreadcrumbList\",\"@id\":\"https:\\\/\\\/www.cruillabarcelona.cat\\\/es\\\/economia-circular-sostenibilidad\\\/#breadcrumb\",\"itemListElement\":[{\"@type\":\"ListItem\",\"position\":1,\"name\":\"Home\",\"item\":\"https:\\\/\\\/www.cruillabarcelona.cat\\\/es\\\/\"},{\"@type\":\"ListItem\",\"position\":2,\"name\":\"Econom\u00eda circular\"}]},{\"@type\":\"WebSite\",\"@id\":\"https:\\\/\\\/www.cruillabarcelona.cat\\\/es\\\/#website\",\"url\":\"https:\\\/\\\/www.cruillabarcelona.cat\\\/es\\\/\",\"name\":\"Festival Cru\u00eflla\",\"description\":\"\",\"publisher\":{\"@id\":\"https:\\\/\\\/www.cruillabarcelona.cat\\\/es\\\/#organization\"},\"potentialAction\":[{\"@type\":\"SearchAction\",\"target\":{\"@type\":\"EntryPoint\",\"urlTemplate\":\"https:\\\/\\\/www.cruillabarcelona.cat\\\/es\\\/?s={search_term_string}\"},\"query-input\":{\"@type\":\"PropertyValueSpecification\",\"valueRequired\":true,\"valueName\":\"search_term_string\"}}],\"inLanguage\":\"es\"},{\"@type\":\"Organization\",\"@id\":\"https:\\\/\\\/www.cruillabarcelona.cat\\\/es\\\/#organization\",\"name\":\"Festival Cru\u00eflla\",\"url\":\"https:\\\/\\\/www.cruillabarcelona.cat\\\/es\\\/\",\"logo\":{\"@type\":\"ImageObject\",\"inLanguage\":\"es\",\"@id\":\"https:\\\/\\\/www.cruillabarcelona.cat\\\/es\\\/#\\\/schema\\\/logo\\\/image\\\/\",\"url\":\"https:\\\/\\\/www.cruillabarcelona.cat\\\/wp-content\\\/uploads\\\/2025\\\/12\\\/cruill-logo-negativo.png\",\"contentUrl\":\"https:\\\/\\\/www.cruillabarcelona.cat\\\/wp-content\\\/uploads\\\/2025\\\/12\\\/cruill-logo-negativo.png\",\"width\":400,\"height\":101,\"caption\":\"Festival Cru\u00eflla\"},\"image\":{\"@id\":\"https:\\\/\\\/www.cruillabarcelona.cat\\\/es\\\/#\\\/schema\\\/logo\\\/image\\\/\"}}]}<\/script>\n<!-- \/ Yoast SEO plugin. -->","yoast_head_json":{"title":"Econom\u00eda circular - Festival Cru\u00eflla","robots":{"index":"index","follow":"follow","max-snippet":"max-snippet:-1","max-image-preview":"max-image-preview:large","max-video-preview":"max-video-preview:-1"},"canonical":"https:\/\/www.cruillabarcelona.cat\/es\/economia-circular-sostenibilidad\/","og_locale":"es_ES","og_type":"article","og_title":"Econom\u00eda circular - Festival Cru\u00eflla","og_description":"\u00bfPor qu\u00e9 trabajamos por la circularidad? Entendemos el Festival Cru\u00eflla como un ecosistema cerrado, donde los recursos se gestionan de manera responsable y todo aquello que [&hellip;]","og_url":"https:\/\/www.cruillabarcelona.cat\/es\/economia-circular-sostenibilidad\/","og_site_name":"Festival Cru\u00eflla","article_modified_time":"2025-06-11T15:15:50+00:00","og_image":[{"width":2560,"height":1707,"url":"https:\/\/www.cruillabarcelona.cat\/wp-content\/uploads\/2025\/05\/Copia-de-Ambient_GIJA9374_PhotoGiselaJane-min-scaled.jpg","type":"image\/jpeg"}],"twitter_card":"summary_large_image","twitter_misc":{"Tiempo de lectura":"2 minutos"},"schema":{"@context":"https:\/\/schema.org","@graph":[{"@type":"WebPage","@id":"https:\/\/www.cruillabarcelona.cat\/es\/economia-circular-sostenibilidad\/","url":"https:\/\/www.cruillabarcelona.cat\/es\/economia-circular-sostenibilidad\/","name":"Econom\u00eda circular - Festival Cru\u00eflla","isPartOf":{"@id":"https:\/\/www.cruillabarcelona.cat\/es\/#website"},"primaryImageOfPage":{"@id":"https:\/\/www.cruillabarcelona.cat\/es\/economia-circular-sostenibilidad\/#primaryimage"},"image":{"@id":"https:\/\/www.cruillabarcelona.cat\/es\/economia-circular-sostenibilidad\/#primaryimage"},"thumbnailUrl":"https:\/\/www.cruillabarcelona.cat\/wp-content\/uploads\/2025\/05\/Copia-de-Ambient_GIJA9374_PhotoGiselaJane-min-scaled.jpg","datePublished":"2025-06-03T10:42:31+00:00","dateModified":"2025-06-11T15:15:50+00:00","breadcrumb":{"@id":"https:\/\/www.cruillabarcelona.cat\/es\/economia-circular-sostenibilidad\/#breadcrumb"},"inLanguage":"es","potentialAction":[{"@type":"ReadAction","target":["https:\/\/www.cruillabarcelona.cat\/es\/economia-circular-sostenibilidad\/"]}]},{"@type":"ImageObject","inLanguage":"es","@id":"https:\/\/www.cruillabarcelona.cat\/es\/economia-circular-sostenibilidad\/#primaryimage","url":"https:\/\/www.cruillabarcelona.cat\/wp-content\/uploads\/2025\/05\/Copia-de-Ambient_GIJA9374_PhotoGiselaJane-min-scaled.jpg","contentUrl":"https:\/\/www.cruillabarcelona.cat\/wp-content\/uploads\/2025\/05\/Copia-de-Ambient_GIJA9374_PhotoGiselaJane-min-scaled.jpg","width":2560,"height":1707},{"@type":"BreadcrumbList","@id":"https:\/\/www.cruillabarcelona.cat\/es\/economia-circular-sostenibilidad\/#breadcrumb","itemListElement":[{"@type":"ListItem","position":1,"name":"Home","item":"https:\/\/www.cruillabarcelona.cat\/es\/"},{"@type":"ListItem","position":2,"name":"Econom\u00eda circular"}]},{"@type":"WebSite","@id":"https:\/\/www.cruillabarcelona.cat\/es\/#website","url":"https:\/\/www.cruillabarcelona.cat\/es\/","name":"Festival Cru\u00eflla","description":"","publisher":{"@id":"https:\/\/www.cruillabarcelona.cat\/es\/#organization"},"potentialAction":[{"@type":"SearchAction","target":{"@type":"EntryPoint","urlTemplate":"https:\/\/www.cruillabarcelona.cat\/es\/?s={search_term_string}"},"query-input":{"@type":"PropertyValueSpecification","valueRequired":true,"valueName":"search_term_string"}}],"inLanguage":"es"},{"@type":"Organization","@id":"https:\/\/www.cruillabarcelona.cat\/es\/#organization","name":"Festival Cru\u00eflla","url":"https:\/\/www.cruillabarcelona.cat\/es\/","logo":{"@type":"ImageObject","inLanguage":"es","@id":"https:\/\/www.cruillabarcelona.cat\/es\/#\/schema\/logo\/image\/","url":"https:\/\/www.cruillabarcelona.cat\/wp-content\/uploads\/2025\/12\/cruill-logo-negativo.png","contentUrl":"https:\/\/www.cruillabarcelona.cat\/wp-content\/uploads\/2025\/12\/cruill-logo-negativo.png","width":400,"height":101,"caption":"Festival Cru\u00eflla"},"image":{"@id":"https:\/\/www.cruillabarcelona.cat\/es\/#\/schema\/logo\/image\/"}}]}},"_links":{"self":[{"href":"https:\/\/www.cruillabarcelona.cat\/es\/wp-json\/wp\/v2\/pages\/58798","targetHints":{"allow":["GET"]}}],"collection":[{"href":"https:\/\/www.cruillabarcelona.cat\/es\/wp-json\/wp\/v2\/pages"}],"about":[{"href":"https:\/\/www.cruillabarcelona.cat\/es\/wp-json\/wp\/v2\/types\/page"}],"author":[{"embeddable":true,"href":"https:\/\/www.cruillabarcelona.cat\/es\/wp-json\/wp\/v2\/users\/2"}],"replies":[{"embeddable":true,"href":"https:\/\/www.cruillabarcelona.cat\/es\/wp-json\/wp\/v2\/comments?post=58798"}],"version-history":[{"count":2,"href":"https:\/\/www.cruillabarcelona.cat\/es\/wp-json\/wp\/v2\/pages\/58798\/revisions"}],"predecessor-version":[{"id":59571,"href":"https:\/\/www.cruillabarcelona.cat\/es\/wp-json\/wp\/v2\/pages\/58798\/revisions\/59571"}],"wp:featuredmedia":[{"embeddable":true,"href":"https:\/\/www.cruillabarcelona.cat\/es\/wp-json\/wp\/v2\/media\/58039"}],"wp:attachment":[{"href":"https:\/\/www.cruillabarcelona.cat\/es\/wp-json\/wp\/v2\/media?parent=58798"}],"curies":[{"name":"wp","href":"https:\/\/api.w.org\/{rel}","templated":true}]}}