{"id":58884,"date":"2025-06-04T11:09:24","date_gmt":"2025-06-04T09:09:24","guid":{"rendered":"https:\/\/www.cruillabarcelona.cat\/?page_id=58884"},"modified":"2025-06-04T11:11:01","modified_gmt":"2025-06-04T09:11:01","slug":"como-llegar","status":"publish","type":"page","link":"https:\/\/www.cruillabarcelona.cat\/es\/como-llegar\/","title":{"rendered":"C\u00f3mo llegar"},"content":{"rendered":"<h1 style=\"text-align: center;\"><span style=\"color: #ea6a4e;\">C\u00f3mo llegar<\/span><\/h1>\n<h5><a href=\"https:\/\/maps.app.goo.gl\/Vg7hSnKQSanYoELP6\">Parc del F\u00f2rum<\/a><br \/>\nMoll de la Marina Seca<br \/>\nCarrer De la Pau, 12.<br \/>\n08930, Sant Adri\u00e0 del Bes\u00f2s, Barcelona<\/h5>\n<p>[efsrow]<br \/>\n[efscolumn lg=\u00bb6&#8243; md=\u00bb6&#8243; smoff=\u00bb0&#8243; mdoff=\u00bb0&#8243; lgoff=\u00bb0&#8243; ]<\/p>\n<h2>EN METRO<\/h2>\n<p>L\u00ednea L4. Estaci\u00f3n: El Maresme \u2013 F\u00f2rum<br \/>\nSalida: Rambla Prim<\/p>\n<p>Horario:<\/p>\n<ul>\n<li>De domingo a jueves: de 05:00h a 00:00h<\/li>\n<li>Viernes y vigilias de festivos: de 05:00h a 02:00h<\/li>\n<li>S\u00e1bado: abierto toda la noche<\/li>\n<\/ul>\n<p><a href=\"https:\/\/www.tmb.cat\/es\/home\/\" target=\"_blank\" rel=\"noopener noreferrer\">www.tmb.cat<\/a><\/p>\n<h2>EN BUS LANZANDERA<\/h2>\n<p>Este a\u00f1o hemos implementado un\u00a0<strong>servicio de buses lanzadera<\/strong>\u00a0que tendr\u00e1n un precio de\u00a0<strong>2,5\u20ac\u00a0<\/strong>que se podr\u00e1 abonar con tarjeta o en efectivo en el momento de coger el bus. El punto de salida ser\u00e1\u00a0<strong>frente al Hotel Princess<\/strong>\u00a0y el punto de descarga la<strong>\u00a0Ronda Sant Pere con Paseo de Gracia<\/strong>. Los buses funcionar\u00e1n la noche del jueves al viernes de 00h a 2h y de la noche del viernes al s\u00e1bado de 2h a 6h.<\/p>\n<h2>EN BUS<\/h2>\n<ul>\n<li>L\u00edneas 7, 36, 143, H14, H16, B23<\/li>\n<li>Horario: de 06:30h a 23:15h (aprox)<\/li>\n<\/ul>\n<h2>EN BUS NOCTURNO<\/h2>\n<ul>\n<li>L\u00edneas N6, N7<\/li>\n<li>Horario: de 23:00h a 06:00h (aprox)<\/li>\n<\/ul>\n<h2>EN TREN<\/h2>\n<p><strong>Renfe<\/strong> es el tren oficial del Cru\u00eflla. Estaciones m\u00e1s cercanas:<\/p>\n<ul>\n<li>Barcelona &#8211; El Clot Arag\u00f3<\/li>\n<li>Estaci\u00f3 de Fran\u00e7a<\/li>\n<li>Sant Adri\u00e0 de Bes\u00f2s<\/li>\n<li>Barcelona Sants: estaci\u00f3n principal de la ciudad de Barcelona, llegada de trenes de larga distancia y AVE<\/li>\n<\/ul>\n<h2>EN TRANV\u00cdA<\/h2>\n<p>L\u00ednea T4. Estaci\u00f3n: F\u00f2rum.<\/p>\n<p>Horario:<\/p>\n<ul>\n<li>Mi\u00e9rcoles de 05:00h a 01:00h.<\/li>\n<li>Jueves de 05:00h a 02:00h.<\/li>\n<li>Viernes y s\u00e1bado servicio ilimitado.<\/li>\n<\/ul>\n<p><a href=\"http:\/\/www.tram.cat\/es\/\" target=\"_blank\" rel=\"noopener noreferrer\">www.tram.cat<\/a><\/p>\n<p>[\/efscolumn]<br \/>\n[efscolumn lg=\u00bb6&#8243; md=\u00bb6&#8243; smoff=\u00bb0&#8243; mdoff=\u00bb0&#8243; lgoff=\u00bb0&#8243; ]<\/p>\n<h2>EN BICING<\/h2>\n<p>Estaciones m\u00e9s cercanas:<\/p>\n<ul>\n<li>160 Avda. d\u2019Eduard Maristany, 1\/ F\u00f2rum<\/li>\n<li>158 Rambla Prim, 1-9<\/li>\n<li>157 C\/ Llull, 396<\/li>\n<li>159 Avda. Diagonal, 26<\/li>\n<li>151 C\/ Pujades, 462<\/li>\n<li>147 Rambla Prim, 79<\/li>\n<li>156 Avda. Diagonal, 82<\/li>\n<\/ul>\n<p><a href=\"https:\/\/www.bicing.cat\/es\/\" target=\"_blank\" rel=\"noopener noreferrer\">www.bicing.cat<\/a><\/p>\n<h2>EN COCHE<\/h2>\n<h3>En coche desde Tarragona:<\/h3>\n<p>Ronda Litoral, salida: Rambla Prim\/Diagonal Mar\/Port Forum St. Adri\u00e0.<\/p>\n<h3>En coche desde Girona:<\/h3>\n<p>Ronda Litoral, salida: Rambla Prim.<br \/>\nContinua por la derecha hacia: Sant R. Penyafort\/Sant Adri\u00e0\/Crist\u00f3bal de Moura<\/p>\n<h3>Hay 3 parquins cerca del F\u00f2rum:<\/h3>\n<p>1. B:SM Pla\u00e7a F\u00f2rum (Pla\u00e7a d\u2019Ernest Lluch i Mart\u00edn)<br \/>\n2. B:SM Garcia F\u00e0ria (c\/ Garcia F\u00e0ria, 1)<br \/>\n3. B:SM Gl\u00f2ries (Pla\u00e7a de les Gl\u00f2ries)<\/p>\n<p>[\/efscolumn]<br \/>\n[\/efsrow]<\/p>\n","protected":false},"excerpt":{"rendered":"<p>C\u00f3mo llegar Parc del F\u00f2rum Moll de la Marina Seca Carrer De la Pau, 12. 08930, Sant Adri\u00e0 del Bes\u00f2s, Barcelona [efsrow] [efscolumn lg=\u00bb6&#8243; md=\u00bb6&#8243; smoff=\u00bb0&#8243; [&hellip;]<\/p>\n","protected":false},"author":2,"featured_media":57664,"parent":0,"menu_order":0,"comment_status":"closed","ping_status":"closed","template":"page-templates\/page-landing.php","meta":{"_acf_changed":false,"footnotes":""},"class_list":["post-58884","page","type-page","status-publish","has-post-thumbnail","hentry"],"acf":[],"yoast_head":"<!-- This site is optimized with the Yoast SEO plugin v27.5 - https:\/\/yoast.com\/product\/yoast-seo-wordpress\/ -->\n<title>C\u00f3mo llegar - Festival Cru\u00eflla<\/title>\n<meta name=\"robots\" content=\"index, follow, max-snippet:-1, max-image-preview:large, max-video-preview:-1\" \/>\n<link rel=\"canonical\" href=\"https:\/\/www.cruillabarcelona.cat\/es\/como-llegar\/\" \/>\n<meta property=\"og:locale\" content=\"es_ES\" \/>\n<meta property=\"og:type\" content=\"article\" \/>\n<meta property=\"og:title\" content=\"C\u00f3mo llegar - Festival Cru\u00eflla\" \/>\n<meta property=\"og:description\" content=\"C\u00f3mo llegar Parc del F\u00f2rum Moll de la Marina Seca Carrer De la Pau, 12. 08930, Sant Adri\u00e0 del Bes\u00f2s, Barcelona [efsrow] [efscolumn lg=\u00bb6&#8243; md=\u00bb6&#8243; smoff=\u00bb0&#8243; [&hellip;]\" \/>\n<meta property=\"og:url\" content=\"https:\/\/www.cruillabarcelona.cat\/es\/como-llegar\/\" \/>\n<meta property=\"og:site_name\" content=\"Festival Cru\u00eflla\" \/>\n<meta property=\"article:modified_time\" content=\"2025-06-04T09:11:01+00:00\" \/>\n<meta property=\"og:image\" content=\"https:\/\/www.cruillabarcelona.cat\/wp-content\/uploads\/2025\/05\/AMBIENT_DSC_2080_\u00a9Victor-Parreno-scaled.jpg\" \/>\n\t<meta property=\"og:image:width\" content=\"2560\" \/>\n\t<meta property=\"og:image:height\" content=\"1703\" \/>\n\t<meta property=\"og:image:type\" content=\"image\/jpeg\" \/>\n<meta name=\"twitter:card\" content=\"summary_large_image\" \/>\n<meta name=\"twitter:label1\" content=\"Tiempo de lectura\" \/>\n\t<meta name=\"twitter:data1\" content=\"3 minutos\" \/>\n<script type=\"application\/ld+json\" class=\"yoast-schema-graph\">{\"@context\":\"https:\\\/\\\/schema.org\",\"@graph\":[{\"@type\":\"WebPage\",\"@id\":\"https:\\\/\\\/www.cruillabarcelona.cat\\\/es\\\/como-llegar\\\/\",\"url\":\"https:\\\/\\\/www.cruillabarcelona.cat\\\/es\\\/como-llegar\\\/\",\"name\":\"C\u00f3mo llegar - Festival Cru\u00eflla\",\"isPartOf\":{\"@id\":\"https:\\\/\\\/www.cruillabarcelona.cat\\\/es\\\/#website\"},\"primaryImageOfPage\":{\"@id\":\"https:\\\/\\\/www.cruillabarcelona.cat\\\/es\\\/como-llegar\\\/#primaryimage\"},\"image\":{\"@id\":\"https:\\\/\\\/www.cruillabarcelona.cat\\\/es\\\/como-llegar\\\/#primaryimage\"},\"thumbnailUrl\":\"https:\\\/\\\/www.cruillabarcelona.cat\\\/wp-content\\\/uploads\\\/2025\\\/05\\\/AMBIENT_DSC_2080_\u00a9Victor-Parreno-scaled.jpg\",\"datePublished\":\"2025-06-04T09:09:24+00:00\",\"dateModified\":\"2025-06-04T09:11:01+00:00\",\"breadcrumb\":{\"@id\":\"https:\\\/\\\/www.cruillabarcelona.cat\\\/es\\\/como-llegar\\\/#breadcrumb\"},\"inLanguage\":\"es\",\"potentialAction\":[{\"@type\":\"ReadAction\",\"target\":[\"https:\\\/\\\/www.cruillabarcelona.cat\\\/es\\\/como-llegar\\\/\"]}]},{\"@type\":\"ImageObject\",\"inLanguage\":\"es\",\"@id\":\"https:\\\/\\\/www.cruillabarcelona.cat\\\/es\\\/como-llegar\\\/#primaryimage\",\"url\":\"https:\\\/\\\/www.cruillabarcelona.cat\\\/wp-content\\\/uploads\\\/2025\\\/05\\\/AMBIENT_DSC_2080_\u00a9Victor-Parreno-scaled.jpg\",\"contentUrl\":\"https:\\\/\\\/www.cruillabarcelona.cat\\\/wp-content\\\/uploads\\\/2025\\\/05\\\/AMBIENT_DSC_2080_\u00a9Victor-Parreno-scaled.jpg\",\"width\":2560,\"height\":1703,\"caption\":\"\u00a9 V\u00edctor Parre\u00f1o\"},{\"@type\":\"BreadcrumbList\",\"@id\":\"https:\\\/\\\/www.cruillabarcelona.cat\\\/es\\\/como-llegar\\\/#breadcrumb\",\"itemListElement\":[{\"@type\":\"ListItem\",\"position\":1,\"name\":\"Home\",\"item\":\"https:\\\/\\\/www.cruillabarcelona.cat\\\/es\\\/\"},{\"@type\":\"ListItem\",\"position\":2,\"name\":\"C\u00f3mo llegar\"}]},{\"@type\":\"WebSite\",\"@id\":\"https:\\\/\\\/www.cruillabarcelona.cat\\\/es\\\/#website\",\"url\":\"https:\\\/\\\/www.cruillabarcelona.cat\\\/es\\\/\",\"name\":\"Festival Cru\u00eflla\",\"description\":\"\",\"publisher\":{\"@id\":\"https:\\\/\\\/www.cruillabarcelona.cat\\\/es\\\/#organization\"},\"potentialAction\":[{\"@type\":\"SearchAction\",\"target\":{\"@type\":\"EntryPoint\",\"urlTemplate\":\"https:\\\/\\\/www.cruillabarcelona.cat\\\/es\\\/?s={search_term_string}\"},\"query-input\":{\"@type\":\"PropertyValueSpecification\",\"valueRequired\":true,\"valueName\":\"search_term_string\"}}],\"inLanguage\":\"es\"},{\"@type\":\"Organization\",\"@id\":\"https:\\\/\\\/www.cruillabarcelona.cat\\\/es\\\/#organization\",\"name\":\"Festival Cru\u00eflla\",\"url\":\"https:\\\/\\\/www.cruillabarcelona.cat\\\/es\\\/\",\"logo\":{\"@type\":\"ImageObject\",\"inLanguage\":\"es\",\"@id\":\"https:\\\/\\\/www.cruillabarcelona.cat\\\/es\\\/#\\\/schema\\\/logo\\\/image\\\/\",\"url\":\"https:\\\/\\\/www.cruillabarcelona.cat\\\/wp-content\\\/uploads\\\/2025\\\/12\\\/cruill-logo-negativo.png\",\"contentUrl\":\"https:\\\/\\\/www.cruillabarcelona.cat\\\/wp-content\\\/uploads\\\/2025\\\/12\\\/cruill-logo-negativo.png\",\"width\":400,\"height\":101,\"caption\":\"Festival Cru\u00eflla\"},\"image\":{\"@id\":\"https:\\\/\\\/www.cruillabarcelona.cat\\\/es\\\/#\\\/schema\\\/logo\\\/image\\\/\"}}]}<\/script>\n<!-- \/ Yoast SEO plugin. -->","yoast_head_json":{"title":"C\u00f3mo llegar - Festival Cru\u00eflla","robots":{"index":"index","follow":"follow","max-snippet":"max-snippet:-1","max-image-preview":"max-image-preview:large","max-video-preview":"max-video-preview:-1"},"canonical":"https:\/\/www.cruillabarcelona.cat\/es\/como-llegar\/","og_locale":"es_ES","og_type":"article","og_title":"C\u00f3mo llegar - Festival Cru\u00eflla","og_description":"C\u00f3mo llegar Parc del F\u00f2rum Moll de la Marina Seca Carrer De la Pau, 12. 08930, Sant Adri\u00e0 del Bes\u00f2s, Barcelona [efsrow] [efscolumn lg=\u00bb6&#8243; md=\u00bb6&#8243; smoff=\u00bb0&#8243; [&hellip;]","og_url":"https:\/\/www.cruillabarcelona.cat\/es\/como-llegar\/","og_site_name":"Festival Cru\u00eflla","article_modified_time":"2025-06-04T09:11:01+00:00","og_image":[{"width":2560,"height":1703,"url":"https:\/\/www.cruillabarcelona.cat\/wp-content\/uploads\/2025\/05\/AMBIENT_DSC_2080_\u00a9Victor-Parreno-scaled.jpg","type":"image\/jpeg"}],"twitter_card":"summary_large_image","twitter_misc":{"Tiempo de lectura":"3 minutos"},"schema":{"@context":"https:\/\/schema.org","@graph":[{"@type":"WebPage","@id":"https:\/\/www.cruillabarcelona.cat\/es\/como-llegar\/","url":"https:\/\/www.cruillabarcelona.cat\/es\/como-llegar\/","name":"C\u00f3mo llegar - Festival Cru\u00eflla","isPartOf":{"@id":"https:\/\/www.cruillabarcelona.cat\/es\/#website"},"primaryImageOfPage":{"@id":"https:\/\/www.cruillabarcelona.cat\/es\/como-llegar\/#primaryimage"},"image":{"@id":"https:\/\/www.cruillabarcelona.cat\/es\/como-llegar\/#primaryimage"},"thumbnailUrl":"https:\/\/www.cruillabarcelona.cat\/wp-content\/uploads\/2025\/05\/AMBIENT_DSC_2080_\u00a9Victor-Parreno-scaled.jpg","datePublished":"2025-06-04T09:09:24+00:00","dateModified":"2025-06-04T09:11:01+00:00","breadcrumb":{"@id":"https:\/\/www.cruillabarcelona.cat\/es\/como-llegar\/#breadcrumb"},"inLanguage":"es","potentialAction":[{"@type":"ReadAction","target":["https:\/\/www.cruillabarcelona.cat\/es\/como-llegar\/"]}]},{"@type":"ImageObject","inLanguage":"es","@id":"https:\/\/www.cruillabarcelona.cat\/es\/como-llegar\/#primaryimage","url":"https:\/\/www.cruillabarcelona.cat\/wp-content\/uploads\/2025\/05\/AMBIENT_DSC_2080_\u00a9Victor-Parreno-scaled.jpg","contentUrl":"https:\/\/www.cruillabarcelona.cat\/wp-content\/uploads\/2025\/05\/AMBIENT_DSC_2080_\u00a9Victor-Parreno-scaled.jpg","width":2560,"height":1703,"caption":"\u00a9 V\u00edctor Parre\u00f1o"},{"@type":"BreadcrumbList","@id":"https:\/\/www.cruillabarcelona.cat\/es\/como-llegar\/#breadcrumb","itemListElement":[{"@type":"ListItem","position":1,"name":"Home","item":"https:\/\/www.cruillabarcelona.cat\/es\/"},{"@type":"ListItem","position":2,"name":"C\u00f3mo llegar"}]},{"@type":"WebSite","@id":"https:\/\/www.cruillabarcelona.cat\/es\/#website","url":"https:\/\/www.cruillabarcelona.cat\/es\/","name":"Festival Cru\u00eflla","description":"","publisher":{"@id":"https:\/\/www.cruillabarcelona.cat\/es\/#organization"},"potentialAction":[{"@type":"SearchAction","target":{"@type":"EntryPoint","urlTemplate":"https:\/\/www.cruillabarcelona.cat\/es\/?s={search_term_string}"},"query-input":{"@type":"PropertyValueSpecification","valueRequired":true,"valueName":"search_term_string"}}],"inLanguage":"es"},{"@type":"Organization","@id":"https:\/\/www.cruillabarcelona.cat\/es\/#organization","name":"Festival Cru\u00eflla","url":"https:\/\/www.cruillabarcelona.cat\/es\/","logo":{"@type":"ImageObject","inLanguage":"es","@id":"https:\/\/www.cruillabarcelona.cat\/es\/#\/schema\/logo\/image\/","url":"https:\/\/www.cruillabarcelona.cat\/wp-content\/uploads\/2025\/12\/cruill-logo-negativo.png","contentUrl":"https:\/\/www.cruillabarcelona.cat\/wp-content\/uploads\/2025\/12\/cruill-logo-negativo.png","width":400,"height":101,"caption":"Festival Cru\u00eflla"},"image":{"@id":"https:\/\/www.cruillabarcelona.cat\/es\/#\/schema\/logo\/image\/"}}]}},"_links":{"self":[{"href":"https:\/\/www.cruillabarcelona.cat\/es\/wp-json\/wp\/v2\/pages\/58884","targetHints":{"allow":["GET"]}}],"collection":[{"href":"https:\/\/www.cruillabarcelona.cat\/es\/wp-json\/wp\/v2\/pages"}],"about":[{"href":"https:\/\/www.cruillabarcelona.cat\/es\/wp-json\/wp\/v2\/types\/page"}],"author":[{"embeddable":true,"href":"https:\/\/www.cruillabarcelona.cat\/es\/wp-json\/wp\/v2\/users\/2"}],"replies":[{"embeddable":true,"href":"https:\/\/www.cruillabarcelona.cat\/es\/wp-json\/wp\/v2\/comments?post=58884"}],"version-history":[{"count":3,"href":"https:\/\/www.cruillabarcelona.cat\/es\/wp-json\/wp\/v2\/pages\/58884\/revisions"}],"predecessor-version":[{"id":58888,"href":"https:\/\/www.cruillabarcelona.cat\/es\/wp-json\/wp\/v2\/pages\/58884\/revisions\/58888"}],"wp:featuredmedia":[{"embeddable":true,"href":"https:\/\/www.cruillabarcelona.cat\/es\/wp-json\/wp\/v2\/media\/57664"}],"wp:attachment":[{"href":"https:\/\/www.cruillabarcelona.cat\/es\/wp-json\/wp\/v2\/media?parent=58884"}],"curies":[{"name":"wp","href":"https:\/\/api.w.org\/{rel}","templated":true}]}}