{"id":58909,"date":"2025-06-04T11:42:09","date_gmt":"2025-06-04T09:42:09","guid":{"rendered":"https:\/\/www.cruillabarcelona.cat\/?page_id=58909"},"modified":"2025-10-22T15:37:21","modified_gmt":"2025-10-22T13:37:21","slug":"accesibilidad_fisica","status":"publish","type":"page","link":"https:\/\/www.cruillabarcelona.cat\/es\/accesibilidad_fisica\/","title":{"rendered":"Accesibilidad f\u00edsica"},"content":{"rendered":"<h1 style=\"text-align: center;\"><span style=\"color: #ea6a4e;\">Accesibilidad f\u00edsica<\/span><\/h1>\n<p data-start=\"26\" data-end=\"140\">El F\u00f2rum est\u00e1 adaptado para personas con movilidad reducida y todos los escenarios cuentan con una zona reservada.<\/p>\n<p data-start=\"142\" data-end=\"278\">Adem\u00e1s, las personas con movilidad reducida podr\u00e1n acceder al recinto por el carril r\u00e1pido situado a la izquierda en la zona de entrada.<\/p>\n<p data-start=\"688\" data-end=\"727\">Adem\u00e1s, el festival tambi\u00e9n cuenta con:<\/p>\n<ul>\n<li>Puntos de carga para sillas de ruedas<\/li>\n<li>Ba\u00f1os adaptados<\/li>\n<li>Barras accesibles<\/li>\n<\/ul>\n","protected":false},"excerpt":{"rendered":"<p>Accesibilidad f\u00edsica El F\u00f2rum est\u00e1 adaptado para personas con movilidad reducida y todos los escenarios cuentan con una zona reservada. Adem\u00e1s, las personas con movilidad reducida [&hellip;]<\/p>\n","protected":false},"author":2,"featured_media":58185,"parent":0,"menu_order":0,"comment_status":"closed","ping_status":"closed","template":"page-templates\/page-landing.php","meta":{"_acf_changed":false,"footnotes":""},"class_list":["post-58909","page","type-page","status-publish","has-post-thumbnail","hentry"],"acf":[],"yoast_head":"<!-- This site is optimized with the Yoast SEO plugin v27.3 - https:\/\/yoast.com\/product\/yoast-seo-wordpress\/ -->\n<title>Accesibilidad f\u00edsica - Festival Cru\u00eflla<\/title>\n<meta name=\"robots\" content=\"index, follow, max-snippet:-1, max-image-preview:large, max-video-preview:-1\" \/>\n<link rel=\"canonical\" href=\"https:\/\/www.cruillabarcelona.cat\/es\/accesibilidad_fisica\/\" \/>\n<meta property=\"og:locale\" content=\"es_ES\" \/>\n<meta property=\"og:type\" content=\"article\" \/>\n<meta property=\"og:title\" content=\"Accesibilidad f\u00edsica - Festival Cru\u00eflla\" \/>\n<meta property=\"og:description\" content=\"Accesibilidad f\u00edsica El F\u00f2rum est\u00e1 adaptado para personas con movilidad reducida y todos los escenarios cuentan con una zona reservada. Adem\u00e1s, las personas con movilidad reducida [&hellip;]\" \/>\n<meta property=\"og:url\" content=\"https:\/\/www.cruillabarcelona.cat\/es\/accesibilidad_fisica\/\" \/>\n<meta property=\"og:site_name\" content=\"Festival Cru\u00eflla\" \/>\n<meta property=\"article:modified_time\" content=\"2025-10-22T13:37:21+00:00\" \/>\n<meta property=\"og:image\" content=\"https:\/\/www.cruillabarcelona.cat\/wp-content\/uploads\/2025\/05\/41A0787_Photo_XaviTorrent-2-1-scaled-e1748356217785.jpeg\" \/>\n\t<meta property=\"og:image:width\" content=\"2560\" \/>\n\t<meta property=\"og:image:height\" content=\"1708\" \/>\n\t<meta property=\"og:image:type\" content=\"image\/jpeg\" \/>\n<meta name=\"twitter:card\" content=\"summary_large_image\" \/>\n<meta name=\"twitter:label1\" content=\"Tiempo de lectura\" \/>\n\t<meta name=\"twitter:data1\" content=\"1 minuto\" \/>\n<script type=\"application\/ld+json\" class=\"yoast-schema-graph\">{\"@context\":\"https:\\\/\\\/schema.org\",\"@graph\":[{\"@type\":\"WebPage\",\"@id\":\"https:\\\/\\\/www.cruillabarcelona.cat\\\/es\\\/accesibilidad_fisica\\\/\",\"url\":\"https:\\\/\\\/www.cruillabarcelona.cat\\\/es\\\/accesibilidad_fisica\\\/\",\"name\":\"Accesibilidad f\u00edsica - Festival Cru\u00eflla\",\"isPartOf\":{\"@id\":\"https:\\\/\\\/www.cruillabarcelona.cat\\\/es\\\/#website\"},\"primaryImageOfPage\":{\"@id\":\"https:\\\/\\\/www.cruillabarcelona.cat\\\/es\\\/accesibilidad_fisica\\\/#primaryimage\"},\"image\":{\"@id\":\"https:\\\/\\\/www.cruillabarcelona.cat\\\/es\\\/accesibilidad_fisica\\\/#primaryimage\"},\"thumbnailUrl\":\"https:\\\/\\\/www.cruillabarcelona.cat\\\/wp-content\\\/uploads\\\/2025\\\/05\\\/41A0787_Photo_XaviTorrent-2-1-scaled-e1748356217785.jpeg\",\"datePublished\":\"2025-06-04T09:42:09+00:00\",\"dateModified\":\"2025-10-22T13:37:21+00:00\",\"breadcrumb\":{\"@id\":\"https:\\\/\\\/www.cruillabarcelona.cat\\\/es\\\/accesibilidad_fisica\\\/#breadcrumb\"},\"inLanguage\":\"es\",\"potentialAction\":[{\"@type\":\"ReadAction\",\"target\":[\"https:\\\/\\\/www.cruillabarcelona.cat\\\/es\\\/accesibilidad_fisica\\\/\"]}]},{\"@type\":\"ImageObject\",\"inLanguage\":\"es\",\"@id\":\"https:\\\/\\\/www.cruillabarcelona.cat\\\/es\\\/accesibilidad_fisica\\\/#primaryimage\",\"url\":\"https:\\\/\\\/www.cruillabarcelona.cat\\\/wp-content\\\/uploads\\\/2025\\\/05\\\/41A0787_Photo_XaviTorrent-2-1-scaled-e1748356217785.jpeg\",\"contentUrl\":\"https:\\\/\\\/www.cruillabarcelona.cat\\\/wp-content\\\/uploads\\\/2025\\\/05\\\/41A0787_Photo_XaviTorrent-2-1-scaled-e1748356217785.jpeg\",\"width\":2560,\"height\":1708},{\"@type\":\"BreadcrumbList\",\"@id\":\"https:\\\/\\\/www.cruillabarcelona.cat\\\/es\\\/accesibilidad_fisica\\\/#breadcrumb\",\"itemListElement\":[{\"@type\":\"ListItem\",\"position\":1,\"name\":\"Home\",\"item\":\"https:\\\/\\\/www.cruillabarcelona.cat\\\/es\\\/\"},{\"@type\":\"ListItem\",\"position\":2,\"name\":\"Accesibilidad f\u00edsica\"}]},{\"@type\":\"WebSite\",\"@id\":\"https:\\\/\\\/www.cruillabarcelona.cat\\\/es\\\/#website\",\"url\":\"https:\\\/\\\/www.cruillabarcelona.cat\\\/es\\\/\",\"name\":\"Festival Cru\u00eflla\",\"description\":\"\",\"publisher\":{\"@id\":\"https:\\\/\\\/www.cruillabarcelona.cat\\\/es\\\/#organization\"},\"potentialAction\":[{\"@type\":\"SearchAction\",\"target\":{\"@type\":\"EntryPoint\",\"urlTemplate\":\"https:\\\/\\\/www.cruillabarcelona.cat\\\/es\\\/?s={search_term_string}\"},\"query-input\":{\"@type\":\"PropertyValueSpecification\",\"valueRequired\":true,\"valueName\":\"search_term_string\"}}],\"inLanguage\":\"es\"},{\"@type\":\"Organization\",\"@id\":\"https:\\\/\\\/www.cruillabarcelona.cat\\\/es\\\/#organization\",\"name\":\"Festival Cru\u00eflla\",\"url\":\"https:\\\/\\\/www.cruillabarcelona.cat\\\/es\\\/\",\"logo\":{\"@type\":\"ImageObject\",\"inLanguage\":\"es\",\"@id\":\"https:\\\/\\\/www.cruillabarcelona.cat\\\/es\\\/#\\\/schema\\\/logo\\\/image\\\/\",\"url\":\"https:\\\/\\\/www.cruillabarcelona.cat\\\/wp-content\\\/uploads\\\/2025\\\/12\\\/cruill-logo-negativo.png\",\"contentUrl\":\"https:\\\/\\\/www.cruillabarcelona.cat\\\/wp-content\\\/uploads\\\/2025\\\/12\\\/cruill-logo-negativo.png\",\"width\":400,\"height\":101,\"caption\":\"Festival Cru\u00eflla\"},\"image\":{\"@id\":\"https:\\\/\\\/www.cruillabarcelona.cat\\\/es\\\/#\\\/schema\\\/logo\\\/image\\\/\"}}]}<\/script>\n<!-- \/ Yoast SEO plugin. -->","yoast_head_json":{"title":"Accesibilidad f\u00edsica - Festival Cru\u00eflla","robots":{"index":"index","follow":"follow","max-snippet":"max-snippet:-1","max-image-preview":"max-image-preview:large","max-video-preview":"max-video-preview:-1"},"canonical":"https:\/\/www.cruillabarcelona.cat\/es\/accesibilidad_fisica\/","og_locale":"es_ES","og_type":"article","og_title":"Accesibilidad f\u00edsica - Festival Cru\u00eflla","og_description":"Accesibilidad f\u00edsica El F\u00f2rum est\u00e1 adaptado para personas con movilidad reducida y todos los escenarios cuentan con una zona reservada. Adem\u00e1s, las personas con movilidad reducida [&hellip;]","og_url":"https:\/\/www.cruillabarcelona.cat\/es\/accesibilidad_fisica\/","og_site_name":"Festival Cru\u00eflla","article_modified_time":"2025-10-22T13:37:21+00:00","og_image":[{"width":2560,"height":1708,"url":"https:\/\/www.cruillabarcelona.cat\/wp-content\/uploads\/2025\/05\/41A0787_Photo_XaviTorrent-2-1-scaled-e1748356217785.jpeg","type":"image\/jpeg"}],"twitter_card":"summary_large_image","twitter_misc":{"Tiempo de lectura":"1 minuto"},"schema":{"@context":"https:\/\/schema.org","@graph":[{"@type":"WebPage","@id":"https:\/\/www.cruillabarcelona.cat\/es\/accesibilidad_fisica\/","url":"https:\/\/www.cruillabarcelona.cat\/es\/accesibilidad_fisica\/","name":"Accesibilidad f\u00edsica - Festival Cru\u00eflla","isPartOf":{"@id":"https:\/\/www.cruillabarcelona.cat\/es\/#website"},"primaryImageOfPage":{"@id":"https:\/\/www.cruillabarcelona.cat\/es\/accesibilidad_fisica\/#primaryimage"},"image":{"@id":"https:\/\/www.cruillabarcelona.cat\/es\/accesibilidad_fisica\/#primaryimage"},"thumbnailUrl":"https:\/\/www.cruillabarcelona.cat\/wp-content\/uploads\/2025\/05\/41A0787_Photo_XaviTorrent-2-1-scaled-e1748356217785.jpeg","datePublished":"2025-06-04T09:42:09+00:00","dateModified":"2025-10-22T13:37:21+00:00","breadcrumb":{"@id":"https:\/\/www.cruillabarcelona.cat\/es\/accesibilidad_fisica\/#breadcrumb"},"inLanguage":"es","potentialAction":[{"@type":"ReadAction","target":["https:\/\/www.cruillabarcelona.cat\/es\/accesibilidad_fisica\/"]}]},{"@type":"ImageObject","inLanguage":"es","@id":"https:\/\/www.cruillabarcelona.cat\/es\/accesibilidad_fisica\/#primaryimage","url":"https:\/\/www.cruillabarcelona.cat\/wp-content\/uploads\/2025\/05\/41A0787_Photo_XaviTorrent-2-1-scaled-e1748356217785.jpeg","contentUrl":"https:\/\/www.cruillabarcelona.cat\/wp-content\/uploads\/2025\/05\/41A0787_Photo_XaviTorrent-2-1-scaled-e1748356217785.jpeg","width":2560,"height":1708},{"@type":"BreadcrumbList","@id":"https:\/\/www.cruillabarcelona.cat\/es\/accesibilidad_fisica\/#breadcrumb","itemListElement":[{"@type":"ListItem","position":1,"name":"Home","item":"https:\/\/www.cruillabarcelona.cat\/es\/"},{"@type":"ListItem","position":2,"name":"Accesibilidad f\u00edsica"}]},{"@type":"WebSite","@id":"https:\/\/www.cruillabarcelona.cat\/es\/#website","url":"https:\/\/www.cruillabarcelona.cat\/es\/","name":"Festival Cru\u00eflla","description":"","publisher":{"@id":"https:\/\/www.cruillabarcelona.cat\/es\/#organization"},"potentialAction":[{"@type":"SearchAction","target":{"@type":"EntryPoint","urlTemplate":"https:\/\/www.cruillabarcelona.cat\/es\/?s={search_term_string}"},"query-input":{"@type":"PropertyValueSpecification","valueRequired":true,"valueName":"search_term_string"}}],"inLanguage":"es"},{"@type":"Organization","@id":"https:\/\/www.cruillabarcelona.cat\/es\/#organization","name":"Festival Cru\u00eflla","url":"https:\/\/www.cruillabarcelona.cat\/es\/","logo":{"@type":"ImageObject","inLanguage":"es","@id":"https:\/\/www.cruillabarcelona.cat\/es\/#\/schema\/logo\/image\/","url":"https:\/\/www.cruillabarcelona.cat\/wp-content\/uploads\/2025\/12\/cruill-logo-negativo.png","contentUrl":"https:\/\/www.cruillabarcelona.cat\/wp-content\/uploads\/2025\/12\/cruill-logo-negativo.png","width":400,"height":101,"caption":"Festival Cru\u00eflla"},"image":{"@id":"https:\/\/www.cruillabarcelona.cat\/es\/#\/schema\/logo\/image\/"}}]}},"_links":{"self":[{"href":"https:\/\/www.cruillabarcelona.cat\/es\/wp-json\/wp\/v2\/pages\/58909","targetHints":{"allow":["GET"]}}],"collection":[{"href":"https:\/\/www.cruillabarcelona.cat\/es\/wp-json\/wp\/v2\/pages"}],"about":[{"href":"https:\/\/www.cruillabarcelona.cat\/es\/wp-json\/wp\/v2\/types\/page"}],"author":[{"embeddable":true,"href":"https:\/\/www.cruillabarcelona.cat\/es\/wp-json\/wp\/v2\/users\/2"}],"replies":[{"embeddable":true,"href":"https:\/\/www.cruillabarcelona.cat\/es\/wp-json\/wp\/v2\/comments?post=58909"}],"version-history":[{"count":5,"href":"https:\/\/www.cruillabarcelona.cat\/es\/wp-json\/wp\/v2\/pages\/58909\/revisions"}],"predecessor-version":[{"id":60670,"href":"https:\/\/www.cruillabarcelona.cat\/es\/wp-json\/wp\/v2\/pages\/58909\/revisions\/60670"}],"wp:featuredmedia":[{"embeddable":true,"href":"https:\/\/www.cruillabarcelona.cat\/es\/wp-json\/wp\/v2\/media\/58185"}],"wp:attachment":[{"href":"https:\/\/www.cruillabarcelona.cat\/es\/wp-json\/wp\/v2\/media?parent=58909"}],"curies":[{"name":"wp","href":"https:\/\/api.w.org\/{rel}","templated":true}]}}