{"id":58942,"date":"2025-06-04T11:54:39","date_gmt":"2025-06-04T09:54:39","guid":{"rendered":"https:\/\/www.cruillabarcelona.cat\/?page_id=58942"},"modified":"2025-10-22T15:39:42","modified_gmt":"2025-10-22T13:39:42","slug":"espacio-tranquilo","status":"publish","type":"page","link":"https:\/\/www.cruillabarcelona.cat\/es\/espacio-tranquilo\/","title":{"rendered":"Espacio tranquilo"},"content":{"rendered":"<h1 style=\"text-align: center;\" data-start=\"248\" data-end=\"737\"><span style=\"color: #ea6a4e;\">Espacio tranquilo<\/span><\/h1>\n<p data-start=\"23\" data-end=\"246\">Para garantizar el bienestar de todas las personas asistentes, el Festival Cru\u00eflla ha incorporado este a\u00f1o 2025 un nuevo <strong>espacio tranquilo,<\/strong> pensado para personas con neurodiversidad o en situaci\u00f3n de sobrecarga emocional o sensorial.<\/p>\n<p data-start=\"248\" data-end=\"643\" data-is-last-node=\"\" data-is-only-node=\"\">En medio de la actividad propia de un festival, este espacio nace como una zona segura y accesible, dise\u00f1ada para ofrecer calma, privacidad y un ambiente relajante dentro del recinto. Si en alg\u00fan momento sientes que necesitas un descanso del ruido, la multitud o la estimulaci\u00f3n constante, puedes acercarte para relajarte un rato, respirar, descansar y as\u00ed poder volver a disfrutar del festival.<\/p>\n","protected":false},"excerpt":{"rendered":"<p>Espacio tranquilo Para garantizar el bienestar de todas las personas asistentes, el Festival Cru\u00eflla ha incorporado este a\u00f1o 2025 un nuevo espacio tranquilo, pensado para personas [&hellip;]<\/p>\n","protected":false},"author":2,"featured_media":58201,"parent":0,"menu_order":0,"comment_status":"closed","ping_status":"closed","template":"page-templates\/page-landing.php","meta":{"_acf_changed":false,"footnotes":""},"class_list":["post-58942","page","type-page","status-publish","has-post-thumbnail","hentry"],"acf":[],"yoast_head":"<!-- This site is optimized with the Yoast SEO plugin v27.3 - https:\/\/yoast.com\/product\/yoast-seo-wordpress\/ -->\n<title>Espacio tranquilo - Festival Cru\u00eflla<\/title>\n<meta name=\"robots\" content=\"index, follow, max-snippet:-1, max-image-preview:large, max-video-preview:-1\" \/>\n<link rel=\"canonical\" href=\"https:\/\/www.cruillabarcelona.cat\/es\/espacio-tranquilo\/\" \/>\n<meta property=\"og:locale\" content=\"es_ES\" \/>\n<meta property=\"og:type\" content=\"article\" \/>\n<meta property=\"og:title\" content=\"Espacio tranquilo - Festival Cru\u00eflla\" \/>\n<meta property=\"og:description\" content=\"Espacio tranquilo Para garantizar el bienestar de todas las personas asistentes, el Festival Cru\u00eflla ha incorporado este a\u00f1o 2025 un nuevo espacio tranquilo, pensado para personas [&hellip;]\" \/>\n<meta property=\"og:url\" content=\"https:\/\/www.cruillabarcelona.cat\/es\/espacio-tranquilo\/\" \/>\n<meta property=\"og:site_name\" content=\"Festival Cru\u00eflla\" \/>\n<meta property=\"article:modified_time\" content=\"2025-10-22T13:39:42+00:00\" \/>\n<meta property=\"og:image\" content=\"https:\/\/www.cruillabarcelona.cat\/wp-content\/uploads\/2025\/05\/AMBIENT_PhotoChristian-Bertrand-158-scaled.jpeg\" \/>\n\t<meta property=\"og:image:width\" content=\"2560\" \/>\n\t<meta property=\"og:image:height\" content=\"1707\" \/>\n\t<meta property=\"og:image:type\" content=\"image\/jpeg\" \/>\n<meta name=\"twitter:card\" content=\"summary_large_image\" \/>\n<meta name=\"twitter:label1\" content=\"Tiempo de lectura\" \/>\n\t<meta name=\"twitter:data1\" content=\"1 minuto\" \/>\n<script type=\"application\/ld+json\" class=\"yoast-schema-graph\">{\"@context\":\"https:\\\/\\\/schema.org\",\"@graph\":[{\"@type\":\"WebPage\",\"@id\":\"https:\\\/\\\/www.cruillabarcelona.cat\\\/es\\\/espacio-tranquilo\\\/\",\"url\":\"https:\\\/\\\/www.cruillabarcelona.cat\\\/es\\\/espacio-tranquilo\\\/\",\"name\":\"Espacio tranquilo - Festival Cru\u00eflla\",\"isPartOf\":{\"@id\":\"https:\\\/\\\/www.cruillabarcelona.cat\\\/es\\\/#website\"},\"primaryImageOfPage\":{\"@id\":\"https:\\\/\\\/www.cruillabarcelona.cat\\\/es\\\/espacio-tranquilo\\\/#primaryimage\"},\"image\":{\"@id\":\"https:\\\/\\\/www.cruillabarcelona.cat\\\/es\\\/espacio-tranquilo\\\/#primaryimage\"},\"thumbnailUrl\":\"https:\\\/\\\/www.cruillabarcelona.cat\\\/wp-content\\\/uploads\\\/2025\\\/05\\\/AMBIENT_PhotoChristian-Bertrand-158-scaled.jpeg\",\"datePublished\":\"2025-06-04T09:54:39+00:00\",\"dateModified\":\"2025-10-22T13:39:42+00:00\",\"breadcrumb\":{\"@id\":\"https:\\\/\\\/www.cruillabarcelona.cat\\\/es\\\/espacio-tranquilo\\\/#breadcrumb\"},\"inLanguage\":\"es\",\"potentialAction\":[{\"@type\":\"ReadAction\",\"target\":[\"https:\\\/\\\/www.cruillabarcelona.cat\\\/es\\\/espacio-tranquilo\\\/\"]}]},{\"@type\":\"ImageObject\",\"inLanguage\":\"es\",\"@id\":\"https:\\\/\\\/www.cruillabarcelona.cat\\\/es\\\/espacio-tranquilo\\\/#primaryimage\",\"url\":\"https:\\\/\\\/www.cruillabarcelona.cat\\\/wp-content\\\/uploads\\\/2025\\\/05\\\/AMBIENT_PhotoChristian-Bertrand-158-scaled.jpeg\",\"contentUrl\":\"https:\\\/\\\/www.cruillabarcelona.cat\\\/wp-content\\\/uploads\\\/2025\\\/05\\\/AMBIENT_PhotoChristian-Bertrand-158-scaled.jpeg\",\"width\":2560,\"height\":1707},{\"@type\":\"BreadcrumbList\",\"@id\":\"https:\\\/\\\/www.cruillabarcelona.cat\\\/es\\\/espacio-tranquilo\\\/#breadcrumb\",\"itemListElement\":[{\"@type\":\"ListItem\",\"position\":1,\"name\":\"Home\",\"item\":\"https:\\\/\\\/www.cruillabarcelona.cat\\\/es\\\/\"},{\"@type\":\"ListItem\",\"position\":2,\"name\":\"Espacio tranquilo\"}]},{\"@type\":\"WebSite\",\"@id\":\"https:\\\/\\\/www.cruillabarcelona.cat\\\/es\\\/#website\",\"url\":\"https:\\\/\\\/www.cruillabarcelona.cat\\\/es\\\/\",\"name\":\"Festival Cru\u00eflla\",\"description\":\"\",\"publisher\":{\"@id\":\"https:\\\/\\\/www.cruillabarcelona.cat\\\/es\\\/#organization\"},\"potentialAction\":[{\"@type\":\"SearchAction\",\"target\":{\"@type\":\"EntryPoint\",\"urlTemplate\":\"https:\\\/\\\/www.cruillabarcelona.cat\\\/es\\\/?s={search_term_string}\"},\"query-input\":{\"@type\":\"PropertyValueSpecification\",\"valueRequired\":true,\"valueName\":\"search_term_string\"}}],\"inLanguage\":\"es\"},{\"@type\":\"Organization\",\"@id\":\"https:\\\/\\\/www.cruillabarcelona.cat\\\/es\\\/#organization\",\"name\":\"Festival Cru\u00eflla\",\"url\":\"https:\\\/\\\/www.cruillabarcelona.cat\\\/es\\\/\",\"logo\":{\"@type\":\"ImageObject\",\"inLanguage\":\"es\",\"@id\":\"https:\\\/\\\/www.cruillabarcelona.cat\\\/es\\\/#\\\/schema\\\/logo\\\/image\\\/\",\"url\":\"https:\\\/\\\/www.cruillabarcelona.cat\\\/wp-content\\\/uploads\\\/2025\\\/12\\\/cruill-logo-negativo.png\",\"contentUrl\":\"https:\\\/\\\/www.cruillabarcelona.cat\\\/wp-content\\\/uploads\\\/2025\\\/12\\\/cruill-logo-negativo.png\",\"width\":400,\"height\":101,\"caption\":\"Festival Cru\u00eflla\"},\"image\":{\"@id\":\"https:\\\/\\\/www.cruillabarcelona.cat\\\/es\\\/#\\\/schema\\\/logo\\\/image\\\/\"}}]}<\/script>\n<!-- \/ Yoast SEO plugin. -->","yoast_head_json":{"title":"Espacio tranquilo - Festival Cru\u00eflla","robots":{"index":"index","follow":"follow","max-snippet":"max-snippet:-1","max-image-preview":"max-image-preview:large","max-video-preview":"max-video-preview:-1"},"canonical":"https:\/\/www.cruillabarcelona.cat\/es\/espacio-tranquilo\/","og_locale":"es_ES","og_type":"article","og_title":"Espacio tranquilo - Festival Cru\u00eflla","og_description":"Espacio tranquilo Para garantizar el bienestar de todas las personas asistentes, el Festival Cru\u00eflla ha incorporado este a\u00f1o 2025 un nuevo espacio tranquilo, pensado para personas [&hellip;]","og_url":"https:\/\/www.cruillabarcelona.cat\/es\/espacio-tranquilo\/","og_site_name":"Festival Cru\u00eflla","article_modified_time":"2025-10-22T13:39:42+00:00","og_image":[{"width":2560,"height":1707,"url":"https:\/\/www.cruillabarcelona.cat\/wp-content\/uploads\/2025\/05\/AMBIENT_PhotoChristian-Bertrand-158-scaled.jpeg","type":"image\/jpeg"}],"twitter_card":"summary_large_image","twitter_misc":{"Tiempo de lectura":"1 minuto"},"schema":{"@context":"https:\/\/schema.org","@graph":[{"@type":"WebPage","@id":"https:\/\/www.cruillabarcelona.cat\/es\/espacio-tranquilo\/","url":"https:\/\/www.cruillabarcelona.cat\/es\/espacio-tranquilo\/","name":"Espacio tranquilo - Festival Cru\u00eflla","isPartOf":{"@id":"https:\/\/www.cruillabarcelona.cat\/es\/#website"},"primaryImageOfPage":{"@id":"https:\/\/www.cruillabarcelona.cat\/es\/espacio-tranquilo\/#primaryimage"},"image":{"@id":"https:\/\/www.cruillabarcelona.cat\/es\/espacio-tranquilo\/#primaryimage"},"thumbnailUrl":"https:\/\/www.cruillabarcelona.cat\/wp-content\/uploads\/2025\/05\/AMBIENT_PhotoChristian-Bertrand-158-scaled.jpeg","datePublished":"2025-06-04T09:54:39+00:00","dateModified":"2025-10-22T13:39:42+00:00","breadcrumb":{"@id":"https:\/\/www.cruillabarcelona.cat\/es\/espacio-tranquilo\/#breadcrumb"},"inLanguage":"es","potentialAction":[{"@type":"ReadAction","target":["https:\/\/www.cruillabarcelona.cat\/es\/espacio-tranquilo\/"]}]},{"@type":"ImageObject","inLanguage":"es","@id":"https:\/\/www.cruillabarcelona.cat\/es\/espacio-tranquilo\/#primaryimage","url":"https:\/\/www.cruillabarcelona.cat\/wp-content\/uploads\/2025\/05\/AMBIENT_PhotoChristian-Bertrand-158-scaled.jpeg","contentUrl":"https:\/\/www.cruillabarcelona.cat\/wp-content\/uploads\/2025\/05\/AMBIENT_PhotoChristian-Bertrand-158-scaled.jpeg","width":2560,"height":1707},{"@type":"BreadcrumbList","@id":"https:\/\/www.cruillabarcelona.cat\/es\/espacio-tranquilo\/#breadcrumb","itemListElement":[{"@type":"ListItem","position":1,"name":"Home","item":"https:\/\/www.cruillabarcelona.cat\/es\/"},{"@type":"ListItem","position":2,"name":"Espacio tranquilo"}]},{"@type":"WebSite","@id":"https:\/\/www.cruillabarcelona.cat\/es\/#website","url":"https:\/\/www.cruillabarcelona.cat\/es\/","name":"Festival Cru\u00eflla","description":"","publisher":{"@id":"https:\/\/www.cruillabarcelona.cat\/es\/#organization"},"potentialAction":[{"@type":"SearchAction","target":{"@type":"EntryPoint","urlTemplate":"https:\/\/www.cruillabarcelona.cat\/es\/?s={search_term_string}"},"query-input":{"@type":"PropertyValueSpecification","valueRequired":true,"valueName":"search_term_string"}}],"inLanguage":"es"},{"@type":"Organization","@id":"https:\/\/www.cruillabarcelona.cat\/es\/#organization","name":"Festival Cru\u00eflla","url":"https:\/\/www.cruillabarcelona.cat\/es\/","logo":{"@type":"ImageObject","inLanguage":"es","@id":"https:\/\/www.cruillabarcelona.cat\/es\/#\/schema\/logo\/image\/","url":"https:\/\/www.cruillabarcelona.cat\/wp-content\/uploads\/2025\/12\/cruill-logo-negativo.png","contentUrl":"https:\/\/www.cruillabarcelona.cat\/wp-content\/uploads\/2025\/12\/cruill-logo-negativo.png","width":400,"height":101,"caption":"Festival Cru\u00eflla"},"image":{"@id":"https:\/\/www.cruillabarcelona.cat\/es\/#\/schema\/logo\/image\/"}}]}},"_links":{"self":[{"href":"https:\/\/www.cruillabarcelona.cat\/es\/wp-json\/wp\/v2\/pages\/58942","targetHints":{"allow":["GET"]}}],"collection":[{"href":"https:\/\/www.cruillabarcelona.cat\/es\/wp-json\/wp\/v2\/pages"}],"about":[{"href":"https:\/\/www.cruillabarcelona.cat\/es\/wp-json\/wp\/v2\/types\/page"}],"author":[{"embeddable":true,"href":"https:\/\/www.cruillabarcelona.cat\/es\/wp-json\/wp\/v2\/users\/2"}],"replies":[{"embeddable":true,"href":"https:\/\/www.cruillabarcelona.cat\/es\/wp-json\/wp\/v2\/comments?post=58942"}],"version-history":[{"count":5,"href":"https:\/\/www.cruillabarcelona.cat\/es\/wp-json\/wp\/v2\/pages\/58942\/revisions"}],"predecessor-version":[{"id":60673,"href":"https:\/\/www.cruillabarcelona.cat\/es\/wp-json\/wp\/v2\/pages\/58942\/revisions\/60673"}],"wp:featuredmedia":[{"embeddable":true,"href":"https:\/\/www.cruillabarcelona.cat\/es\/wp-json\/wp\/v2\/media\/58201"}],"wp:attachment":[{"href":"https:\/\/www.cruillabarcelona.cat\/es\/wp-json\/wp\/v2\/media?parent=58942"}],"curies":[{"name":"wp","href":"https:\/\/api.w.org\/{rel}","templated":true}]}}