{"id":59031,"date":"2025-06-04T12:35:55","date_gmt":"2025-06-04T10:35:55","guid":{"rendered":"https:\/\/www.cruillabarcelona.cat\/?page_id=59031"},"modified":"2025-06-04T12:40:04","modified_gmt":"2025-06-04T10:40:04","slug":"menus-para-todos-los-gustos","status":"publish","type":"page","link":"https:\/\/www.cruillabarcelona.cat\/es\/menus-para-todos-los-gustos\/","title":{"rendered":"Men\u00fas para todos los gustos"},"content":{"rendered":"<h1 style=\"text-align: center;\"><span style=\"color: #ea6a4e;\">Men\u00fas para todos los gustos<\/span><\/h1>\n<p>&nbsp;<\/p>\n<p data-start=\"33\" data-end=\"391\">Desde el festival prestamos especial atenci\u00f3n al dise\u00f1ar una oferta gastron\u00f3mica variada e inclusiva, pensada para adaptarse a los gustos y necesidades de todo el p\u00fablico. Damos mucha importancia a incluir opciones <strong>veganas, vegetarianas<\/strong> y <strong>sin gluten<\/strong>, as\u00ed como a tener en cuenta las preferencias alimentarias seg\u00fan la diversidad demogr\u00e1fica de los asistentes.<\/p>\n<p data-start=\"393\" data-end=\"525\">Adem\u00e1s, apostamos por proveedores locales que siguen pr\u00e1cticas sostenibles y trabajamos en la reducci\u00f3n del desperdicio alimentario.<\/p>\n<p style=\"text-align: center;\"><a class=\"efsbutton button \" target=\"_blank\">\u00a1AS\u00cd TRABAJAMOS POR UNA GASTRONOM\u00cdA SOSTENIBLE!<\/a><\/p>\n","protected":false},"excerpt":{"rendered":"<p>Men\u00fas para todos los gustos &nbsp; Desde el festival prestamos especial atenci\u00f3n al dise\u00f1ar una oferta gastron\u00f3mica variada e inclusiva, pensada para adaptarse a los gustos [&hellip;]<\/p>\n","protected":false},"author":2,"featured_media":58014,"parent":0,"menu_order":0,"comment_status":"closed","ping_status":"closed","template":"page-templates\/page-landing.php","meta":{"_acf_changed":false,"footnotes":""},"class_list":["post-59031","page","type-page","status-publish","has-post-thumbnail","hentry"],"acf":[],"yoast_head":"<!-- This site is optimized with the Yoast SEO plugin v27.5 - https:\/\/yoast.com\/product\/yoast-seo-wordpress\/ -->\n<title>Men\u00fas para todos los gustos - Festival Cru\u00eflla<\/title>\n<meta name=\"robots\" content=\"index, follow, max-snippet:-1, max-image-preview:large, max-video-preview:-1\" \/>\n<link rel=\"canonical\" href=\"https:\/\/www.cruillabarcelona.cat\/es\/menus-para-todos-los-gustos\/\" \/>\n<meta property=\"og:locale\" content=\"es_ES\" \/>\n<meta property=\"og:type\" content=\"article\" \/>\n<meta property=\"og:title\" content=\"Men\u00fas para todos los gustos - Festival Cru\u00eflla\" \/>\n<meta property=\"og:description\" content=\"Men\u00fas para todos los gustos &nbsp; Desde el festival prestamos especial atenci\u00f3n al dise\u00f1ar una oferta gastron\u00f3mica variada e inclusiva, pensada para adaptarse a los gustos [&hellip;]\" \/>\n<meta property=\"og:url\" content=\"https:\/\/www.cruillabarcelona.cat\/es\/menus-para-todos-los-gustos\/\" \/>\n<meta property=\"og:site_name\" content=\"Festival Cru\u00eflla\" \/>\n<meta property=\"article:modified_time\" content=\"2025-06-04T10:40:04+00:00\" \/>\n<meta property=\"og:image\" content=\"https:\/\/www.cruillabarcelona.cat\/wp-content\/uploads\/2025\/05\/Ambient__6__2747_PhotoXaviCaparros-scaled-e1748334962824.jpeg\" \/>\n\t<meta property=\"og:image:width\" content=\"1707\" \/>\n\t<meta property=\"og:image:height\" content=\"2560\" \/>\n\t<meta property=\"og:image:type\" content=\"image\/jpeg\" \/>\n<meta name=\"twitter:card\" content=\"summary_large_image\" \/>\n<meta name=\"twitter:label1\" content=\"Tiempo de lectura\" \/>\n\t<meta name=\"twitter:data1\" content=\"1 minuto\" \/>\n<script type=\"application\/ld+json\" class=\"yoast-schema-graph\">{\"@context\":\"https:\\\/\\\/schema.org\",\"@graph\":[{\"@type\":\"WebPage\",\"@id\":\"https:\\\/\\\/www.cruillabarcelona.cat\\\/es\\\/menus-para-todos-los-gustos\\\/\",\"url\":\"https:\\\/\\\/www.cruillabarcelona.cat\\\/es\\\/menus-para-todos-los-gustos\\\/\",\"name\":\"Men\u00fas para todos los gustos - Festival Cru\u00eflla\",\"isPartOf\":{\"@id\":\"https:\\\/\\\/www.cruillabarcelona.cat\\\/es\\\/#website\"},\"primaryImageOfPage\":{\"@id\":\"https:\\\/\\\/www.cruillabarcelona.cat\\\/es\\\/menus-para-todos-los-gustos\\\/#primaryimage\"},\"image\":{\"@id\":\"https:\\\/\\\/www.cruillabarcelona.cat\\\/es\\\/menus-para-todos-los-gustos\\\/#primaryimage\"},\"thumbnailUrl\":\"https:\\\/\\\/www.cruillabarcelona.cat\\\/wp-content\\\/uploads\\\/2025\\\/05\\\/Ambient__6__2747_PhotoXaviCaparros-scaled-e1748334962824.jpeg\",\"datePublished\":\"2025-06-04T10:35:55+00:00\",\"dateModified\":\"2025-06-04T10:40:04+00:00\",\"breadcrumb\":{\"@id\":\"https:\\\/\\\/www.cruillabarcelona.cat\\\/es\\\/menus-para-todos-los-gustos\\\/#breadcrumb\"},\"inLanguage\":\"es\",\"potentialAction\":[{\"@type\":\"ReadAction\",\"target\":[\"https:\\\/\\\/www.cruillabarcelona.cat\\\/es\\\/menus-para-todos-los-gustos\\\/\"]}]},{\"@type\":\"ImageObject\",\"inLanguage\":\"es\",\"@id\":\"https:\\\/\\\/www.cruillabarcelona.cat\\\/es\\\/menus-para-todos-los-gustos\\\/#primaryimage\",\"url\":\"https:\\\/\\\/www.cruillabarcelona.cat\\\/wp-content\\\/uploads\\\/2025\\\/05\\\/Ambient__6__2747_PhotoXaviCaparros-scaled-e1748334962824.jpeg\",\"contentUrl\":\"https:\\\/\\\/www.cruillabarcelona.cat\\\/wp-content\\\/uploads\\\/2025\\\/05\\\/Ambient__6__2747_PhotoXaviCaparros-scaled-e1748334962824.jpeg\",\"width\":1707,\"height\":2560},{\"@type\":\"BreadcrumbList\",\"@id\":\"https:\\\/\\\/www.cruillabarcelona.cat\\\/es\\\/menus-para-todos-los-gustos\\\/#breadcrumb\",\"itemListElement\":[{\"@type\":\"ListItem\",\"position\":1,\"name\":\"Home\",\"item\":\"https:\\\/\\\/www.cruillabarcelona.cat\\\/es\\\/\"},{\"@type\":\"ListItem\",\"position\":2,\"name\":\"Men\u00fas para todos los gustos\"}]},{\"@type\":\"WebSite\",\"@id\":\"https:\\\/\\\/www.cruillabarcelona.cat\\\/es\\\/#website\",\"url\":\"https:\\\/\\\/www.cruillabarcelona.cat\\\/es\\\/\",\"name\":\"Festival Cru\u00eflla\",\"description\":\"\",\"publisher\":{\"@id\":\"https:\\\/\\\/www.cruillabarcelona.cat\\\/es\\\/#organization\"},\"potentialAction\":[{\"@type\":\"SearchAction\",\"target\":{\"@type\":\"EntryPoint\",\"urlTemplate\":\"https:\\\/\\\/www.cruillabarcelona.cat\\\/es\\\/?s={search_term_string}\"},\"query-input\":{\"@type\":\"PropertyValueSpecification\",\"valueRequired\":true,\"valueName\":\"search_term_string\"}}],\"inLanguage\":\"es\"},{\"@type\":\"Organization\",\"@id\":\"https:\\\/\\\/www.cruillabarcelona.cat\\\/es\\\/#organization\",\"name\":\"Festival Cru\u00eflla\",\"url\":\"https:\\\/\\\/www.cruillabarcelona.cat\\\/es\\\/\",\"logo\":{\"@type\":\"ImageObject\",\"inLanguage\":\"es\",\"@id\":\"https:\\\/\\\/www.cruillabarcelona.cat\\\/es\\\/#\\\/schema\\\/logo\\\/image\\\/\",\"url\":\"https:\\\/\\\/www.cruillabarcelona.cat\\\/wp-content\\\/uploads\\\/2025\\\/12\\\/cruill-logo-negativo.png\",\"contentUrl\":\"https:\\\/\\\/www.cruillabarcelona.cat\\\/wp-content\\\/uploads\\\/2025\\\/12\\\/cruill-logo-negativo.png\",\"width\":400,\"height\":101,\"caption\":\"Festival Cru\u00eflla\"},\"image\":{\"@id\":\"https:\\\/\\\/www.cruillabarcelona.cat\\\/es\\\/#\\\/schema\\\/logo\\\/image\\\/\"}}]}<\/script>\n<!-- \/ Yoast SEO plugin. -->","yoast_head_json":{"title":"Men\u00fas para todos los gustos - Festival Cru\u00eflla","robots":{"index":"index","follow":"follow","max-snippet":"max-snippet:-1","max-image-preview":"max-image-preview:large","max-video-preview":"max-video-preview:-1"},"canonical":"https:\/\/www.cruillabarcelona.cat\/es\/menus-para-todos-los-gustos\/","og_locale":"es_ES","og_type":"article","og_title":"Men\u00fas para todos los gustos - Festival Cru\u00eflla","og_description":"Men\u00fas para todos los gustos &nbsp; Desde el festival prestamos especial atenci\u00f3n al dise\u00f1ar una oferta gastron\u00f3mica variada e inclusiva, pensada para adaptarse a los gustos [&hellip;]","og_url":"https:\/\/www.cruillabarcelona.cat\/es\/menus-para-todos-los-gustos\/","og_site_name":"Festival Cru\u00eflla","article_modified_time":"2025-06-04T10:40:04+00:00","og_image":[{"width":1707,"height":2560,"url":"https:\/\/www.cruillabarcelona.cat\/wp-content\/uploads\/2025\/05\/Ambient__6__2747_PhotoXaviCaparros-scaled-e1748334962824.jpeg","type":"image\/jpeg"}],"twitter_card":"summary_large_image","twitter_misc":{"Tiempo de lectura":"1 minuto"},"schema":{"@context":"https:\/\/schema.org","@graph":[{"@type":"WebPage","@id":"https:\/\/www.cruillabarcelona.cat\/es\/menus-para-todos-los-gustos\/","url":"https:\/\/www.cruillabarcelona.cat\/es\/menus-para-todos-los-gustos\/","name":"Men\u00fas para todos los gustos - Festival Cru\u00eflla","isPartOf":{"@id":"https:\/\/www.cruillabarcelona.cat\/es\/#website"},"primaryImageOfPage":{"@id":"https:\/\/www.cruillabarcelona.cat\/es\/menus-para-todos-los-gustos\/#primaryimage"},"image":{"@id":"https:\/\/www.cruillabarcelona.cat\/es\/menus-para-todos-los-gustos\/#primaryimage"},"thumbnailUrl":"https:\/\/www.cruillabarcelona.cat\/wp-content\/uploads\/2025\/05\/Ambient__6__2747_PhotoXaviCaparros-scaled-e1748334962824.jpeg","datePublished":"2025-06-04T10:35:55+00:00","dateModified":"2025-06-04T10:40:04+00:00","breadcrumb":{"@id":"https:\/\/www.cruillabarcelona.cat\/es\/menus-para-todos-los-gustos\/#breadcrumb"},"inLanguage":"es","potentialAction":[{"@type":"ReadAction","target":["https:\/\/www.cruillabarcelona.cat\/es\/menus-para-todos-los-gustos\/"]}]},{"@type":"ImageObject","inLanguage":"es","@id":"https:\/\/www.cruillabarcelona.cat\/es\/menus-para-todos-los-gustos\/#primaryimage","url":"https:\/\/www.cruillabarcelona.cat\/wp-content\/uploads\/2025\/05\/Ambient__6__2747_PhotoXaviCaparros-scaled-e1748334962824.jpeg","contentUrl":"https:\/\/www.cruillabarcelona.cat\/wp-content\/uploads\/2025\/05\/Ambient__6__2747_PhotoXaviCaparros-scaled-e1748334962824.jpeg","width":1707,"height":2560},{"@type":"BreadcrumbList","@id":"https:\/\/www.cruillabarcelona.cat\/es\/menus-para-todos-los-gustos\/#breadcrumb","itemListElement":[{"@type":"ListItem","position":1,"name":"Home","item":"https:\/\/www.cruillabarcelona.cat\/es\/"},{"@type":"ListItem","position":2,"name":"Men\u00fas para todos los gustos"}]},{"@type":"WebSite","@id":"https:\/\/www.cruillabarcelona.cat\/es\/#website","url":"https:\/\/www.cruillabarcelona.cat\/es\/","name":"Festival Cru\u00eflla","description":"","publisher":{"@id":"https:\/\/www.cruillabarcelona.cat\/es\/#organization"},"potentialAction":[{"@type":"SearchAction","target":{"@type":"EntryPoint","urlTemplate":"https:\/\/www.cruillabarcelona.cat\/es\/?s={search_term_string}"},"query-input":{"@type":"PropertyValueSpecification","valueRequired":true,"valueName":"search_term_string"}}],"inLanguage":"es"},{"@type":"Organization","@id":"https:\/\/www.cruillabarcelona.cat\/es\/#organization","name":"Festival Cru\u00eflla","url":"https:\/\/www.cruillabarcelona.cat\/es\/","logo":{"@type":"ImageObject","inLanguage":"es","@id":"https:\/\/www.cruillabarcelona.cat\/es\/#\/schema\/logo\/image\/","url":"https:\/\/www.cruillabarcelona.cat\/wp-content\/uploads\/2025\/12\/cruill-logo-negativo.png","contentUrl":"https:\/\/www.cruillabarcelona.cat\/wp-content\/uploads\/2025\/12\/cruill-logo-negativo.png","width":400,"height":101,"caption":"Festival Cru\u00eflla"},"image":{"@id":"https:\/\/www.cruillabarcelona.cat\/es\/#\/schema\/logo\/image\/"}}]}},"_links":{"self":[{"href":"https:\/\/www.cruillabarcelona.cat\/es\/wp-json\/wp\/v2\/pages\/59031","targetHints":{"allow":["GET"]}}],"collection":[{"href":"https:\/\/www.cruillabarcelona.cat\/es\/wp-json\/wp\/v2\/pages"}],"about":[{"href":"https:\/\/www.cruillabarcelona.cat\/es\/wp-json\/wp\/v2\/types\/page"}],"author":[{"embeddable":true,"href":"https:\/\/www.cruillabarcelona.cat\/es\/wp-json\/wp\/v2\/users\/2"}],"replies":[{"embeddable":true,"href":"https:\/\/www.cruillabarcelona.cat\/es\/wp-json\/wp\/v2\/comments?post=59031"}],"version-history":[{"count":3,"href":"https:\/\/www.cruillabarcelona.cat\/es\/wp-json\/wp\/v2\/pages\/59031\/revisions"}],"predecessor-version":[{"id":59036,"href":"https:\/\/www.cruillabarcelona.cat\/es\/wp-json\/wp\/v2\/pages\/59031\/revisions\/59036"}],"wp:featuredmedia":[{"embeddable":true,"href":"https:\/\/www.cruillabarcelona.cat\/es\/wp-json\/wp\/v2\/media\/58014"}],"wp:attachment":[{"href":"https:\/\/www.cruillabarcelona.cat\/es\/wp-json\/wp\/v2\/media?parent=59031"}],"curies":[{"name":"wp","href":"https:\/\/api.w.org\/{rel}","templated":true}]}}