{"id":59094,"date":"2025-06-04T13:17:08","date_gmt":"2025-06-04T11:17:08","guid":{"rendered":"https:\/\/www.cruillabarcelona.cat\/?page_id=59094"},"modified":"2025-07-23T13:43:12","modified_gmt":"2025-07-23T11:43:12","slug":"punto-violeta-no-callem","status":"publish","type":"page","link":"https:\/\/www.cruillabarcelona.cat\/es\/punto-violeta-no-callem\/","title":{"rendered":"Punto Violeta y No Callem"},"content":{"rendered":"<h1 style=\"text-align: center;\"><span style=\"color: #a969b2;\">\u00a1Por un festival libre de discriminaciones!<\/span><\/h1>\n<p>Queremos crear un\u00a0<strong>espacio c\u00f3modo, seguro, c\u00edvico y respetuoso<\/strong> para los asistentes. Y un espacio no es seguro si la mitad de las asistentes no se sienten seguras.<\/p>\n<p>Para\u00a0<strong>prevenir y atender cualquier agresi\u00f3n o comportamiento machista<\/strong>, a\u00f1o tras a\u00f1o contamos con un\u00a0<strong>Punto Violeta<\/strong> presente en un espacio visible dentro del recinto y tambi\u00e9n con personal cualificado itinerante durante los cuatro d\u00edas del festival.<\/p>\n<p>Este a\u00f1o colaboramos de nuevo con <strong>ARANA Feminista<\/strong>, un proyecto feminista colaborativo conformado por profesionales especializadas en g\u00e9nero, psicopedagog\u00eda e intervenci\u00f3n social. Las profesionales trabajaron repartiendo material informativo, fomentando el debate y el pensamiento cr\u00edtico a trav\u00e9s de din\u00e1micas participativas, detectando y atendiendo situaciones de violencia y dando apoyo psicol\u00f3gico y activando los protocolos pertinentes. Adem\u00e1s, seguimos adheridas al protocolo <strong>No Callem<\/strong> del Ayuntamiento de Barcelona.<\/p>\n<p>Tampoco toleramos ninguna actitud LGTBIQf\u00f3bica, racista, capacitista ni cualquier otra que atente contra la seguridad, el bienestar y los derechos de los asistentes del festival.<\/p>\n","protected":false},"excerpt":{"rendered":"<p>\u00a1Por un festival libre de discriminaciones! Queremos crear un\u00a0espacio c\u00f3modo, seguro, c\u00edvico y respetuoso para los asistentes. Y un espacio no es seguro si la mitad [&hellip;]<\/p>\n","protected":false},"author":2,"featured_media":58161,"parent":0,"menu_order":0,"comment_status":"closed","ping_status":"closed","template":"page-templates\/page-landing.php","meta":{"_acf_changed":false,"footnotes":""},"class_list":["post-59094","page","type-page","status-publish","has-post-thumbnail","hentry"],"acf":[],"yoast_head":"<!-- This site is optimized with the Yoast SEO plugin v27.3 - https:\/\/yoast.com\/product\/yoast-seo-wordpress\/ -->\n<title>Punto Violeta y No Callem - Festival Cru\u00eflla<\/title>\n<meta name=\"robots\" content=\"index, follow, max-snippet:-1, max-image-preview:large, max-video-preview:-1\" \/>\n<link rel=\"canonical\" href=\"https:\/\/www.cruillabarcelona.cat\/es\/punto-violeta-no-callem\/\" \/>\n<meta property=\"og:locale\" content=\"es_ES\" \/>\n<meta property=\"og:type\" content=\"article\" \/>\n<meta property=\"og:title\" content=\"Punto Violeta y No Callem - Festival Cru\u00eflla\" \/>\n<meta property=\"og:description\" content=\"\u00a1Por un festival libre de discriminaciones! Queremos crear un\u00a0espacio c\u00f3modo, seguro, c\u00edvico y respetuoso para los asistentes. Y un espacio no es seguro si la mitad [&hellip;]\" \/>\n<meta property=\"og:url\" content=\"https:\/\/www.cruillabarcelona.cat\/es\/punto-violeta-no-callem\/\" \/>\n<meta property=\"og:site_name\" content=\"Festival Cru\u00eflla\" \/>\n<meta property=\"article:modified_time\" content=\"2025-07-23T11:43:12+00:00\" \/>\n<meta property=\"og:image\" content=\"https:\/\/www.cruillabarcelona.cat\/wp-content\/uploads\/2025\/05\/WhatsApp-Image-2025-05-27-at-15.48.58-scaled.jpeg\" \/>\n\t<meta property=\"og:image:width\" content=\"2560\" \/>\n\t<meta property=\"og:image:height\" content=\"1707\" \/>\n\t<meta property=\"og:image:type\" content=\"image\/jpeg\" \/>\n<meta name=\"twitter:card\" content=\"summary_large_image\" \/>\n<meta name=\"twitter:label1\" content=\"Tiempo de lectura\" \/>\n\t<meta name=\"twitter:data1\" content=\"2 minutos\" \/>\n<script type=\"application\/ld+json\" class=\"yoast-schema-graph\">{\"@context\":\"https:\\\/\\\/schema.org\",\"@graph\":[{\"@type\":\"WebPage\",\"@id\":\"https:\\\/\\\/www.cruillabarcelona.cat\\\/es\\\/punto-violeta-no-callem\\\/\",\"url\":\"https:\\\/\\\/www.cruillabarcelona.cat\\\/es\\\/punto-violeta-no-callem\\\/\",\"name\":\"Punto Violeta y No Callem - Festival Cru\u00eflla\",\"isPartOf\":{\"@id\":\"https:\\\/\\\/www.cruillabarcelona.cat\\\/es\\\/#website\"},\"primaryImageOfPage\":{\"@id\":\"https:\\\/\\\/www.cruillabarcelona.cat\\\/es\\\/punto-violeta-no-callem\\\/#primaryimage\"},\"image\":{\"@id\":\"https:\\\/\\\/www.cruillabarcelona.cat\\\/es\\\/punto-violeta-no-callem\\\/#primaryimage\"},\"thumbnailUrl\":\"https:\\\/\\\/www.cruillabarcelona.cat\\\/wp-content\\\/uploads\\\/2025\\\/05\\\/WhatsApp-Image-2025-05-27-at-15.48.58-scaled.jpeg\",\"datePublished\":\"2025-06-04T11:17:08+00:00\",\"dateModified\":\"2025-07-23T11:43:12+00:00\",\"breadcrumb\":{\"@id\":\"https:\\\/\\\/www.cruillabarcelona.cat\\\/es\\\/punto-violeta-no-callem\\\/#breadcrumb\"},\"inLanguage\":\"es\",\"potentialAction\":[{\"@type\":\"ReadAction\",\"target\":[\"https:\\\/\\\/www.cruillabarcelona.cat\\\/es\\\/punto-violeta-no-callem\\\/\"]}]},{\"@type\":\"ImageObject\",\"inLanguage\":\"es\",\"@id\":\"https:\\\/\\\/www.cruillabarcelona.cat\\\/es\\\/punto-violeta-no-callem\\\/#primaryimage\",\"url\":\"https:\\\/\\\/www.cruillabarcelona.cat\\\/wp-content\\\/uploads\\\/2025\\\/05\\\/WhatsApp-Image-2025-05-27-at-15.48.58-scaled.jpeg\",\"contentUrl\":\"https:\\\/\\\/www.cruillabarcelona.cat\\\/wp-content\\\/uploads\\\/2025\\\/05\\\/WhatsApp-Image-2025-05-27-at-15.48.58-scaled.jpeg\",\"width\":2560,\"height\":1707},{\"@type\":\"BreadcrumbList\",\"@id\":\"https:\\\/\\\/www.cruillabarcelona.cat\\\/es\\\/punto-violeta-no-callem\\\/#breadcrumb\",\"itemListElement\":[{\"@type\":\"ListItem\",\"position\":1,\"name\":\"Home\",\"item\":\"https:\\\/\\\/www.cruillabarcelona.cat\\\/es\\\/\"},{\"@type\":\"ListItem\",\"position\":2,\"name\":\"Punto Violeta y No Callem\"}]},{\"@type\":\"WebSite\",\"@id\":\"https:\\\/\\\/www.cruillabarcelona.cat\\\/es\\\/#website\",\"url\":\"https:\\\/\\\/www.cruillabarcelona.cat\\\/es\\\/\",\"name\":\"Festival Cru\u00eflla\",\"description\":\"\",\"publisher\":{\"@id\":\"https:\\\/\\\/www.cruillabarcelona.cat\\\/es\\\/#organization\"},\"potentialAction\":[{\"@type\":\"SearchAction\",\"target\":{\"@type\":\"EntryPoint\",\"urlTemplate\":\"https:\\\/\\\/www.cruillabarcelona.cat\\\/es\\\/?s={search_term_string}\"},\"query-input\":{\"@type\":\"PropertyValueSpecification\",\"valueRequired\":true,\"valueName\":\"search_term_string\"}}],\"inLanguage\":\"es\"},{\"@type\":\"Organization\",\"@id\":\"https:\\\/\\\/www.cruillabarcelona.cat\\\/es\\\/#organization\",\"name\":\"Festival Cru\u00eflla\",\"url\":\"https:\\\/\\\/www.cruillabarcelona.cat\\\/es\\\/\",\"logo\":{\"@type\":\"ImageObject\",\"inLanguage\":\"es\",\"@id\":\"https:\\\/\\\/www.cruillabarcelona.cat\\\/es\\\/#\\\/schema\\\/logo\\\/image\\\/\",\"url\":\"https:\\\/\\\/www.cruillabarcelona.cat\\\/wp-content\\\/uploads\\\/2025\\\/12\\\/cruill-logo-negativo.png\",\"contentUrl\":\"https:\\\/\\\/www.cruillabarcelona.cat\\\/wp-content\\\/uploads\\\/2025\\\/12\\\/cruill-logo-negativo.png\",\"width\":400,\"height\":101,\"caption\":\"Festival Cru\u00eflla\"},\"image\":{\"@id\":\"https:\\\/\\\/www.cruillabarcelona.cat\\\/es\\\/#\\\/schema\\\/logo\\\/image\\\/\"}}]}<\/script>\n<!-- \/ Yoast SEO plugin. -->","yoast_head_json":{"title":"Punto Violeta y No Callem - Festival Cru\u00eflla","robots":{"index":"index","follow":"follow","max-snippet":"max-snippet:-1","max-image-preview":"max-image-preview:large","max-video-preview":"max-video-preview:-1"},"canonical":"https:\/\/www.cruillabarcelona.cat\/es\/punto-violeta-no-callem\/","og_locale":"es_ES","og_type":"article","og_title":"Punto Violeta y No Callem - Festival Cru\u00eflla","og_description":"\u00a1Por un festival libre de discriminaciones! Queremos crear un\u00a0espacio c\u00f3modo, seguro, c\u00edvico y respetuoso para los asistentes. Y un espacio no es seguro si la mitad [&hellip;]","og_url":"https:\/\/www.cruillabarcelona.cat\/es\/punto-violeta-no-callem\/","og_site_name":"Festival Cru\u00eflla","article_modified_time":"2025-07-23T11:43:12+00:00","og_image":[{"width":2560,"height":1707,"url":"https:\/\/www.cruillabarcelona.cat\/wp-content\/uploads\/2025\/05\/WhatsApp-Image-2025-05-27-at-15.48.58-scaled.jpeg","type":"image\/jpeg"}],"twitter_card":"summary_large_image","twitter_misc":{"Tiempo de lectura":"2 minutos"},"schema":{"@context":"https:\/\/schema.org","@graph":[{"@type":"WebPage","@id":"https:\/\/www.cruillabarcelona.cat\/es\/punto-violeta-no-callem\/","url":"https:\/\/www.cruillabarcelona.cat\/es\/punto-violeta-no-callem\/","name":"Punto Violeta y No Callem - Festival Cru\u00eflla","isPartOf":{"@id":"https:\/\/www.cruillabarcelona.cat\/es\/#website"},"primaryImageOfPage":{"@id":"https:\/\/www.cruillabarcelona.cat\/es\/punto-violeta-no-callem\/#primaryimage"},"image":{"@id":"https:\/\/www.cruillabarcelona.cat\/es\/punto-violeta-no-callem\/#primaryimage"},"thumbnailUrl":"https:\/\/www.cruillabarcelona.cat\/wp-content\/uploads\/2025\/05\/WhatsApp-Image-2025-05-27-at-15.48.58-scaled.jpeg","datePublished":"2025-06-04T11:17:08+00:00","dateModified":"2025-07-23T11:43:12+00:00","breadcrumb":{"@id":"https:\/\/www.cruillabarcelona.cat\/es\/punto-violeta-no-callem\/#breadcrumb"},"inLanguage":"es","potentialAction":[{"@type":"ReadAction","target":["https:\/\/www.cruillabarcelona.cat\/es\/punto-violeta-no-callem\/"]}]},{"@type":"ImageObject","inLanguage":"es","@id":"https:\/\/www.cruillabarcelona.cat\/es\/punto-violeta-no-callem\/#primaryimage","url":"https:\/\/www.cruillabarcelona.cat\/wp-content\/uploads\/2025\/05\/WhatsApp-Image-2025-05-27-at-15.48.58-scaled.jpeg","contentUrl":"https:\/\/www.cruillabarcelona.cat\/wp-content\/uploads\/2025\/05\/WhatsApp-Image-2025-05-27-at-15.48.58-scaled.jpeg","width":2560,"height":1707},{"@type":"BreadcrumbList","@id":"https:\/\/www.cruillabarcelona.cat\/es\/punto-violeta-no-callem\/#breadcrumb","itemListElement":[{"@type":"ListItem","position":1,"name":"Home","item":"https:\/\/www.cruillabarcelona.cat\/es\/"},{"@type":"ListItem","position":2,"name":"Punto Violeta y No Callem"}]},{"@type":"WebSite","@id":"https:\/\/www.cruillabarcelona.cat\/es\/#website","url":"https:\/\/www.cruillabarcelona.cat\/es\/","name":"Festival Cru\u00eflla","description":"","publisher":{"@id":"https:\/\/www.cruillabarcelona.cat\/es\/#organization"},"potentialAction":[{"@type":"SearchAction","target":{"@type":"EntryPoint","urlTemplate":"https:\/\/www.cruillabarcelona.cat\/es\/?s={search_term_string}"},"query-input":{"@type":"PropertyValueSpecification","valueRequired":true,"valueName":"search_term_string"}}],"inLanguage":"es"},{"@type":"Organization","@id":"https:\/\/www.cruillabarcelona.cat\/es\/#organization","name":"Festival Cru\u00eflla","url":"https:\/\/www.cruillabarcelona.cat\/es\/","logo":{"@type":"ImageObject","inLanguage":"es","@id":"https:\/\/www.cruillabarcelona.cat\/es\/#\/schema\/logo\/image\/","url":"https:\/\/www.cruillabarcelona.cat\/wp-content\/uploads\/2025\/12\/cruill-logo-negativo.png","contentUrl":"https:\/\/www.cruillabarcelona.cat\/wp-content\/uploads\/2025\/12\/cruill-logo-negativo.png","width":400,"height":101,"caption":"Festival Cru\u00eflla"},"image":{"@id":"https:\/\/www.cruillabarcelona.cat\/es\/#\/schema\/logo\/image\/"}}]}},"_links":{"self":[{"href":"https:\/\/www.cruillabarcelona.cat\/es\/wp-json\/wp\/v2\/pages\/59094","targetHints":{"allow":["GET"]}}],"collection":[{"href":"https:\/\/www.cruillabarcelona.cat\/es\/wp-json\/wp\/v2\/pages"}],"about":[{"href":"https:\/\/www.cruillabarcelona.cat\/es\/wp-json\/wp\/v2\/types\/page"}],"author":[{"embeddable":true,"href":"https:\/\/www.cruillabarcelona.cat\/es\/wp-json\/wp\/v2\/users\/2"}],"replies":[{"embeddable":true,"href":"https:\/\/www.cruillabarcelona.cat\/es\/wp-json\/wp\/v2\/comments?post=59094"}],"version-history":[{"count":3,"href":"https:\/\/www.cruillabarcelona.cat\/es\/wp-json\/wp\/v2\/pages\/59094\/revisions"}],"predecessor-version":[{"id":60497,"href":"https:\/\/www.cruillabarcelona.cat\/es\/wp-json\/wp\/v2\/pages\/59094\/revisions\/60497"}],"wp:featuredmedia":[{"embeddable":true,"href":"https:\/\/www.cruillabarcelona.cat\/es\/wp-json\/wp\/v2\/media\/58161"}],"wp:attachment":[{"href":"https:\/\/www.cruillabarcelona.cat\/es\/wp-json\/wp\/v2\/media?parent=59094"}],"curies":[{"name":"wp","href":"https:\/\/api.w.org\/{rel}","templated":true}]}}