{"id":59243,"date":"2025-06-05T10:42:54","date_gmt":"2025-06-05T08:42:54","guid":{"rendered":"https:\/\/www.cruillabarcelona.cat\/?page_id=59243"},"modified":"2025-07-29T11:24:02","modified_gmt":"2025-07-29T09:24:02","slug":"espectaculos","status":"publish","type":"page","link":"https:\/\/www.cruillabarcelona.cat\/es\/espectaculos\/","title":{"rendered":"Espect\u00e1culos"},"content":{"rendered":"<p data-start=\"38\" data-end=\"140\">Pudimos disfrutar de varias muestras de danza que englobaban todos los estilos y disciplinas:<\/p>\n<h3 data-start=\"142\" data-end=\"157\">THE RUGGEDS<\/h3>\n<p data-start=\"159\" data-end=\"509\" data-is-last-node=\"\" data-is-only-node=\"\">Esta compa\u00f1\u00eda present\u00f3 su show <em data-start=\"190\" data-end=\"202\">Between Us<\/em>. As\u00ed como cada familia es \u00fanica, tambi\u00e9n lo eran The Ruggeds y en <em data-start=\"269\" data-end=\"281\">Between Us<\/em> te invitaron a entrar en su casa para descubrir qu\u00e9 les motivaba. Desenredaron los lazos que les un\u00edan entre ellos y con el p\u00fablico. Con una mezcla de m\u00fasica, acrobacias, humor y danza, te adentraste en su mundo de imaginaci\u00f3n.<\/p>\n<p><img loading=\"lazy\" decoding=\"async\" class=\"aligncenter wp-image-59210\" src=\"https:\/\/www.cruillabarcelona.cat\/wp-content\/uploads\/2025\/06\/ruggeds-17-Berta-BrodasBros.jpg\" alt=\"\" width=\"900\" height=\"506\" srcset=\"https:\/\/www.cruillabarcelona.cat\/wp-content\/uploads\/2025\/06\/ruggeds-17-Berta-BrodasBros.jpg 1000w, https:\/\/www.cruillabarcelona.cat\/wp-content\/uploads\/2025\/06\/ruggeds-17-Berta-BrodasBros-768x432.jpg 768w, https:\/\/www.cruillabarcelona.cat\/wp-content\/uploads\/2025\/06\/ruggeds-17-Berta-BrodasBros-300x169.jpg 300w\" sizes=\"auto, (max-width: 900px) 100vw, 900px\" \/><\/p>\n<h3>BRODAS BROS<\/h3>\n<p data-start=\"38\" data-end=\"656\">Brodas Bros es una compa\u00f1\u00eda de danza y cultura urbana que en esta ocasi\u00f3n volvi\u00f3 a la calle, al origen de la cultura HipHop, donde todo empez\u00f3 con las ganas de compartir, expresarse y sobrevivir. Seis bailarines sobre ruedas nos transportaron a un mundo de danza, diversi\u00f3n y acrobacias espectaculares. Para realizar este espect\u00e1culo, contaron con un invitado especial: el Bboy y acr\u00f3bata Shyno de Arcopom Crew de Granada. Un referente en el mundo del breakdance, y desde hac\u00eda ya unos a\u00f1os, uno de los pocos especialistas en realizar movimientos acrob\u00e1ticos propios del circo sobre el Hoverboard (patinete el\u00e9ctrico).<\/p>\n<h3 data-start=\"658\" data-end=\"687\">THE CONCEPT DANCE COMPANY<\/h3>\n<p data-start=\"689\" data-end=\"1278\" data-is-last-node=\"\" data-is-only-node=\"\">La compa\u00f1\u00eda present\u00f3 <em data-start=\"710\" data-end=\"718\">Nakama<\/em>. Este es un t\u00e9rmino japon\u00e9s que define a un amigo que se considera familia, un compa\u00f1ero que te acompa\u00f1a siempre, por dif\u00edcil que sea el camino. La pieza adentr\u00f3 al espectador en el concepto de amistad y colaboraci\u00f3n, lo hizo part\u00edcipe del viaje y de la historia que se narraba, mostrando lo importante que es tener a alguien al lado durante la traves\u00eda, por larga y dif\u00edcil que sea. Fue una pieza pensada para ser presentada en la calle, cargada de virtuosismo, f\u00e1cil de digerir y con una est\u00e9tica de movimiento que fusionaba danzas urbanas y contempor\u00e1neas.<\/p>\n<h3><img loading=\"lazy\" decoding=\"async\" class=\"aligncenter wp-image-59213\" src=\"https:\/\/www.cruillabarcelona.cat\/wp-content\/uploads\/2025\/06\/Captura-de-pantalla-2025-06-04-a-las-18.01.40.png\" alt=\"\" width=\"900\" height=\"735\" srcset=\"https:\/\/www.cruillabarcelona.cat\/wp-content\/uploads\/2025\/06\/Captura-de-pantalla-2025-06-04-a-las-18.01.40.png 1588w, https:\/\/www.cruillabarcelona.cat\/wp-content\/uploads\/2025\/06\/Captura-de-pantalla-2025-06-04-a-las-18.01.40-1024x836.png 1024w, https:\/\/www.cruillabarcelona.cat\/wp-content\/uploads\/2025\/06\/Captura-de-pantalla-2025-06-04-a-las-18.01.40-768x627.png 768w, https:\/\/www.cruillabarcelona.cat\/wp-content\/uploads\/2025\/06\/Captura-de-pantalla-2025-06-04-a-las-18.01.40-1536x1254.png 1536w, https:\/\/www.cruillabarcelona.cat\/wp-content\/uploads\/2025\/06\/Captura-de-pantalla-2025-06-04-a-las-18.01.40-300x245.png 300w, https:\/\/www.cruillabarcelona.cat\/wp-content\/uploads\/2025\/06\/Captura-de-pantalla-2025-06-04-a-las-18.01.40-1500x1224.png 1500w\" sizes=\"auto, (max-width: 900px) 100vw, 900px\" \/><\/h3>\n<h3>THE BOOGIE TUNES<\/h3>\n<p data-start=\"38\" data-end=\"494\">Un espect\u00e1culo que pretendi\u00f3 representar el popping, concretamente se inspir\u00f3 en el \u00abEB style\u00bb, un estilo que basaba la danza y el movimiento en el groove y en las contracciones musculares al ritmo de la m\u00fasica. Fue un espect\u00e1culo muy visual y din\u00e1mico, que mantuvo la esencia del estilo pero que tambi\u00e9n incorpor\u00f3 elementos m\u00e1s art\u00edsticos, propios de las creaciones coreogr\u00e1ficas modernas, donde cada bailar\u00edn pudo brillar con su estilo y su personalidad.<\/p>\n<h3 data-start=\"496\" data-end=\"504\">PHAX<\/h3>\n<p data-start=\"506\" data-end=\"698\" data-is-last-node=\"\" data-is-only-node=\"\">Su espect\u00e1culo combin\u00f3 poes\u00eda, humor e interacci\u00f3n con el p\u00fablico y, transport\u00e1ndonos a la intersecci\u00f3n entre el HipHop y el mimo, nos invit\u00f3, a su propio ritmo, a descubrir su mundo interior.<\/p>\n<p><img loading=\"lazy\" decoding=\"async\" class=\"aligncenter\" src=\"https:\/\/www.nowayback.pro\/wp-content\/uploads\/2019\/12\/slomotion-phax-img03.jpg\" alt=\"Slomotion Phax - No Way Back\" width=\"898\" height=\"557\" \/><\/p>\n<h3>BCN HOPPERS<\/h3>\n<p>El jazz tambi\u00e9n se bail\u00f3 \u2014 \u00a1y con mucho ritmo! La compa\u00f1\u00eda quiso traer al Festival Cru\u00eflla la energ\u00eda y la vitalidad del Lindy Hop, el baile m\u00e1s emblem\u00e1tico de la era del swing. Mostraron competiciones, peque\u00f1as exhibiciones y, sobre todo, c\u00f3mo se pod\u00eda disfrutar del jazz en comunidad, con un ambiente festivo e inclusivo. Con la mejor comunidad Lindy Hop de Barcelona, transformaron el espacio en una pista de baile abierta a todo el mundo. \u00a1Viniste a ver, moverte y dejarte contagiar por el swing!<\/p>\n<p><img loading=\"lazy\" decoding=\"async\" class=\"aligncenter wp-image-59219\" src=\"https:\/\/www.cruillabarcelona.cat\/wp-content\/uploads\/2025\/06\/BSO24_PlazaReial_ALTA-24-Sonia-Hector-1.jpg\" alt=\"\" width=\"900\" height=\"600\" srcset=\"https:\/\/www.cruillabarcelona.cat\/wp-content\/uploads\/2025\/06\/BSO24_PlazaReial_ALTA-24-Sonia-Hector-1.jpg 1320w, https:\/\/www.cruillabarcelona.cat\/wp-content\/uploads\/2025\/06\/BSO24_PlazaReial_ALTA-24-Sonia-Hector-1-1024x683.jpg 1024w, https:\/\/www.cruillabarcelona.cat\/wp-content\/uploads\/2025\/06\/BSO24_PlazaReial_ALTA-24-Sonia-Hector-1-768x512.jpg 768w, https:\/\/www.cruillabarcelona.cat\/wp-content\/uploads\/2025\/06\/BSO24_PlazaReial_ALTA-24-Sonia-Hector-1-300x200.jpg 300w\" sizes=\"auto, (max-width: 900px) 100vw, 900px\" \/><\/p>\n<h3>LOCURE<\/h3>\n<p>La compa\u00f1\u00eda de danza Locure nos hizo vibrar con una actuaci\u00f3n llena de energ\u00eda, ritmo y emoci\u00f3n. Fue un espect\u00e1culo que no s\u00f3lo cautivaba desde el primer momento, sino que contagiaba las ganas de bailar, saltar y dejarse llevar por el movimiento. Nos preparamos para una explosi\u00f3n de m\u00fasica y coreograf\u00edas que nos hicieron mover los pies sin ni siquiera darnos cuenta.<\/p>\n<h3>BASTONERS DE SANT CUGAT<\/h3>\n<p>Y, finalmente, quisimos que tuviera cabida tambi\u00e9n la cultura popular, con una muestra de una de las danzas tradicionales de nuestra tierra: \u00a1el baile de bastons! De la mano de los Bastoners de Sant Cugat, tuvimos un espect\u00e1culo que represent\u00f3 la fuerza y el entusiasmo juvenil mezclado con la cultura tradicional arraigada a nuestro pueblo, ya que mantuvieron los bailes tradicionales introduciendo bailes de creaci\u00f3n propia que, respetando las ra\u00edces, dotaron de m\u00e1s riesgo y espectacularidad.<\/p>\n<p><img loading=\"lazy\" decoding=\"async\" class=\"aligncenter wp-image-59216\" src=\"https:\/\/www.cruillabarcelona.cat\/wp-content\/uploads\/2025\/06\/Captura-de-pantalla-2025-06-04-a-las-18.03.25.png\" alt=\"\" width=\"900\" height=\"581\" srcset=\"https:\/\/www.cruillabarcelona.cat\/wp-content\/uploads\/2025\/06\/Captura-de-pantalla-2025-06-04-a-las-18.03.25.png 1632w, https:\/\/www.cruillabarcelona.cat\/wp-content\/uploads\/2025\/06\/Captura-de-pantalla-2025-06-04-a-las-18.03.25-1024x661.png 1024w, https:\/\/www.cruillabarcelona.cat\/wp-content\/uploads\/2025\/06\/Captura-de-pantalla-2025-06-04-a-las-18.03.25-768x496.png 768w, https:\/\/www.cruillabarcelona.cat\/wp-content\/uploads\/2025\/06\/Captura-de-pantalla-2025-06-04-a-las-18.03.25-1536x992.png 1536w, https:\/\/www.cruillabarcelona.cat\/wp-content\/uploads\/2025\/06\/Captura-de-pantalla-2025-06-04-a-las-18.03.25-300x194.png 300w, https:\/\/www.cruillabarcelona.cat\/wp-content\/uploads\/2025\/06\/Captura-de-pantalla-2025-06-04-a-las-18.03.25-1500x969.png 1500w\" sizes=\"auto, (max-width: 900px) 100vw, 900px\" \/><\/p>\n","protected":false},"excerpt":{"rendered":"<p>Pudimos disfrutar de varias muestras de danza que englobaban todos los estilos y disciplinas: THE RUGGEDS Esta compa\u00f1\u00eda present\u00f3 su show Between Us. As\u00ed como cada [&hellip;]<\/p>\n","protected":false},"author":2,"featured_media":59208,"parent":0,"menu_order":0,"comment_status":"closed","ping_status":"closed","template":"page-templates\/page-landing.php","meta":{"_acf_changed":false,"footnotes":""},"class_list":["post-59243","page","type-page","status-publish","has-post-thumbnail","hentry"],"acf":[],"yoast_head":"<!-- This site is optimized with the Yoast SEO plugin v27.3 - https:\/\/yoast.com\/product\/yoast-seo-wordpress\/ -->\n<title>Espect\u00e1culos - Festival Cru\u00eflla<\/title>\n<meta name=\"robots\" content=\"index, follow, max-snippet:-1, max-image-preview:large, max-video-preview:-1\" \/>\n<link rel=\"canonical\" href=\"https:\/\/www.cruillabarcelona.cat\/es\/espectaculos\/\" \/>\n<meta property=\"og:locale\" content=\"es_ES\" \/>\n<meta property=\"og:type\" content=\"article\" \/>\n<meta property=\"og:title\" content=\"Espect\u00e1culos - Festival Cru\u00eflla\" \/>\n<meta property=\"og:description\" content=\"Pudimos disfrutar de varias muestras de danza que englobaban todos los estilos y disciplinas: THE RUGGEDS Esta compa\u00f1\u00eda present\u00f3 su show Between Us. As\u00ed como cada [&hellip;]\" \/>\n<meta property=\"og:url\" content=\"https:\/\/www.cruillabarcelona.cat\/es\/espectaculos\/\" \/>\n<meta property=\"og:site_name\" content=\"Festival Cru\u00eflla\" \/>\n<meta property=\"article:modified_time\" content=\"2025-07-29T09:24:02+00:00\" \/>\n<meta property=\"og:image\" content=\"https:\/\/www.cruillabarcelona.cat\/wp-content\/uploads\/2025\/06\/IMG_2474-2020-beast.jpeg\" \/>\n\t<meta property=\"og:image:width\" content=\"1170\" \/>\n\t<meta property=\"og:image:height\" content=\"958\" \/>\n\t<meta property=\"og:image:type\" content=\"image\/jpeg\" \/>\n<meta name=\"twitter:card\" content=\"summary_large_image\" \/>\n<meta name=\"twitter:label1\" content=\"Tiempo de lectura\" \/>\n\t<meta name=\"twitter:data1\" content=\"5 minutos\" \/>\n<script type=\"application\/ld+json\" class=\"yoast-schema-graph\">{\"@context\":\"https:\\\/\\\/schema.org\",\"@graph\":[{\"@type\":\"WebPage\",\"@id\":\"https:\\\/\\\/www.cruillabarcelona.cat\\\/es\\\/espectaculos\\\/\",\"url\":\"https:\\\/\\\/www.cruillabarcelona.cat\\\/es\\\/espectaculos\\\/\",\"name\":\"Espect\u00e1culos - Festival Cru\u00eflla\",\"isPartOf\":{\"@id\":\"https:\\\/\\\/www.cruillabarcelona.cat\\\/es\\\/#website\"},\"primaryImageOfPage\":{\"@id\":\"https:\\\/\\\/www.cruillabarcelona.cat\\\/es\\\/espectaculos\\\/#primaryimage\"},\"image\":{\"@id\":\"https:\\\/\\\/www.cruillabarcelona.cat\\\/es\\\/espectaculos\\\/#primaryimage\"},\"thumbnailUrl\":\"https:\\\/\\\/www.cruillabarcelona.cat\\\/wp-content\\\/uploads\\\/2025\\\/06\\\/IMG_2474-2020-beast.jpeg\",\"datePublished\":\"2025-06-05T08:42:54+00:00\",\"dateModified\":\"2025-07-29T09:24:02+00:00\",\"breadcrumb\":{\"@id\":\"https:\\\/\\\/www.cruillabarcelona.cat\\\/es\\\/espectaculos\\\/#breadcrumb\"},\"inLanguage\":\"es\",\"potentialAction\":[{\"@type\":\"ReadAction\",\"target\":[\"https:\\\/\\\/www.cruillabarcelona.cat\\\/es\\\/espectaculos\\\/\"]}]},{\"@type\":\"ImageObject\",\"inLanguage\":\"es\",\"@id\":\"https:\\\/\\\/www.cruillabarcelona.cat\\\/es\\\/espectaculos\\\/#primaryimage\",\"url\":\"https:\\\/\\\/www.cruillabarcelona.cat\\\/wp-content\\\/uploads\\\/2025\\\/06\\\/IMG_2474-2020-beast.jpeg\",\"contentUrl\":\"https:\\\/\\\/www.cruillabarcelona.cat\\\/wp-content\\\/uploads\\\/2025\\\/06\\\/IMG_2474-2020-beast.jpeg\",\"width\":1170,\"height\":958},{\"@type\":\"BreadcrumbList\",\"@id\":\"https:\\\/\\\/www.cruillabarcelona.cat\\\/es\\\/espectaculos\\\/#breadcrumb\",\"itemListElement\":[{\"@type\":\"ListItem\",\"position\":1,\"name\":\"Home\",\"item\":\"https:\\\/\\\/www.cruillabarcelona.cat\\\/es\\\/\"},{\"@type\":\"ListItem\",\"position\":2,\"name\":\"Espect\u00e1culos\"}]},{\"@type\":\"WebSite\",\"@id\":\"https:\\\/\\\/www.cruillabarcelona.cat\\\/es\\\/#website\",\"url\":\"https:\\\/\\\/www.cruillabarcelona.cat\\\/es\\\/\",\"name\":\"Festival Cru\u00eflla\",\"description\":\"\",\"publisher\":{\"@id\":\"https:\\\/\\\/www.cruillabarcelona.cat\\\/es\\\/#organization\"},\"potentialAction\":[{\"@type\":\"SearchAction\",\"target\":{\"@type\":\"EntryPoint\",\"urlTemplate\":\"https:\\\/\\\/www.cruillabarcelona.cat\\\/es\\\/?s={search_term_string}\"},\"query-input\":{\"@type\":\"PropertyValueSpecification\",\"valueRequired\":true,\"valueName\":\"search_term_string\"}}],\"inLanguage\":\"es\"},{\"@type\":\"Organization\",\"@id\":\"https:\\\/\\\/www.cruillabarcelona.cat\\\/es\\\/#organization\",\"name\":\"Festival Cru\u00eflla\",\"url\":\"https:\\\/\\\/www.cruillabarcelona.cat\\\/es\\\/\",\"logo\":{\"@type\":\"ImageObject\",\"inLanguage\":\"es\",\"@id\":\"https:\\\/\\\/www.cruillabarcelona.cat\\\/es\\\/#\\\/schema\\\/logo\\\/image\\\/\",\"url\":\"https:\\\/\\\/www.cruillabarcelona.cat\\\/wp-content\\\/uploads\\\/2025\\\/12\\\/cruill-logo-negativo.png\",\"contentUrl\":\"https:\\\/\\\/www.cruillabarcelona.cat\\\/wp-content\\\/uploads\\\/2025\\\/12\\\/cruill-logo-negativo.png\",\"width\":400,\"height\":101,\"caption\":\"Festival Cru\u00eflla\"},\"image\":{\"@id\":\"https:\\\/\\\/www.cruillabarcelona.cat\\\/es\\\/#\\\/schema\\\/logo\\\/image\\\/\"}}]}<\/script>\n<!-- \/ Yoast SEO plugin. -->","yoast_head_json":{"title":"Espect\u00e1culos - Festival Cru\u00eflla","robots":{"index":"index","follow":"follow","max-snippet":"max-snippet:-1","max-image-preview":"max-image-preview:large","max-video-preview":"max-video-preview:-1"},"canonical":"https:\/\/www.cruillabarcelona.cat\/es\/espectaculos\/","og_locale":"es_ES","og_type":"article","og_title":"Espect\u00e1culos - Festival Cru\u00eflla","og_description":"Pudimos disfrutar de varias muestras de danza que englobaban todos los estilos y disciplinas: THE RUGGEDS Esta compa\u00f1\u00eda present\u00f3 su show Between Us. As\u00ed como cada [&hellip;]","og_url":"https:\/\/www.cruillabarcelona.cat\/es\/espectaculos\/","og_site_name":"Festival Cru\u00eflla","article_modified_time":"2025-07-29T09:24:02+00:00","og_image":[{"width":1170,"height":958,"url":"https:\/\/www.cruillabarcelona.cat\/wp-content\/uploads\/2025\/06\/IMG_2474-2020-beast.jpeg","type":"image\/jpeg"}],"twitter_card":"summary_large_image","twitter_misc":{"Tiempo de lectura":"5 minutos"},"schema":{"@context":"https:\/\/schema.org","@graph":[{"@type":"WebPage","@id":"https:\/\/www.cruillabarcelona.cat\/es\/espectaculos\/","url":"https:\/\/www.cruillabarcelona.cat\/es\/espectaculos\/","name":"Espect\u00e1culos - Festival Cru\u00eflla","isPartOf":{"@id":"https:\/\/www.cruillabarcelona.cat\/es\/#website"},"primaryImageOfPage":{"@id":"https:\/\/www.cruillabarcelona.cat\/es\/espectaculos\/#primaryimage"},"image":{"@id":"https:\/\/www.cruillabarcelona.cat\/es\/espectaculos\/#primaryimage"},"thumbnailUrl":"https:\/\/www.cruillabarcelona.cat\/wp-content\/uploads\/2025\/06\/IMG_2474-2020-beast.jpeg","datePublished":"2025-06-05T08:42:54+00:00","dateModified":"2025-07-29T09:24:02+00:00","breadcrumb":{"@id":"https:\/\/www.cruillabarcelona.cat\/es\/espectaculos\/#breadcrumb"},"inLanguage":"es","potentialAction":[{"@type":"ReadAction","target":["https:\/\/www.cruillabarcelona.cat\/es\/espectaculos\/"]}]},{"@type":"ImageObject","inLanguage":"es","@id":"https:\/\/www.cruillabarcelona.cat\/es\/espectaculos\/#primaryimage","url":"https:\/\/www.cruillabarcelona.cat\/wp-content\/uploads\/2025\/06\/IMG_2474-2020-beast.jpeg","contentUrl":"https:\/\/www.cruillabarcelona.cat\/wp-content\/uploads\/2025\/06\/IMG_2474-2020-beast.jpeg","width":1170,"height":958},{"@type":"BreadcrumbList","@id":"https:\/\/www.cruillabarcelona.cat\/es\/espectaculos\/#breadcrumb","itemListElement":[{"@type":"ListItem","position":1,"name":"Home","item":"https:\/\/www.cruillabarcelona.cat\/es\/"},{"@type":"ListItem","position":2,"name":"Espect\u00e1culos"}]},{"@type":"WebSite","@id":"https:\/\/www.cruillabarcelona.cat\/es\/#website","url":"https:\/\/www.cruillabarcelona.cat\/es\/","name":"Festival Cru\u00eflla","description":"","publisher":{"@id":"https:\/\/www.cruillabarcelona.cat\/es\/#organization"},"potentialAction":[{"@type":"SearchAction","target":{"@type":"EntryPoint","urlTemplate":"https:\/\/www.cruillabarcelona.cat\/es\/?s={search_term_string}"},"query-input":{"@type":"PropertyValueSpecification","valueRequired":true,"valueName":"search_term_string"}}],"inLanguage":"es"},{"@type":"Organization","@id":"https:\/\/www.cruillabarcelona.cat\/es\/#organization","name":"Festival Cru\u00eflla","url":"https:\/\/www.cruillabarcelona.cat\/es\/","logo":{"@type":"ImageObject","inLanguage":"es","@id":"https:\/\/www.cruillabarcelona.cat\/es\/#\/schema\/logo\/image\/","url":"https:\/\/www.cruillabarcelona.cat\/wp-content\/uploads\/2025\/12\/cruill-logo-negativo.png","contentUrl":"https:\/\/www.cruillabarcelona.cat\/wp-content\/uploads\/2025\/12\/cruill-logo-negativo.png","width":400,"height":101,"caption":"Festival Cru\u00eflla"},"image":{"@id":"https:\/\/www.cruillabarcelona.cat\/es\/#\/schema\/logo\/image\/"}}]}},"_links":{"self":[{"href":"https:\/\/www.cruillabarcelona.cat\/es\/wp-json\/wp\/v2\/pages\/59243","targetHints":{"allow":["GET"]}}],"collection":[{"href":"https:\/\/www.cruillabarcelona.cat\/es\/wp-json\/wp\/v2\/pages"}],"about":[{"href":"https:\/\/www.cruillabarcelona.cat\/es\/wp-json\/wp\/v2\/types\/page"}],"author":[{"embeddable":true,"href":"https:\/\/www.cruillabarcelona.cat\/es\/wp-json\/wp\/v2\/users\/2"}],"replies":[{"embeddable":true,"href":"https:\/\/www.cruillabarcelona.cat\/es\/wp-json\/wp\/v2\/comments?post=59243"}],"version-history":[{"count":3,"href":"https:\/\/www.cruillabarcelona.cat\/es\/wp-json\/wp\/v2\/pages\/59243\/revisions"}],"predecessor-version":[{"id":60545,"href":"https:\/\/www.cruillabarcelona.cat\/es\/wp-json\/wp\/v2\/pages\/59243\/revisions\/60545"}],"wp:featuredmedia":[{"embeddable":true,"href":"https:\/\/www.cruillabarcelona.cat\/es\/wp-json\/wp\/v2\/media\/59208"}],"wp:attachment":[{"href":"https:\/\/www.cruillabarcelona.cat\/es\/wp-json\/wp\/v2\/media?parent=59243"}],"curies":[{"name":"wp","href":"https:\/\/api.w.org\/{rel}","templated":true}]}}