{"id":59258,"date":"2025-06-05T11:19:30","date_gmt":"2025-06-05T09:19:30","guid":{"rendered":"https:\/\/www.cruillabarcelona.cat\/?page_id=59258"},"modified":"2025-07-29T11:28:38","modified_gmt":"2025-07-29T09:28:38","slug":"batallas","status":"publish","type":"page","link":"https:\/\/www.cruillabarcelona.cat\/es\/batallas\/","title":{"rendered":"Batallas"},"content":{"rendered":"<p data-start=\"48\" data-end=\"206\">Por primera vez en el Festival Cru\u00eflla, la danza pis\u00f3 el Parc del F\u00f2rum y una de las propuestas m\u00e1s atrevidas que vimos fue en forma de batallas de freestyle:<\/p>\n<h3 data-start=\"208\" data-end=\"230\">Round Robin Battle<\/h3>\n<p data-start=\"232\" data-end=\"548\">8 bailarines y bailarinas de gran nivel se enfrentaron en un intenso combate esc\u00e9nico donde se puso a prueba el estilo, la musicalidad y la creatividad de cada uno de ellos. Los participantes se atrevieron a conquistar un escenario sin reglas fijas, donde cada movimiento fue respuesta, provocaci\u00f3n o pura intuici\u00f3n.<\/p>\n<p data-start=\"550\" data-end=\"954\">Bajo el criterio y la experiencia de los jueces Ruth Prim y Shyno y acompa\u00f1ados de la energ\u00eda \u00fanica de Yuk de Brodas Bros al micro como speaker, OULOUY \u201cENFANTDESBOIS\u201d, MARINA MOLINA, BLAZE \u201cSHINY SHAZAM\u201d, NAHIEL DOMENECH, GUEST \u201c?\u201d, PITU \u201cPITROLO\u201d, AMIR y ANDREA LATORRE compitieron para demostrar que merec\u00edan coronarse ganadores de esta gran competici\u00f3n que prometi\u00f3 un choque de talentos desbordante.<\/p>\n<h3 data-start=\"956\" data-end=\"979\">Experimental Battle<\/h3>\n<p data-start=\"981\" data-end=\"1233\">8 bailarines y bailarinas, acompa\u00f1ados por los m\u00fasicos Guiliam Sons, Montes Turquesa y el franc\u00e9s CJMS, compitieron para revelar sus mejores movimientos en una celebraci\u00f3n del cuerpo libre, del sonido como espacio y del arte como acto de conexi\u00f3n real.<\/p>\n<p data-start=\"1235\" data-end=\"1760\">El p\u00fablico fue testigo de una experiencia viva, donde la improvisaci\u00f3n se elev\u00f3 a lenguaje po\u00e9tico, sin reglas fijas, donde cada movimiento fue respuesta, provocaci\u00f3n o pura intuici\u00f3n. TULIO, JENNY, MARINA MOLINA, MARINA PRAVKINA, SKYCHIEF, ROY, OULOUY y PEP fueron los protagonistas de esta noche cargada de tensi\u00f3n, creatividad y verdad esc\u00e9nica. El equilibrio entre t\u00e9cnica, presencia y narrativa fue observado con ojo experto por la jueza Ruth Prim, mientras que el maestro de ceremonias YUK puso voz y ritmo a la acci\u00f3n.<\/p>\n","protected":false},"excerpt":{"rendered":"<p>Por primera vez en el Festival Cru\u00eflla, la danza pis\u00f3 el Parc del F\u00f2rum y una de las propuestas m\u00e1s atrevidas que vimos fue en forma [&hellip;]<\/p>\n","protected":false},"author":2,"featured_media":59230,"parent":0,"menu_order":0,"comment_status":"closed","ping_status":"closed","template":"page-templates\/page-landing.php","meta":{"_acf_changed":false,"footnotes":""},"class_list":["post-59258","page","type-page","status-publish","has-post-thumbnail","hentry"],"acf":[],"yoast_head":"<!-- This site is optimized with the Yoast SEO plugin v27.3 - https:\/\/yoast.com\/product\/yoast-seo-wordpress\/ -->\n<title>Batallas - Festival Cru\u00eflla<\/title>\n<meta name=\"robots\" content=\"index, follow, max-snippet:-1, max-image-preview:large, max-video-preview:-1\" \/>\n<link rel=\"canonical\" href=\"https:\/\/www.cruillabarcelona.cat\/es\/batallas\/\" \/>\n<meta property=\"og:locale\" content=\"es_ES\" \/>\n<meta property=\"og:type\" content=\"article\" \/>\n<meta property=\"og:title\" content=\"Batallas - Festival Cru\u00eflla\" \/>\n<meta property=\"og:description\" content=\"Por primera vez en el Festival Cru\u00eflla, la danza pis\u00f3 el Parc del F\u00f2rum y una de las propuestas m\u00e1s atrevidas que vimos fue en forma [&hellip;]\" \/>\n<meta property=\"og:url\" content=\"https:\/\/www.cruillabarcelona.cat\/es\/batallas\/\" \/>\n<meta property=\"og:site_name\" content=\"Festival Cru\u00eflla\" \/>\n<meta property=\"article:modified_time\" content=\"2025-07-29T09:28:38+00:00\" \/>\n<meta property=\"og:image\" content=\"https:\/\/www.cruillabarcelona.cat\/wp-content\/uploads\/2025\/06\/pexels-mikez-12312-scaled.jpg\" \/>\n\t<meta property=\"og:image:width\" content=\"2560\" \/>\n\t<meta property=\"og:image:height\" content=\"1707\" \/>\n\t<meta property=\"og:image:type\" content=\"image\/jpeg\" \/>\n<meta name=\"twitter:card\" content=\"summary_large_image\" \/>\n<meta name=\"twitter:label1\" content=\"Tiempo de lectura\" \/>\n\t<meta name=\"twitter:data1\" content=\"2 minutos\" \/>\n<script type=\"application\/ld+json\" class=\"yoast-schema-graph\">{\"@context\":\"https:\\\/\\\/schema.org\",\"@graph\":[{\"@type\":\"WebPage\",\"@id\":\"https:\\\/\\\/www.cruillabarcelona.cat\\\/es\\\/batallas\\\/\",\"url\":\"https:\\\/\\\/www.cruillabarcelona.cat\\\/es\\\/batallas\\\/\",\"name\":\"Batallas - Festival Cru\u00eflla\",\"isPartOf\":{\"@id\":\"https:\\\/\\\/www.cruillabarcelona.cat\\\/es\\\/#website\"},\"primaryImageOfPage\":{\"@id\":\"https:\\\/\\\/www.cruillabarcelona.cat\\\/es\\\/batallas\\\/#primaryimage\"},\"image\":{\"@id\":\"https:\\\/\\\/www.cruillabarcelona.cat\\\/es\\\/batallas\\\/#primaryimage\"},\"thumbnailUrl\":\"https:\\\/\\\/www.cruillabarcelona.cat\\\/wp-content\\\/uploads\\\/2025\\\/06\\\/pexels-mikez-12312-scaled.jpg\",\"datePublished\":\"2025-06-05T09:19:30+00:00\",\"dateModified\":\"2025-07-29T09:28:38+00:00\",\"breadcrumb\":{\"@id\":\"https:\\\/\\\/www.cruillabarcelona.cat\\\/es\\\/batallas\\\/#breadcrumb\"},\"inLanguage\":\"es\",\"potentialAction\":[{\"@type\":\"ReadAction\",\"target\":[\"https:\\\/\\\/www.cruillabarcelona.cat\\\/es\\\/batallas\\\/\"]}]},{\"@type\":\"ImageObject\",\"inLanguage\":\"es\",\"@id\":\"https:\\\/\\\/www.cruillabarcelona.cat\\\/es\\\/batallas\\\/#primaryimage\",\"url\":\"https:\\\/\\\/www.cruillabarcelona.cat\\\/wp-content\\\/uploads\\\/2025\\\/06\\\/pexels-mikez-12312-scaled.jpg\",\"contentUrl\":\"https:\\\/\\\/www.cruillabarcelona.cat\\\/wp-content\\\/uploads\\\/2025\\\/06\\\/pexels-mikez-12312-scaled.jpg\",\"width\":2560,\"height\":1707},{\"@type\":\"BreadcrumbList\",\"@id\":\"https:\\\/\\\/www.cruillabarcelona.cat\\\/es\\\/batallas\\\/#breadcrumb\",\"itemListElement\":[{\"@type\":\"ListItem\",\"position\":1,\"name\":\"Home\",\"item\":\"https:\\\/\\\/www.cruillabarcelona.cat\\\/es\\\/\"},{\"@type\":\"ListItem\",\"position\":2,\"name\":\"Batallas\"}]},{\"@type\":\"WebSite\",\"@id\":\"https:\\\/\\\/www.cruillabarcelona.cat\\\/es\\\/#website\",\"url\":\"https:\\\/\\\/www.cruillabarcelona.cat\\\/es\\\/\",\"name\":\"Festival Cru\u00eflla\",\"description\":\"\",\"publisher\":{\"@id\":\"https:\\\/\\\/www.cruillabarcelona.cat\\\/es\\\/#organization\"},\"potentialAction\":[{\"@type\":\"SearchAction\",\"target\":{\"@type\":\"EntryPoint\",\"urlTemplate\":\"https:\\\/\\\/www.cruillabarcelona.cat\\\/es\\\/?s={search_term_string}\"},\"query-input\":{\"@type\":\"PropertyValueSpecification\",\"valueRequired\":true,\"valueName\":\"search_term_string\"}}],\"inLanguage\":\"es\"},{\"@type\":\"Organization\",\"@id\":\"https:\\\/\\\/www.cruillabarcelona.cat\\\/es\\\/#organization\",\"name\":\"Festival Cru\u00eflla\",\"url\":\"https:\\\/\\\/www.cruillabarcelona.cat\\\/es\\\/\",\"logo\":{\"@type\":\"ImageObject\",\"inLanguage\":\"es\",\"@id\":\"https:\\\/\\\/www.cruillabarcelona.cat\\\/es\\\/#\\\/schema\\\/logo\\\/image\\\/\",\"url\":\"https:\\\/\\\/www.cruillabarcelona.cat\\\/wp-content\\\/uploads\\\/2025\\\/12\\\/cruill-logo-negativo.png\",\"contentUrl\":\"https:\\\/\\\/www.cruillabarcelona.cat\\\/wp-content\\\/uploads\\\/2025\\\/12\\\/cruill-logo-negativo.png\",\"width\":400,\"height\":101,\"caption\":\"Festival Cru\u00eflla\"},\"image\":{\"@id\":\"https:\\\/\\\/www.cruillabarcelona.cat\\\/es\\\/#\\\/schema\\\/logo\\\/image\\\/\"}}]}<\/script>\n<!-- \/ Yoast SEO plugin. -->","yoast_head_json":{"title":"Batallas - Festival Cru\u00eflla","robots":{"index":"index","follow":"follow","max-snippet":"max-snippet:-1","max-image-preview":"max-image-preview:large","max-video-preview":"max-video-preview:-1"},"canonical":"https:\/\/www.cruillabarcelona.cat\/es\/batallas\/","og_locale":"es_ES","og_type":"article","og_title":"Batallas - Festival Cru\u00eflla","og_description":"Por primera vez en el Festival Cru\u00eflla, la danza pis\u00f3 el Parc del F\u00f2rum y una de las propuestas m\u00e1s atrevidas que vimos fue en forma [&hellip;]","og_url":"https:\/\/www.cruillabarcelona.cat\/es\/batallas\/","og_site_name":"Festival Cru\u00eflla","article_modified_time":"2025-07-29T09:28:38+00:00","og_image":[{"width":2560,"height":1707,"url":"https:\/\/www.cruillabarcelona.cat\/wp-content\/uploads\/2025\/06\/pexels-mikez-12312-scaled.jpg","type":"image\/jpeg"}],"twitter_card":"summary_large_image","twitter_misc":{"Tiempo de lectura":"2 minutos"},"schema":{"@context":"https:\/\/schema.org","@graph":[{"@type":"WebPage","@id":"https:\/\/www.cruillabarcelona.cat\/es\/batallas\/","url":"https:\/\/www.cruillabarcelona.cat\/es\/batallas\/","name":"Batallas - Festival Cru\u00eflla","isPartOf":{"@id":"https:\/\/www.cruillabarcelona.cat\/es\/#website"},"primaryImageOfPage":{"@id":"https:\/\/www.cruillabarcelona.cat\/es\/batallas\/#primaryimage"},"image":{"@id":"https:\/\/www.cruillabarcelona.cat\/es\/batallas\/#primaryimage"},"thumbnailUrl":"https:\/\/www.cruillabarcelona.cat\/wp-content\/uploads\/2025\/06\/pexels-mikez-12312-scaled.jpg","datePublished":"2025-06-05T09:19:30+00:00","dateModified":"2025-07-29T09:28:38+00:00","breadcrumb":{"@id":"https:\/\/www.cruillabarcelona.cat\/es\/batallas\/#breadcrumb"},"inLanguage":"es","potentialAction":[{"@type":"ReadAction","target":["https:\/\/www.cruillabarcelona.cat\/es\/batallas\/"]}]},{"@type":"ImageObject","inLanguage":"es","@id":"https:\/\/www.cruillabarcelona.cat\/es\/batallas\/#primaryimage","url":"https:\/\/www.cruillabarcelona.cat\/wp-content\/uploads\/2025\/06\/pexels-mikez-12312-scaled.jpg","contentUrl":"https:\/\/www.cruillabarcelona.cat\/wp-content\/uploads\/2025\/06\/pexels-mikez-12312-scaled.jpg","width":2560,"height":1707},{"@type":"BreadcrumbList","@id":"https:\/\/www.cruillabarcelona.cat\/es\/batallas\/#breadcrumb","itemListElement":[{"@type":"ListItem","position":1,"name":"Home","item":"https:\/\/www.cruillabarcelona.cat\/es\/"},{"@type":"ListItem","position":2,"name":"Batallas"}]},{"@type":"WebSite","@id":"https:\/\/www.cruillabarcelona.cat\/es\/#website","url":"https:\/\/www.cruillabarcelona.cat\/es\/","name":"Festival Cru\u00eflla","description":"","publisher":{"@id":"https:\/\/www.cruillabarcelona.cat\/es\/#organization"},"potentialAction":[{"@type":"SearchAction","target":{"@type":"EntryPoint","urlTemplate":"https:\/\/www.cruillabarcelona.cat\/es\/?s={search_term_string}"},"query-input":{"@type":"PropertyValueSpecification","valueRequired":true,"valueName":"search_term_string"}}],"inLanguage":"es"},{"@type":"Organization","@id":"https:\/\/www.cruillabarcelona.cat\/es\/#organization","name":"Festival Cru\u00eflla","url":"https:\/\/www.cruillabarcelona.cat\/es\/","logo":{"@type":"ImageObject","inLanguage":"es","@id":"https:\/\/www.cruillabarcelona.cat\/es\/#\/schema\/logo\/image\/","url":"https:\/\/www.cruillabarcelona.cat\/wp-content\/uploads\/2025\/12\/cruill-logo-negativo.png","contentUrl":"https:\/\/www.cruillabarcelona.cat\/wp-content\/uploads\/2025\/12\/cruill-logo-negativo.png","width":400,"height":101,"caption":"Festival Cru\u00eflla"},"image":{"@id":"https:\/\/www.cruillabarcelona.cat\/es\/#\/schema\/logo\/image\/"}}]}},"_links":{"self":[{"href":"https:\/\/www.cruillabarcelona.cat\/es\/wp-json\/wp\/v2\/pages\/59258","targetHints":{"allow":["GET"]}}],"collection":[{"href":"https:\/\/www.cruillabarcelona.cat\/es\/wp-json\/wp\/v2\/pages"}],"about":[{"href":"https:\/\/www.cruillabarcelona.cat\/es\/wp-json\/wp\/v2\/types\/page"}],"author":[{"embeddable":true,"href":"https:\/\/www.cruillabarcelona.cat\/es\/wp-json\/wp\/v2\/users\/2"}],"replies":[{"embeddable":true,"href":"https:\/\/www.cruillabarcelona.cat\/es\/wp-json\/wp\/v2\/comments?post=59258"}],"version-history":[{"count":3,"href":"https:\/\/www.cruillabarcelona.cat\/es\/wp-json\/wp\/v2\/pages\/59258\/revisions"}],"predecessor-version":[{"id":60547,"href":"https:\/\/www.cruillabarcelona.cat\/es\/wp-json\/wp\/v2\/pages\/59258\/revisions\/60547"}],"wp:featuredmedia":[{"embeddable":true,"href":"https:\/\/www.cruillabarcelona.cat\/es\/wp-json\/wp\/v2\/media\/59230"}],"wp:attachment":[{"href":"https:\/\/www.cruillabarcelona.cat\/es\/wp-json\/wp\/v2\/media?parent=59258"}],"curies":[{"name":"wp","href":"https:\/\/api.w.org\/{rel}","templated":true}]}}