{"id":60017,"date":"2025-07-03T14:55:36","date_gmt":"2025-07-03T12:55:36","guid":{"rendered":"https:\/\/www.cruillabarcelona.cat\/?page_id=60017"},"modified":"2025-07-04T15:42:16","modified_gmt":"2025-07-04T13:42:16","slug":"gimcana-cruilla","status":"publish","type":"page","link":"https:\/\/www.cruillabarcelona.cat\/es\/gimcana-cruilla\/","title":{"rendered":"Gimcana Cru\u00eflla"},"content":{"rendered":"<h2 style=\"text-align: center;\">\u00a1PARTICIPA EN LA GIMCANA CRU\u00cfLLA Y GANA UNA CESTA DE PREMIOS Y UN ABONO DOBLE PARA EL 2026!<\/h2>\n<p>Vuelve la\u00a0<strong>Gimcana Cru\u00eflla<\/strong>, \u00a1una oportunidad incre\u00edble de ganar una <strong>cesta de premios<\/strong> cortes\u00eda de algunos de nuestros patrocinadores y un\u00a0<strong>abono doble<\/strong> para el Festival Cru\u00eflla 2026! Participar es muy sencillo: cuando pases por los stands de Bonpreu Esclat, Occident, Vueling, Endesa, Vichy Catalan, Ballantine&#8217;s, Kinder Bueno y Vera y por la Botiga Cru\u00eflla se te validar\u00e1 la pulsera cashless y se te sumar\u00e1 un punto en la cuenta (\u00a1solo se contar\u00e1 un punto por stand aunque lo visites m\u00e1s veces!). Cuando ya tengas 9 puntos, uno por cada validaci\u00f3n, entrar\u00e1s autom\u00e1ticamente en el <strong>sorteo<\/strong>. \u00bfQuieres saber qu\u00e9 premios podr\u00e1s ganar para acabar de convencerte?<\/p>\n<ul>\n<li>1 abono doble (es decir, 2 abonos) para el <strong>Festival Cru\u00eflla 2026<\/strong><\/li>\n<li>1 cheque regalo por valor de 100\u20ac cortes\u00eda de <strong>Bonpreu Esclat<\/strong><\/li>\n<li>1 kayak para dos personas cortes\u00eda de <strong>Occident<\/strong><\/li>\n<li>1 vale de descuento de 100\u20ac y 1 c\u00f3digo regalo por valor de 350\u20ac para dos personas* cortes\u00eda de <strong>Vueling<\/strong><\/li>\n<li>1 altavoz JBL ultraport\u00e1til cortes\u00eda de <strong>Endesa<\/strong><\/li>\n<li>1 lot de Vichy Sabores cortesia de <strong>Vichy Catalan<\/strong><\/li>\n<li>1 botella de Petroni y 1 botella de Ballantine&#8217;s cortes\u00eda de <strong>Pernod Ricard<\/strong><\/li>\n<li>1 caja de helados Kinder Bueno Ice Cream cortes\u00eda de <strong>Kinder Bueno<\/strong><\/li>\n<li>1 vale de descuento del 50% por un a\u00f1o de Fibra \u00d3ptica cortes\u00eda de <strong>Vera<\/strong><\/li>\n<\/ul>\n<p>*NO aplicable a viajes entre el 01\/08\/2025 y el 31\/08\/2025 (ambos inclu\u00eddos) y entre el 28\/10\/2025 y el 02\/11\/2025 (ambos inclu\u00eddos).<\/p>\n<p>Nos pondremos en contacto con la persona ganadora despu\u00e9s del festival.\u00a0<strong>\u00a1Mucha suerte!<\/strong><\/p>\n","protected":false},"excerpt":{"rendered":"<p>\u00a1PARTICIPA EN LA GIMCANA CRU\u00cfLLA Y GANA UNA CESTA DE PREMIOS Y UN ABONO DOBLE PARA EL 2026! Vuelve la\u00a0Gimcana Cru\u00eflla, \u00a1una oportunidad incre\u00edble de ganar [&hellip;]<\/p>\n","protected":false},"author":2,"featured_media":60025,"parent":0,"menu_order":0,"comment_status":"closed","ping_status":"closed","template":"page-templates\/page-landing.php","meta":{"_acf_changed":false,"footnotes":""},"class_list":["post-60017","page","type-page","status-publish","has-post-thumbnail","hentry"],"acf":[],"yoast_head":"<!-- This site is optimized with the Yoast SEO plugin v27.3 - https:\/\/yoast.com\/product\/yoast-seo-wordpress\/ -->\n<title>Gimcana Cru\u00eflla - Festival Cru\u00eflla<\/title>\n<meta name=\"robots\" content=\"index, follow, max-snippet:-1, max-image-preview:large, max-video-preview:-1\" \/>\n<link rel=\"canonical\" href=\"https:\/\/www.cruillabarcelona.cat\/es\/gimcana-cruilla\/\" \/>\n<meta property=\"og:locale\" content=\"es_ES\" \/>\n<meta property=\"og:type\" content=\"article\" \/>\n<meta property=\"og:title\" content=\"Gimcana Cru\u00eflla - Festival Cru\u00eflla\" \/>\n<meta property=\"og:description\" content=\"\u00a1PARTICIPA EN LA GIMCANA CRU\u00cfLLA Y GANA UNA CESTA DE PREMIOS Y UN ABONO DOBLE PARA EL 2026! Vuelve la\u00a0Gimcana Cru\u00eflla, \u00a1una oportunidad incre\u00edble de ganar [&hellip;]\" \/>\n<meta property=\"og:url\" content=\"https:\/\/www.cruillabarcelona.cat\/es\/gimcana-cruilla\/\" \/>\n<meta property=\"og:site_name\" content=\"Festival Cru\u00eflla\" \/>\n<meta property=\"article:modified_time\" content=\"2025-07-04T13:42:16+00:00\" \/>\n<meta property=\"og:image\" content=\"https:\/\/www.cruillabarcelona.cat\/wp-content\/uploads\/2025\/07\/GIMCANA.jpg\" \/>\n\t<meta property=\"og:image:width\" content=\"1500\" \/>\n\t<meta property=\"og:image:height\" content=\"500\" \/>\n\t<meta property=\"og:image:type\" content=\"image\/jpeg\" \/>\n<meta name=\"twitter:card\" content=\"summary_large_image\" \/>\n<meta name=\"twitter:label1\" content=\"Tiempo de lectura\" \/>\n\t<meta name=\"twitter:data1\" content=\"2 minutos\" \/>\n<script type=\"application\/ld+json\" class=\"yoast-schema-graph\">{\"@context\":\"https:\\\/\\\/schema.org\",\"@graph\":[{\"@type\":\"WebPage\",\"@id\":\"https:\\\/\\\/www.cruillabarcelona.cat\\\/es\\\/gimcana-cruilla\\\/\",\"url\":\"https:\\\/\\\/www.cruillabarcelona.cat\\\/es\\\/gimcana-cruilla\\\/\",\"name\":\"Gimcana Cru\u00eflla - Festival Cru\u00eflla\",\"isPartOf\":{\"@id\":\"https:\\\/\\\/www.cruillabarcelona.cat\\\/es\\\/#website\"},\"primaryImageOfPage\":{\"@id\":\"https:\\\/\\\/www.cruillabarcelona.cat\\\/es\\\/gimcana-cruilla\\\/#primaryimage\"},\"image\":{\"@id\":\"https:\\\/\\\/www.cruillabarcelona.cat\\\/es\\\/gimcana-cruilla\\\/#primaryimage\"},\"thumbnailUrl\":\"https:\\\/\\\/www.cruillabarcelona.cat\\\/wp-content\\\/uploads\\\/2025\\\/07\\\/GIMCANA.jpg\",\"datePublished\":\"2025-07-03T12:55:36+00:00\",\"dateModified\":\"2025-07-04T13:42:16+00:00\",\"breadcrumb\":{\"@id\":\"https:\\\/\\\/www.cruillabarcelona.cat\\\/es\\\/gimcana-cruilla\\\/#breadcrumb\"},\"inLanguage\":\"es\",\"potentialAction\":[{\"@type\":\"ReadAction\",\"target\":[\"https:\\\/\\\/www.cruillabarcelona.cat\\\/es\\\/gimcana-cruilla\\\/\"]}]},{\"@type\":\"ImageObject\",\"inLanguage\":\"es\",\"@id\":\"https:\\\/\\\/www.cruillabarcelona.cat\\\/es\\\/gimcana-cruilla\\\/#primaryimage\",\"url\":\"https:\\\/\\\/www.cruillabarcelona.cat\\\/wp-content\\\/uploads\\\/2025\\\/07\\\/GIMCANA.jpg\",\"contentUrl\":\"https:\\\/\\\/www.cruillabarcelona.cat\\\/wp-content\\\/uploads\\\/2025\\\/07\\\/GIMCANA.jpg\",\"width\":1500,\"height\":500},{\"@type\":\"BreadcrumbList\",\"@id\":\"https:\\\/\\\/www.cruillabarcelona.cat\\\/es\\\/gimcana-cruilla\\\/#breadcrumb\",\"itemListElement\":[{\"@type\":\"ListItem\",\"position\":1,\"name\":\"Home\",\"item\":\"https:\\\/\\\/www.cruillabarcelona.cat\\\/es\\\/\"},{\"@type\":\"ListItem\",\"position\":2,\"name\":\"Gimcana Cru\u00eflla\"}]},{\"@type\":\"WebSite\",\"@id\":\"https:\\\/\\\/www.cruillabarcelona.cat\\\/es\\\/#website\",\"url\":\"https:\\\/\\\/www.cruillabarcelona.cat\\\/es\\\/\",\"name\":\"Festival Cru\u00eflla\",\"description\":\"\",\"publisher\":{\"@id\":\"https:\\\/\\\/www.cruillabarcelona.cat\\\/es\\\/#organization\"},\"potentialAction\":[{\"@type\":\"SearchAction\",\"target\":{\"@type\":\"EntryPoint\",\"urlTemplate\":\"https:\\\/\\\/www.cruillabarcelona.cat\\\/es\\\/?s={search_term_string}\"},\"query-input\":{\"@type\":\"PropertyValueSpecification\",\"valueRequired\":true,\"valueName\":\"search_term_string\"}}],\"inLanguage\":\"es\"},{\"@type\":\"Organization\",\"@id\":\"https:\\\/\\\/www.cruillabarcelona.cat\\\/es\\\/#organization\",\"name\":\"Festival Cru\u00eflla\",\"url\":\"https:\\\/\\\/www.cruillabarcelona.cat\\\/es\\\/\",\"logo\":{\"@type\":\"ImageObject\",\"inLanguage\":\"es\",\"@id\":\"https:\\\/\\\/www.cruillabarcelona.cat\\\/es\\\/#\\\/schema\\\/logo\\\/image\\\/\",\"url\":\"https:\\\/\\\/www.cruillabarcelona.cat\\\/wp-content\\\/uploads\\\/2025\\\/12\\\/cruill-logo-negativo.png\",\"contentUrl\":\"https:\\\/\\\/www.cruillabarcelona.cat\\\/wp-content\\\/uploads\\\/2025\\\/12\\\/cruill-logo-negativo.png\",\"width\":400,\"height\":101,\"caption\":\"Festival Cru\u00eflla\"},\"image\":{\"@id\":\"https:\\\/\\\/www.cruillabarcelona.cat\\\/es\\\/#\\\/schema\\\/logo\\\/image\\\/\"}}]}<\/script>\n<!-- \/ Yoast SEO plugin. -->","yoast_head_json":{"title":"Gimcana Cru\u00eflla - Festival Cru\u00eflla","robots":{"index":"index","follow":"follow","max-snippet":"max-snippet:-1","max-image-preview":"max-image-preview:large","max-video-preview":"max-video-preview:-1"},"canonical":"https:\/\/www.cruillabarcelona.cat\/es\/gimcana-cruilla\/","og_locale":"es_ES","og_type":"article","og_title":"Gimcana Cru\u00eflla - Festival Cru\u00eflla","og_description":"\u00a1PARTICIPA EN LA GIMCANA CRU\u00cfLLA Y GANA UNA CESTA DE PREMIOS Y UN ABONO DOBLE PARA EL 2026! Vuelve la\u00a0Gimcana Cru\u00eflla, \u00a1una oportunidad incre\u00edble de ganar [&hellip;]","og_url":"https:\/\/www.cruillabarcelona.cat\/es\/gimcana-cruilla\/","og_site_name":"Festival Cru\u00eflla","article_modified_time":"2025-07-04T13:42:16+00:00","og_image":[{"width":1500,"height":500,"url":"https:\/\/www.cruillabarcelona.cat\/wp-content\/uploads\/2025\/07\/GIMCANA.jpg","type":"image\/jpeg"}],"twitter_card":"summary_large_image","twitter_misc":{"Tiempo de lectura":"2 minutos"},"schema":{"@context":"https:\/\/schema.org","@graph":[{"@type":"WebPage","@id":"https:\/\/www.cruillabarcelona.cat\/es\/gimcana-cruilla\/","url":"https:\/\/www.cruillabarcelona.cat\/es\/gimcana-cruilla\/","name":"Gimcana Cru\u00eflla - Festival Cru\u00eflla","isPartOf":{"@id":"https:\/\/www.cruillabarcelona.cat\/es\/#website"},"primaryImageOfPage":{"@id":"https:\/\/www.cruillabarcelona.cat\/es\/gimcana-cruilla\/#primaryimage"},"image":{"@id":"https:\/\/www.cruillabarcelona.cat\/es\/gimcana-cruilla\/#primaryimage"},"thumbnailUrl":"https:\/\/www.cruillabarcelona.cat\/wp-content\/uploads\/2025\/07\/GIMCANA.jpg","datePublished":"2025-07-03T12:55:36+00:00","dateModified":"2025-07-04T13:42:16+00:00","breadcrumb":{"@id":"https:\/\/www.cruillabarcelona.cat\/es\/gimcana-cruilla\/#breadcrumb"},"inLanguage":"es","potentialAction":[{"@type":"ReadAction","target":["https:\/\/www.cruillabarcelona.cat\/es\/gimcana-cruilla\/"]}]},{"@type":"ImageObject","inLanguage":"es","@id":"https:\/\/www.cruillabarcelona.cat\/es\/gimcana-cruilla\/#primaryimage","url":"https:\/\/www.cruillabarcelona.cat\/wp-content\/uploads\/2025\/07\/GIMCANA.jpg","contentUrl":"https:\/\/www.cruillabarcelona.cat\/wp-content\/uploads\/2025\/07\/GIMCANA.jpg","width":1500,"height":500},{"@type":"BreadcrumbList","@id":"https:\/\/www.cruillabarcelona.cat\/es\/gimcana-cruilla\/#breadcrumb","itemListElement":[{"@type":"ListItem","position":1,"name":"Home","item":"https:\/\/www.cruillabarcelona.cat\/es\/"},{"@type":"ListItem","position":2,"name":"Gimcana Cru\u00eflla"}]},{"@type":"WebSite","@id":"https:\/\/www.cruillabarcelona.cat\/es\/#website","url":"https:\/\/www.cruillabarcelona.cat\/es\/","name":"Festival Cru\u00eflla","description":"","publisher":{"@id":"https:\/\/www.cruillabarcelona.cat\/es\/#organization"},"potentialAction":[{"@type":"SearchAction","target":{"@type":"EntryPoint","urlTemplate":"https:\/\/www.cruillabarcelona.cat\/es\/?s={search_term_string}"},"query-input":{"@type":"PropertyValueSpecification","valueRequired":true,"valueName":"search_term_string"}}],"inLanguage":"es"},{"@type":"Organization","@id":"https:\/\/www.cruillabarcelona.cat\/es\/#organization","name":"Festival Cru\u00eflla","url":"https:\/\/www.cruillabarcelona.cat\/es\/","logo":{"@type":"ImageObject","inLanguage":"es","@id":"https:\/\/www.cruillabarcelona.cat\/es\/#\/schema\/logo\/image\/","url":"https:\/\/www.cruillabarcelona.cat\/wp-content\/uploads\/2025\/12\/cruill-logo-negativo.png","contentUrl":"https:\/\/www.cruillabarcelona.cat\/wp-content\/uploads\/2025\/12\/cruill-logo-negativo.png","width":400,"height":101,"caption":"Festival Cru\u00eflla"},"image":{"@id":"https:\/\/www.cruillabarcelona.cat\/es\/#\/schema\/logo\/image\/"}}]}},"_links":{"self":[{"href":"https:\/\/www.cruillabarcelona.cat\/es\/wp-json\/wp\/v2\/pages\/60017","targetHints":{"allow":["GET"]}}],"collection":[{"href":"https:\/\/www.cruillabarcelona.cat\/es\/wp-json\/wp\/v2\/pages"}],"about":[{"href":"https:\/\/www.cruillabarcelona.cat\/es\/wp-json\/wp\/v2\/types\/page"}],"author":[{"embeddable":true,"href":"https:\/\/www.cruillabarcelona.cat\/es\/wp-json\/wp\/v2\/users\/2"}],"replies":[{"embeddable":true,"href":"https:\/\/www.cruillabarcelona.cat\/es\/wp-json\/wp\/v2\/comments?post=60017"}],"version-history":[{"count":5,"href":"https:\/\/www.cruillabarcelona.cat\/es\/wp-json\/wp\/v2\/pages\/60017\/revisions"}],"predecessor-version":[{"id":60051,"href":"https:\/\/www.cruillabarcelona.cat\/es\/wp-json\/wp\/v2\/pages\/60017\/revisions\/60051"}],"wp:featuredmedia":[{"embeddable":true,"href":"https:\/\/www.cruillabarcelona.cat\/es\/wp-json\/wp\/v2\/media\/60025"}],"wp:attachment":[{"href":"https:\/\/www.cruillabarcelona.cat\/es\/wp-json\/wp\/v2\/media?parent=60017"}],"curies":[{"name":"wp","href":"https:\/\/api.w.org\/{rel}","templated":true}]}}