{"id":60079,"date":"2025-07-07T17:35:17","date_gmt":"2025-07-07T15:35:17","guid":{"rendered":"https:\/\/www.cruillabarcelona.cat\/?page_id=60079"},"modified":"2025-07-10T17:10:00","modified_gmt":"2025-07-10T15:10:00","slug":"exposicio-retrats-15-anys","status":"publish","type":"page","link":"https:\/\/www.cruillabarcelona.cat\/es\/exposicio-retrats-15-anys\/","title":{"rendered":"Exposici\u00f3 retrats 15 anys"},"content":{"rendered":"<h2 style=\"text-align: center;\">FENT HIST\u00d2RIA A CADA TRA\u00c7: LA EXPOSICI\u00d3N DE RETATOS DE LOS 15 A\u00d1OS DEL FESTIVAL CRU\u00cfLLA<\/h2>\n<p>Desde sus inicios, el Festival Cru\u00eflla no s\u00f3lo ha complementado su programaci\u00f3n musical con la art\u00edstica, sino que ha hecho de las <strong>artes en vivo<\/strong> uno de los pilares de su oferta cultural. Los <strong>retratos<\/strong> de algunos de los artistas del cartel de cada edici\u00f3n han atra\u00eddo a\u00f1o tras a\u00f1o a miles de curiosos que se han acercado a verlos nacer, dibujarse y llenarse de color.<\/p>\n<p>Este a\u00f1o el Festival Cru\u00eflla llega a su <strong>decimoquinta edici\u00f3n<\/strong>, por eso hemos querido recoger algunas de las obras de <strong>arte urbano<\/strong> que han formado parte de nuestra historia. Casi una veintena de piezas creadas con diversas t\u00e9cnicas y materiales propios del graffiti, como sprays, pinturas acr\u00edlicas, rotuladores, pinceles, stencil, rodillos u otros, por artistas como <strong>Maga, Dante Arcade, Valentina Wilson, Nuriatoll, Creto, Jota Lopez, Pauceda, Mon Devane, Bonet, Etienne Cristoffanini Ros, Rice, Connor.Art, Jay Bisual, Muraleslian, Eslic, Slim Safont o Bubblegum.<\/strong><\/p>\n<p>Esta exposici\u00f3n no s\u00f3lo es una <strong>retrospectiva de los artistas pl\u00e1sticos<\/strong> que nos han acompa\u00f1ado, sino tambi\u00e9n un <strong>homenaje a los artistas musicales<\/strong> que han pasado por el festival y que han sido inmortalizados en estos retratos. De esta forma, celebramos que <strong>el \u00e9xito de esta propuesta<\/strong> supuso todo un impulso para el crecimiento de nuestra programaci\u00f3n de Artes con este repaso \u00fanico a los <strong>15 a\u00f1os de historia musical y art\u00edstica del Festival Cru\u00eflla.<\/strong><\/p>\n","protected":false},"excerpt":{"rendered":"<p>FENT HIST\u00d2RIA A CADA TRA\u00c7: LA EXPOSICI\u00d3N DE RETATOS DE LOS 15 A\u00d1OS DEL FESTIVAL CRU\u00cfLLA Desde sus inicios, el Festival Cru\u00eflla no s\u00f3lo ha complementado [&hellip;]<\/p>\n","protected":false},"author":2,"featured_media":0,"parent":0,"menu_order":0,"comment_status":"closed","ping_status":"closed","template":"page-templates\/page-landing.php","meta":{"_acf_changed":false,"footnotes":""},"class_list":["post-60079","page","type-page","status-publish","hentry"],"acf":[],"yoast_head":"<!-- This site is optimized with the Yoast SEO plugin v27.3 - https:\/\/yoast.com\/product\/yoast-seo-wordpress\/ -->\n<title>Exposici\u00f3 retrats 15 anys - Festival Cru\u00eflla<\/title>\n<meta name=\"robots\" content=\"index, follow, max-snippet:-1, max-image-preview:large, max-video-preview:-1\" \/>\n<link rel=\"canonical\" href=\"https:\/\/www.cruillabarcelona.cat\/es\/exposicio-retrats-15-anys\/\" \/>\n<meta property=\"og:locale\" content=\"es_ES\" \/>\n<meta property=\"og:type\" content=\"article\" \/>\n<meta property=\"og:title\" content=\"Exposici\u00f3 retrats 15 anys - Festival Cru\u00eflla\" \/>\n<meta property=\"og:description\" content=\"FENT HIST\u00d2RIA A CADA TRA\u00c7: LA EXPOSICI\u00d3N DE RETATOS DE LOS 15 A\u00d1OS DEL FESTIVAL CRU\u00cfLLA Desde sus inicios, el Festival Cru\u00eflla no s\u00f3lo ha complementado [&hellip;]\" \/>\n<meta property=\"og:url\" content=\"https:\/\/www.cruillabarcelona.cat\/es\/exposicio-retrats-15-anys\/\" \/>\n<meta property=\"og:site_name\" content=\"Festival Cru\u00eflla\" \/>\n<meta property=\"article:modified_time\" content=\"2025-07-10T15:10:00+00:00\" \/>\n<meta name=\"twitter:card\" content=\"summary_large_image\" \/>\n<meta name=\"twitter:label1\" content=\"Tiempo de lectura\" \/>\n\t<meta name=\"twitter:data1\" content=\"2 minutos\" \/>\n<script type=\"application\/ld+json\" class=\"yoast-schema-graph\">{\"@context\":\"https:\\\/\\\/schema.org\",\"@graph\":[{\"@type\":\"WebPage\",\"@id\":\"https:\\\/\\\/www.cruillabarcelona.cat\\\/es\\\/exposicio-retrats-15-anys\\\/\",\"url\":\"https:\\\/\\\/www.cruillabarcelona.cat\\\/es\\\/exposicio-retrats-15-anys\\\/\",\"name\":\"Exposici\u00f3 retrats 15 anys - Festival Cru\u00eflla\",\"isPartOf\":{\"@id\":\"https:\\\/\\\/www.cruillabarcelona.cat\\\/es\\\/#website\"},\"datePublished\":\"2025-07-07T15:35:17+00:00\",\"dateModified\":\"2025-07-10T15:10:00+00:00\",\"breadcrumb\":{\"@id\":\"https:\\\/\\\/www.cruillabarcelona.cat\\\/es\\\/exposicio-retrats-15-anys\\\/#breadcrumb\"},\"inLanguage\":\"es\",\"potentialAction\":[{\"@type\":\"ReadAction\",\"target\":[\"https:\\\/\\\/www.cruillabarcelona.cat\\\/es\\\/exposicio-retrats-15-anys\\\/\"]}]},{\"@type\":\"BreadcrumbList\",\"@id\":\"https:\\\/\\\/www.cruillabarcelona.cat\\\/es\\\/exposicio-retrats-15-anys\\\/#breadcrumb\",\"itemListElement\":[{\"@type\":\"ListItem\",\"position\":1,\"name\":\"Home\",\"item\":\"https:\\\/\\\/www.cruillabarcelona.cat\\\/es\\\/\"},{\"@type\":\"ListItem\",\"position\":2,\"name\":\"Exposici\u00f3 retrats 15 anys\"}]},{\"@type\":\"WebSite\",\"@id\":\"https:\\\/\\\/www.cruillabarcelona.cat\\\/es\\\/#website\",\"url\":\"https:\\\/\\\/www.cruillabarcelona.cat\\\/es\\\/\",\"name\":\"Festival Cru\u00eflla\",\"description\":\"\",\"publisher\":{\"@id\":\"https:\\\/\\\/www.cruillabarcelona.cat\\\/es\\\/#organization\"},\"potentialAction\":[{\"@type\":\"SearchAction\",\"target\":{\"@type\":\"EntryPoint\",\"urlTemplate\":\"https:\\\/\\\/www.cruillabarcelona.cat\\\/es\\\/?s={search_term_string}\"},\"query-input\":{\"@type\":\"PropertyValueSpecification\",\"valueRequired\":true,\"valueName\":\"search_term_string\"}}],\"inLanguage\":\"es\"},{\"@type\":\"Organization\",\"@id\":\"https:\\\/\\\/www.cruillabarcelona.cat\\\/es\\\/#organization\",\"name\":\"Festival Cru\u00eflla\",\"url\":\"https:\\\/\\\/www.cruillabarcelona.cat\\\/es\\\/\",\"logo\":{\"@type\":\"ImageObject\",\"inLanguage\":\"es\",\"@id\":\"https:\\\/\\\/www.cruillabarcelona.cat\\\/es\\\/#\\\/schema\\\/logo\\\/image\\\/\",\"url\":\"https:\\\/\\\/www.cruillabarcelona.cat\\\/wp-content\\\/uploads\\\/2025\\\/12\\\/cruill-logo-negativo.png\",\"contentUrl\":\"https:\\\/\\\/www.cruillabarcelona.cat\\\/wp-content\\\/uploads\\\/2025\\\/12\\\/cruill-logo-negativo.png\",\"width\":400,\"height\":101,\"caption\":\"Festival Cru\u00eflla\"},\"image\":{\"@id\":\"https:\\\/\\\/www.cruillabarcelona.cat\\\/es\\\/#\\\/schema\\\/logo\\\/image\\\/\"}}]}<\/script>\n<!-- \/ Yoast SEO plugin. -->","yoast_head_json":{"title":"Exposici\u00f3 retrats 15 anys - Festival Cru\u00eflla","robots":{"index":"index","follow":"follow","max-snippet":"max-snippet:-1","max-image-preview":"max-image-preview:large","max-video-preview":"max-video-preview:-1"},"canonical":"https:\/\/www.cruillabarcelona.cat\/es\/exposicio-retrats-15-anys\/","og_locale":"es_ES","og_type":"article","og_title":"Exposici\u00f3 retrats 15 anys - Festival Cru\u00eflla","og_description":"FENT HIST\u00d2RIA A CADA TRA\u00c7: LA EXPOSICI\u00d3N DE RETATOS DE LOS 15 A\u00d1OS DEL FESTIVAL CRU\u00cfLLA Desde sus inicios, el Festival Cru\u00eflla no s\u00f3lo ha complementado [&hellip;]","og_url":"https:\/\/www.cruillabarcelona.cat\/es\/exposicio-retrats-15-anys\/","og_site_name":"Festival Cru\u00eflla","article_modified_time":"2025-07-10T15:10:00+00:00","twitter_card":"summary_large_image","twitter_misc":{"Tiempo de lectura":"2 minutos"},"schema":{"@context":"https:\/\/schema.org","@graph":[{"@type":"WebPage","@id":"https:\/\/www.cruillabarcelona.cat\/es\/exposicio-retrats-15-anys\/","url":"https:\/\/www.cruillabarcelona.cat\/es\/exposicio-retrats-15-anys\/","name":"Exposici\u00f3 retrats 15 anys - Festival Cru\u00eflla","isPartOf":{"@id":"https:\/\/www.cruillabarcelona.cat\/es\/#website"},"datePublished":"2025-07-07T15:35:17+00:00","dateModified":"2025-07-10T15:10:00+00:00","breadcrumb":{"@id":"https:\/\/www.cruillabarcelona.cat\/es\/exposicio-retrats-15-anys\/#breadcrumb"},"inLanguage":"es","potentialAction":[{"@type":"ReadAction","target":["https:\/\/www.cruillabarcelona.cat\/es\/exposicio-retrats-15-anys\/"]}]},{"@type":"BreadcrumbList","@id":"https:\/\/www.cruillabarcelona.cat\/es\/exposicio-retrats-15-anys\/#breadcrumb","itemListElement":[{"@type":"ListItem","position":1,"name":"Home","item":"https:\/\/www.cruillabarcelona.cat\/es\/"},{"@type":"ListItem","position":2,"name":"Exposici\u00f3 retrats 15 anys"}]},{"@type":"WebSite","@id":"https:\/\/www.cruillabarcelona.cat\/es\/#website","url":"https:\/\/www.cruillabarcelona.cat\/es\/","name":"Festival Cru\u00eflla","description":"","publisher":{"@id":"https:\/\/www.cruillabarcelona.cat\/es\/#organization"},"potentialAction":[{"@type":"SearchAction","target":{"@type":"EntryPoint","urlTemplate":"https:\/\/www.cruillabarcelona.cat\/es\/?s={search_term_string}"},"query-input":{"@type":"PropertyValueSpecification","valueRequired":true,"valueName":"search_term_string"}}],"inLanguage":"es"},{"@type":"Organization","@id":"https:\/\/www.cruillabarcelona.cat\/es\/#organization","name":"Festival Cru\u00eflla","url":"https:\/\/www.cruillabarcelona.cat\/es\/","logo":{"@type":"ImageObject","inLanguage":"es","@id":"https:\/\/www.cruillabarcelona.cat\/es\/#\/schema\/logo\/image\/","url":"https:\/\/www.cruillabarcelona.cat\/wp-content\/uploads\/2025\/12\/cruill-logo-negativo.png","contentUrl":"https:\/\/www.cruillabarcelona.cat\/wp-content\/uploads\/2025\/12\/cruill-logo-negativo.png","width":400,"height":101,"caption":"Festival Cru\u00eflla"},"image":{"@id":"https:\/\/www.cruillabarcelona.cat\/es\/#\/schema\/logo\/image\/"}}]}},"_links":{"self":[{"href":"https:\/\/www.cruillabarcelona.cat\/es\/wp-json\/wp\/v2\/pages\/60079","targetHints":{"allow":["GET"]}}],"collection":[{"href":"https:\/\/www.cruillabarcelona.cat\/es\/wp-json\/wp\/v2\/pages"}],"about":[{"href":"https:\/\/www.cruillabarcelona.cat\/es\/wp-json\/wp\/v2\/types\/page"}],"author":[{"embeddable":true,"href":"https:\/\/www.cruillabarcelona.cat\/es\/wp-json\/wp\/v2\/users\/2"}],"replies":[{"embeddable":true,"href":"https:\/\/www.cruillabarcelona.cat\/es\/wp-json\/wp\/v2\/comments?post=60079"}],"version-history":[{"count":4,"href":"https:\/\/www.cruillabarcelona.cat\/es\/wp-json\/wp\/v2\/pages\/60079\/revisions"}],"predecessor-version":[{"id":60119,"href":"https:\/\/www.cruillabarcelona.cat\/es\/wp-json\/wp\/v2\/pages\/60079\/revisions\/60119"}],"wp:attachment":[{"href":"https:\/\/www.cruillabarcelona.cat\/es\/wp-json\/wp\/v2\/media?parent=60079"}],"curies":[{"name":"wp","href":"https:\/\/api.w.org\/{rel}","templated":true}]}}