{"id":61248,"date":"2025-11-14T11:54:18","date_gmt":"2025-11-14T09:54:18","guid":{"rendered":"https:\/\/www.cruillabarcelona.cat\/?page_id=61248"},"modified":"2025-11-14T14:40:57","modified_gmt":"2025-11-14T12:40:57","slug":"jovanotti-cruilla-2026","status":"publish","type":"page","link":"https:\/\/www.cruillabarcelona.cat\/es\/jovanotti-cruilla-2026\/","title":{"rendered":"\u00a1Jovanotti en el Festival Cru\u00eflla 2026!"},"content":{"rendered":"<h3 style=\"text-align: center;\">\u00a1S\u00ed s\u00ed, lo has le\u00eddo bien! \u00a1Jovanotti trae por fin su espectacular directo a Barcelona el s\u00e1bado 11 de julio!<\/h3>\n<p class=\"monday-block-1\" contenteditable=\"false\" data-monday-block-type=\"1\" data-monday-block-content=\"[{&quot;insert&quot;:&quot;Hay artistas que no son estrellas, sino fen\u00f3menos indescriptibles. \u00a1Y Jovanotti es el ejemplo perfecto! Ha logrado convertirse en una aut\u00e9ntica leyenda en Italia, con giras de 54 conciertos, todos sold out, y m\u00e1s de 600.000 espectadores. Esta magnitud \u2014incomparable con cualquier artista nacional de aqu\u00ed\u2014 lo ha convertido en una de las figuras m\u00e1s influyentes de la cultura de su pa\u00eds y, al mateix temps, hab\u00eda hecho imposible cumplir nuestro sue\u00f1o de traerlo al Festival Cru\u00eflla\u2026 hasta ahora: \u00a1Jovanotti llega por fin a casa nuestra!&quot;}]\" data-inline-monday=\"true\">Hay artistas que no son estrellas, sino <strong>fen\u00f3menos indescriptibles<\/strong>. \u00a1Y <strong>Jovanotti<\/strong> es el ejemplo perfecto! Ha logrado convertirse en una aut\u00e9ntica <strong>leyenda<\/strong> en Italia, con giras de 54 conciertos, todos sold out, y m\u00e1s de 600.000 espectadores. Esta magnitud \u2014incomparable con cualquier artista nacional de aqu\u00ed\u2014 lo ha convertido en una de las <strong>figuras m\u00e1s influyentes<\/strong> de la cultura de su pa\u00eds y, al mateix temps, hab\u00eda hecho imposible cumplir nuestro sue\u00f1o de traerlo al Festival Cru\u00eflla\u2026 hasta ahora:<strong> \u00a1Jovanotti llega por fin a casa nuestra!<\/strong><\/p>\n<p style=\"text-align: center;\"><em><b>Compra aqu\u00ed tus entradas o abonos para el Festival Cru\u00eflla 2026<\/b><\/em><\/p>\n<p style=\"text-align: center;\"><a class=\"efsbutton button \" target=\"_blank\">ENTRADAS<\/a><\/p>\n<p class=\"monday-block-1\" contenteditable=\"false\" data-monday-block-type=\"1\" data-monday-block-content=\"[{&quot;insert&quot;:&quot;Desde sus inicios en los a\u00f1os 80, Lorenzo Cherubini ha creado un estilo \u00fanico e inconfundible. Su m\u00fasica es la expresi\u00f3n sonora de mundos m\u00edticos proyectados en el mundo real, dando forma a una obra que combina sensibilidad art\u00edstica, energ\u00eda esc\u00e9nica y un firme compromiso social. Es un creador visionario, capaz de ofrecer experiencias inmersivas que trascienden el concepto tradicional de concierto y que han fascinado a miles de personas en Italia y en todo el mundo.&quot;}]\" data-inline-monday=\"true\">Desde sus inicios en los a\u00f1os 80, Lorenzo Cherubini ha creado un <strong>estilo \u00fanico e inconfundible.<\/strong> Su m\u00fasica es la expresi\u00f3n sonora de <strong>mundos m\u00edticos<\/strong> proyectados en el mundo real, dando forma a una obra que combina sensibilidad art\u00edstica, energ\u00eda esc\u00e9nica y un firme compromiso social. Es un creador visionario, capaz de ofrecer <strong>experiencias inmersivas<\/strong> que trascienden el concepto tradicional de concierto y que han fascinado a miles de personas en Italia y en todo el mundo.<\/p>\n<p style=\"text-align: center;\">[efsflexvideo type=\u00bbyoutube\u00bb url=\u00bbhttps:\/\/www.youtube.com\/watch?v=_SdfMJ3SKmI\u00bb allowfullscreen=\u00bbyes\u00bb widescreen=\u00bbyes\u00bb width=\u00bb420&#8243; height=\u00bb315&#8243;\/]<\/p>\n<p class=\"monday-block-1\" contenteditable=\"false\" data-monday-block-type=\"1\" data-monday-block-content=\"[{&quot;insert&quot;:&quot;Y ahora Jovanotti viene a atraparnos en el Festival Cru\u00eflla 2026, sum\u00e1ndose a un cartel con otros grandes nombres como Pixies, David Byrne, Rene\u00e9 Rapp, Two Door Cinema Club, Bomba Est\u00e9reo, Ezra Collective, etc., que promete una edici\u00f3n inolvidable del festival.&quot;}]\" data-inline-monday=\"true\">Y ahora Jovanotti viene a atraparnos en el<strong> Festival Cru\u00eflla 2026<\/strong>, sum\u00e1ndose a un cartel con otros grandes nombres como Pixies, David Byrne, Rene\u00e9 Rapp, Two Door Cinema Club, Bomba Est\u00e9reo, Ezra Collective, etc., que promete <strong>una edici\u00f3n inolvidable del festival.<\/strong><\/p>\n<p><img loading=\"lazy\" decoding=\"async\" width=\"2560\" height=\"1041\" class=\"size-full wp-image-61262 aligncenter\" src=\"https:\/\/www.cruillabarcelona.cat\/wp-content\/uploads\/2025\/11\/CE26_CartellDies_WebDesktop_ES-2-scaled.jpg\" alt=\"\" srcset=\"https:\/\/www.cruillabarcelona.cat\/wp-content\/uploads\/2025\/11\/CE26_CartellDies_WebDesktop_ES-2-scaled.jpg 2560w, https:\/\/www.cruillabarcelona.cat\/wp-content\/uploads\/2025\/11\/CE26_CartellDies_WebDesktop_ES-2-1024x416.jpg 1024w, https:\/\/www.cruillabarcelona.cat\/wp-content\/uploads\/2025\/11\/CE26_CartellDies_WebDesktop_ES-2-768x312.jpg 768w, https:\/\/www.cruillabarcelona.cat\/wp-content\/uploads\/2025\/11\/CE26_CartellDies_WebDesktop_ES-2-1536x625.jpg 1536w, https:\/\/www.cruillabarcelona.cat\/wp-content\/uploads\/2025\/11\/CE26_CartellDies_WebDesktop_ES-2-2048x833.jpg 2048w, https:\/\/www.cruillabarcelona.cat\/wp-content\/uploads\/2025\/11\/CE26_CartellDies_WebDesktop_ES-2-300x122.jpg 300w, https:\/\/www.cruillabarcelona.cat\/wp-content\/uploads\/2025\/11\/CE26_CartellDies_WebDesktop_ES-2-1500x610.jpg 1500w\" sizes=\"auto, (max-width: 2560px) 100vw, 2560px\" \/><\/p>\n<p>&nbsp;<\/p>\n","protected":false},"excerpt":{"rendered":"<p>\u00a1S\u00ed s\u00ed, lo has le\u00eddo bien! \u00a1Jovanotti trae por fin su espectacular directo a Barcelona el s\u00e1bado 11 de julio! Hay artistas que no son estrellas, [&hellip;]<\/p>\n","protected":false},"author":2,"featured_media":61274,"parent":0,"menu_order":0,"comment_status":"closed","ping_status":"closed","template":"page-templates\/page-landing.php","meta":{"_acf_changed":false,"footnotes":""},"class_list":["post-61248","page","type-page","status-publish","has-post-thumbnail","hentry"],"acf":[],"yoast_head":"<!-- This site is optimized with the Yoast SEO plugin v27.3 - https:\/\/yoast.com\/product\/yoast-seo-wordpress\/ -->\n<title>\u00a1Jovanotti en concierto el 11 de julio en el Festival Cru\u00eflla 2026!<\/title>\n<meta name=\"description\" content=\"Compra entradas para el concierto de Jovanotti y muchos m\u00e1s en el Festival Cru\u00eflla 2026, el 11 de julio en el Parc del F\u00f2rum de Barcelona.\" \/>\n<meta name=\"robots\" content=\"index, follow, max-snippet:-1, max-image-preview:large, max-video-preview:-1\" \/>\n<link rel=\"canonical\" href=\"https:\/\/www.cruillabarcelona.cat\/es\/jovanotti-cruilla-2026\/\" \/>\n<meta property=\"og:locale\" content=\"es_ES\" \/>\n<meta property=\"og:type\" content=\"article\" \/>\n<meta property=\"og:title\" content=\"\u00a1Jovanotti en concierto el 11 de julio en el Festival Cru\u00eflla 2026!\" \/>\n<meta property=\"og:description\" content=\"Compra entradas para el concierto de Jovanotti y muchos m\u00e1s en el Festival Cru\u00eflla 2026, el 11 de julio en el Parc del F\u00f2rum de Barcelona.\" \/>\n<meta property=\"og:url\" content=\"https:\/\/www.cruillabarcelona.cat\/es\/jovanotti-cruilla-2026\/\" \/>\n<meta property=\"og:site_name\" content=\"Festival Cru\u00eflla\" \/>\n<meta property=\"article:modified_time\" content=\"2025-11-14T12:40:57+00:00\" \/>\n<meta property=\"og:image\" content=\"https:\/\/www.cruillabarcelona.cat\/wp-content\/uploads\/2025\/11\/maikid_43_verona-3794-Enhanced-NR-scaled.jpg\" \/>\n\t<meta property=\"og:image:width\" content=\"2560\" \/>\n\t<meta property=\"og:image:height\" content=\"1707\" \/>\n\t<meta property=\"og:image:type\" content=\"image\/jpeg\" \/>\n<meta name=\"twitter:card\" content=\"summary_large_image\" \/>\n<meta name=\"twitter:label1\" content=\"Tiempo de lectura\" \/>\n\t<meta name=\"twitter:data1\" content=\"2 minutos\" \/>\n<script type=\"application\/ld+json\" class=\"yoast-schema-graph\">{\"@context\":\"https:\\\/\\\/schema.org\",\"@graph\":[{\"@type\":\"WebPage\",\"@id\":\"https:\\\/\\\/www.cruillabarcelona.cat\\\/es\\\/jovanotti-cruilla-2026\\\/\",\"url\":\"https:\\\/\\\/www.cruillabarcelona.cat\\\/es\\\/jovanotti-cruilla-2026\\\/\",\"name\":\"\u00a1Jovanotti en concierto el 11 de julio en el Festival Cru\u00eflla 2026!\",\"isPartOf\":{\"@id\":\"https:\\\/\\\/www.cruillabarcelona.cat\\\/es\\\/#website\"},\"primaryImageOfPage\":{\"@id\":\"https:\\\/\\\/www.cruillabarcelona.cat\\\/es\\\/jovanotti-cruilla-2026\\\/#primaryimage\"},\"image\":{\"@id\":\"https:\\\/\\\/www.cruillabarcelona.cat\\\/es\\\/jovanotti-cruilla-2026\\\/#primaryimage\"},\"thumbnailUrl\":\"https:\\\/\\\/www.cruillabarcelona.cat\\\/wp-content\\\/uploads\\\/2025\\\/11\\\/maikid_43_verona-3794-Enhanced-NR-scaled.jpg\",\"datePublished\":\"2025-11-14T09:54:18+00:00\",\"dateModified\":\"2025-11-14T12:40:57+00:00\",\"description\":\"Compra entradas para el concierto de Jovanotti y muchos m\u00e1s en el Festival Cru\u00eflla 2026, el 11 de julio en el Parc del F\u00f2rum de Barcelona.\",\"breadcrumb\":{\"@id\":\"https:\\\/\\\/www.cruillabarcelona.cat\\\/es\\\/jovanotti-cruilla-2026\\\/#breadcrumb\"},\"inLanguage\":\"es\",\"potentialAction\":[{\"@type\":\"ReadAction\",\"target\":[\"https:\\\/\\\/www.cruillabarcelona.cat\\\/es\\\/jovanotti-cruilla-2026\\\/\"]}]},{\"@type\":\"ImageObject\",\"inLanguage\":\"es\",\"@id\":\"https:\\\/\\\/www.cruillabarcelona.cat\\\/es\\\/jovanotti-cruilla-2026\\\/#primaryimage\",\"url\":\"https:\\\/\\\/www.cruillabarcelona.cat\\\/wp-content\\\/uploads\\\/2025\\\/11\\\/maikid_43_verona-3794-Enhanced-NR-scaled.jpg\",\"contentUrl\":\"https:\\\/\\\/www.cruillabarcelona.cat\\\/wp-content\\\/uploads\\\/2025\\\/11\\\/maikid_43_verona-3794-Enhanced-NR-scaled.jpg\",\"width\":2560,\"height\":1707},{\"@type\":\"BreadcrumbList\",\"@id\":\"https:\\\/\\\/www.cruillabarcelona.cat\\\/es\\\/jovanotti-cruilla-2026\\\/#breadcrumb\",\"itemListElement\":[{\"@type\":\"ListItem\",\"position\":1,\"name\":\"Home\",\"item\":\"https:\\\/\\\/www.cruillabarcelona.cat\\\/es\\\/\"},{\"@type\":\"ListItem\",\"position\":2,\"name\":\"\u00a1Jovanotti en el Festival Cru\u00eflla 2026!\"}]},{\"@type\":\"WebSite\",\"@id\":\"https:\\\/\\\/www.cruillabarcelona.cat\\\/es\\\/#website\",\"url\":\"https:\\\/\\\/www.cruillabarcelona.cat\\\/es\\\/\",\"name\":\"Festival Cru\u00eflla\",\"description\":\"\",\"publisher\":{\"@id\":\"https:\\\/\\\/www.cruillabarcelona.cat\\\/es\\\/#organization\"},\"potentialAction\":[{\"@type\":\"SearchAction\",\"target\":{\"@type\":\"EntryPoint\",\"urlTemplate\":\"https:\\\/\\\/www.cruillabarcelona.cat\\\/es\\\/?s={search_term_string}\"},\"query-input\":{\"@type\":\"PropertyValueSpecification\",\"valueRequired\":true,\"valueName\":\"search_term_string\"}}],\"inLanguage\":\"es\"},{\"@type\":\"Organization\",\"@id\":\"https:\\\/\\\/www.cruillabarcelona.cat\\\/es\\\/#organization\",\"name\":\"Festival Cru\u00eflla\",\"url\":\"https:\\\/\\\/www.cruillabarcelona.cat\\\/es\\\/\",\"logo\":{\"@type\":\"ImageObject\",\"inLanguage\":\"es\",\"@id\":\"https:\\\/\\\/www.cruillabarcelona.cat\\\/es\\\/#\\\/schema\\\/logo\\\/image\\\/\",\"url\":\"https:\\\/\\\/www.cruillabarcelona.cat\\\/wp-content\\\/uploads\\\/2025\\\/12\\\/cruill-logo-negativo.png\",\"contentUrl\":\"https:\\\/\\\/www.cruillabarcelona.cat\\\/wp-content\\\/uploads\\\/2025\\\/12\\\/cruill-logo-negativo.png\",\"width\":400,\"height\":101,\"caption\":\"Festival Cru\u00eflla\"},\"image\":{\"@id\":\"https:\\\/\\\/www.cruillabarcelona.cat\\\/es\\\/#\\\/schema\\\/logo\\\/image\\\/\"}}]}<\/script>\n<!-- \/ Yoast SEO plugin. -->","yoast_head_json":{"title":"\u00a1Jovanotti en concierto el 11 de julio en el Festival Cru\u00eflla 2026!","description":"Compra entradas para el concierto de Jovanotti y muchos m\u00e1s en el Festival Cru\u00eflla 2026, el 11 de julio en el Parc del F\u00f2rum de Barcelona.","robots":{"index":"index","follow":"follow","max-snippet":"max-snippet:-1","max-image-preview":"max-image-preview:large","max-video-preview":"max-video-preview:-1"},"canonical":"https:\/\/www.cruillabarcelona.cat\/es\/jovanotti-cruilla-2026\/","og_locale":"es_ES","og_type":"article","og_title":"\u00a1Jovanotti en concierto el 11 de julio en el Festival Cru\u00eflla 2026!","og_description":"Compra entradas para el concierto de Jovanotti y muchos m\u00e1s en el Festival Cru\u00eflla 2026, el 11 de julio en el Parc del F\u00f2rum de Barcelona.","og_url":"https:\/\/www.cruillabarcelona.cat\/es\/jovanotti-cruilla-2026\/","og_site_name":"Festival Cru\u00eflla","article_modified_time":"2025-11-14T12:40:57+00:00","og_image":[{"width":2560,"height":1707,"url":"https:\/\/www.cruillabarcelona.cat\/wp-content\/uploads\/2025\/11\/maikid_43_verona-3794-Enhanced-NR-scaled.jpg","type":"image\/jpeg"}],"twitter_card":"summary_large_image","twitter_misc":{"Tiempo de lectura":"2 minutos"},"schema":{"@context":"https:\/\/schema.org","@graph":[{"@type":"WebPage","@id":"https:\/\/www.cruillabarcelona.cat\/es\/jovanotti-cruilla-2026\/","url":"https:\/\/www.cruillabarcelona.cat\/es\/jovanotti-cruilla-2026\/","name":"\u00a1Jovanotti en concierto el 11 de julio en el Festival Cru\u00eflla 2026!","isPartOf":{"@id":"https:\/\/www.cruillabarcelona.cat\/es\/#website"},"primaryImageOfPage":{"@id":"https:\/\/www.cruillabarcelona.cat\/es\/jovanotti-cruilla-2026\/#primaryimage"},"image":{"@id":"https:\/\/www.cruillabarcelona.cat\/es\/jovanotti-cruilla-2026\/#primaryimage"},"thumbnailUrl":"https:\/\/www.cruillabarcelona.cat\/wp-content\/uploads\/2025\/11\/maikid_43_verona-3794-Enhanced-NR-scaled.jpg","datePublished":"2025-11-14T09:54:18+00:00","dateModified":"2025-11-14T12:40:57+00:00","description":"Compra entradas para el concierto de Jovanotti y muchos m\u00e1s en el Festival Cru\u00eflla 2026, el 11 de julio en el Parc del F\u00f2rum de Barcelona.","breadcrumb":{"@id":"https:\/\/www.cruillabarcelona.cat\/es\/jovanotti-cruilla-2026\/#breadcrumb"},"inLanguage":"es","potentialAction":[{"@type":"ReadAction","target":["https:\/\/www.cruillabarcelona.cat\/es\/jovanotti-cruilla-2026\/"]}]},{"@type":"ImageObject","inLanguage":"es","@id":"https:\/\/www.cruillabarcelona.cat\/es\/jovanotti-cruilla-2026\/#primaryimage","url":"https:\/\/www.cruillabarcelona.cat\/wp-content\/uploads\/2025\/11\/maikid_43_verona-3794-Enhanced-NR-scaled.jpg","contentUrl":"https:\/\/www.cruillabarcelona.cat\/wp-content\/uploads\/2025\/11\/maikid_43_verona-3794-Enhanced-NR-scaled.jpg","width":2560,"height":1707},{"@type":"BreadcrumbList","@id":"https:\/\/www.cruillabarcelona.cat\/es\/jovanotti-cruilla-2026\/#breadcrumb","itemListElement":[{"@type":"ListItem","position":1,"name":"Home","item":"https:\/\/www.cruillabarcelona.cat\/es\/"},{"@type":"ListItem","position":2,"name":"\u00a1Jovanotti en el Festival Cru\u00eflla 2026!"}]},{"@type":"WebSite","@id":"https:\/\/www.cruillabarcelona.cat\/es\/#website","url":"https:\/\/www.cruillabarcelona.cat\/es\/","name":"Festival Cru\u00eflla","description":"","publisher":{"@id":"https:\/\/www.cruillabarcelona.cat\/es\/#organization"},"potentialAction":[{"@type":"SearchAction","target":{"@type":"EntryPoint","urlTemplate":"https:\/\/www.cruillabarcelona.cat\/es\/?s={search_term_string}"},"query-input":{"@type":"PropertyValueSpecification","valueRequired":true,"valueName":"search_term_string"}}],"inLanguage":"es"},{"@type":"Organization","@id":"https:\/\/www.cruillabarcelona.cat\/es\/#organization","name":"Festival Cru\u00eflla","url":"https:\/\/www.cruillabarcelona.cat\/es\/","logo":{"@type":"ImageObject","inLanguage":"es","@id":"https:\/\/www.cruillabarcelona.cat\/es\/#\/schema\/logo\/image\/","url":"https:\/\/www.cruillabarcelona.cat\/wp-content\/uploads\/2025\/12\/cruill-logo-negativo.png","contentUrl":"https:\/\/www.cruillabarcelona.cat\/wp-content\/uploads\/2025\/12\/cruill-logo-negativo.png","width":400,"height":101,"caption":"Festival Cru\u00eflla"},"image":{"@id":"https:\/\/www.cruillabarcelona.cat\/es\/#\/schema\/logo\/image\/"}}]}},"_links":{"self":[{"href":"https:\/\/www.cruillabarcelona.cat\/es\/wp-json\/wp\/v2\/pages\/61248","targetHints":{"allow":["GET"]}}],"collection":[{"href":"https:\/\/www.cruillabarcelona.cat\/es\/wp-json\/wp\/v2\/pages"}],"about":[{"href":"https:\/\/www.cruillabarcelona.cat\/es\/wp-json\/wp\/v2\/types\/page"}],"author":[{"embeddable":true,"href":"https:\/\/www.cruillabarcelona.cat\/es\/wp-json\/wp\/v2\/users\/2"}],"replies":[{"embeddable":true,"href":"https:\/\/www.cruillabarcelona.cat\/es\/wp-json\/wp\/v2\/comments?post=61248"}],"version-history":[{"count":5,"href":"https:\/\/www.cruillabarcelona.cat\/es\/wp-json\/wp\/v2\/pages\/61248\/revisions"}],"predecessor-version":[{"id":61289,"href":"https:\/\/www.cruillabarcelona.cat\/es\/wp-json\/wp\/v2\/pages\/61248\/revisions\/61289"}],"wp:featuredmedia":[{"embeddable":true,"href":"https:\/\/www.cruillabarcelona.cat\/es\/wp-json\/wp\/v2\/media\/61274"}],"wp:attachment":[{"href":"https:\/\/www.cruillabarcelona.cat\/es\/wp-json\/wp\/v2\/media?parent=61248"}],"curies":[{"name":"wp","href":"https:\/\/api.w.org\/{rel}","templated":true}]}}