{"id":62713,"date":"2019-05-16T15:43:10","date_gmt":"2019-05-16T13:43:10","guid":{"rendered":"https:\/\/www.cruillabarcelona.cat\/comedia\/"},"modified":"2026-02-27T13:45:06","modified_gmt":"2026-02-27T11:45:06","slug":"comedia","status":"publish","type":"page","link":"https:\/\/www.cruillabarcelona.cat\/es\/comedia\/","title":{"rendered":"Cru\u00eflla Comedia"},"content":{"rendered":"\n<div class=\"wp-block-cover alignfull has-custom-content-position is-position-bottom-left\" style=\"min-height:600px;aspect-ratio:unset;\"><img loading=\"lazy\" decoding=\"async\" width=\"1500\" height=\"500\" class=\"wp-block-cover__image-background wp-image-56946 size-full\" alt=\"Cru\u00eflla com\u00e8dia\" src=\"https:\/\/www.cruillabarcelona.cat\/wp-content\/uploads\/2025\/03\/LandingWeb2.jpg\" data-object-fit=\"cover\" srcset=\"https:\/\/www.cruillabarcelona.cat\/wp-content\/uploads\/2025\/03\/LandingWeb2.jpg 1500w, https:\/\/www.cruillabarcelona.cat\/wp-content\/uploads\/2025\/03\/LandingWeb2-1024x341.jpg 1024w, https:\/\/www.cruillabarcelona.cat\/wp-content\/uploads\/2025\/03\/LandingWeb2-768x256.jpg 768w, https:\/\/www.cruillabarcelona.cat\/wp-content\/uploads\/2025\/03\/LandingWeb2-300x100.jpg 300w\" sizes=\"auto, (max-width: 1500px) 100vw, 1500px\" \/><span aria-hidden=\"true\" class=\"wp-block-cover__background has-background-dim-70 has-background-dim wp-block-cover__gradient-background has-background-gradient\" style=\"background:linear-gradient(0deg,rgb(0,0,0) 0%,rgba(0,0,0,0) 33%)\"><\/span><div class=\"wp-block-cover__inner-container is-layout-flow wp-block-cover-is-layout-flow\"><h2 style=\"text-transform:uppercase;\" class=\"has-link-color wp-elements-27ac821ea27ea6c200b651281d2825a2 wp-block-post-title has-text-color has-background-color has-xx-large-font-size\">Cru\u00eflla Comedia<\/h2><\/div><\/div>\n\n\n\n\n<div id=\"marquee-block_c63f762df9f1c52bb33267adf89c8dbe-6831\" class=\"marquee wp-elements-f5f4ca61ef48e2b72b7cbfd534d3237f has-background-color has-foreground-background-color\" style=\"margin:0;\">\n\n    <div class=\"content\">\n    <div class=\"acf-innerblocks-container\">\n\n<div class=\"wp-block-group is-nowrap is-layout-flex wp-container-core-group-is-layout-41c4bebd wp-block-group-is-layout-flex\" style=\"padding-top:0;padding-bottom:0\">\n<p class=\"has-text-align-left block__paragraph has-primary-color has-text-color has-link-color has-small-font-size wp-elements-21bf9b943a1431e18cea91c82d6fed29\" style=\"margin-top:0;margin-right:0;margin-bottom:0;margin-left:0;padding-top:0;padding-right:0;padding-bottom:0;padding-left:0\"><strong>M\u00daSICA<\/strong><\/p>\n\n\n\n\n<div class=\"icon-circle svg-icon disable-click-for-preview wp-elements-d0a3c00aaff51a51a7335f7ed0d9cbbd has-foreground-color solid tiny\">\n<svg class=\"icon\" viewBox=\"0 0 60 60\"><use xlink:href=\"#cruilla\"><\/use><\/svg><\/div>\n\n\n\n<p class=\"has-text-align-left block__paragraph has-primary-color has-text-color has-link-color has-small-font-size wp-elements-b9756c9464f6e7a37a2ba1405062f9f9\" style=\"margin-top:0;margin-right:0;margin-bottom:0;margin-left:0;padding-top:0;padding-right:0;padding-bottom:0;padding-left:0\"><strong>COM\u00c8DIA<\/strong><\/p>\n\n\n\n\n<div class=\"icon-circle svg-icon disable-click-for-preview wp-elements-d0a3c00aaff51a51a7335f7ed0d9cbbd has-foreground-color solid tiny\">\n<svg class=\"icon\" viewBox=\"0 0 60 60\"><use xlink:href=\"#cruilla\"><\/use><\/svg><\/div>\n\n\n\n<p class=\"has-text-align-left block__paragraph has-primary-color has-text-color has-link-color has-small-font-size wp-elements-db74b0bcff7e3d50d9a96c72d9f2ef3b\" style=\"margin-top:0;margin-right:0;margin-bottom:0;margin-left:0;padding-top:0;padding-right:0;padding-bottom:0;padding-left:0\"><strong>ARTS<\/strong><\/p>\n\n\n\n\n<div class=\"icon-circle svg-icon disable-click-for-preview wp-elements-d0a3c00aaff51a51a7335f7ed0d9cbbd has-foreground-color solid tiny\">\n<svg class=\"icon\" viewBox=\"0 0 60 60\"><use xlink:href=\"#cruilla\"><\/use><\/svg><\/div>\n\n\n\n<p class=\"has-text-align-left block__paragraph has-primary-color has-text-color has-link-color has-small-font-size wp-elements-5926a2bfa900bc860de86571225ca7c9\" style=\"margin-top:0;margin-right:0;margin-bottom:0;margin-left:0;padding-top:0;padding-right:0;padding-bottom:0;padding-left:0\"><strong>SOSTENIBILITAT<\/strong><\/p>\n\n\n\n\n<div class=\"icon-circle svg-icon disable-click-for-preview wp-elements-d0a3c00aaff51a51a7335f7ed0d9cbbd has-foreground-color solid tiny\">\n<svg class=\"icon\" viewBox=\"0 0 60 60\"><use xlink:href=\"#cruilla\"><\/use><\/svg><\/div>\n\n\n\n<p class=\"has-text-align-left block__paragraph has-primary-color has-text-color has-link-color has-small-font-size wp-elements-c25bcd1430a8b0e7d006327f2a56df16\" style=\"margin-top:0;margin-right:0;margin-bottom:0;margin-left:0;padding-top:0;padding-right:0;padding-bottom:0;padding-left:0\"><strong>Del 8 a l&#8217;11 de juliol<\/strong><\/p>\n\n\n\n\n<div class=\"icon-circle svg-icon disable-click-for-preview wp-elements-d0a3c00aaff51a51a7335f7ed0d9cbbd has-foreground-color solid tiny\">\n<svg class=\"icon\" viewBox=\"0 0 60 60\"><use xlink:href=\"#cruilla\"><\/use><\/svg><\/div>\n\n\n\n<p class=\"has-text-align-left block__paragraph has-primary-color has-text-color has-link-color has-small-font-size wp-elements-21bf9b943a1431e18cea91c82d6fed29\" style=\"margin-top:0;margin-right:0;margin-bottom:0;margin-left:0;padding-top:0;padding-right:0;padding-bottom:0;padding-left:0\"><strong>M\u00daSICA<\/strong><\/p>\n\n\n\n\n<div class=\"icon-circle svg-icon disable-click-for-preview wp-elements-eacfd610ed206c74092dc7b81685447d has-transparent-color solid tiny\">\n<svg class=\"icon\" viewBox=\"0 0 60 60\"><use xlink:href=\"#cruilla\"><\/use><\/svg><\/div>\n\n\n\n<p class=\"has-text-align-left block__paragraph has-primary-color has-text-color has-link-color has-small-font-size wp-elements-b9756c9464f6e7a37a2ba1405062f9f9\" style=\"margin-top:0;margin-right:0;margin-bottom:0;margin-left:0;padding-top:0;padding-right:0;padding-bottom:0;padding-left:0\"><strong>COM\u00c8DIA<\/strong><\/p>\n\n\n\n\n<div class=\"icon-circle svg-icon disable-click-for-preview wp-elements-d0a3c00aaff51a51a7335f7ed0d9cbbd has-foreground-color solid tiny\">\n<svg class=\"icon\" viewBox=\"0 0 60 60\"><use xlink:href=\"#cruilla\"><\/use><\/svg><\/div>\n\n\n\n<p class=\"has-text-align-left block__paragraph has-primary-color has-text-color has-link-color has-small-font-size wp-elements-db74b0bcff7e3d50d9a96c72d9f2ef3b\" style=\"margin-top:0;margin-right:0;margin-bottom:0;margin-left:0;padding-top:0;padding-right:0;padding-bottom:0;padding-left:0\"><strong>ARTS<\/strong><\/p>\n\n\n\n\n<div class=\"icon-circle svg-icon disable-click-for-preview wp-elements-d0a3c00aaff51a51a7335f7ed0d9cbbd has-foreground-color solid tiny\">\n<svg class=\"icon\" viewBox=\"0 0 60 60\"><use xlink:href=\"#cruilla\"><\/use><\/svg><\/div>\n\n\n\n<p class=\"has-text-align-left block__paragraph has-primary-color has-text-color has-link-color has-small-font-size wp-elements-5926a2bfa900bc860de86571225ca7c9\" style=\"margin-top:0;margin-right:0;margin-bottom:0;margin-left:0;padding-top:0;padding-right:0;padding-bottom:0;padding-left:0\"><strong>SOSTENIBILITAT<\/strong><\/p>\n\n\n\n\n<div class=\"icon-circle svg-icon disable-click-for-preview wp-elements-d0a3c00aaff51a51a7335f7ed0d9cbbd has-foreground-color solid tiny\">\n<svg class=\"icon\" viewBox=\"0 0 60 60\"><use xlink:href=\"#cruilla\"><\/use><\/svg><\/div>\n\n\n\n<p class=\"has-text-align-left block__paragraph has-primary-color has-text-color has-link-color has-small-font-size wp-elements-c25bcd1430a8b0e7d006327f2a56df16\" style=\"margin-top:0;margin-right:0;margin-bottom:0;margin-left:0;padding-top:0;padding-right:0;padding-bottom:0;padding-left:0\"><strong>Del 8 a l&#8217;11 de juliol<\/strong><\/p>\n\n\n\n\n<div class=\"icon-circle svg-icon disable-click-for-preview wp-elements-d0a3c00aaff51a51a7335f7ed0d9cbbd has-foreground-color solid tiny\">\n<svg class=\"icon\" viewBox=\"0 0 60 60\"><use xlink:href=\"#cruilla\"><\/use><\/svg><\/div>\n<\/div>\n\n<\/div>    <\/div>\n\n\n\n<\/div>\n\n<script>\n    document.addEventListener(\"DOMContentLoaded\", function () {\n        function Marquee(selector, speed) {\n        const parentSelector = document.querySelector(selector);\n        const clone = parentSelector.innerHTML;\n        const firstElement = parentSelector.children[0];\n        let i = 0;\n        console.log(firstElement);\n        parentSelector.insertAdjacentHTML('beforeend', clone);\n        parentSelector.insertAdjacentHTML('beforeend', clone);\n\n        setInterval(function () {\n            firstElement.style.marginLeft = `-${i}px`;\n            if (i > firstElement.clientWidth) {\n                i = 0;\n            }\n            i = i + speed;\n        }, 0);\n    }\n\n    \/\/ After window is completed load\n    \/\/ 1) CLASS or ID selector for marquee\n    \/\/ 2) marquee speed 0.2\n    window.addEventListener('load', Marquee('#marquee-block_c63f762df9f1c52bb33267adf89c8dbe-6831', 0.2))\n    });\n<\/script>\n\n\n<div class=\"wp-block-group has-background-color has-foreground-background-color has-text-color has-background has-link-color wp-elements-a458f882131124d9828300a617b44e4a has-global-padding is-layout-constrained wp-container-core-group-is-layout-c5bbea69 wp-block-group-is-layout-constrained\">\n<h2 class=\"wp-block-heading has-extra-2-color has-text-color has-link-color has-x-large-font-size wp-elements-20bdb3623e004e4fdbb9052cbd776d6a\">\u00a1LA COMEDIA, SIETE A\u00d1OS SIENDO UNO DE LOS PILARES DEL FESTIVAL CRU\u00cfLLA!<\/h2>\n\n\n\n<div class=\"wp-block-columns is-layout-flex wp-container-core-columns-is-layout-f5a44f5b wp-block-columns-is-layout-flex\">\n<div class=\"wp-block-column is-layout-flow wp-block-column-is-layout-flow\">\n<p class=\"has-medium-font-size\">Aunque la m\u00fasica empez\u00f3 siendo el epicentro del\u00a0<strong>Festival<\/strong>\u00a0<strong>Cru\u00eflla<\/strong>, lo cierto es que desde nuestra primera edici\u00f3n hemos tenido mucho inter\u00e9s en incorporar otras disciplinas art\u00edsticas a la programaci\u00f3n, pasando por el circo o el arte urbano, entre otras muchas. En 2019, despu\u00e9s de detectar que gran parte de nuestro p\u00fablico empezaba a aficionarse a ella y que el\u00a0<strong>stand-up en catal\u00e1n<\/strong>\u00a0iba ganando terreno, \u00a1a\u00f1adimos la\u00a0<strong>comedia<\/strong>!<\/p>\n<\/div>\n\n\n\n<div class=\"wp-block-column is-layout-flow wp-block-column-is-layout-flow\">\n<p class=\"has-medium-font-size\">Con un cartel encabezado por grandes nombres del humor estatal como Valeria Ros, Susi Caramelo o Iggy Rub\u00edn y c\u00f3micos de la escena local que pronto se convertir\u00edan en referentes como Modgi, Tom\u00e1s Fuentes o Charlie Pee, el primer\u00a0<strong>Cru\u00eflla Comedy<\/strong>\u00a0aglutin\u00f3 dos d\u00edas de cr\u00edtica social, iron\u00eda fina, humor negro, bromas absurdas, an\u00e9cdotas personales y, en definitiva, de la mejor comedia para constatar que \u00e9sta ten\u00eda mucho\u00a0<strong>futuro<\/strong>\u00a0en el festival.<\/p>\n<\/div>\n<\/div>\n<\/div>\n\n\n\n<div class=\"wp-block-cover parallax-image-container\" style=\"margin-top:0;margin-bottom:0\"><img loading=\"lazy\" decoding=\"async\" width=\"1024\" height=\"683\" class=\"wp-block-cover__image-background wp-image-55334 size-large\" alt=\"\" src=\"https:\/\/www.cruillabarcelona.cat\/wp-content\/uploads\/2024\/10\/COMEDY-03552_PhotoMireiaLlaguno-1024x683.jpg\" data-object-fit=\"cover\" srcset=\"https:\/\/www.cruillabarcelona.cat\/wp-content\/uploads\/2024\/10\/COMEDY-03552_PhotoMireiaLlaguno-1024x683.jpg 1024w, https:\/\/www.cruillabarcelona.cat\/wp-content\/uploads\/2024\/10\/COMEDY-03552_PhotoMireiaLlaguno-768x512.jpg 768w, https:\/\/www.cruillabarcelona.cat\/wp-content\/uploads\/2024\/10\/COMEDY-03552_PhotoMireiaLlaguno-1536x1024.jpg 1536w, https:\/\/www.cruillabarcelona.cat\/wp-content\/uploads\/2024\/10\/COMEDY-03552_PhotoMireiaLlaguno-2048x1366.jpg 2048w, https:\/\/www.cruillabarcelona.cat\/wp-content\/uploads\/2024\/10\/COMEDY-03552_PhotoMireiaLlaguno-300x200.jpg 300w, https:\/\/www.cruillabarcelona.cat\/wp-content\/uploads\/2024\/10\/COMEDY-03552_PhotoMireiaLlaguno-1500x1000.jpg 1500w\" sizes=\"auto, (max-width: 1024px) 100vw, 1024px\" \/><span aria-hidden=\"true\" class=\"wp-block-cover__background has-foreground-background-color has-background-dim-0 has-background-dim\"><\/span><div class=\"wp-block-cover__inner-container is-layout-flow wp-block-cover-is-layout-flow\">\n<p class=\"has-text-align-center has-large-font-size\"><\/p>\n<\/div><\/div>\n\n\n\n<div class=\"wp-block-group has-background-color has-foreground-background-color has-text-color has-background has-link-color wp-elements-2790679cbabebb95bf4483aad73b24b3 has-global-padding is-layout-constrained wp-container-core-group-is-layout-bea02a06 wp-block-group-is-layout-constrained\">\n<p class=\"has-medium-font-size\">Sin embargo, al a\u00f1o siguiente, la&nbsp;<strong>pandemia<\/strong>&nbsp;nos oblig\u00f3 a reformular el festival y, en consecuencia, nuestra programaci\u00f3n de comedia. Durante los meses de julio y agosto m\u00e1s de una treintena de c\u00f3micos y c\u00f3micas actuaron en el&nbsp;<strong>Jard\u00ed del Museu Mar\u00edtim de Barcelona<\/strong>, \u200b\u200brecord\u00e1ndonos que, pase lo que pase, \u00a1siempre nos quedar\u00e1 el humor!<\/p>\n\n\n\n<p class=\"has-medium-font-size\">Desde 2021, con una edici\u00f3n que se acercaba m\u00e1s a la normalidad que hab\u00edamos vivido hasta entonces, hasta 2025, cuando celebramos nuestro decimoquinto aniversario, la comedia ha seguido presente en el Festival Cru\u00eflla con&nbsp;<strong>dos jornadas de stand-up<\/strong>, demostrando que esta disciplina se ha consolidado no s\u00f3lo como una parte&nbsp;<strong>imprescindible<\/strong>&nbsp;de nuestra programaci\u00f3n, sino de la oferta cultural de nuestro pa\u00eds.<\/p>\n<\/div>\n\n\n\n<div class=\"wp-block-cover parallax-image-container\" style=\"margin-top:0;margin-bottom:0\"><img loading=\"lazy\" decoding=\"async\" width=\"1024\" height=\"683\" class=\"wp-block-cover__image-background wp-image-52187 size-large\" alt=\"\" src=\"https:\/\/www.cruillabarcelona.cat\/wp-content\/uploads\/2024\/03\/COMEDY_230708_\u00a9eyesssence_111-1-1-1024x683.jpg\" data-object-fit=\"cover\" srcset=\"https:\/\/www.cruillabarcelona.cat\/wp-content\/uploads\/2024\/03\/COMEDY_230708_\u00a9eyesssence_111-1-1-1024x683.jpg 1024w, https:\/\/www.cruillabarcelona.cat\/wp-content\/uploads\/2024\/03\/COMEDY_230708_\u00a9eyesssence_111-1-1-768x512.jpg 768w, https:\/\/www.cruillabarcelona.cat\/wp-content\/uploads\/2024\/03\/COMEDY_230708_\u00a9eyesssence_111-1-1-1536x1024.jpg 1536w, https:\/\/www.cruillabarcelona.cat\/wp-content\/uploads\/2024\/03\/COMEDY_230708_\u00a9eyesssence_111-1-1-2048x1365.jpg 2048w, https:\/\/www.cruillabarcelona.cat\/wp-content\/uploads\/2024\/03\/COMEDY_230708_\u00a9eyesssence_111-1-1-300x200.jpg 300w, https:\/\/www.cruillabarcelona.cat\/wp-content\/uploads\/2024\/03\/COMEDY_230708_\u00a9eyesssence_111-1-1-1500x1000.jpg 1500w\" sizes=\"auto, (max-width: 1024px) 100vw, 1024px\" \/><span aria-hidden=\"true\" class=\"wp-block-cover__background has-foreground-background-color has-background-dim-0 has-background-dim\"><\/span><div class=\"wp-block-cover__inner-container is-layout-flow wp-block-cover-is-layout-flow\">\n<p class=\"has-text-align-center has-large-font-size\"><\/p>\n<\/div><\/div>\n\n\n\n<div class=\"wp-block-group has-background-color has-foreground-background-color has-text-color has-background has-link-color wp-elements-6913780c7bc70ce9b70b08de1ae9c16a has-global-padding is-layout-constrained wp-container-core-group-is-layout-bea02a06 wp-block-group-is-layout-constrained\">\n<p class=\"has-medium-font-size\">Fuera del festival de verano, en marzo de 2022 organizamos el&nbsp;<strong>In Risus Fest<\/strong>, durante el oto\u00f1o de 2023, 2024 y 2025 el festival&nbsp;<strong>Cru\u00eflla<\/strong>&nbsp;<strong>Com\u00e8dia<\/strong>, que en su tercera edici\u00f3n cambi\u00f3 de nombre a&nbsp;<strong>Festival<\/strong>&nbsp;<strong>Hil\u00e0ria<\/strong>. En estas ediciones apostamos por la creaci\u00f3n y el impulso de nuevos formatos de comedia, mayoritariamente en catal\u00e1n y totalmente in\u00e9ditos.<\/p>\n\n\n\n<p class=\"has-medium-font-size\">Adem\u00e1s, desde noviembre de 2024 gestionamos&nbsp;<strong>El<\/strong>&nbsp;<strong>Molino<\/strong>&nbsp;de Barcelona, \u200b\u200bla sala emblem\u00e1tica del Paral\u00b7lel, donde hemos ofrecido una programaci\u00f3n semanal de stand-up durante su primera temporada de la mano de&nbsp;<strong>Hil\u00e0ria<\/strong>, nuestro sello de comedia, desde el que organizamos espect\u00e1culos y acompa\u00f1amos un roster de humoristas en los suyos.<\/p>\n<\/div>\n\n\n\n<div class=\"wp-block-group has-extra-2-background-color has-background is-layout-flow wp-container-core-group-is-layout-f8ad9a2d wp-block-group-is-layout-flow\" style=\"margin-top:0;margin-bottom:0;padding-top:var(--wp--preset--spacing--60);padding-right:0;padding-bottom:var(--wp--preset--spacing--20);padding-left:0\">\n<h2 class=\"wp-block-heading has-text-align-center has-large-font-size\" style=\"text-transform:uppercase\">pronto: line up comedia 2026<\/h2>\n<\/div>\n\n\n\n<p><\/p>\n","protected":false},"excerpt":{"rendered":"<p>\u00a1LA COMEDIA, SIETE A\u00d1OS SIENDO UNO DE LOS PILARES DEL FESTIVAL CRU\u00cfLLA! Aunque la m\u00fasica empez\u00f3 siendo el epicentro del\u00a0Festival\u00a0Cru\u00eflla, lo cierto es que desde nuestra [&hellip;]<\/p>\n","protected":false},"author":2,"featured_media":24314,"parent":0,"menu_order":0,"comment_status":"closed","ping_status":"closed","template":"","meta":{"_acf_changed":false,"footnotes":""},"class_list":["post-62713","page","type-page","status-publish","has-post-thumbnail","hentry"],"acf":[],"yoast_head":"<!-- This site is optimized with the Yoast SEO plugin v27.3 - https:\/\/yoast.com\/product\/yoast-seo-wordpress\/ -->\n<title>Descobreix la programaci\u00f3 del Cru\u00eflla Comedy - Festival Cru\u00eflla<\/title>\n<meta name=\"robots\" content=\"index, follow, max-snippet:-1, max-image-preview:large, max-video-preview:-1\" \/>\n<link rel=\"canonical\" href=\"https:\/\/www.cruillabarcelona.cat\/es\/comedia\/\" \/>\n<meta property=\"og:locale\" content=\"es_ES\" \/>\n<meta property=\"og:type\" content=\"article\" \/>\n<meta property=\"og:title\" content=\"Descobreix la programaci\u00f3 del Cru\u00eflla Comedy - Festival Cru\u00eflla\" \/>\n<meta property=\"og:description\" content=\"\u00a1LA COMEDIA, SIETE A\u00d1OS SIENDO UNO DE LOS PILARES DEL FESTIVAL CRU\u00cfLLA! Aunque la m\u00fasica empez\u00f3 siendo el epicentro del\u00a0Festival\u00a0Cru\u00eflla, lo cierto es que desde nuestra [&hellip;]\" \/>\n<meta property=\"og:url\" content=\"https:\/\/www.cruillabarcelona.cat\/es\/comedia\/\" \/>\n<meta property=\"og:site_name\" content=\"Festival Cru\u00eflla\" \/>\n<meta property=\"article:modified_time\" content=\"2026-02-27T11:45:06+00:00\" \/>\n<meta property=\"og:image\" content=\"https:\/\/www.cruillabarcelona.cat\/wp-content\/uploads\/2019\/05\/PortadaWeb_Crui\u0308llaComedy7.jpg\" \/>\n\t<meta property=\"og:image:width\" content=\"6250\" \/>\n\t<meta property=\"og:image:height\" content=\"2083\" \/>\n\t<meta property=\"og:image:type\" content=\"image\/jpeg\" \/>\n<meta name=\"twitter:card\" content=\"summary_large_image\" \/>\n<meta name=\"twitter:label1\" content=\"Tiempo de lectura\" \/>\n\t<meta name=\"twitter:data1\" content=\"4 minutos\" \/>\n<script type=\"application\/ld+json\" class=\"yoast-schema-graph\">{\"@context\":\"https:\\\/\\\/schema.org\",\"@graph\":[{\"@type\":\"WebPage\",\"@id\":\"https:\\\/\\\/www.cruillabarcelona.cat\\\/es\\\/comedia\\\/\",\"url\":\"https:\\\/\\\/www.cruillabarcelona.cat\\\/es\\\/comedia\\\/\",\"name\":\"Descobreix la programaci\u00f3 del Cru\u00eflla Comedy - Festival Cru\u00eflla\",\"isPartOf\":{\"@id\":\"https:\\\/\\\/www.cruillabarcelona.cat\\\/es\\\/#website\"},\"primaryImageOfPage\":{\"@id\":\"https:\\\/\\\/www.cruillabarcelona.cat\\\/es\\\/comedia\\\/#primaryimage\"},\"image\":{\"@id\":\"https:\\\/\\\/www.cruillabarcelona.cat\\\/es\\\/comedia\\\/#primaryimage\"},\"thumbnailUrl\":\"https:\\\/\\\/www.cruillabarcelona.cat\\\/wp-content\\\/uploads\\\/2019\\\/05\\\/PortadaWeb_Crui\u0308llaComedy7.jpg\",\"datePublished\":\"2019-05-16T13:43:10+00:00\",\"dateModified\":\"2026-02-27T11:45:06+00:00\",\"breadcrumb\":{\"@id\":\"https:\\\/\\\/www.cruillabarcelona.cat\\\/es\\\/comedia\\\/#breadcrumb\"},\"inLanguage\":\"es\",\"potentialAction\":[{\"@type\":\"ReadAction\",\"target\":[\"https:\\\/\\\/www.cruillabarcelona.cat\\\/es\\\/comedia\\\/\"]}]},{\"@type\":\"ImageObject\",\"inLanguage\":\"es\",\"@id\":\"https:\\\/\\\/www.cruillabarcelona.cat\\\/es\\\/comedia\\\/#primaryimage\",\"url\":\"https:\\\/\\\/www.cruillabarcelona.cat\\\/wp-content\\\/uploads\\\/2019\\\/05\\\/PortadaWeb_Crui\u0308llaComedy7.jpg\",\"contentUrl\":\"https:\\\/\\\/www.cruillabarcelona.cat\\\/wp-content\\\/uploads\\\/2019\\\/05\\\/PortadaWeb_Crui\u0308llaComedy7.jpg\",\"width\":6250,\"height\":2083},{\"@type\":\"BreadcrumbList\",\"@id\":\"https:\\\/\\\/www.cruillabarcelona.cat\\\/es\\\/comedia\\\/#breadcrumb\",\"itemListElement\":[{\"@type\":\"ListItem\",\"position\":1,\"name\":\"Home\",\"item\":\"https:\\\/\\\/www.cruillabarcelona.cat\\\/es\\\/\"},{\"@type\":\"ListItem\",\"position\":2,\"name\":\"Cru\u00eflla Comedia\"}]},{\"@type\":\"WebSite\",\"@id\":\"https:\\\/\\\/www.cruillabarcelona.cat\\\/es\\\/#website\",\"url\":\"https:\\\/\\\/www.cruillabarcelona.cat\\\/es\\\/\",\"name\":\"Festival Cru\u00eflla\",\"description\":\"\",\"publisher\":{\"@id\":\"https:\\\/\\\/www.cruillabarcelona.cat\\\/es\\\/#organization\"},\"potentialAction\":[{\"@type\":\"SearchAction\",\"target\":{\"@type\":\"EntryPoint\",\"urlTemplate\":\"https:\\\/\\\/www.cruillabarcelona.cat\\\/es\\\/?s={search_term_string}\"},\"query-input\":{\"@type\":\"PropertyValueSpecification\",\"valueRequired\":true,\"valueName\":\"search_term_string\"}}],\"inLanguage\":\"es\"},{\"@type\":\"Organization\",\"@id\":\"https:\\\/\\\/www.cruillabarcelona.cat\\\/es\\\/#organization\",\"name\":\"Festival Cru\u00eflla\",\"url\":\"https:\\\/\\\/www.cruillabarcelona.cat\\\/es\\\/\",\"logo\":{\"@type\":\"ImageObject\",\"inLanguage\":\"es\",\"@id\":\"https:\\\/\\\/www.cruillabarcelona.cat\\\/es\\\/#\\\/schema\\\/logo\\\/image\\\/\",\"url\":\"https:\\\/\\\/www.cruillabarcelona.cat\\\/wp-content\\\/uploads\\\/2025\\\/12\\\/cruill-logo-negativo.png\",\"contentUrl\":\"https:\\\/\\\/www.cruillabarcelona.cat\\\/wp-content\\\/uploads\\\/2025\\\/12\\\/cruill-logo-negativo.png\",\"width\":400,\"height\":101,\"caption\":\"Festival Cru\u00eflla\"},\"image\":{\"@id\":\"https:\\\/\\\/www.cruillabarcelona.cat\\\/es\\\/#\\\/schema\\\/logo\\\/image\\\/\"}}]}<\/script>\n<!-- \/ Yoast SEO plugin. -->","yoast_head_json":{"title":"Descobreix la programaci\u00f3 del Cru\u00eflla Comedy - Festival Cru\u00eflla","robots":{"index":"index","follow":"follow","max-snippet":"max-snippet:-1","max-image-preview":"max-image-preview:large","max-video-preview":"max-video-preview:-1"},"canonical":"https:\/\/www.cruillabarcelona.cat\/es\/comedia\/","og_locale":"es_ES","og_type":"article","og_title":"Descobreix la programaci\u00f3 del Cru\u00eflla Comedy - Festival Cru\u00eflla","og_description":"\u00a1LA COMEDIA, SIETE A\u00d1OS SIENDO UNO DE LOS PILARES DEL FESTIVAL CRU\u00cfLLA! Aunque la m\u00fasica empez\u00f3 siendo el epicentro del\u00a0Festival\u00a0Cru\u00eflla, lo cierto es que desde nuestra [&hellip;]","og_url":"https:\/\/www.cruillabarcelona.cat\/es\/comedia\/","og_site_name":"Festival Cru\u00eflla","article_modified_time":"2026-02-27T11:45:06+00:00","og_image":[{"width":6250,"height":2083,"url":"https:\/\/www.cruillabarcelona.cat\/wp-content\/uploads\/2019\/05\/PortadaWeb_Crui\u0308llaComedy7.jpg","type":"image\/jpeg"}],"twitter_card":"summary_large_image","twitter_misc":{"Tiempo de lectura":"4 minutos"},"schema":{"@context":"https:\/\/schema.org","@graph":[{"@type":"WebPage","@id":"https:\/\/www.cruillabarcelona.cat\/es\/comedia\/","url":"https:\/\/www.cruillabarcelona.cat\/es\/comedia\/","name":"Descobreix la programaci\u00f3 del Cru\u00eflla Comedy - Festival Cru\u00eflla","isPartOf":{"@id":"https:\/\/www.cruillabarcelona.cat\/es\/#website"},"primaryImageOfPage":{"@id":"https:\/\/www.cruillabarcelona.cat\/es\/comedia\/#primaryimage"},"image":{"@id":"https:\/\/www.cruillabarcelona.cat\/es\/comedia\/#primaryimage"},"thumbnailUrl":"https:\/\/www.cruillabarcelona.cat\/wp-content\/uploads\/2019\/05\/PortadaWeb_Crui\u0308llaComedy7.jpg","datePublished":"2019-05-16T13:43:10+00:00","dateModified":"2026-02-27T11:45:06+00:00","breadcrumb":{"@id":"https:\/\/www.cruillabarcelona.cat\/es\/comedia\/#breadcrumb"},"inLanguage":"es","potentialAction":[{"@type":"ReadAction","target":["https:\/\/www.cruillabarcelona.cat\/es\/comedia\/"]}]},{"@type":"ImageObject","inLanguage":"es","@id":"https:\/\/www.cruillabarcelona.cat\/es\/comedia\/#primaryimage","url":"https:\/\/www.cruillabarcelona.cat\/wp-content\/uploads\/2019\/05\/PortadaWeb_Crui\u0308llaComedy7.jpg","contentUrl":"https:\/\/www.cruillabarcelona.cat\/wp-content\/uploads\/2019\/05\/PortadaWeb_Crui\u0308llaComedy7.jpg","width":6250,"height":2083},{"@type":"BreadcrumbList","@id":"https:\/\/www.cruillabarcelona.cat\/es\/comedia\/#breadcrumb","itemListElement":[{"@type":"ListItem","position":1,"name":"Home","item":"https:\/\/www.cruillabarcelona.cat\/es\/"},{"@type":"ListItem","position":2,"name":"Cru\u00eflla Comedia"}]},{"@type":"WebSite","@id":"https:\/\/www.cruillabarcelona.cat\/es\/#website","url":"https:\/\/www.cruillabarcelona.cat\/es\/","name":"Festival Cru\u00eflla","description":"","publisher":{"@id":"https:\/\/www.cruillabarcelona.cat\/es\/#organization"},"potentialAction":[{"@type":"SearchAction","target":{"@type":"EntryPoint","urlTemplate":"https:\/\/www.cruillabarcelona.cat\/es\/?s={search_term_string}"},"query-input":{"@type":"PropertyValueSpecification","valueRequired":true,"valueName":"search_term_string"}}],"inLanguage":"es"},{"@type":"Organization","@id":"https:\/\/www.cruillabarcelona.cat\/es\/#organization","name":"Festival Cru\u00eflla","url":"https:\/\/www.cruillabarcelona.cat\/es\/","logo":{"@type":"ImageObject","inLanguage":"es","@id":"https:\/\/www.cruillabarcelona.cat\/es\/#\/schema\/logo\/image\/","url":"https:\/\/www.cruillabarcelona.cat\/wp-content\/uploads\/2025\/12\/cruill-logo-negativo.png","contentUrl":"https:\/\/www.cruillabarcelona.cat\/wp-content\/uploads\/2025\/12\/cruill-logo-negativo.png","width":400,"height":101,"caption":"Festival Cru\u00eflla"},"image":{"@id":"https:\/\/www.cruillabarcelona.cat\/es\/#\/schema\/logo\/image\/"}}]}},"_links":{"self":[{"href":"https:\/\/www.cruillabarcelona.cat\/es\/wp-json\/wp\/v2\/pages\/62713","targetHints":{"allow":["GET"]}}],"collection":[{"href":"https:\/\/www.cruillabarcelona.cat\/es\/wp-json\/wp\/v2\/pages"}],"about":[{"href":"https:\/\/www.cruillabarcelona.cat\/es\/wp-json\/wp\/v2\/types\/page"}],"author":[{"embeddable":true,"href":"https:\/\/www.cruillabarcelona.cat\/es\/wp-json\/wp\/v2\/users\/2"}],"replies":[{"embeddable":true,"href":"https:\/\/www.cruillabarcelona.cat\/es\/wp-json\/wp\/v2\/comments?post=62713"}],"version-history":[{"count":1,"href":"https:\/\/www.cruillabarcelona.cat\/es\/wp-json\/wp\/v2\/pages\/62713\/revisions"}],"predecessor-version":[{"id":62715,"href":"https:\/\/www.cruillabarcelona.cat\/es\/wp-json\/wp\/v2\/pages\/62713\/revisions\/62715"}],"wp:featuredmedia":[{"embeddable":true,"href":"https:\/\/www.cruillabarcelona.cat\/es\/wp-json\/wp\/v2\/media\/24314"}],"wp:attachment":[{"href":"https:\/\/www.cruillabarcelona.cat\/es\/wp-json\/wp\/v2\/media?parent=62713"}],"curies":[{"name":"wp","href":"https:\/\/api.w.org\/{rel}","templated":true}]}}