{"id":62772,"date":"2019-02-26T10:34:09","date_gmt":"2019-02-26T08:34:09","guid":{"rendered":"https:\/\/www.cruillabarcelona.cat\/tickets\/"},"modified":"2026-03-25T12:18:09","modified_gmt":"2026-03-25T10:18:09","slug":"tickets","status":"publish","type":"page","link":"https:\/\/www.cruillabarcelona.cat\/es\/tickets\/","title":{"rendered":"Entradas del Festival Cru\u00eflla 2026"},"content":{"rendered":"\n<header class=\"wp-block-group has-foreground-background-color has-background is-layout-flow wp-block-group-is-layout-flow\" style=\"margin-top:0;margin-bottom:0\">\n<h1 class=\"wp-block-heading has-text-align-center has-primary-color has-text-color has-link-color has-large-font-size wp-elements-c106c97cba6d78df5a14a000064de839\" style=\"font-style:normal;font-weight:700;letter-spacing:0.5px\">ENTRADAS FESTIVAL CRU\u00cfLLA 2026<\/h1>\n\n\n\n<figure class=\"wp-block-image aligncenter size-full is-resized\"><img loading=\"lazy\" decoding=\"async\" width=\"1000\" height=\"200\" src=\"https:\/\/www.cruillabarcelona.cat\/wp-content\/uploads\/2025\/12\/CE26_PoweredbyFever_negative.png\" alt=\"\" class=\"wp-image-61710\" style=\"width:160px\" srcset=\"https:\/\/www.cruillabarcelona.cat\/wp-content\/uploads\/2025\/12\/CE26_PoweredbyFever_negative.png 1000w, https:\/\/www.cruillabarcelona.cat\/wp-content\/uploads\/2025\/12\/CE26_PoweredbyFever_negative-300x60.png 300w, https:\/\/www.cruillabarcelona.cat\/wp-content\/uploads\/2025\/12\/CE26_PoweredbyFever_negative-800x160.png 800w\" sizes=\"auto, (max-width: 1000px) 100vw, 1000px\" \/><\/figure>\n<\/header>\n\n\n\n<section class=\"wp-block-group has-foreground-background-color has-background has-global-padding is-layout-constrained wp-container-core-group-is-layout-16b7c3fd wp-block-group-is-layout-constrained\" style=\"margin-top:0;margin-bottom:0;padding-top:var(--wp--preset--spacing--30);padding-right:0;padding-bottom:var(--wp--preset--spacing--30);padding-left:0\">\n<div class=\"wp-block-columns is-layout-flex wp-container-core-columns-is-layout-ea69a204 wp-block-columns-is-layout-flex\">\n<div class=\"wp-block-column is-layout-flow wp-container-core-column-is-layout-f016c79b wp-block-column-is-layout-flow\" style=\"padding-top:0;padding-right:0;padding-bottom:0;padding-left:0;flex-basis:50%\"><\/div>\n<\/div>\n\n\n\n<div class=\"wp-block-columns is-layout-flex wp-container-core-columns-is-layout-ea69a204 wp-block-columns-is-layout-flex\">\n<div class=\"wp-block-column is-layout-flow wp-container-core-column-is-layout-f016c79b wp-block-column-is-layout-flow\" style=\"padding-top:0;padding-right:0;padding-bottom:0;padding-left:0;flex-basis:33.33%\">\n<div class=\"wp-block-group has-border-color has-foreground-border-color has-foreground-color has-pale-gray-background-color has-text-color has-background has-link-color wp-elements-8dbb3bccb735cdecc7a6c18a8549b668 wp-container-content-9cfa9a5a is-vertical is-content-justification-center is-layout-flex wp-container-core-group-is-layout-9e45bf12 wp-block-group-is-layout-flex\" style=\"border-width:1px;min-height:100%;margin-top:0;margin-bottom:0;padding-top:var(--wp--preset--spacing--30);padding-right:var(--wp--preset--spacing--30);padding-bottom:var(--wp--preset--spacing--30);padding-left:var(--wp--preset--spacing--30)\">\n<h2 class=\"wp-block-heading has-text-align-center has-large-font-size\" style=\"font-style:normal;font-weight:600;line-height:0.9;text-transform:uppercase\">AboN0<br>4 D\u00cdAS<\/h2>\n\n\n\n<p class=\"has-text-align-center has-medium-font-size\">Acceso a todos los d\u00edas del Cru\u00eflla 2026<\/p>\n\n\n\n<p class=\"has-text-align-center has-small-font-size\" style=\"font-style:normal;font-weight:600;letter-spacing:0.2px;text-transform:uppercase\">Pixies, David Byrne, Halsey, Faithless, Jovanotti y muchos m\u00e1s&#8230;<\/p>\n\n\n\n<div class=\"wp-block-group is-nowrap is-layout-flex wp-container-core-group-is-layout-6273275d wp-block-group-is-layout-flex\" style=\"padding-top:0;padding-bottom:0\">\n<p class=\"has-medium-large-font-size\">156\u20ac<\/p>\n\n\n\n<p>+ gastos<\/p>\n<\/div>\n\n\n\n\n<a href=\"https:\/\/tickets.oneboxtds.com\/cruilla\/select\/2556132\" target=\"_blank\" id=\"button-block_ad3342a41130c8441d5c3e666680e165\" class=\"button default expanded default\">\nComprar<\/a>\n\n<\/div>\n<\/div>\n\n\n\n<div class=\"wp-block-column is-layout-flow wp-container-core-column-is-layout-f016c79b wp-block-column-is-layout-flow\" style=\"padding-top:0;padding-right:0;padding-bottom:0;padding-left:0;flex-basis:33.33%\">\n<div class=\"wp-block-group has-border-color has-foreground-border-color has-foreground-color has-pale-gray-background-color has-text-color has-background has-link-color wp-elements-7f500ba0ed00650dd2f379bf3a61776b wp-container-content-9cfa9a5a is-vertical is-content-justification-center is-layout-flex wp-container-core-group-is-layout-9e45bf12 wp-block-group-is-layout-flex\" style=\"border-width:1px;min-height:100%;margin-top:0;margin-bottom:0;padding-top:var(--wp--preset--spacing--30);padding-right:var(--wp--preset--spacing--30);padding-bottom:var(--wp--preset--spacing--30);padding-left:var(--wp--preset--spacing--30)\">\n<h2 class=\"wp-block-heading has-text-align-center has-large-font-size\" style=\"font-style:normal;font-weight:600;line-height:0.9;text-transform:uppercase\">AboN0<br>3 D\u00cdAS<\/h2>\n\n\n\n<p class=\"has-text-align-center has-medium-font-size\" style=\"line-height:1.2\">Acceso jueves 9, viernes  10 y s\u00e1bado 11 de julio<\/p>\n\n\n\n<p class=\"has-text-align-center has-small-font-size\" style=\"font-style:normal;font-weight:600;letter-spacing:0.2px;text-transform:uppercase\">Pixies, David Byrne, Jovanotti, Faithless, Rigoberta Bandini y muchos m\u00e1s&#8230;<\/p>\n\n\n\n<div class=\"wp-block-group is-nowrap is-layout-flex wp-container-core-group-is-layout-6273275d wp-block-group-is-layout-flex\" style=\"padding-top:0;padding-bottom:0\">\n<p class=\"has-medium-large-font-size\">147\u20ac<\/p>\n\n\n\n<p>+ gastos<\/p>\n<\/div>\n\n\n\n\n<a href=\"https:\/\/tickets.oneboxtds.com\/cruilla\/select\/2637217?hl=ca-ES\" target=\"_self\" id=\"button-block_5869d9c2cf7ea9429f9cedb08571d1e2\" class=\"button default expanded default\">\nComprar<\/a>\n\n<\/div>\n<\/div>\n\n\n\n<div class=\"wp-block-column is-layout-flow wp-container-core-column-is-layout-f016c79b wp-block-column-is-layout-flow\" style=\"padding-top:0;padding-right:0;padding-bottom:0;padding-left:0;flex-basis:33.33%\">\n<div class=\"wp-block-group has-border-color has-foreground-border-color has-foreground-color has-pale-gray-background-color has-text-color has-background has-link-color wp-elements-e2ec80d917559662c2882fbc82efaa8d wp-container-content-9cfa9a5a is-vertical is-content-justification-center is-layout-flex wp-container-core-group-is-layout-9e45bf12 wp-block-group-is-layout-flex\" style=\"border-width:1px;min-height:100%;margin-top:0;margin-bottom:0;padding-top:var(--wp--preset--spacing--30);padding-right:var(--wp--preset--spacing--30);padding-bottom:var(--wp--preset--spacing--30);padding-left:var(--wp--preset--spacing--30)\">\n<h2 class=\"wp-block-heading has-text-align-center has-large-font-size\" style=\"font-style:normal;font-weight:600;line-height:0.9;text-transform:uppercase\">abono<br>Weekend<\/h2>\n\n\n\n<p class=\"has-text-align-center has-medium-font-size\" style=\"line-height:1.2\">Acceso viernes  10 y s\u00e1bado 11 de julio<\/p>\n\n\n\n<p class=\"has-text-align-center has-small-font-size\" style=\"font-style:normal;font-weight:600;letter-spacing:0.3px;text-transform:uppercase\">David Byrne, Two Door Cinema Club, Jovanotti, FAITHLESS, Bomba Est\u00e9reoy muchos m\u00e1s&#8230;<\/p>\n\n\n\n<div class=\"wp-block-group is-nowrap is-layout-flex wp-container-core-group-is-layout-6273275d wp-block-group-is-layout-flex\" style=\"padding-top:0;padding-bottom:0\">\n<p class=\"has-medium-large-font-size\">132\u20ac<\/p>\n\n\n\n<p>+ gastos<\/p>\n<\/div>\n\n\n\n\n<a href=\"https:\/\/tickets.oneboxtds.com\/cruilla\/select\/2556135?hl=ca-ES\" target=\"_self\" id=\"button-block_af5e96aa4528227f5e3c4e1a61c5efa0\" class=\"button default expanded default\">\nComprar<\/a>\n\n<\/div>\n<\/div>\n<\/div>\n\n\n\n<div class=\"wp-block-columns is-layout-flex wp-container-core-columns-is-layout-ea69a204 wp-block-columns-is-layout-flex\">\n<div class=\"wp-block-column is-layout-flow wp-container-core-column-is-layout-f016c79b wp-block-column-is-layout-flow\" style=\"padding-top:0;padding-right:0;padding-bottom:0;padding-left:0;flex-basis:25%\">\n<div class=\"wp-block-group has-border-color has-foreground-border-color has-foreground-color has-primary-background-color has-text-color has-background has-link-color wp-elements-8ab72da30aa9f814aeb72eabc87e1de7 wp-container-content-9cfa9a5a is-vertical is-content-justification-center is-layout-flex wp-container-core-group-is-layout-9e45bf12 wp-block-group-is-layout-flex\" style=\"border-width:1px;min-height:100%;margin-top:0;margin-bottom:0;padding-top:var(--wp--preset--spacing--30);padding-right:var(--wp--preset--spacing--30);padding-bottom:var(--wp--preset--spacing--30);padding-left:var(--wp--preset--spacing--30)\">\n<h2 class=\"wp-block-heading has-text-align-center has-medium-large-font-size\" style=\"font-style:normal;font-weight:600;letter-spacing:0.54px;text-transform:uppercase\">Entrada mi\u00e9rcoles<\/h2>\n\n\n\n<p class=\"has-text-align-center has-small-font-size\">Entrada v\u00e1lida para el 8 de julio de 2026<\/p>\n\n\n\n<p class=\"has-text-align-center has-x-small-font-size\" style=\"line-height:1.1;text-transform:uppercase\">Halsey, Sen Senra, Rene\u00e9 Rapp, Sigrid, Yami Safdie y muchos m\u00e1s&#8230;<\/p>\n\n\n\n<div class=\"wp-block-group is-nowrap is-layout-flex wp-container-core-group-is-layout-6273275d wp-block-group-is-layout-flex\" style=\"padding-top:0;padding-bottom:0\">\n<p class=\"has-medium-large-font-size\">75\u20ac<\/p>\n\n\n\n<p>+ gastos<\/p>\n<\/div>\n\n\n\n\n<a href=\"https:\/\/tickets.oneboxtds.com\/cruilla\/select\/2556128?hl=ca-ES\" target=\"_self\" id=\"button-block_df10c27f94dbddf6b2230c7a179365b1\" class=\"button black expanded default\">\nComprar<\/a>\n\n<\/div>\n<\/div>\n\n\n\n<div class=\"wp-block-column is-layout-flow wp-container-core-column-is-layout-f016c79b wp-block-column-is-layout-flow\" style=\"padding-top:0;padding-right:0;padding-bottom:0;padding-left:0;flex-basis:25%\">\n<div class=\"wp-block-group has-border-color has-foreground-border-color has-foreground-color has-primary-background-color has-text-color has-background has-link-color wp-elements-38bbee226a683a30df81776a0b26b2aa wp-container-content-9cfa9a5a is-vertical is-content-justification-center is-layout-flex wp-container-core-group-is-layout-9e45bf12 wp-block-group-is-layout-flex\" style=\"border-width:1px;min-height:100%;margin-top:0;margin-bottom:0;padding-top:var(--wp--preset--spacing--30);padding-right:var(--wp--preset--spacing--30);padding-bottom:var(--wp--preset--spacing--30);padding-left:var(--wp--preset--spacing--30)\">\n<h2 class=\"wp-block-heading has-text-align-center has-medium-large-font-size\" style=\"font-style:normal;font-weight:600;letter-spacing:0.5px;text-transform:uppercase\">Entrada jueves<\/h2>\n\n\n\n<p class=\"has-text-align-center has-small-font-size\">Entrada v\u00e1lida para el 9 de julio de 2026<\/p>\n\n\n\n<p class=\"has-text-align-center has-x-small-font-size\" style=\"line-height:1.1;text-transform:uppercase\">Pixies, Garbage, Suede, Mishima, Mazoni y muchos m\u00e1s&#8230;<\/p>\n\n\n\n<div class=\"wp-block-group is-nowrap is-layout-flex wp-container-core-group-is-layout-6273275d wp-block-group-is-layout-flex\" style=\"padding-top:0;padding-bottom:0\">\n<p class=\"has-medium-large-font-size\">78\u20ac<\/p>\n\n\n\n<p class=\"wp-container-content-9cfa9a5a\">+ gastos<\/p>\n<\/div>\n\n\n\n\n<a href=\"https:\/\/tickets.oneboxtds.com\/cruilla\/select\/2556129?hl=ca-ES\" target=\"_self\" id=\"button-block_ff7447b86ceaad0fe6d03329247fb514\" class=\"button black expanded default\">\nComprar<\/a>\n\n<\/div>\n<\/div>\n\n\n\n<div class=\"wp-block-column is-layout-flow wp-container-core-column-is-layout-f016c79b wp-block-column-is-layout-flow\" style=\"padding-top:0;padding-right:0;padding-bottom:0;padding-left:0;flex-basis:25%\">\n<div class=\"wp-block-group has-border-color has-foreground-border-color has-foreground-color has-primary-background-color has-text-color has-background has-link-color wp-elements-2f4007aa63ee3b81a53fa12bc8c3b3d5 wp-container-content-9cfa9a5a is-vertical is-content-justification-center is-layout-flex wp-container-core-group-is-layout-9e45bf12 wp-block-group-is-layout-flex\" style=\"border-width:1px;min-height:100%;margin-top:0;margin-bottom:0;padding-top:var(--wp--preset--spacing--30);padding-right:var(--wp--preset--spacing--30);padding-bottom:var(--wp--preset--spacing--30);padding-left:var(--wp--preset--spacing--30)\">\n<h2 class=\"wp-block-heading has-text-align-center has-medium-large-font-size\" style=\"font-style:normal;font-weight:600;letter-spacing:0.5px;text-transform:uppercase\">Entrada viernes<\/h2>\n\n\n\n<p class=\"has-text-align-center has-small-font-size\">Entrada v\u00e1lida para el 10 de julio de 2026<\/p>\n\n\n\n<p class=\"has-text-align-center has-x-small-font-size\" style=\"line-height:1.1;text-transform:uppercase\">the black crowes, bomba est\u00e9rio, ezra collective, ultraligera y muchos m\u00e1s&#8230;<\/p>\n\n\n\n<div class=\"wp-block-group is-nowrap is-layout-flex wp-container-core-group-is-layout-6273275d wp-block-group-is-layout-flex\" style=\"padding-top:0;padding-bottom:0\">\n<p class=\"has-medium-large-font-size\">87\u20ac<\/p>\n\n\n\n<p>+ gastos<\/p>\n<\/div>\n\n\n\n\n<a href=\"https:\/\/tickets.oneboxtds.com\/cruilla\/select\/2556130?hl=ca-ES\" target=\"_self\" id=\"button-block_27d8990bef3cf67552e34cb9f56c4757\" class=\"button black expanded default\">\nComprar<\/a>\n\n<\/div>\n<\/div>\n\n\n\n<div class=\"wp-block-column is-layout-flow wp-container-core-column-is-layout-f016c79b wp-block-column-is-layout-flow\" style=\"padding-top:0;padding-right:0;padding-bottom:0;padding-left:0;flex-basis:25%\">\n<div class=\"wp-block-group has-border-color has-foreground-border-color has-foreground-color has-primary-background-color has-text-color has-background has-link-color wp-elements-4c0cb1c2e4ac026f15ae2e3aeb8bcb03 wp-container-content-9cfa9a5a is-vertical is-content-justification-center is-layout-flex wp-container-core-group-is-layout-9e45bf12 wp-block-group-is-layout-flex\" style=\"border-width:1px;min-height:100%;margin-top:0;margin-bottom:0;padding-top:var(--wp--preset--spacing--30);padding-right:var(--wp--preset--spacing--30);padding-bottom:var(--wp--preset--spacing--30);padding-left:var(--wp--preset--spacing--30)\">\n<h2 class=\"wp-block-heading has-text-align-center has-medium-large-font-size\" style=\"font-style:normal;font-weight:600;letter-spacing:0.5px;text-transform:uppercase\">Entrada s\u00e1bado<\/h2>\n\n\n\n<p class=\"has-small-font-size\">Entrada v\u00e1lida para el 11de julio de 2026<\/p>\n\n\n\n<p class=\"has-text-align-center has-x-small-font-size\" style=\"line-height:1.1;text-transform:uppercase\">the hives, jovanotti, two door cinema club, jon batiste y muchos m\u00e1s&#8230;<\/p>\n\n\n\n<div class=\"wp-block-group is-nowrap is-layout-flex wp-container-core-group-is-layout-6273275d wp-block-group-is-layout-flex\" style=\"padding-top:0;padding-bottom:0\">\n<p class=\"has-medium-large-font-size\">87\u20ac<\/p>\n\n\n\n<p>+ gastos<\/p>\n<\/div>\n\n\n\n\n<a href=\"https:\/\/tickets.oneboxtds.com\/cruilla\/select\/2556131?hl=ca-ES\" target=\"_self\" id=\"button-block_6fad734c53da61030d23526373298066\" class=\"button black expanded default\">\nComprar<\/a>\n\n<\/div>\n<\/div>\n<\/div>\n<\/section>\n","protected":false},"excerpt":{"rendered":"<p>ENTRADAS FESTIVAL CRU\u00cfLLA 2026 AboN04 D\u00cdAS Acceso a todos los d\u00edas del Cru\u00eflla 2026 Pixies, David Byrne, Halsey, Faithless, Jovanotti y muchos m\u00e1s&#8230; 156\u20ac + gastos [&hellip;]<\/p>\n","protected":false},"author":2,"featured_media":0,"parent":0,"menu_order":0,"comment_status":"closed","ping_status":"closed","template":"","meta":{"_acf_changed":false,"footnotes":""},"class_list":["post-62772","page","type-page","status-publish","hentry"],"acf":[],"yoast_head":"<!-- This site is optimized with the Yoast SEO plugin v27.3 - https:\/\/yoast.com\/product\/yoast-seo-wordpress\/ -->\n<title>Compra entrades i abonaments del Festival Cru\u00eflla 2025<\/title>\n<meta name=\"description\" content=\"Compra entrades i abonaments per al Festival Cru\u00eflla 2025 a Barcelona, del 9 al 12 de juliol al Parc del F\u00f2rum.\" \/>\n<meta name=\"robots\" content=\"index, follow, max-snippet:-1, max-image-preview:large, max-video-preview:-1\" \/>\n<link rel=\"canonical\" href=\"https:\/\/www.cruillabarcelona.cat\/es\/tickets\/\" \/>\n<meta property=\"og:locale\" content=\"es_ES\" \/>\n<meta property=\"og:type\" content=\"article\" \/>\n<meta property=\"og:title\" content=\"Compra entrades i abonaments del Festival Cru\u00eflla 2025\" \/>\n<meta property=\"og:description\" content=\"Compra entrades i abonaments per al Festival Cru\u00eflla 2025 a Barcelona, del 9 al 12 de juliol al Parc del F\u00f2rum.\" \/>\n<meta property=\"og:url\" content=\"https:\/\/www.cruillabarcelona.cat\/es\/tickets\/\" \/>\n<meta property=\"og:site_name\" content=\"Festival Cru\u00eflla\" \/>\n<meta property=\"article:modified_time\" content=\"2026-03-25T10:18:09+00:00\" \/>\n<meta property=\"og:image\" content=\"https:\/\/www.cruillabarcelona.cat\/wp-content\/uploads\/2025\/12\/CE26_PoweredbyFever_negative.png\" \/>\n<meta name=\"twitter:card\" content=\"summary_large_image\" \/>\n<meta name=\"twitter:label1\" content=\"Tiempo de lectura\" \/>\n\t<meta name=\"twitter:data1\" content=\"2 minutos\" \/>\n<script type=\"application\/ld+json\" class=\"yoast-schema-graph\">{\"@context\":\"https:\\\/\\\/schema.org\",\"@graph\":[{\"@type\":\"WebPage\",\"@id\":\"https:\\\/\\\/www.cruillabarcelona.cat\\\/es\\\/tickets\\\/\",\"url\":\"https:\\\/\\\/www.cruillabarcelona.cat\\\/es\\\/tickets\\\/\",\"name\":\"Compra entrades i abonaments del Festival Cru\u00eflla 2025\",\"isPartOf\":{\"@id\":\"https:\\\/\\\/www.cruillabarcelona.cat\\\/es\\\/#website\"},\"primaryImageOfPage\":{\"@id\":\"https:\\\/\\\/www.cruillabarcelona.cat\\\/es\\\/tickets\\\/#primaryimage\"},\"image\":{\"@id\":\"https:\\\/\\\/www.cruillabarcelona.cat\\\/es\\\/tickets\\\/#primaryimage\"},\"thumbnailUrl\":\"https:\\\/\\\/www.cruillabarcelona.cat\\\/wp-content\\\/uploads\\\/2025\\\/12\\\/CE26_PoweredbyFever_negative.png\",\"datePublished\":\"2019-02-26T08:34:09+00:00\",\"dateModified\":\"2026-03-25T10:18:09+00:00\",\"description\":\"Compra entrades i abonaments per al Festival Cru\u00eflla 2025 a Barcelona, del 9 al 12 de juliol al Parc del F\u00f2rum.\",\"breadcrumb\":{\"@id\":\"https:\\\/\\\/www.cruillabarcelona.cat\\\/es\\\/tickets\\\/#breadcrumb\"},\"inLanguage\":\"es\",\"potentialAction\":[{\"@type\":\"ReadAction\",\"target\":[\"https:\\\/\\\/www.cruillabarcelona.cat\\\/es\\\/tickets\\\/\"]}]},{\"@type\":\"ImageObject\",\"inLanguage\":\"es\",\"@id\":\"https:\\\/\\\/www.cruillabarcelona.cat\\\/es\\\/tickets\\\/#primaryimage\",\"url\":\"https:\\\/\\\/www.cruillabarcelona.cat\\\/wp-content\\\/uploads\\\/2025\\\/12\\\/CE26_PoweredbyFever_negative.png\",\"contentUrl\":\"https:\\\/\\\/www.cruillabarcelona.cat\\\/wp-content\\\/uploads\\\/2025\\\/12\\\/CE26_PoweredbyFever_negative.png\"},{\"@type\":\"BreadcrumbList\",\"@id\":\"https:\\\/\\\/www.cruillabarcelona.cat\\\/es\\\/tickets\\\/#breadcrumb\",\"itemListElement\":[{\"@type\":\"ListItem\",\"position\":1,\"name\":\"Home\",\"item\":\"https:\\\/\\\/www.cruillabarcelona.cat\\\/es\\\/\"},{\"@type\":\"ListItem\",\"position\":2,\"name\":\"Entradas del Festival Cru\u00eflla 2026\"}]},{\"@type\":\"WebSite\",\"@id\":\"https:\\\/\\\/www.cruillabarcelona.cat\\\/es\\\/#website\",\"url\":\"https:\\\/\\\/www.cruillabarcelona.cat\\\/es\\\/\",\"name\":\"Festival Cru\u00eflla\",\"description\":\"\",\"publisher\":{\"@id\":\"https:\\\/\\\/www.cruillabarcelona.cat\\\/es\\\/#organization\"},\"potentialAction\":[{\"@type\":\"SearchAction\",\"target\":{\"@type\":\"EntryPoint\",\"urlTemplate\":\"https:\\\/\\\/www.cruillabarcelona.cat\\\/es\\\/?s={search_term_string}\"},\"query-input\":{\"@type\":\"PropertyValueSpecification\",\"valueRequired\":true,\"valueName\":\"search_term_string\"}}],\"inLanguage\":\"es\"},{\"@type\":\"Organization\",\"@id\":\"https:\\\/\\\/www.cruillabarcelona.cat\\\/es\\\/#organization\",\"name\":\"Festival Cru\u00eflla\",\"url\":\"https:\\\/\\\/www.cruillabarcelona.cat\\\/es\\\/\",\"logo\":{\"@type\":\"ImageObject\",\"inLanguage\":\"es\",\"@id\":\"https:\\\/\\\/www.cruillabarcelona.cat\\\/es\\\/#\\\/schema\\\/logo\\\/image\\\/\",\"url\":\"https:\\\/\\\/www.cruillabarcelona.cat\\\/wp-content\\\/uploads\\\/2025\\\/12\\\/cruill-logo-negativo.png\",\"contentUrl\":\"https:\\\/\\\/www.cruillabarcelona.cat\\\/wp-content\\\/uploads\\\/2025\\\/12\\\/cruill-logo-negativo.png\",\"width\":400,\"height\":101,\"caption\":\"Festival Cru\u00eflla\"},\"image\":{\"@id\":\"https:\\\/\\\/www.cruillabarcelona.cat\\\/es\\\/#\\\/schema\\\/logo\\\/image\\\/\"}}]}<\/script>\n<!-- \/ Yoast SEO plugin. -->","yoast_head_json":{"title":"Compra entrades i abonaments del Festival Cru\u00eflla 2025","description":"Compra entrades i abonaments per al Festival Cru\u00eflla 2025 a Barcelona, del 9 al 12 de juliol al Parc del F\u00f2rum.","robots":{"index":"index","follow":"follow","max-snippet":"max-snippet:-1","max-image-preview":"max-image-preview:large","max-video-preview":"max-video-preview:-1"},"canonical":"https:\/\/www.cruillabarcelona.cat\/es\/tickets\/","og_locale":"es_ES","og_type":"article","og_title":"Compra entrades i abonaments del Festival Cru\u00eflla 2025","og_description":"Compra entrades i abonaments per al Festival Cru\u00eflla 2025 a Barcelona, del 9 al 12 de juliol al Parc del F\u00f2rum.","og_url":"https:\/\/www.cruillabarcelona.cat\/es\/tickets\/","og_site_name":"Festival Cru\u00eflla","article_modified_time":"2026-03-25T10:18:09+00:00","og_image":[{"url":"https:\/\/www.cruillabarcelona.cat\/wp-content\/uploads\/2025\/12\/CE26_PoweredbyFever_negative.png","type":"","width":"","height":""}],"twitter_card":"summary_large_image","twitter_misc":{"Tiempo de lectura":"2 minutos"},"schema":{"@context":"https:\/\/schema.org","@graph":[{"@type":"WebPage","@id":"https:\/\/www.cruillabarcelona.cat\/es\/tickets\/","url":"https:\/\/www.cruillabarcelona.cat\/es\/tickets\/","name":"Compra entrades i abonaments del Festival Cru\u00eflla 2025","isPartOf":{"@id":"https:\/\/www.cruillabarcelona.cat\/es\/#website"},"primaryImageOfPage":{"@id":"https:\/\/www.cruillabarcelona.cat\/es\/tickets\/#primaryimage"},"image":{"@id":"https:\/\/www.cruillabarcelona.cat\/es\/tickets\/#primaryimage"},"thumbnailUrl":"https:\/\/www.cruillabarcelona.cat\/wp-content\/uploads\/2025\/12\/CE26_PoweredbyFever_negative.png","datePublished":"2019-02-26T08:34:09+00:00","dateModified":"2026-03-25T10:18:09+00:00","description":"Compra entrades i abonaments per al Festival Cru\u00eflla 2025 a Barcelona, del 9 al 12 de juliol al Parc del F\u00f2rum.","breadcrumb":{"@id":"https:\/\/www.cruillabarcelona.cat\/es\/tickets\/#breadcrumb"},"inLanguage":"es","potentialAction":[{"@type":"ReadAction","target":["https:\/\/www.cruillabarcelona.cat\/es\/tickets\/"]}]},{"@type":"ImageObject","inLanguage":"es","@id":"https:\/\/www.cruillabarcelona.cat\/es\/tickets\/#primaryimage","url":"https:\/\/www.cruillabarcelona.cat\/wp-content\/uploads\/2025\/12\/CE26_PoweredbyFever_negative.png","contentUrl":"https:\/\/www.cruillabarcelona.cat\/wp-content\/uploads\/2025\/12\/CE26_PoweredbyFever_negative.png"},{"@type":"BreadcrumbList","@id":"https:\/\/www.cruillabarcelona.cat\/es\/tickets\/#breadcrumb","itemListElement":[{"@type":"ListItem","position":1,"name":"Home","item":"https:\/\/www.cruillabarcelona.cat\/es\/"},{"@type":"ListItem","position":2,"name":"Entradas del Festival Cru\u00eflla 2026"}]},{"@type":"WebSite","@id":"https:\/\/www.cruillabarcelona.cat\/es\/#website","url":"https:\/\/www.cruillabarcelona.cat\/es\/","name":"Festival Cru\u00eflla","description":"","publisher":{"@id":"https:\/\/www.cruillabarcelona.cat\/es\/#organization"},"potentialAction":[{"@type":"SearchAction","target":{"@type":"EntryPoint","urlTemplate":"https:\/\/www.cruillabarcelona.cat\/es\/?s={search_term_string}"},"query-input":{"@type":"PropertyValueSpecification","valueRequired":true,"valueName":"search_term_string"}}],"inLanguage":"es"},{"@type":"Organization","@id":"https:\/\/www.cruillabarcelona.cat\/es\/#organization","name":"Festival Cru\u00eflla","url":"https:\/\/www.cruillabarcelona.cat\/es\/","logo":{"@type":"ImageObject","inLanguage":"es","@id":"https:\/\/www.cruillabarcelona.cat\/es\/#\/schema\/logo\/image\/","url":"https:\/\/www.cruillabarcelona.cat\/wp-content\/uploads\/2025\/12\/cruill-logo-negativo.png","contentUrl":"https:\/\/www.cruillabarcelona.cat\/wp-content\/uploads\/2025\/12\/cruill-logo-negativo.png","width":400,"height":101,"caption":"Festival Cru\u00eflla"},"image":{"@id":"https:\/\/www.cruillabarcelona.cat\/es\/#\/schema\/logo\/image\/"}}]}},"_links":{"self":[{"href":"https:\/\/www.cruillabarcelona.cat\/es\/wp-json\/wp\/v2\/pages\/62772","targetHints":{"allow":["GET"]}}],"collection":[{"href":"https:\/\/www.cruillabarcelona.cat\/es\/wp-json\/wp\/v2\/pages"}],"about":[{"href":"https:\/\/www.cruillabarcelona.cat\/es\/wp-json\/wp\/v2\/types\/page"}],"author":[{"embeddable":true,"href":"https:\/\/www.cruillabarcelona.cat\/es\/wp-json\/wp\/v2\/users\/2"}],"replies":[{"embeddable":true,"href":"https:\/\/www.cruillabarcelona.cat\/es\/wp-json\/wp\/v2\/comments?post=62772"}],"version-history":[{"count":4,"href":"https:\/\/www.cruillabarcelona.cat\/es\/wp-json\/wp\/v2\/pages\/62772\/revisions"}],"predecessor-version":[{"id":63922,"href":"https:\/\/www.cruillabarcelona.cat\/es\/wp-json\/wp\/v2\/pages\/62772\/revisions\/63922"}],"wp:attachment":[{"href":"https:\/\/www.cruillabarcelona.cat\/es\/wp-json\/wp\/v2\/media?parent=62772"}],"curies":[{"name":"wp","href":"https:\/\/api.w.org\/{rel}","templated":true}]}}