{"id":63355,"date":"2025-05-27T17:02:24","date_gmt":"2025-05-27T15:02:24","guid":{"rendered":"https:\/\/www.cruillabarcelona.cat\/compromis-social-2\/"},"modified":"2026-03-20T13:05:36","modified_gmt":"2026-03-20T11:05:36","slug":"compromis-social","status":"publish","type":"page","link":"https:\/\/www.cruillabarcelona.cat\/es\/compromis-social\/","title":{"rendered":"Compromiso Social"},"content":{"rendered":"\n<div class=\"wp-block-cover alignfull has-custom-content-position is-position-bottom-left\" style=\"min-height:600px;aspect-ratio:unset;\"><img loading=\"lazy\" decoding=\"async\" width=\"1024\" height=\"683\" class=\"wp-block-cover__image-background wp-image-60105 size-large\" alt=\"\" src=\"https:\/\/www.cruillabarcelona.cat\/wp-content\/uploads\/2025\/07\/Ambient__5__1174_PhotoXaviCaparros-1-1024x683.jpg\" data-object-fit=\"cover\" srcset=\"https:\/\/www.cruillabarcelona.cat\/wp-content\/uploads\/2025\/07\/Ambient__5__1174_PhotoXaviCaparros-1-1024x683.jpg 1024w, https:\/\/www.cruillabarcelona.cat\/wp-content\/uploads\/2025\/07\/Ambient__5__1174_PhotoXaviCaparros-1-768x512.jpg 768w, https:\/\/www.cruillabarcelona.cat\/wp-content\/uploads\/2025\/07\/Ambient__5__1174_PhotoXaviCaparros-1-1536x1025.jpg 1536w, https:\/\/www.cruillabarcelona.cat\/wp-content\/uploads\/2025\/07\/Ambient__5__1174_PhotoXaviCaparros-1-300x200.jpg 300w, https:\/\/www.cruillabarcelona.cat\/wp-content\/uploads\/2025\/07\/Ambient__5__1174_PhotoXaviCaparros-1-1500x1001.jpg 1500w, https:\/\/www.cruillabarcelona.cat\/wp-content\/uploads\/2025\/07\/Ambient__5__1174_PhotoXaviCaparros-1.jpg 1640w\" sizes=\"auto, (max-width: 1024px) 100vw, 1024px\" \/><span aria-hidden=\"true\" class=\"wp-block-cover__background has-background-dim-70 has-background-dim wp-block-cover__gradient-background has-background-gradient\" style=\"background:linear-gradient(0deg,rgb(0,0,0) 0%,rgba(0,0,0,0) 33%)\"><\/span><div class=\"wp-block-cover__inner-container is-layout-flow wp-block-cover-is-layout-flow\"><h1 style=\"text-transform:uppercase;\" class=\"has-link-color wp-elements-d50d56392787b2b9771553b219074ccb wp-block-post-title has-text-color has-background-color has-xx-large-font-size\">Compromiso Social<\/h1><\/div><\/div>\n\n\n\n<div class=\"wp-block-group has-background-color has-dark-gray-background-color has-text-color has-background has-link-color wp-elements-e3a6be303cf6f32e378c68c9947e4172 has-global-padding is-layout-constrained wp-block-group-is-layout-constrained\">\n<div class=\"wp-block-group has-global-padding is-layout-constrained wp-block-group-is-layout-constrained\">\n<p class=\"has-large-font-size\" style=\"line-height:1.2\">El p\u00fablico de Cru\u00eflla es tan diverso como su programaci\u00f3n, por eso nos comprometemos a&nbsp;<strong>responder a todas sus necesidades<\/strong>&nbsp;y a&nbsp;<strong>hacerlo accesible<\/strong>&nbsp;para todo tipo de realidades.<br><\/p>\n\n\n\n<p>Te explicamos todas las acciones que llevamos a cabo como festival para convertirlo en un espacio que invite a la reflexi\u00f3n, alimente el esp\u00edritu cr\u00edtico, sea abierto para todos y haga sentir como en casa a quien forme parte de \u00e9l.<br><\/p>\n\n\n\n<p>El compromiso social no es para nosotros una rama m\u00e1s del festival:&nbsp;<strong>es la ra\u00edz.<\/strong><\/p>\n\n\n\n<p><a href=\"https:\/\/www.cruillabarcelona.com\/es\/punto-violeta-no-callem\/\"><\/a><\/p>\n<\/div>\n\n\n\n<div class=\"wp-block-group has-border-color has-foreground-border-color has-foreground-color has-pale-gray-background-color has-text-color has-background has-link-color wp-elements-f324ea4b8de05bdd6d62ab389d995a8d wp-container-content-9cfa9a5a is-content-justification-left is-layout-flex wp-container-core-group-is-layout-b015ff19 wp-block-group-is-layout-flex\" style=\"border-width:1px;margin-top:var(--wp--preset--spacing--20);margin-bottom:var(--wp--preset--spacing--20);padding-top:var(--wp--preset--spacing--30);padding-right:var(--wp--preset--spacing--30);padding-bottom:var(--wp--preset--spacing--30);padding-left:var(--wp--preset--spacing--30)\">\n<div class=\"wp-block-columns are-vertically-aligned-center is-layout-flex wp-container-core-columns-is-layout-a4ccfc99 wp-block-columns-is-layout-flex\">\n<div class=\"wp-block-column is-vertically-aligned-center is-layout-flow wp-block-column-is-layout-flow\" style=\"flex-basis:20%\">\n<figure class=\"wp-block-image size-full\"><img loading=\"lazy\" decoding=\"async\" width=\"600\" height=\"600\" src=\"https:\/\/www.cruillabarcelona.cat\/wp-content\/uploads\/2026\/03\/no_calle_cruilla.jpeg\" alt=\"\" class=\"wp-image-63067\" style=\"aspect-ratio:1;object-fit:cover\" srcset=\"https:\/\/www.cruillabarcelona.cat\/wp-content\/uploads\/2026\/03\/no_calle_cruilla.jpeg 600w, https:\/\/www.cruillabarcelona.cat\/wp-content\/uploads\/2026\/03\/no_calle_cruilla-300x300.jpeg 300w, https:\/\/www.cruillabarcelona.cat\/wp-content\/uploads\/2026\/03\/no_calle_cruilla-150x150.jpeg 150w\" sizes=\"auto, (max-width: 600px) 100vw, 600px\" \/><\/figure>\n<\/div>\n\n\n\n<div class=\"wp-block-column is-vertically-aligned-center is-layout-flow wp-container-core-column-is-layout-f5bb311e wp-block-column-is-layout-flow\">\n<h2 class=\"wp-block-heading has-large-font-size\" style=\"text-transform:uppercase\">punt violeta y \u00abno callem\u00bb<\/h2>\n\n\n\n<p class=\"has-medium-small-font-size\" style=\"text-transform:none\">No toleramos ninguna actitud machista, LGTBIQf\u00f3bica, racista, capacitista ni cualquier otra que atente contra la seguridad, el bienestar y los derechos de los asistentes al festival.<br><\/p>\n<\/div>\n<\/div>\n<\/div>\n\n\n\n<div class=\"wp-block-group has-border-color has-foreground-border-color has-foreground-color has-pale-gray-background-color has-text-color has-background has-link-color wp-elements-51be772b2b03a555572fe86bfb98ed67 wp-container-content-9cfa9a5a is-content-justification-left is-layout-flex wp-container-core-group-is-layout-b015ff19 wp-block-group-is-layout-flex\" style=\"border-width:1px;margin-top:var(--wp--preset--spacing--20);margin-bottom:var(--wp--preset--spacing--20);padding-top:var(--wp--preset--spacing--30);padding-right:var(--wp--preset--spacing--30);padding-bottom:var(--wp--preset--spacing--30);padding-left:var(--wp--preset--spacing--30)\">\n<div class=\"wp-block-columns are-vertically-aligned-center is-layout-flex wp-container-core-columns-is-layout-a4ccfc99 wp-block-columns-is-layout-flex\">\n<div class=\"wp-block-column is-vertically-aligned-center is-layout-flow wp-block-column-is-layout-flow\" style=\"flex-basis:20%\">\n<figure class=\"wp-block-image size-full\"><img loading=\"lazy\" decoding=\"async\" width=\"600\" height=\"600\" src=\"https:\/\/www.cruillabarcelona.cat\/wp-content\/uploads\/2026\/03\/donatius_cruilla.jpg\" alt=\"\" class=\"wp-image-63064\" style=\"aspect-ratio:1;object-fit:cover\" srcset=\"https:\/\/www.cruillabarcelona.cat\/wp-content\/uploads\/2026\/03\/donatius_cruilla.jpg 600w, https:\/\/www.cruillabarcelona.cat\/wp-content\/uploads\/2026\/03\/donatius_cruilla-300x300.jpg 300w, https:\/\/www.cruillabarcelona.cat\/wp-content\/uploads\/2026\/03\/donatius_cruilla-150x150.jpg 150w\" sizes=\"auto, (max-width: 600px) 100vw, 600px\" \/><\/figure>\n<\/div>\n\n\n\n<div class=\"wp-block-column is-vertically-aligned-center is-layout-flow wp-container-core-column-is-layout-f5bb311e wp-block-column-is-layout-flow\">\n<h2 class=\"wp-block-heading has-large-font-size\" style=\"text-transform:uppercase\">donativos<\/h2>\n\n\n\n<p class=\"has-medium-small-font-size\" style=\"text-transform:none\">Este a\u00f1o donaremos los donativos recaudados de la venta de entradas y los sobrantes de las pulseras cashless a la ONG Gaza Solid\u00e0ria.<br><\/p>\n<\/div>\n<\/div>\n<\/div>\n\n\n\n<div class=\"wp-block-group has-border-color has-foreground-border-color has-foreground-color has-pale-gray-background-color has-text-color has-background has-link-color wp-elements-6f62cdc679f6148d7fdf14e86e090697 wp-container-content-9cfa9a5a is-content-justification-left is-layout-flex wp-container-core-group-is-layout-b015ff19 wp-block-group-is-layout-flex\" style=\"border-width:1px;margin-top:var(--wp--preset--spacing--20);margin-bottom:var(--wp--preset--spacing--20);padding-top:var(--wp--preset--spacing--30);padding-right:var(--wp--preset--spacing--30);padding-bottom:var(--wp--preset--spacing--30);padding-left:var(--wp--preset--spacing--30)\">\n<div class=\"wp-block-columns are-vertically-aligned-center is-layout-flex wp-container-core-columns-is-layout-a4ccfc99 wp-block-columns-is-layout-flex\">\n<div class=\"wp-block-column is-vertically-aligned-center is-layout-flow wp-block-column-is-layout-flow\" style=\"flex-basis:20%\">\n<figure class=\"wp-block-image size-full\"><img loading=\"lazy\" decoding=\"async\" width=\"600\" height=\"600\" src=\"https:\/\/www.cruillabarcelona.cat\/wp-content\/uploads\/2026\/03\/mesladis_cruillla.jpg\" alt=\"\" class=\"wp-image-63061\" style=\"aspect-ratio:1;object-fit:cover\" srcset=\"https:\/\/www.cruillabarcelona.cat\/wp-content\/uploads\/2026\/03\/mesladis_cruillla.jpg 600w, https:\/\/www.cruillabarcelona.cat\/wp-content\/uploads\/2026\/03\/mesladis_cruillla-300x300.jpg 300w, https:\/\/www.cruillabarcelona.cat\/wp-content\/uploads\/2026\/03\/mesladis_cruillla-150x150.jpg 150w\" sizes=\"auto, (max-width: 600px) 100vw, 600px\" \/><\/figure>\n<\/div>\n\n\n\n<div class=\"wp-block-column is-vertically-aligned-center is-layout-flow wp-container-core-column-is-layout-f5bb311e wp-block-column-is-layout-flow\">\n<h2 class=\"wp-block-heading has-large-font-size\" style=\"text-transform:uppercase\">catering social<\/h2>\n\n\n\n<p class=\"has-medium-small-font-size\" style=\"text-transform:none\">Mesclad\u00eds ofrece sus servicios de restauraci\u00f3n a los trabajadores y trabajadoras del festival durante los d\u00edas de montaje y celebraci\u00f3n.<br><br><\/p>\n<\/div>\n<\/div>\n<\/div>\n<\/div>\n\n\n\n<div class=\"wp-block-group has-dark-gray-background-color has-background has-global-padding is-layout-constrained wp-container-core-group-is-layout-1f2ec501 wp-block-group-is-layout-constrained\" style=\"padding-top:0px;padding-right:0;padding-bottom:60px;padding-left:0\">\n<div class=\"wp-block-group is-layout-grid wp-container-core-group-is-layout-9e477b14 wp-block-group-is-layout-grid\" style=\"padding-top:0;padding-bottom:0\">\n<figure class=\"wp-block-image\"><img loading=\"lazy\" decoding=\"async\" width=\"363\" height=\"363\" src=\"https:\/\/www.cruillabarcelona.cat\/wp-content\/uploads\/2025\/06\/ODS-5.jpg\" alt=\"\" class=\"wp-image-59689\" srcset=\"https:\/\/www.cruillabarcelona.cat\/wp-content\/uploads\/2025\/06\/ODS-5.jpg 363w, https:\/\/www.cruillabarcelona.cat\/wp-content\/uploads\/2025\/06\/ODS-5-150x150.jpg 150w, https:\/\/www.cruillabarcelona.cat\/wp-content\/uploads\/2025\/06\/ODS-5-300x300.jpg 300w\" sizes=\"auto, (max-width: 363px) 100vw, 363px\" \/><\/figure>\n\n\n\n<figure class=\"wp-block-image size-full\"><img loading=\"lazy\" decoding=\"async\" width=\"1181\" height=\"1181\" src=\"https:\/\/www.cruillabarcelona.cat\/wp-content\/uploads\/2025\/06\/ICONES-CATALA-10.jpg_722911700.jpg\" alt=\"\" class=\"wp-image-59686\" srcset=\"https:\/\/www.cruillabarcelona.cat\/wp-content\/uploads\/2025\/06\/ICONES-CATALA-10.jpg_722911700.jpg 1181w, https:\/\/www.cruillabarcelona.cat\/wp-content\/uploads\/2025\/06\/ICONES-CATALA-10.jpg_722911700-1024x1024.jpg 1024w, https:\/\/www.cruillabarcelona.cat\/wp-content\/uploads\/2025\/06\/ICONES-CATALA-10.jpg_722911700-150x150.jpg 150w, https:\/\/www.cruillabarcelona.cat\/wp-content\/uploads\/2025\/06\/ICONES-CATALA-10.jpg_722911700-768x768.jpg 768w, https:\/\/www.cruillabarcelona.cat\/wp-content\/uploads\/2025\/06\/ICONES-CATALA-10.jpg_722911700-300x300.jpg 300w, https:\/\/www.cruillabarcelona.cat\/wp-content\/uploads\/2025\/06\/ICONES-CATALA-10.jpg_722911700-600x600.jpg 600w\" sizes=\"auto, (max-width: 1181px) 100vw, 1181px\" \/><\/figure>\n\n\n\n<figure class=\"wp-block-image\"><img loading=\"lazy\" decoding=\"async\" width=\"250\" height=\"250\" src=\"https:\/\/www.cruillabarcelona.cat\/wp-content\/uploads\/2025\/06\/16.png\" alt=\"\" class=\"wp-image-59683\" srcset=\"https:\/\/www.cruillabarcelona.cat\/wp-content\/uploads\/2025\/06\/16.png 250w, https:\/\/www.cruillabarcelona.cat\/wp-content\/uploads\/2025\/06\/16-150x150.png 150w\" sizes=\"auto, (max-width: 250px) 100vw, 250px\" \/><\/figure>\n<\/div>\n<\/div>\n","protected":false},"excerpt":{"rendered":"<p>El p\u00fablico de Cru\u00eflla es tan diverso como su programaci\u00f3n, por eso nos comprometemos a&nbsp;responder a todas sus necesidades&nbsp;y a&nbsp;hacerlo accesible&nbsp;para todo tipo de realidades. Te [&hellip;]<\/p>\n","protected":false},"author":2,"featured_media":0,"parent":0,"menu_order":0,"comment_status":"closed","ping_status":"closed","template":"","meta":{"_acf_changed":false,"footnotes":""},"class_list":["post-63355","page","type-page","status-publish","hentry"],"acf":[],"yoast_head":"<!-- This site is optimized with the Yoast SEO plugin v27.3 - https:\/\/yoast.com\/product\/yoast-seo-wordpress\/ -->\n<title>Compromiso Social - Festival Cru\u00eflla<\/title>\n<meta name=\"robots\" content=\"index, follow, max-snippet:-1, max-image-preview:large, max-video-preview:-1\" \/>\n<link rel=\"canonical\" href=\"https:\/\/www.cruillabarcelona.cat\/es\/compromis-social\/\" \/>\n<meta property=\"og:locale\" content=\"es_ES\" \/>\n<meta property=\"og:type\" content=\"article\" \/>\n<meta property=\"og:title\" content=\"Compromiso Social - Festival Cru\u00eflla\" \/>\n<meta property=\"og:description\" content=\"El p\u00fablico de Cru\u00eflla es tan diverso como su programaci\u00f3n, por eso nos comprometemos a&nbsp;responder a todas sus necesidades&nbsp;y a&nbsp;hacerlo accesible&nbsp;para todo tipo de realidades. Te [&hellip;]\" \/>\n<meta property=\"og:url\" content=\"https:\/\/www.cruillabarcelona.cat\/es\/compromis-social\/\" \/>\n<meta property=\"og:site_name\" content=\"Festival Cru\u00eflla\" \/>\n<meta property=\"article:modified_time\" content=\"2026-03-20T11:05:36+00:00\" \/>\n<meta property=\"og:image\" content=\"https:\/\/www.cruillabarcelona.cat\/wp-content\/uploads\/2025\/07\/Ambient__5__1174_PhotoXaviCaparros-1-1024x683.jpg\" \/>\n<meta name=\"twitter:card\" content=\"summary_large_image\" \/>\n<meta name=\"twitter:label1\" content=\"Tiempo de lectura\" \/>\n\t<meta name=\"twitter:data1\" content=\"3 minutos\" \/>\n<script type=\"application\/ld+json\" class=\"yoast-schema-graph\">{\"@context\":\"https:\\\/\\\/schema.org\",\"@graph\":[{\"@type\":\"WebPage\",\"@id\":\"https:\\\/\\\/www.cruillabarcelona.cat\\\/es\\\/compromis-social\\\/\",\"url\":\"https:\\\/\\\/www.cruillabarcelona.cat\\\/es\\\/compromis-social\\\/\",\"name\":\"Compromiso Social - Festival Cru\u00eflla\",\"isPartOf\":{\"@id\":\"https:\\\/\\\/www.cruillabarcelona.cat\\\/es\\\/#website\"},\"primaryImageOfPage\":{\"@id\":\"https:\\\/\\\/www.cruillabarcelona.cat\\\/es\\\/compromis-social\\\/#primaryimage\"},\"image\":{\"@id\":\"https:\\\/\\\/www.cruillabarcelona.cat\\\/es\\\/compromis-social\\\/#primaryimage\"},\"thumbnailUrl\":\"https:\\\/\\\/www.cruillabarcelona.cat\\\/wp-content\\\/uploads\\\/2025\\\/07\\\/Ambient__5__1174_PhotoXaviCaparros-1-1024x683.jpg\",\"datePublished\":\"2025-05-27T15:02:24+00:00\",\"dateModified\":\"2026-03-20T11:05:36+00:00\",\"breadcrumb\":{\"@id\":\"https:\\\/\\\/www.cruillabarcelona.cat\\\/es\\\/compromis-social\\\/#breadcrumb\"},\"inLanguage\":\"es\",\"potentialAction\":[{\"@type\":\"ReadAction\",\"target\":[\"https:\\\/\\\/www.cruillabarcelona.cat\\\/es\\\/compromis-social\\\/\"]}]},{\"@type\":\"ImageObject\",\"inLanguage\":\"es\",\"@id\":\"https:\\\/\\\/www.cruillabarcelona.cat\\\/es\\\/compromis-social\\\/#primaryimage\",\"url\":\"https:\\\/\\\/www.cruillabarcelona.cat\\\/wp-content\\\/uploads\\\/2025\\\/07\\\/Ambient__5__1174_PhotoXaviCaparros-1-1024x683.jpg\",\"contentUrl\":\"https:\\\/\\\/www.cruillabarcelona.cat\\\/wp-content\\\/uploads\\\/2025\\\/07\\\/Ambient__5__1174_PhotoXaviCaparros-1-1024x683.jpg\"},{\"@type\":\"BreadcrumbList\",\"@id\":\"https:\\\/\\\/www.cruillabarcelona.cat\\\/es\\\/compromis-social\\\/#breadcrumb\",\"itemListElement\":[{\"@type\":\"ListItem\",\"position\":1,\"name\":\"Home\",\"item\":\"https:\\\/\\\/www.cruillabarcelona.cat\\\/es\\\/\"},{\"@type\":\"ListItem\",\"position\":2,\"name\":\"Compromiso Social\"}]},{\"@type\":\"WebSite\",\"@id\":\"https:\\\/\\\/www.cruillabarcelona.cat\\\/es\\\/#website\",\"url\":\"https:\\\/\\\/www.cruillabarcelona.cat\\\/es\\\/\",\"name\":\"Festival Cru\u00eflla\",\"description\":\"\",\"publisher\":{\"@id\":\"https:\\\/\\\/www.cruillabarcelona.cat\\\/es\\\/#organization\"},\"potentialAction\":[{\"@type\":\"SearchAction\",\"target\":{\"@type\":\"EntryPoint\",\"urlTemplate\":\"https:\\\/\\\/www.cruillabarcelona.cat\\\/es\\\/?s={search_term_string}\"},\"query-input\":{\"@type\":\"PropertyValueSpecification\",\"valueRequired\":true,\"valueName\":\"search_term_string\"}}],\"inLanguage\":\"es\"},{\"@type\":\"Organization\",\"@id\":\"https:\\\/\\\/www.cruillabarcelona.cat\\\/es\\\/#organization\",\"name\":\"Festival Cru\u00eflla\",\"url\":\"https:\\\/\\\/www.cruillabarcelona.cat\\\/es\\\/\",\"logo\":{\"@type\":\"ImageObject\",\"inLanguage\":\"es\",\"@id\":\"https:\\\/\\\/www.cruillabarcelona.cat\\\/es\\\/#\\\/schema\\\/logo\\\/image\\\/\",\"url\":\"https:\\\/\\\/www.cruillabarcelona.cat\\\/wp-content\\\/uploads\\\/2025\\\/12\\\/cruill-logo-negativo.png\",\"contentUrl\":\"https:\\\/\\\/www.cruillabarcelona.cat\\\/wp-content\\\/uploads\\\/2025\\\/12\\\/cruill-logo-negativo.png\",\"width\":400,\"height\":101,\"caption\":\"Festival Cru\u00eflla\"},\"image\":{\"@id\":\"https:\\\/\\\/www.cruillabarcelona.cat\\\/es\\\/#\\\/schema\\\/logo\\\/image\\\/\"}}]}<\/script>\n<!-- \/ Yoast SEO plugin. -->","yoast_head_json":{"title":"Compromiso Social - Festival Cru\u00eflla","robots":{"index":"index","follow":"follow","max-snippet":"max-snippet:-1","max-image-preview":"max-image-preview:large","max-video-preview":"max-video-preview:-1"},"canonical":"https:\/\/www.cruillabarcelona.cat\/es\/compromis-social\/","og_locale":"es_ES","og_type":"article","og_title":"Compromiso Social - Festival Cru\u00eflla","og_description":"El p\u00fablico de Cru\u00eflla es tan diverso como su programaci\u00f3n, por eso nos comprometemos a&nbsp;responder a todas sus necesidades&nbsp;y a&nbsp;hacerlo accesible&nbsp;para todo tipo de realidades. Te [&hellip;]","og_url":"https:\/\/www.cruillabarcelona.cat\/es\/compromis-social\/","og_site_name":"Festival Cru\u00eflla","article_modified_time":"2026-03-20T11:05:36+00:00","og_image":[{"url":"https:\/\/www.cruillabarcelona.cat\/wp-content\/uploads\/2025\/07\/Ambient__5__1174_PhotoXaviCaparros-1-1024x683.jpg","type":"","width":"","height":""}],"twitter_card":"summary_large_image","twitter_misc":{"Tiempo de lectura":"3 minutos"},"schema":{"@context":"https:\/\/schema.org","@graph":[{"@type":"WebPage","@id":"https:\/\/www.cruillabarcelona.cat\/es\/compromis-social\/","url":"https:\/\/www.cruillabarcelona.cat\/es\/compromis-social\/","name":"Compromiso Social - Festival Cru\u00eflla","isPartOf":{"@id":"https:\/\/www.cruillabarcelona.cat\/es\/#website"},"primaryImageOfPage":{"@id":"https:\/\/www.cruillabarcelona.cat\/es\/compromis-social\/#primaryimage"},"image":{"@id":"https:\/\/www.cruillabarcelona.cat\/es\/compromis-social\/#primaryimage"},"thumbnailUrl":"https:\/\/www.cruillabarcelona.cat\/wp-content\/uploads\/2025\/07\/Ambient__5__1174_PhotoXaviCaparros-1-1024x683.jpg","datePublished":"2025-05-27T15:02:24+00:00","dateModified":"2026-03-20T11:05:36+00:00","breadcrumb":{"@id":"https:\/\/www.cruillabarcelona.cat\/es\/compromis-social\/#breadcrumb"},"inLanguage":"es","potentialAction":[{"@type":"ReadAction","target":["https:\/\/www.cruillabarcelona.cat\/es\/compromis-social\/"]}]},{"@type":"ImageObject","inLanguage":"es","@id":"https:\/\/www.cruillabarcelona.cat\/es\/compromis-social\/#primaryimage","url":"https:\/\/www.cruillabarcelona.cat\/wp-content\/uploads\/2025\/07\/Ambient__5__1174_PhotoXaviCaparros-1-1024x683.jpg","contentUrl":"https:\/\/www.cruillabarcelona.cat\/wp-content\/uploads\/2025\/07\/Ambient__5__1174_PhotoXaviCaparros-1-1024x683.jpg"},{"@type":"BreadcrumbList","@id":"https:\/\/www.cruillabarcelona.cat\/es\/compromis-social\/#breadcrumb","itemListElement":[{"@type":"ListItem","position":1,"name":"Home","item":"https:\/\/www.cruillabarcelona.cat\/es\/"},{"@type":"ListItem","position":2,"name":"Compromiso Social"}]},{"@type":"WebSite","@id":"https:\/\/www.cruillabarcelona.cat\/es\/#website","url":"https:\/\/www.cruillabarcelona.cat\/es\/","name":"Festival Cru\u00eflla","description":"","publisher":{"@id":"https:\/\/www.cruillabarcelona.cat\/es\/#organization"},"potentialAction":[{"@type":"SearchAction","target":{"@type":"EntryPoint","urlTemplate":"https:\/\/www.cruillabarcelona.cat\/es\/?s={search_term_string}"},"query-input":{"@type":"PropertyValueSpecification","valueRequired":true,"valueName":"search_term_string"}}],"inLanguage":"es"},{"@type":"Organization","@id":"https:\/\/www.cruillabarcelona.cat\/es\/#organization","name":"Festival Cru\u00eflla","url":"https:\/\/www.cruillabarcelona.cat\/es\/","logo":{"@type":"ImageObject","inLanguage":"es","@id":"https:\/\/www.cruillabarcelona.cat\/es\/#\/schema\/logo\/image\/","url":"https:\/\/www.cruillabarcelona.cat\/wp-content\/uploads\/2025\/12\/cruill-logo-negativo.png","contentUrl":"https:\/\/www.cruillabarcelona.cat\/wp-content\/uploads\/2025\/12\/cruill-logo-negativo.png","width":400,"height":101,"caption":"Festival Cru\u00eflla"},"image":{"@id":"https:\/\/www.cruillabarcelona.cat\/es\/#\/schema\/logo\/image\/"}}]}},"_links":{"self":[{"href":"https:\/\/www.cruillabarcelona.cat\/es\/wp-json\/wp\/v2\/pages\/63355","targetHints":{"allow":["GET"]}}],"collection":[{"href":"https:\/\/www.cruillabarcelona.cat\/es\/wp-json\/wp\/v2\/pages"}],"about":[{"href":"https:\/\/www.cruillabarcelona.cat\/es\/wp-json\/wp\/v2\/types\/page"}],"author":[{"embeddable":true,"href":"https:\/\/www.cruillabarcelona.cat\/es\/wp-json\/wp\/v2\/users\/2"}],"replies":[{"embeddable":true,"href":"https:\/\/www.cruillabarcelona.cat\/es\/wp-json\/wp\/v2\/comments?post=63355"}],"version-history":[{"count":2,"href":"https:\/\/www.cruillabarcelona.cat\/es\/wp-json\/wp\/v2\/pages\/63355\/revisions"}],"predecessor-version":[{"id":63656,"href":"https:\/\/www.cruillabarcelona.cat\/es\/wp-json\/wp\/v2\/pages\/63355\/revisions\/63656"}],"wp:attachment":[{"href":"https:\/\/www.cruillabarcelona.cat\/es\/wp-json\/wp\/v2\/media?parent=63355"}],"curies":[{"name":"wp","href":"https:\/\/api.w.org\/{rel}","templated":true}]}}