{"id":63387,"date":"2025-05-27T14:18:11","date_gmt":"2025-05-27T12:18:11","guid":{"rendered":"https:\/\/www.cruillabarcelona.cat\/sostenibilitat-2\/"},"modified":"2026-03-30T17:35:39","modified_gmt":"2026-03-30T15:35:39","slug":"sostenibilitat","status":"publish","type":"page","link":"https:\/\/www.cruillabarcelona.cat\/es\/sostenibilitat\/","title":{"rendered":"Sostenibilidad"},"content":{"rendered":"\n<div class=\"wp-block-cover alignfull has-custom-content-position is-position-bottom-left\" style=\"min-height:600px;aspect-ratio:unset;\"><img loading=\"lazy\" decoding=\"async\" width=\"1024\" height=\"683\" class=\"wp-block-cover__image-background wp-image-53664 size-large\" alt=\"\" src=\"https:\/\/www.cruillabarcelona.cat\/wp-content\/uploads\/2024\/06\/Copia-de-210709_Cruilla_\u00a9-Victor-Parreno_1004-1-1024x683.jpg\" data-object-fit=\"cover\" srcset=\"https:\/\/www.cruillabarcelona.cat\/wp-content\/uploads\/2024\/06\/Copia-de-210709_Cruilla_\u00a9-Victor-Parreno_1004-1-1024x683.jpg 1024w, https:\/\/www.cruillabarcelona.cat\/wp-content\/uploads\/2024\/06\/Copia-de-210709_Cruilla_\u00a9-Victor-Parreno_1004-1-768x513.jpg 768w, https:\/\/www.cruillabarcelona.cat\/wp-content\/uploads\/2024\/06\/Copia-de-210709_Cruilla_\u00a9-Victor-Parreno_1004-1-1536x1025.jpg 1536w, https:\/\/www.cruillabarcelona.cat\/wp-content\/uploads\/2024\/06\/Copia-de-210709_Cruilla_\u00a9-Victor-Parreno_1004-1-2048x1367.jpg 2048w, https:\/\/www.cruillabarcelona.cat\/wp-content\/uploads\/2024\/06\/Copia-de-210709_Cruilla_\u00a9-Victor-Parreno_1004-1-300x200.jpg 300w, https:\/\/www.cruillabarcelona.cat\/wp-content\/uploads\/2024\/06\/Copia-de-210709_Cruilla_\u00a9-Victor-Parreno_1004-1-1500x1001.jpg 1500w\" sizes=\"auto, (max-width: 1024px) 100vw, 1024px\" \/><span aria-hidden=\"true\" class=\"wp-block-cover__background has-background-dim-70 has-background-dim wp-block-cover__gradient-background has-background-gradient\" style=\"background:linear-gradient(0deg,rgb(0,0,0) 0%,rgba(0,0,0,0) 33%)\"><\/span><div class=\"wp-block-cover__inner-container is-layout-flow wp-block-cover-is-layout-flow\"><h1 style=\"text-transform:uppercase;\" class=\"has-link-color wp-elements-d50d56392787b2b9771553b219074ccb wp-block-post-title has-text-color has-background-color has-xx-large-font-size\">Sostenibilidad<\/h1><\/div><\/div>\n\n\n\n<div class=\"wp-block-group textSplit has-background-color has-foreground-background-color has-text-color has-background has-link-color wp-elements-fd862b529f1a09749f17f2d82f7c4cbf is-content-justification-center is-nowrap is-layout-flex wp-container-core-group-is-layout-8b102c37 wp-block-group-is-layout-flex\" style=\"padding-top:var(--wp--preset--spacing--80);padding-bottom:var(--wp--preset--spacing--80)\">\n<div class=\"wp-block-columns is-layout-flex wp-container-core-columns-is-layout-28f84493 wp-block-columns-is-layout-flex\">\n<div class=\"wp-block-column has-global-padding is-layout-constrained wp-container-core-column-is-layout-3e5f4f53 wp-block-column-is-layout-constrained\">\n<p class=\"has-text-align-center has-large-font-size\" style=\"line-height:1.2\"><strong>\u00a1Somos circulares por principios y regenerativos por convicci\u00f3n!<\/strong><\/p>\n\n\n\n<p class=\"has-background-color has-text-color has-link-color wp-elements-39e9d179401d39db62ea29f456d1cb2c\">La misi\u00f3n del Festival Cru\u00eflla es crear un&nbsp;<strong>espacio de encuentro para la diversidad cultural y social&nbsp;<\/strong>de Barcelona y que&nbsp;<strong>la sostenibilidad y el cuidado del medio&nbsp;ambiente<\/strong>&nbsp;formen parte de su ADN. Creemos que los grandes eventos tiene&nbsp; que tender hacia un modelo de festivales dirigidos al p\u00edblico local, comprometidos con el territorio, los ciudadanos, el entorno y la innovaci\u00f3n y queremos&nbsp;<strong>ser pioneros.<\/strong><br><\/p>\n\n\n\n<p class=\"has-background-color has-text-color has-link-color has-medium-small-font-size wp-elements-a639a1caf7d655b7f91834a2112b6f05\">Trabajamos diferentes aspectos con tal de reducir nuestro impacto, que va mejorando a\u00f1o tras a\u00f1o. Ahora, nuestra estrategia se centra en la&nbsp;<strong>reducci\u00f3n de la generaci\u00f3n de residuos<\/strong>, con el objetivo de ser un&nbsp;<strong>festival<\/strong>&nbsp;<strong>circular, regenerativo y comprometido<\/strong>&nbsp;que une cultura, comunidad e impacto positivo y que no solo reduce impactos sino que&nbsp;<strong>reparte valor e inspira al cambio.<\/strong><br><\/p>\n\n\n\n<p>Entendemos la sostenibilidad como un&nbsp;<strong>compromiso real y transversal<\/strong>&nbsp;que ha de formar parte de todas las decisiones del festival, por eso nuestras acciones van de la planificaci\u00f3n hasta el desmontaje y de la manera como nos movemos a la que comemos. Con&nbsp;<strong>una mirada local y una acci\u00f3n global<\/strong>, hacemos del festival un espacio vivo, sostenible y con prop\u00f3sito a partir de pr\u00e1cticas que reducen nuestro impacto ambiental y generan retorno social.<br><\/p>\n\n\n\n<p class=\"has-background-color has-text-color has-link-color has-medium-small-font-size wp-elements-f5148e589d7cdb02381554d854417c22\">Por eso hemos creado el&nbsp;<strong>Plan de Sostenibilidad Cru\u00eflla<\/strong>, que pone el foco en tres grandes retos:<br><\/p>\n\n\n\n<h4 class=\"wp-block-heading has-background-color has-text-color has-link-color has-medium-font-size wp-elements-38da5f671ac0b70e19cd1d263dfa6187\" style=\"padding-top:0;padding-bottom:0\">\ud83c\udf0d Reducir emisiones y huella ambiental<\/h4>\n\n\n\n<h4 class=\"wp-block-heading has-background-color has-text-color has-link-color has-medium-font-size wp-elements-e075d45d3891aa8a3dd149d0db3f22f9\">\ud83d\udd01 Hacer crecer la econom\u00eda circular dentro del festival<\/h4>\n\n\n\n<h4 class=\"wp-block-heading has-background-color has-text-color has-link-color has-medium-font-size wp-elements-53e54ec25ca3a376373dfedb2421dd30\">\u270d\ufe0f Promover una cultura m\u00e1s justa, accesible y comprometida<\/h4>\n\n\n\n<p><\/p>\n<\/div>\n<\/div>\n<\/div>\n\n\n\n<div class=\"wp-block-group has-dark-gray-background-color has-background has-global-padding is-layout-constrained wp-container-core-group-is-layout-0c055f66 wp-block-group-is-layout-constrained\" style=\"margin-top:0;margin-bottom:0;padding-top:18px;padding-right:0;padding-bottom:18px;padding-left:0\">\n<div class=\"wp-block-group is-layout-grid wp-container-core-group-is-layout-54147d00 wp-block-group-is-layout-grid\" style=\"padding-top:0;padding-bottom:0\">\n<figure class=\"wp-block-image size-large\"><img loading=\"lazy\" decoding=\"async\" width=\"1024\" height=\"1024\" src=\"https:\/\/www.cruillabarcelona.cat\/wp-content\/uploads\/2025\/06\/ICONES-CATALA-7.jpg_722911700-1024x1024.jpg\" alt=\"\" class=\"wp-image-59724\" style=\"object-fit:cover\" srcset=\"https:\/\/www.cruillabarcelona.cat\/wp-content\/uploads\/2025\/06\/ICONES-CATALA-7.jpg_722911700-1024x1024.jpg 1024w, https:\/\/www.cruillabarcelona.cat\/wp-content\/uploads\/2025\/06\/ICONES-CATALA-7.jpg_722911700-150x150.jpg 150w, https:\/\/www.cruillabarcelona.cat\/wp-content\/uploads\/2025\/06\/ICONES-CATALA-7.jpg_722911700-768x768.jpg 768w, https:\/\/www.cruillabarcelona.cat\/wp-content\/uploads\/2025\/06\/ICONES-CATALA-7.jpg_722911700-300x300.jpg 300w, https:\/\/www.cruillabarcelona.cat\/wp-content\/uploads\/2025\/06\/ICONES-CATALA-7.jpg_722911700-600x600.jpg 600w, https:\/\/www.cruillabarcelona.cat\/wp-content\/uploads\/2025\/06\/ICONES-CATALA-7.jpg_722911700.jpg 1181w\" sizes=\"auto, (max-width: 1024px) 100vw, 1024px\" \/><\/figure>\n\n\n\n<figure class=\"wp-block-image size-full\"><img loading=\"lazy\" decoding=\"async\" width=\"1181\" height=\"1181\" src=\"https:\/\/www.cruillabarcelona.cat\/wp-content\/uploads\/2025\/06\/ICONES-CATALA-10.jpg_722911700.jpg\" alt=\"\" class=\"wp-image-59687\" srcset=\"https:\/\/www.cruillabarcelona.cat\/wp-content\/uploads\/2025\/06\/ICONES-CATALA-10.jpg_722911700.jpg 1181w, https:\/\/www.cruillabarcelona.cat\/wp-content\/uploads\/2025\/06\/ICONES-CATALA-10.jpg_722911700-1024x1024.jpg 1024w, https:\/\/www.cruillabarcelona.cat\/wp-content\/uploads\/2025\/06\/ICONES-CATALA-10.jpg_722911700-150x150.jpg 150w, https:\/\/www.cruillabarcelona.cat\/wp-content\/uploads\/2025\/06\/ICONES-CATALA-10.jpg_722911700-768x768.jpg 768w, https:\/\/www.cruillabarcelona.cat\/wp-content\/uploads\/2025\/06\/ICONES-CATALA-10.jpg_722911700-300x300.jpg 300w, https:\/\/www.cruillabarcelona.cat\/wp-content\/uploads\/2025\/06\/ICONES-CATALA-10.jpg_722911700-600x600.jpg 600w\" sizes=\"auto, (max-width: 1181px) 100vw, 1181px\" \/><\/figure>\n\n\n\n<figure class=\"wp-block-image size-large\"><img loading=\"lazy\" decoding=\"async\" width=\"1024\" height=\"1024\" src=\"https:\/\/www.cruillabarcelona.cat\/wp-content\/uploads\/2025\/06\/ICONES-CATALA-13.jpg_722911700-1024x1024.jpg\" alt=\"\" class=\"wp-image-59705\" srcset=\"https:\/\/www.cruillabarcelona.cat\/wp-content\/uploads\/2025\/06\/ICONES-CATALA-13.jpg_722911700-1024x1024.jpg 1024w, https:\/\/www.cruillabarcelona.cat\/wp-content\/uploads\/2025\/06\/ICONES-CATALA-13.jpg_722911700-150x150.jpg 150w, https:\/\/www.cruillabarcelona.cat\/wp-content\/uploads\/2025\/06\/ICONES-CATALA-13.jpg_722911700-768x768.jpg 768w, https:\/\/www.cruillabarcelona.cat\/wp-content\/uploads\/2025\/06\/ICONES-CATALA-13.jpg_722911700-300x300.jpg 300w, https:\/\/www.cruillabarcelona.cat\/wp-content\/uploads\/2025\/06\/ICONES-CATALA-13.jpg_722911700-600x600.jpg 600w, https:\/\/www.cruillabarcelona.cat\/wp-content\/uploads\/2025\/06\/ICONES-CATALA-13.jpg_722911700.jpg 1181w\" sizes=\"auto, (max-width: 1024px) 100vw, 1024px\" \/><\/figure>\n\n\n\n<figure class=\"wp-block-image size-large\"><img loading=\"lazy\" decoding=\"async\" width=\"1024\" height=\"1024\" src=\"https:\/\/www.cruillabarcelona.cat\/wp-content\/uploads\/2025\/06\/ICONES-CATALA-17.jpg_722911700-1024x1024.jpg\" alt=\"\" class=\"wp-image-59708\" srcset=\"https:\/\/www.cruillabarcelona.cat\/wp-content\/uploads\/2025\/06\/ICONES-CATALA-17.jpg_722911700-1024x1024.jpg 1024w, https:\/\/www.cruillabarcelona.cat\/wp-content\/uploads\/2025\/06\/ICONES-CATALA-17.jpg_722911700-150x150.jpg 150w, https:\/\/www.cruillabarcelona.cat\/wp-content\/uploads\/2025\/06\/ICONES-CATALA-17.jpg_722911700-768x768.jpg 768w, https:\/\/www.cruillabarcelona.cat\/wp-content\/uploads\/2025\/06\/ICONES-CATALA-17.jpg_722911700-300x300.jpg 300w, https:\/\/www.cruillabarcelona.cat\/wp-content\/uploads\/2025\/06\/ICONES-CATALA-17.jpg_722911700-600x600.jpg 600w, https:\/\/www.cruillabarcelona.cat\/wp-content\/uploads\/2025\/06\/ICONES-CATALA-17.jpg_722911700.jpg 1181w\" sizes=\"auto, (max-width: 1024px) 100vw, 1024px\" \/><\/figure>\n<\/div>\n<\/div>\n","protected":false},"excerpt":{"rendered":"<p>\u00a1Somos circulares por principios y regenerativos por convicci\u00f3n! La misi\u00f3n del Festival Cru\u00eflla es crear un&nbsp;espacio de encuentro para la diversidad cultural y social&nbsp;de Barcelona y [&hellip;]<\/p>\n","protected":false},"author":2,"featured_media":0,"parent":0,"menu_order":0,"comment_status":"closed","ping_status":"closed","template":"","meta":{"_acf_changed":false,"footnotes":""},"class_list":["post-63387","page","type-page","status-publish","hentry"],"acf":[],"yoast_head":"<!-- This site is optimized with the Yoast SEO plugin v27.3 - https:\/\/yoast.com\/product\/yoast-seo-wordpress\/ -->\n<title>Sostenibilidad - Festival Cru\u00eflla<\/title>\n<meta name=\"robots\" content=\"index, follow, max-snippet:-1, max-image-preview:large, max-video-preview:-1\" \/>\n<link rel=\"canonical\" href=\"https:\/\/www.cruillabarcelona.cat\/es\/sostenibilitat\/\" \/>\n<meta property=\"og:locale\" content=\"es_ES\" \/>\n<meta property=\"og:type\" content=\"article\" \/>\n<meta property=\"og:title\" content=\"Sostenibilidad - Festival Cru\u00eflla\" \/>\n<meta property=\"og:description\" content=\"\u00a1Somos circulares por principios y regenerativos por convicci\u00f3n! La misi\u00f3n del Festival Cru\u00eflla es crear un&nbsp;espacio de encuentro para la diversidad cultural y social&nbsp;de Barcelona y [&hellip;]\" \/>\n<meta property=\"og:url\" content=\"https:\/\/www.cruillabarcelona.cat\/es\/sostenibilitat\/\" \/>\n<meta property=\"og:site_name\" content=\"Festival Cru\u00eflla\" \/>\n<meta property=\"article:modified_time\" content=\"2026-03-30T15:35:39+00:00\" \/>\n<meta property=\"og:image\" content=\"https:\/\/www.cruillabarcelona.cat\/wp-content\/uploads\/2025\/06\/ICONES-CATALA-7.jpg_722911700-1024x1024.jpg\" \/>\n<meta name=\"twitter:card\" content=\"summary_large_image\" \/>\n<meta name=\"twitter:label1\" content=\"Tiempo de lectura\" \/>\n\t<meta name=\"twitter:data1\" content=\"3 minutos\" \/>\n<script type=\"application\/ld+json\" class=\"yoast-schema-graph\">{\"@context\":\"https:\\\/\\\/schema.org\",\"@graph\":[{\"@type\":\"WebPage\",\"@id\":\"https:\\\/\\\/www.cruillabarcelona.cat\\\/es\\\/sostenibilitat\\\/\",\"url\":\"https:\\\/\\\/www.cruillabarcelona.cat\\\/es\\\/sostenibilitat\\\/\",\"name\":\"Sostenibilidad - Festival Cru\u00eflla\",\"isPartOf\":{\"@id\":\"https:\\\/\\\/www.cruillabarcelona.cat\\\/es\\\/#website\"},\"primaryImageOfPage\":{\"@id\":\"https:\\\/\\\/www.cruillabarcelona.cat\\\/es\\\/sostenibilitat\\\/#primaryimage\"},\"image\":{\"@id\":\"https:\\\/\\\/www.cruillabarcelona.cat\\\/es\\\/sostenibilitat\\\/#primaryimage\"},\"thumbnailUrl\":\"https:\\\/\\\/www.cruillabarcelona.cat\\\/wp-content\\\/uploads\\\/2025\\\/06\\\/ICONES-CATALA-7.jpg_722911700-1024x1024.jpg\",\"datePublished\":\"2025-05-27T12:18:11+00:00\",\"dateModified\":\"2026-03-30T15:35:39+00:00\",\"breadcrumb\":{\"@id\":\"https:\\\/\\\/www.cruillabarcelona.cat\\\/es\\\/sostenibilitat\\\/#breadcrumb\"},\"inLanguage\":\"es\",\"potentialAction\":[{\"@type\":\"ReadAction\",\"target\":[\"https:\\\/\\\/www.cruillabarcelona.cat\\\/es\\\/sostenibilitat\\\/\"]}]},{\"@type\":\"ImageObject\",\"inLanguage\":\"es\",\"@id\":\"https:\\\/\\\/www.cruillabarcelona.cat\\\/es\\\/sostenibilitat\\\/#primaryimage\",\"url\":\"https:\\\/\\\/www.cruillabarcelona.cat\\\/wp-content\\\/uploads\\\/2025\\\/06\\\/ICONES-CATALA-7.jpg_722911700-1024x1024.jpg\",\"contentUrl\":\"https:\\\/\\\/www.cruillabarcelona.cat\\\/wp-content\\\/uploads\\\/2025\\\/06\\\/ICONES-CATALA-7.jpg_722911700-1024x1024.jpg\"},{\"@type\":\"BreadcrumbList\",\"@id\":\"https:\\\/\\\/www.cruillabarcelona.cat\\\/es\\\/sostenibilitat\\\/#breadcrumb\",\"itemListElement\":[{\"@type\":\"ListItem\",\"position\":1,\"name\":\"Home\",\"item\":\"https:\\\/\\\/www.cruillabarcelona.cat\\\/es\\\/\"},{\"@type\":\"ListItem\",\"position\":2,\"name\":\"Sostenibilidad\"}]},{\"@type\":\"WebSite\",\"@id\":\"https:\\\/\\\/www.cruillabarcelona.cat\\\/es\\\/#website\",\"url\":\"https:\\\/\\\/www.cruillabarcelona.cat\\\/es\\\/\",\"name\":\"Festival Cru\u00eflla\",\"description\":\"\",\"publisher\":{\"@id\":\"https:\\\/\\\/www.cruillabarcelona.cat\\\/es\\\/#organization\"},\"potentialAction\":[{\"@type\":\"SearchAction\",\"target\":{\"@type\":\"EntryPoint\",\"urlTemplate\":\"https:\\\/\\\/www.cruillabarcelona.cat\\\/es\\\/?s={search_term_string}\"},\"query-input\":{\"@type\":\"PropertyValueSpecification\",\"valueRequired\":true,\"valueName\":\"search_term_string\"}}],\"inLanguage\":\"es\"},{\"@type\":\"Organization\",\"@id\":\"https:\\\/\\\/www.cruillabarcelona.cat\\\/es\\\/#organization\",\"name\":\"Festival Cru\u00eflla\",\"url\":\"https:\\\/\\\/www.cruillabarcelona.cat\\\/es\\\/\",\"logo\":{\"@type\":\"ImageObject\",\"inLanguage\":\"es\",\"@id\":\"https:\\\/\\\/www.cruillabarcelona.cat\\\/es\\\/#\\\/schema\\\/logo\\\/image\\\/\",\"url\":\"https:\\\/\\\/www.cruillabarcelona.cat\\\/wp-content\\\/uploads\\\/2025\\\/12\\\/cruill-logo-negativo.png\",\"contentUrl\":\"https:\\\/\\\/www.cruillabarcelona.cat\\\/wp-content\\\/uploads\\\/2025\\\/12\\\/cruill-logo-negativo.png\",\"width\":400,\"height\":101,\"caption\":\"Festival Cru\u00eflla\"},\"image\":{\"@id\":\"https:\\\/\\\/www.cruillabarcelona.cat\\\/es\\\/#\\\/schema\\\/logo\\\/image\\\/\"}}]}<\/script>\n<!-- \/ Yoast SEO plugin. -->","yoast_head_json":{"title":"Sostenibilidad - Festival Cru\u00eflla","robots":{"index":"index","follow":"follow","max-snippet":"max-snippet:-1","max-image-preview":"max-image-preview:large","max-video-preview":"max-video-preview:-1"},"canonical":"https:\/\/www.cruillabarcelona.cat\/es\/sostenibilitat\/","og_locale":"es_ES","og_type":"article","og_title":"Sostenibilidad - Festival Cru\u00eflla","og_description":"\u00a1Somos circulares por principios y regenerativos por convicci\u00f3n! La misi\u00f3n del Festival Cru\u00eflla es crear un&nbsp;espacio de encuentro para la diversidad cultural y social&nbsp;de Barcelona y [&hellip;]","og_url":"https:\/\/www.cruillabarcelona.cat\/es\/sostenibilitat\/","og_site_name":"Festival Cru\u00eflla","article_modified_time":"2026-03-30T15:35:39+00:00","og_image":[{"url":"https:\/\/www.cruillabarcelona.cat\/wp-content\/uploads\/2025\/06\/ICONES-CATALA-7.jpg_722911700-1024x1024.jpg","type":"","width":"","height":""}],"twitter_card":"summary_large_image","twitter_misc":{"Tiempo de lectura":"3 minutos"},"schema":{"@context":"https:\/\/schema.org","@graph":[{"@type":"WebPage","@id":"https:\/\/www.cruillabarcelona.cat\/es\/sostenibilitat\/","url":"https:\/\/www.cruillabarcelona.cat\/es\/sostenibilitat\/","name":"Sostenibilidad - Festival Cru\u00eflla","isPartOf":{"@id":"https:\/\/www.cruillabarcelona.cat\/es\/#website"},"primaryImageOfPage":{"@id":"https:\/\/www.cruillabarcelona.cat\/es\/sostenibilitat\/#primaryimage"},"image":{"@id":"https:\/\/www.cruillabarcelona.cat\/es\/sostenibilitat\/#primaryimage"},"thumbnailUrl":"https:\/\/www.cruillabarcelona.cat\/wp-content\/uploads\/2025\/06\/ICONES-CATALA-7.jpg_722911700-1024x1024.jpg","datePublished":"2025-05-27T12:18:11+00:00","dateModified":"2026-03-30T15:35:39+00:00","breadcrumb":{"@id":"https:\/\/www.cruillabarcelona.cat\/es\/sostenibilitat\/#breadcrumb"},"inLanguage":"es","potentialAction":[{"@type":"ReadAction","target":["https:\/\/www.cruillabarcelona.cat\/es\/sostenibilitat\/"]}]},{"@type":"ImageObject","inLanguage":"es","@id":"https:\/\/www.cruillabarcelona.cat\/es\/sostenibilitat\/#primaryimage","url":"https:\/\/www.cruillabarcelona.cat\/wp-content\/uploads\/2025\/06\/ICONES-CATALA-7.jpg_722911700-1024x1024.jpg","contentUrl":"https:\/\/www.cruillabarcelona.cat\/wp-content\/uploads\/2025\/06\/ICONES-CATALA-7.jpg_722911700-1024x1024.jpg"},{"@type":"BreadcrumbList","@id":"https:\/\/www.cruillabarcelona.cat\/es\/sostenibilitat\/#breadcrumb","itemListElement":[{"@type":"ListItem","position":1,"name":"Home","item":"https:\/\/www.cruillabarcelona.cat\/es\/"},{"@type":"ListItem","position":2,"name":"Sostenibilidad"}]},{"@type":"WebSite","@id":"https:\/\/www.cruillabarcelona.cat\/es\/#website","url":"https:\/\/www.cruillabarcelona.cat\/es\/","name":"Festival Cru\u00eflla","description":"","publisher":{"@id":"https:\/\/www.cruillabarcelona.cat\/es\/#organization"},"potentialAction":[{"@type":"SearchAction","target":{"@type":"EntryPoint","urlTemplate":"https:\/\/www.cruillabarcelona.cat\/es\/?s={search_term_string}"},"query-input":{"@type":"PropertyValueSpecification","valueRequired":true,"valueName":"search_term_string"}}],"inLanguage":"es"},{"@type":"Organization","@id":"https:\/\/www.cruillabarcelona.cat\/es\/#organization","name":"Festival Cru\u00eflla","url":"https:\/\/www.cruillabarcelona.cat\/es\/","logo":{"@type":"ImageObject","inLanguage":"es","@id":"https:\/\/www.cruillabarcelona.cat\/es\/#\/schema\/logo\/image\/","url":"https:\/\/www.cruillabarcelona.cat\/wp-content\/uploads\/2025\/12\/cruill-logo-negativo.png","contentUrl":"https:\/\/www.cruillabarcelona.cat\/wp-content\/uploads\/2025\/12\/cruill-logo-negativo.png","width":400,"height":101,"caption":"Festival Cru\u00eflla"},"image":{"@id":"https:\/\/www.cruillabarcelona.cat\/es\/#\/schema\/logo\/image\/"}}]}},"_links":{"self":[{"href":"https:\/\/www.cruillabarcelona.cat\/es\/wp-json\/wp\/v2\/pages\/63387","targetHints":{"allow":["GET"]}}],"collection":[{"href":"https:\/\/www.cruillabarcelona.cat\/es\/wp-json\/wp\/v2\/pages"}],"about":[{"href":"https:\/\/www.cruillabarcelona.cat\/es\/wp-json\/wp\/v2\/types\/page"}],"author":[{"embeddable":true,"href":"https:\/\/www.cruillabarcelona.cat\/es\/wp-json\/wp\/v2\/users\/2"}],"replies":[{"embeddable":true,"href":"https:\/\/www.cruillabarcelona.cat\/es\/wp-json\/wp\/v2\/comments?post=63387"}],"version-history":[{"count":4,"href":"https:\/\/www.cruillabarcelona.cat\/es\/wp-json\/wp\/v2\/pages\/63387\/revisions"}],"predecessor-version":[{"id":64173,"href":"https:\/\/www.cruillabarcelona.cat\/es\/wp-json\/wp\/v2\/pages\/63387\/revisions\/64173"}],"wp:attachment":[{"href":"https:\/\/www.cruillabarcelona.cat\/es\/wp-json\/wp\/v2\/media?parent=63387"}],"curies":[{"name":"wp","href":"https:\/\/api.w.org\/{rel}","templated":true}]}}