{"id":63462,"date":"2026-03-18T13:37:39","date_gmt":"2026-03-18T11:37:39","guid":{"rendered":"https:\/\/www.cruillabarcelona.cat\/?page_id=63462"},"modified":"2026-03-18T13:42:08","modified_gmt":"2026-03-18T11:42:08","slug":"cruillaescasa","status":"publish","type":"page","link":"https:\/\/www.cruillabarcelona.cat\/es\/cruillaescasa\/","title":{"rendered":"Cru\u00eflla es casa"},"content":{"rendered":"\n<div class=\"wp-block-cover alignfull has-custom-content-position is-position-bottom-left\" style=\"min-height:600px;aspect-ratio:unset;\"><img loading=\"lazy\" decoding=\"async\" width=\"1124\" height=\"749\" class=\"wp-block-cover__image-background wp-image-63444 size-large\" alt=\"\" src=\"https:\/\/www.cruillabarcelona.cat\/wp-content\/uploads\/2026\/03\/Ambient_GISJ3874_PhotoGiselaJane-1124x749.jpg\" data-object-fit=\"cover\" srcset=\"https:\/\/www.cruillabarcelona.cat\/wp-content\/uploads\/2026\/03\/Ambient_GISJ3874_PhotoGiselaJane-1124x749.jpg 1124w, https:\/\/www.cruillabarcelona.cat\/wp-content\/uploads\/2026\/03\/Ambient_GISJ3874_PhotoGiselaJane-300x200.jpg 300w, https:\/\/www.cruillabarcelona.cat\/wp-content\/uploads\/2026\/03\/Ambient_GISJ3874_PhotoGiselaJane-800x533.jpg 800w, https:\/\/www.cruillabarcelona.cat\/wp-content\/uploads\/2026\/03\/Ambient_GISJ3874_PhotoGiselaJane-1536x1024.jpg 1536w, https:\/\/www.cruillabarcelona.cat\/wp-content\/uploads\/2026\/03\/Ambient_GISJ3874_PhotoGiselaJane-2048x1365.jpg 2048w, https:\/\/www.cruillabarcelona.cat\/wp-content\/uploads\/2026\/03\/Ambient_GISJ3874_PhotoGiselaJane-1500x1000.jpg 1500w\" sizes=\"auto, (max-width: 1124px) 100vw, 1124px\" \/><span aria-hidden=\"true\" class=\"wp-block-cover__background has-background-dim-70 has-background-dim wp-block-cover__gradient-background has-background-gradient\" style=\"background:linear-gradient(0deg,rgb(0,0,0) 0%,rgba(0,0,0,0) 33%)\"><\/span><div class=\"wp-block-cover__inner-container is-layout-flow wp-block-cover-is-layout-flow\"><h1 style=\"text-transform:uppercase;\" class=\"has-text-align-center has-link-color wp-elements-bbfe6bf4be048b6b5da945f4b1e7c6e2 wp-block-post-title has-text-color has-background-color has-xx-large-font-size\">Cru\u00eflla es casa<\/h1><\/div><\/div>\n\n\n\n<div class=\"wp-block-group has-global-padding is-layout-constrained wp-block-group-is-layout-constrained\">\n<h2 class=\"wp-block-heading has-text-align-center\">HAY SITIOS A LOS QUE VAS Y SITIOS A LOS QUE VUELVES<\/h2>\n\n\n\n<p class=\"has-text-align-center\">En el <strong>Festival Cru\u00eflla<\/strong> siempre hemos defendido una manera de hacer y de ser muy concreta: queremos que quien entra se sienta&nbsp;<strong>c\u00f3modo y como en casa<\/strong>. Cru\u00eflla es un festival&nbsp;c\u00f3modo y amable, un espacio donde&nbsp;<strong>Barcelona se reconoce en cada detalle<\/strong>, donde todo te resulta familiar y donde te sientes seguro y tranquilo.<\/p>\n<\/div>\n\n\n\n<figure class=\"wp-block-image aligncenter size-full\"><img loading=\"lazy\" decoding=\"async\" width=\"800\" height=\"450\" src=\"https:\/\/www.cruillabarcelona.cat\/wp-content\/uploads\/2026\/03\/CE26_CruillaECasa_GIF.gif\" alt=\"\" class=\"wp-image-63441\"\/><\/figure>\n\n\n\n<div class=\"wp-block-group has-global-padding is-content-justification-center is-layout-constrained wp-block-group-is-layout-constrained\">\n<h4 class=\"wp-block-heading has-text-align-center\">Los artistas, nuestros invitados<\/h4>\n\n\n\n<p>Acortamos la distancia entre el escenario y el p\u00fablico: los artistas son&nbsp;<strong>nuestros invitados<\/strong>, recibidos con la misma calidez con la que abrir\u00edamos la puerta a un amigo, haciendo de cada concierto un encuentro&nbsp;<strong>\u00edntimo y compartido<\/strong>.<\/p>\n\n\n\n<h4 class=\"wp-block-heading has-text-align-center\">M\u00e1s all\u00e1 del cartel<\/h4>\n\n\n\n<p>Tambi\u00e9n es lo que ocurre&nbsp;<strong>entre conciertos<\/strong>, en las barras y sobre el escenario. Celebramos los reencuentros, las sonrisas y los&nbsp;<strong>coros cantados a pleno pulm\u00f3n<\/strong>.<\/p>\n\n\n\n<h4 class=\"wp-block-heading has-text-align-center\">Cuidar lo que compartimos<\/h4>\n\n\n\n<p>Hay peque\u00f1os gestos que lo cambian todo: desde&nbsp;<strong>respetar el entorno<\/strong> hasta garantizar que todos se sientan libres y respetados. Dentro de esta filosof\u00eda se enmarca nuestro compromiso con la&nbsp;<strong>sostenibilidad y el impacto social<\/strong>, para un p\u00fablico que&nbsp;<strong>no solo viene a disfrutar, sino que tambi\u00e9n forma parte de lo que somos<\/strong>.<\/p>\n<\/div>\n\n\n\n<h4 class=\"wp-block-heading has-text-align-center\">\u00a1Del 8 al 11 de julio nos vemos en casa!<\/h4>\n\n\n\n<div class=\"wp-block-columns is-layout-flex wp-container-core-columns-is-layout-28f84493 wp-block-columns-is-layout-flex\">\n<div class=\"wp-block-column is-layout-flow wp-block-column-is-layout-flow\" style=\"flex-basis:100%\"><\/div>\n<\/div>\n\n\n\n<div class=\"wp-block-group has-global-padding is-content-justification-center is-layout-constrained wp-block-group-is-layout-constrained\">\n\n<a href=\"http:\/\/www.cruillabarcelona.com\/es\/tickets\/\" target=\"_self\" id=\"button-block_cf0ec7f28447e36b84f5ae649dd5f878\" class=\"button default large default\">\nCONSIGUE TU ENTRADA AQU\u00cd <\/a>\n\n<\/div>\n\n\n\n<p><\/p>\n\n\n\n<p><\/p>\n","protected":false},"excerpt":{"rendered":"<p>HAY SITIOS A LOS QUE VAS Y SITIOS A LOS QUE VUELVES En el Festival Cru\u00eflla siempre hemos defendido una manera de hacer y de ser [&hellip;]<\/p>\n","protected":false},"author":55,"featured_media":63446,"parent":0,"menu_order":0,"comment_status":"closed","ping_status":"closed","template":"","meta":{"_acf_changed":false,"footnotes":""},"class_list":["post-63462","page","type-page","status-publish","has-post-thumbnail","hentry"],"acf":[],"yoast_head":"<!-- This site is optimized with the Yoast SEO plugin v27.3 - https:\/\/yoast.com\/product\/yoast-seo-wordpress\/ -->\n<title>Cru\u00eflla es casa - Festival Cru\u00eflla<\/title>\n<meta name=\"description\" content=\"En el Festival Cru\u00eflla siempre hemos defendido una manera de hacer y de ser muy concreta: queremos que quien entra se sienta\u00a0c\u00f3modo y como en casa.\" \/>\n<meta name=\"robots\" content=\"index, follow, max-snippet:-1, max-image-preview:large, max-video-preview:-1\" \/>\n<link rel=\"canonical\" href=\"https:\/\/www.cruillabarcelona.cat\/es\/cruillaescasa\/\" \/>\n<meta property=\"og:locale\" content=\"es_ES\" \/>\n<meta property=\"og:type\" content=\"article\" \/>\n<meta property=\"og:title\" content=\"Cru\u00eflla es casa - Festival Cru\u00eflla\" \/>\n<meta property=\"og:description\" content=\"En el Festival Cru\u00eflla siempre hemos defendido una manera de hacer y de ser muy concreta: queremos que quien entra se sienta\u00a0c\u00f3modo y como en casa.\" \/>\n<meta property=\"og:url\" content=\"https:\/\/www.cruillabarcelona.cat\/es\/cruillaescasa\/\" \/>\n<meta property=\"og:site_name\" content=\"Festival Cru\u00eflla\" \/>\n<meta property=\"article:modified_time\" content=\"2026-03-18T11:42:08+00:00\" \/>\n<meta property=\"og:image\" content=\"https:\/\/www.cruillabarcelona.cat\/wp-content\/uploads\/2026\/03\/Ambient_GISJ3874_PhotoGiselaJane-scaled.jpg\" \/>\n\t<meta property=\"og:image:width\" content=\"2560\" \/>\n\t<meta property=\"og:image:height\" content=\"1707\" \/>\n\t<meta property=\"og:image:type\" content=\"image\/jpeg\" \/>\n<meta name=\"twitter:card\" content=\"summary_large_image\" \/>\n<meta name=\"twitter:label1\" content=\"Tiempo de lectura\" \/>\n\t<meta name=\"twitter:data1\" content=\"2 minutos\" \/>\n<script type=\"application\/ld+json\" class=\"yoast-schema-graph\">{\"@context\":\"https:\\\/\\\/schema.org\",\"@graph\":[{\"@type\":\"WebPage\",\"@id\":\"https:\\\/\\\/www.cruillabarcelona.cat\\\/es\\\/cruillaescasa\\\/\",\"url\":\"https:\\\/\\\/www.cruillabarcelona.cat\\\/es\\\/cruillaescasa\\\/\",\"name\":\"Cru\u00eflla es casa - Festival Cru\u00eflla\",\"isPartOf\":{\"@id\":\"https:\\\/\\\/www.cruillabarcelona.cat\\\/es\\\/#website\"},\"primaryImageOfPage\":{\"@id\":\"https:\\\/\\\/www.cruillabarcelona.cat\\\/es\\\/cruillaescasa\\\/#primaryimage\"},\"image\":{\"@id\":\"https:\\\/\\\/www.cruillabarcelona.cat\\\/es\\\/cruillaescasa\\\/#primaryimage\"},\"thumbnailUrl\":\"https:\\\/\\\/www.cruillabarcelona.cat\\\/wp-content\\\/uploads\\\/2026\\\/03\\\/Ambient_GISJ3874_PhotoGiselaJane-scaled.jpg\",\"datePublished\":\"2026-03-18T11:37:39+00:00\",\"dateModified\":\"2026-03-18T11:42:08+00:00\",\"description\":\"En el Festival Cru\u00eflla siempre hemos defendido una manera de hacer y de ser muy concreta: queremos que quien entra se sienta\u00a0c\u00f3modo y como en casa.\",\"breadcrumb\":{\"@id\":\"https:\\\/\\\/www.cruillabarcelona.cat\\\/es\\\/cruillaescasa\\\/#breadcrumb\"},\"inLanguage\":\"es\",\"potentialAction\":[{\"@type\":\"ReadAction\",\"target\":[\"https:\\\/\\\/www.cruillabarcelona.cat\\\/es\\\/cruillaescasa\\\/\"]}]},{\"@type\":\"ImageObject\",\"inLanguage\":\"es\",\"@id\":\"https:\\\/\\\/www.cruillabarcelona.cat\\\/es\\\/cruillaescasa\\\/#primaryimage\",\"url\":\"https:\\\/\\\/www.cruillabarcelona.cat\\\/wp-content\\\/uploads\\\/2026\\\/03\\\/Ambient_GISJ3874_PhotoGiselaJane-scaled.jpg\",\"contentUrl\":\"https:\\\/\\\/www.cruillabarcelona.cat\\\/wp-content\\\/uploads\\\/2026\\\/03\\\/Ambient_GISJ3874_PhotoGiselaJane-scaled.jpg\",\"width\":2560,\"height\":1707},{\"@type\":\"BreadcrumbList\",\"@id\":\"https:\\\/\\\/www.cruillabarcelona.cat\\\/es\\\/cruillaescasa\\\/#breadcrumb\",\"itemListElement\":[{\"@type\":\"ListItem\",\"position\":1,\"name\":\"Home\",\"item\":\"https:\\\/\\\/www.cruillabarcelona.cat\\\/es\\\/\"},{\"@type\":\"ListItem\",\"position\":2,\"name\":\"Cru\u00eflla es casa\"}]},{\"@type\":\"WebSite\",\"@id\":\"https:\\\/\\\/www.cruillabarcelona.cat\\\/es\\\/#website\",\"url\":\"https:\\\/\\\/www.cruillabarcelona.cat\\\/es\\\/\",\"name\":\"Festival Cru\u00eflla\",\"description\":\"\",\"publisher\":{\"@id\":\"https:\\\/\\\/www.cruillabarcelona.cat\\\/es\\\/#organization\"},\"potentialAction\":[{\"@type\":\"SearchAction\",\"target\":{\"@type\":\"EntryPoint\",\"urlTemplate\":\"https:\\\/\\\/www.cruillabarcelona.cat\\\/es\\\/?s={search_term_string}\"},\"query-input\":{\"@type\":\"PropertyValueSpecification\",\"valueRequired\":true,\"valueName\":\"search_term_string\"}}],\"inLanguage\":\"es\"},{\"@type\":\"Organization\",\"@id\":\"https:\\\/\\\/www.cruillabarcelona.cat\\\/es\\\/#organization\",\"name\":\"Festival Cru\u00eflla\",\"url\":\"https:\\\/\\\/www.cruillabarcelona.cat\\\/es\\\/\",\"logo\":{\"@type\":\"ImageObject\",\"inLanguage\":\"es\",\"@id\":\"https:\\\/\\\/www.cruillabarcelona.cat\\\/es\\\/#\\\/schema\\\/logo\\\/image\\\/\",\"url\":\"https:\\\/\\\/www.cruillabarcelona.cat\\\/wp-content\\\/uploads\\\/2025\\\/12\\\/cruill-logo-negativo.png\",\"contentUrl\":\"https:\\\/\\\/www.cruillabarcelona.cat\\\/wp-content\\\/uploads\\\/2025\\\/12\\\/cruill-logo-negativo.png\",\"width\":400,\"height\":101,\"caption\":\"Festival Cru\u00eflla\"},\"image\":{\"@id\":\"https:\\\/\\\/www.cruillabarcelona.cat\\\/es\\\/#\\\/schema\\\/logo\\\/image\\\/\"}}]}<\/script>\n<!-- \/ Yoast SEO plugin. -->","yoast_head_json":{"title":"Cru\u00eflla es casa - Festival Cru\u00eflla","description":"En el Festival Cru\u00eflla siempre hemos defendido una manera de hacer y de ser muy concreta: queremos que quien entra se sienta\u00a0c\u00f3modo y como en casa.","robots":{"index":"index","follow":"follow","max-snippet":"max-snippet:-1","max-image-preview":"max-image-preview:large","max-video-preview":"max-video-preview:-1"},"canonical":"https:\/\/www.cruillabarcelona.cat\/es\/cruillaescasa\/","og_locale":"es_ES","og_type":"article","og_title":"Cru\u00eflla es casa - Festival Cru\u00eflla","og_description":"En el Festival Cru\u00eflla siempre hemos defendido una manera de hacer y de ser muy concreta: queremos que quien entra se sienta\u00a0c\u00f3modo y como en casa.","og_url":"https:\/\/www.cruillabarcelona.cat\/es\/cruillaescasa\/","og_site_name":"Festival Cru\u00eflla","article_modified_time":"2026-03-18T11:42:08+00:00","og_image":[{"width":2560,"height":1707,"url":"https:\/\/www.cruillabarcelona.cat\/wp-content\/uploads\/2026\/03\/Ambient_GISJ3874_PhotoGiselaJane-scaled.jpg","type":"image\/jpeg"}],"twitter_card":"summary_large_image","twitter_misc":{"Tiempo de lectura":"2 minutos"},"schema":{"@context":"https:\/\/schema.org","@graph":[{"@type":"WebPage","@id":"https:\/\/www.cruillabarcelona.cat\/es\/cruillaescasa\/","url":"https:\/\/www.cruillabarcelona.cat\/es\/cruillaescasa\/","name":"Cru\u00eflla es casa - Festival Cru\u00eflla","isPartOf":{"@id":"https:\/\/www.cruillabarcelona.cat\/es\/#website"},"primaryImageOfPage":{"@id":"https:\/\/www.cruillabarcelona.cat\/es\/cruillaescasa\/#primaryimage"},"image":{"@id":"https:\/\/www.cruillabarcelona.cat\/es\/cruillaescasa\/#primaryimage"},"thumbnailUrl":"https:\/\/www.cruillabarcelona.cat\/wp-content\/uploads\/2026\/03\/Ambient_GISJ3874_PhotoGiselaJane-scaled.jpg","datePublished":"2026-03-18T11:37:39+00:00","dateModified":"2026-03-18T11:42:08+00:00","description":"En el Festival Cru\u00eflla siempre hemos defendido una manera de hacer y de ser muy concreta: queremos que quien entra se sienta\u00a0c\u00f3modo y como en casa.","breadcrumb":{"@id":"https:\/\/www.cruillabarcelona.cat\/es\/cruillaescasa\/#breadcrumb"},"inLanguage":"es","potentialAction":[{"@type":"ReadAction","target":["https:\/\/www.cruillabarcelona.cat\/es\/cruillaescasa\/"]}]},{"@type":"ImageObject","inLanguage":"es","@id":"https:\/\/www.cruillabarcelona.cat\/es\/cruillaescasa\/#primaryimage","url":"https:\/\/www.cruillabarcelona.cat\/wp-content\/uploads\/2026\/03\/Ambient_GISJ3874_PhotoGiselaJane-scaled.jpg","contentUrl":"https:\/\/www.cruillabarcelona.cat\/wp-content\/uploads\/2026\/03\/Ambient_GISJ3874_PhotoGiselaJane-scaled.jpg","width":2560,"height":1707},{"@type":"BreadcrumbList","@id":"https:\/\/www.cruillabarcelona.cat\/es\/cruillaescasa\/#breadcrumb","itemListElement":[{"@type":"ListItem","position":1,"name":"Home","item":"https:\/\/www.cruillabarcelona.cat\/es\/"},{"@type":"ListItem","position":2,"name":"Cru\u00eflla es casa"}]},{"@type":"WebSite","@id":"https:\/\/www.cruillabarcelona.cat\/es\/#website","url":"https:\/\/www.cruillabarcelona.cat\/es\/","name":"Festival Cru\u00eflla","description":"","publisher":{"@id":"https:\/\/www.cruillabarcelona.cat\/es\/#organization"},"potentialAction":[{"@type":"SearchAction","target":{"@type":"EntryPoint","urlTemplate":"https:\/\/www.cruillabarcelona.cat\/es\/?s={search_term_string}"},"query-input":{"@type":"PropertyValueSpecification","valueRequired":true,"valueName":"search_term_string"}}],"inLanguage":"es"},{"@type":"Organization","@id":"https:\/\/www.cruillabarcelona.cat\/es\/#organization","name":"Festival Cru\u00eflla","url":"https:\/\/www.cruillabarcelona.cat\/es\/","logo":{"@type":"ImageObject","inLanguage":"es","@id":"https:\/\/www.cruillabarcelona.cat\/es\/#\/schema\/logo\/image\/","url":"https:\/\/www.cruillabarcelona.cat\/wp-content\/uploads\/2025\/12\/cruill-logo-negativo.png","contentUrl":"https:\/\/www.cruillabarcelona.cat\/wp-content\/uploads\/2025\/12\/cruill-logo-negativo.png","width":400,"height":101,"caption":"Festival Cru\u00eflla"},"image":{"@id":"https:\/\/www.cruillabarcelona.cat\/es\/#\/schema\/logo\/image\/"}}]}},"_links":{"self":[{"href":"https:\/\/www.cruillabarcelona.cat\/es\/wp-json\/wp\/v2\/pages\/63462","targetHints":{"allow":["GET"]}}],"collection":[{"href":"https:\/\/www.cruillabarcelona.cat\/es\/wp-json\/wp\/v2\/pages"}],"about":[{"href":"https:\/\/www.cruillabarcelona.cat\/es\/wp-json\/wp\/v2\/types\/page"}],"author":[{"embeddable":true,"href":"https:\/\/www.cruillabarcelona.cat\/es\/wp-json\/wp\/v2\/users\/55"}],"replies":[{"embeddable":true,"href":"https:\/\/www.cruillabarcelona.cat\/es\/wp-json\/wp\/v2\/comments?post=63462"}],"version-history":[{"count":4,"href":"https:\/\/www.cruillabarcelona.cat\/es\/wp-json\/wp\/v2\/pages\/63462\/revisions"}],"predecessor-version":[{"id":63473,"href":"https:\/\/www.cruillabarcelona.cat\/es\/wp-json\/wp\/v2\/pages\/63462\/revisions\/63473"}],"wp:featuredmedia":[{"embeddable":true,"href":"https:\/\/www.cruillabarcelona.cat\/es\/wp-json\/wp\/v2\/media\/63446"}],"wp:attachment":[{"href":"https:\/\/www.cruillabarcelona.cat\/es\/wp-json\/wp\/v2\/media?parent=63462"}],"curies":[{"name":"wp","href":"https:\/\/api.w.org\/{rel}","templated":true}]}}