{"id":63476,"date":"2025-06-04T18:18:34","date_gmt":"2025-06-04T16:18:34","guid":{"rendered":"https:\/\/www.cruillabarcelona.cat\/dansa\/"},"modified":"2026-03-18T14:46:15","modified_gmt":"2026-03-18T12:46:15","slug":"dansa","status":"publish","type":"page","link":"https:\/\/www.cruillabarcelona.cat\/es\/dansa\/","title":{"rendered":"Cru\u00eflla Danza Bonpreu Esclat"},"content":{"rendered":"\n<div class=\"wp-block-cover alignfull has-custom-content-position is-position-bottom-left\" style=\"min-height:600px;aspect-ratio:unset;\"><img loading=\"lazy\" decoding=\"async\" width=\"1124\" height=\"749\" class=\"wp-block-cover__image-background wp-image-62983 size-large\" alt=\"\" src=\"https:\/\/www.cruillabarcelona.cat\/wp-content\/uploads\/2026\/03\/Dansa_Cruilla1-1124x749.jpg\" data-object-fit=\"cover\" srcset=\"https:\/\/www.cruillabarcelona.cat\/wp-content\/uploads\/2026\/03\/Dansa_Cruilla1-1124x749.jpg 1124w, https:\/\/www.cruillabarcelona.cat\/wp-content\/uploads\/2026\/03\/Dansa_Cruilla1-300x200.jpg 300w, https:\/\/www.cruillabarcelona.cat\/wp-content\/uploads\/2026\/03\/Dansa_Cruilla1-800x533.jpg 800w, https:\/\/www.cruillabarcelona.cat\/wp-content\/uploads\/2026\/03\/Dansa_Cruilla1.jpg 1200w\" sizes=\"auto, (max-width: 1124px) 100vw, 1124px\" \/><span aria-hidden=\"true\" class=\"wp-block-cover__background has-background-dim-70 has-background-dim wp-block-cover__gradient-background has-background-gradient\" style=\"background:linear-gradient(0deg,rgb(0,0,0) 0%,rgba(0,0,0,0) 33%)\"><\/span><div class=\"wp-block-cover__inner-container is-layout-flow wp-block-cover-is-layout-flow\">\n<p class=\"has-text-align-center has-large-font-size\"><\/p>\n<\/div><\/div>\n\n\n\n\n<div id=\"marquee-block_05f3803cc9eabab224a073e9a0b7f6fd-6522\" class=\"marquee wp-elements-f5f4ca61ef48e2b72b7cbfd534d3237f has-background-color has-foreground-background-color\" style=\"margin:0;\">\n\n    <div class=\"content\">\n    <div class=\"acf-innerblocks-container\">\n\n<div class=\"wp-block-group is-nowrap is-layout-flex wp-container-core-group-is-layout-41c4bebd wp-block-group-is-layout-flex\" style=\"padding-top:0;padding-bottom:0\">\n<p class=\"has-text-align-left block__paragraph has-primary-color has-text-color has-link-color has-small-font-size wp-elements-21bf9b943a1431e18cea91c82d6fed29\" style=\"margin-top:0;margin-right:0;margin-bottom:0;margin-left:0;padding-top:0;padding-right:0;padding-bottom:0;padding-left:0\"><strong>M\u00daSICA<\/strong><\/p>\n\n\n\n\n<div class=\"icon-circle svg-icon disable-click-for-preview wp-elements-d0a3c00aaff51a51a7335f7ed0d9cbbd has-foreground-color solid tiny\">\n<svg class=\"icon\" viewBox=\"0 0 60 60\"><use xlink:href=\"#cruilla\"><\/use><\/svg><\/div>\n\n\n\n<p class=\"has-text-align-left block__paragraph has-primary-color has-text-color has-link-color has-small-font-size wp-elements-b9756c9464f6e7a37a2ba1405062f9f9\" style=\"margin-top:0;margin-right:0;margin-bottom:0;margin-left:0;padding-top:0;padding-right:0;padding-bottom:0;padding-left:0\"><strong>COM\u00c8DIA<\/strong><\/p>\n\n\n\n\n<div class=\"icon-circle svg-icon disable-click-for-preview wp-elements-d0a3c00aaff51a51a7335f7ed0d9cbbd has-foreground-color solid tiny\">\n<svg class=\"icon\" viewBox=\"0 0 60 60\"><use xlink:href=\"#cruilla\"><\/use><\/svg><\/div>\n\n\n\n<p class=\"has-text-align-left block__paragraph has-primary-color has-text-color has-link-color has-small-font-size wp-elements-db74b0bcff7e3d50d9a96c72d9f2ef3b\" style=\"margin-top:0;margin-right:0;margin-bottom:0;margin-left:0;padding-top:0;padding-right:0;padding-bottom:0;padding-left:0\"><strong>ARTS<\/strong><\/p>\n\n\n\n\n<div class=\"icon-circle svg-icon disable-click-for-preview wp-elements-d0a3c00aaff51a51a7335f7ed0d9cbbd has-foreground-color solid tiny\">\n<svg class=\"icon\" viewBox=\"0 0 60 60\"><use xlink:href=\"#cruilla\"><\/use><\/svg><\/div>\n\n\n\n<p class=\"has-text-align-left block__paragraph has-primary-color has-text-color has-link-color has-small-font-size wp-elements-5926a2bfa900bc860de86571225ca7c9\" style=\"margin-top:0;margin-right:0;margin-bottom:0;margin-left:0;padding-top:0;padding-right:0;padding-bottom:0;padding-left:0\"><strong>SOSTENIBILITAT<\/strong><\/p>\n\n\n\n\n<div class=\"icon-circle svg-icon disable-click-for-preview wp-elements-d0a3c00aaff51a51a7335f7ed0d9cbbd has-foreground-color solid tiny\">\n<svg class=\"icon\" viewBox=\"0 0 60 60\"><use xlink:href=\"#cruilla\"><\/use><\/svg><\/div>\n\n\n\n<p class=\"has-text-align-left block__paragraph has-primary-color has-text-color has-link-color has-small-font-size wp-elements-c25bcd1430a8b0e7d006327f2a56df16\" style=\"margin-top:0;margin-right:0;margin-bottom:0;margin-left:0;padding-top:0;padding-right:0;padding-bottom:0;padding-left:0\"><strong>Del 8 a l&#8217;11 de juliol<\/strong><\/p>\n\n\n\n\n<div class=\"icon-circle svg-icon disable-click-for-preview wp-elements-d0a3c00aaff51a51a7335f7ed0d9cbbd has-foreground-color solid tiny\">\n<svg class=\"icon\" viewBox=\"0 0 60 60\"><use xlink:href=\"#cruilla\"><\/use><\/svg><\/div>\n\n\n\n<p class=\"has-text-align-left block__paragraph has-primary-color has-text-color has-link-color has-small-font-size wp-elements-21bf9b943a1431e18cea91c82d6fed29\" style=\"margin-top:0;margin-right:0;margin-bottom:0;margin-left:0;padding-top:0;padding-right:0;padding-bottom:0;padding-left:0\"><strong>M\u00daSICA<\/strong><\/p>\n\n\n\n\n<div class=\"icon-circle svg-icon disable-click-for-preview wp-elements-eacfd610ed206c74092dc7b81685447d has-transparent-color solid tiny\">\n<svg class=\"icon\" viewBox=\"0 0 60 60\"><use xlink:href=\"#cruilla\"><\/use><\/svg><\/div>\n\n\n\n<p class=\"has-text-align-left block__paragraph has-primary-color has-text-color has-link-color has-small-font-size wp-elements-b9756c9464f6e7a37a2ba1405062f9f9\" style=\"margin-top:0;margin-right:0;margin-bottom:0;margin-left:0;padding-top:0;padding-right:0;padding-bottom:0;padding-left:0\"><strong>COM\u00c8DIA<\/strong><\/p>\n\n\n\n\n<div class=\"icon-circle svg-icon disable-click-for-preview wp-elements-d0a3c00aaff51a51a7335f7ed0d9cbbd has-foreground-color solid tiny\">\n<svg class=\"icon\" viewBox=\"0 0 60 60\"><use xlink:href=\"#cruilla\"><\/use><\/svg><\/div>\n\n\n\n<p class=\"has-text-align-left block__paragraph has-primary-color has-text-color has-link-color has-small-font-size wp-elements-db74b0bcff7e3d50d9a96c72d9f2ef3b\" style=\"margin-top:0;margin-right:0;margin-bottom:0;margin-left:0;padding-top:0;padding-right:0;padding-bottom:0;padding-left:0\"><strong>ARTS<\/strong><\/p>\n\n\n\n\n<div class=\"icon-circle svg-icon disable-click-for-preview wp-elements-d0a3c00aaff51a51a7335f7ed0d9cbbd has-foreground-color solid tiny\">\n<svg class=\"icon\" viewBox=\"0 0 60 60\"><use xlink:href=\"#cruilla\"><\/use><\/svg><\/div>\n\n\n\n<p class=\"has-text-align-left block__paragraph has-primary-color has-text-color has-link-color has-small-font-size wp-elements-5926a2bfa900bc860de86571225ca7c9\" style=\"margin-top:0;margin-right:0;margin-bottom:0;margin-left:0;padding-top:0;padding-right:0;padding-bottom:0;padding-left:0\"><strong>SOSTENIBILITAT<\/strong><\/p>\n\n\n\n\n<div class=\"icon-circle svg-icon disable-click-for-preview wp-elements-d0a3c00aaff51a51a7335f7ed0d9cbbd has-foreground-color solid tiny\">\n<svg class=\"icon\" viewBox=\"0 0 60 60\"><use xlink:href=\"#cruilla\"><\/use><\/svg><\/div>\n\n\n\n<p class=\"has-text-align-left block__paragraph has-primary-color has-text-color has-link-color has-small-font-size wp-elements-c25bcd1430a8b0e7d006327f2a56df16\" style=\"margin-top:0;margin-right:0;margin-bottom:0;margin-left:0;padding-top:0;padding-right:0;padding-bottom:0;padding-left:0\"><strong>Del 8 a l&#8217;11 de juliol<\/strong><\/p>\n\n\n\n\n<div class=\"icon-circle svg-icon disable-click-for-preview wp-elements-d0a3c00aaff51a51a7335f7ed0d9cbbd has-foreground-color solid tiny\">\n<svg class=\"icon\" viewBox=\"0 0 60 60\"><use xlink:href=\"#cruilla\"><\/use><\/svg><\/div>\n<\/div>\n\n<\/div>    <\/div>\n\n\n\n<\/div>\n\n<script>\n    document.addEventListener(\"DOMContentLoaded\", function () {\n        function Marquee(selector, speed) {\n        const parentSelector = document.querySelector(selector);\n        const clone = parentSelector.innerHTML;\n        const firstElement = parentSelector.children[0];\n        let i = 0;\n        console.log(firstElement);\n        parentSelector.insertAdjacentHTML('beforeend', clone);\n        parentSelector.insertAdjacentHTML('beforeend', clone);\n\n        setInterval(function () {\n            firstElement.style.marginLeft = `-${i}px`;\n            if (i > firstElement.clientWidth) {\n                i = 0;\n            }\n            i = i + speed;\n        }, 0);\n    }\n\n    \/\/ After window is completed load\n    \/\/ 1) CLASS or ID selector for marquee\n    \/\/ 2) marquee speed 0.2\n    window.addEventListener('load', Marquee('#marquee-block_05f3803cc9eabab224a073e9a0b7f6fd-6522', 0.2))\n    });\n<\/script>\n\n\n<div class=\"wp-block-group has-background-color has-foreground-background-color has-text-color has-background has-link-color wp-elements-4c3e045d103a7817f0f99f38b60af425 has-global-padding is-layout-constrained wp-container-core-group-is-layout-c5bbea69 wp-block-group-is-layout-constrained\">\n<p class=\"has-secondary-color has-text-color has-link-color has-x-large-font-size wp-elements-542fd44d2d1cad004360e5c72e024106\" style=\"padding-right:5%;line-height:1\">CRU\u00cfLLA DANSA BONPREU ESCLAT: \u00a1EL CUERPO EN MOVIMIENTO, UNA NUEVA DIMENSI\u00d3N DEL FESTIVAL!<\/p>\n\n\n\n<div class=\"wp-block-columns is-layout-flex wp-container-core-columns-is-layout-f5a44f5b wp-block-columns-is-layout-flex\">\n<div class=\"wp-block-column is-layout-flow wp-block-column-is-layout-flow\">\n<p class=\"has-medium-font-size\">En la edici\u00f3n pasada presentamos una de las grandes novedades de 2025: naci\u00f3 Cru\u00eflla Dansa Bonpreu Esclat, un nuevo escenario dedicado \u00edntegramente al baile.<\/p>\n\n\n\n<p class=\"has-medium-font-size\">El baile siempre ha formado parte del esp\u00edritu Cru\u00eflla: desde coreograf\u00edas espont\u00e1neas entre el p\u00fablico hasta actuaciones que convirtieron el Parc del F\u00f2rum en una aut\u00e9ntica pista de baile. En 2025, sin embargo, dimos un paso m\u00e1s y le otorgamos al baile el espacio y la visibilidad que merec\u00eda, convirti\u00e9ndolo en una disciplina protagonista dentro del festival.<\/p>\n<\/div>\n\n\n\n<div class=\"wp-block-column is-layout-flow wp-block-column-is-layout-flow\">\n<p class=\"has-medium-font-size\">Con la colaboraci\u00f3n de Bonpreu Esclat, impulsamos un escenario dedicado al movimiento, la energ\u00eda y la creatividad f\u00edsica. Bailar es mucho m\u00e1s que moverse: es expresarse, hacer comunidad, liberar tensiones y conectar con la alegr\u00eda. Es salud, es arte y, sobre todo, es pura vitalidad.<\/p>\n\n\n\n<p class=\"has-medium-font-size\">En Cru\u00eflla Dansa Bonpreu Esclat se pudo disfrutar de una programaci\u00f3n diversa y vibrante, con los mejores grupos profesionales del momento, mostrando estilos, categor\u00edas y propuestas coreogr\u00e1ficas para todos los gustos. Desde danza urbana hasta improvisaci\u00f3n, pasando por exhibiciones sorprendentes de moda o sesiones de DJs que hicieron vibrar al p\u00fablico como nunca.<\/p>\n<\/div>\n<\/div>\n<\/div>\n\n\n\n<div class=\"wp-block-media-text is-stacked-on-mobile is-vertically-aligned-center has-foreground-color has-foreground-background-color has-text-color has-background has-link-color wp-elements-0b074a2c3715703ab6231543ec6c7b2b\" style=\"margin-top:0;margin-bottom:0;padding-top:0;padding-right:0;padding-bottom:0;padding-left:0\"><figure class=\"wp-block-media-text__media\"><img loading=\"lazy\" decoding=\"async\" width=\"916\" height=\"611\" src=\"https:\/\/www.cruillabarcelona.cat\/wp-content\/uploads\/2026\/03\/Dansa_Cruilla4.jpg\" alt=\"\" class=\"wp-image-62987 size-full\" srcset=\"https:\/\/www.cruillabarcelona.cat\/wp-content\/uploads\/2026\/03\/Dansa_Cruilla4.jpg 916w, https:\/\/www.cruillabarcelona.cat\/wp-content\/uploads\/2026\/03\/Dansa_Cruilla4-300x200.jpg 300w, https:\/\/www.cruillabarcelona.cat\/wp-content\/uploads\/2026\/03\/Dansa_Cruilla4-800x534.jpg 800w\" sizes=\"auto, (max-width: 916px) 100vw, 916px\" \/><\/figure><div class=\"wp-block-media-text__content\">\n<h2 class=\"wp-block-heading has-secondary-color has-text-color has-link-color has-x-large-font-size wp-elements-74cd750c68d8eb357d54fd02022c8554\" id=\"fusce-porttitor-a-mi-at-suscipit-facilisis-dolo\">Espect\u00e1culos<\/h2>\n\n\n\n<p class=\"has-background-color has-text-color has-link-color has-medium-font-size wp-elements-fef6424b8b1102e649115f49fc24c5e9\">Pudimos disfrutar de varias muestras de la mano de grandes compa\u00f1\u00edas locales de danza que englobaban todos los estilos y disciplinas.<\/p>\n<\/div><\/div>\n\n\n\n<div class=\"wp-block-media-text has-media-on-the-right is-stacked-on-mobile is-vertically-aligned-center has-foreground-color has-foreground-background-color has-text-color has-background has-link-color wp-elements-54452079dabdbe3fe9bd61b7b2b4d8a1\" style=\"margin-top:0;margin-bottom:0;padding-top:0;padding-right:0;padding-bottom:0;padding-left:0\"><div class=\"wp-block-media-text__content\">\n<h2 class=\"wp-block-heading has-secondary-color has-text-color has-link-color has-x-large-font-size wp-elements-4370eda8568f513dc50b5230af5fd763\" id=\"fusce-porttitor-a-mi-at-suscipit-facilisis-dolo\">Batallas<\/h2>\n\n\n\n<p class=\"has-background-color has-text-color has-link-color has-medium-font-size wp-elements-a124c29326fe8c11483f16d34df2ec55\">Una de las propuestas m\u00e1s atrevidas: presentamos las batallas de freestyle. Un cara a cara entre bailarines que mostraron lo mejor de s\u00ed mismos para ganar.<\/p>\n<\/div><figure class=\"wp-block-media-text__media\"><img loading=\"lazy\" decoding=\"async\" width=\"1124\" height=\"750\" src=\"https:\/\/www.cruillabarcelona.cat\/wp-content\/uploads\/2026\/03\/Dansa_Cruilla2-1124x750.jpg\" alt=\"\" class=\"wp-image-62990 size-full\" srcset=\"https:\/\/www.cruillabarcelona.cat\/wp-content\/uploads\/2026\/03\/Dansa_Cruilla2-1124x750.jpg 1124w, https:\/\/www.cruillabarcelona.cat\/wp-content\/uploads\/2026\/03\/Dansa_Cruilla2-300x200.jpg 300w, https:\/\/www.cruillabarcelona.cat\/wp-content\/uploads\/2026\/03\/Dansa_Cruilla2-800x534.jpg 800w, https:\/\/www.cruillabarcelona.cat\/wp-content\/uploads\/2026\/03\/Dansa_Cruilla2.jpg 1369w\" sizes=\"auto, (max-width: 1124px) 100vw, 1124px\" \/><\/figure><\/div>\n\n\n\n<div class=\"wp-block-media-text is-stacked-on-mobile is-vertically-aligned-center has-foreground-color has-foreground-background-color has-text-color has-background has-link-color wp-elements-1e8a07b61d2785b63bc2f537dcc4454b\" style=\"margin-top:0;margin-bottom:0;padding-top:0;padding-right:0;padding-bottom:0;padding-left:0\"><figure class=\"wp-block-media-text__media\"><img loading=\"lazy\" decoding=\"async\" width=\"1000\" height=\"667\" src=\"https:\/\/www.cruillabarcelona.cat\/wp-content\/uploads\/2026\/03\/Dansa_Cruilla7.jpg\" alt=\"\" class=\"wp-image-62993 size-full\" srcset=\"https:\/\/www.cruillabarcelona.cat\/wp-content\/uploads\/2026\/03\/Dansa_Cruilla7.jpg 1000w, https:\/\/www.cruillabarcelona.cat\/wp-content\/uploads\/2026\/03\/Dansa_Cruilla7-300x200.jpg 300w, https:\/\/www.cruillabarcelona.cat\/wp-content\/uploads\/2026\/03\/Dansa_Cruilla7-800x534.jpg 800w\" sizes=\"auto, (max-width: 1000px) 100vw, 1000px\" \/><\/figure><div class=\"wp-block-media-text__content\">\n<h2 class=\"wp-block-heading has-secondary-color has-text-color has-link-color has-x-large-font-size wp-elements-010795238e07324e9400e2ca8dbff086\" id=\"fusce-porttitor-a-mi-at-suscipit-facilisis-dolo\">Sesi\u00f3n de djs<\/h2>\n\n\n\n<p class=\"has-background-color has-text-color has-link-color has-medium-font-size wp-elements-49a971d5af71cf17cf7369261254e273\">Los encargados de poner los ritmos para las mejores coreograf\u00edas: \u00a1Las mejores sesiones de DJ llegaron al festival!<br><br><\/p>\n<\/div><\/div>\n\n\n\n<div class=\"wp-block-media-text has-media-on-the-right is-stacked-on-mobile is-vertically-aligned-center has-foreground-color has-foreground-background-color has-text-color has-background has-link-color wp-elements-e1e159e612cb310e9b872fcd434efe5d\" style=\"margin-top:0;margin-bottom:0;padding-top:0;padding-right:0;padding-bottom:0;padding-left:0\"><div class=\"wp-block-media-text__content\">\n<h2 class=\"wp-block-heading has-secondary-color has-text-color has-link-color has-x-large-font-size wp-elements-891841fb0e2580ecfc87c06b8b945a06\" id=\"fusce-porttitor-a-mi-at-suscipit-facilisis-dolo\">Moda<\/h2>\n\n\n\n<p class=\"has-background-color has-text-color has-link-color has-medium-font-size wp-elements-3f8213a80ca77bc795ac4e9e49bdd8d1\">Por primera vez, el talento de j\u00f3venes dise\u00f1adores se expuso en el festival en una muestra de moda reflejo de la Barcelona m\u00e1s creativa.<br><br><\/p>\n<\/div><figure class=\"wp-block-media-text__media\"><img loading=\"lazy\" decoding=\"async\" width=\"1124\" height=\"750\" src=\"https:\/\/www.cruillabarcelona.cat\/wp-content\/uploads\/2026\/03\/Dansa_Cruilla8-1124x750.jpg\" alt=\"\" class=\"wp-image-62996 size-full\" srcset=\"https:\/\/www.cruillabarcelona.cat\/wp-content\/uploads\/2026\/03\/Dansa_Cruilla8-1124x750.jpg 1124w, https:\/\/www.cruillabarcelona.cat\/wp-content\/uploads\/2026\/03\/Dansa_Cruilla8-300x200.jpg 300w, https:\/\/www.cruillabarcelona.cat\/wp-content\/uploads\/2026\/03\/Dansa_Cruilla8-800x534.jpg 800w, https:\/\/www.cruillabarcelona.cat\/wp-content\/uploads\/2026\/03\/Dansa_Cruilla8.jpg 1217w\" sizes=\"auto, (max-width: 1124px) 100vw, 1124px\" \/><\/figure><\/div>\n","protected":false},"excerpt":{"rendered":"<p>CRU\u00cfLLA DANSA BONPREU ESCLAT: \u00a1EL CUERPO EN MOVIMIENTO, UNA NUEVA DIMENSI\u00d3N DEL FESTIVAL! En la edici\u00f3n pasada presentamos una de las grandes novedades de 2025: naci\u00f3 [&hellip;]<\/p>\n","protected":false},"author":2,"featured_media":0,"parent":0,"menu_order":0,"comment_status":"closed","ping_status":"closed","template":"","meta":{"_acf_changed":false,"footnotes":""},"class_list":["post-63476","page","type-page","status-publish","hentry"],"acf":[],"yoast_head":"<!-- This site is optimized with the Yoast SEO plugin v27.3 - https:\/\/yoast.com\/product\/yoast-seo-wordpress\/ -->\n<title>Cru\u00eflla Danza Bonpreu Esclat - Festival Cru\u00eflla<\/title>\n<meta name=\"robots\" content=\"index, follow, max-snippet:-1, max-image-preview:large, max-video-preview:-1\" \/>\n<link rel=\"canonical\" href=\"https:\/\/www.cruillabarcelona.cat\/es\/dansa\/\" \/>\n<meta property=\"og:locale\" content=\"es_ES\" \/>\n<meta property=\"og:type\" content=\"article\" \/>\n<meta property=\"og:title\" content=\"Cru\u00eflla Danza Bonpreu Esclat - Festival Cru\u00eflla\" \/>\n<meta property=\"og:description\" content=\"CRU\u00cfLLA DANSA BONPREU ESCLAT: \u00a1EL CUERPO EN MOVIMIENTO, UNA NUEVA DIMENSI\u00d3N DEL FESTIVAL! En la edici\u00f3n pasada presentamos una de las grandes novedades de 2025: naci\u00f3 [&hellip;]\" \/>\n<meta property=\"og:url\" content=\"https:\/\/www.cruillabarcelona.cat\/es\/dansa\/\" \/>\n<meta property=\"og:site_name\" content=\"Festival Cru\u00eflla\" \/>\n<meta property=\"article:modified_time\" content=\"2026-03-18T12:46:15+00:00\" \/>\n<meta property=\"og:image\" content=\"https:\/\/www.cruillabarcelona.cat\/wp-content\/uploads\/2026\/03\/Dansa_Cruilla1-1124x749.jpg\" \/>\n<meta name=\"twitter:card\" content=\"summary_large_image\" \/>\n<meta name=\"twitter:label1\" content=\"Tiempo de lectura\" \/>\n\t<meta name=\"twitter:data1\" content=\"3 minutos\" \/>\n<script type=\"application\/ld+json\" class=\"yoast-schema-graph\">{\"@context\":\"https:\\\/\\\/schema.org\",\"@graph\":[{\"@type\":\"WebPage\",\"@id\":\"https:\\\/\\\/www.cruillabarcelona.cat\\\/es\\\/dansa\\\/\",\"url\":\"https:\\\/\\\/www.cruillabarcelona.cat\\\/es\\\/dansa\\\/\",\"name\":\"Cru\u00eflla Danza Bonpreu Esclat - Festival Cru\u00eflla\",\"isPartOf\":{\"@id\":\"https:\\\/\\\/www.cruillabarcelona.cat\\\/es\\\/#website\"},\"primaryImageOfPage\":{\"@id\":\"https:\\\/\\\/www.cruillabarcelona.cat\\\/es\\\/dansa\\\/#primaryimage\"},\"image\":{\"@id\":\"https:\\\/\\\/www.cruillabarcelona.cat\\\/es\\\/dansa\\\/#primaryimage\"},\"thumbnailUrl\":\"https:\\\/\\\/www.cruillabarcelona.cat\\\/wp-content\\\/uploads\\\/2026\\\/03\\\/Dansa_Cruilla1-1124x749.jpg\",\"datePublished\":\"2025-06-04T16:18:34+00:00\",\"dateModified\":\"2026-03-18T12:46:15+00:00\",\"breadcrumb\":{\"@id\":\"https:\\\/\\\/www.cruillabarcelona.cat\\\/es\\\/dansa\\\/#breadcrumb\"},\"inLanguage\":\"es\",\"potentialAction\":[{\"@type\":\"ReadAction\",\"target\":[\"https:\\\/\\\/www.cruillabarcelona.cat\\\/es\\\/dansa\\\/\"]}]},{\"@type\":\"ImageObject\",\"inLanguage\":\"es\",\"@id\":\"https:\\\/\\\/www.cruillabarcelona.cat\\\/es\\\/dansa\\\/#primaryimage\",\"url\":\"https:\\\/\\\/www.cruillabarcelona.cat\\\/wp-content\\\/uploads\\\/2026\\\/03\\\/Dansa_Cruilla1-1124x749.jpg\",\"contentUrl\":\"https:\\\/\\\/www.cruillabarcelona.cat\\\/wp-content\\\/uploads\\\/2026\\\/03\\\/Dansa_Cruilla1-1124x749.jpg\"},{\"@type\":\"BreadcrumbList\",\"@id\":\"https:\\\/\\\/www.cruillabarcelona.cat\\\/es\\\/dansa\\\/#breadcrumb\",\"itemListElement\":[{\"@type\":\"ListItem\",\"position\":1,\"name\":\"Home\",\"item\":\"https:\\\/\\\/www.cruillabarcelona.cat\\\/es\\\/\"},{\"@type\":\"ListItem\",\"position\":2,\"name\":\"Cru\u00eflla Danza Bonpreu Esclat\"}]},{\"@type\":\"WebSite\",\"@id\":\"https:\\\/\\\/www.cruillabarcelona.cat\\\/es\\\/#website\",\"url\":\"https:\\\/\\\/www.cruillabarcelona.cat\\\/es\\\/\",\"name\":\"Festival Cru\u00eflla\",\"description\":\"\",\"publisher\":{\"@id\":\"https:\\\/\\\/www.cruillabarcelona.cat\\\/es\\\/#organization\"},\"potentialAction\":[{\"@type\":\"SearchAction\",\"target\":{\"@type\":\"EntryPoint\",\"urlTemplate\":\"https:\\\/\\\/www.cruillabarcelona.cat\\\/es\\\/?s={search_term_string}\"},\"query-input\":{\"@type\":\"PropertyValueSpecification\",\"valueRequired\":true,\"valueName\":\"search_term_string\"}}],\"inLanguage\":\"es\"},{\"@type\":\"Organization\",\"@id\":\"https:\\\/\\\/www.cruillabarcelona.cat\\\/es\\\/#organization\",\"name\":\"Festival Cru\u00eflla\",\"url\":\"https:\\\/\\\/www.cruillabarcelona.cat\\\/es\\\/\",\"logo\":{\"@type\":\"ImageObject\",\"inLanguage\":\"es\",\"@id\":\"https:\\\/\\\/www.cruillabarcelona.cat\\\/es\\\/#\\\/schema\\\/logo\\\/image\\\/\",\"url\":\"https:\\\/\\\/www.cruillabarcelona.cat\\\/wp-content\\\/uploads\\\/2025\\\/12\\\/cruill-logo-negativo.png\",\"contentUrl\":\"https:\\\/\\\/www.cruillabarcelona.cat\\\/wp-content\\\/uploads\\\/2025\\\/12\\\/cruill-logo-negativo.png\",\"width\":400,\"height\":101,\"caption\":\"Festival Cru\u00eflla\"},\"image\":{\"@id\":\"https:\\\/\\\/www.cruillabarcelona.cat\\\/es\\\/#\\\/schema\\\/logo\\\/image\\\/\"}}]}<\/script>\n<!-- \/ Yoast SEO plugin. -->","yoast_head_json":{"title":"Cru\u00eflla Danza Bonpreu Esclat - Festival Cru\u00eflla","robots":{"index":"index","follow":"follow","max-snippet":"max-snippet:-1","max-image-preview":"max-image-preview:large","max-video-preview":"max-video-preview:-1"},"canonical":"https:\/\/www.cruillabarcelona.cat\/es\/dansa\/","og_locale":"es_ES","og_type":"article","og_title":"Cru\u00eflla Danza Bonpreu Esclat - Festival Cru\u00eflla","og_description":"CRU\u00cfLLA DANSA BONPREU ESCLAT: \u00a1EL CUERPO EN MOVIMIENTO, UNA NUEVA DIMENSI\u00d3N DEL FESTIVAL! En la edici\u00f3n pasada presentamos una de las grandes novedades de 2025: naci\u00f3 [&hellip;]","og_url":"https:\/\/www.cruillabarcelona.cat\/es\/dansa\/","og_site_name":"Festival Cru\u00eflla","article_modified_time":"2026-03-18T12:46:15+00:00","og_image":[{"url":"https:\/\/www.cruillabarcelona.cat\/wp-content\/uploads\/2026\/03\/Dansa_Cruilla1-1124x749.jpg","type":"","width":"","height":""}],"twitter_card":"summary_large_image","twitter_misc":{"Tiempo de lectura":"3 minutos"},"schema":{"@context":"https:\/\/schema.org","@graph":[{"@type":"WebPage","@id":"https:\/\/www.cruillabarcelona.cat\/es\/dansa\/","url":"https:\/\/www.cruillabarcelona.cat\/es\/dansa\/","name":"Cru\u00eflla Danza Bonpreu Esclat - Festival Cru\u00eflla","isPartOf":{"@id":"https:\/\/www.cruillabarcelona.cat\/es\/#website"},"primaryImageOfPage":{"@id":"https:\/\/www.cruillabarcelona.cat\/es\/dansa\/#primaryimage"},"image":{"@id":"https:\/\/www.cruillabarcelona.cat\/es\/dansa\/#primaryimage"},"thumbnailUrl":"https:\/\/www.cruillabarcelona.cat\/wp-content\/uploads\/2026\/03\/Dansa_Cruilla1-1124x749.jpg","datePublished":"2025-06-04T16:18:34+00:00","dateModified":"2026-03-18T12:46:15+00:00","breadcrumb":{"@id":"https:\/\/www.cruillabarcelona.cat\/es\/dansa\/#breadcrumb"},"inLanguage":"es","potentialAction":[{"@type":"ReadAction","target":["https:\/\/www.cruillabarcelona.cat\/es\/dansa\/"]}]},{"@type":"ImageObject","inLanguage":"es","@id":"https:\/\/www.cruillabarcelona.cat\/es\/dansa\/#primaryimage","url":"https:\/\/www.cruillabarcelona.cat\/wp-content\/uploads\/2026\/03\/Dansa_Cruilla1-1124x749.jpg","contentUrl":"https:\/\/www.cruillabarcelona.cat\/wp-content\/uploads\/2026\/03\/Dansa_Cruilla1-1124x749.jpg"},{"@type":"BreadcrumbList","@id":"https:\/\/www.cruillabarcelona.cat\/es\/dansa\/#breadcrumb","itemListElement":[{"@type":"ListItem","position":1,"name":"Home","item":"https:\/\/www.cruillabarcelona.cat\/es\/"},{"@type":"ListItem","position":2,"name":"Cru\u00eflla Danza Bonpreu Esclat"}]},{"@type":"WebSite","@id":"https:\/\/www.cruillabarcelona.cat\/es\/#website","url":"https:\/\/www.cruillabarcelona.cat\/es\/","name":"Festival Cru\u00eflla","description":"","publisher":{"@id":"https:\/\/www.cruillabarcelona.cat\/es\/#organization"},"potentialAction":[{"@type":"SearchAction","target":{"@type":"EntryPoint","urlTemplate":"https:\/\/www.cruillabarcelona.cat\/es\/?s={search_term_string}"},"query-input":{"@type":"PropertyValueSpecification","valueRequired":true,"valueName":"search_term_string"}}],"inLanguage":"es"},{"@type":"Organization","@id":"https:\/\/www.cruillabarcelona.cat\/es\/#organization","name":"Festival Cru\u00eflla","url":"https:\/\/www.cruillabarcelona.cat\/es\/","logo":{"@type":"ImageObject","inLanguage":"es","@id":"https:\/\/www.cruillabarcelona.cat\/es\/#\/schema\/logo\/image\/","url":"https:\/\/www.cruillabarcelona.cat\/wp-content\/uploads\/2025\/12\/cruill-logo-negativo.png","contentUrl":"https:\/\/www.cruillabarcelona.cat\/wp-content\/uploads\/2025\/12\/cruill-logo-negativo.png","width":400,"height":101,"caption":"Festival Cru\u00eflla"},"image":{"@id":"https:\/\/www.cruillabarcelona.cat\/es\/#\/schema\/logo\/image\/"}}]}},"_links":{"self":[{"href":"https:\/\/www.cruillabarcelona.cat\/es\/wp-json\/wp\/v2\/pages\/63476","targetHints":{"allow":["GET"]}}],"collection":[{"href":"https:\/\/www.cruillabarcelona.cat\/es\/wp-json\/wp\/v2\/pages"}],"about":[{"href":"https:\/\/www.cruillabarcelona.cat\/es\/wp-json\/wp\/v2\/types\/page"}],"author":[{"embeddable":true,"href":"https:\/\/www.cruillabarcelona.cat\/es\/wp-json\/wp\/v2\/users\/2"}],"replies":[{"embeddable":true,"href":"https:\/\/www.cruillabarcelona.cat\/es\/wp-json\/wp\/v2\/comments?post=63476"}],"version-history":[{"count":2,"href":"https:\/\/www.cruillabarcelona.cat\/es\/wp-json\/wp\/v2\/pages\/63476\/revisions"}],"predecessor-version":[{"id":63484,"href":"https:\/\/www.cruillabarcelona.cat\/es\/wp-json\/wp\/v2\/pages\/63476\/revisions\/63484"}],"wp:attachment":[{"href":"https:\/\/www.cruillabarcelona.cat\/es\/wp-json\/wp\/v2\/media?parent=63476"}],"curies":[{"name":"wp","href":"https:\/\/api.w.org\/{rel}","templated":true}]}}