{"id":63488,"date":"2018-06-29T11:59:02","date_gmt":"2018-06-29T09:59:02","guid":{"rendered":"https:\/\/www.cruillabarcelona.cat\/infos\/preguntes-recinte\/"},"modified":"2026-04-07T14:41:25","modified_gmt":"2026-04-07T12:41:25","slug":"preguntes-recinte","status":"publish","type":"page","link":"https:\/\/www.cruillabarcelona.cat\/es\/infos\/preguntes-recinte\/","title":{"rendered":"Preguntas sobre el recinto"},"content":{"rendered":"\n<header class=\"wp-block-group has-foreground-background-color has-background is-layout-flow wp-block-group-is-layout-flow\" style=\"margin-top:0;margin-bottom:0\"><h1 style=\"line-height:1.2;text-transform:uppercase;\" class=\"has-text-align-center has-link-color wp-elements-b68ac12c420099fa2af427171991f2c5 wp-block-post-title has-text-color has-background-color has-x-large-font-size\">Preguntas sobre el recinto<\/h1><\/header>\n\n\n\n<div class=\"wp-block-group has-foreground-background-color has-background has-global-padding is-layout-constrained wp-block-group-is-layout-constrained\">\n<div class=\"wp-block-columns has-foreground-background-color has-background is-layout-flex wp-container-core-columns-is-layout-039d06b3 wp-block-columns-is-layout-flex\" style=\"margin-top:0;margin-bottom:0;padding-right:0;padding-left:0\">\n<div class=\"wp-block-column is-layout-flow wp-block-column-is-layout-flow\" style=\"flex-basis:25%\">\n<div class=\"wp-block-group has-background-background-color has-background has-global-padding is-layout-constrained wp-container-core-group-is-layout-f611be13 wp-block-group-is-layout-constrained\" style=\"padding-top:var(--wp--preset--spacing--50);padding-right:var(--wp--preset--spacing--50);padding-bottom:var(--wp--preset--spacing--50);padding-left:var(--wp--preset--spacing--50)\"><nav style=\"line-height:1;text-transform:uppercase;\" class=\"has-small-font-size  is-vertical wp-block-navigation is-layout-flex wp-container-core-navigation-is-layout-355c4241 wp-block-navigation-is-layout-flex\" aria-label=\"FAQ_ES\"><ul style=\"line-height:1;text-transform:uppercase;\" class=\"wp-block-navigation__container has-small-font-size  is-vertical wp-block-navigation has-small-font-size\"><li class=\"has-small-font-size wp-block-navigation-item wp-block-navigation-link\"><a class=\"wp-block-navigation-item__content\"  href=\"https:\/\/www.cruillabarcelona.cat\/es\/infos\/preguntes-recinte\/\"><span class=\"wp-block-navigation-item__label\">Preguntas sobre el recinto<\/span><\/a><\/li><li class=\"has-small-font-size wp-block-navigation-item wp-block-navigation-link\"><a class=\"wp-block-navigation-item__content\"  href=\"https:\/\/www.cruillabarcelona.cat\/es\/infos\/preguntes-frequents\/\"><span class=\"wp-block-navigation-item__label\">Preguntas sobre entradas<\/span><\/a><\/li><li class=\"has-small-font-size wp-block-navigation-item wp-block-navigation-link\"><a class=\"wp-block-navigation-item__content\"  href=\"https:\/\/www.cruillabarcelona.cat\/es\/infos\/menors\/\"><span class=\"wp-block-navigation-item__label\">Pol\u00edtica de menores<\/span><\/a><\/li><li class=\"has-small-font-size wp-block-navigation-item wp-block-navigation-link\"><a class=\"wp-block-navigation-item__content\"  href=\"https:\/\/www.cruillabarcelona.cat\/es\/infos\/com-arribar\/\"><span class=\"wp-block-navigation-item__label\">C\u00f3mo llegar e irse del recinto<\/span><\/a><\/li><li class=\"has-small-font-size wp-block-navigation-item wp-block-navigation-link\"><a class=\"wp-block-navigation-item__content\"  href=\"https:\/\/www.cruillabarcelona.cat\/es\/infos\/descomptes\/\"><span class=\"wp-block-navigation-item__label\">Descuentos<\/span><\/a><\/li><li class=\"has-small-font-size wp-block-navigation-item wp-block-navigation-link\"><a class=\"wp-block-navigation-item__content\"  href=\"https:\/\/www.cruillabarcelona.cat\/es\/premsa\/\"><span class=\"wp-block-navigation-item__label\">Prensa<\/span><\/a><\/li><\/ul><\/nav><\/div>\n<\/div>\n\n\n\n<div class=\"wp-block-column is-layout-flow wp-container-core-column-is-layout-22223934 wp-block-column-is-layout-flow\">\n<details class=\"wp-block-details has-background-background-color has-background is-layout-flow wp-block-details-is-layout-flow\"><summary>\u00bfC\u00f3mo ser\u00e1 el Festival Cru\u00eflla 2026?<\/summary>\n<p class=\"has-small-font-size\">El Festival Cru\u00eflla 2026 es un evento de m\u00fasica, comedia y artes que se celebrar\u00e1 del 8 al 11 de julio en el Parc del F\u00f2rum, un recinto al aire libre con espacio para bailar y saltar, pero tambi\u00e9n con zonas de descanso.<\/p>\n\n\n\n<p class=\"has-small-font-size\">Dentro del recinto encontrar\u00e1s conciertos y actividades de todo tipo, adem\u00e1s de barras para pedir bebidas y zonas gastron\u00f3micas con mesas y una variada oferta de comida. Todos los conciertos tendr\u00e1n una duraci\u00f3n est\u00e1ndar de entre 75 y 90 minutos.<\/p>\n<\/details>\n\n\n\n<details class=\"wp-block-details has-background-background-color has-background is-layout-flow wp-block-details-is-layout-flow\"><summary>\u00bfC\u00f3mo llegar e irse del recinto?<\/summary>\n<p class=\"has-small-font-size\">Consulta todas las opciones de transporte <a href=\"https:\/\/www.cruillabarcelona.com\/ca\/infos\/com-arribar\/\" target=\"_blank\" rel=\"noreferrer noopener\">AQU\u00cd<\/a>.<\/p>\n<\/details>\n\n\n\n<details class=\"wp-block-details has-background-background-color has-background is-layout-flow wp-block-details-is-layout-flow\"><summary>Movilidad reducida<\/summary>\n<p class=\"has-small-font-size\">El F\u00f2rum est\u00e1 totalmente adaptado a las personas con movilidad reducida y todos los escenarios tienen una&nbsp;<strong>zona reservada<\/strong>.<\/p>\n<\/details>\n\n\n\n<details class=\"wp-block-details has-background-background-color has-background is-layout-flow wp-block-details-is-layout-flow\"><summary>\u00bfQu\u00e9 comida encontrar\u00e9 en el festival?<\/summary>\n<p class=\"has-small-font-size\">Este a\u00f1o encontrar\u00e1s una amplia variedad gastron\u00f3mica, incluyendo opciones vegetarianas, veganas, sin gluten y sin lactosa.<br>En las barras tambi\u00e9n habr\u00e1 <strong>cerveza sin gluten<\/strong> y <strong>sin alcohol<\/strong>.<\/p>\n<\/details>\n\n\n\n<details class=\"wp-block-details has-background-background-color has-background is-layout-flow wp-block-details-is-layout-flow\"><summary>\u00bfPuedo acceder con comida?<\/summary>\n<p class=\"has-small-font-size\">Se puede acceder con comida, pero no con cubiertos ni envases de vidrio. La \u00fanica bebida que se permite entrar son botellas de agua de 33cl sin tap\u00f3n.<\/p>\n\n\n\n<p class=\"has-small-font-size\">NO se puede acceder al recinto con botellas reutilizables (pl\u00e1stico, vidrio o metal).<\/p>\n<\/details>\n\n\n\n<details class=\"wp-block-details has-background-background-color has-background is-layout-flow wp-block-details-is-layout-flow\"><summary>Objetos permitidos en el recinto<\/summary>\n<p class=\"has-small-font-size\">No est\u00e1 permitida la entrada de c\u00e1maras profesionales de foto o v\u00eddeo, cascos de moto, palos de selfie, bolsas o maletas grandes, patinetes, skates, bicicletas, sillas ni taburetes.<br>Tampoco se permite el acceso con animales.<\/p>\n\n\n\n<p class=\"has-small-font-size\">NO se puede acceder al recinto con botllas reutilizables (pl\u00e1stico, vidrio o metal).<\/p>\n<\/details>\n\n\n\n<details class=\"wp-block-details has-background-background-color has-background is-layout-flow wp-block-details-is-layout-flow\"><summary>Objetos perdidos<\/summary>\n<p class=\"has-small-font-size\">Si perdiste alg\u00fan objeto durante el festival, puedes enviar un mail a festival@cruillabarcelona.com e intentaremos localizarlo.<\/p>\n<\/details>\n\n\n\n<details class=\"wp-block-details has-background-background-color has-background is-layout-flow wp-block-details-is-layout-flow\"><summary>\u00bfHay fuentes de agua en el recinto?<\/summary>\n<p class=\"has-small-font-size\">Hay habilitadas 4 fuentes de agua potable gratuita en el recinto. \u00a1Recuerda hidratarte en las horas de m\u00e1s calor!<\/p>\n<\/details>\n\n\n\n<details class=\"wp-block-details has-background-background-color has-background is-layout-flow wp-block-details-is-layout-flow\"><summary>Servicio m\u00e9dico <\/summary>\n<p class=\"has-small-font-size\">Encontrar\u00e1s el<strong>&nbsp;cami\u00f3n de atenci\u00f3n m\u00e9dica del RACC&nbsp;<\/strong>al lado del Escenario Vueling, en la parte superior de las gradas.<\/p>\n<\/details>\n\n\n\n<p class=\"has-background-color has-text-color has-link-color wp-elements-9b945475cea13eaf1a764ef804148d03\">Si no hemos resuelto tus dudas, <a href=\"https:\/\/www.cruillabarcelona.cat\/es\/contactar\/\">cont\u00e1ctanos<\/a><\/p>\n<\/div>\n<\/div>\n<\/div>\n","protected":false},"excerpt":{"rendered":"<p>Si no hemos resuelto tus dudas, cont\u00e1ctanos<\/p>\n","protected":false},"author":2,"featured_media":0,"parent":581,"menu_order":1,"comment_status":"closed","ping_status":"closed","template":"","meta":{"_acf_changed":false,"footnotes":""},"class_list":["post-63488","page","type-page","status-publish","hentry"],"acf":[],"yoast_head":"<!-- This site is optimized with the Yoast SEO plugin v27.3 - https:\/\/yoast.com\/product\/yoast-seo-wordpress\/ -->\n<title>Preguntes freq\u00fcents sobre el recinte del Festival Cru\u00eflla 2025<\/title>\n<meta name=\"description\" content=\"Resolem tots els dubtes que pots tenir abans de celebrar el Festival Cru\u00eflla 2025. 9, 10, 11, 12 de juliol al Parc del F\u00f2rum de Barcelona\" \/>\n<meta name=\"robots\" content=\"index, follow, max-snippet:-1, max-image-preview:large, max-video-preview:-1\" \/>\n<link rel=\"canonical\" href=\"https:\/\/www.cruillabarcelona.cat\/es\/infos\/preguntes-recinte\/\" \/>\n<meta property=\"og:locale\" content=\"es_ES\" \/>\n<meta property=\"og:type\" content=\"article\" \/>\n<meta property=\"og:title\" content=\"Preguntes freq\u00fcents sobre el recinte del Festival Cru\u00eflla 2025\" \/>\n<meta property=\"og:description\" content=\"Resolem tots els dubtes que pots tenir abans de celebrar el Festival Cru\u00eflla 2025. 9, 10, 11, 12 de juliol al Parc del F\u00f2rum de Barcelona\" \/>\n<meta property=\"og:url\" content=\"https:\/\/www.cruillabarcelona.cat\/es\/infos\/preguntes-recinte\/\" \/>\n<meta property=\"og:site_name\" content=\"Festival Cru\u00eflla\" \/>\n<meta property=\"article:modified_time\" content=\"2026-04-07T12:41:25+00:00\" \/>\n<meta name=\"twitter:card\" content=\"summary_large_image\" \/>\n<meta name=\"twitter:label1\" content=\"Tiempo de lectura\" \/>\n\t<meta name=\"twitter:data1\" content=\"2 minutos\" \/>\n<script type=\"application\/ld+json\" class=\"yoast-schema-graph\">{\"@context\":\"https:\\\/\\\/schema.org\",\"@graph\":[{\"@type\":\"WebPage\",\"@id\":\"https:\\\/\\\/www.cruillabarcelona.cat\\\/es\\\/infos\\\/preguntes-recinte\\\/\",\"url\":\"https:\\\/\\\/www.cruillabarcelona.cat\\\/es\\\/infos\\\/preguntes-recinte\\\/\",\"name\":\"Preguntes freq\u00fcents sobre el recinte del Festival Cru\u00eflla 2025\",\"isPartOf\":{\"@id\":\"https:\\\/\\\/www.cruillabarcelona.cat\\\/es\\\/#website\"},\"datePublished\":\"2018-06-29T09:59:02+00:00\",\"dateModified\":\"2026-04-07T12:41:25+00:00\",\"description\":\"Resolem tots els dubtes que pots tenir abans de celebrar el Festival Cru\u00eflla 2025. 9, 10, 11, 12 de juliol al Parc del F\u00f2rum de Barcelona\",\"breadcrumb\":{\"@id\":\"https:\\\/\\\/www.cruillabarcelona.cat\\\/es\\\/infos\\\/preguntes-recinte\\\/#breadcrumb\"},\"inLanguage\":\"es\",\"potentialAction\":[{\"@type\":\"ReadAction\",\"target\":[\"https:\\\/\\\/www.cruillabarcelona.cat\\\/es\\\/infos\\\/preguntes-recinte\\\/\"]}]},{\"@type\":\"BreadcrumbList\",\"@id\":\"https:\\\/\\\/www.cruillabarcelona.cat\\\/es\\\/infos\\\/preguntes-recinte\\\/#breadcrumb\",\"itemListElement\":[{\"@type\":\"ListItem\",\"position\":1,\"name\":\"Home\",\"item\":\"https:\\\/\\\/www.cruillabarcelona.cat\\\/es\\\/\"},{\"@type\":\"ListItem\",\"position\":2,\"name\":\"Infos Festival Cru\u00eflla 2026\",\"item\":\"https:\\\/\\\/www.cruillabarcelona.cat\\\/es\\\/infos\\\/\"},{\"@type\":\"ListItem\",\"position\":3,\"name\":\"Preguntas sobre el recinto\"}]},{\"@type\":\"WebSite\",\"@id\":\"https:\\\/\\\/www.cruillabarcelona.cat\\\/es\\\/#website\",\"url\":\"https:\\\/\\\/www.cruillabarcelona.cat\\\/es\\\/\",\"name\":\"Festival Cru\u00eflla\",\"description\":\"\",\"publisher\":{\"@id\":\"https:\\\/\\\/www.cruillabarcelona.cat\\\/es\\\/#organization\"},\"potentialAction\":[{\"@type\":\"SearchAction\",\"target\":{\"@type\":\"EntryPoint\",\"urlTemplate\":\"https:\\\/\\\/www.cruillabarcelona.cat\\\/es\\\/?s={search_term_string}\"},\"query-input\":{\"@type\":\"PropertyValueSpecification\",\"valueRequired\":true,\"valueName\":\"search_term_string\"}}],\"inLanguage\":\"es\"},{\"@type\":\"Organization\",\"@id\":\"https:\\\/\\\/www.cruillabarcelona.cat\\\/es\\\/#organization\",\"name\":\"Festival Cru\u00eflla\",\"url\":\"https:\\\/\\\/www.cruillabarcelona.cat\\\/es\\\/\",\"logo\":{\"@type\":\"ImageObject\",\"inLanguage\":\"es\",\"@id\":\"https:\\\/\\\/www.cruillabarcelona.cat\\\/es\\\/#\\\/schema\\\/logo\\\/image\\\/\",\"url\":\"https:\\\/\\\/www.cruillabarcelona.cat\\\/wp-content\\\/uploads\\\/2025\\\/12\\\/cruill-logo-negativo.png\",\"contentUrl\":\"https:\\\/\\\/www.cruillabarcelona.cat\\\/wp-content\\\/uploads\\\/2025\\\/12\\\/cruill-logo-negativo.png\",\"width\":400,\"height\":101,\"caption\":\"Festival Cru\u00eflla\"},\"image\":{\"@id\":\"https:\\\/\\\/www.cruillabarcelona.cat\\\/es\\\/#\\\/schema\\\/logo\\\/image\\\/\"}}]}<\/script>\n<!-- \/ Yoast SEO plugin. -->","yoast_head_json":{"title":"Preguntes freq\u00fcents sobre el recinte del Festival Cru\u00eflla 2025","description":"Resolem tots els dubtes que pots tenir abans de celebrar el Festival Cru\u00eflla 2025. 9, 10, 11, 12 de juliol al Parc del F\u00f2rum de Barcelona","robots":{"index":"index","follow":"follow","max-snippet":"max-snippet:-1","max-image-preview":"max-image-preview:large","max-video-preview":"max-video-preview:-1"},"canonical":"https:\/\/www.cruillabarcelona.cat\/es\/infos\/preguntes-recinte\/","og_locale":"es_ES","og_type":"article","og_title":"Preguntes freq\u00fcents sobre el recinte del Festival Cru\u00eflla 2025","og_description":"Resolem tots els dubtes que pots tenir abans de celebrar el Festival Cru\u00eflla 2025. 9, 10, 11, 12 de juliol al Parc del F\u00f2rum de Barcelona","og_url":"https:\/\/www.cruillabarcelona.cat\/es\/infos\/preguntes-recinte\/","og_site_name":"Festival Cru\u00eflla","article_modified_time":"2026-04-07T12:41:25+00:00","twitter_card":"summary_large_image","twitter_misc":{"Tiempo de lectura":"2 minutos"},"schema":{"@context":"https:\/\/schema.org","@graph":[{"@type":"WebPage","@id":"https:\/\/www.cruillabarcelona.cat\/es\/infos\/preguntes-recinte\/","url":"https:\/\/www.cruillabarcelona.cat\/es\/infos\/preguntes-recinte\/","name":"Preguntes freq\u00fcents sobre el recinte del Festival Cru\u00eflla 2025","isPartOf":{"@id":"https:\/\/www.cruillabarcelona.cat\/es\/#website"},"datePublished":"2018-06-29T09:59:02+00:00","dateModified":"2026-04-07T12:41:25+00:00","description":"Resolem tots els dubtes que pots tenir abans de celebrar el Festival Cru\u00eflla 2025. 9, 10, 11, 12 de juliol al Parc del F\u00f2rum de Barcelona","breadcrumb":{"@id":"https:\/\/www.cruillabarcelona.cat\/es\/infos\/preguntes-recinte\/#breadcrumb"},"inLanguage":"es","potentialAction":[{"@type":"ReadAction","target":["https:\/\/www.cruillabarcelona.cat\/es\/infos\/preguntes-recinte\/"]}]},{"@type":"BreadcrumbList","@id":"https:\/\/www.cruillabarcelona.cat\/es\/infos\/preguntes-recinte\/#breadcrumb","itemListElement":[{"@type":"ListItem","position":1,"name":"Home","item":"https:\/\/www.cruillabarcelona.cat\/es\/"},{"@type":"ListItem","position":2,"name":"Infos Festival Cru\u00eflla 2026","item":"https:\/\/www.cruillabarcelona.cat\/es\/infos\/"},{"@type":"ListItem","position":3,"name":"Preguntas sobre el recinto"}]},{"@type":"WebSite","@id":"https:\/\/www.cruillabarcelona.cat\/es\/#website","url":"https:\/\/www.cruillabarcelona.cat\/es\/","name":"Festival Cru\u00eflla","description":"","publisher":{"@id":"https:\/\/www.cruillabarcelona.cat\/es\/#organization"},"potentialAction":[{"@type":"SearchAction","target":{"@type":"EntryPoint","urlTemplate":"https:\/\/www.cruillabarcelona.cat\/es\/?s={search_term_string}"},"query-input":{"@type":"PropertyValueSpecification","valueRequired":true,"valueName":"search_term_string"}}],"inLanguage":"es"},{"@type":"Organization","@id":"https:\/\/www.cruillabarcelona.cat\/es\/#organization","name":"Festival Cru\u00eflla","url":"https:\/\/www.cruillabarcelona.cat\/es\/","logo":{"@type":"ImageObject","inLanguage":"es","@id":"https:\/\/www.cruillabarcelona.cat\/es\/#\/schema\/logo\/image\/","url":"https:\/\/www.cruillabarcelona.cat\/wp-content\/uploads\/2025\/12\/cruill-logo-negativo.png","contentUrl":"https:\/\/www.cruillabarcelona.cat\/wp-content\/uploads\/2025\/12\/cruill-logo-negativo.png","width":400,"height":101,"caption":"Festival Cru\u00eflla"},"image":{"@id":"https:\/\/www.cruillabarcelona.cat\/es\/#\/schema\/logo\/image\/"}}]}},"_links":{"self":[{"href":"https:\/\/www.cruillabarcelona.cat\/es\/wp-json\/wp\/v2\/pages\/63488","targetHints":{"allow":["GET"]}}],"collection":[{"href":"https:\/\/www.cruillabarcelona.cat\/es\/wp-json\/wp\/v2\/pages"}],"about":[{"href":"https:\/\/www.cruillabarcelona.cat\/es\/wp-json\/wp\/v2\/types\/page"}],"author":[{"embeddable":true,"href":"https:\/\/www.cruillabarcelona.cat\/es\/wp-json\/wp\/v2\/users\/2"}],"replies":[{"embeddable":true,"href":"https:\/\/www.cruillabarcelona.cat\/es\/wp-json\/wp\/v2\/comments?post=63488"}],"version-history":[{"count":5,"href":"https:\/\/www.cruillabarcelona.cat\/es\/wp-json\/wp\/v2\/pages\/63488\/revisions"}],"predecessor-version":[{"id":64387,"href":"https:\/\/www.cruillabarcelona.cat\/es\/wp-json\/wp\/v2\/pages\/63488\/revisions\/64387"}],"up":[{"embeddable":true,"href":"https:\/\/www.cruillabarcelona.cat\/es\/wp-json\/wp\/v2\/pages\/581"}],"wp:attachment":[{"href":"https:\/\/www.cruillabarcelona.cat\/es\/wp-json\/wp\/v2\/media?parent=63488"}],"curies":[{"name":"wp","href":"https:\/\/api.w.org\/{rel}","templated":true}]}}