{"id":63498,"date":"2018-06-29T10:00:18","date_gmt":"2018-06-29T08:00:18","guid":{"rendered":"https:\/\/www.cruillabarcelona.cat\/infos\/menors\/"},"modified":"2026-04-07T13:50:38","modified_gmt":"2026-04-07T11:50:38","slug":"menors","status":"publish","type":"page","link":"https:\/\/www.cruillabarcelona.cat\/es\/infos\/menors\/","title":{"rendered":"Pol\u00edtica de menores"},"content":{"rendered":"\n<header class=\"wp-block-group has-foreground-background-color has-background is-layout-flow wp-block-group-is-layout-flow\" style=\"margin-top:0;margin-bottom:0\"><h1 style=\"line-height:1.2;text-transform:uppercase;\" class=\"has-text-align-center has-link-color wp-elements-b68ac12c420099fa2af427171991f2c5 wp-block-post-title has-text-color has-background-color has-x-large-font-size\">Pol\u00edtica de menores<\/h1><\/header>\n\n\n\n<div class=\"wp-block-group has-foreground-background-color has-background has-global-padding is-layout-constrained wp-block-group-is-layout-constrained\">\n<div class=\"wp-block-columns has-foreground-background-color has-background is-layout-flex wp-container-core-columns-is-layout-039d06b3 wp-block-columns-is-layout-flex\" style=\"margin-top:0;margin-bottom:0;padding-right:0;padding-left:0\">\n<div class=\"wp-block-column is-layout-flow wp-block-column-is-layout-flow\" style=\"flex-basis:25%\">\n<div class=\"wp-block-group has-background-background-color has-background has-global-padding is-layout-constrained wp-container-core-group-is-layout-f611be13 wp-block-group-is-layout-constrained\" style=\"padding-top:var(--wp--preset--spacing--50);padding-right:var(--wp--preset--spacing--50);padding-bottom:var(--wp--preset--spacing--50);padding-left:var(--wp--preset--spacing--50)\"><nav style=\"line-height:1;text-transform:uppercase;\" class=\"has-small-font-size  is-vertical wp-block-navigation is-layout-flex wp-container-core-navigation-is-layout-355c4241 wp-block-navigation-is-layout-flex\" aria-label=\"FAQ_ES\"><ul style=\"line-height:1;text-transform:uppercase;\" class=\"wp-block-navigation__container has-small-font-size  is-vertical wp-block-navigation has-small-font-size\"><li class=\"has-small-font-size wp-block-navigation-item wp-block-navigation-link\"><a class=\"wp-block-navigation-item__content\"  href=\"https:\/\/www.cruillabarcelona.cat\/es\/infos\/preguntes-recinte\/\"><span class=\"wp-block-navigation-item__label\">Preguntas sobre el recinto<\/span><\/a><\/li><li class=\"has-small-font-size wp-block-navigation-item wp-block-navigation-link\"><a class=\"wp-block-navigation-item__content\"  href=\"https:\/\/www.cruillabarcelona.cat\/es\/infos\/preguntes-frequents\/\"><span class=\"wp-block-navigation-item__label\">Preguntas sobre entradas<\/span><\/a><\/li><li class=\"has-small-font-size wp-block-navigation-item wp-block-navigation-link\"><a class=\"wp-block-navigation-item__content\"  href=\"https:\/\/www.cruillabarcelona.cat\/es\/infos\/menors\/\"><span class=\"wp-block-navigation-item__label\">Pol\u00edtica de menores<\/span><\/a><\/li><li class=\"has-small-font-size wp-block-navigation-item wp-block-navigation-link\"><a class=\"wp-block-navigation-item__content\"  href=\"https:\/\/www.cruillabarcelona.cat\/es\/infos\/com-arribar\/\"><span class=\"wp-block-navigation-item__label\">C\u00f3mo llegar e irse del recinto<\/span><\/a><\/li><li class=\"has-small-font-size wp-block-navigation-item wp-block-navigation-link\"><a class=\"wp-block-navigation-item__content\"  href=\"https:\/\/www.cruillabarcelona.cat\/es\/infos\/descomptes\/\"><span class=\"wp-block-navigation-item__label\">Descuentos<\/span><\/a><\/li><li class=\"has-small-font-size wp-block-navigation-item wp-block-navigation-link\"><a class=\"wp-block-navigation-item__content\"  href=\"https:\/\/www.cruillabarcelona.cat\/es\/premsa\/\"><span class=\"wp-block-navigation-item__label\">Prensa<\/span><\/a><\/li><\/ul><\/nav><\/div>\n<\/div>\n\n\n\n<div class=\"wp-block-column has-background-color has-text-color has-link-color wp-elements-34c2d9c4ee63069a1680910c7548b54c is-layout-flow wp-container-core-column-is-layout-22223934 wp-block-column-is-layout-flow\">\n<h2 class=\"wp-block-heading has-background-color has-text-color has-link-color wp-elements-bc5f71eae0a4a87bcaedf4499182731a\">Pol\u00edtica de menores en el Festival Cru\u00eflla<br><\/h2>\n\n\n\n<p class=\"has-background-color has-text-color has-link-color has-medium-large-font-size wp-elements-3fcd66c6799e633fd29adca3eb51e999\">Si vienes al Festival Cru\u00eflla con menores de hasta 15 a\u00f1os (incluidos), deber\u00e1s rellenar&nbsp;<a href=\"https:\/\/near.tl\/sm\/6LikZnvfT\">este formulario<\/a>&nbsp;antes de acceder al recinto.<br><\/p>\n\n\n\n<p>PPor razones de aforo, todos los menores deben pagar entrada para acceder al recinto.<\/p>\n\n\n\n<p><strong>Los menores de&nbsp;0 a 13 a\u00f1os<\/strong>&nbsp;(incluidos) deben pagar la entrada de ni\u00f1o al precio simb\u00f3lico de 5\u20ac (entrada de d\u00eda) o 10\u20ac (abono). Deber\u00e1n asistir acompa\u00f1ados de padre, madre o tutor legal y ser\u00e1 obligatorio mostrar el ticket en el control de accesos indicado.<\/p>\n\n\n\n<p><strong>Los menores de&nbsp;14 y 15 a\u00f1os<\/strong>&nbsp;deben comprar la entrada normal y asistir acompa\u00f1ados de padre, madre o tutor legal.<\/p>\n\n\n\n<p><strong>Los menores&nbsp;a partir de 16 a\u00f1os<\/strong>&nbsp;deben comprar la entrada normal y podr\u00e1n entrar en el recinto sin acompa\u00f1amiento ni ning\u00fan tipo de autorizaci\u00f3n.<\/p>\n\n\n\n<p>Hay que presentar una serie de documentos en funci\u00f3n de qui\u00e9n acompa\u00f1e al menor en el recinto:<\/p>\n\n\n\n<ul class=\"wp-block-list\">\n<li>En caso de que el acompa\u00f1ante del menor sea el padre o la madre o tutor legal, se deber\u00e1 presentar&nbsp;<strong>DNI y libro de familia<\/strong>&nbsp;o&nbsp;<strong>documento legal<\/strong>&nbsp;que acredite la relaci\u00f3n con el menor.<\/li>\n\n\n\n<li>En caso de que el acompa\u00f1ante no sea ni el padre, ni la madre, ni el tutor legal, se deber\u00e1 presentar una&nbsp;<strong>autorizaci\u00f3n firmada por el padre, la madre o el tutor legal<\/strong>, junto con&nbsp;<strong>fotocopia del DNI del padre, madre o tutor legal, del mismo acompa\u00f1ante&nbsp;y&nbsp;del menor<\/strong>.&nbsp;<a href=\"https:\/\/www.cruillabarcelona.com\/arxius\/es-document-menors-no-tutor.pdf\">Pod\u00e9is descargar aqu\u00ed el modelo de autorizaci\u00f3n a firmar<\/a>.<\/li>\n\n\n\n<li>En ambos casos el acompa\u00f1ante deber\u00e1 ser una persona mayor de edad y podr\u00e1 acompa\u00f1ar a un m\u00e1ximo de 3 menores. Adem\u00e1s, antes de ir al recinto deber\u00e1 rellenar&nbsp;<a href=\"https:\/\/near.tl\/sm\/6LikZnvfT\"><strong>ESTE FORMULARIO<\/strong>.<\/a><\/li>\n<\/ul>\n\n\n\n<p>Cuando llegues al recinto, podr\u00e1s acceder por el carril&nbsp;<strong>ACCESO FAMILIAS<\/strong>, situado a la izquierda de todo. A los menores se les entregar\u00e1 un&nbsp;<strong>brazalete identificativo<\/strong>&nbsp;donde se apuntar\u00e1 el tel\u00e9fono del acompa\u00f1ante del menor. Mientras se encuentre en el recinto el menor deber\u00e1 llevar puesto el brazalete.<\/p>\n\n\n\n<p>La organizaci\u00f3n entregar\u00e1, en caso de que los acompa\u00f1antes de los menores lo soliciten,&nbsp;<strong>tapones para los o\u00eddos<\/strong>&nbsp;o&nbsp;<strong>auriculares<\/strong>&nbsp;para reducir los efectos del volumen del sonido. Para conseguir los&nbsp;<strong>auriculares<\/strong>&nbsp;ser\u00e1 necesario abonar una&nbsp;<strong>fianza de 20\u20ac<\/strong>&nbsp;con la pulsera&nbsp;<em>cashless<\/em>, que se retornar\u00e1 cuando se devuelvan los auriculares.<\/p>\n<\/div>\n<\/div>\n<\/div>\n","protected":false},"excerpt":{"rendered":"<p>Pol\u00edtica de menores en el Festival Cru\u00eflla Si vienes al Festival Cru\u00eflla con menores de hasta 15 a\u00f1os (incluidos), deber\u00e1s rellenar&nbsp;este formulario&nbsp;antes de acceder al recinto. [&hellip;]<\/p>\n","protected":false},"author":1,"featured_media":0,"parent":581,"menu_order":5,"comment_status":"closed","ping_status":"closed","template":"","meta":{"_acf_changed":false,"footnotes":""},"class_list":["post-63498","page","type-page","status-publish","hentry"],"acf":[],"yoast_head":"<!-- This site is optimized with the Yoast SEO plugin v27.3 - https:\/\/yoast.com\/product\/yoast-seo-wordpress\/ -->\n<title>Pol\u00edtica de menors del Festival Cru\u00eflla 2024 - 10, 11, 12, 13 de juliol<\/title>\n<meta name=\"description\" content=\"Si vens amb nens al Festival Cru\u00eflla 2024, en aquesta p\u00e0gina trobar\u00e0s tots els detalls i documentaci\u00f3 sobre la nostra pol\u00edtica de menors.\" \/>\n<meta name=\"robots\" content=\"index, follow, max-snippet:-1, max-image-preview:large, max-video-preview:-1\" \/>\n<link rel=\"canonical\" href=\"https:\/\/www.cruillabarcelona.cat\/es\/infos\/menors\/\" \/>\n<meta property=\"og:locale\" content=\"es_ES\" \/>\n<meta property=\"og:type\" content=\"article\" \/>\n<meta property=\"og:title\" content=\"Pol\u00edtica de menors del Festival Cru\u00eflla 2024 - 10, 11, 12, 13 de juliol\" \/>\n<meta property=\"og:description\" content=\"Si vens amb nens al Festival Cru\u00eflla 2024, en aquesta p\u00e0gina trobar\u00e0s tots els detalls i documentaci\u00f3 sobre la nostra pol\u00edtica de menors.\" \/>\n<meta property=\"og:url\" content=\"https:\/\/www.cruillabarcelona.cat\/es\/infos\/menors\/\" \/>\n<meta property=\"og:site_name\" content=\"Festival Cru\u00eflla\" \/>\n<meta property=\"article:modified_time\" content=\"2026-04-07T11:50:38+00:00\" \/>\n<meta name=\"twitter:card\" content=\"summary_large_image\" \/>\n<meta name=\"twitter:label1\" content=\"Tiempo de lectura\" \/>\n\t<meta name=\"twitter:data1\" content=\"2 minutos\" \/>\n<script type=\"application\/ld+json\" class=\"yoast-schema-graph\">{\"@context\":\"https:\\\/\\\/schema.org\",\"@graph\":[{\"@type\":\"WebPage\",\"@id\":\"https:\\\/\\\/www.cruillabarcelona.cat\\\/es\\\/infos\\\/menors\\\/\",\"url\":\"https:\\\/\\\/www.cruillabarcelona.cat\\\/es\\\/infos\\\/menors\\\/\",\"name\":\"Pol\u00edtica de menors del Festival Cru\u00eflla 2024 - 10, 11, 12, 13 de juliol\",\"isPartOf\":{\"@id\":\"https:\\\/\\\/www.cruillabarcelona.cat\\\/es\\\/#website\"},\"datePublished\":\"2018-06-29T08:00:18+00:00\",\"dateModified\":\"2026-04-07T11:50:38+00:00\",\"description\":\"Si vens amb nens al Festival Cru\u00eflla 2024, en aquesta p\u00e0gina trobar\u00e0s tots els detalls i documentaci\u00f3 sobre la nostra pol\u00edtica de menors.\",\"breadcrumb\":{\"@id\":\"https:\\\/\\\/www.cruillabarcelona.cat\\\/es\\\/infos\\\/menors\\\/#breadcrumb\"},\"inLanguage\":\"es\",\"potentialAction\":[{\"@type\":\"ReadAction\",\"target\":[\"https:\\\/\\\/www.cruillabarcelona.cat\\\/es\\\/infos\\\/menors\\\/\"]}]},{\"@type\":\"BreadcrumbList\",\"@id\":\"https:\\\/\\\/www.cruillabarcelona.cat\\\/es\\\/infos\\\/menors\\\/#breadcrumb\",\"itemListElement\":[{\"@type\":\"ListItem\",\"position\":1,\"name\":\"Home\",\"item\":\"https:\\\/\\\/www.cruillabarcelona.cat\\\/es\\\/\"},{\"@type\":\"ListItem\",\"position\":2,\"name\":\"Infos Festival Cru\u00eflla 2026\",\"item\":\"https:\\\/\\\/www.cruillabarcelona.cat\\\/es\\\/infos\\\/\"},{\"@type\":\"ListItem\",\"position\":3,\"name\":\"Pol\u00edtica de menores\"}]},{\"@type\":\"WebSite\",\"@id\":\"https:\\\/\\\/www.cruillabarcelona.cat\\\/es\\\/#website\",\"url\":\"https:\\\/\\\/www.cruillabarcelona.cat\\\/es\\\/\",\"name\":\"Festival Cru\u00eflla\",\"description\":\"\",\"publisher\":{\"@id\":\"https:\\\/\\\/www.cruillabarcelona.cat\\\/es\\\/#organization\"},\"potentialAction\":[{\"@type\":\"SearchAction\",\"target\":{\"@type\":\"EntryPoint\",\"urlTemplate\":\"https:\\\/\\\/www.cruillabarcelona.cat\\\/es\\\/?s={search_term_string}\"},\"query-input\":{\"@type\":\"PropertyValueSpecification\",\"valueRequired\":true,\"valueName\":\"search_term_string\"}}],\"inLanguage\":\"es\"},{\"@type\":\"Organization\",\"@id\":\"https:\\\/\\\/www.cruillabarcelona.cat\\\/es\\\/#organization\",\"name\":\"Festival Cru\u00eflla\",\"url\":\"https:\\\/\\\/www.cruillabarcelona.cat\\\/es\\\/\",\"logo\":{\"@type\":\"ImageObject\",\"inLanguage\":\"es\",\"@id\":\"https:\\\/\\\/www.cruillabarcelona.cat\\\/es\\\/#\\\/schema\\\/logo\\\/image\\\/\",\"url\":\"https:\\\/\\\/www.cruillabarcelona.cat\\\/wp-content\\\/uploads\\\/2025\\\/12\\\/cruill-logo-negativo.png\",\"contentUrl\":\"https:\\\/\\\/www.cruillabarcelona.cat\\\/wp-content\\\/uploads\\\/2025\\\/12\\\/cruill-logo-negativo.png\",\"width\":400,\"height\":101,\"caption\":\"Festival Cru\u00eflla\"},\"image\":{\"@id\":\"https:\\\/\\\/www.cruillabarcelona.cat\\\/es\\\/#\\\/schema\\\/logo\\\/image\\\/\"}}]}<\/script>\n<!-- \/ Yoast SEO plugin. -->","yoast_head_json":{"title":"Pol\u00edtica de menors del Festival Cru\u00eflla 2024 - 10, 11, 12, 13 de juliol","description":"Si vens amb nens al Festival Cru\u00eflla 2024, en aquesta p\u00e0gina trobar\u00e0s tots els detalls i documentaci\u00f3 sobre la nostra pol\u00edtica de menors.","robots":{"index":"index","follow":"follow","max-snippet":"max-snippet:-1","max-image-preview":"max-image-preview:large","max-video-preview":"max-video-preview:-1"},"canonical":"https:\/\/www.cruillabarcelona.cat\/es\/infos\/menors\/","og_locale":"es_ES","og_type":"article","og_title":"Pol\u00edtica de menors del Festival Cru\u00eflla 2024 - 10, 11, 12, 13 de juliol","og_description":"Si vens amb nens al Festival Cru\u00eflla 2024, en aquesta p\u00e0gina trobar\u00e0s tots els detalls i documentaci\u00f3 sobre la nostra pol\u00edtica de menors.","og_url":"https:\/\/www.cruillabarcelona.cat\/es\/infos\/menors\/","og_site_name":"Festival Cru\u00eflla","article_modified_time":"2026-04-07T11:50:38+00:00","twitter_card":"summary_large_image","twitter_misc":{"Tiempo de lectura":"2 minutos"},"schema":{"@context":"https:\/\/schema.org","@graph":[{"@type":"WebPage","@id":"https:\/\/www.cruillabarcelona.cat\/es\/infos\/menors\/","url":"https:\/\/www.cruillabarcelona.cat\/es\/infos\/menors\/","name":"Pol\u00edtica de menors del Festival Cru\u00eflla 2024 - 10, 11, 12, 13 de juliol","isPartOf":{"@id":"https:\/\/www.cruillabarcelona.cat\/es\/#website"},"datePublished":"2018-06-29T08:00:18+00:00","dateModified":"2026-04-07T11:50:38+00:00","description":"Si vens amb nens al Festival Cru\u00eflla 2024, en aquesta p\u00e0gina trobar\u00e0s tots els detalls i documentaci\u00f3 sobre la nostra pol\u00edtica de menors.","breadcrumb":{"@id":"https:\/\/www.cruillabarcelona.cat\/es\/infos\/menors\/#breadcrumb"},"inLanguage":"es","potentialAction":[{"@type":"ReadAction","target":["https:\/\/www.cruillabarcelona.cat\/es\/infos\/menors\/"]}]},{"@type":"BreadcrumbList","@id":"https:\/\/www.cruillabarcelona.cat\/es\/infos\/menors\/#breadcrumb","itemListElement":[{"@type":"ListItem","position":1,"name":"Home","item":"https:\/\/www.cruillabarcelona.cat\/es\/"},{"@type":"ListItem","position":2,"name":"Infos Festival Cru\u00eflla 2026","item":"https:\/\/www.cruillabarcelona.cat\/es\/infos\/"},{"@type":"ListItem","position":3,"name":"Pol\u00edtica de menores"}]},{"@type":"WebSite","@id":"https:\/\/www.cruillabarcelona.cat\/es\/#website","url":"https:\/\/www.cruillabarcelona.cat\/es\/","name":"Festival Cru\u00eflla","description":"","publisher":{"@id":"https:\/\/www.cruillabarcelona.cat\/es\/#organization"},"potentialAction":[{"@type":"SearchAction","target":{"@type":"EntryPoint","urlTemplate":"https:\/\/www.cruillabarcelona.cat\/es\/?s={search_term_string}"},"query-input":{"@type":"PropertyValueSpecification","valueRequired":true,"valueName":"search_term_string"}}],"inLanguage":"es"},{"@type":"Organization","@id":"https:\/\/www.cruillabarcelona.cat\/es\/#organization","name":"Festival Cru\u00eflla","url":"https:\/\/www.cruillabarcelona.cat\/es\/","logo":{"@type":"ImageObject","inLanguage":"es","@id":"https:\/\/www.cruillabarcelona.cat\/es\/#\/schema\/logo\/image\/","url":"https:\/\/www.cruillabarcelona.cat\/wp-content\/uploads\/2025\/12\/cruill-logo-negativo.png","contentUrl":"https:\/\/www.cruillabarcelona.cat\/wp-content\/uploads\/2025\/12\/cruill-logo-negativo.png","width":400,"height":101,"caption":"Festival Cru\u00eflla"},"image":{"@id":"https:\/\/www.cruillabarcelona.cat\/es\/#\/schema\/logo\/image\/"}}]}},"_links":{"self":[{"href":"https:\/\/www.cruillabarcelona.cat\/es\/wp-json\/wp\/v2\/pages\/63498","targetHints":{"allow":["GET"]}}],"collection":[{"href":"https:\/\/www.cruillabarcelona.cat\/es\/wp-json\/wp\/v2\/pages"}],"about":[{"href":"https:\/\/www.cruillabarcelona.cat\/es\/wp-json\/wp\/v2\/types\/page"}],"author":[{"embeddable":true,"href":"https:\/\/www.cruillabarcelona.cat\/es\/wp-json\/wp\/v2\/users\/1"}],"replies":[{"embeddable":true,"href":"https:\/\/www.cruillabarcelona.cat\/es\/wp-json\/wp\/v2\/comments?post=63498"}],"version-history":[{"count":3,"href":"https:\/\/www.cruillabarcelona.cat\/es\/wp-json\/wp\/v2\/pages\/63498\/revisions"}],"predecessor-version":[{"id":64369,"href":"https:\/\/www.cruillabarcelona.cat\/es\/wp-json\/wp\/v2\/pages\/63498\/revisions\/64369"}],"up":[{"embeddable":true,"href":"https:\/\/www.cruillabarcelona.cat\/es\/wp-json\/wp\/v2\/pages\/581"}],"wp:attachment":[{"href":"https:\/\/www.cruillabarcelona.cat\/es\/wp-json\/wp\/v2\/media?parent=63498"}],"curies":[{"name":"wp","href":"https:\/\/api.w.org\/{rel}","templated":true}]}}