{"id":63501,"date":"2016-11-28T09:24:29","date_gmt":"2016-11-28T07:24:29","guid":{"rendered":"https:\/\/www.cruillabarcelona.cat\/infos\/com-arribar\/"},"modified":"2026-04-07T13:50:55","modified_gmt":"2026-04-07T11:50:55","slug":"com-arribar","status":"publish","type":"page","link":"https:\/\/www.cruillabarcelona.cat\/es\/infos\/com-arribar\/","title":{"rendered":"C\u00f3mo llegar e irse del recinto"},"content":{"rendered":"\n<header class=\"wp-block-group has-foreground-background-color has-background is-layout-flow wp-block-group-is-layout-flow\" style=\"margin-top:0;margin-bottom:0\"><h1 style=\"line-height:1.2;text-transform:uppercase;\" class=\"has-text-align-center has-link-color wp-elements-b68ac12c420099fa2af427171991f2c5 wp-block-post-title has-text-color has-background-color has-x-large-font-size\">C\u00f3mo llegar e irse del recinto<\/h1><\/header>\n\n\n\n<div class=\"wp-block-group has-foreground-background-color has-background has-global-padding is-layout-constrained wp-block-group-is-layout-constrained\">\n<div class=\"wp-block-columns has-foreground-background-color has-background is-layout-flex wp-container-core-columns-is-layout-039d06b3 wp-block-columns-is-layout-flex\" style=\"margin-top:0;margin-bottom:0;padding-right:0;padding-left:0\">\n<div class=\"wp-block-column is-layout-flow wp-block-column-is-layout-flow\" style=\"flex-basis:25%\">\n<div class=\"wp-block-group has-background-background-color has-background has-global-padding is-layout-constrained wp-container-core-group-is-layout-f611be13 wp-block-group-is-layout-constrained\" style=\"padding-top:var(--wp--preset--spacing--50);padding-right:var(--wp--preset--spacing--50);padding-bottom:var(--wp--preset--spacing--50);padding-left:var(--wp--preset--spacing--50)\"><nav style=\"line-height:1;text-transform:uppercase;\" class=\"has-small-font-size  is-vertical wp-block-navigation is-layout-flex wp-container-core-navigation-is-layout-355c4241 wp-block-navigation-is-layout-flex\" aria-label=\"FAQ_ES\"><ul style=\"line-height:1;text-transform:uppercase;\" class=\"wp-block-navigation__container has-small-font-size  is-vertical wp-block-navigation has-small-font-size\"><li class=\"has-small-font-size wp-block-navigation-item wp-block-navigation-link\"><a class=\"wp-block-navigation-item__content\"  href=\"https:\/\/www.cruillabarcelona.cat\/es\/infos\/preguntes-recinte\/\"><span class=\"wp-block-navigation-item__label\">Preguntas sobre el recinto<\/span><\/a><\/li><li class=\"has-small-font-size wp-block-navigation-item wp-block-navigation-link\"><a class=\"wp-block-navigation-item__content\"  href=\"https:\/\/www.cruillabarcelona.cat\/es\/infos\/preguntes-frequents\/\"><span class=\"wp-block-navigation-item__label\">Preguntas sobre entradas<\/span><\/a><\/li><li class=\"has-small-font-size wp-block-navigation-item wp-block-navigation-link\"><a class=\"wp-block-navigation-item__content\"  href=\"https:\/\/www.cruillabarcelona.cat\/es\/infos\/menors\/\"><span class=\"wp-block-navigation-item__label\">Pol\u00edtica de menores<\/span><\/a><\/li><li class=\"has-small-font-size wp-block-navigation-item wp-block-navigation-link\"><a class=\"wp-block-navigation-item__content\"  href=\"https:\/\/www.cruillabarcelona.cat\/es\/infos\/com-arribar\/\"><span class=\"wp-block-navigation-item__label\">C\u00f3mo llegar e irse del recinto<\/span><\/a><\/li><li class=\"has-small-font-size wp-block-navigation-item wp-block-navigation-link\"><a class=\"wp-block-navigation-item__content\"  href=\"https:\/\/www.cruillabarcelona.cat\/es\/infos\/descomptes\/\"><span class=\"wp-block-navigation-item__label\">Descuentos<\/span><\/a><\/li><li class=\"has-small-font-size wp-block-navigation-item wp-block-navigation-link\"><a class=\"wp-block-navigation-item__content\"  href=\"https:\/\/www.cruillabarcelona.cat\/es\/premsa\/\"><span class=\"wp-block-navigation-item__label\">Prensa<\/span><\/a><\/li><\/ul><\/nav><\/div>\n<\/div>\n\n\n\n<div class=\"wp-block-column is-layout-flow wp-block-column-is-layout-flow\">\n<iframe src=\"https:\/\/www.google.com\/maps\/embed?pb=!1m18!1m12!1m3!1d3689.821933437813!2d2.2186159765496303!3d41.40928319463603!2m3!1f0!2f0!3f0!3m2!1i1024!2i768!4f13.1!3m3!1m2!1s0x12a4a300430ea171%3A0x3bca58d548347ad0!2sParque%20del%20Forum%2C%20Barcelona!5e1!3m2!1ses!2ses!4v1767799384094!5m2!1ses!2ses\" width=\"600\" height=\"450\" style=\"border:0;\" allowfullscreen=\"\" loading=\"lazy\" referrerpolicy=\"no-referrer-when-downgrade\"><\/iframe>\n\n\n\n<h2 class=\"wp-block-heading has-background-color has-text-color has-link-color wp-elements-1188643fc46a4b307c7c09cbea56bc5a\" style=\"font-size:clamp(0.875rem, 0.875rem + ((1vw - 0.2rem) * 0.536), 1.25rem);\">Parque del F\u00f2rum<br>Moll de la Marina Seca<br>Calle De la Pau, 12.<br>08930, Sant Adri\u00e0 del Bes\u00f2s, Barcelona<\/h2>\n\n\n\n<p><\/p>\n\n\n\n<div class=\"wp-block-columns is-layout-flex wp-container-core-columns-is-layout-28f84493 wp-block-columns-is-layout-flex\">\n<div class=\"wp-block-column is-layout-flow wp-block-column-is-layout-flow\" style=\"flex-basis:50%\">\n<p class=\"has-primary-color has-text-color has-link-color has-medium-large-font-size wp-elements-ef8c2d5e47cbda3c8b5f7a8fc8f1a08a\">EN METRO <\/p>\n\n\n\n<p class=\"has-background-color has-text-color has-link-color wp-elements-dff07ca94e17b020cbbd92e515d0ffc6\">L\u00ednea L4. Estaci\u00f3: El Maresme \u2013 F\u00f2rum<br>Salida: Rambla Prim<br><br>Horarios:<br>&#8211; De domigo a jueves: de 05:00h a 00:00h<br>&#8211; Viernesy vigilias de festivos: de 05:00h a 02:00h<br>&#8211; S\u00e1bado: abierto toda la noche<br><br><a href=\"http:\/\/www.tmb.cat\" target=\"_blank\" rel=\"noreferrer noopener\">www.tmb.cat<\/a><\/p>\n\n\n\n<h4 class=\"wp-block-heading\"><mark style=\"background-color:rgba(0, 0, 0, 0)\" class=\"has-inline-color has-primary-color\">EN BUS LANZADERA<\/mark><\/h4>\n\n\n\n<p><mark style=\"background-color:rgba(0, 0, 0, 0)\" class=\"has-inline-color has-background-color\">Este a\u00f1o hemos implementado un servicio de&nbsp;<strong>autobuses lanzadera<\/strong>&nbsp;que conecta el Parc del F\u00f2rum con Ronda Sant Pere. El precio del trayecto es de&nbsp;<strong>2,5\u202f\u20ac<\/strong>, que se podr\u00e1 abonar&nbsp;<strong>con tarjeta o con la pulsera cashless<\/strong>&nbsp;al subir al autob\u00fas.<\/mark><\/p>\n\n\n\n<p><mark style=\"background-color:rgba(0, 0, 0, 0)\" class=\"has-inline-color has-background-color\">El punto de salida ser\u00e1 frente al&nbsp;<strong>Hotel Princess<\/strong>, y la parada de llegada ser\u00e1 en&nbsp;<strong>Ronda Sant Pere con Passeig de Gr\u00e0cia<\/strong>.<\/mark><\/p>\n\n\n\n<p><strong><mark style=\"background-color:rgba(0, 0, 0, 0)\" class=\"has-inline-color has-background-color\">Horarios:<\/mark><\/strong><\/p>\n\n\n\n<p><mark style=\"background-color:rgba(0, 0, 0, 0)\" class=\"has-inline-color has-background-color\">Noche del mi\u00e9rcoles al jueves: de 22:45 a 00:45<br>Noche del jueves al viernes: de 00:00 a 02:00<br>Noche del viernes al s\u00e1bado: de 01:30 a 05:30<br>Noche del s\u00e1bado al domingo: de 01:30 a 04:30<\/mark><\/p>\n\n\n\n<p class=\"has-primary-color has-text-color has-link-color has-medium-large-font-size wp-elements-3566c54a6a6f1a5cb981b6f3b6c49a99\">EN BUS NIT<\/p>\n\n\n\n<p class=\"has-background-color has-text-color has-link-color wp-elements-c4f6b972b1694616ceb9060d5e9cc859\">L\u00ednias N6, N7<br>Horarios: de 23:00h a 06:00h (aprox)<\/p>\n\n\n\n<p class=\"has-primary-color has-text-color has-link-color has-medium-large-font-size wp-elements-332ee4091c2cd2c740e5bbf909830b8e\">EN BICI<\/p>\n\n\n\n<p class=\"has-background-color has-text-color has-link-color wp-elements-2904bd8ec2120fa9fe369f86d5a024f4\">Este a\u00f1o, en colaboraci\u00f3n con BSM-Parc del F\u00f2rum, tendremos un parking de bicis gratuito y vigilado con capacidad para 150 bicicletas. Se encontrar\u00e1 bajo el Museu Blau y estar\u00e1 disponible desde media hora antes de abrir el recinto hasta media hora despu\u00e9s del cierre: \u00a1s\u00f3lo tienes que traer tu propio candado!<\/p>\n\n\n\n<p class=\"has-primary-color has-text-color has-link-color has-medium-large-font-size wp-elements-821769f6cf5bdfd64785540696d32b55\">EN TREN<\/p>\n\n\n\n<p class=\"has-background-color has-text-color has-link-color wp-elements-567dc7bc298f77579011267a2a10d18c\">Renfe es el tren oficial del Festival Cru\u00eflla. Estaciones m\u00e1s cercanas:<br>&#8211; Barcelona &#8211; El Clot Arag\u00f3<br>&#8211; Estaci\u00f3n de Fran\u00e7a<br>&#8211; Sant Adri\u00e0 de Bes\u00f2s<br>&#8211; Barcelona Sants: estaci\u00f3n principal de la ciudad de Barcelona, llegada de trenes de larga distancia y AVE<br><br><a href=\"https:\/\/www.renfe.com\/es\/ca\">www.renfe.com<\/a><\/p>\n<\/div>\n\n\n\n<div class=\"wp-block-column is-layout-flow wp-block-column-is-layout-flow\" style=\"flex-basis:50%\">\n<p class=\"has-primary-color has-text-color has-link-color has-medium-large-font-size wp-elements-be8e6aade9beebec13f5dbf635e4cd6d\">EN BUS<\/p>\n\n\n\n<p class=\"has-background-color has-text-color has-link-color wp-elements-f94459be9590bfaf5abcabefdae8cb1f\">L\u00ednias 7, 36, 143, H14, H16, B23<br>Horarios: de 06:30h a 23:15h (aprox)<\/p>\n\n\n\n<p class=\"has-primary-color has-text-color has-link-color has-medium-large-font-size wp-elements-0832fcfd572192c9638f2f24b6155fbc\">EN TRAM<\/p>\n\n\n\n<p class=\"has-background-color has-text-color has-link-color wp-elements-52b3a09bc3bf2af7f6a816ec9cbbcc67\">L\u00ednea T4. Estaci\u00f3: F\u00f2rum<br><br>Horario:<br>&#8211; Mi\u00e9rcoles de 05:00h a 01:00h.<br>&#8211; Jueves de 05:00h a 02:00h.<br>&#8211; Viernes y s\u00e1bado servicio ininterrumpido.<br><br><a href=\"http:\/\/www.tram.cat\" target=\"_blank\" rel=\"noreferrer noopener\">www.tram.cat<\/a><\/p>\n\n\n\n<p class=\"has-primary-color has-text-color has-link-color has-medium-large-font-size wp-elements-7bdc625fe8acb23d67c61e0553db952e\">EN BICING<\/p>\n\n\n\n<p class=\"has-background-color has-text-color has-link-color wp-elements-f053a8ff9ddd62535662915adccd81f1\">Estaciones m\u00e1s cercanas:<br>&#8211; 35 C\/ Sant Ramon de Penyafort, 1: esta parada ser\u00e1 reforzada el mi\u00e9rcoles i el jueves despu\u00e9s del \u00faltimo concierto<br>&#8211; 160 Avda. d\u2019Eduard Maristany, 1\/ F\u00f2rum<br>&#8211; 158 Rambla Prim, 1-9<br>&#8211; 157 C\/ Llull, 396<br>&#8211; 159 Avda. Diagonal, 26<br>&#8211; 151 C\/ Pujades, 462<br>&#8211; 147 Rambla Prim, 79<br>&#8211; 156 Avda. Diagonal, 82<br><br><a href=\"http:\/\/www.bicing.cat\" target=\"_blank\" rel=\"noreferrer noopener\">www.bicing.cat<\/a><\/p>\n\n\n\n<p class=\"has-primary-color has-text-color has-link-color has-medium-large-font-size wp-elements-3cbd3e68a07485186891de8368759a32\">EN TAXI<\/p>\n\n\n\n<p class=\"has-background-color has-text-color has-link-color wp-elements-2ac48e2291bb47199b8430198cd800e1\">La parada de taxis se encontrar\u00e1 en la calle Josep Pla con Taulat.<\/p>\n<\/div>\n<\/div>\n\n\n\n<p class=\"has-primary-color has-text-color has-link-color has-medium-large-font-size wp-elements-e752c36b1c58a864cdcd3241c720f6b8\">EN COCHE<\/p>\n\n\n\n<div class=\"wp-block-columns is-layout-flex wp-container-core-columns-is-layout-28f84493 wp-block-columns-is-layout-flex\">\n<div class=\"wp-block-column is-layout-flow wp-block-column-is-layout-flow\">\n<p class=\"has-primary-color has-text-color has-link-color wp-elements-6c390e9d327b1b68ef8142338ad5e2bc\">En coche desde Tarragona:<\/p>\n\n\n\n<p class=\"has-background-color has-text-color has-link-color wp-elements-a5ead8270bad8cd1857ec88a6ddc8834\">Ronda Litoral, salida: Rambla Prim\/Diagonal Mar\/Port Forum St. Adri\u00e0.<\/p>\n<\/div>\n\n\n\n<div class=\"wp-block-column is-layout-flow wp-block-column-is-layout-flow\">\n<p class=\"has-primary-color has-text-color has-link-color wp-elements-f9de09ddc8cba6cccf388d8554a89212\">En coche desde Girona:<\/p>\n\n\n\n<p class=\"has-background-color has-text-color has-link-color wp-elements-42db1ffae1048f5314530977b78378a2\">Ronda Litoral, salida: Rambla Prim. Continua a la derecha  por: Sant R. Penyafort\/Sant Adri\u00e0\/Crist\u00f3bal de Moura<\/p>\n<\/div>\n<\/div>\n\n\n\n<p class=\"has-background-color has-text-color has-link-color wp-elements-f5c9631bac03e0d11af2eb3e17020633\">Hay 3 p\u00e1rkings cerca del F\u00f2rum:<br>1. B:SM Pla\u00e7a F\u00f2rum (Pla\u00e7a d\u2019Ernest Lluch i Mart\u00edn)<br>2. B:SM Garcia F\u00e0ria (c\/ Garcia F\u00e0ria, 1)<br>3. B:SM Gl\u00f2ries (Pla\u00e7a de les Gl\u00f2ries)<\/p>\n\n\n\n<p class=\"has-background-color has-text-color has-link-color wp-elements-a911c1e84d24e6faf78292314ec0274f\"><\/p>\n<\/div>\n<\/div>\n<\/div>\n\n\n\n<p><\/p>\n","protected":false},"excerpt":{"rendered":"<p>Parque del F\u00f2rumMoll de la Marina SecaCalle De la Pau, 12.08930, Sant Adri\u00e0 del Bes\u00f2s, Barcelona EN METRO L\u00ednea L4. Estaci\u00f3: El Maresme \u2013 F\u00f2rumSalida: Rambla [&hellip;]<\/p>\n","protected":false},"author":1,"featured_media":0,"parent":581,"menu_order":6,"comment_status":"closed","ping_status":"closed","template":"","meta":{"_acf_changed":false,"footnotes":""},"class_list":["post-63501","page","type-page","status-publish","hentry"],"acf":[],"yoast_head":"<!-- This site is optimized with the Yoast SEO plugin v27.3 - https:\/\/yoast.com\/product\/yoast-seo-wordpress\/ -->\n<title>Com arribar al Cru\u00eflla 2025: transport p\u00fablic, cotxe, aparcament<\/title>\n<meta name=\"description\" content=\"Com arribar al Parc del F\u00f2rum de Barcelona per gaudir del Festival Cru\u00eflla 2025 en transport p\u00fablic: metro, autob\u00fas, bicicleta o tramvia.\" \/>\n<meta name=\"robots\" content=\"index, follow, max-snippet:-1, max-image-preview:large, max-video-preview:-1\" \/>\n<link rel=\"canonical\" href=\"https:\/\/www.cruillabarcelona.cat\/es\/infos\/com-arribar\/\" \/>\n<meta property=\"og:locale\" content=\"es_ES\" \/>\n<meta property=\"og:type\" content=\"article\" \/>\n<meta property=\"og:title\" content=\"Com arribar al Cru\u00eflla 2025: transport p\u00fablic, cotxe, aparcament\" \/>\n<meta property=\"og:description\" content=\"Com arribar al Parc del F\u00f2rum de Barcelona per gaudir del Festival Cru\u00eflla 2025 en transport p\u00fablic: metro, autob\u00fas, bicicleta o tramvia.\" \/>\n<meta property=\"og:url\" content=\"https:\/\/www.cruillabarcelona.cat\/es\/infos\/com-arribar\/\" \/>\n<meta property=\"og:site_name\" content=\"Festival Cru\u00eflla\" \/>\n<meta property=\"article:modified_time\" content=\"2026-04-07T11:50:55+00:00\" \/>\n<meta name=\"twitter:card\" content=\"summary_large_image\" \/>\n<meta name=\"twitter:label1\" content=\"Tiempo de lectura\" \/>\n\t<meta name=\"twitter:data1\" content=\"2 minutos\" \/>\n<script type=\"application\/ld+json\" class=\"yoast-schema-graph\">{\"@context\":\"https:\\\/\\\/schema.org\",\"@graph\":[{\"@type\":\"WebPage\",\"@id\":\"https:\\\/\\\/www.cruillabarcelona.cat\\\/es\\\/infos\\\/com-arribar\\\/\",\"url\":\"https:\\\/\\\/www.cruillabarcelona.cat\\\/es\\\/infos\\\/com-arribar\\\/\",\"name\":\"Com arribar al Cru\u00eflla 2025: transport p\u00fablic, cotxe, aparcament\",\"isPartOf\":{\"@id\":\"https:\\\/\\\/www.cruillabarcelona.cat\\\/es\\\/#website\"},\"datePublished\":\"2016-11-28T07:24:29+00:00\",\"dateModified\":\"2026-04-07T11:50:55+00:00\",\"description\":\"Com arribar al Parc del F\u00f2rum de Barcelona per gaudir del Festival Cru\u00eflla 2025 en transport p\u00fablic: metro, autob\u00fas, bicicleta o tramvia.\",\"breadcrumb\":{\"@id\":\"https:\\\/\\\/www.cruillabarcelona.cat\\\/es\\\/infos\\\/com-arribar\\\/#breadcrumb\"},\"inLanguage\":\"es\",\"potentialAction\":[{\"@type\":\"ReadAction\",\"target\":[\"https:\\\/\\\/www.cruillabarcelona.cat\\\/es\\\/infos\\\/com-arribar\\\/\"]}]},{\"@type\":\"BreadcrumbList\",\"@id\":\"https:\\\/\\\/www.cruillabarcelona.cat\\\/es\\\/infos\\\/com-arribar\\\/#breadcrumb\",\"itemListElement\":[{\"@type\":\"ListItem\",\"position\":1,\"name\":\"Home\",\"item\":\"https:\\\/\\\/www.cruillabarcelona.cat\\\/es\\\/\"},{\"@type\":\"ListItem\",\"position\":2,\"name\":\"Infos Festival Cru\u00eflla 2026\",\"item\":\"https:\\\/\\\/www.cruillabarcelona.cat\\\/es\\\/infos\\\/\"},{\"@type\":\"ListItem\",\"position\":3,\"name\":\"C\u00f3mo llegar e irse del recinto\"}]},{\"@type\":\"WebSite\",\"@id\":\"https:\\\/\\\/www.cruillabarcelona.cat\\\/es\\\/#website\",\"url\":\"https:\\\/\\\/www.cruillabarcelona.cat\\\/es\\\/\",\"name\":\"Festival Cru\u00eflla\",\"description\":\"\",\"publisher\":{\"@id\":\"https:\\\/\\\/www.cruillabarcelona.cat\\\/es\\\/#organization\"},\"potentialAction\":[{\"@type\":\"SearchAction\",\"target\":{\"@type\":\"EntryPoint\",\"urlTemplate\":\"https:\\\/\\\/www.cruillabarcelona.cat\\\/es\\\/?s={search_term_string}\"},\"query-input\":{\"@type\":\"PropertyValueSpecification\",\"valueRequired\":true,\"valueName\":\"search_term_string\"}}],\"inLanguage\":\"es\"},{\"@type\":\"Organization\",\"@id\":\"https:\\\/\\\/www.cruillabarcelona.cat\\\/es\\\/#organization\",\"name\":\"Festival Cru\u00eflla\",\"url\":\"https:\\\/\\\/www.cruillabarcelona.cat\\\/es\\\/\",\"logo\":{\"@type\":\"ImageObject\",\"inLanguage\":\"es\",\"@id\":\"https:\\\/\\\/www.cruillabarcelona.cat\\\/es\\\/#\\\/schema\\\/logo\\\/image\\\/\",\"url\":\"https:\\\/\\\/www.cruillabarcelona.cat\\\/wp-content\\\/uploads\\\/2025\\\/12\\\/cruill-logo-negativo.png\",\"contentUrl\":\"https:\\\/\\\/www.cruillabarcelona.cat\\\/wp-content\\\/uploads\\\/2025\\\/12\\\/cruill-logo-negativo.png\",\"width\":400,\"height\":101,\"caption\":\"Festival Cru\u00eflla\"},\"image\":{\"@id\":\"https:\\\/\\\/www.cruillabarcelona.cat\\\/es\\\/#\\\/schema\\\/logo\\\/image\\\/\"}}]}<\/script>\n<!-- \/ Yoast SEO plugin. -->","yoast_head_json":{"title":"Com arribar al Cru\u00eflla 2025: transport p\u00fablic, cotxe, aparcament","description":"Com arribar al Parc del F\u00f2rum de Barcelona per gaudir del Festival Cru\u00eflla 2025 en transport p\u00fablic: metro, autob\u00fas, bicicleta o tramvia.","robots":{"index":"index","follow":"follow","max-snippet":"max-snippet:-1","max-image-preview":"max-image-preview:large","max-video-preview":"max-video-preview:-1"},"canonical":"https:\/\/www.cruillabarcelona.cat\/es\/infos\/com-arribar\/","og_locale":"es_ES","og_type":"article","og_title":"Com arribar al Cru\u00eflla 2025: transport p\u00fablic, cotxe, aparcament","og_description":"Com arribar al Parc del F\u00f2rum de Barcelona per gaudir del Festival Cru\u00eflla 2025 en transport p\u00fablic: metro, autob\u00fas, bicicleta o tramvia.","og_url":"https:\/\/www.cruillabarcelona.cat\/es\/infos\/com-arribar\/","og_site_name":"Festival Cru\u00eflla","article_modified_time":"2026-04-07T11:50:55+00:00","twitter_card":"summary_large_image","twitter_misc":{"Tiempo de lectura":"2 minutos"},"schema":{"@context":"https:\/\/schema.org","@graph":[{"@type":"WebPage","@id":"https:\/\/www.cruillabarcelona.cat\/es\/infos\/com-arribar\/","url":"https:\/\/www.cruillabarcelona.cat\/es\/infos\/com-arribar\/","name":"Com arribar al Cru\u00eflla 2025: transport p\u00fablic, cotxe, aparcament","isPartOf":{"@id":"https:\/\/www.cruillabarcelona.cat\/es\/#website"},"datePublished":"2016-11-28T07:24:29+00:00","dateModified":"2026-04-07T11:50:55+00:00","description":"Com arribar al Parc del F\u00f2rum de Barcelona per gaudir del Festival Cru\u00eflla 2025 en transport p\u00fablic: metro, autob\u00fas, bicicleta o tramvia.","breadcrumb":{"@id":"https:\/\/www.cruillabarcelona.cat\/es\/infos\/com-arribar\/#breadcrumb"},"inLanguage":"es","potentialAction":[{"@type":"ReadAction","target":["https:\/\/www.cruillabarcelona.cat\/es\/infos\/com-arribar\/"]}]},{"@type":"BreadcrumbList","@id":"https:\/\/www.cruillabarcelona.cat\/es\/infos\/com-arribar\/#breadcrumb","itemListElement":[{"@type":"ListItem","position":1,"name":"Home","item":"https:\/\/www.cruillabarcelona.cat\/es\/"},{"@type":"ListItem","position":2,"name":"Infos Festival Cru\u00eflla 2026","item":"https:\/\/www.cruillabarcelona.cat\/es\/infos\/"},{"@type":"ListItem","position":3,"name":"C\u00f3mo llegar e irse del recinto"}]},{"@type":"WebSite","@id":"https:\/\/www.cruillabarcelona.cat\/es\/#website","url":"https:\/\/www.cruillabarcelona.cat\/es\/","name":"Festival Cru\u00eflla","description":"","publisher":{"@id":"https:\/\/www.cruillabarcelona.cat\/es\/#organization"},"potentialAction":[{"@type":"SearchAction","target":{"@type":"EntryPoint","urlTemplate":"https:\/\/www.cruillabarcelona.cat\/es\/?s={search_term_string}"},"query-input":{"@type":"PropertyValueSpecification","valueRequired":true,"valueName":"search_term_string"}}],"inLanguage":"es"},{"@type":"Organization","@id":"https:\/\/www.cruillabarcelona.cat\/es\/#organization","name":"Festival Cru\u00eflla","url":"https:\/\/www.cruillabarcelona.cat\/es\/","logo":{"@type":"ImageObject","inLanguage":"es","@id":"https:\/\/www.cruillabarcelona.cat\/es\/#\/schema\/logo\/image\/","url":"https:\/\/www.cruillabarcelona.cat\/wp-content\/uploads\/2025\/12\/cruill-logo-negativo.png","contentUrl":"https:\/\/www.cruillabarcelona.cat\/wp-content\/uploads\/2025\/12\/cruill-logo-negativo.png","width":400,"height":101,"caption":"Festival Cru\u00eflla"},"image":{"@id":"https:\/\/www.cruillabarcelona.cat\/es\/#\/schema\/logo\/image\/"}}]}},"_links":{"self":[{"href":"https:\/\/www.cruillabarcelona.cat\/es\/wp-json\/wp\/v2\/pages\/63501","targetHints":{"allow":["GET"]}}],"collection":[{"href":"https:\/\/www.cruillabarcelona.cat\/es\/wp-json\/wp\/v2\/pages"}],"about":[{"href":"https:\/\/www.cruillabarcelona.cat\/es\/wp-json\/wp\/v2\/types\/page"}],"author":[{"embeddable":true,"href":"https:\/\/www.cruillabarcelona.cat\/es\/wp-json\/wp\/v2\/users\/1"}],"replies":[{"embeddable":true,"href":"https:\/\/www.cruillabarcelona.cat\/es\/wp-json\/wp\/v2\/comments?post=63501"}],"version-history":[{"count":4,"href":"https:\/\/www.cruillabarcelona.cat\/es\/wp-json\/wp\/v2\/pages\/63501\/revisions"}],"predecessor-version":[{"id":64370,"href":"https:\/\/www.cruillabarcelona.cat\/es\/wp-json\/wp\/v2\/pages\/63501\/revisions\/64370"}],"up":[{"embeddable":true,"href":"https:\/\/www.cruillabarcelona.cat\/es\/wp-json\/wp\/v2\/pages\/581"}],"wp:attachment":[{"href":"https:\/\/www.cruillabarcelona.cat\/es\/wp-json\/wp\/v2\/media?parent=63501"}],"curies":[{"name":"wp","href":"https:\/\/api.w.org\/{rel}","templated":true}]}}