{"id":63503,"date":"2022-02-21T17:24:24","date_gmt":"2022-02-21T15:24:24","guid":{"rendered":"https:\/\/www.cruillabarcelona.cat\/infos\/descomptes\/"},"modified":"2026-04-07T13:51:12","modified_gmt":"2026-04-07T11:51:12","slug":"descomptes","status":"publish","type":"page","link":"https:\/\/www.cruillabarcelona.cat\/es\/infos\/descomptes\/","title":{"rendered":"Descuentos"},"content":{"rendered":"\n<header class=\"wp-block-group has-foreground-background-color has-background is-layout-flow wp-block-group-is-layout-flow\" style=\"margin-top:0;margin-bottom:0\"><h1 style=\"line-height:1.2;text-transform:uppercase;\" class=\"has-text-align-center has-link-color wp-elements-b68ac12c420099fa2af427171991f2c5 wp-block-post-title has-text-color has-background-color has-x-large-font-size\">Descuentos<\/h1><\/header>\n\n\n\n<div class=\"wp-block-group has-foreground-background-color has-background has-global-padding is-layout-constrained wp-block-group-is-layout-constrained\">\n<div class=\"wp-block-columns has-foreground-background-color has-background is-layout-flex wp-container-core-columns-is-layout-039d06b3 wp-block-columns-is-layout-flex\" style=\"margin-top:0;margin-bottom:0;padding-right:0;padding-left:0\">\n<div class=\"wp-block-column is-layout-flow wp-block-column-is-layout-flow\" style=\"flex-basis:25%\">\n<div class=\"wp-block-group has-background-background-color has-background has-global-padding is-layout-constrained wp-container-core-group-is-layout-f611be13 wp-block-group-is-layout-constrained\" style=\"padding-top:var(--wp--preset--spacing--50);padding-right:var(--wp--preset--spacing--50);padding-bottom:var(--wp--preset--spacing--50);padding-left:var(--wp--preset--spacing--50)\"><nav style=\"line-height:1;text-transform:uppercase;\" class=\"has-small-font-size  is-vertical wp-block-navigation is-layout-flex wp-container-core-navigation-is-layout-355c4241 wp-block-navigation-is-layout-flex\" aria-label=\"FAQ_ES\"><ul style=\"line-height:1;text-transform:uppercase;\" class=\"wp-block-navigation__container has-small-font-size  is-vertical wp-block-navigation has-small-font-size\"><li class=\"has-small-font-size wp-block-navigation-item wp-block-navigation-link\"><a class=\"wp-block-navigation-item__content\"  href=\"https:\/\/www.cruillabarcelona.cat\/es\/infos\/preguntes-recinte\/\"><span class=\"wp-block-navigation-item__label\">Preguntas sobre el recinto<\/span><\/a><\/li><li class=\"has-small-font-size wp-block-navigation-item wp-block-navigation-link\"><a class=\"wp-block-navigation-item__content\"  href=\"https:\/\/www.cruillabarcelona.cat\/es\/infos\/preguntes-frequents\/\"><span class=\"wp-block-navigation-item__label\">Preguntas sobre entradas<\/span><\/a><\/li><li class=\"has-small-font-size wp-block-navigation-item wp-block-navigation-link\"><a class=\"wp-block-navigation-item__content\"  href=\"https:\/\/www.cruillabarcelona.cat\/es\/infos\/menors\/\"><span class=\"wp-block-navigation-item__label\">Pol\u00edtica de menores<\/span><\/a><\/li><li class=\"has-small-font-size wp-block-navigation-item wp-block-navigation-link\"><a class=\"wp-block-navigation-item__content\"  href=\"https:\/\/www.cruillabarcelona.cat\/es\/infos\/com-arribar\/\"><span class=\"wp-block-navigation-item__label\">C\u00f3mo llegar e irse del recinto<\/span><\/a><\/li><li class=\"has-small-font-size wp-block-navigation-item wp-block-navigation-link\"><a class=\"wp-block-navigation-item__content\"  href=\"https:\/\/www.cruillabarcelona.cat\/es\/infos\/descomptes\/\"><span class=\"wp-block-navigation-item__label\">Descuentos<\/span><\/a><\/li><li class=\"has-small-font-size wp-block-navigation-item wp-block-navigation-link\"><a class=\"wp-block-navigation-item__content\"  href=\"https:\/\/www.cruillabarcelona.cat\/es\/premsa\/\"><span class=\"wp-block-navigation-item__label\">Prensa<\/span><\/a><\/li><\/ul><\/nav><\/div>\n<\/div>\n\n\n\n<div class=\"wp-block-column is-layout-flow wp-container-core-column-is-layout-22223934 wp-block-column-is-layout-flow\">\n<details class=\"wp-block-details has-background-background-color has-background is-layout-flow wp-block-details-is-layout-flow\"><summary>Personas en paro<\/summary>\n<p class=\"has-small-font-size\">Si est\u00e1s en el paro, puedes disfrutar de un 1<strong>5% de descuento<\/strong> en cualquier tipo de entrada del<strong> Festival Cru\u00eflla.<\/strong><\/p>\n\n\n\n<p class=\"has-small-font-size\">Hace falta que nos env\u00edes tu documento&nbsp;<strong>DARDO<\/strong>&nbsp;a festival@cruillabarcelona.com, que nos indiques qu\u00e9 tipo de entrada quieres adquirir y te enviaremos un c\u00f3digo de descuento porque hagas tu compra.<\/p>\n<\/details>\n\n\n\n<details class=\"wp-block-details has-background-background-color has-background is-layout-flow wp-block-details-is-layout-flow\"><summary>Personas con diversidad funcional<\/summary>\n<p class=\"has-small-font-size\">Si tienes una diversidad funcional, te ofrecemos un <strong>50% de descuento<\/strong> en cualquier tipo de entrada del Festival Cru\u00eflla.<\/p>\n\n\n\n<p>Env\u00edanos una copia de tu certificado o tarjeta que lo acredite a festival@cruillabarcelona.com, ind\u00edcanos qu\u00e9 tipo de entrada quieres adquirir y te enviaremos un c\u00f3digo de descuento para hacer tu compra.<\/p>\n\n\n\n<p class=\"has-small-font-size\">Si en el certificado se especifica que requieres de un acompa\u00f1ante, le ofreceremos un <strong>50% de descuento<\/strong> en su entrada.<\/p>\n<\/details>\n\n\n\n<details class=\"wp-block-details has-background-background-color has-background is-layout-flow wp-block-details-is-layout-flow\"><summary>Grupos<\/summary>\n<p class=\"has-small-font-size\">Si sois un grupo de 10 personas o m\u00e1s y todos quer\u00e9is venir al festival, os ofrecemos un <strong>15% de descuento<\/strong> en cualquier tipo de entrada del <strong>Festival Cru\u00eflla<\/strong>.<\/p>\n\n\n\n<p class=\"has-small-font-size\"><a href=\"https:\/\/www.cruillabarcelona.cat\/es\/tiquet-grups\/\"><strong>Aqu\u00ed<\/strong><\/a> encontrar\u00e9is toda la informaci\u00f3n para aplicarlo.<\/p>\n<\/details>\n\n\n\n<details class=\"wp-block-details has-background-background-color has-background is-layout-flow wp-block-details-is-layout-flow\"><summary>Promociones<\/summary>\n<p class=\"has-small-font-size\">Ahora mismo no tenemos ninguna promoci\u00f3n activa.<\/p>\n\n\n\n<p class=\"has-small-font-size\">Si quieres,<a href=\"https:\/\/www.cruillabarcelona.com\/es\/recibir-info\/\"><strong>&nbsp;suscr\u00edbete a nuestras comunicaciones<\/strong>&nbsp;<\/a>para recibir toda la informaci\u00f3n sobre las ofertas disponibles.<\/p>\n<\/details>\n<\/div>\n<\/div>\n<\/div>\n","protected":false},"excerpt":{"rendered":"","protected":false},"author":20,"featured_media":0,"parent":581,"menu_order":7,"comment_status":"closed","ping_status":"closed","template":"","meta":{"_acf_changed":false,"footnotes":""},"class_list":["post-63503","page","type-page","status-publish","hentry"],"acf":[],"yoast_head":"<!-- This site is optimized with the Yoast SEO plugin v27.3 - https:\/\/yoast.com\/product\/yoast-seo-wordpress\/ -->\n<title>Descuentos - Festival Cru\u00eflla<\/title>\n<meta name=\"robots\" content=\"index, follow, max-snippet:-1, max-image-preview:large, max-video-preview:-1\" \/>\n<link rel=\"canonical\" href=\"https:\/\/www.cruillabarcelona.cat\/es\/infos\/descomptes\/\" \/>\n<meta property=\"og:locale\" content=\"es_ES\" \/>\n<meta property=\"og:type\" content=\"article\" \/>\n<meta property=\"og:title\" content=\"Descuentos - Festival Cru\u00eflla\" \/>\n<meta property=\"og:url\" content=\"https:\/\/www.cruillabarcelona.cat\/es\/infos\/descomptes\/\" \/>\n<meta property=\"og:site_name\" content=\"Festival Cru\u00eflla\" \/>\n<meta property=\"article:modified_time\" content=\"2026-04-07T11:51:12+00:00\" \/>\n<meta name=\"twitter:card\" content=\"summary_large_image\" \/>\n<meta name=\"twitter:label1\" content=\"Tiempo de lectura\" \/>\n\t<meta name=\"twitter:data1\" content=\"1 minuto\" \/>\n<script type=\"application\/ld+json\" class=\"yoast-schema-graph\">{\"@context\":\"https:\\\/\\\/schema.org\",\"@graph\":[{\"@type\":\"WebPage\",\"@id\":\"https:\\\/\\\/www.cruillabarcelona.cat\\\/es\\\/infos\\\/descomptes\\\/\",\"url\":\"https:\\\/\\\/www.cruillabarcelona.cat\\\/es\\\/infos\\\/descomptes\\\/\",\"name\":\"Descuentos - Festival Cru\u00eflla\",\"isPartOf\":{\"@id\":\"https:\\\/\\\/www.cruillabarcelona.cat\\\/es\\\/#website\"},\"datePublished\":\"2022-02-21T15:24:24+00:00\",\"dateModified\":\"2026-04-07T11:51:12+00:00\",\"breadcrumb\":{\"@id\":\"https:\\\/\\\/www.cruillabarcelona.cat\\\/es\\\/infos\\\/descomptes\\\/#breadcrumb\"},\"inLanguage\":\"es\",\"potentialAction\":[{\"@type\":\"ReadAction\",\"target\":[\"https:\\\/\\\/www.cruillabarcelona.cat\\\/es\\\/infos\\\/descomptes\\\/\"]}]},{\"@type\":\"BreadcrumbList\",\"@id\":\"https:\\\/\\\/www.cruillabarcelona.cat\\\/es\\\/infos\\\/descomptes\\\/#breadcrumb\",\"itemListElement\":[{\"@type\":\"ListItem\",\"position\":1,\"name\":\"Home\",\"item\":\"https:\\\/\\\/www.cruillabarcelona.cat\\\/es\\\/\"},{\"@type\":\"ListItem\",\"position\":2,\"name\":\"Infos Festival Cru\u00eflla 2026\",\"item\":\"https:\\\/\\\/www.cruillabarcelona.cat\\\/es\\\/infos\\\/\"},{\"@type\":\"ListItem\",\"position\":3,\"name\":\"Descuentos\"}]},{\"@type\":\"WebSite\",\"@id\":\"https:\\\/\\\/www.cruillabarcelona.cat\\\/es\\\/#website\",\"url\":\"https:\\\/\\\/www.cruillabarcelona.cat\\\/es\\\/\",\"name\":\"Festival Cru\u00eflla\",\"description\":\"\",\"publisher\":{\"@id\":\"https:\\\/\\\/www.cruillabarcelona.cat\\\/es\\\/#organization\"},\"potentialAction\":[{\"@type\":\"SearchAction\",\"target\":{\"@type\":\"EntryPoint\",\"urlTemplate\":\"https:\\\/\\\/www.cruillabarcelona.cat\\\/es\\\/?s={search_term_string}\"},\"query-input\":{\"@type\":\"PropertyValueSpecification\",\"valueRequired\":true,\"valueName\":\"search_term_string\"}}],\"inLanguage\":\"es\"},{\"@type\":\"Organization\",\"@id\":\"https:\\\/\\\/www.cruillabarcelona.cat\\\/es\\\/#organization\",\"name\":\"Festival Cru\u00eflla\",\"url\":\"https:\\\/\\\/www.cruillabarcelona.cat\\\/es\\\/\",\"logo\":{\"@type\":\"ImageObject\",\"inLanguage\":\"es\",\"@id\":\"https:\\\/\\\/www.cruillabarcelona.cat\\\/es\\\/#\\\/schema\\\/logo\\\/image\\\/\",\"url\":\"https:\\\/\\\/www.cruillabarcelona.cat\\\/wp-content\\\/uploads\\\/2025\\\/12\\\/cruill-logo-negativo.png\",\"contentUrl\":\"https:\\\/\\\/www.cruillabarcelona.cat\\\/wp-content\\\/uploads\\\/2025\\\/12\\\/cruill-logo-negativo.png\",\"width\":400,\"height\":101,\"caption\":\"Festival Cru\u00eflla\"},\"image\":{\"@id\":\"https:\\\/\\\/www.cruillabarcelona.cat\\\/es\\\/#\\\/schema\\\/logo\\\/image\\\/\"}}]}<\/script>\n<!-- \/ Yoast SEO plugin. -->","yoast_head_json":{"title":"Descuentos - Festival Cru\u00eflla","robots":{"index":"index","follow":"follow","max-snippet":"max-snippet:-1","max-image-preview":"max-image-preview:large","max-video-preview":"max-video-preview:-1"},"canonical":"https:\/\/www.cruillabarcelona.cat\/es\/infos\/descomptes\/","og_locale":"es_ES","og_type":"article","og_title":"Descuentos - Festival Cru\u00eflla","og_url":"https:\/\/www.cruillabarcelona.cat\/es\/infos\/descomptes\/","og_site_name":"Festival Cru\u00eflla","article_modified_time":"2026-04-07T11:51:12+00:00","twitter_card":"summary_large_image","twitter_misc":{"Tiempo de lectura":"1 minuto"},"schema":{"@context":"https:\/\/schema.org","@graph":[{"@type":"WebPage","@id":"https:\/\/www.cruillabarcelona.cat\/es\/infos\/descomptes\/","url":"https:\/\/www.cruillabarcelona.cat\/es\/infos\/descomptes\/","name":"Descuentos - Festival Cru\u00eflla","isPartOf":{"@id":"https:\/\/www.cruillabarcelona.cat\/es\/#website"},"datePublished":"2022-02-21T15:24:24+00:00","dateModified":"2026-04-07T11:51:12+00:00","breadcrumb":{"@id":"https:\/\/www.cruillabarcelona.cat\/es\/infos\/descomptes\/#breadcrumb"},"inLanguage":"es","potentialAction":[{"@type":"ReadAction","target":["https:\/\/www.cruillabarcelona.cat\/es\/infos\/descomptes\/"]}]},{"@type":"BreadcrumbList","@id":"https:\/\/www.cruillabarcelona.cat\/es\/infos\/descomptes\/#breadcrumb","itemListElement":[{"@type":"ListItem","position":1,"name":"Home","item":"https:\/\/www.cruillabarcelona.cat\/es\/"},{"@type":"ListItem","position":2,"name":"Infos Festival Cru\u00eflla 2026","item":"https:\/\/www.cruillabarcelona.cat\/es\/infos\/"},{"@type":"ListItem","position":3,"name":"Descuentos"}]},{"@type":"WebSite","@id":"https:\/\/www.cruillabarcelona.cat\/es\/#website","url":"https:\/\/www.cruillabarcelona.cat\/es\/","name":"Festival Cru\u00eflla","description":"","publisher":{"@id":"https:\/\/www.cruillabarcelona.cat\/es\/#organization"},"potentialAction":[{"@type":"SearchAction","target":{"@type":"EntryPoint","urlTemplate":"https:\/\/www.cruillabarcelona.cat\/es\/?s={search_term_string}"},"query-input":{"@type":"PropertyValueSpecification","valueRequired":true,"valueName":"search_term_string"}}],"inLanguage":"es"},{"@type":"Organization","@id":"https:\/\/www.cruillabarcelona.cat\/es\/#organization","name":"Festival Cru\u00eflla","url":"https:\/\/www.cruillabarcelona.cat\/es\/","logo":{"@type":"ImageObject","inLanguage":"es","@id":"https:\/\/www.cruillabarcelona.cat\/es\/#\/schema\/logo\/image\/","url":"https:\/\/www.cruillabarcelona.cat\/wp-content\/uploads\/2025\/12\/cruill-logo-negativo.png","contentUrl":"https:\/\/www.cruillabarcelona.cat\/wp-content\/uploads\/2025\/12\/cruill-logo-negativo.png","width":400,"height":101,"caption":"Festival Cru\u00eflla"},"image":{"@id":"https:\/\/www.cruillabarcelona.cat\/es\/#\/schema\/logo\/image\/"}}]}},"_links":{"self":[{"href":"https:\/\/www.cruillabarcelona.cat\/es\/wp-json\/wp\/v2\/pages\/63503","targetHints":{"allow":["GET"]}}],"collection":[{"href":"https:\/\/www.cruillabarcelona.cat\/es\/wp-json\/wp\/v2\/pages"}],"about":[{"href":"https:\/\/www.cruillabarcelona.cat\/es\/wp-json\/wp\/v2\/types\/page"}],"author":[{"embeddable":true,"href":"https:\/\/www.cruillabarcelona.cat\/es\/wp-json\/wp\/v2\/users\/20"}],"replies":[{"embeddable":true,"href":"https:\/\/www.cruillabarcelona.cat\/es\/wp-json\/wp\/v2\/comments?post=63503"}],"version-history":[{"count":5,"href":"https:\/\/www.cruillabarcelona.cat\/es\/wp-json\/wp\/v2\/pages\/63503\/revisions"}],"predecessor-version":[{"id":64371,"href":"https:\/\/www.cruillabarcelona.cat\/es\/wp-json\/wp\/v2\/pages\/63503\/revisions\/64371"}],"up":[{"embeddable":true,"href":"https:\/\/www.cruillabarcelona.cat\/es\/wp-json\/wp\/v2\/pages\/581"}],"wp:attachment":[{"href":"https:\/\/www.cruillabarcelona.cat\/es\/wp-json\/wp\/v2\/media?parent=63503"}],"curies":[{"name":"wp","href":"https:\/\/api.w.org\/{rel}","templated":true}]}}