{"id":63848,"date":"2026-03-20T13:26:22","date_gmt":"2026-03-20T11:26:22","guid":{"rendered":"https:\/\/www.cruillabarcelona.cat\/dimecres-2026\/"},"modified":"2026-03-24T17:56:42","modified_gmt":"2026-03-24T15:56:42","slug":"dimecres-2026","status":"publish","type":"page","link":"https:\/\/www.cruillabarcelona.cat\/es\/dimecres-2026\/","title":{"rendered":"Landing Dimecres 2026"},"content":{"rendered":"\n<div class=\"wp-block-cover\"><img loading=\"lazy\" decoding=\"async\" width=\"1124\" height=\"281\" class=\"wp-block-cover__image-background wp-image-63581 size-large\" alt=\"\" src=\"https:\/\/www.cruillabarcelona.cat\/wp-content\/uploads\/2026\/03\/Portada_LandingDimecres-1124x281.png\" data-object-fit=\"cover\" srcset=\"https:\/\/www.cruillabarcelona.cat\/wp-content\/uploads\/2026\/03\/Portada_LandingDimecres-1124x281.png 1124w, https:\/\/www.cruillabarcelona.cat\/wp-content\/uploads\/2026\/03\/Portada_LandingDimecres-300x75.png 300w, https:\/\/www.cruillabarcelona.cat\/wp-content\/uploads\/2026\/03\/Portada_LandingDimecres-800x200.png 800w, https:\/\/www.cruillabarcelona.cat\/wp-content\/uploads\/2026\/03\/Portada_LandingDimecres-1536x384.png 1536w, https:\/\/www.cruillabarcelona.cat\/wp-content\/uploads\/2026\/03\/Portada_LandingDimecres-1500x375.png 1500w, https:\/\/www.cruillabarcelona.cat\/wp-content\/uploads\/2026\/03\/Portada_LandingDimecres.png 2000w\" sizes=\"auto, (max-width: 1124px) 100vw, 1124px\" \/><span aria-hidden=\"true\" class=\"wp-block-cover__background has-background-dim\"><\/span><div class=\"wp-block-cover__inner-container has-global-padding is-layout-constrained wp-block-cover-is-layout-constrained\">\n<p class=\"has-text-align-center has-large-font-size\"><\/p>\n<\/div><\/div>\n\n\n\n<h2 class=\"wp-block-heading has-text-align-center\"><strong>EL POP EST\u00c1 DE MODA EN EL FESTIVAL CRU\u00cfLLA 2026<\/strong><\/h2>\n\n\n\n<div class=\"wp-block-group has-global-padding is-layout-constrained wp-container-core-group-is-layout-704e782a wp-block-group-is-layout-constrained\">\n<p class=\"has-text-align-center\">La jornada inaugural del&nbsp;<strong>Festival Cru\u00eflla 2026<\/strong>&nbsp;llega cargada de talento internacional imprescindible. El&nbsp;<strong>mi\u00e9rcoles 8 de julio<\/strong>, el Parc del F\u00f2rum se convertir\u00e1 en el epicentro del pop.<\/p>\n<\/div>\n\n\n\n<figure class=\"wp-block-image aligncenter size-large\"><img loading=\"lazy\" decoding=\"async\" width=\"1124\" height=\"506\" src=\"https:\/\/www.cruillabarcelona.cat\/wp-content\/uploads\/2026\/03\/Cartell_LandingDimecres_ES-2-1124x506.png\" alt=\"\" class=\"wp-image-63619\" srcset=\"https:\/\/www.cruillabarcelona.cat\/wp-content\/uploads\/2026\/03\/Cartell_LandingDimecres_ES-2-1124x506.png 1124w, https:\/\/www.cruillabarcelona.cat\/wp-content\/uploads\/2026\/03\/Cartell_LandingDimecres_ES-2-300x135.png 300w, https:\/\/www.cruillabarcelona.cat\/wp-content\/uploads\/2026\/03\/Cartell_LandingDimecres_ES-2-800x360.png 800w, https:\/\/www.cruillabarcelona.cat\/wp-content\/uploads\/2026\/03\/Cartell_LandingDimecres_ES-2-1536x691.png 1536w, https:\/\/www.cruillabarcelona.cat\/wp-content\/uploads\/2026\/03\/Cartell_LandingDimecres_ES-2-1500x675.png 1500w, https:\/\/www.cruillabarcelona.cat\/wp-content\/uploads\/2026\/03\/Cartell_LandingDimecres_ES-2.png 2000w\" sizes=\"auto, (max-width: 1124px) 100vw, 1124px\" \/><\/figure>\n\n\n\n<div class=\"wp-block-group has-global-padding is-layout-constrained wp-container-core-group-is-layout-704e782a wp-block-group-is-layout-constrained\">\n<p class=\"has-text-align-center\"><em><strong><em><strong>\u00a1Compra aqu\u00ed tu entrada para el mi\u00e9rcoles o tu abono de 4 d\u00edas!<\/strong><\/em><br><\/strong><\/em><\/p>\n\n\n\n<div class=\"wp-block-buttons is-content-justification-center is-layout-flex wp-container-core-buttons-is-layout-a89b3969 wp-block-buttons-is-layout-flex\">\n<div class=\"wp-block-button has-custom-width wp-block-button__width-25\"><a class=\"wp-block-button__link wp-element-button\" href=\"https:\/\/tickets.oneboxtds.com\/cruilla\/select\/2556128?hl=ca-ES\">Ticket mI\u00c9RCOLES<\/a><\/div>\n\n\n\n<div class=\"wp-block-button has-custom-width wp-block-button__width-25\"><a class=\"wp-block-button__link wp-element-button\" href=\"https:\/\/tickets.oneboxtds.com\/cruilla\/select\/2556132?hl=ca-ES\">abonO 4 D\u00cdAS<\/a><\/div>\n<\/div>\n\n\n\n<p class=\"has-text-align-center has-foreground-color has-text-color has-link-color wp-elements-b1d8de6f941a87df4cc59ae143f30dbf\">Si es un grupo de 10 o m\u00e1s personas, puede beneficiarse del&nbsp;<a href=\"https:\/\/www.cruillabarcelona.com\/es\/tiquet-grupos\/\" target=\"_blank\" rel=\"noreferrer noopener\">Tiquet Grupo<\/a>.<\/p>\n\n\n\n<p class=\"has-text-align-center\">Diez a\u00f1os despu\u00e9s del ic\u00f3nico&nbsp;&#8216;<strong>Badlands&#8217;<\/strong>&nbsp;(2015), <strong>Halsey<\/strong> vuelve a Barcelona en su momento m\u00e1s rompedor. Con m\u00e1s de 50.000 millones de reproducciones y un sonido que redefini\u00f3 el alternative pop, la artista estrena nueva etapa musical en el Festival Cru\u00eflla sin olvidar \u00e9xitos como <strong>\u201cColors\u201d<\/strong> o <strong>\u201cWithout me\u201d<\/strong>.<\/p>\n\n\n\n<p><\/p>\n\n\n\n<figure class=\"wp-block-embed is-type-video is-provider-youtube wp-block-embed-youtube wp-embed-aspect-16-9 wp-has-aspect-ratio\" style=\"margin-top:0;margin-right:0;margin-bottom:0;margin-left:0\"><div class=\"wp-block-embed__wrapper\">\n<iframe loading=\"lazy\" title=\"Halsey - Without Me\" width=\"1200\" height=\"675\" src=\"https:\/\/www.youtube.com\/embed\/ZAfAud_M_mg?feature=oembed\" frameborder=\"0\" allow=\"accelerometer; autoplay; clipboard-write; encrypted-media; gyroscope; picture-in-picture; web-share\" referrerpolicy=\"strict-origin-when-cross-origin\" allowfullscreen><\/iframe>\n<\/div><\/figure>\n<\/div>\n\n\n\n<div class=\"wp-block-group has-global-padding is-layout-constrained wp-container-core-group-is-layout-704e782a wp-block-group-is-layout-constrained\">\n<p class=\"has-text-align-center\">La estrella de Broadway y protagonista del musical&nbsp;<em>Mean Girls<\/em>&nbsp;llega por primera vez a Espa\u00f1a y lo hace por la puerta grande. <strong>Rene\u00e9 Rapp<\/strong> deja atr\u00e1s la pantalla para ofrecernos un concierto \u00fanico con una actitud arrolladora y canciones que ya funcionan como himnos. \u00a1Vive el fen\u00f3meno en directo!<\/p>\n\n\n\n<figure class=\"wp-block-embed aligncenter is-type-video is-provider-youtube wp-block-embed-youtube wp-embed-aspect-16-9 wp-has-aspect-ratio\"><div class=\"wp-block-embed__wrapper\">\n<iframe loading=\"lazy\" title=\"Rene\u00e9 Rapp - I Think I Like You Better When You\u2019re Gone (Jimmy Kimmel Live!)\" width=\"1200\" height=\"675\" src=\"https:\/\/www.youtube.com\/embed\/YxChYZwOPK0?feature=oembed\" frameborder=\"0\" allow=\"accelerometer; autoplay; clipboard-write; encrypted-media; gyroscope; picture-in-picture; web-share\" referrerpolicy=\"strict-origin-when-cross-origin\" allowfullscreen><\/iframe>\n<\/div><\/figure>\n<\/div>\n\n\n\n<div class=\"wp-block-group has-global-padding is-layout-constrained wp-container-core-group-is-layout-704e782a wp-block-group-is-layout-constrained\">\n<p class=\"has-text-align-center\">El universo de <strong>Sen Senra<\/strong> aterriza en el <strong>Festival Cru\u00eflla<\/strong> para demostrar por qu\u00e9 se ha convertido en uno de los artistas m\u00e1s hipn\u00f3ticos del panorama actual. Con un sonido contempor\u00e1neo lleno de car\u00e1cter y una identidad \u00fanica que atrapa desde la primera nota, el gallego ofrecer\u00e1 uno de los directos m\u00e1s magn\u00e9ticos de esta edici\u00f3n.<\/p>\n\n\n\n<figure class=\"wp-block-embed is-type-video is-provider-youtube wp-block-embed-youtube wp-embed-aspect-16-9 wp-has-aspect-ratio\"><div class=\"wp-block-embed__wrapper\">\n<iframe loading=\"lazy\" title=\"Sen Senra - R O M E O (V\u00eddeo Oficial)\" width=\"1200\" height=\"675\" src=\"https:\/\/www.youtube.com\/embed\/7qNrl7Zxs54?feature=oembed\" frameborder=\"0\" allow=\"accelerometer; autoplay; clipboard-write; encrypted-media; gyroscope; picture-in-picture; web-share\" referrerpolicy=\"strict-origin-when-cross-origin\" allowfullscreen><\/iframe>\n<\/div><\/figure>\n\n\n\n<p class=\"has-text-align-center\">Adem\u00e1s, con tu entrada del <strong>mi\u00e9rcoles<\/strong> o el <strong>abono de 4 d\u00edas<\/strong> tambi\u00e9n podr\u00e1s ver a <strong>Sigrid<\/strong>, una de las voces m\u00e1s prometedoras del pop actual; <strong>Yami Safdie<\/strong>, la cantautora argentina que se ha posicionado con temas como \u201c<strong>Querida Yo<\/strong>\u201d; Sadie Jean con su bedroom pop, y tambi\u00e9n a Joaquina, Bacilos, Xicu y Greta.<\/p>\n<\/div>\n\n\n\n<h4 class=\"wp-block-heading has-text-align-center\">\u00a1Nos vemos en el Festival Cru\u00eflla 2026!<\/h4>\n\n\n\n<p><\/p>\n","protected":false},"excerpt":{"rendered":"<p>EL POP EST\u00c1 DE MODA EN EL FESTIVAL CRU\u00cfLLA 2026 La jornada inaugural del&nbsp;Festival Cru\u00eflla 2026&nbsp;llega cargada de talento internacional imprescindible. El&nbsp;mi\u00e9rcoles 8 de julio, el [&hellip;]<\/p>\n","protected":false},"author":55,"featured_media":63576,"parent":0,"menu_order":0,"comment_status":"closed","ping_status":"closed","template":"","meta":{"_acf_changed":false,"footnotes":""},"class_list":["post-63848","page","type-page","status-publish","has-post-thumbnail","hentry"],"acf":[],"yoast_head":"<!-- This site is optimized with the Yoast SEO plugin v27.3 - https:\/\/yoast.com\/product\/yoast-seo-wordpress\/ -->\n<title>Landing Dimecres 2026 - Festival Cru\u00eflla<\/title>\n<meta name=\"robots\" content=\"index, follow, max-snippet:-1, max-image-preview:large, max-video-preview:-1\" \/>\n<link rel=\"canonical\" href=\"https:\/\/www.cruillabarcelona.cat\/es\/dimecres-2026\/\" \/>\n<meta property=\"og:locale\" content=\"es_ES\" \/>\n<meta property=\"og:type\" content=\"article\" \/>\n<meta property=\"og:title\" content=\"Landing Dimecres 2026 - Festival Cru\u00eflla\" \/>\n<meta property=\"og:description\" content=\"EL POP EST\u00c1 DE MODA EN EL FESTIVAL CRU\u00cfLLA 2026 La jornada inaugural del&nbsp;Festival Cru\u00eflla 2026&nbsp;llega cargada de talento internacional imprescindible. El&nbsp;mi\u00e9rcoles 8 de julio, el [&hellip;]\" \/>\n<meta property=\"og:url\" content=\"https:\/\/www.cruillabarcelona.cat\/es\/dimecres-2026\/\" \/>\n<meta property=\"og:site_name\" content=\"Festival Cru\u00eflla\" \/>\n<meta property=\"article:modified_time\" content=\"2026-03-24T15:56:42+00:00\" \/>\n<meta property=\"og:image\" content=\"https:\/\/www.cruillabarcelona.cat\/wp-content\/uploads\/2026\/03\/Portada_LandingDimecres_Mobile.jpg\" \/>\n\t<meta property=\"og:image:width\" content=\"1000\" \/>\n\t<meta property=\"og:image:height\" content=\"1000\" \/>\n\t<meta property=\"og:image:type\" content=\"image\/jpeg\" \/>\n<meta name=\"twitter:card\" content=\"summary_large_image\" \/>\n<meta name=\"twitter:label1\" content=\"Tiempo de lectura\" \/>\n\t<meta name=\"twitter:data1\" content=\"3 minutos\" \/>\n<script type=\"application\/ld+json\" class=\"yoast-schema-graph\">{\"@context\":\"https:\\\/\\\/schema.org\",\"@graph\":[{\"@type\":\"WebPage\",\"@id\":\"https:\\\/\\\/www.cruillabarcelona.cat\\\/es\\\/dimecres-2026\\\/\",\"url\":\"https:\\\/\\\/www.cruillabarcelona.cat\\\/es\\\/dimecres-2026\\\/\",\"name\":\"Landing Dimecres 2026 - Festival Cru\u00eflla\",\"isPartOf\":{\"@id\":\"https:\\\/\\\/www.cruillabarcelona.cat\\\/es\\\/#website\"},\"primaryImageOfPage\":{\"@id\":\"https:\\\/\\\/www.cruillabarcelona.cat\\\/es\\\/dimecres-2026\\\/#primaryimage\"},\"image\":{\"@id\":\"https:\\\/\\\/www.cruillabarcelona.cat\\\/es\\\/dimecres-2026\\\/#primaryimage\"},\"thumbnailUrl\":\"https:\\\/\\\/www.cruillabarcelona.cat\\\/wp-content\\\/uploads\\\/2026\\\/03\\\/Portada_LandingDimecres_Mobile.jpg\",\"datePublished\":\"2026-03-20T11:26:22+00:00\",\"dateModified\":\"2026-03-24T15:56:42+00:00\",\"breadcrumb\":{\"@id\":\"https:\\\/\\\/www.cruillabarcelona.cat\\\/es\\\/dimecres-2026\\\/#breadcrumb\"},\"inLanguage\":\"es\",\"potentialAction\":[{\"@type\":\"ReadAction\",\"target\":[\"https:\\\/\\\/www.cruillabarcelona.cat\\\/es\\\/dimecres-2026\\\/\"]}]},{\"@type\":\"ImageObject\",\"inLanguage\":\"es\",\"@id\":\"https:\\\/\\\/www.cruillabarcelona.cat\\\/es\\\/dimecres-2026\\\/#primaryimage\",\"url\":\"https:\\\/\\\/www.cruillabarcelona.cat\\\/wp-content\\\/uploads\\\/2026\\\/03\\\/Portada_LandingDimecres_Mobile.jpg\",\"contentUrl\":\"https:\\\/\\\/www.cruillabarcelona.cat\\\/wp-content\\\/uploads\\\/2026\\\/03\\\/Portada_LandingDimecres_Mobile.jpg\",\"width\":1000,\"height\":1000},{\"@type\":\"BreadcrumbList\",\"@id\":\"https:\\\/\\\/www.cruillabarcelona.cat\\\/es\\\/dimecres-2026\\\/#breadcrumb\",\"itemListElement\":[{\"@type\":\"ListItem\",\"position\":1,\"name\":\"Home\",\"item\":\"https:\\\/\\\/www.cruillabarcelona.cat\\\/es\\\/\"},{\"@type\":\"ListItem\",\"position\":2,\"name\":\"Landing Dimecres 2026\"}]},{\"@type\":\"WebSite\",\"@id\":\"https:\\\/\\\/www.cruillabarcelona.cat\\\/es\\\/#website\",\"url\":\"https:\\\/\\\/www.cruillabarcelona.cat\\\/es\\\/\",\"name\":\"Festival Cru\u00eflla\",\"description\":\"\",\"publisher\":{\"@id\":\"https:\\\/\\\/www.cruillabarcelona.cat\\\/es\\\/#organization\"},\"potentialAction\":[{\"@type\":\"SearchAction\",\"target\":{\"@type\":\"EntryPoint\",\"urlTemplate\":\"https:\\\/\\\/www.cruillabarcelona.cat\\\/es\\\/?s={search_term_string}\"},\"query-input\":{\"@type\":\"PropertyValueSpecification\",\"valueRequired\":true,\"valueName\":\"search_term_string\"}}],\"inLanguage\":\"es\"},{\"@type\":\"Organization\",\"@id\":\"https:\\\/\\\/www.cruillabarcelona.cat\\\/es\\\/#organization\",\"name\":\"Festival Cru\u00eflla\",\"url\":\"https:\\\/\\\/www.cruillabarcelona.cat\\\/es\\\/\",\"logo\":{\"@type\":\"ImageObject\",\"inLanguage\":\"es\",\"@id\":\"https:\\\/\\\/www.cruillabarcelona.cat\\\/es\\\/#\\\/schema\\\/logo\\\/image\\\/\",\"url\":\"https:\\\/\\\/www.cruillabarcelona.cat\\\/wp-content\\\/uploads\\\/2025\\\/12\\\/cruill-logo-negativo.png\",\"contentUrl\":\"https:\\\/\\\/www.cruillabarcelona.cat\\\/wp-content\\\/uploads\\\/2025\\\/12\\\/cruill-logo-negativo.png\",\"width\":400,\"height\":101,\"caption\":\"Festival Cru\u00eflla\"},\"image\":{\"@id\":\"https:\\\/\\\/www.cruillabarcelona.cat\\\/es\\\/#\\\/schema\\\/logo\\\/image\\\/\"}}]}<\/script>\n<!-- \/ Yoast SEO plugin. -->","yoast_head_json":{"title":"Landing Dimecres 2026 - Festival Cru\u00eflla","robots":{"index":"index","follow":"follow","max-snippet":"max-snippet:-1","max-image-preview":"max-image-preview:large","max-video-preview":"max-video-preview:-1"},"canonical":"https:\/\/www.cruillabarcelona.cat\/es\/dimecres-2026\/","og_locale":"es_ES","og_type":"article","og_title":"Landing Dimecres 2026 - Festival Cru\u00eflla","og_description":"EL POP EST\u00c1 DE MODA EN EL FESTIVAL CRU\u00cfLLA 2026 La jornada inaugural del&nbsp;Festival Cru\u00eflla 2026&nbsp;llega cargada de talento internacional imprescindible. El&nbsp;mi\u00e9rcoles 8 de julio, el [&hellip;]","og_url":"https:\/\/www.cruillabarcelona.cat\/es\/dimecres-2026\/","og_site_name":"Festival Cru\u00eflla","article_modified_time":"2026-03-24T15:56:42+00:00","og_image":[{"width":1000,"height":1000,"url":"https:\/\/www.cruillabarcelona.cat\/wp-content\/uploads\/2026\/03\/Portada_LandingDimecres_Mobile.jpg","type":"image\/jpeg"}],"twitter_card":"summary_large_image","twitter_misc":{"Tiempo de lectura":"3 minutos"},"schema":{"@context":"https:\/\/schema.org","@graph":[{"@type":"WebPage","@id":"https:\/\/www.cruillabarcelona.cat\/es\/dimecres-2026\/","url":"https:\/\/www.cruillabarcelona.cat\/es\/dimecres-2026\/","name":"Landing Dimecres 2026 - Festival Cru\u00eflla","isPartOf":{"@id":"https:\/\/www.cruillabarcelona.cat\/es\/#website"},"primaryImageOfPage":{"@id":"https:\/\/www.cruillabarcelona.cat\/es\/dimecres-2026\/#primaryimage"},"image":{"@id":"https:\/\/www.cruillabarcelona.cat\/es\/dimecres-2026\/#primaryimage"},"thumbnailUrl":"https:\/\/www.cruillabarcelona.cat\/wp-content\/uploads\/2026\/03\/Portada_LandingDimecres_Mobile.jpg","datePublished":"2026-03-20T11:26:22+00:00","dateModified":"2026-03-24T15:56:42+00:00","breadcrumb":{"@id":"https:\/\/www.cruillabarcelona.cat\/es\/dimecres-2026\/#breadcrumb"},"inLanguage":"es","potentialAction":[{"@type":"ReadAction","target":["https:\/\/www.cruillabarcelona.cat\/es\/dimecres-2026\/"]}]},{"@type":"ImageObject","inLanguage":"es","@id":"https:\/\/www.cruillabarcelona.cat\/es\/dimecres-2026\/#primaryimage","url":"https:\/\/www.cruillabarcelona.cat\/wp-content\/uploads\/2026\/03\/Portada_LandingDimecres_Mobile.jpg","contentUrl":"https:\/\/www.cruillabarcelona.cat\/wp-content\/uploads\/2026\/03\/Portada_LandingDimecres_Mobile.jpg","width":1000,"height":1000},{"@type":"BreadcrumbList","@id":"https:\/\/www.cruillabarcelona.cat\/es\/dimecres-2026\/#breadcrumb","itemListElement":[{"@type":"ListItem","position":1,"name":"Home","item":"https:\/\/www.cruillabarcelona.cat\/es\/"},{"@type":"ListItem","position":2,"name":"Landing Dimecres 2026"}]},{"@type":"WebSite","@id":"https:\/\/www.cruillabarcelona.cat\/es\/#website","url":"https:\/\/www.cruillabarcelona.cat\/es\/","name":"Festival Cru\u00eflla","description":"","publisher":{"@id":"https:\/\/www.cruillabarcelona.cat\/es\/#organization"},"potentialAction":[{"@type":"SearchAction","target":{"@type":"EntryPoint","urlTemplate":"https:\/\/www.cruillabarcelona.cat\/es\/?s={search_term_string}"},"query-input":{"@type":"PropertyValueSpecification","valueRequired":true,"valueName":"search_term_string"}}],"inLanguage":"es"},{"@type":"Organization","@id":"https:\/\/www.cruillabarcelona.cat\/es\/#organization","name":"Festival Cru\u00eflla","url":"https:\/\/www.cruillabarcelona.cat\/es\/","logo":{"@type":"ImageObject","inLanguage":"es","@id":"https:\/\/www.cruillabarcelona.cat\/es\/#\/schema\/logo\/image\/","url":"https:\/\/www.cruillabarcelona.cat\/wp-content\/uploads\/2025\/12\/cruill-logo-negativo.png","contentUrl":"https:\/\/www.cruillabarcelona.cat\/wp-content\/uploads\/2025\/12\/cruill-logo-negativo.png","width":400,"height":101,"caption":"Festival Cru\u00eflla"},"image":{"@id":"https:\/\/www.cruillabarcelona.cat\/es\/#\/schema\/logo\/image\/"}}]}},"_links":{"self":[{"href":"https:\/\/www.cruillabarcelona.cat\/es\/wp-json\/wp\/v2\/pages\/63848","targetHints":{"allow":["GET"]}}],"collection":[{"href":"https:\/\/www.cruillabarcelona.cat\/es\/wp-json\/wp\/v2\/pages"}],"about":[{"href":"https:\/\/www.cruillabarcelona.cat\/es\/wp-json\/wp\/v2\/types\/page"}],"author":[{"embeddable":true,"href":"https:\/\/www.cruillabarcelona.cat\/es\/wp-json\/wp\/v2\/users\/55"}],"replies":[{"embeddable":true,"href":"https:\/\/www.cruillabarcelona.cat\/es\/wp-json\/wp\/v2\/comments?post=63848"}],"version-history":[{"count":4,"href":"https:\/\/www.cruillabarcelona.cat\/es\/wp-json\/wp\/v2\/pages\/63848\/revisions"}],"predecessor-version":[{"id":63859,"href":"https:\/\/www.cruillabarcelona.cat\/es\/wp-json\/wp\/v2\/pages\/63848\/revisions\/63859"}],"wp:featuredmedia":[{"embeddable":true,"href":"https:\/\/www.cruillabarcelona.cat\/es\/wp-json\/wp\/v2\/media\/63576"}],"wp:attachment":[{"href":"https:\/\/www.cruillabarcelona.cat\/es\/wp-json\/wp\/v2\/media?parent=63848"}],"curies":[{"name":"wp","href":"https:\/\/api.w.org\/{rel}","templated":true}]}}