{"id":63904,"date":"2026-03-20T14:09:00","date_gmt":"2026-03-20T12:09:00","guid":{"rendered":"https:\/\/www.cruillabarcelona.cat\/dijous-2026\/"},"modified":"2026-03-25T11:55:06","modified_gmt":"2026-03-25T09:55:06","slug":"dijous-2026","status":"publish","type":"page","link":"https:\/\/www.cruillabarcelona.cat\/es\/dijous-2026\/","title":{"rendered":"Landing Dijous 2026"},"content":{"rendered":"\n<div class=\"wp-block-cover aligncenter\"><img loading=\"lazy\" decoding=\"async\" width=\"1124\" height=\"281\" class=\"wp-block-cover__image-background wp-image-63693\" alt=\"\" src=\"https:\/\/www.cruillabarcelona.cat\/wp-content\/uploads\/2026\/03\/Portada_LandingDijous_Desktop-1-1124x281.jpg\" data-object-fit=\"cover\" srcset=\"https:\/\/www.cruillabarcelona.cat\/wp-content\/uploads\/2026\/03\/Portada_LandingDijous_Desktop-1-1124x281.jpg 1124w, https:\/\/www.cruillabarcelona.cat\/wp-content\/uploads\/2026\/03\/Portada_LandingDijous_Desktop-1-300x75.jpg 300w, https:\/\/www.cruillabarcelona.cat\/wp-content\/uploads\/2026\/03\/Portada_LandingDijous_Desktop-1-800x200.jpg 800w, https:\/\/www.cruillabarcelona.cat\/wp-content\/uploads\/2026\/03\/Portada_LandingDijous_Desktop-1-1536x384.jpg 1536w, https:\/\/www.cruillabarcelona.cat\/wp-content\/uploads\/2026\/03\/Portada_LandingDijous_Desktop-1-1500x375.jpg 1500w, https:\/\/www.cruillabarcelona.cat\/wp-content\/uploads\/2026\/03\/Portada_LandingDijous_Desktop-1.jpg 2000w\" sizes=\"auto, (max-width: 1124px) 100vw, 1124px\" \/><span aria-hidden=\"true\" class=\"wp-block-cover__background has-background-dim\"><\/span><div class=\"wp-block-cover__inner-container is-layout-flow wp-block-cover-is-layout-flow\">\n<p class=\"has-text-align-center has-large-font-size\"><\/p>\n<\/div><\/div>\n\n\n\n<div class=\"wp-block-group has-global-padding is-layout-constrained wp-block-group-is-layout-constrained\">\n<h2 class=\"wp-block-heading has-text-align-center\"><strong>VUELVEN LOS CL\u00c1SICOS EN EL CRU\u00cfLLA 2026<\/strong><\/h2>\n\n\n\n<p class=\"has-text-align-center\"><strong>El jueves 9 de julio<\/strong> el Festival Cru\u00eflla llega cargado de <strong>cl\u00e1sicos internacionales<\/strong> y <strong>referentes de nuestra escena local.<\/strong> Una jornada para celebrar trayectorias m\u00edticas y la energ\u00eda de las nuevas generaciones.<\/p>\n\n\n\n<figure class=\"wp-block-image aligncenter size-large\"><img loading=\"lazy\" decoding=\"async\" width=\"1124\" height=\"506\" src=\"https:\/\/www.cruillabarcelona.cat\/wp-content\/uploads\/2026\/03\/Cartell_LandingDijous_CA-1-1124x506.jpg\" alt=\"\" class=\"wp-image-63687\" srcset=\"https:\/\/www.cruillabarcelona.cat\/wp-content\/uploads\/2026\/03\/Cartell_LandingDijous_CA-1-1124x506.jpg 1124w, https:\/\/www.cruillabarcelona.cat\/wp-content\/uploads\/2026\/03\/Cartell_LandingDijous_CA-1-300x135.jpg 300w, https:\/\/www.cruillabarcelona.cat\/wp-content\/uploads\/2026\/03\/Cartell_LandingDijous_CA-1-800x360.jpg 800w, https:\/\/www.cruillabarcelona.cat\/wp-content\/uploads\/2026\/03\/Cartell_LandingDijous_CA-1-1536x691.jpg 1536w, https:\/\/www.cruillabarcelona.cat\/wp-content\/uploads\/2026\/03\/Cartell_LandingDijous_CA-1-1500x675.jpg 1500w, https:\/\/www.cruillabarcelona.cat\/wp-content\/uploads\/2026\/03\/Cartell_LandingDijous_CA-1.jpg 2000w\" sizes=\"auto, (max-width: 1124px) 100vw, 1124px\" \/><\/figure>\n<\/div>\n\n\n\n<div class=\"wp-block-group has-global-padding is-layout-constrained wp-container-core-group-is-layout-704e782a wp-block-group-is-layout-constrained\">\n<p class=\"has-text-align-center\"><em><strong><em><strong>\u00a1Compra aqu\u00ed tu entrada para el jueves o tu abono de 3 o 4 d\u00edas!<\/strong><\/em><\/strong><\/em><\/p>\n\n\n\n<p><\/p>\n\n\n\n<div class=\"wp-block-columns is-layout-flex wp-container-core-columns-is-layout-28f84493 wp-block-columns-is-layout-flex\">\n<div class=\"wp-block-column is-vertically-aligned-center is-layout-flow wp-block-column-is-layout-flow\">\n\n<a href=\"https:\/\/tickets.oneboxtds.com\/cruilla\/select\/2556129?hl=ca-ES\" target=\"_self\" id=\"button-block_0fe45eea3b7ec1e9594f8a0b0f671553\" class=\"button alignright default default default\">\nENTRADA JUEVES<\/a>\n\n<\/div>\n\n\n\n<div class=\"wp-block-column is-vertically-aligned-center is-layout-flow wp-block-column-is-layout-flow\">\n\n<a href=\"https:\/\/www.cruillabarcelona.com\/ca\/tickets\/\" target=\"_self\" id=\"button-block_27f2b35fa1526cf2b05c84f90fe3a1d7\" class=\"button default default default\">\nABONO 4 DIES<\/a>\n\n<\/div>\n<\/div>\n\n\n\n<p class=\"has-text-align-center\"><strong>Pixies,<\/strong> un dels grups m\u00e9s influents dels noranta, arriben al festival per celebrar el seu <strong>40\u00e8 aniversari<\/strong>. Amb himnes generacionals com <em>Where is my Mind <\/em>i amb el seu darrer treball The Night Zombies Came (2024), ens oferiran una de les <strong>\u00faniques actuacions a Espanya el 2026.<\/strong><\/p>\n\n\n\n<div class=\"wp-block-group has-global-padding is-layout-constrained wp-container-core-group-is-layout-704e782a wp-block-group-is-layout-constrained\">\n<figure class=\"wp-block-embed aligncenter is-type-video is-provider-youtube wp-block-embed-youtube wp-embed-aspect-16-9 wp-has-aspect-ratio\" style=\"margin-top:0;margin-right:0;margin-bottom:0;margin-left:0\"><div class=\"wp-block-embed__wrapper\">\n<iframe loading=\"lazy\" title=\"Pixies - Where Is My Mind? (Official Lyric Video)\" width=\"1200\" height=\"675\" src=\"https:\/\/www.youtube.com\/embed\/OJ62RzJkYUo?feature=oembed\" frameborder=\"0\" allow=\"accelerometer; autoplay; clipboard-write; encrypted-media; gyroscope; picture-in-picture; web-share\" referrerpolicy=\"strict-origin-when-cross-origin\" allowfullscreen><\/iframe>\n<\/div><\/figure>\n<\/div>\n<\/div>\n\n\n\n<div class=\"wp-block-group has-global-padding is-layout-constrained wp-container-core-group-is-layout-704e782a wp-block-group-is-layout-constrained\">\n<p class=\"has-text-align-center\">Tras una pausa forzada en 2024, <strong>Garbage<\/strong> vuelve con <em>Let All That We Imagine Be The Light<\/em>. Su octavo \u00e1lbum es m\u00e1s reflexivo, pero fiel a su sonido: rock alternativo con distorsi\u00f3n electr\u00f3nica y melod\u00edas oscuras. Barcelona y Shirley Manson tienen una conexi\u00f3n muy especial; \u00a1no te pierdas este reencuentro!<\/p>\n\n\n\n<figure class=\"wp-block-embed aligncenter is-type-video is-provider-youtube wp-block-embed-youtube wp-embed-aspect-4-3 wp-has-aspect-ratio\"><div class=\"wp-block-embed__wrapper\">\n<iframe loading=\"lazy\" title=\"Garbage - Only Happy When It Rains\" width=\"1200\" height=\"900\" src=\"https:\/\/www.youtube.com\/embed\/GpBFOJ3R0M4?feature=oembed\" frameborder=\"0\" allow=\"accelerometer; autoplay; clipboard-write; encrypted-media; gyroscope; picture-in-picture; web-share\" referrerpolicy=\"strict-origin-when-cross-origin\" allowfullscreen><\/iframe>\n<\/div><\/figure>\n<\/div>\n\n\n\n<div class=\"wp-block-group has-global-padding is-layout-constrained wp-container-core-group-is-layout-704e782a wp-block-group-is-layout-constrained\">\n<p class=\"has-text-align-center\">Los brit\u00e1nicos <strong>Suede<\/strong>, iconos de los noventa y ganadores del Premio Mercury, presentan su d\u00e9cimo \u00e1lbum <em>Antidepressants<\/em>. Con un directo explosivo y el carisma de Brett Anderson, aterrizan en el Parc del F\u00f2rum para demostrarnos que vuelven con m\u00e1s fuerza que nunca.<\/p>\n\n\n\n<figure class=\"wp-block-embed is-type-video is-provider-youtube wp-block-embed-youtube wp-embed-aspect-4-3 wp-has-aspect-ratio\"><div class=\"wp-block-embed__wrapper\">\n<iframe loading=\"lazy\" title=\"Suede - Beautiful Ones (Official Video)\" width=\"1200\" height=\"900\" src=\"https:\/\/www.youtube.com\/embed\/xqovGKdgAXY?feature=oembed\" frameborder=\"0\" allow=\"accelerometer; autoplay; clipboard-write; encrypted-media; gyroscope; picture-in-picture; web-share\" referrerpolicy=\"strict-origin-when-cross-origin\" allowfullscreen><\/iframe>\n<\/div><\/figure>\n\n\n\n<p class=\"has-text-align-center\">Y de la escena internacional a la local.<strong> Mishima<\/strong> debutar\u00e1n por primera vez en el Festival Cru\u00eflla con un concierto que repasar\u00e1 un repertorio que ya es historia de la m\u00fasica en catal\u00e1n. Les acompa\u00f1ar\u00e1 la autenticidad pop de <strong>Mazoni<\/strong> y la irreverencia de <strong>Ypnosi<\/strong>, la propuesta m\u00e1s joven de la noche, que llega con letras tr\u00e1gico-c\u00f3micas para actuar como un aut\u00e9ntico desfibrilador de nuestra cultura.<\/p>\n\n\n\n<p class=\"has-text-align-center\">No lo pienses m\u00e1s y vive una jornada hist\u00f3rica en el Parc del F\u00f2rum. Reencu\u00e9ntrate con los cl\u00e1sicos que te han acompa\u00f1ado siempre y d\u00e9jate sorprender por la energ\u00eda del nuevo rock catal\u00e1n.<\/p>\n\n\n\n<h4 class=\"wp-block-heading has-text-align-center\">\u00a1Nos vemos en el Festival Cru\u00eflla 2026!<\/h4>\n<\/div>\n","protected":false},"excerpt":{"rendered":"<p>VUELVEN LOS CL\u00c1SICOS EN EL CRU\u00cfLLA 2026 El jueves 9 de julio el Festival Cru\u00eflla llega cargado de cl\u00e1sicos internacionales y referentes de nuestra escena local. [&hellip;]<\/p>\n","protected":false},"author":55,"featured_media":63673,"parent":0,"menu_order":0,"comment_status":"closed","ping_status":"closed","template":"","meta":{"_acf_changed":false,"footnotes":""},"class_list":["post-63904","page","type-page","status-publish","has-post-thumbnail","hentry"],"acf":[],"yoast_head":"<!-- This site is optimized with the Yoast SEO plugin v27.3 - https:\/\/yoast.com\/product\/yoast-seo-wordpress\/ -->\n<title>Landing Dijous 2026 - Festival Cru\u00eflla<\/title>\n<meta name=\"robots\" content=\"index, follow, max-snippet:-1, max-image-preview:large, max-video-preview:-1\" \/>\n<link rel=\"canonical\" href=\"https:\/\/www.cruillabarcelona.cat\/es\/dijous-2026\/\" \/>\n<meta property=\"og:locale\" content=\"es_ES\" \/>\n<meta property=\"og:type\" content=\"article\" \/>\n<meta property=\"og:title\" content=\"Landing Dijous 2026 - Festival Cru\u00eflla\" \/>\n<meta property=\"og:description\" content=\"VUELVEN LOS CL\u00c1SICOS EN EL CRU\u00cfLLA 2026 El jueves 9 de julio el Festival Cru\u00eflla llega cargado de cl\u00e1sicos internacionales y referentes de nuestra escena local. [&hellip;]\" \/>\n<meta property=\"og:url\" content=\"https:\/\/www.cruillabarcelona.cat\/es\/dijous-2026\/\" \/>\n<meta property=\"og:site_name\" content=\"Festival Cru\u00eflla\" \/>\n<meta property=\"article:modified_time\" content=\"2026-03-25T09:55:06+00:00\" \/>\n<meta property=\"og:image\" content=\"https:\/\/www.cruillabarcelona.cat\/wp-content\/uploads\/2026\/03\/Portada_LandingDijous_Mobile.jpg\" \/>\n\t<meta property=\"og:image:width\" content=\"2000\" \/>\n\t<meta property=\"og:image:height\" content=\"2000\" \/>\n\t<meta property=\"og:image:type\" content=\"image\/jpeg\" \/>\n<meta name=\"twitter:card\" content=\"summary_large_image\" \/>\n<meta name=\"twitter:label1\" content=\"Tiempo de lectura\" \/>\n\t<meta name=\"twitter:data1\" content=\"3 minutos\" \/>\n<script type=\"application\/ld+json\" class=\"yoast-schema-graph\">{\"@context\":\"https:\\\/\\\/schema.org\",\"@graph\":[{\"@type\":\"WebPage\",\"@id\":\"https:\\\/\\\/www.cruillabarcelona.cat\\\/es\\\/dijous-2026\\\/\",\"url\":\"https:\\\/\\\/www.cruillabarcelona.cat\\\/es\\\/dijous-2026\\\/\",\"name\":\"Landing Dijous 2026 - Festival Cru\u00eflla\",\"isPartOf\":{\"@id\":\"https:\\\/\\\/www.cruillabarcelona.cat\\\/es\\\/#website\"},\"primaryImageOfPage\":{\"@id\":\"https:\\\/\\\/www.cruillabarcelona.cat\\\/es\\\/dijous-2026\\\/#primaryimage\"},\"image\":{\"@id\":\"https:\\\/\\\/www.cruillabarcelona.cat\\\/es\\\/dijous-2026\\\/#primaryimage\"},\"thumbnailUrl\":\"https:\\\/\\\/www.cruillabarcelona.cat\\\/wp-content\\\/uploads\\\/2026\\\/03\\\/Portada_LandingDijous_Mobile.jpg\",\"datePublished\":\"2026-03-20T12:09:00+00:00\",\"dateModified\":\"2026-03-25T09:55:06+00:00\",\"breadcrumb\":{\"@id\":\"https:\\\/\\\/www.cruillabarcelona.cat\\\/es\\\/dijous-2026\\\/#breadcrumb\"},\"inLanguage\":\"es\",\"potentialAction\":[{\"@type\":\"ReadAction\",\"target\":[\"https:\\\/\\\/www.cruillabarcelona.cat\\\/es\\\/dijous-2026\\\/\"]}]},{\"@type\":\"ImageObject\",\"inLanguage\":\"es\",\"@id\":\"https:\\\/\\\/www.cruillabarcelona.cat\\\/es\\\/dijous-2026\\\/#primaryimage\",\"url\":\"https:\\\/\\\/www.cruillabarcelona.cat\\\/wp-content\\\/uploads\\\/2026\\\/03\\\/Portada_LandingDijous_Mobile.jpg\",\"contentUrl\":\"https:\\\/\\\/www.cruillabarcelona.cat\\\/wp-content\\\/uploads\\\/2026\\\/03\\\/Portada_LandingDijous_Mobile.jpg\",\"width\":2000,\"height\":2000},{\"@type\":\"BreadcrumbList\",\"@id\":\"https:\\\/\\\/www.cruillabarcelona.cat\\\/es\\\/dijous-2026\\\/#breadcrumb\",\"itemListElement\":[{\"@type\":\"ListItem\",\"position\":1,\"name\":\"Home\",\"item\":\"https:\\\/\\\/www.cruillabarcelona.cat\\\/es\\\/\"},{\"@type\":\"ListItem\",\"position\":2,\"name\":\"Landing Dijous 2026\"}]},{\"@type\":\"WebSite\",\"@id\":\"https:\\\/\\\/www.cruillabarcelona.cat\\\/es\\\/#website\",\"url\":\"https:\\\/\\\/www.cruillabarcelona.cat\\\/es\\\/\",\"name\":\"Festival Cru\u00eflla\",\"description\":\"\",\"publisher\":{\"@id\":\"https:\\\/\\\/www.cruillabarcelona.cat\\\/es\\\/#organization\"},\"potentialAction\":[{\"@type\":\"SearchAction\",\"target\":{\"@type\":\"EntryPoint\",\"urlTemplate\":\"https:\\\/\\\/www.cruillabarcelona.cat\\\/es\\\/?s={search_term_string}\"},\"query-input\":{\"@type\":\"PropertyValueSpecification\",\"valueRequired\":true,\"valueName\":\"search_term_string\"}}],\"inLanguage\":\"es\"},{\"@type\":\"Organization\",\"@id\":\"https:\\\/\\\/www.cruillabarcelona.cat\\\/es\\\/#organization\",\"name\":\"Festival Cru\u00eflla\",\"url\":\"https:\\\/\\\/www.cruillabarcelona.cat\\\/es\\\/\",\"logo\":{\"@type\":\"ImageObject\",\"inLanguage\":\"es\",\"@id\":\"https:\\\/\\\/www.cruillabarcelona.cat\\\/es\\\/#\\\/schema\\\/logo\\\/image\\\/\",\"url\":\"https:\\\/\\\/www.cruillabarcelona.cat\\\/wp-content\\\/uploads\\\/2025\\\/12\\\/cruill-logo-negativo.png\",\"contentUrl\":\"https:\\\/\\\/www.cruillabarcelona.cat\\\/wp-content\\\/uploads\\\/2025\\\/12\\\/cruill-logo-negativo.png\",\"width\":400,\"height\":101,\"caption\":\"Festival Cru\u00eflla\"},\"image\":{\"@id\":\"https:\\\/\\\/www.cruillabarcelona.cat\\\/es\\\/#\\\/schema\\\/logo\\\/image\\\/\"}}]}<\/script>\n<!-- \/ Yoast SEO plugin. -->","yoast_head_json":{"title":"Landing Dijous 2026 - Festival Cru\u00eflla","robots":{"index":"index","follow":"follow","max-snippet":"max-snippet:-1","max-image-preview":"max-image-preview:large","max-video-preview":"max-video-preview:-1"},"canonical":"https:\/\/www.cruillabarcelona.cat\/es\/dijous-2026\/","og_locale":"es_ES","og_type":"article","og_title":"Landing Dijous 2026 - Festival Cru\u00eflla","og_description":"VUELVEN LOS CL\u00c1SICOS EN EL CRU\u00cfLLA 2026 El jueves 9 de julio el Festival Cru\u00eflla llega cargado de cl\u00e1sicos internacionales y referentes de nuestra escena local. [&hellip;]","og_url":"https:\/\/www.cruillabarcelona.cat\/es\/dijous-2026\/","og_site_name":"Festival Cru\u00eflla","article_modified_time":"2026-03-25T09:55:06+00:00","og_image":[{"width":2000,"height":2000,"url":"https:\/\/www.cruillabarcelona.cat\/wp-content\/uploads\/2026\/03\/Portada_LandingDijous_Mobile.jpg","type":"image\/jpeg"}],"twitter_card":"summary_large_image","twitter_misc":{"Tiempo de lectura":"3 minutos"},"schema":{"@context":"https:\/\/schema.org","@graph":[{"@type":"WebPage","@id":"https:\/\/www.cruillabarcelona.cat\/es\/dijous-2026\/","url":"https:\/\/www.cruillabarcelona.cat\/es\/dijous-2026\/","name":"Landing Dijous 2026 - Festival Cru\u00eflla","isPartOf":{"@id":"https:\/\/www.cruillabarcelona.cat\/es\/#website"},"primaryImageOfPage":{"@id":"https:\/\/www.cruillabarcelona.cat\/es\/dijous-2026\/#primaryimage"},"image":{"@id":"https:\/\/www.cruillabarcelona.cat\/es\/dijous-2026\/#primaryimage"},"thumbnailUrl":"https:\/\/www.cruillabarcelona.cat\/wp-content\/uploads\/2026\/03\/Portada_LandingDijous_Mobile.jpg","datePublished":"2026-03-20T12:09:00+00:00","dateModified":"2026-03-25T09:55:06+00:00","breadcrumb":{"@id":"https:\/\/www.cruillabarcelona.cat\/es\/dijous-2026\/#breadcrumb"},"inLanguage":"es","potentialAction":[{"@type":"ReadAction","target":["https:\/\/www.cruillabarcelona.cat\/es\/dijous-2026\/"]}]},{"@type":"ImageObject","inLanguage":"es","@id":"https:\/\/www.cruillabarcelona.cat\/es\/dijous-2026\/#primaryimage","url":"https:\/\/www.cruillabarcelona.cat\/wp-content\/uploads\/2026\/03\/Portada_LandingDijous_Mobile.jpg","contentUrl":"https:\/\/www.cruillabarcelona.cat\/wp-content\/uploads\/2026\/03\/Portada_LandingDijous_Mobile.jpg","width":2000,"height":2000},{"@type":"BreadcrumbList","@id":"https:\/\/www.cruillabarcelona.cat\/es\/dijous-2026\/#breadcrumb","itemListElement":[{"@type":"ListItem","position":1,"name":"Home","item":"https:\/\/www.cruillabarcelona.cat\/es\/"},{"@type":"ListItem","position":2,"name":"Landing Dijous 2026"}]},{"@type":"WebSite","@id":"https:\/\/www.cruillabarcelona.cat\/es\/#website","url":"https:\/\/www.cruillabarcelona.cat\/es\/","name":"Festival Cru\u00eflla","description":"","publisher":{"@id":"https:\/\/www.cruillabarcelona.cat\/es\/#organization"},"potentialAction":[{"@type":"SearchAction","target":{"@type":"EntryPoint","urlTemplate":"https:\/\/www.cruillabarcelona.cat\/es\/?s={search_term_string}"},"query-input":{"@type":"PropertyValueSpecification","valueRequired":true,"valueName":"search_term_string"}}],"inLanguage":"es"},{"@type":"Organization","@id":"https:\/\/www.cruillabarcelona.cat\/es\/#organization","name":"Festival Cru\u00eflla","url":"https:\/\/www.cruillabarcelona.cat\/es\/","logo":{"@type":"ImageObject","inLanguage":"es","@id":"https:\/\/www.cruillabarcelona.cat\/es\/#\/schema\/logo\/image\/","url":"https:\/\/www.cruillabarcelona.cat\/wp-content\/uploads\/2025\/12\/cruill-logo-negativo.png","contentUrl":"https:\/\/www.cruillabarcelona.cat\/wp-content\/uploads\/2025\/12\/cruill-logo-negativo.png","width":400,"height":101,"caption":"Festival Cru\u00eflla"},"image":{"@id":"https:\/\/www.cruillabarcelona.cat\/es\/#\/schema\/logo\/image\/"}}]}},"_links":{"self":[{"href":"https:\/\/www.cruillabarcelona.cat\/es\/wp-json\/wp\/v2\/pages\/63904","targetHints":{"allow":["GET"]}}],"collection":[{"href":"https:\/\/www.cruillabarcelona.cat\/es\/wp-json\/wp\/v2\/pages"}],"about":[{"href":"https:\/\/www.cruillabarcelona.cat\/es\/wp-json\/wp\/v2\/types\/page"}],"author":[{"embeddable":true,"href":"https:\/\/www.cruillabarcelona.cat\/es\/wp-json\/wp\/v2\/users\/55"}],"replies":[{"embeddable":true,"href":"https:\/\/www.cruillabarcelona.cat\/es\/wp-json\/wp\/v2\/comments?post=63904"}],"version-history":[{"count":1,"href":"https:\/\/www.cruillabarcelona.cat\/es\/wp-json\/wp\/v2\/pages\/63904\/revisions"}],"predecessor-version":[{"id":63906,"href":"https:\/\/www.cruillabarcelona.cat\/es\/wp-json\/wp\/v2\/pages\/63904\/revisions\/63906"}],"wp:featuredmedia":[{"embeddable":true,"href":"https:\/\/www.cruillabarcelona.cat\/es\/wp-json\/wp\/v2\/media\/63673"}],"wp:attachment":[{"href":"https:\/\/www.cruillabarcelona.cat\/es\/wp-json\/wp\/v2\/media?parent=63904"}],"curies":[{"name":"wp","href":"https:\/\/api.w.org\/{rel}","templated":true}]}}