{"id":63920,"date":"2026-03-20T14:23:31","date_gmt":"2026-03-20T12:23:31","guid":{"rendered":"https:\/\/www.cruillabarcelona.cat\/divendres-2026\/"},"modified":"2026-03-25T12:59:49","modified_gmt":"2026-03-25T10:59:49","slug":"divendres-2026","status":"publish","type":"page","link":"https:\/\/www.cruillabarcelona.cat\/es\/divendres-2026\/","title":{"rendered":"Landing Divendres 2026"},"content":{"rendered":"\n<div class=\"wp-block-cover is-light\"><img loading=\"lazy\" decoding=\"async\" width=\"2000\" height=\"500\" class=\"wp-block-cover__image-background wp-image-63703 size-full\" alt=\"\" src=\"https:\/\/www.cruillabarcelona.cat\/wp-content\/uploads\/2026\/03\/Portada_LandingDivendres.jpg\" data-object-fit=\"cover\" srcset=\"https:\/\/www.cruillabarcelona.cat\/wp-content\/uploads\/2026\/03\/Portada_LandingDivendres.jpg 2000w, https:\/\/www.cruillabarcelona.cat\/wp-content\/uploads\/2026\/03\/Portada_LandingDivendres-300x75.jpg 300w, https:\/\/www.cruillabarcelona.cat\/wp-content\/uploads\/2026\/03\/Portada_LandingDivendres-1124x281.jpg 1124w, https:\/\/www.cruillabarcelona.cat\/wp-content\/uploads\/2026\/03\/Portada_LandingDivendres-800x200.jpg 800w, https:\/\/www.cruillabarcelona.cat\/wp-content\/uploads\/2026\/03\/Portada_LandingDivendres-1536x384.jpg 1536w, https:\/\/www.cruillabarcelona.cat\/wp-content\/uploads\/2026\/03\/Portada_LandingDivendres-1500x375.jpg 1500w\" sizes=\"auto, (max-width: 2000px) 100vw, 2000px\" \/><span aria-hidden=\"true\" class=\"wp-block-cover__background has-background-dim\" style=\"background-color:#989898\"><\/span><div class=\"wp-block-cover__inner-container has-global-padding is-layout-constrained wp-block-cover-is-layout-constrained\">\n<p class=\"has-text-align-center has-large-font-size\"><\/p>\n<\/div><\/div>\n\n\n\n<div class=\"wp-block-group has-global-padding is-layout-constrained wp-block-group-is-layout-constrained\">\n<h2 class=\"wp-block-heading has-text-align-center\"><strong><strong>\u00a1DE LA RAVE AL ROCK EN EL FESTIVAL CRU\u00cfLLA 2026!<\/strong><\/strong><\/h2>\n\n\n\n<p class=\"has-text-align-center\">Vivir a tus artistas favoritos en directo es una experiencia \u00fanica, y no se puede hacer en cualquier lugar. El\u00a0<strong>viernes 11 de julio<\/strong>\u00a0te acercamos al ritmo, al groove y al baile de quienes realmente rompen barreras.<strong><br><\/strong><\/p>\n\n\n\n<figure class=\"wp-block-image aligncenter size-large\"><img loading=\"lazy\" decoding=\"async\" width=\"1124\" height=\"506\" src=\"https:\/\/www.cruillabarcelona.cat\/wp-content\/uploads\/2026\/03\/Cartell_LandingDissabte_ES-1124x506.jpg\" alt=\"\" class=\"wp-image-63753\" srcset=\"https:\/\/www.cruillabarcelona.cat\/wp-content\/uploads\/2026\/03\/Cartell_LandingDissabte_ES-1124x506.jpg 1124w, https:\/\/www.cruillabarcelona.cat\/wp-content\/uploads\/2026\/03\/Cartell_LandingDissabte_ES-300x135.jpg 300w, https:\/\/www.cruillabarcelona.cat\/wp-content\/uploads\/2026\/03\/Cartell_LandingDissabte_ES-800x360.jpg 800w, https:\/\/www.cruillabarcelona.cat\/wp-content\/uploads\/2026\/03\/Cartell_LandingDissabte_ES-1536x691.jpg 1536w, https:\/\/www.cruillabarcelona.cat\/wp-content\/uploads\/2026\/03\/Cartell_LandingDissabte_ES-1500x675.jpg 1500w, https:\/\/www.cruillabarcelona.cat\/wp-content\/uploads\/2026\/03\/Cartell_LandingDissabte_ES.jpg 2000w\" sizes=\"auto, (max-width: 1124px) 100vw, 1124px\" \/><\/figure>\n\n\n\n<div class=\"wp-block-group has-global-padding is-layout-constrained wp-block-group-is-layout-constrained\">\n<p class=\"has-text-align-center\"><em><strong><em><strong>\u00a1Compra aqu\u00ed tu entrada para el viernes o tu abono!<\/strong><\/em><\/strong><\/em><\/p>\n\n\n\n<div class=\"wp-block-buttons is-content-justification-center is-layout-flex wp-container-core-buttons-is-layout-a89b3969 wp-block-buttons-is-layout-flex\">\n<div class=\"wp-block-button has-custom-width wp-block-button__width-25\"><a class=\"wp-block-button__link wp-element-button\">entrada divendres<\/a><\/div>\n\n\n\n<div class=\"wp-block-button has-custom-width wp-block-button__width-25\"><a class=\"wp-block-button__link wp-element-button\">abonament 4 dies<\/a><\/div>\n<\/div>\n\n\n\n<p class=\"has-text-align-center\">Si es un grupo de 10 o m\u00e1s personas, puede beneficiarse del\u00a0<a href=\"https:\/\/www.cruillabarcelona.com\/es\/tiquet-grupos\/\">Tiquet Grupo<\/a>\u00a0para conseguir un descuento del 15%.<\/p>\n\n\n\n<p class=\"has-text-align-center\"><strong>David Byrne<\/strong>, el genio de<strong>Talking Heads<\/strong>, vuelve a Barcelona para presentar un nuevo \u00e1lbum con un show revolucionario. Entre el pop y la vanguardia, nos invita a reflexionar sobre las conexiones humanas en medio del caos actual. Una experiencia visual y sonora irrepetible.<\/p>\n<\/div>\n\n\n\n<figure class=\"wp-block-embed is-type-video is-provider-youtube wp-block-embed-youtube wp-embed-aspect-16-9 wp-has-aspect-ratio\" style=\"margin-top:0;margin-right:0;margin-bottom:0;margin-left:0\"><div class=\"wp-block-embed__wrapper\">\n<iframe loading=\"lazy\" title=\"David Byrne - &quot;Everybody Laughs&quot; (Official Music Video)\" width=\"1200\" height=\"675\" src=\"https:\/\/www.youtube.com\/embed\/YM-BTJKIz0Q?feature=oembed\" frameborder=\"0\" allow=\"accelerometer; autoplay; clipboard-write; encrypted-media; gyroscope; picture-in-picture; web-share\" referrerpolicy=\"strict-origin-when-cross-origin\" allowfullscreen><\/iframe>\n<\/div><\/figure>\n\n\n\n<div class=\"wp-block-group has-global-padding is-layout-constrained wp-block-group-is-layout-constrained\">\n<p class=\"has-text-align-center\">Rock &amp; Roll en may\u00fasculas. Sin filtros ni complejos,\u00a0<strong>The Black Crowes<\/strong>\u00a0llegan al Festival Cru\u00eflla para hacer rugir sus guitarras crudas y su soul caracter\u00edstico. No pierdas la oportunidad de revivir la autenticidad de una de las bandas m\u00e1s ic\u00f3nicas de los noventa.<\/p>\n<\/div>\n\n\n\n<figure class=\"wp-block-embed aligncenter is-type-video is-provider-youtube wp-block-embed-youtube wp-embed-aspect-16-9 wp-has-aspect-ratio\"><div class=\"wp-block-embed__wrapper\">\n<iframe loading=\"lazy\" title=\"The Black Crowes - Remedy\" width=\"1200\" height=\"675\" src=\"https:\/\/www.youtube.com\/embed\/BYyRLTveFJQ?feature=oembed\" frameborder=\"0\" allow=\"accelerometer; autoplay; clipboard-write; encrypted-media; gyroscope; picture-in-picture; web-share\" referrerpolicy=\"strict-origin-when-cross-origin\" allowfullscreen><\/iframe>\n<\/div><\/figure>\n\n\n\n<div class=\"wp-block-group has-global-padding is-layout-constrained wp-block-group-is-layout-constrained\">\n<p class=\"has-text-align-center\"><strong>Bomba Est\u00e9reo<\/strong>\u00a0es la fiesta total que une Barcelona y Bogot\u00e1: un ritual de baile y energ\u00eda desbordante donde la electr\u00f3nica y el folclore colombiano se fusionan en una experiencia inolvidable.<br><br><\/p>\n<\/div>\n\n\n\n<figure class=\"wp-block-embed is-type-video is-provider-youtube wp-block-embed-youtube wp-embed-aspect-16-9 wp-has-aspect-ratio\"><div class=\"wp-block-embed__wrapper\">\n<iframe loading=\"lazy\" title=\"Bomba Est\u00e9reo - Soy Yo (Official Video)\" width=\"1200\" height=\"675\" src=\"https:\/\/www.youtube.com\/embed\/bxWxXncl53U?feature=oembed\" frameborder=\"0\" allow=\"accelerometer; autoplay; clipboard-write; encrypted-media; gyroscope; picture-in-picture; web-share\" referrerpolicy=\"strict-origin-when-cross-origin\" allowfullscreen><\/iframe>\n<\/div><\/figure>\n\n\n\n<p class=\"has-text-align-center\">Despu\u00e9s de recorrer medio mundo,\u00a0<strong>Meute<\/strong>, la Techno Marching Band de Hamburgo, transformar\u00e1 el Parc del F\u00f2rum en una explosi\u00f3n de metales y electr\u00f3nica. Una fiesta colectiva y potente dif\u00edcil de olvidar.<br><\/p>\n\n\n\n<figure class=\"wp-block-embed is-type-video is-provider-youtube wp-block-embed-youtube wp-embed-aspect-16-9 wp-has-aspect-ratio\"><div class=\"wp-block-embed__wrapper\">\n<iframe loading=\"lazy\" title=\"MEUTE - You &amp; Me (Flume Remix - Coachella Version)\" width=\"1200\" height=\"675\" src=\"https:\/\/www.youtube.com\/embed\/HmvNo6aUIDo?feature=oembed\" frameborder=\"0\" allow=\"accelerometer; autoplay; clipboard-write; encrypted-media; gyroscope; picture-in-picture; web-share\" referrerpolicy=\"strict-origin-when-cross-origin\" allowfullscreen><\/iframe>\n<\/div><\/figure>\n\n\n\n<p class=\"has-text-align-center\">Aqu\u00ed, el jazz tamb\u00e9 es balla amb\u00a0<strong>Ezra Collective<\/strong>. Un grup que transforma cada concert en un espectacle \u00fanic i representa la vitalitat d\u2019una generaci\u00f3 que ha posat de moda el jazz als carrers, als clubs i als festivals.<br><\/p>\n\n\n\n<figure class=\"wp-block-embed is-type-video is-provider-youtube wp-block-embed-youtube wp-embed-aspect-16-9 wp-has-aspect-ratio\"><div class=\"wp-block-embed__wrapper\">\n<iframe loading=\"lazy\" title=\"Fred again.., Ezra Collective, CA7RIEL &amp; Paco Amoroso - Beto\u2019s Horns, Ezra Remix (London, 25th June)\" width=\"1200\" height=\"675\" src=\"https:\/\/www.youtube.com\/embed\/BOtCBy_FSZE?feature=oembed\" frameborder=\"0\" allow=\"accelerometer; autoplay; clipboard-write; encrypted-media; gyroscope; picture-in-picture; web-share\" referrerpolicy=\"strict-origin-when-cross-origin\" allowfullscreen><\/iframe>\n<\/div><\/figure>\n\n\n\n<p class=\"has-text-align-center\">\u00a1Y la fiesta no se detiene! Con tu entrada del viernes tambi\u00e9n podr\u00e1s disfrutar de otros directos imprescindibles:\u00a0<strong>Zahara<\/strong>\u00a0y su explosi\u00f3n de libertad en formato rave,\u00a0<strong>Alizz,<\/strong>\u00a0pieza clave de la escena nacional, con el \u00faltimo concierto de la gira,\u00a0<strong>Sampa The Great<\/strong>, con pura energ\u00eda hip hop soul desde \u00c1frica, el rock alternativo y descarado de\u00a0<strong>Ultraligera,\u00a0<\/strong>\u00a1y muchos m\u00e1s!<br><br><\/p>\n\n\n\n<h4 class=\"wp-block-heading has-text-align-center\">\u00a1Nos vemos en el Festival Cru\u00eflla 2026!<br><br><\/h4>\n<\/div>\n","protected":false},"excerpt":{"rendered":"<p>\u00a1DE LA RAVE AL ROCK EN EL FESTIVAL CRU\u00cfLLA 2026! Vivir a tus artistas favoritos en directo es una experiencia \u00fanica, y no se puede hacer [&hellip;]<\/p>\n","protected":false},"author":55,"featured_media":63708,"parent":0,"menu_order":0,"comment_status":"closed","ping_status":"closed","template":"","meta":{"_acf_changed":false,"footnotes":""},"class_list":["post-63920","page","type-page","status-publish","has-post-thumbnail","hentry"],"acf":[],"yoast_head":"<!-- This site is optimized with the Yoast SEO plugin v27.3 - https:\/\/yoast.com\/product\/yoast-seo-wordpress\/ -->\n<title>Landing Divendres 2026 - Festival Cru\u00eflla<\/title>\n<meta name=\"robots\" content=\"index, follow, max-snippet:-1, max-image-preview:large, max-video-preview:-1\" \/>\n<link rel=\"canonical\" href=\"https:\/\/www.cruillabarcelona.cat\/es\/divendres-2026\/\" \/>\n<meta property=\"og:locale\" content=\"es_ES\" \/>\n<meta property=\"og:type\" content=\"article\" \/>\n<meta property=\"og:title\" content=\"Landing Divendres 2026 - Festival Cru\u00eflla\" \/>\n<meta property=\"og:description\" content=\"\u00a1DE LA RAVE AL ROCK EN EL FESTIVAL CRU\u00cfLLA 2026! Vivir a tus artistas favoritos en directo es una experiencia \u00fanica, y no se puede hacer [&hellip;]\" \/>\n<meta property=\"og:url\" content=\"https:\/\/www.cruillabarcelona.cat\/es\/divendres-2026\/\" \/>\n<meta property=\"og:site_name\" content=\"Festival Cru\u00eflla\" \/>\n<meta property=\"article:modified_time\" content=\"2026-03-25T10:59:49+00:00\" \/>\n<meta property=\"og:image\" content=\"https:\/\/www.cruillabarcelona.cat\/wp-content\/uploads\/2026\/03\/Portada_LandingDivendres_Mobile.jpg\" \/>\n\t<meta property=\"og:image:width\" content=\"2000\" \/>\n\t<meta property=\"og:image:height\" content=\"2000\" \/>\n\t<meta property=\"og:image:type\" content=\"image\/jpeg\" \/>\n<meta name=\"twitter:card\" content=\"summary_large_image\" \/>\n<meta name=\"twitter:label1\" content=\"Tiempo de lectura\" \/>\n\t<meta name=\"twitter:data1\" content=\"3 minutos\" \/>\n<script type=\"application\/ld+json\" class=\"yoast-schema-graph\">{\"@context\":\"https:\\\/\\\/schema.org\",\"@graph\":[{\"@type\":\"WebPage\",\"@id\":\"https:\\\/\\\/www.cruillabarcelona.cat\\\/es\\\/divendres-2026\\\/\",\"url\":\"https:\\\/\\\/www.cruillabarcelona.cat\\\/es\\\/divendres-2026\\\/\",\"name\":\"Landing Divendres 2026 - Festival Cru\u00eflla\",\"isPartOf\":{\"@id\":\"https:\\\/\\\/www.cruillabarcelona.cat\\\/es\\\/#website\"},\"primaryImageOfPage\":{\"@id\":\"https:\\\/\\\/www.cruillabarcelona.cat\\\/es\\\/divendres-2026\\\/#primaryimage\"},\"image\":{\"@id\":\"https:\\\/\\\/www.cruillabarcelona.cat\\\/es\\\/divendres-2026\\\/#primaryimage\"},\"thumbnailUrl\":\"https:\\\/\\\/www.cruillabarcelona.cat\\\/wp-content\\\/uploads\\\/2026\\\/03\\\/Portada_LandingDivendres_Mobile.jpg\",\"datePublished\":\"2026-03-20T12:23:31+00:00\",\"dateModified\":\"2026-03-25T10:59:49+00:00\",\"breadcrumb\":{\"@id\":\"https:\\\/\\\/www.cruillabarcelona.cat\\\/es\\\/divendres-2026\\\/#breadcrumb\"},\"inLanguage\":\"es\",\"potentialAction\":[{\"@type\":\"ReadAction\",\"target\":[\"https:\\\/\\\/www.cruillabarcelona.cat\\\/es\\\/divendres-2026\\\/\"]}]},{\"@type\":\"ImageObject\",\"inLanguage\":\"es\",\"@id\":\"https:\\\/\\\/www.cruillabarcelona.cat\\\/es\\\/divendres-2026\\\/#primaryimage\",\"url\":\"https:\\\/\\\/www.cruillabarcelona.cat\\\/wp-content\\\/uploads\\\/2026\\\/03\\\/Portada_LandingDivendres_Mobile.jpg\",\"contentUrl\":\"https:\\\/\\\/www.cruillabarcelona.cat\\\/wp-content\\\/uploads\\\/2026\\\/03\\\/Portada_LandingDivendres_Mobile.jpg\",\"width\":2000,\"height\":2000},{\"@type\":\"BreadcrumbList\",\"@id\":\"https:\\\/\\\/www.cruillabarcelona.cat\\\/es\\\/divendres-2026\\\/#breadcrumb\",\"itemListElement\":[{\"@type\":\"ListItem\",\"position\":1,\"name\":\"Home\",\"item\":\"https:\\\/\\\/www.cruillabarcelona.cat\\\/es\\\/\"},{\"@type\":\"ListItem\",\"position\":2,\"name\":\"Landing Divendres 2026\"}]},{\"@type\":\"WebSite\",\"@id\":\"https:\\\/\\\/www.cruillabarcelona.cat\\\/es\\\/#website\",\"url\":\"https:\\\/\\\/www.cruillabarcelona.cat\\\/es\\\/\",\"name\":\"Festival Cru\u00eflla\",\"description\":\"\",\"publisher\":{\"@id\":\"https:\\\/\\\/www.cruillabarcelona.cat\\\/es\\\/#organization\"},\"potentialAction\":[{\"@type\":\"SearchAction\",\"target\":{\"@type\":\"EntryPoint\",\"urlTemplate\":\"https:\\\/\\\/www.cruillabarcelona.cat\\\/es\\\/?s={search_term_string}\"},\"query-input\":{\"@type\":\"PropertyValueSpecification\",\"valueRequired\":true,\"valueName\":\"search_term_string\"}}],\"inLanguage\":\"es\"},{\"@type\":\"Organization\",\"@id\":\"https:\\\/\\\/www.cruillabarcelona.cat\\\/es\\\/#organization\",\"name\":\"Festival Cru\u00eflla\",\"url\":\"https:\\\/\\\/www.cruillabarcelona.cat\\\/es\\\/\",\"logo\":{\"@type\":\"ImageObject\",\"inLanguage\":\"es\",\"@id\":\"https:\\\/\\\/www.cruillabarcelona.cat\\\/es\\\/#\\\/schema\\\/logo\\\/image\\\/\",\"url\":\"https:\\\/\\\/www.cruillabarcelona.cat\\\/wp-content\\\/uploads\\\/2025\\\/12\\\/cruill-logo-negativo.png\",\"contentUrl\":\"https:\\\/\\\/www.cruillabarcelona.cat\\\/wp-content\\\/uploads\\\/2025\\\/12\\\/cruill-logo-negativo.png\",\"width\":400,\"height\":101,\"caption\":\"Festival Cru\u00eflla\"},\"image\":{\"@id\":\"https:\\\/\\\/www.cruillabarcelona.cat\\\/es\\\/#\\\/schema\\\/logo\\\/image\\\/\"}}]}<\/script>\n<!-- \/ Yoast SEO plugin. -->","yoast_head_json":{"title":"Landing Divendres 2026 - Festival Cru\u00eflla","robots":{"index":"index","follow":"follow","max-snippet":"max-snippet:-1","max-image-preview":"max-image-preview:large","max-video-preview":"max-video-preview:-1"},"canonical":"https:\/\/www.cruillabarcelona.cat\/es\/divendres-2026\/","og_locale":"es_ES","og_type":"article","og_title":"Landing Divendres 2026 - Festival Cru\u00eflla","og_description":"\u00a1DE LA RAVE AL ROCK EN EL FESTIVAL CRU\u00cfLLA 2026! Vivir a tus artistas favoritos en directo es una experiencia \u00fanica, y no se puede hacer [&hellip;]","og_url":"https:\/\/www.cruillabarcelona.cat\/es\/divendres-2026\/","og_site_name":"Festival Cru\u00eflla","article_modified_time":"2026-03-25T10:59:49+00:00","og_image":[{"width":2000,"height":2000,"url":"https:\/\/www.cruillabarcelona.cat\/wp-content\/uploads\/2026\/03\/Portada_LandingDivendres_Mobile.jpg","type":"image\/jpeg"}],"twitter_card":"summary_large_image","twitter_misc":{"Tiempo de lectura":"3 minutos"},"schema":{"@context":"https:\/\/schema.org","@graph":[{"@type":"WebPage","@id":"https:\/\/www.cruillabarcelona.cat\/es\/divendres-2026\/","url":"https:\/\/www.cruillabarcelona.cat\/es\/divendres-2026\/","name":"Landing Divendres 2026 - Festival Cru\u00eflla","isPartOf":{"@id":"https:\/\/www.cruillabarcelona.cat\/es\/#website"},"primaryImageOfPage":{"@id":"https:\/\/www.cruillabarcelona.cat\/es\/divendres-2026\/#primaryimage"},"image":{"@id":"https:\/\/www.cruillabarcelona.cat\/es\/divendres-2026\/#primaryimage"},"thumbnailUrl":"https:\/\/www.cruillabarcelona.cat\/wp-content\/uploads\/2026\/03\/Portada_LandingDivendres_Mobile.jpg","datePublished":"2026-03-20T12:23:31+00:00","dateModified":"2026-03-25T10:59:49+00:00","breadcrumb":{"@id":"https:\/\/www.cruillabarcelona.cat\/es\/divendres-2026\/#breadcrumb"},"inLanguage":"es","potentialAction":[{"@type":"ReadAction","target":["https:\/\/www.cruillabarcelona.cat\/es\/divendres-2026\/"]}]},{"@type":"ImageObject","inLanguage":"es","@id":"https:\/\/www.cruillabarcelona.cat\/es\/divendres-2026\/#primaryimage","url":"https:\/\/www.cruillabarcelona.cat\/wp-content\/uploads\/2026\/03\/Portada_LandingDivendres_Mobile.jpg","contentUrl":"https:\/\/www.cruillabarcelona.cat\/wp-content\/uploads\/2026\/03\/Portada_LandingDivendres_Mobile.jpg","width":2000,"height":2000},{"@type":"BreadcrumbList","@id":"https:\/\/www.cruillabarcelona.cat\/es\/divendres-2026\/#breadcrumb","itemListElement":[{"@type":"ListItem","position":1,"name":"Home","item":"https:\/\/www.cruillabarcelona.cat\/es\/"},{"@type":"ListItem","position":2,"name":"Landing Divendres 2026"}]},{"@type":"WebSite","@id":"https:\/\/www.cruillabarcelona.cat\/es\/#website","url":"https:\/\/www.cruillabarcelona.cat\/es\/","name":"Festival Cru\u00eflla","description":"","publisher":{"@id":"https:\/\/www.cruillabarcelona.cat\/es\/#organization"},"potentialAction":[{"@type":"SearchAction","target":{"@type":"EntryPoint","urlTemplate":"https:\/\/www.cruillabarcelona.cat\/es\/?s={search_term_string}"},"query-input":{"@type":"PropertyValueSpecification","valueRequired":true,"valueName":"search_term_string"}}],"inLanguage":"es"},{"@type":"Organization","@id":"https:\/\/www.cruillabarcelona.cat\/es\/#organization","name":"Festival Cru\u00eflla","url":"https:\/\/www.cruillabarcelona.cat\/es\/","logo":{"@type":"ImageObject","inLanguage":"es","@id":"https:\/\/www.cruillabarcelona.cat\/es\/#\/schema\/logo\/image\/","url":"https:\/\/www.cruillabarcelona.cat\/wp-content\/uploads\/2025\/12\/cruill-logo-negativo.png","contentUrl":"https:\/\/www.cruillabarcelona.cat\/wp-content\/uploads\/2025\/12\/cruill-logo-negativo.png","width":400,"height":101,"caption":"Festival Cru\u00eflla"},"image":{"@id":"https:\/\/www.cruillabarcelona.cat\/es\/#\/schema\/logo\/image\/"}}]}},"_links":{"self":[{"href":"https:\/\/www.cruillabarcelona.cat\/es\/wp-json\/wp\/v2\/pages\/63920","targetHints":{"allow":["GET"]}}],"collection":[{"href":"https:\/\/www.cruillabarcelona.cat\/es\/wp-json\/wp\/v2\/pages"}],"about":[{"href":"https:\/\/www.cruillabarcelona.cat\/es\/wp-json\/wp\/v2\/types\/page"}],"author":[{"embeddable":true,"href":"https:\/\/www.cruillabarcelona.cat\/es\/wp-json\/wp\/v2\/users\/55"}],"replies":[{"embeddable":true,"href":"https:\/\/www.cruillabarcelona.cat\/es\/wp-json\/wp\/v2\/comments?post=63920"}],"version-history":[{"count":1,"href":"https:\/\/www.cruillabarcelona.cat\/es\/wp-json\/wp\/v2\/pages\/63920\/revisions"}],"predecessor-version":[{"id":63952,"href":"https:\/\/www.cruillabarcelona.cat\/es\/wp-json\/wp\/v2\/pages\/63920\/revisions\/63952"}],"wp:featuredmedia":[{"embeddable":true,"href":"https:\/\/www.cruillabarcelona.cat\/es\/wp-json\/wp\/v2\/media\/63708"}],"wp:attachment":[{"href":"https:\/\/www.cruillabarcelona.cat\/es\/wp-json\/wp\/v2\/media?parent=63920"}],"curies":[{"name":"wp","href":"https:\/\/api.w.org\/{rel}","templated":true}]}}