{"id":63928,"date":"2026-03-20T15:16:37","date_gmt":"2026-03-20T13:16:37","guid":{"rendered":"https:\/\/www.cruillabarcelona.cat\/divendres-2026-2\/"},"modified":"2026-03-25T14:53:57","modified_gmt":"2026-03-25T12:53:57","slug":"dissabte-2026","status":"publish","type":"page","link":"https:\/\/www.cruillabarcelona.cat\/es\/dissabte-2026\/","title":{"rendered":"Landing Dissabte 2026"},"content":{"rendered":"\n<div class=\"wp-block-cover\"><img loading=\"lazy\" decoding=\"async\" width=\"1124\" height=\"281\" class=\"wp-block-cover__image-background wp-image-63740 size-large\" alt=\"\" src=\"https:\/\/www.cruillabarcelona.cat\/wp-content\/uploads\/2026\/03\/Portada_LandingDissabte-1124x281.jpg\" data-object-fit=\"cover\" srcset=\"https:\/\/www.cruillabarcelona.cat\/wp-content\/uploads\/2026\/03\/Portada_LandingDissabte-1124x281.jpg 1124w, https:\/\/www.cruillabarcelona.cat\/wp-content\/uploads\/2026\/03\/Portada_LandingDissabte-300x75.jpg 300w, https:\/\/www.cruillabarcelona.cat\/wp-content\/uploads\/2026\/03\/Portada_LandingDissabte-800x200.jpg 800w, https:\/\/www.cruillabarcelona.cat\/wp-content\/uploads\/2026\/03\/Portada_LandingDissabte-1536x384.jpg 1536w, https:\/\/www.cruillabarcelona.cat\/wp-content\/uploads\/2026\/03\/Portada_LandingDissabte-1500x375.jpg 1500w, https:\/\/www.cruillabarcelona.cat\/wp-content\/uploads\/2026\/03\/Portada_LandingDissabte.jpg 2000w\" sizes=\"auto, (max-width: 1124px) 100vw, 1124px\" \/><span aria-hidden=\"true\" class=\"wp-block-cover__background has-background-dim\" style=\"background-color:#737373\"><\/span><div class=\"wp-block-cover__inner-container is-layout-flow wp-block-cover-is-layout-flow\">\n<p class=\"has-text-align-center has-large-font-size\"><\/p>\n<\/div><\/div>\n\n\n\n<div class=\"wp-block-group has-global-padding is-layout-constrained wp-block-group-is-layout-constrained\">\n<h2 class=\"wp-block-heading has-text-align-center\"><strong><strong>\u00a1LEYENDAS E ICONOS EN EL CRU\u00cfLLA 2026!<\/strong><br><\/strong><\/h2>\n\n\n\n<p class=\"has-text-align-center\">Hay artistas que no solo hacen m\u00fasica, sino que imponen una actitud que marca generaciones. El s\u00e1bado 11 de julio, todos los estilos y tus grupos favoritos se re\u00fanen<strong>en un solo d\u00eda en el Parc del F\u00f2rum<\/strong>.<br><\/p>\n\n\n\n<figure class=\"wp-block-image aligncenter size-large\"><img loading=\"lazy\" decoding=\"async\" width=\"1124\" height=\"506\" src=\"https:\/\/www.cruillabarcelona.cat\/wp-content\/uploads\/2026\/03\/Cartell_LandingDissabte_CA-1124x506.jpg\" alt=\"\" class=\"wp-image-63743\" srcset=\"https:\/\/www.cruillabarcelona.cat\/wp-content\/uploads\/2026\/03\/Cartell_LandingDissabte_CA-1124x506.jpg 1124w, https:\/\/www.cruillabarcelona.cat\/wp-content\/uploads\/2026\/03\/Cartell_LandingDissabte_CA-300x135.jpg 300w, https:\/\/www.cruillabarcelona.cat\/wp-content\/uploads\/2026\/03\/Cartell_LandingDissabte_CA-800x360.jpg 800w, https:\/\/www.cruillabarcelona.cat\/wp-content\/uploads\/2026\/03\/Cartell_LandingDissabte_CA-1536x691.jpg 1536w, https:\/\/www.cruillabarcelona.cat\/wp-content\/uploads\/2026\/03\/Cartell_LandingDissabte_CA-1500x675.jpg 1500w, https:\/\/www.cruillabarcelona.cat\/wp-content\/uploads\/2026\/03\/Cartell_LandingDissabte_CA.jpg 2000w\" sizes=\"auto, (max-width: 1124px) 100vw, 1124px\" \/><\/figure>\n\n\n\n<div class=\"wp-block-group has-global-padding is-layout-constrained wp-block-group-is-layout-constrained\">\n<p class=\"has-text-align-center\"><em><strong><em><strong>\u00a1Compra aqu\u00ed tu entrada para el s\u00e1bado o tu abono!<\/strong><\/em><br><br><\/strong><\/em><\/p>\n\n\n\n<div class=\"wp-block-columns is-layout-flex wp-container-core-columns-is-layout-28f84493 wp-block-columns-is-layout-flex\">\n<div class=\"wp-block-column is-layout-flow wp-block-column-is-layout-flow\">\n<div class=\"wp-block-buttons is-content-justification-right is-layout-flex wp-container-core-buttons-is-layout-d445cf74 wp-block-buttons-is-layout-flex\">\n<div class=\"wp-block-button has-custom-width wp-block-button__width-50\"><a class=\"wp-block-button__link wp-element-button\" href=\"https:\/\/tickets.oneboxtds.com\/cruilla\/select\/2556131\">ENTRADA DE S\u00c1BADO<\/a><\/div>\n<\/div>\n<\/div>\n\n\n\n<div class=\"wp-block-column is-layout-flow wp-block-column-is-layout-flow\">\n<div class=\"wp-block-buttons is-layout-flex wp-block-buttons-is-layout-flex\">\n<div class=\"wp-block-button has-custom-width wp-block-button__width-50\"><a class=\"wp-block-button__link wp-element-button\" href=\"https:\/\/www.cruillabarcelona.com\/ca\/tickets\/\">ABONO 4 D\u00cdAS<\/a><\/div>\n<\/div>\n<\/div>\n<\/div>\n\n\n\n<p class=\"has-text-align-center\">Si es un grupo de 10 o m\u00e1s personas, puede beneficiarse del\u00a0<a href=\"https:\/\/www.cruillabarcelona.com\/es\/tiquet-grupos\/\">Tiquet Grupo<\/a>\u00a0para conseguir un descuento del 15%.<br><\/p>\n\n\n\n<p class=\"has-text-align-center\">\u00bfQui\u00e9n no ha bailado al ritmo de\u00a0<em>Insomnia<\/em>\u00a0o\u00a0<em>God is a DJ<\/em>? Para\u00a0<strong>Faithless<\/strong>, la m\u00fasica es sagrada. Revive el m\u00edtico\u00a0<em>\u201cThis is my church\u201d<\/em>\u00a0en una noche en la que la electr\u00f3nica se convertir\u00e1 en un ritual colectivo.<\/p>\n<\/div>\n\n\n\n<figure class=\"wp-block-embed is-type-video is-provider-youtube wp-block-embed-youtube wp-embed-aspect-4-3 wp-has-aspect-ratio\" style=\"margin-top:0;margin-right:0;margin-bottom:0;margin-left:0\"><div class=\"wp-block-embed__wrapper\">\n<iframe loading=\"lazy\" title=\"Faithless - Insomnia (Official 4K Video)\" width=\"1200\" height=\"900\" src=\"https:\/\/www.youtube.com\/embed\/P8JEm4d6Wu4?feature=oembed\" frameborder=\"0\" allow=\"accelerometer; autoplay; clipboard-write; encrypted-media; gyroscope; picture-in-picture; web-share\" referrerpolicy=\"strict-origin-when-cross-origin\" allowfullscreen><\/iframe>\n<\/div><\/figure>\n\n\n\n<div class=\"wp-block-group has-global-padding is-layout-constrained wp-block-group-is-layout-constrained\">\n<p class=\"has-text-align-center\">Directamente desde los grandes estadios y tras girar con leyendas como los Rolling Stones,&nbsp;<strong>The Hives<\/strong>&nbsp;llegan para hacer temblar Barcelona con su energ\u00eda salvaje. Actitud y rock en estado puro.<br><\/p>\n<\/div>\n\n\n\n<figure class=\"wp-block-embed aligncenter is-type-video is-provider-youtube wp-block-embed-youtube wp-embed-aspect-4-3 wp-has-aspect-ratio\"><div class=\"wp-block-embed__wrapper\">\n<iframe loading=\"lazy\" title=\"The Hives - Hate to Say I Told You So (Official Music Video)\" width=\"1200\" height=\"900\" src=\"https:\/\/www.youtube.com\/embed\/Uz1Jwyxd4tE?feature=oembed\" frameborder=\"0\" allow=\"accelerometer; autoplay; clipboard-write; encrypted-media; gyroscope; picture-in-picture; web-share\" referrerpolicy=\"strict-origin-when-cross-origin\" allowfullscreen><\/iframe>\n<\/div><\/figure>\n\n\n\n<div class=\"wp-block-group has-global-padding is-layout-constrained wp-block-group-is-layout-constrained\">\n<p class=\"has-text-align-center\">Y de los grandes nombres internacionales, a casa: vuelve&nbsp;<strong>Rigoberta Bandini<\/strong>&nbsp;con una propuesta disruptiva y con himnos que han roto todas las convenciones. No hay nadie como ella, \u00a1y no pod\u00eda faltar en el Festival Cru\u00eflla 2026!<\/p>\n<\/div>\n\n\n\n<figure class=\"wp-block-embed is-type-video is-provider-youtube wp-block-embed-youtube wp-embed-aspect-16-9 wp-has-aspect-ratio\"><div class=\"wp-block-embed__wrapper\">\n<iframe loading=\"lazy\" title=\"Rigoberta Bandini - Busco un centro de gravedad permanente (V\u00eddeo Oficial) | JESUCRISTA SUPERSTAR\" width=\"1200\" height=\"675\" src=\"https:\/\/www.youtube.com\/embed\/KaDzaKYgAjY?feature=oembed\" frameborder=\"0\" allow=\"accelerometer; autoplay; clipboard-write; encrypted-media; gyroscope; picture-in-picture; web-share\" referrerpolicy=\"strict-origin-when-cross-origin\" allowfullscreen><\/iframe>\n<\/div><\/figure>\n\n\n\n<p class=\"has-text-align-center\"><strong>Two Door Cinema Club<\/strong>&nbsp;han sido la banda sonora de nuestros momentos m\u00e1s felices y, cada vez que nos visitan, demuestran tener una conexi\u00f3n \u00fanica con el p\u00fablico. Volveremos a montar una aut\u00e9ntica fiesta con una banda que pr\u00e1cticamente ya consideramos amiga.<\/p>\n\n\n\n<figure class=\"wp-block-embed is-type-video is-provider-youtube wp-block-embed-youtube wp-embed-aspect-4-3 wp-has-aspect-ratio\"><div class=\"wp-block-embed__wrapper\">\n<iframe loading=\"lazy\" title=\"TWO DOOR CINEMA CLUB  | WHAT YOU KNOW\" width=\"1200\" height=\"900\" src=\"https:\/\/www.youtube.com\/embed\/YXwYJyrKK5A?feature=oembed\" frameborder=\"0\" allow=\"accelerometer; autoplay; clipboard-write; encrypted-media; gyroscope; picture-in-picture; web-share\" referrerpolicy=\"strict-origin-when-cross-origin\" allowfullscreen><\/iframe>\n<\/div><\/figure>\n\n\n\n<p class=\"has-text-align-center\">Despu\u00e9s de a\u00f1os intent\u00e1ndolo, por fin llega la fiesta inagotable de&nbsp;<strong>Jovanotti<\/strong>. Fen\u00f3meno indescriptible y figura identitaria clave de la cultura italiana, nos ofrecer\u00e1 un show \u00fanico que no te puedes perder.<\/p>\n\n\n\n<figure class=\"wp-block-embed is-type-video is-provider-youtube wp-block-embed-youtube wp-embed-aspect-16-9 wp-has-aspect-ratio\"><div class=\"wp-block-embed__wrapper\">\n<iframe loading=\"lazy\" title=\"Jovanotti (feat Shantel) - Alla Salute\" width=\"1200\" height=\"675\" src=\"https:\/\/www.youtube.com\/embed\/pM1nOC_equc?feature=oembed\" frameborder=\"0\" allow=\"accelerometer; autoplay; clipboard-write; encrypted-media; gyroscope; picture-in-picture; web-share\" referrerpolicy=\"strict-origin-when-cross-origin\" allowfullscreen><\/iframe>\n<\/div><\/figure>\n\n\n\n<p class=\"has-text-align-center\">Pero la fiesta no se detiene aqu\u00ed. Completan el cartel grandes nombres que convertir\u00e1n el Parc del F\u00f2rum en un escenario inolvidable: el genio y el virtuosismo de&nbsp;<strong>Jon Batiste<\/strong>, la electr\u00f3nica de&nbsp;<strong>Polo &amp; Pan<\/strong>&nbsp;y&nbsp;<strong>Chico Blanco<\/strong>, el legado hist\u00f3rico de&nbsp;<strong>Els Pets<\/strong>, lo mejor del nuevo panorama musical con&nbsp;<strong>Ludwig Band<\/strong>&nbsp;y&nbsp;<strong>Svetlana<\/strong>, \u00a1y muchos m\u00e1s!<\/p>\n\n\n\n<h4 class=\"wp-block-heading has-text-align-center\">\u00a1Nos vemos en el Festival Cru\u00eflla 2026!<\/h4>\n\n\n\n<p><\/p>\n\n\n\n<p><\/p>\n<\/div>\n","protected":false},"excerpt":{"rendered":"<p>\u00a1LEYENDAS E ICONOS EN EL CRU\u00cfLLA 2026! Hay artistas que no solo hacen m\u00fasica, sino que imponen una actitud que marca generaciones. El s\u00e1bado 11 de [&hellip;]<\/p>\n","protected":false},"author":55,"featured_media":63749,"parent":0,"menu_order":0,"comment_status":"closed","ping_status":"closed","template":"","meta":{"_acf_changed":false,"footnotes":""},"class_list":["post-63928","page","type-page","status-publish","has-post-thumbnail","hentry"],"acf":[],"yoast_head":"<!-- This site is optimized with the Yoast SEO plugin v27.3 - https:\/\/yoast.com\/product\/yoast-seo-wordpress\/ -->\n<title>Landing Dissabte 2026 - Festival Cru\u00eflla<\/title>\n<meta name=\"robots\" content=\"index, follow, max-snippet:-1, max-image-preview:large, max-video-preview:-1\" \/>\n<link rel=\"canonical\" href=\"https:\/\/www.cruillabarcelona.cat\/es\/dissabte-2026\/\" \/>\n<meta property=\"og:locale\" content=\"es_ES\" \/>\n<meta property=\"og:type\" content=\"article\" \/>\n<meta property=\"og:title\" content=\"Landing Dissabte 2026 - Festival Cru\u00eflla\" \/>\n<meta property=\"og:description\" content=\"\u00a1LEYENDAS E ICONOS EN EL CRU\u00cfLLA 2026! Hay artistas que no solo hacen m\u00fasica, sino que imponen una actitud que marca generaciones. El s\u00e1bado 11 de [&hellip;]\" \/>\n<meta property=\"og:url\" content=\"https:\/\/www.cruillabarcelona.cat\/es\/dissabte-2026\/\" \/>\n<meta property=\"og:site_name\" content=\"Festival Cru\u00eflla\" \/>\n<meta property=\"article:modified_time\" content=\"2026-03-25T12:53:57+00:00\" \/>\n<meta property=\"og:image\" content=\"https:\/\/www.cruillabarcelona.cat\/wp-content\/uploads\/2026\/03\/Portada_LandingDissabte_Mobile.jpg\" \/>\n\t<meta property=\"og:image:width\" content=\"2000\" \/>\n\t<meta property=\"og:image:height\" content=\"2000\" \/>\n\t<meta property=\"og:image:type\" content=\"image\/jpeg\" \/>\n<meta name=\"twitter:card\" content=\"summary_large_image\" \/>\n<meta name=\"twitter:label1\" content=\"Tiempo de lectura\" \/>\n\t<meta name=\"twitter:data1\" content=\"3 minutos\" \/>\n<script type=\"application\/ld+json\" class=\"yoast-schema-graph\">{\"@context\":\"https:\\\/\\\/schema.org\",\"@graph\":[{\"@type\":\"WebPage\",\"@id\":\"https:\\\/\\\/www.cruillabarcelona.cat\\\/es\\\/dissabte-2026\\\/\",\"url\":\"https:\\\/\\\/www.cruillabarcelona.cat\\\/es\\\/dissabte-2026\\\/\",\"name\":\"Landing Dissabte 2026 - Festival Cru\u00eflla\",\"isPartOf\":{\"@id\":\"https:\\\/\\\/www.cruillabarcelona.cat\\\/es\\\/#website\"},\"primaryImageOfPage\":{\"@id\":\"https:\\\/\\\/www.cruillabarcelona.cat\\\/es\\\/dissabte-2026\\\/#primaryimage\"},\"image\":{\"@id\":\"https:\\\/\\\/www.cruillabarcelona.cat\\\/es\\\/dissabte-2026\\\/#primaryimage\"},\"thumbnailUrl\":\"https:\\\/\\\/www.cruillabarcelona.cat\\\/wp-content\\\/uploads\\\/2026\\\/03\\\/Portada_LandingDissabte_Mobile.jpg\",\"datePublished\":\"2026-03-20T13:16:37+00:00\",\"dateModified\":\"2026-03-25T12:53:57+00:00\",\"breadcrumb\":{\"@id\":\"https:\\\/\\\/www.cruillabarcelona.cat\\\/es\\\/dissabte-2026\\\/#breadcrumb\"},\"inLanguage\":\"es\",\"potentialAction\":[{\"@type\":\"ReadAction\",\"target\":[\"https:\\\/\\\/www.cruillabarcelona.cat\\\/es\\\/dissabte-2026\\\/\"]}]},{\"@type\":\"ImageObject\",\"inLanguage\":\"es\",\"@id\":\"https:\\\/\\\/www.cruillabarcelona.cat\\\/es\\\/dissabte-2026\\\/#primaryimage\",\"url\":\"https:\\\/\\\/www.cruillabarcelona.cat\\\/wp-content\\\/uploads\\\/2026\\\/03\\\/Portada_LandingDissabte_Mobile.jpg\",\"contentUrl\":\"https:\\\/\\\/www.cruillabarcelona.cat\\\/wp-content\\\/uploads\\\/2026\\\/03\\\/Portada_LandingDissabte_Mobile.jpg\",\"width\":2000,\"height\":2000},{\"@type\":\"BreadcrumbList\",\"@id\":\"https:\\\/\\\/www.cruillabarcelona.cat\\\/es\\\/dissabte-2026\\\/#breadcrumb\",\"itemListElement\":[{\"@type\":\"ListItem\",\"position\":1,\"name\":\"Home\",\"item\":\"https:\\\/\\\/www.cruillabarcelona.cat\\\/es\\\/\"},{\"@type\":\"ListItem\",\"position\":2,\"name\":\"Landing Dissabte 2026\"}]},{\"@type\":\"WebSite\",\"@id\":\"https:\\\/\\\/www.cruillabarcelona.cat\\\/es\\\/#website\",\"url\":\"https:\\\/\\\/www.cruillabarcelona.cat\\\/es\\\/\",\"name\":\"Festival Cru\u00eflla\",\"description\":\"\",\"publisher\":{\"@id\":\"https:\\\/\\\/www.cruillabarcelona.cat\\\/es\\\/#organization\"},\"potentialAction\":[{\"@type\":\"SearchAction\",\"target\":{\"@type\":\"EntryPoint\",\"urlTemplate\":\"https:\\\/\\\/www.cruillabarcelona.cat\\\/es\\\/?s={search_term_string}\"},\"query-input\":{\"@type\":\"PropertyValueSpecification\",\"valueRequired\":true,\"valueName\":\"search_term_string\"}}],\"inLanguage\":\"es\"},{\"@type\":\"Organization\",\"@id\":\"https:\\\/\\\/www.cruillabarcelona.cat\\\/es\\\/#organization\",\"name\":\"Festival Cru\u00eflla\",\"url\":\"https:\\\/\\\/www.cruillabarcelona.cat\\\/es\\\/\",\"logo\":{\"@type\":\"ImageObject\",\"inLanguage\":\"es\",\"@id\":\"https:\\\/\\\/www.cruillabarcelona.cat\\\/es\\\/#\\\/schema\\\/logo\\\/image\\\/\",\"url\":\"https:\\\/\\\/www.cruillabarcelona.cat\\\/wp-content\\\/uploads\\\/2025\\\/12\\\/cruill-logo-negativo.png\",\"contentUrl\":\"https:\\\/\\\/www.cruillabarcelona.cat\\\/wp-content\\\/uploads\\\/2025\\\/12\\\/cruill-logo-negativo.png\",\"width\":400,\"height\":101,\"caption\":\"Festival Cru\u00eflla\"},\"image\":{\"@id\":\"https:\\\/\\\/www.cruillabarcelona.cat\\\/es\\\/#\\\/schema\\\/logo\\\/image\\\/\"}}]}<\/script>\n<!-- \/ Yoast SEO plugin. -->","yoast_head_json":{"title":"Landing Dissabte 2026 - Festival Cru\u00eflla","robots":{"index":"index","follow":"follow","max-snippet":"max-snippet:-1","max-image-preview":"max-image-preview:large","max-video-preview":"max-video-preview:-1"},"canonical":"https:\/\/www.cruillabarcelona.cat\/es\/dissabte-2026\/","og_locale":"es_ES","og_type":"article","og_title":"Landing Dissabte 2026 - Festival Cru\u00eflla","og_description":"\u00a1LEYENDAS E ICONOS EN EL CRU\u00cfLLA 2026! Hay artistas que no solo hacen m\u00fasica, sino que imponen una actitud que marca generaciones. El s\u00e1bado 11 de [&hellip;]","og_url":"https:\/\/www.cruillabarcelona.cat\/es\/dissabte-2026\/","og_site_name":"Festival Cru\u00eflla","article_modified_time":"2026-03-25T12:53:57+00:00","og_image":[{"width":2000,"height":2000,"url":"https:\/\/www.cruillabarcelona.cat\/wp-content\/uploads\/2026\/03\/Portada_LandingDissabte_Mobile.jpg","type":"image\/jpeg"}],"twitter_card":"summary_large_image","twitter_misc":{"Tiempo de lectura":"3 minutos"},"schema":{"@context":"https:\/\/schema.org","@graph":[{"@type":"WebPage","@id":"https:\/\/www.cruillabarcelona.cat\/es\/dissabte-2026\/","url":"https:\/\/www.cruillabarcelona.cat\/es\/dissabte-2026\/","name":"Landing Dissabte 2026 - Festival Cru\u00eflla","isPartOf":{"@id":"https:\/\/www.cruillabarcelona.cat\/es\/#website"},"primaryImageOfPage":{"@id":"https:\/\/www.cruillabarcelona.cat\/es\/dissabte-2026\/#primaryimage"},"image":{"@id":"https:\/\/www.cruillabarcelona.cat\/es\/dissabte-2026\/#primaryimage"},"thumbnailUrl":"https:\/\/www.cruillabarcelona.cat\/wp-content\/uploads\/2026\/03\/Portada_LandingDissabte_Mobile.jpg","datePublished":"2026-03-20T13:16:37+00:00","dateModified":"2026-03-25T12:53:57+00:00","breadcrumb":{"@id":"https:\/\/www.cruillabarcelona.cat\/es\/dissabte-2026\/#breadcrumb"},"inLanguage":"es","potentialAction":[{"@type":"ReadAction","target":["https:\/\/www.cruillabarcelona.cat\/es\/dissabte-2026\/"]}]},{"@type":"ImageObject","inLanguage":"es","@id":"https:\/\/www.cruillabarcelona.cat\/es\/dissabte-2026\/#primaryimage","url":"https:\/\/www.cruillabarcelona.cat\/wp-content\/uploads\/2026\/03\/Portada_LandingDissabte_Mobile.jpg","contentUrl":"https:\/\/www.cruillabarcelona.cat\/wp-content\/uploads\/2026\/03\/Portada_LandingDissabte_Mobile.jpg","width":2000,"height":2000},{"@type":"BreadcrumbList","@id":"https:\/\/www.cruillabarcelona.cat\/es\/dissabte-2026\/#breadcrumb","itemListElement":[{"@type":"ListItem","position":1,"name":"Home","item":"https:\/\/www.cruillabarcelona.cat\/es\/"},{"@type":"ListItem","position":2,"name":"Landing Dissabte 2026"}]},{"@type":"WebSite","@id":"https:\/\/www.cruillabarcelona.cat\/es\/#website","url":"https:\/\/www.cruillabarcelona.cat\/es\/","name":"Festival Cru\u00eflla","description":"","publisher":{"@id":"https:\/\/www.cruillabarcelona.cat\/es\/#organization"},"potentialAction":[{"@type":"SearchAction","target":{"@type":"EntryPoint","urlTemplate":"https:\/\/www.cruillabarcelona.cat\/es\/?s={search_term_string}"},"query-input":{"@type":"PropertyValueSpecification","valueRequired":true,"valueName":"search_term_string"}}],"inLanguage":"es"},{"@type":"Organization","@id":"https:\/\/www.cruillabarcelona.cat\/es\/#organization","name":"Festival Cru\u00eflla","url":"https:\/\/www.cruillabarcelona.cat\/es\/","logo":{"@type":"ImageObject","inLanguage":"es","@id":"https:\/\/www.cruillabarcelona.cat\/es\/#\/schema\/logo\/image\/","url":"https:\/\/www.cruillabarcelona.cat\/wp-content\/uploads\/2025\/12\/cruill-logo-negativo.png","contentUrl":"https:\/\/www.cruillabarcelona.cat\/wp-content\/uploads\/2025\/12\/cruill-logo-negativo.png","width":400,"height":101,"caption":"Festival Cru\u00eflla"},"image":{"@id":"https:\/\/www.cruillabarcelona.cat\/es\/#\/schema\/logo\/image\/"}}]}},"_links":{"self":[{"href":"https:\/\/www.cruillabarcelona.cat\/es\/wp-json\/wp\/v2\/pages\/63928","targetHints":{"allow":["GET"]}}],"collection":[{"href":"https:\/\/www.cruillabarcelona.cat\/es\/wp-json\/wp\/v2\/pages"}],"about":[{"href":"https:\/\/www.cruillabarcelona.cat\/es\/wp-json\/wp\/v2\/types\/page"}],"author":[{"embeddable":true,"href":"https:\/\/www.cruillabarcelona.cat\/es\/wp-json\/wp\/v2\/users\/55"}],"replies":[{"embeddable":true,"href":"https:\/\/www.cruillabarcelona.cat\/es\/wp-json\/wp\/v2\/comments?post=63928"}],"version-history":[{"count":4,"href":"https:\/\/www.cruillabarcelona.cat\/es\/wp-json\/wp\/v2\/pages\/63928\/revisions"}],"predecessor-version":[{"id":63973,"href":"https:\/\/www.cruillabarcelona.cat\/es\/wp-json\/wp\/v2\/pages\/63928\/revisions\/63973"}],"wp:featuredmedia":[{"embeddable":true,"href":"https:\/\/www.cruillabarcelona.cat\/es\/wp-json\/wp\/v2\/media\/63749"}],"wp:attachment":[{"href":"https:\/\/www.cruillabarcelona.cat\/es\/wp-json\/wp\/v2\/media?parent=63928"}],"curies":[{"name":"wp","href":"https:\/\/api.w.org\/{rel}","templated":true}]}}