{"id":64694,"date":"2026-04-15T17:12:56","date_gmt":"2026-04-15T15:12:56","guid":{"rendered":"https:\/\/www.cruillabarcelona.cat\/?page_id=64694"},"modified":"2026-04-15T18:38:35","modified_gmt":"2026-04-15T16:38:35","slug":"concentrico-2026","status":"publish","type":"page","link":"https:\/\/www.cruillabarcelona.cat\/es\/concentrico-2026\/","title":{"rendered":"\u00a1Dise\u00f1o y m\u00fasica se fusionan en el Cru\u00eflla 2026!"},"content":{"rendered":"\n<div class=\"wp-block-group has-global-padding is-layout-constrained wp-container-core-group-is-layout-704e782a wp-block-group-is-layout-constrained\">\n<div class=\"wp-block-cover\"><img loading=\"lazy\" decoding=\"async\" width=\"1124\" height=\"375\" class=\"wp-block-cover__image-background wp-image-64706 size-large\" alt=\"\" src=\"https:\/\/www.cruillabarcelona.cat\/wp-content\/uploads\/2026\/04\/Capcalera_Concentrico-1124x375.jpg\" data-object-fit=\"cover\" srcset=\"https:\/\/www.cruillabarcelona.cat\/wp-content\/uploads\/2026\/04\/Capcalera_Concentrico-1124x375.jpg 1124w, https:\/\/www.cruillabarcelona.cat\/wp-content\/uploads\/2026\/04\/Capcalera_Concentrico-300x100.jpg 300w, https:\/\/www.cruillabarcelona.cat\/wp-content\/uploads\/2026\/04\/Capcalera_Concentrico-800x267.jpg 800w, https:\/\/www.cruillabarcelona.cat\/wp-content\/uploads\/2026\/04\/Capcalera_Concentrico.jpg 1128w\" sizes=\"auto, (max-width: 1124px) 100vw, 1124px\" \/><span aria-hidden=\"true\" class=\"wp-block-cover__background has-background-dim\" style=\"background-color:#7c655e\"><\/span><div class=\"wp-block-cover__inner-container has-global-padding is-layout-constrained wp-block-cover-is-layout-constrained\">\n<p class=\"has-text-align-center has-primary-color has-text-color has-link-color has-large-font-size wp-elements-6ea3967bde08d73df05c77dc678b514e\">\u00a1DISE\u00d1O Y M\u00daSICA SE FUSIONAN EN EL CRU\u00cfLLA 2026!<\/p>\n<\/div><\/div>\n\n\n\n<p class=\"has-text-align-center\"><strong>Presentamos las propuestas que transformar\u00e1n los escenarios principales del Festival Cru\u00eflla 2026.<\/strong><\/p>\n\n\n\n<p class=\"has-text-align-center\">En el marco de <strong>Barcelona Capital Mundial de la Arquitectura<\/strong>, nos unimos a <strong>Conc\u00e9ntrico<\/strong> para crear estructuras que dialogan con la m\u00fasica y el p\u00fablico.<\/p>\n\n\n\n<p class=\"has-text-align-center\">Tras recibir m\u00e1s de 100 propuestas de 23 pa\u00edses y un proceso de selecci\u00f3n con un jurado formado por representantes de Cru\u00eflla, Conc\u00e9ntrico, la Fundaci\u00f3n Mies van der Rohe, Estrella Damm y Occident, presentamos los proyectos seleccionados. <strong>Actualmente, trabajamos codo con codo con los ganadores para adaptar y definir el dise\u00f1o final que ver\u00e9is en julio.<\/strong><\/p>\n\n\n\n<p class=\"has-text-align-center has-foreground-color has-text-color has-link-color has-medium-large-font-size wp-elements-6d0ad7fcb178e2e56b81508c2d2fdf6a\"><strong>Escenario <a href=\"https:\/\/www.estrelladamm.com\/ca\">Estrella Damm<\/a>: \u201cPersiana\u201d<\/strong><\/p>\n\n\n\n<p class=\"has-text-align-center has-foreground-color has-text-color has-link-color has-medium-font-size wp-elements-5e85b19f2a9fd563ce4f54218e182aac\">Autores: <a href=\"https:\/\/hausofcolor.eu\/\">Haus of Color<\/a><\/p>\n\n\n\n<p class=\"has-text-align-center\">Inspirada en los balcones mediterr\u00e1neos, utiliza persianas rojas para crear una \u201ccasa compartida\u201d. Una fachada viva que vibra al ritmo del festival y conecta la intimidad del barrio con la energ\u00eda de la pista.<br><\/p>\n\n\n\n<p class=\"has-text-align-center has-foreground-color has-text-color has-link-color has-medium-large-font-size wp-elements-c8761c5eadbc8e214c1f2937e9e0f9bc\"><strong>Escenario <a href=\"https:\/\/www.occident.com\/ca\/\">Occident<\/a>: \u201cUna silla mil Cru\u00efllas\u201d<\/strong><\/p>\n\n\n\n<p class=\"has-text-align-center has-foreground-color has-text-color has-link-color has-medium-font-size wp-elements-8a5a1283720fba5c450191bd9a9af94e\">Autores: <a href=\"https:\/\/www.walk-office.com\/\">Walk<\/a>.<\/p>\n\n\n\n<p class=\"has-text-align-center has-medium-small-font-size\">Reimagina la silla cotidiana a escala monumental. Una escenograf\u00eda suspendida y sostenible que simboliza el hogar y la acogida, convirtiendo el escenario en un punto de encuentro \u00fanico en el F\u00f2rum.<\/p>\n\n\n\n<p class=\"has-text-align-center\">Del 8 al 11 de julio, \u00a1descubrimos el resultado final en primera fila!<br><\/p>\n\n\n\n<div class=\"wp-block-buttons is-content-justification-center is-layout-flex wp-container-core-buttons-is-layout-a89b3969 wp-block-buttons-is-layout-flex\">\n<div class=\"wp-block-button\"><a class=\"wp-block-button__link wp-element-button\">descubre las propuestas ganadoras aqu\u00ed<\/a><\/div>\n<\/div>\n<\/div>\n","protected":false},"excerpt":{"rendered":"<p>Presentamos las propuestas que transformar\u00e1n los escenarios principales del Festival Cru\u00eflla 2026. En el marco de Barcelona Capital Mundial de la Arquitectura, nos unimos a Conc\u00e9ntrico [&hellip;]<\/p>\n","protected":false},"author":55,"featured_media":64741,"parent":0,"menu_order":0,"comment_status":"closed","ping_status":"closed","template":"","meta":{"_acf_changed":false,"footnotes":""},"class_list":["post-64694","page","type-page","status-publish","has-post-thumbnail","hentry"],"acf":[],"yoast_head":"<!-- This site is optimized with the Yoast SEO plugin v27.4 - https:\/\/yoast.com\/product\/yoast-seo-wordpress\/ -->\n<title>Consigue tu descuento de Sant Jordi para el Festival Cru\u00eflla 2024<\/title>\n<meta name=\"description\" content=\"\u00a1Este Sant Jordi consigue tus entradas o abonos para el Festival Cru\u00eflla 2024 con un 15% de descuento!\" \/>\n<meta name=\"robots\" content=\"index, follow, max-snippet:-1, max-image-preview:large, max-video-preview:-1\" \/>\n<link rel=\"canonical\" href=\"https:\/\/www.cruillabarcelona.cat\/es\/concentrico-2026\/\" \/>\n<meta property=\"og:locale\" content=\"es_ES\" \/>\n<meta property=\"og:type\" content=\"article\" \/>\n<meta property=\"og:title\" content=\"Consigue tu descuento de Sant Jordi para el Festival Cru\u00eflla 2024\" \/>\n<meta property=\"og:description\" content=\"\u00a1Este Sant Jordi consigue tus entradas o abonos para el Festival Cru\u00eflla 2024 con un 15% de descuento!\" \/>\n<meta property=\"og:url\" content=\"https:\/\/www.cruillabarcelona.cat\/es\/concentrico-2026\/\" \/>\n<meta property=\"og:site_name\" content=\"Festival Cru\u00eflla\" \/>\n<meta property=\"article:modified_time\" content=\"2026-04-15T16:38:35+00:00\" \/>\n<meta property=\"og:image\" content=\"https:\/\/www.cruillabarcelona.cat\/wp-content\/uploads\/2026\/04\/AMBIENT__A748305_Sergioblanquezphoto-1-1-scaled.jpg\" \/>\n\t<meta property=\"og:image:width\" content=\"2560\" \/>\n\t<meta property=\"og:image:height\" content=\"1706\" \/>\n\t<meta property=\"og:image:type\" content=\"image\/jpeg\" \/>\n<meta name=\"twitter:card\" content=\"summary_large_image\" \/>\n<meta name=\"twitter:label1\" content=\"Tiempo de lectura\" \/>\n\t<meta name=\"twitter:data1\" content=\"2 minutos\" \/>\n<script type=\"application\/ld+json\" class=\"yoast-schema-graph\">{\"@context\":\"https:\\\/\\\/schema.org\",\"@graph\":[{\"@type\":\"WebPage\",\"@id\":\"https:\\\/\\\/www.cruillabarcelona.cat\\\/es\\\/concentrico-2026\\\/\",\"url\":\"https:\\\/\\\/www.cruillabarcelona.cat\\\/es\\\/concentrico-2026\\\/\",\"name\":\"Consigue tu descuento de Sant Jordi para el Festival Cru\u00eflla 2024\",\"isPartOf\":{\"@id\":\"https:\\\/\\\/www.cruillabarcelona.cat\\\/es\\\/#website\"},\"primaryImageOfPage\":{\"@id\":\"https:\\\/\\\/www.cruillabarcelona.cat\\\/es\\\/concentrico-2026\\\/#primaryimage\"},\"image\":{\"@id\":\"https:\\\/\\\/www.cruillabarcelona.cat\\\/es\\\/concentrico-2026\\\/#primaryimage\"},\"thumbnailUrl\":\"https:\\\/\\\/www.cruillabarcelona.cat\\\/wp-content\\\/uploads\\\/2026\\\/04\\\/AMBIENT__A748305_Sergioblanquezphoto-1-1-scaled.jpg\",\"datePublished\":\"2026-04-15T15:12:56+00:00\",\"dateModified\":\"2026-04-15T16:38:35+00:00\",\"description\":\"\u00a1Este Sant Jordi consigue tus entradas o abonos para el Festival Cru\u00eflla 2024 con un 15% de descuento!\",\"breadcrumb\":{\"@id\":\"https:\\\/\\\/www.cruillabarcelona.cat\\\/es\\\/concentrico-2026\\\/#breadcrumb\"},\"inLanguage\":\"es\",\"potentialAction\":[{\"@type\":\"ReadAction\",\"target\":[\"https:\\\/\\\/www.cruillabarcelona.cat\\\/es\\\/concentrico-2026\\\/\"]}]},{\"@type\":\"ImageObject\",\"inLanguage\":\"es\",\"@id\":\"https:\\\/\\\/www.cruillabarcelona.cat\\\/es\\\/concentrico-2026\\\/#primaryimage\",\"url\":\"https:\\\/\\\/www.cruillabarcelona.cat\\\/wp-content\\\/uploads\\\/2026\\\/04\\\/AMBIENT__A748305_Sergioblanquezphoto-1-1-scaled.jpg\",\"contentUrl\":\"https:\\\/\\\/www.cruillabarcelona.cat\\\/wp-content\\\/uploads\\\/2026\\\/04\\\/AMBIENT__A748305_Sergioblanquezphoto-1-1-scaled.jpg\",\"width\":2560,\"height\":1706},{\"@type\":\"BreadcrumbList\",\"@id\":\"https:\\\/\\\/www.cruillabarcelona.cat\\\/es\\\/concentrico-2026\\\/#breadcrumb\",\"itemListElement\":[{\"@type\":\"ListItem\",\"position\":1,\"name\":\"Home\",\"item\":\"https:\\\/\\\/www.cruillabarcelona.cat\\\/es\\\/\"},{\"@type\":\"ListItem\",\"position\":2,\"name\":\"\u00a1Dise\u00f1o y m\u00fasica se fusionan en el Cru\u00eflla 2026!\"}]},{\"@type\":\"WebSite\",\"@id\":\"https:\\\/\\\/www.cruillabarcelona.cat\\\/es\\\/#website\",\"url\":\"https:\\\/\\\/www.cruillabarcelona.cat\\\/es\\\/\",\"name\":\"Festival Cru\u00eflla\",\"description\":\"\",\"publisher\":{\"@id\":\"https:\\\/\\\/www.cruillabarcelona.cat\\\/es\\\/#organization\"},\"potentialAction\":[{\"@type\":\"SearchAction\",\"target\":{\"@type\":\"EntryPoint\",\"urlTemplate\":\"https:\\\/\\\/www.cruillabarcelona.cat\\\/es\\\/?s={search_term_string}\"},\"query-input\":{\"@type\":\"PropertyValueSpecification\",\"valueRequired\":true,\"valueName\":\"search_term_string\"}}],\"inLanguage\":\"es\"},{\"@type\":\"Organization\",\"@id\":\"https:\\\/\\\/www.cruillabarcelona.cat\\\/es\\\/#organization\",\"name\":\"Festival Cru\u00eflla\",\"url\":\"https:\\\/\\\/www.cruillabarcelona.cat\\\/es\\\/\",\"logo\":{\"@type\":\"ImageObject\",\"inLanguage\":\"es\",\"@id\":\"https:\\\/\\\/www.cruillabarcelona.cat\\\/es\\\/#\\\/schema\\\/logo\\\/image\\\/\",\"url\":\"https:\\\/\\\/www.cruillabarcelona.cat\\\/wp-content\\\/uploads\\\/2025\\\/12\\\/cruill-logo-negativo.png\",\"contentUrl\":\"https:\\\/\\\/www.cruillabarcelona.cat\\\/wp-content\\\/uploads\\\/2025\\\/12\\\/cruill-logo-negativo.png\",\"width\":400,\"height\":101,\"caption\":\"Festival Cru\u00eflla\"},\"image\":{\"@id\":\"https:\\\/\\\/www.cruillabarcelona.cat\\\/es\\\/#\\\/schema\\\/logo\\\/image\\\/\"}}]}<\/script>\n<!-- \/ Yoast SEO plugin. -->","yoast_head_json":{"title":"Consigue tu descuento de Sant Jordi para el Festival Cru\u00eflla 2024","description":"\u00a1Este Sant Jordi consigue tus entradas o abonos para el Festival Cru\u00eflla 2024 con un 15% de descuento!","robots":{"index":"index","follow":"follow","max-snippet":"max-snippet:-1","max-image-preview":"max-image-preview:large","max-video-preview":"max-video-preview:-1"},"canonical":"https:\/\/www.cruillabarcelona.cat\/es\/concentrico-2026\/","og_locale":"es_ES","og_type":"article","og_title":"Consigue tu descuento de Sant Jordi para el Festival Cru\u00eflla 2024","og_description":"\u00a1Este Sant Jordi consigue tus entradas o abonos para el Festival Cru\u00eflla 2024 con un 15% de descuento!","og_url":"https:\/\/www.cruillabarcelona.cat\/es\/concentrico-2026\/","og_site_name":"Festival Cru\u00eflla","article_modified_time":"2026-04-15T16:38:35+00:00","og_image":[{"width":2560,"height":1706,"url":"https:\/\/www.cruillabarcelona.cat\/wp-content\/uploads\/2026\/04\/AMBIENT__A748305_Sergioblanquezphoto-1-1-scaled.jpg","type":"image\/jpeg"}],"twitter_card":"summary_large_image","twitter_misc":{"Tiempo de lectura":"2 minutos"},"schema":{"@context":"https:\/\/schema.org","@graph":[{"@type":"WebPage","@id":"https:\/\/www.cruillabarcelona.cat\/es\/concentrico-2026\/","url":"https:\/\/www.cruillabarcelona.cat\/es\/concentrico-2026\/","name":"Consigue tu descuento de Sant Jordi para el Festival Cru\u00eflla 2024","isPartOf":{"@id":"https:\/\/www.cruillabarcelona.cat\/es\/#website"},"primaryImageOfPage":{"@id":"https:\/\/www.cruillabarcelona.cat\/es\/concentrico-2026\/#primaryimage"},"image":{"@id":"https:\/\/www.cruillabarcelona.cat\/es\/concentrico-2026\/#primaryimage"},"thumbnailUrl":"https:\/\/www.cruillabarcelona.cat\/wp-content\/uploads\/2026\/04\/AMBIENT__A748305_Sergioblanquezphoto-1-1-scaled.jpg","datePublished":"2026-04-15T15:12:56+00:00","dateModified":"2026-04-15T16:38:35+00:00","description":"\u00a1Este Sant Jordi consigue tus entradas o abonos para el Festival Cru\u00eflla 2024 con un 15% de descuento!","breadcrumb":{"@id":"https:\/\/www.cruillabarcelona.cat\/es\/concentrico-2026\/#breadcrumb"},"inLanguage":"es","potentialAction":[{"@type":"ReadAction","target":["https:\/\/www.cruillabarcelona.cat\/es\/concentrico-2026\/"]}]},{"@type":"ImageObject","inLanguage":"es","@id":"https:\/\/www.cruillabarcelona.cat\/es\/concentrico-2026\/#primaryimage","url":"https:\/\/www.cruillabarcelona.cat\/wp-content\/uploads\/2026\/04\/AMBIENT__A748305_Sergioblanquezphoto-1-1-scaled.jpg","contentUrl":"https:\/\/www.cruillabarcelona.cat\/wp-content\/uploads\/2026\/04\/AMBIENT__A748305_Sergioblanquezphoto-1-1-scaled.jpg","width":2560,"height":1706},{"@type":"BreadcrumbList","@id":"https:\/\/www.cruillabarcelona.cat\/es\/concentrico-2026\/#breadcrumb","itemListElement":[{"@type":"ListItem","position":1,"name":"Home","item":"https:\/\/www.cruillabarcelona.cat\/es\/"},{"@type":"ListItem","position":2,"name":"\u00a1Dise\u00f1o y m\u00fasica se fusionan en el Cru\u00eflla 2026!"}]},{"@type":"WebSite","@id":"https:\/\/www.cruillabarcelona.cat\/es\/#website","url":"https:\/\/www.cruillabarcelona.cat\/es\/","name":"Festival Cru\u00eflla","description":"","publisher":{"@id":"https:\/\/www.cruillabarcelona.cat\/es\/#organization"},"potentialAction":[{"@type":"SearchAction","target":{"@type":"EntryPoint","urlTemplate":"https:\/\/www.cruillabarcelona.cat\/es\/?s={search_term_string}"},"query-input":{"@type":"PropertyValueSpecification","valueRequired":true,"valueName":"search_term_string"}}],"inLanguage":"es"},{"@type":"Organization","@id":"https:\/\/www.cruillabarcelona.cat\/es\/#organization","name":"Festival Cru\u00eflla","url":"https:\/\/www.cruillabarcelona.cat\/es\/","logo":{"@type":"ImageObject","inLanguage":"es","@id":"https:\/\/www.cruillabarcelona.cat\/es\/#\/schema\/logo\/image\/","url":"https:\/\/www.cruillabarcelona.cat\/wp-content\/uploads\/2025\/12\/cruill-logo-negativo.png","contentUrl":"https:\/\/www.cruillabarcelona.cat\/wp-content\/uploads\/2025\/12\/cruill-logo-negativo.png","width":400,"height":101,"caption":"Festival Cru\u00eflla"},"image":{"@id":"https:\/\/www.cruillabarcelona.cat\/es\/#\/schema\/logo\/image\/"}}]}},"_links":{"self":[{"href":"https:\/\/www.cruillabarcelona.cat\/es\/wp-json\/wp\/v2\/pages\/64694","targetHints":{"allow":["GET"]}}],"collection":[{"href":"https:\/\/www.cruillabarcelona.cat\/es\/wp-json\/wp\/v2\/pages"}],"about":[{"href":"https:\/\/www.cruillabarcelona.cat\/es\/wp-json\/wp\/v2\/types\/page"}],"author":[{"embeddable":true,"href":"https:\/\/www.cruillabarcelona.cat\/es\/wp-json\/wp\/v2\/users\/55"}],"replies":[{"embeddable":true,"href":"https:\/\/www.cruillabarcelona.cat\/es\/wp-json\/wp\/v2\/comments?post=64694"}],"version-history":[{"count":4,"href":"https:\/\/www.cruillabarcelona.cat\/es\/wp-json\/wp\/v2\/pages\/64694\/revisions"}],"predecessor-version":[{"id":64750,"href":"https:\/\/www.cruillabarcelona.cat\/es\/wp-json\/wp\/v2\/pages\/64694\/revisions\/64750"}],"wp:featuredmedia":[{"embeddable":true,"href":"https:\/\/www.cruillabarcelona.cat\/es\/wp-json\/wp\/v2\/media\/64741"}],"wp:attachment":[{"href":"https:\/\/www.cruillabarcelona.cat\/es\/wp-json\/wp\/v2\/media?parent=64694"}],"curies":[{"name":"wp","href":"https:\/\/api.w.org\/{rel}","templated":true}]}}