{"id":7785,"date":"2018-01-11T10:56:29","date_gmt":"2018-01-11T10:56:29","guid":{"rendered":"https:\/\/www.cruillabarcelona.cat\/?page_id=7785\/"},"modified":"2018-05-16T08:22:05","modified_gmt":"2018-05-16T08:22:05","slug":"carnaval-del-cruilla","status":"publish","type":"page","link":"https:\/\/www.cruillabarcelona.cat\/es\/carnaval-del-cruilla\/","title":{"rendered":"Carnaval del Cru\u00eflla"},"content":{"rendered":"<h2>\u00a1Gracias por vivir el Carnaval con nosotros!<\/h2>\n<p>Si quieres seguir disfrutando de la m\u00fasica en directo, te emplazamos al Festival Cru\u00eflla que se celebrar\u00e1 los d\u00edas 12, 13 y 14 de julio de 2018 en el Parque del F\u00f3rum de Barcelona.<\/p>\n<p><strong>Consulta los artistas de esta edici\u00f3n, <a href=\"https:\/\/www.cruillabarcelona.cat\/es\/artistas-cruilla-2018\/\">AQU\u00cd<\/a><\/strong><\/p>\n<h3><\/h3>\n<hr \/>\n<h3><\/h3>\n<h3 style=\"text-align: justify;\"><strong>\u00a1Llega la mejor fiesta de Carnaval de Barcelona!<\/strong><\/h3>\n<p style=\"text-align: justify;\">En el Cru\u00eflla somos muy fans del <strong>Carnaval<\/strong>, una fiesta transgresora que te permite transformarte en otra persona, romper las normas y dejarte llevar por el desenfreno.<\/p>\n<p style=\"text-align: justify;\">Y como fans que somos, quer\u00edamos sumarnos a la celebraci\u00f3n de una de las tradiciones m\u00e1s divertidas del invierno. Por este motivo presentamos la <strong>primera edici\u00f3n del Carnaval del Cru\u00eflla<\/strong>, que tendr\u00e1 lugar los d\u00edas <strong>9 y 10 de febrero<\/strong> en el <strong>Hivernacle del Poble Espanyol<\/strong>.<\/p>\n<p style=\"text-align: justify;\">Una fiesta en la que podr\u00e1s disfrutar de <a href=\"https:\/\/www.cruillabarcelona.cat\/es\/blog\/fiesta-carnaval-de-barcelona\/\" target=\"_blank\" rel=\"noopener\">lo mejor del Carnaval barcelon\u00e9s<\/a>: el <strong>Rey Carnestoltes<\/strong>, la <strong>charanga<\/strong>, el concurso de <strong>disfraces<\/strong>, el <strong>atrezzo<\/strong> y las <strong>m\u00e1scaras<\/strong>, la <strong>Taronjada<\/strong> de globos\u2026 Y, como no pod\u00eda ser de otra manera, \u00a1las mejores actuaciones en directo! <strong>Shantel &amp; Bucov<\/strong><strong>i<\/strong><strong>na Club Orkestar<\/strong>, <strong>The Sweet Life Society<\/strong>, <strong>Los Mambo Jambo<\/strong> y <strong>The Slingshots<\/strong> nos acompa\u00f1ar\u00e1n en esta nueva aventura.<\/p>\n<p style=\"text-align: justify;\"><strong>\u00a1Descubre todo lo que podr\u00e1s vivir en el Carnaval del Cru\u00eflla 2018<\/strong>!<\/p>\n<p><a href=\"https:\/\/www.portalticket.com\/entradas\/carnaval-barcelona-2018---divendres-9\/3245\/cruilla-barcelona\/carnaval-cruilla\" target=\"_blank\" rel=\"noopener\"><img loading=\"lazy\" decoding=\"async\" class=\"alignnone wp-image-8113 size-full\" title=\"Viernes\" src=\"https:\/\/www.cruillabarcelona.cat\/wp-content\/uploads\/2018\/02\/CARNAVAL-LANDING-VIERNES.jpg\" alt=\"Viernes\" width=\"300\" height=\"300\" srcset=\"https:\/\/www.cruillabarcelona.cat\/wp-content\/uploads\/2018\/02\/CARNAVAL-LANDING-VIERNES.jpg 300w, https:\/\/www.cruillabarcelona.cat\/wp-content\/uploads\/2018\/02\/CARNAVAL-LANDING-VIERNES-150x150.jpg 150w\" sizes=\"auto, (max-width: 300px) 100vw, 300px\" \/><\/a>\u00a0 \u00a0 \u00a0 \u00a0 \u00a0 \u00a0 \u00a0 \u00a0 \u00a0 \u00a0 \u00a0 \u00a0\u00a0<a href=\"https:\/\/www.portalticket.com\/entradas\/carnaval-barcelona-2018---dissabte-10\/3246\/cruilla-barcelona\/carnaval-cruilla\" target=\"_blank\" rel=\"noopener\"><img loading=\"lazy\" decoding=\"async\" class=\"alignnone wp-image-8116 size-full\" title=\"S\u00e1bado\" src=\"https:\/\/www.cruillabarcelona.cat\/wp-content\/uploads\/2018\/02\/CARNAVAL-LANDING-SABADO.jpg\" alt=\"S\u00e1bado\" width=\"300\" height=\"300\" srcset=\"https:\/\/www.cruillabarcelona.cat\/wp-content\/uploads\/2018\/02\/CARNAVAL-LANDING-SABADO.jpg 300w, https:\/\/www.cruillabarcelona.cat\/wp-content\/uploads\/2018\/02\/CARNAVAL-LANDING-SABADO-150x150.jpg 150w\" sizes=\"auto, (max-width: 300px) 100vw, 300px\" \/><\/a><\/p>\n<p style=\"text-align: justify;\"><strong>Y los dos d\u00edas:<\/strong><\/p>\n<ul style=\"text-align: justify;\">\n<li>20:30h: charanga con la <strong>Ska Circus Brass Band<\/strong><\/li>\n<li>22:00h: charanga con la <strong>Ska Circus Brass Band<\/strong> + <strong>speaker El Bar\u00f3 de la Boira<\/strong><\/li>\n<li>00:15h hasta la 01:30h: <strong>DJ Carnestoltes Rex<\/strong> + <strong>speaker El Bar\u00f3 de la Boira<\/strong>\u00a0+ <strong>Taronjada de globos<\/strong> + <strong>concurso de disfraces<\/strong>.<\/li>\n<\/ul>\n<p style=\"text-align: justify;\">Y si quieres vivir el Carnaval del Cru\u00eflla con toda la intensidad, <strong>puedes venir los dos d\u00edas por solo 35\u20ac<\/strong>. Las entradas de d\u00eda en taquilla tendr\u00e1n un precio de 25\u20ac.<\/p>\n<p style=\"text-align: center;\"><strong>\u00a1Vive el Carnaval del Cru\u00eflla!<\/strong><\/p>\n<p style=\"text-align: center;\"><a class=\"efsbutton button \" target=\"_blank\">ENTRADAS<\/a><br \/>\nAforo limitado<\/p>\n<hr \/>\n<h3><\/h3>\n<h3><strong>Escucha los grupos que actuar\u00e1n en el Carnaval del Cru\u00eflla:<\/strong><\/h3>\n<p><iframe loading=\"lazy\" src=\"https:\/\/open.spotify.com\/embed\/user\/cru\u00eflla\/playlist\/029muWdc6rk2Y52isB8B8x\" width=\"300\" height=\"380\" frameborder=\"0\"><\/iframe><\/p>\n","protected":false},"excerpt":{"rendered":"<p>\u00a1Gracias por vivir el Carnaval con nosotros! Si quieres seguir disfrutando de la m\u00fasica en directo, te emplazamos al Festival Cru\u00eflla que se celebrar\u00e1 los d\u00edas [&hellip;]<\/p>\n","protected":false},"author":7,"featured_media":7776,"parent":0,"menu_order":0,"comment_status":"closed","ping_status":"closed","template":"page-templates\/page-landing.php","meta":{"_acf_changed":false,"footnotes":""},"class_list":["post-7785","page","type-page","status-publish","has-post-thumbnail","hentry"],"acf":[],"yoast_head":"<!-- This site is optimized with the Yoast SEO plugin v27.3 - https:\/\/yoast.com\/product\/yoast-seo-wordpress\/ -->\n<title>Celebra el Carnaval del Cru\u00eflla el 9 y 10 de febrero<\/title>\n<meta name=\"description\" content=\"La primera edici\u00f3n del Carnaval del Cru\u00eflla tendr\u00e1 lugar los d\u00edas 9 y 10 de febrero de 2018 en el Hivernacle del Poble Espanyol de Barcelona.\" \/>\n<meta name=\"robots\" content=\"index, follow, max-snippet:-1, max-image-preview:large, max-video-preview:-1\" \/>\n<link rel=\"canonical\" href=\"https:\/\/www.cruillabarcelona.cat\/es\/carnaval-del-cruilla\/\" \/>\n<meta property=\"og:locale\" content=\"es_ES\" \/>\n<meta property=\"og:type\" content=\"article\" \/>\n<meta property=\"og:title\" content=\"Celebra el Carnaval del Cru\u00eflla el 9 y 10 de febrero\" \/>\n<meta property=\"og:description\" content=\"La primera edici\u00f3n del Carnaval del Cru\u00eflla tendr\u00e1 lugar los d\u00edas 9 y 10 de febrero de 2018 en el Hivernacle del Poble Espanyol de Barcelona.\" \/>\n<meta property=\"og:url\" content=\"https:\/\/www.cruillabarcelona.cat\/es\/carnaval-del-cruilla\/\" \/>\n<meta property=\"og:site_name\" content=\"Festival Cru\u00eflla\" \/>\n<meta property=\"article:modified_time\" content=\"2018-05-16T08:22:05+00:00\" \/>\n<meta property=\"og:image\" content=\"https:\/\/www.cruillabarcelona.cat\/wp-content\/uploads\/2018\/01\/CARNAVAL-LANDING-portada.jpg\" \/>\n\t<meta property=\"og:image:width\" content=\"1500\" \/>\n\t<meta property=\"og:image:height\" content=\"500\" \/>\n\t<meta property=\"og:image:type\" content=\"image\/jpeg\" \/>\n<meta name=\"twitter:card\" content=\"summary_large_image\" \/>\n<meta name=\"twitter:label1\" content=\"Tiempo de lectura\" \/>\n\t<meta name=\"twitter:data1\" content=\"2 minutos\" \/>\n<script type=\"application\/ld+json\" class=\"yoast-schema-graph\">{\"@context\":\"https:\\\/\\\/schema.org\",\"@graph\":[{\"@type\":\"WebPage\",\"@id\":\"https:\\\/\\\/www.cruillabarcelona.cat\\\/es\\\/carnaval-del-cruilla\\\/\",\"url\":\"https:\\\/\\\/www.cruillabarcelona.cat\\\/es\\\/carnaval-del-cruilla\\\/\",\"name\":\"Celebra el Carnaval del Cru\u00eflla el 9 y 10 de febrero\",\"isPartOf\":{\"@id\":\"https:\\\/\\\/www.cruillabarcelona.cat\\\/es\\\/#website\"},\"primaryImageOfPage\":{\"@id\":\"https:\\\/\\\/www.cruillabarcelona.cat\\\/es\\\/carnaval-del-cruilla\\\/#primaryimage\"},\"image\":{\"@id\":\"https:\\\/\\\/www.cruillabarcelona.cat\\\/es\\\/carnaval-del-cruilla\\\/#primaryimage\"},\"thumbnailUrl\":\"https:\\\/\\\/www.cruillabarcelona.cat\\\/wp-content\\\/uploads\\\/2018\\\/01\\\/CARNAVAL-LANDING-portada.jpg\",\"datePublished\":\"2018-01-11T10:56:29+00:00\",\"dateModified\":\"2018-05-16T08:22:05+00:00\",\"description\":\"La primera edici\u00f3n del Carnaval del Cru\u00eflla tendr\u00e1 lugar los d\u00edas 9 y 10 de febrero de 2018 en el Hivernacle del Poble Espanyol de Barcelona.\",\"breadcrumb\":{\"@id\":\"https:\\\/\\\/www.cruillabarcelona.cat\\\/es\\\/carnaval-del-cruilla\\\/#breadcrumb\"},\"inLanguage\":\"es\",\"potentialAction\":[{\"@type\":\"ReadAction\",\"target\":[\"https:\\\/\\\/www.cruillabarcelona.cat\\\/es\\\/carnaval-del-cruilla\\\/\"]}]},{\"@type\":\"ImageObject\",\"inLanguage\":\"es\",\"@id\":\"https:\\\/\\\/www.cruillabarcelona.cat\\\/es\\\/carnaval-del-cruilla\\\/#primaryimage\",\"url\":\"https:\\\/\\\/www.cruillabarcelona.cat\\\/wp-content\\\/uploads\\\/2018\\\/01\\\/CARNAVAL-LANDING-portada.jpg\",\"contentUrl\":\"https:\\\/\\\/www.cruillabarcelona.cat\\\/wp-content\\\/uploads\\\/2018\\\/01\\\/CARNAVAL-LANDING-portada.jpg\",\"width\":1500,\"height\":500,\"caption\":\"Carnaval\"},{\"@type\":\"BreadcrumbList\",\"@id\":\"https:\\\/\\\/www.cruillabarcelona.cat\\\/es\\\/carnaval-del-cruilla\\\/#breadcrumb\",\"itemListElement\":[{\"@type\":\"ListItem\",\"position\":1,\"name\":\"Home\",\"item\":\"https:\\\/\\\/www.cruillabarcelona.cat\\\/es\\\/\"},{\"@type\":\"ListItem\",\"position\":2,\"name\":\"Carnaval del Cru\u00eflla\"}]},{\"@type\":\"WebSite\",\"@id\":\"https:\\\/\\\/www.cruillabarcelona.cat\\\/es\\\/#website\",\"url\":\"https:\\\/\\\/www.cruillabarcelona.cat\\\/es\\\/\",\"name\":\"Festival Cru\u00eflla\",\"description\":\"\",\"publisher\":{\"@id\":\"https:\\\/\\\/www.cruillabarcelona.cat\\\/es\\\/#organization\"},\"potentialAction\":[{\"@type\":\"SearchAction\",\"target\":{\"@type\":\"EntryPoint\",\"urlTemplate\":\"https:\\\/\\\/www.cruillabarcelona.cat\\\/es\\\/?s={search_term_string}\"},\"query-input\":{\"@type\":\"PropertyValueSpecification\",\"valueRequired\":true,\"valueName\":\"search_term_string\"}}],\"inLanguage\":\"es\"},{\"@type\":\"Organization\",\"@id\":\"https:\\\/\\\/www.cruillabarcelona.cat\\\/es\\\/#organization\",\"name\":\"Festival Cru\u00eflla\",\"url\":\"https:\\\/\\\/www.cruillabarcelona.cat\\\/es\\\/\",\"logo\":{\"@type\":\"ImageObject\",\"inLanguage\":\"es\",\"@id\":\"https:\\\/\\\/www.cruillabarcelona.cat\\\/es\\\/#\\\/schema\\\/logo\\\/image\\\/\",\"url\":\"https:\\\/\\\/www.cruillabarcelona.cat\\\/wp-content\\\/uploads\\\/2025\\\/12\\\/cruill-logo-negativo.png\",\"contentUrl\":\"https:\\\/\\\/www.cruillabarcelona.cat\\\/wp-content\\\/uploads\\\/2025\\\/12\\\/cruill-logo-negativo.png\",\"width\":400,\"height\":101,\"caption\":\"Festival Cru\u00eflla\"},\"image\":{\"@id\":\"https:\\\/\\\/www.cruillabarcelona.cat\\\/es\\\/#\\\/schema\\\/logo\\\/image\\\/\"}}]}<\/script>\n<!-- \/ Yoast SEO plugin. -->","yoast_head_json":{"title":"Celebra el Carnaval del Cru\u00eflla el 9 y 10 de febrero","description":"La primera edici\u00f3n del Carnaval del Cru\u00eflla tendr\u00e1 lugar los d\u00edas 9 y 10 de febrero de 2018 en el Hivernacle del Poble Espanyol de Barcelona.","robots":{"index":"index","follow":"follow","max-snippet":"max-snippet:-1","max-image-preview":"max-image-preview:large","max-video-preview":"max-video-preview:-1"},"canonical":"https:\/\/www.cruillabarcelona.cat\/es\/carnaval-del-cruilla\/","og_locale":"es_ES","og_type":"article","og_title":"Celebra el Carnaval del Cru\u00eflla el 9 y 10 de febrero","og_description":"La primera edici\u00f3n del Carnaval del Cru\u00eflla tendr\u00e1 lugar los d\u00edas 9 y 10 de febrero de 2018 en el Hivernacle del Poble Espanyol de Barcelona.","og_url":"https:\/\/www.cruillabarcelona.cat\/es\/carnaval-del-cruilla\/","og_site_name":"Festival Cru\u00eflla","article_modified_time":"2018-05-16T08:22:05+00:00","og_image":[{"width":1500,"height":500,"url":"https:\/\/www.cruillabarcelona.cat\/wp-content\/uploads\/2018\/01\/CARNAVAL-LANDING-portada.jpg","type":"image\/jpeg"}],"twitter_card":"summary_large_image","twitter_misc":{"Tiempo de lectura":"2 minutos"},"schema":{"@context":"https:\/\/schema.org","@graph":[{"@type":"WebPage","@id":"https:\/\/www.cruillabarcelona.cat\/es\/carnaval-del-cruilla\/","url":"https:\/\/www.cruillabarcelona.cat\/es\/carnaval-del-cruilla\/","name":"Celebra el Carnaval del Cru\u00eflla el 9 y 10 de febrero","isPartOf":{"@id":"https:\/\/www.cruillabarcelona.cat\/es\/#website"},"primaryImageOfPage":{"@id":"https:\/\/www.cruillabarcelona.cat\/es\/carnaval-del-cruilla\/#primaryimage"},"image":{"@id":"https:\/\/www.cruillabarcelona.cat\/es\/carnaval-del-cruilla\/#primaryimage"},"thumbnailUrl":"https:\/\/www.cruillabarcelona.cat\/wp-content\/uploads\/2018\/01\/CARNAVAL-LANDING-portada.jpg","datePublished":"2018-01-11T10:56:29+00:00","dateModified":"2018-05-16T08:22:05+00:00","description":"La primera edici\u00f3n del Carnaval del Cru\u00eflla tendr\u00e1 lugar los d\u00edas 9 y 10 de febrero de 2018 en el Hivernacle del Poble Espanyol de Barcelona.","breadcrumb":{"@id":"https:\/\/www.cruillabarcelona.cat\/es\/carnaval-del-cruilla\/#breadcrumb"},"inLanguage":"es","potentialAction":[{"@type":"ReadAction","target":["https:\/\/www.cruillabarcelona.cat\/es\/carnaval-del-cruilla\/"]}]},{"@type":"ImageObject","inLanguage":"es","@id":"https:\/\/www.cruillabarcelona.cat\/es\/carnaval-del-cruilla\/#primaryimage","url":"https:\/\/www.cruillabarcelona.cat\/wp-content\/uploads\/2018\/01\/CARNAVAL-LANDING-portada.jpg","contentUrl":"https:\/\/www.cruillabarcelona.cat\/wp-content\/uploads\/2018\/01\/CARNAVAL-LANDING-portada.jpg","width":1500,"height":500,"caption":"Carnaval"},{"@type":"BreadcrumbList","@id":"https:\/\/www.cruillabarcelona.cat\/es\/carnaval-del-cruilla\/#breadcrumb","itemListElement":[{"@type":"ListItem","position":1,"name":"Home","item":"https:\/\/www.cruillabarcelona.cat\/es\/"},{"@type":"ListItem","position":2,"name":"Carnaval del Cru\u00eflla"}]},{"@type":"WebSite","@id":"https:\/\/www.cruillabarcelona.cat\/es\/#website","url":"https:\/\/www.cruillabarcelona.cat\/es\/","name":"Festival Cru\u00eflla","description":"","publisher":{"@id":"https:\/\/www.cruillabarcelona.cat\/es\/#organization"},"potentialAction":[{"@type":"SearchAction","target":{"@type":"EntryPoint","urlTemplate":"https:\/\/www.cruillabarcelona.cat\/es\/?s={search_term_string}"},"query-input":{"@type":"PropertyValueSpecification","valueRequired":true,"valueName":"search_term_string"}}],"inLanguage":"es"},{"@type":"Organization","@id":"https:\/\/www.cruillabarcelona.cat\/es\/#organization","name":"Festival Cru\u00eflla","url":"https:\/\/www.cruillabarcelona.cat\/es\/","logo":{"@type":"ImageObject","inLanguage":"es","@id":"https:\/\/www.cruillabarcelona.cat\/es\/#\/schema\/logo\/image\/","url":"https:\/\/www.cruillabarcelona.cat\/wp-content\/uploads\/2025\/12\/cruill-logo-negativo.png","contentUrl":"https:\/\/www.cruillabarcelona.cat\/wp-content\/uploads\/2025\/12\/cruill-logo-negativo.png","width":400,"height":101,"caption":"Festival Cru\u00eflla"},"image":{"@id":"https:\/\/www.cruillabarcelona.cat\/es\/#\/schema\/logo\/image\/"}}]}},"_links":{"self":[{"href":"https:\/\/www.cruillabarcelona.cat\/es\/wp-json\/wp\/v2\/pages\/7785","targetHints":{"allow":["GET"]}}],"collection":[{"href":"https:\/\/www.cruillabarcelona.cat\/es\/wp-json\/wp\/v2\/pages"}],"about":[{"href":"https:\/\/www.cruillabarcelona.cat\/es\/wp-json\/wp\/v2\/types\/page"}],"author":[{"embeddable":true,"href":"https:\/\/www.cruillabarcelona.cat\/es\/wp-json\/wp\/v2\/users\/7"}],"replies":[{"embeddable":true,"href":"https:\/\/www.cruillabarcelona.cat\/es\/wp-json\/wp\/v2\/comments?post=7785"}],"version-history":[{"count":0,"href":"https:\/\/www.cruillabarcelona.cat\/es\/wp-json\/wp\/v2\/pages\/7785\/revisions"}],"wp:featuredmedia":[{"embeddable":true,"href":"https:\/\/www.cruillabarcelona.cat\/es\/wp-json\/wp\/v2\/media\/7776"}],"wp:attachment":[{"href":"https:\/\/www.cruillabarcelona.cat\/es\/wp-json\/wp\/v2\/media?parent=7785"}],"curies":[{"name":"wp","href":"https:\/\/api.w.org\/{rel}","templated":true}]}}