{"id":779,"date":"2016-11-29T12:24:08","date_gmt":"2016-11-29T12:24:08","guid":{"rendered":"https:\/\/www.cruillabarcelona.cat\/avis-legal\/"},"modified":"2025-04-30T13:46:16","modified_gmt":"2025-04-30T11:46:16","slug":"aviso-legal","status":"publish","type":"page","link":"https:\/\/www.cruillabarcelona.cat\/es\/aviso-legal\/","title":{"rendered":"Aviso Legal"},"content":{"rendered":"<p>1- TITULARIDAD<\/p>\n<p>Este portal web es titularidad de la sociedad BARCELONA EVENTS MUSICALS S.L.U. el domicilio social de la cual se encuentra en C\/ PUJADES, 77-79 2n 7a, BARCELONA\u00a0 y el CIF de la cual es B65505257, tel\u00e9fono\u00a0\u00a093 707 33 43 y correo electr\u00f3nico de contacto festival@cruillabarcelona.cat. Constituida en virtud de escritura p\u00fablica e inscrita en el Registro Mercantil N\u00ba 026171.<\/p>\n<p>&nbsp;<\/p>\n<p>2. DERECHOS DE LA PROPIEDAD INTELECTUAL E INDUSTRIAL<\/p>\n<p>BARCELONA EVENTS MUSICALS S.L.U. es titular de todos los derechos de propiedad intelectual e industrial del Sitio Web y es tambi\u00e9n titular o tiene la correspondiente licencia sobre los derechos de propiedad intelectual, industrial y de imagen sobre los contenidos disponibles a trav\u00e9s del mismo.<\/p>\n<p>En su virtud, no est\u00e1 permitido suprimir, eludir o manipular el aviso de derechos de autor (\u201ccopyright\u201d) y cualesquiera otros datos de identificaci\u00f3n de los derechos de BARCELONA EVENTS MUSICALS S.L.U. o de sus titulares incorporados a los contenidos, as\u00ed como los dispositivos t\u00e9cnicos de protecci\u00f3n, las huellas digitales o cualesquiera mecanismos de informaci\u00f3n y\/o de identificaci\u00f3n que pudieren contenerse en los contenidos.<\/p>\n<p>Asimismo est\u00e1 prohibido modificar, copiar, reutilizar, explotar, reproducir, comunicar p\u00fablicamente, hacer segundas o posteriores publicaciones, cargar archivos, enviar por correo, transmitir, usar, tratar o distribuir de cualquier forma la totalidad o parte de los contenidos incluidos en el Sitio Web para prop\u00f3sitos p\u00fablicos o comerciales, si no se cuenta con la autorizaci\u00f3n expresa y por escrito de BARCELONA EVENTS MUSICALS S.L.U. \u00a0o, en su caso, del titular de los derechos a que corresponda.<\/p>\n<p>3- ENLACES<\/p>\n<p>En el Sitio Web, el usuario podr\u00e1 encontrar enlaces a otras p\u00e1ginas web mediante diferentes botones,<em> links, banners<\/em>, etc., los cuales son gestionados por terceros. BARCELONA EVENTS MUSICALS S.L.U. no tiene facultad ni medios humanos ni t\u00e9cnicos para conocer, controlar ni aprobar toda la informaci\u00f3n, contenidos, productos o servicios facilitados por otros sitios web a los que se establecen enlaces desde el Sitio Web.<\/p>\n<p>BARCELONA EVENTS MUSICALS S.L.U. no asume ning\u00fan tipo de responsabilidad por cualquier aspecto relativo a la p\u00e1gina web a la que se establece un enlace desde el Sitio Web, en concreto, a t\u00edtulo enunciativo y no limitativo, sobre su funcionamiento, acceso, datos, informaci\u00f3n, archivos, calidad y fiabilidad de sus productos y servicios, sus propios enlaces y\/o cualquiera de sus contenidos, en general.<\/p>\n<p>El establecimiento de cualquier tipo de enlace por parte del Sitio Web a otro sitio web ajeno no implica que exista alg\u00fan tipo de relaci\u00f3n, colaboraci\u00f3n o dependencia entre BARCELONA EVENTS MUSICALS S.L.U. y el responsable del sitio web ajeno.<\/p>\n<p>LEY APLICABLE Y JURISDICCI\u00d3N<\/p>\n<p>Las presentes condiciones generales del Aviso Legal se rigen por la legislaci\u00f3n espa\u00f1ola, siendo competentes los Juzgados y Tribunales de Barcelona para cualquier cuesti\u00f3n que se suscite sobre la interpretaci\u00f3n, aplicaci\u00f3n y cumplimiento de las mismas.<\/p>\n","protected":false},"excerpt":{"rendered":"<p>1- TITULARIDAD Este portal web es titularidad de la sociedad BARCELONA EVENTS MUSICALS S.L.U. el domicilio social de la cual se encuentra en C\/ PUJADES, 77-79 [&hellip;]<\/p>\n","protected":false},"author":1,"featured_media":0,"parent":0,"menu_order":0,"comment_status":"closed","ping_status":"closed","template":"","meta":{"_acf_changed":false,"footnotes":""},"class_list":["post-779","page","type-page","status-publish","hentry"],"acf":[],"yoast_head":"<!-- This site is optimized with the Yoast SEO plugin v27.3 - https:\/\/yoast.com\/product\/yoast-seo-wordpress\/ -->\n<title>Aviso Legal - Festival Cru\u00eflla<\/title>\n<meta name=\"robots\" content=\"index, follow, max-snippet:-1, max-image-preview:large, max-video-preview:-1\" \/>\n<link rel=\"canonical\" href=\"https:\/\/www.cruillabarcelona.cat\/es\/aviso-legal\/\" \/>\n<meta property=\"og:locale\" content=\"es_ES\" \/>\n<meta property=\"og:type\" content=\"article\" \/>\n<meta property=\"og:title\" content=\"Aviso Legal - Festival Cru\u00eflla\" \/>\n<meta property=\"og:description\" content=\"1- TITULARIDAD Este portal web es titularidad de la sociedad BARCELONA EVENTS MUSICALS S.L.U. el domicilio social de la cual se encuentra en C\/ PUJADES, 77-79 [&hellip;]\" \/>\n<meta property=\"og:url\" content=\"https:\/\/www.cruillabarcelona.cat\/es\/aviso-legal\/\" \/>\n<meta property=\"og:site_name\" content=\"Festival Cru\u00eflla\" \/>\n<meta property=\"article:modified_time\" content=\"2025-04-30T11:46:16+00:00\" \/>\n<meta name=\"twitter:card\" content=\"summary_large_image\" \/>\n<meta name=\"twitter:label1\" content=\"Tiempo de lectura\" \/>\n\t<meta name=\"twitter:data1\" content=\"3 minutos\" \/>\n<script type=\"application\/ld+json\" class=\"yoast-schema-graph\">{\"@context\":\"https:\\\/\\\/schema.org\",\"@graph\":[{\"@type\":\"WebPage\",\"@id\":\"https:\\\/\\\/www.cruillabarcelona.cat\\\/es\\\/aviso-legal\\\/\",\"url\":\"https:\\\/\\\/www.cruillabarcelona.cat\\\/es\\\/aviso-legal\\\/\",\"name\":\"Aviso Legal - Festival Cru\u00eflla\",\"isPartOf\":{\"@id\":\"https:\\\/\\\/www.cruillabarcelona.cat\\\/es\\\/#website\"},\"datePublished\":\"2016-11-29T12:24:08+00:00\",\"dateModified\":\"2025-04-30T11:46:16+00:00\",\"breadcrumb\":{\"@id\":\"https:\\\/\\\/www.cruillabarcelona.cat\\\/es\\\/aviso-legal\\\/#breadcrumb\"},\"inLanguage\":\"es\",\"potentialAction\":[{\"@type\":\"ReadAction\",\"target\":[\"https:\\\/\\\/www.cruillabarcelona.cat\\\/es\\\/aviso-legal\\\/\"]}]},{\"@type\":\"BreadcrumbList\",\"@id\":\"https:\\\/\\\/www.cruillabarcelona.cat\\\/es\\\/aviso-legal\\\/#breadcrumb\",\"itemListElement\":[{\"@type\":\"ListItem\",\"position\":1,\"name\":\"Home\",\"item\":\"https:\\\/\\\/www.cruillabarcelona.cat\\\/es\\\/\"},{\"@type\":\"ListItem\",\"position\":2,\"name\":\"Aviso Legal\"}]},{\"@type\":\"WebSite\",\"@id\":\"https:\\\/\\\/www.cruillabarcelona.cat\\\/es\\\/#website\",\"url\":\"https:\\\/\\\/www.cruillabarcelona.cat\\\/es\\\/\",\"name\":\"Festival Cru\u00eflla\",\"description\":\"\",\"publisher\":{\"@id\":\"https:\\\/\\\/www.cruillabarcelona.cat\\\/es\\\/#organization\"},\"potentialAction\":[{\"@type\":\"SearchAction\",\"target\":{\"@type\":\"EntryPoint\",\"urlTemplate\":\"https:\\\/\\\/www.cruillabarcelona.cat\\\/es\\\/?s={search_term_string}\"},\"query-input\":{\"@type\":\"PropertyValueSpecification\",\"valueRequired\":true,\"valueName\":\"search_term_string\"}}],\"inLanguage\":\"es\"},{\"@type\":\"Organization\",\"@id\":\"https:\\\/\\\/www.cruillabarcelona.cat\\\/es\\\/#organization\",\"name\":\"Festival Cru\u00eflla\",\"url\":\"https:\\\/\\\/www.cruillabarcelona.cat\\\/es\\\/\",\"logo\":{\"@type\":\"ImageObject\",\"inLanguage\":\"es\",\"@id\":\"https:\\\/\\\/www.cruillabarcelona.cat\\\/es\\\/#\\\/schema\\\/logo\\\/image\\\/\",\"url\":\"https:\\\/\\\/www.cruillabarcelona.cat\\\/wp-content\\\/uploads\\\/2025\\\/12\\\/cruill-logo-negativo.png\",\"contentUrl\":\"https:\\\/\\\/www.cruillabarcelona.cat\\\/wp-content\\\/uploads\\\/2025\\\/12\\\/cruill-logo-negativo.png\",\"width\":400,\"height\":101,\"caption\":\"Festival Cru\u00eflla\"},\"image\":{\"@id\":\"https:\\\/\\\/www.cruillabarcelona.cat\\\/es\\\/#\\\/schema\\\/logo\\\/image\\\/\"}}]}<\/script>\n<!-- \/ Yoast SEO plugin. -->","yoast_head_json":{"title":"Aviso Legal - Festival Cru\u00eflla","robots":{"index":"index","follow":"follow","max-snippet":"max-snippet:-1","max-image-preview":"max-image-preview:large","max-video-preview":"max-video-preview:-1"},"canonical":"https:\/\/www.cruillabarcelona.cat\/es\/aviso-legal\/","og_locale":"es_ES","og_type":"article","og_title":"Aviso Legal - Festival Cru\u00eflla","og_description":"1- TITULARIDAD Este portal web es titularidad de la sociedad BARCELONA EVENTS MUSICALS S.L.U. el domicilio social de la cual se encuentra en C\/ PUJADES, 77-79 [&hellip;]","og_url":"https:\/\/www.cruillabarcelona.cat\/es\/aviso-legal\/","og_site_name":"Festival Cru\u00eflla","article_modified_time":"2025-04-30T11:46:16+00:00","twitter_card":"summary_large_image","twitter_misc":{"Tiempo de lectura":"3 minutos"},"schema":{"@context":"https:\/\/schema.org","@graph":[{"@type":"WebPage","@id":"https:\/\/www.cruillabarcelona.cat\/es\/aviso-legal\/","url":"https:\/\/www.cruillabarcelona.cat\/es\/aviso-legal\/","name":"Aviso Legal - Festival Cru\u00eflla","isPartOf":{"@id":"https:\/\/www.cruillabarcelona.cat\/es\/#website"},"datePublished":"2016-11-29T12:24:08+00:00","dateModified":"2025-04-30T11:46:16+00:00","breadcrumb":{"@id":"https:\/\/www.cruillabarcelona.cat\/es\/aviso-legal\/#breadcrumb"},"inLanguage":"es","potentialAction":[{"@type":"ReadAction","target":["https:\/\/www.cruillabarcelona.cat\/es\/aviso-legal\/"]}]},{"@type":"BreadcrumbList","@id":"https:\/\/www.cruillabarcelona.cat\/es\/aviso-legal\/#breadcrumb","itemListElement":[{"@type":"ListItem","position":1,"name":"Home","item":"https:\/\/www.cruillabarcelona.cat\/es\/"},{"@type":"ListItem","position":2,"name":"Aviso Legal"}]},{"@type":"WebSite","@id":"https:\/\/www.cruillabarcelona.cat\/es\/#website","url":"https:\/\/www.cruillabarcelona.cat\/es\/","name":"Festival Cru\u00eflla","description":"","publisher":{"@id":"https:\/\/www.cruillabarcelona.cat\/es\/#organization"},"potentialAction":[{"@type":"SearchAction","target":{"@type":"EntryPoint","urlTemplate":"https:\/\/www.cruillabarcelona.cat\/es\/?s={search_term_string}"},"query-input":{"@type":"PropertyValueSpecification","valueRequired":true,"valueName":"search_term_string"}}],"inLanguage":"es"},{"@type":"Organization","@id":"https:\/\/www.cruillabarcelona.cat\/es\/#organization","name":"Festival Cru\u00eflla","url":"https:\/\/www.cruillabarcelona.cat\/es\/","logo":{"@type":"ImageObject","inLanguage":"es","@id":"https:\/\/www.cruillabarcelona.cat\/es\/#\/schema\/logo\/image\/","url":"https:\/\/www.cruillabarcelona.cat\/wp-content\/uploads\/2025\/12\/cruill-logo-negativo.png","contentUrl":"https:\/\/www.cruillabarcelona.cat\/wp-content\/uploads\/2025\/12\/cruill-logo-negativo.png","width":400,"height":101,"caption":"Festival Cru\u00eflla"},"image":{"@id":"https:\/\/www.cruillabarcelona.cat\/es\/#\/schema\/logo\/image\/"}}]}},"_links":{"self":[{"href":"https:\/\/www.cruillabarcelona.cat\/es\/wp-json\/wp\/v2\/pages\/779","targetHints":{"allow":["GET"]}}],"collection":[{"href":"https:\/\/www.cruillabarcelona.cat\/es\/wp-json\/wp\/v2\/pages"}],"about":[{"href":"https:\/\/www.cruillabarcelona.cat\/es\/wp-json\/wp\/v2\/types\/page"}],"author":[{"embeddable":true,"href":"https:\/\/www.cruillabarcelona.cat\/es\/wp-json\/wp\/v2\/users\/1"}],"replies":[{"embeddable":true,"href":"https:\/\/www.cruillabarcelona.cat\/es\/wp-json\/wp\/v2\/comments?post=779"}],"version-history":[{"count":1,"href":"https:\/\/www.cruillabarcelona.cat\/es\/wp-json\/wp\/v2\/pages\/779\/revisions"}],"predecessor-version":[{"id":57547,"href":"https:\/\/www.cruillabarcelona.cat\/es\/wp-json\/wp\/v2\/pages\/779\/revisions\/57547"}],"wp:attachment":[{"href":"https:\/\/www.cruillabarcelona.cat\/es\/wp-json\/wp\/v2\/media?parent=779"}],"curies":[{"name":"wp","href":"https:\/\/api.w.org\/{rel}","templated":true}]}}