{"id":9715,"date":"2018-03-13T17:01:11","date_gmt":"2018-03-13T17:01:11","guid":{"rendered":"https:\/\/www.cruillabarcelona.cat\/?page_id=9715\/"},"modified":"2018-03-22T12:41:59","modified_gmt":"2018-03-22T12:41:59","slug":"cruilla-2018","status":"publish","type":"page","link":"https:\/\/www.cruillabarcelona.cat\/es\/cruilla-2018\/","title":{"rendered":"Cru\u00eflla 2018"},"content":{"rendered":"<h2 style=\"text-align: justify;\">Cru\u00eflla, el festival que solo puede ocurrir en Barcelona<\/h2>\n<p style=\"text-align: justify;\"><strong>Un par\u00e9ntesis en la cotidianidad, con la m\u00fasica como excusa. Un festival que bebe de la esencia de una Barcelona c\u00e1lida, amable y abierta. El Cru\u00eflla es una oportunidad \u00fanica de vivir la mejor m\u00fasica en buena compa\u00f1\u00eda, en un espacio agradable situado al lado del mar y con un ambiente inmejorable, zonas chill out y una variada selecci\u00f3n gastron\u00f3mica de todo el mundo.<\/strong><\/p>\n<h2 style=\"text-align: left;\">El cartel<\/h2>\n<p style=\"text-align: justify;\">La\u00a0<strong>9\u00aa edici\u00f3n del festival<\/strong> tiene como cabezas de cartel a\u00a0<strong>Jack White<\/strong>, ex cantante y guitarrista de The White Stripes;\u00a0<strong>Prophets of Rage<\/strong>, supergrupo formado por miembros de Rage Against the Machine, Cypress Hill y Public Enemy; Pharrell Williams con su grupo\u00a0<strong>N.E.R.D<\/strong>;\u00a0<strong>Kygo<\/strong>;<strong> The Roots<\/strong>;<strong> Justice<\/strong>;<strong> David Byrne<\/strong>, fundador de Talking Heads, y hasta 4o actuaciones.\u00a0<a href=\"https:\/\/open.spotify.com\/user\/cru%C3%AFlla\/playlist\/77wVOKkVGNBqHZHzqRCFtJ?si=h9nuwmJ0SfC2czLszEjqIw\" target=\"_blank\" rel=\"noopener\">Esc\u00fachalos aqu\u00ed<\/a>.<\/p>\n<p>&nbsp;<\/p>\n<h4>\u00bfY t\u00fa? \u00bfQu\u00e9 Cru\u00eflla prefieres?<\/h4>\n<ul class=\"small-block-grid-1 medium-block-grid-2 large-block-grid-5\">\n<li><a href=\"https:\/\/www.portalticket.com\/entradas\/abonament-cruilla-2018_5498\/1966\/cruilla-barcelona\/web\" target=\"_blank\" rel=\"noopener\"><img decoding=\"async\" width=\"208\" height=\"208\" class=\"alignnone size-full wp-image-9985\" src=\"https:\/\/www.cruillabarcelona.cat\/wp-content\/uploads\/2018\/03\/7_Botons_RRSS.png\" alt=\"\" srcset=\"https:\/\/www.cruillabarcelona.cat\/wp-content\/uploads\/2018\/03\/7_Botons_RRSS.png 208w, https:\/\/www.cruillabarcelona.cat\/wp-content\/uploads\/2018\/03\/7_Botons_RRSS-150x150.png 150w\" sizes=\"(max-width: 208px) 100vw, 208px\" \/><\/a><\/li>\n<li><a href=\"https:\/\/www.portalticket.com\/entradas\/abonament-2-dies--13-i-14-juliol-\/cruilla-barcelona\/web\" target=\"_blank\" rel=\"noopener\"><img decoding=\"async\" width=\"208\" height=\"208\" class=\"alignnone size-full wp-image-9988\" src=\"https:\/\/www.cruillabarcelona.cat\/wp-content\/uploads\/2018\/03\/8_Botons_RRSS.png\" alt=\"\" srcset=\"https:\/\/www.cruillabarcelona.cat\/wp-content\/uploads\/2018\/03\/8_Botons_RRSS.png 208w, https:\/\/www.cruillabarcelona.cat\/wp-content\/uploads\/2018\/03\/8_Botons_RRSS-150x150.png 150w\" sizes=\"(max-width: 208px) 100vw, 208px\" \/><\/a><\/li>\n<li><a href=\"https:\/\/www.portalticket.com\/entradas\/entrada-de-dijous\/3685\/cruilla-barcelona\/web\" target=\"_blank\" rel=\"noopener\"><img decoding=\"async\" width=\"208\" height=\"208\" class=\"alignnone size-full wp-image-9976\" src=\"https:\/\/www.cruillabarcelona.cat\/wp-content\/uploads\/2018\/03\/9_Botons_RRSS.png\" alt=\"\" srcset=\"https:\/\/www.cruillabarcelona.cat\/wp-content\/uploads\/2018\/03\/9_Botons_RRSS.png 208w, https:\/\/www.cruillabarcelona.cat\/wp-content\/uploads\/2018\/03\/9_Botons_RRSS-150x150.png 150w\" sizes=\"(max-width: 208px) 100vw, 208px\" \/><\/a><\/li>\n<li><a href=\"https:\/\/www.portalticket.com\/entradas\/entrada-de-divendres\/3686\/cruilla-barcelona\/web\" target=\"_blank\" rel=\"noopener\"><img decoding=\"async\" width=\"208\" height=\"208\" class=\"alignnone size-full wp-image-9979\" src=\"https:\/\/www.cruillabarcelona.cat\/wp-content\/uploads\/2018\/03\/10_Botons_RRSS.png\" alt=\"\" srcset=\"https:\/\/www.cruillabarcelona.cat\/wp-content\/uploads\/2018\/03\/10_Botons_RRSS.png 208w, https:\/\/www.cruillabarcelona.cat\/wp-content\/uploads\/2018\/03\/10_Botons_RRSS-150x150.png 150w\" sizes=\"(max-width: 208px) 100vw, 208px\" \/><\/a><\/li>\n<li><a href=\"https:\/\/www.portalticket.com\/entradas\/entrada-de-dissabte\/cruilla-barcelona\/web\" target=\"_blank\" rel=\"noopener\"><img decoding=\"async\" width=\"208\" height=\"208\" class=\"alignnone size-full wp-image-9982\" src=\"https:\/\/www.cruillabarcelona.cat\/wp-content\/uploads\/2018\/03\/11_Botons_RRSS.png\" alt=\"\" srcset=\"https:\/\/www.cruillabarcelona.cat\/wp-content\/uploads\/2018\/03\/11_Botons_RRSS.png 208w, https:\/\/www.cruillabarcelona.cat\/wp-content\/uploads\/2018\/03\/11_Botons_RRSS-150x150.png 150w\" sizes=\"(max-width: 208px) 100vw, 208px\" \/><\/a><\/li>\n<\/ul>\n<p style=\"text-align: center;\"><img decoding=\"async\" class=\"aligncenter size-full wp-image-9567\" src=\"https:\/\/www.cruillabarcelona.cat\/wp-content\/uploads\/2018\/03\/Cartell_Crui\u0308lla-1500-x-500-3.jpg\" alt=\"\" \/><\/p>\n<p style=\"text-align: center;\"><strong>\u00a1Ap\u00fantate a vivir la experiencia!<\/strong><\/p>\n","protected":false},"excerpt":{"rendered":"<p>Cru\u00eflla, el festival que solo puede ocurrir en Barcelona Un par\u00e9ntesis en la cotidianidad, con la m\u00fasica como excusa. Un festival que bebe de la esencia [&hellip;]<\/p>\n","protected":false},"author":13,"featured_media":9669,"parent":0,"menu_order":0,"comment_status":"closed","ping_status":"closed","template":"page-templates\/page-landing.php","meta":{"_acf_changed":false,"footnotes":""},"class_list":["post-9715","page","type-page","status-publish","has-post-thumbnail","hentry"],"acf":[],"yoast_head":"<!-- This site is optimized with the Yoast SEO plugin v27.5 - https:\/\/yoast.com\/product\/yoast-seo-wordpress\/ -->\n<title>Festival Cru\u00eflla 2018, en el Parc del F\u00f2rum los d\u00edas 12, 13 y 14 de julio<\/title>\n<meta name=\"description\" content=\"El Festival Cru\u00eflla 2018 tendr\u00e1 lugar los d\u00edas 12, 13 y 14 de julio en el Parc del F\u00f2rum de Barcelona. Disfruta de hasta 40 actuaciones en directo durante un fin de semana.\" \/>\n<meta name=\"robots\" content=\"index, follow, max-snippet:-1, max-image-preview:large, max-video-preview:-1\" \/>\n<link rel=\"canonical\" href=\"https:\/\/www.cruillabarcelona.cat\/es\/cruilla-2018\/\" \/>\n<meta property=\"og:locale\" content=\"es_ES\" \/>\n<meta property=\"og:type\" content=\"article\" \/>\n<meta property=\"og:title\" content=\"Festival Cru\u00eflla 2018, en el Parc del F\u00f2rum los d\u00edas 12, 13 y 14 de julio\" \/>\n<meta property=\"og:description\" content=\"El Festival Cru\u00eflla 2018 tendr\u00e1 lugar los d\u00edas 12, 13 y 14 de julio en el Parc del F\u00f2rum de Barcelona. Disfruta de hasta 40 actuaciones en directo durante un fin de semana.\" \/>\n<meta property=\"og:url\" content=\"https:\/\/www.cruillabarcelona.cat\/es\/cruilla-2018\/\" \/>\n<meta property=\"og:site_name\" content=\"Festival Cru\u00eflla\" \/>\n<meta property=\"article:modified_time\" content=\"2018-03-22T12:41:59+00:00\" \/>\n<meta property=\"og:image\" content=\"https:\/\/www.cruillabarcelona.cat\/wp-content\/uploads\/2018\/03\/cruilla-landing.jpg\" \/>\n\t<meta property=\"og:image:width\" content=\"1500\" \/>\n\t<meta property=\"og:image:height\" content=\"500\" \/>\n\t<meta property=\"og:image:type\" content=\"image\/jpeg\" \/>\n<meta name=\"twitter:card\" content=\"summary_large_image\" \/>\n<meta name=\"twitter:label1\" content=\"Tiempo de lectura\" \/>\n\t<meta name=\"twitter:data1\" content=\"1 minuto\" \/>\n<script type=\"application\/ld+json\" class=\"yoast-schema-graph\">{\"@context\":\"https:\\\/\\\/schema.org\",\"@graph\":[{\"@type\":\"WebPage\",\"@id\":\"https:\\\/\\\/www.cruillabarcelona.cat\\\/es\\\/cruilla-2018\\\/\",\"url\":\"https:\\\/\\\/www.cruillabarcelona.cat\\\/es\\\/cruilla-2018\\\/\",\"name\":\"Festival Cru\u00eflla 2018, en el Parc del F\u00f2rum los d\u00edas 12, 13 y 14 de julio\",\"isPartOf\":{\"@id\":\"https:\\\/\\\/www.cruillabarcelona.cat\\\/es\\\/#website\"},\"primaryImageOfPage\":{\"@id\":\"https:\\\/\\\/www.cruillabarcelona.cat\\\/es\\\/cruilla-2018\\\/#primaryimage\"},\"image\":{\"@id\":\"https:\\\/\\\/www.cruillabarcelona.cat\\\/es\\\/cruilla-2018\\\/#primaryimage\"},\"thumbnailUrl\":\"https:\\\/\\\/www.cruillabarcelona.cat\\\/wp-content\\\/uploads\\\/2018\\\/03\\\/cruilla-landing.jpg\",\"datePublished\":\"2018-03-13T17:01:11+00:00\",\"dateModified\":\"2018-03-22T12:41:59+00:00\",\"description\":\"El Festival Cru\u00eflla 2018 tendr\u00e1 lugar los d\u00edas 12, 13 y 14 de julio en el Parc del F\u00f2rum de Barcelona. Disfruta de hasta 40 actuaciones en directo durante un fin de semana.\",\"breadcrumb\":{\"@id\":\"https:\\\/\\\/www.cruillabarcelona.cat\\\/es\\\/cruilla-2018\\\/#breadcrumb\"},\"inLanguage\":\"es\",\"potentialAction\":[{\"@type\":\"ReadAction\",\"target\":[\"https:\\\/\\\/www.cruillabarcelona.cat\\\/es\\\/cruilla-2018\\\/\"]}]},{\"@type\":\"ImageObject\",\"inLanguage\":\"es\",\"@id\":\"https:\\\/\\\/www.cruillabarcelona.cat\\\/es\\\/cruilla-2018\\\/#primaryimage\",\"url\":\"https:\\\/\\\/www.cruillabarcelona.cat\\\/wp-content\\\/uploads\\\/2018\\\/03\\\/cruilla-landing.jpg\",\"contentUrl\":\"https:\\\/\\\/www.cruillabarcelona.cat\\\/wp-content\\\/uploads\\\/2018\\\/03\\\/cruilla-landing.jpg\",\"width\":1500,\"height\":500,\"caption\":\"Cru\u00eflla \u00e9s m\u00e9s\"},{\"@type\":\"BreadcrumbList\",\"@id\":\"https:\\\/\\\/www.cruillabarcelona.cat\\\/es\\\/cruilla-2018\\\/#breadcrumb\",\"itemListElement\":[{\"@type\":\"ListItem\",\"position\":1,\"name\":\"Home\",\"item\":\"https:\\\/\\\/www.cruillabarcelona.cat\\\/es\\\/\"},{\"@type\":\"ListItem\",\"position\":2,\"name\":\"Cru\u00eflla 2018\"}]},{\"@type\":\"WebSite\",\"@id\":\"https:\\\/\\\/www.cruillabarcelona.cat\\\/es\\\/#website\",\"url\":\"https:\\\/\\\/www.cruillabarcelona.cat\\\/es\\\/\",\"name\":\"Festival Cru\u00eflla\",\"description\":\"\",\"publisher\":{\"@id\":\"https:\\\/\\\/www.cruillabarcelona.cat\\\/es\\\/#organization\"},\"potentialAction\":[{\"@type\":\"SearchAction\",\"target\":{\"@type\":\"EntryPoint\",\"urlTemplate\":\"https:\\\/\\\/www.cruillabarcelona.cat\\\/es\\\/?s={search_term_string}\"},\"query-input\":{\"@type\":\"PropertyValueSpecification\",\"valueRequired\":true,\"valueName\":\"search_term_string\"}}],\"inLanguage\":\"es\"},{\"@type\":\"Organization\",\"@id\":\"https:\\\/\\\/www.cruillabarcelona.cat\\\/es\\\/#organization\",\"name\":\"Festival Cru\u00eflla\",\"url\":\"https:\\\/\\\/www.cruillabarcelona.cat\\\/es\\\/\",\"logo\":{\"@type\":\"ImageObject\",\"inLanguage\":\"es\",\"@id\":\"https:\\\/\\\/www.cruillabarcelona.cat\\\/es\\\/#\\\/schema\\\/logo\\\/image\\\/\",\"url\":\"https:\\\/\\\/www.cruillabarcelona.cat\\\/wp-content\\\/uploads\\\/2025\\\/12\\\/cruill-logo-negativo.png\",\"contentUrl\":\"https:\\\/\\\/www.cruillabarcelona.cat\\\/wp-content\\\/uploads\\\/2025\\\/12\\\/cruill-logo-negativo.png\",\"width\":400,\"height\":101,\"caption\":\"Festival Cru\u00eflla\"},\"image\":{\"@id\":\"https:\\\/\\\/www.cruillabarcelona.cat\\\/es\\\/#\\\/schema\\\/logo\\\/image\\\/\"}}]}<\/script>\n<!-- \/ Yoast SEO plugin. -->","yoast_head_json":{"title":"Festival Cru\u00eflla 2018, en el Parc del F\u00f2rum los d\u00edas 12, 13 y 14 de julio","description":"El Festival Cru\u00eflla 2018 tendr\u00e1 lugar los d\u00edas 12, 13 y 14 de julio en el Parc del F\u00f2rum de Barcelona. Disfruta de hasta 40 actuaciones en directo durante un fin de semana.","robots":{"index":"index","follow":"follow","max-snippet":"max-snippet:-1","max-image-preview":"max-image-preview:large","max-video-preview":"max-video-preview:-1"},"canonical":"https:\/\/www.cruillabarcelona.cat\/es\/cruilla-2018\/","og_locale":"es_ES","og_type":"article","og_title":"Festival Cru\u00eflla 2018, en el Parc del F\u00f2rum los d\u00edas 12, 13 y 14 de julio","og_description":"El Festival Cru\u00eflla 2018 tendr\u00e1 lugar los d\u00edas 12, 13 y 14 de julio en el Parc del F\u00f2rum de Barcelona. Disfruta de hasta 40 actuaciones en directo durante un fin de semana.","og_url":"https:\/\/www.cruillabarcelona.cat\/es\/cruilla-2018\/","og_site_name":"Festival Cru\u00eflla","article_modified_time":"2018-03-22T12:41:59+00:00","og_image":[{"width":1500,"height":500,"url":"https:\/\/www.cruillabarcelona.cat\/wp-content\/uploads\/2018\/03\/cruilla-landing.jpg","type":"image\/jpeg"}],"twitter_card":"summary_large_image","twitter_misc":{"Tiempo de lectura":"1 minuto"},"schema":{"@context":"https:\/\/schema.org","@graph":[{"@type":"WebPage","@id":"https:\/\/www.cruillabarcelona.cat\/es\/cruilla-2018\/","url":"https:\/\/www.cruillabarcelona.cat\/es\/cruilla-2018\/","name":"Festival Cru\u00eflla 2018, en el Parc del F\u00f2rum los d\u00edas 12, 13 y 14 de julio","isPartOf":{"@id":"https:\/\/www.cruillabarcelona.cat\/es\/#website"},"primaryImageOfPage":{"@id":"https:\/\/www.cruillabarcelona.cat\/es\/cruilla-2018\/#primaryimage"},"image":{"@id":"https:\/\/www.cruillabarcelona.cat\/es\/cruilla-2018\/#primaryimage"},"thumbnailUrl":"https:\/\/www.cruillabarcelona.cat\/wp-content\/uploads\/2018\/03\/cruilla-landing.jpg","datePublished":"2018-03-13T17:01:11+00:00","dateModified":"2018-03-22T12:41:59+00:00","description":"El Festival Cru\u00eflla 2018 tendr\u00e1 lugar los d\u00edas 12, 13 y 14 de julio en el Parc del F\u00f2rum de Barcelona. Disfruta de hasta 40 actuaciones en directo durante un fin de semana.","breadcrumb":{"@id":"https:\/\/www.cruillabarcelona.cat\/es\/cruilla-2018\/#breadcrumb"},"inLanguage":"es","potentialAction":[{"@type":"ReadAction","target":["https:\/\/www.cruillabarcelona.cat\/es\/cruilla-2018\/"]}]},{"@type":"ImageObject","inLanguage":"es","@id":"https:\/\/www.cruillabarcelona.cat\/es\/cruilla-2018\/#primaryimage","url":"https:\/\/www.cruillabarcelona.cat\/wp-content\/uploads\/2018\/03\/cruilla-landing.jpg","contentUrl":"https:\/\/www.cruillabarcelona.cat\/wp-content\/uploads\/2018\/03\/cruilla-landing.jpg","width":1500,"height":500,"caption":"Cru\u00eflla \u00e9s m\u00e9s"},{"@type":"BreadcrumbList","@id":"https:\/\/www.cruillabarcelona.cat\/es\/cruilla-2018\/#breadcrumb","itemListElement":[{"@type":"ListItem","position":1,"name":"Home","item":"https:\/\/www.cruillabarcelona.cat\/es\/"},{"@type":"ListItem","position":2,"name":"Cru\u00eflla 2018"}]},{"@type":"WebSite","@id":"https:\/\/www.cruillabarcelona.cat\/es\/#website","url":"https:\/\/www.cruillabarcelona.cat\/es\/","name":"Festival Cru\u00eflla","description":"","publisher":{"@id":"https:\/\/www.cruillabarcelona.cat\/es\/#organization"},"potentialAction":[{"@type":"SearchAction","target":{"@type":"EntryPoint","urlTemplate":"https:\/\/www.cruillabarcelona.cat\/es\/?s={search_term_string}"},"query-input":{"@type":"PropertyValueSpecification","valueRequired":true,"valueName":"search_term_string"}}],"inLanguage":"es"},{"@type":"Organization","@id":"https:\/\/www.cruillabarcelona.cat\/es\/#organization","name":"Festival Cru\u00eflla","url":"https:\/\/www.cruillabarcelona.cat\/es\/","logo":{"@type":"ImageObject","inLanguage":"es","@id":"https:\/\/www.cruillabarcelona.cat\/es\/#\/schema\/logo\/image\/","url":"https:\/\/www.cruillabarcelona.cat\/wp-content\/uploads\/2025\/12\/cruill-logo-negativo.png","contentUrl":"https:\/\/www.cruillabarcelona.cat\/wp-content\/uploads\/2025\/12\/cruill-logo-negativo.png","width":400,"height":101,"caption":"Festival Cru\u00eflla"},"image":{"@id":"https:\/\/www.cruillabarcelona.cat\/es\/#\/schema\/logo\/image\/"}}]}},"_links":{"self":[{"href":"https:\/\/www.cruillabarcelona.cat\/es\/wp-json\/wp\/v2\/pages\/9715","targetHints":{"allow":["GET"]}}],"collection":[{"href":"https:\/\/www.cruillabarcelona.cat\/es\/wp-json\/wp\/v2\/pages"}],"about":[{"href":"https:\/\/www.cruillabarcelona.cat\/es\/wp-json\/wp\/v2\/types\/page"}],"author":[{"embeddable":true,"href":"https:\/\/www.cruillabarcelona.cat\/es\/wp-json\/wp\/v2\/users\/13"}],"replies":[{"embeddable":true,"href":"https:\/\/www.cruillabarcelona.cat\/es\/wp-json\/wp\/v2\/comments?post=9715"}],"version-history":[{"count":0,"href":"https:\/\/www.cruillabarcelona.cat\/es\/wp-json\/wp\/v2\/pages\/9715\/revisions"}],"wp:featuredmedia":[{"embeddable":true,"href":"https:\/\/www.cruillabarcelona.cat\/es\/wp-json\/wp\/v2\/media\/9669"}],"wp:attachment":[{"href":"https:\/\/www.cruillabarcelona.cat\/es\/wp-json\/wp\/v2\/media?parent=9715"}],"curies":[{"name":"wp","href":"https:\/\/api.w.org\/{rel}","templated":true}]}}